{"id":17685,"date":"2025-07-09T08:58:32","date_gmt":"2025-07-09T08:58:32","guid":{"rendered":"https:\/\/hakmarfrance.online\/produit\/yoerem-grillkaese-izgara-peynir-zypriotische-art-halal-200g\/"},"modified":"2025-07-09T08:58:32","modified_gmt":"2025-07-09T08:58:32","slug":"yoerem-grillkaese-izgara-peynir-zypriotische-art-halal-200g","status":"publish","type":"product","link":"https:\/\/hakmarfrance.online\/de\/produit\/yoerem-grillkaese-izgara-peynir-zypriotische-art-halal-200g\/","title":{"rendered":"Y\u00f6rem Grillk\u00e4se \u2013 Izgara Peynir zypriotische Art halal \u2013 200g"},"content":{"rendered":"<p data-start=\"290\" data-end=\"715\">Entdecke den k\u00f6stlichen Geschmack des <strong data-start=\"380\" data-end=\"423\">Y\u00f6rem Grillk\u00e4se \u2013 Izgara Peynir<\/strong>, einer zypriotischen Spezialit\u00e4t, ideal f\u00fcr deine Grillabende, Salate oder warme Gerichte. Dieser reichhaltige K\u00e4se (43 % Fett i. Tr.) schmilzt, ohne zu zerlaufen, und bietet eine knusprige Textur au\u00dfen und eine zartschmelzende innen. Halal-zertifiziert, ist er perfekt f\u00fcr die ganze Familie geeignet.  <\/p>\n<p data-start=\"717\" data-end=\"753\">\u2705 <strong data-start=\"719\" data-end=\"753\">Hauptmerkmale:<\/strong><\/p>\n<ul data-start=\"754\" data-end=\"975\">\n<li data-start=\"754\" data-end=\"791\">\n<p data-start=\"756\" data-end=\"791\">Grillk\u00e4se zypriotischer Art<\/p>\n<\/li>\n<li data-start=\"792\" data-end=\"834\">\n<p data-start=\"794\" data-end=\"834\">43 % Fett i. Tr.<\/p>\n<\/li>\n<li data-start=\"835\" data-end=\"885\">\n<p data-start=\"837\" data-end=\"885\">Perfekt f\u00fcr Grill, Pfanne oder Plancha<\/p>\n<\/li>\n<li data-start=\"886\" data-end=\"923\">\n<p data-start=\"888\" data-end=\"923\">Knusprige Textur nach dem Braten<\/p>\n<\/li>\n<li data-start=\"924\" data-end=\"940\">\n<p data-start=\"926\" data-end=\"940\">Halal-zertifiziert<\/p>\n<\/li>\n<li data-start=\"941\" data-end=\"960\">\n<p data-start=\"943\" data-end=\"960\">Nettogewicht: 250 g<\/p>\n<\/li>\n<li data-start=\"961\" data-end=\"975\">\n<p data-start=\"963\" data-end=\"975\">Fertig zum Braten<\/p>\n<\/li>\n<\/ul>\n","protected":false},"excerpt":{"rendered":"<p>Y\u00f6rem Halal-Grillk\u00e4se \u2013 Izgara Peynir zypriotische Art, perfekt f\u00fcr Grill oder Pfanne. 250g purer kulinarischer Genuss. <\/p>\n","protected":false},"featured_media":17686,"comment_status":"open","ping_status":"closed","template":"","meta":{"iawp_total_views":0},"product_brand":[173],"product_cat":[226,251,255,268,269],"product_tag":[],"class_list":{"0":"post-17685","1":"product","2":"type-product","3":"status-publish","4":"has-post-thumbnail","6":"product_brand-yorem","7":"product_cat-alle-unsere-produkte","8":"product_cat-fleisch-fisch-feinkost","9":"product_cat-frische-produkte-milchprodukte","10":"product_cat-herzhafte-lebensmittel","11":"product_cat-orientalische-lebensmittel","13":"first","14":"instock","15":"shipping-taxable","16":"purchasable","17":"product-type-simple"},"yoast_head":"<!-- This site is optimized with the Yoast SEO plugin v27.3 - https:\/\/yoast.com\/product\/yoast-seo-wordpress\/ -->\n<title>Y\u00f6rem Grillk\u00e4se \u2013 Izgara Peynir zypriotische Art halal \u2013 200g - hakmarfrance.online<\/title>\n<meta name=\"robots\" content=\"index, follow, max-snippet:-1, max-image-preview:large, max-video-preview:-1\" \/>\n<link rel=\"canonical\" href=\"https:\/\/hakmarfrance.online\/de\/produit\/yoerem-grillkaese-izgara-peynir-zypriotische-art-halal-200g\/\" \/>\n<meta property=\"og:locale\" content=\"de_DE\" \/>\n<meta property=\"og:type\" content=\"article\" \/>\n<meta property=\"og:title\" content=\"Y\u00f6rem Grillk\u00e4se \u2013 Izgara Peynir zypriotische Art halal \u2013 200g - hakmarfrance.online\" \/>\n<meta property=\"og:description\" content=\"Y\u00f6rem Halal-Grillk\u00e4se \u2013 Izgara Peynir zypriotische Art, perfekt f\u00fcr Grill oder Pfanne. 250g purer kulinarischer Genuss.\" \/>\n<meta property=\"og:url\" content=\"https:\/\/hakmarfrance.online\/de\/produit\/yoerem-grillkaese-izgara-peynir-zypriotische-art-halal-200g\/\" \/>\n<meta property=\"og:site_name\" content=\"hakmarfrance.online\" \/>\n<meta property=\"article:publisher\" content=\"https:\/\/www.facebook.com\/HakmarFranceSupermarche\/?locale=fr_FR\" \/>\n<meta property=\"og:image\" content=\"https:\/\/hakmarfrance.online\/wp-content\/uploads\/2025\/07\/fromage-grill-yorem-izgara-peynir-kibris.avif\" \/>\n\t<meta property=\"og:image:width\" content=\"1000\" \/>\n\t<meta property=\"og:image:height\" content=\"800\" \/>\n\t<meta property=\"og:image:type\" content=\"image\/png\" \/>\n<meta name=\"twitter:card\" content=\"summary_large_image\" \/>\n<script type=\"application\/ld+json\" class=\"yoast-schema-graph\">{\"@context\":\"https:\\\/\\\/schema.org\",\"@graph\":[{\"@type\":\"WebPage\",\"@id\":\"https:\\\/\\\/hakmarfrance.online\\\/de\\\/produit\\\/yoerem-grillkaese-izgara-peynir-zypriotische-art-halal-200g\\\/\",\"url\":\"https:\\\/\\\/hakmarfrance.online\\\/de\\\/produit\\\/yoerem-grillkaese-izgara-peynir-zypriotische-art-halal-200g\\\/\",\"name\":\"Y\u00f6rem Grillk\u00e4se \u2013 Izgara Peynir zypriotische Art halal \u2013 200g - hakmarfrance.online\",\"isPartOf\":{\"@id\":\"https:\\\/\\\/hakmarfrance.online\\\/de\\\/#website\"},\"primaryImageOfPage\":{\"@id\":\"https:\\\/\\\/hakmarfrance.online\\\/de\\\/produit\\\/yoerem-grillkaese-izgara-peynir-zypriotische-art-halal-200g\\\/#primaryimage\"},\"image\":{\"@id\":\"https:\\\/\\\/hakmarfrance.online\\\/de\\\/produit\\\/yoerem-grillkaese-izgara-peynir-zypriotische-art-halal-200g\\\/#primaryimage\"},\"thumbnailUrl\":\"https:\\\/\\\/hakmarfrance.online\\\/wp-content\\\/uploads\\\/2025\\\/07\\\/fromage-grill-yorem-izgara-peynir-kibris.avif\",\"datePublished\":\"2025-07-09T08:58:32+00:00\",\"breadcrumb\":{\"@id\":\"https:\\\/\\\/hakmarfrance.online\\\/de\\\/produit\\\/yoerem-grillkaese-izgara-peynir-zypriotische-art-halal-200g\\\/#breadcrumb\"},\"inLanguage\":\"de\",\"potentialAction\":[{\"@type\":\"ReadAction\",\"target\":[\"https:\\\/\\\/hakmarfrance.online\\\/de\\\/produit\\\/yoerem-grillkaese-izgara-peynir-zypriotische-art-halal-200g\\\/\"]}]},{\"@type\":\"ImageObject\",\"inLanguage\":\"de\",\"@id\":\"https:\\\/\\\/hakmarfrance.online\\\/de\\\/produit\\\/yoerem-grillkaese-izgara-peynir-zypriotische-art-halal-200g\\\/#primaryimage\",\"url\":\"https:\\\/\\\/hakmarfrance.online\\\/wp-content\\\/uploads\\\/2025\\\/07\\\/fromage-grill-yorem-izgara-peynir-kibris.avif\",\"contentUrl\":\"https:\\\/\\\/hakmarfrance.online\\\/wp-content\\\/uploads\\\/2025\\\/07\\\/fromage-grill-yorem-izgara-peynir-kibris.avif\",\"width\":1000,\"height\":800,\"caption\":\"Y\u00f6rem Izgara Peynir Grillk\u00e4se \u2013 zypriotische Art halal \u2013 250g\"},{\"@type\":\"BreadcrumbList\",\"@id\":\"https:\\\/\\\/hakmarfrance.online\\\/de\\\/produit\\\/yoerem-grillkaese-izgara-peynir-zypriotische-art-halal-200g\\\/#breadcrumb\",\"itemListElement\":[{\"@type\":\"ListItem\",\"position\":1,\"name\":\"Accueil\",\"item\":\"https:\\\/\\\/hakmarfrance.online\\\/de\\\/\"},{\"@type\":\"ListItem\",\"position\":2,\"name\":\"Shop\",\"item\":\"https:\\\/\\\/hakmarfrance.online\\\/de\\\/shop\\\/\"},{\"@type\":\"ListItem\",\"position\":3,\"name\":\"Y\u00f6rem Grillk\u00e4se \u2013 Izgara Peynir zypriotische Art halal \u2013 200g\"}]},{\"@type\":\"WebSite\",\"@id\":\"https:\\\/\\\/hakmarfrance.online\\\/de\\\/#website\",\"url\":\"https:\\\/\\\/hakmarfrance.online\\\/de\\\/\",\"name\":\"hakmarfrance.online\",\"description\":\"\",\"publisher\":{\"@id\":\"https:\\\/\\\/hakmarfrance.online\\\/de\\\/#organization\"},\"potentialAction\":[{\"@type\":\"SearchAction\",\"target\":{\"@type\":\"EntryPoint\",\"urlTemplate\":\"https:\\\/\\\/hakmarfrance.online\\\/de\\\/?s={search_term_string}\"},\"query-input\":{\"@type\":\"PropertyValueSpecification\",\"valueRequired\":true,\"valueName\":\"search_term_string\"}}],\"inLanguage\":\"de\"},{\"@type\":\"Organization\",\"@id\":\"https:\\\/\\\/hakmarfrance.online\\\/de\\\/#organization\",\"name\":\"hakmarfrance.online\",\"url\":\"https:\\\/\\\/hakmarfrance.online\\\/de\\\/\",\"logo\":{\"@type\":\"ImageObject\",\"inLanguage\":\"de\",\"@id\":\"https:\\\/\\\/hakmarfrance.online\\\/de\\\/#\\\/schema\\\/logo\\\/image\\\/\",\"url\":\"https:\\\/\\\/hakmarfrance.online\\\/wp-content\\\/uploads\\\/2025\\\/06\\\/logo-hakmarfrance.png\",\"contentUrl\":\"https:\\\/\\\/hakmarfrance.online\\\/wp-content\\\/uploads\\\/2025\\\/06\\\/logo-hakmarfrance.png\",\"width\":528,\"height\":232,\"caption\":\"hakmarfrance.online\"},\"image\":{\"@id\":\"https:\\\/\\\/hakmarfrance.online\\\/de\\\/#\\\/schema\\\/logo\\\/image\\\/\"},\"sameAs\":[\"https:\\\/\\\/www.facebook.com\\\/HakmarFranceSupermarche\\\/?locale=fr_FR\",\"https:\\\/\\\/www.instagram.com\\\/hakmarfrancesupermarche\\\/\"]}]}<\/script>\n<!-- \/ Yoast SEO plugin. -->","yoast_head_json":{"title":"Y\u00f6rem Grillk\u00e4se \u2013 Izgara Peynir zypriotische Art halal \u2013 200g - hakmarfrance.online","robots":{"index":"index","follow":"follow","max-snippet":"max-snippet:-1","max-image-preview":"max-image-preview:large","max-video-preview":"max-video-preview:-1"},"canonical":"https:\/\/hakmarfrance.online\/de\/produit\/yoerem-grillkaese-izgara-peynir-zypriotische-art-halal-200g\/","og_locale":"de_DE","og_type":"article","og_title":"Y\u00f6rem Grillk\u00e4se \u2013 Izgara Peynir zypriotische Art halal \u2013 200g - hakmarfrance.online","og_description":"Y\u00f6rem Halal-Grillk\u00e4se \u2013 Izgara Peynir zypriotische Art, perfekt f\u00fcr Grill oder Pfanne. 250g purer kulinarischer Genuss.","og_url":"https:\/\/hakmarfrance.online\/de\/produit\/yoerem-grillkaese-izgara-peynir-zypriotische-art-halal-200g\/","og_site_name":"hakmarfrance.online","article_publisher":"https:\/\/www.facebook.com\/HakmarFranceSupermarche\/?locale=fr_FR","og_image":[{"width":1000,"height":800,"url":"https:\/\/hakmarfrance.online\/wp-content\/uploads\/2025\/07\/fromage-grill-yorem-izgara-peynir-kibris.avif","type":"image\/png"}],"twitter_card":"summary_large_image","schema":{"@context":"https:\/\/schema.org","@graph":[{"@type":"WebPage","@id":"https:\/\/hakmarfrance.online\/de\/produit\/yoerem-grillkaese-izgara-peynir-zypriotische-art-halal-200g\/","url":"https:\/\/hakmarfrance.online\/de\/produit\/yoerem-grillkaese-izgara-peynir-zypriotische-art-halal-200g\/","name":"Y\u00f6rem Grillk\u00e4se \u2013 Izgara Peynir zypriotische Art halal \u2013 200g - hakmarfrance.online","isPartOf":{"@id":"https:\/\/hakmarfrance.online\/de\/#website"},"primaryImageOfPage":{"@id":"https:\/\/hakmarfrance.online\/de\/produit\/yoerem-grillkaese-izgara-peynir-zypriotische-art-halal-200g\/#primaryimage"},"image":{"@id":"https:\/\/hakmarfrance.online\/de\/produit\/yoerem-grillkaese-izgara-peynir-zypriotische-art-halal-200g\/#primaryimage"},"thumbnailUrl":"https:\/\/hakmarfrance.online\/wp-content\/uploads\/2025\/07\/fromage-grill-yorem-izgara-peynir-kibris.avif","datePublished":"2025-07-09T08:58:32+00:00","breadcrumb":{"@id":"https:\/\/hakmarfrance.online\/de\/produit\/yoerem-grillkaese-izgara-peynir-zypriotische-art-halal-200g\/#breadcrumb"},"inLanguage":"de","potentialAction":[{"@type":"ReadAction","target":["https:\/\/hakmarfrance.online\/de\/produit\/yoerem-grillkaese-izgara-peynir-zypriotische-art-halal-200g\/"]}]},{"@type":"ImageObject","inLanguage":"de","@id":"https:\/\/hakmarfrance.online\/de\/produit\/yoerem-grillkaese-izgara-peynir-zypriotische-art-halal-200g\/#primaryimage","url":"https:\/\/hakmarfrance.online\/wp-content\/uploads\/2025\/07\/fromage-grill-yorem-izgara-peynir-kibris.avif","contentUrl":"https:\/\/hakmarfrance.online\/wp-content\/uploads\/2025\/07\/fromage-grill-yorem-izgara-peynir-kibris.avif","width":1000,"height":800,"caption":"Y\u00f6rem Izgara Peynir Grillk\u00e4se \u2013 zypriotische Art halal \u2013 250g"},{"@type":"BreadcrumbList","@id":"https:\/\/hakmarfrance.online\/de\/produit\/yoerem-grillkaese-izgara-peynir-zypriotische-art-halal-200g\/#breadcrumb","itemListElement":[{"@type":"ListItem","position":1,"name":"Accueil","item":"https:\/\/hakmarfrance.online\/de\/"},{"@type":"ListItem","position":2,"name":"Shop","item":"https:\/\/hakmarfrance.online\/de\/shop\/"},{"@type":"ListItem","position":3,"name":"Y\u00f6rem Grillk\u00e4se \u2013 Izgara Peynir zypriotische Art halal \u2013 200g"}]},{"@type":"WebSite","@id":"https:\/\/hakmarfrance.online\/de\/#website","url":"https:\/\/hakmarfrance.online\/de\/","name":"hakmarfrance.online","description":"","publisher":{"@id":"https:\/\/hakmarfrance.online\/de\/#organization"},"potentialAction":[{"@type":"SearchAction","target":{"@type":"EntryPoint","urlTemplate":"https:\/\/hakmarfrance.online\/de\/?s={search_term_string}"},"query-input":{"@type":"PropertyValueSpecification","valueRequired":true,"valueName":"search_term_string"}}],"inLanguage":"de"},{"@type":"Organization","@id":"https:\/\/hakmarfrance.online\/de\/#organization","name":"hakmarfrance.online","url":"https:\/\/hakmarfrance.online\/de\/","logo":{"@type":"ImageObject","inLanguage":"de","@id":"https:\/\/hakmarfrance.online\/de\/#\/schema\/logo\/image\/","url":"https:\/\/hakmarfrance.online\/wp-content\/uploads\/2025\/06\/logo-hakmarfrance.png","contentUrl":"https:\/\/hakmarfrance.online\/wp-content\/uploads\/2025\/06\/logo-hakmarfrance.png","width":528,"height":232,"caption":"hakmarfrance.online"},"image":{"@id":"https:\/\/hakmarfrance.online\/de\/#\/schema\/logo\/image\/"},"sameAs":["https:\/\/www.facebook.com\/HakmarFranceSupermarche\/?locale=fr_FR","https:\/\/www.instagram.com\/hakmarfrancesupermarche\/"]}]}},"_links":{"self":[{"href":"https:\/\/hakmarfrance.online\/de\/wp-json\/wp\/v2\/product\/17685","targetHints":{"allow":["GET"]}}],"collection":[{"href":"https:\/\/hakmarfrance.online\/de\/wp-json\/wp\/v2\/product"}],"about":[{"href":"https:\/\/hakmarfrance.online\/de\/wp-json\/wp\/v2\/types\/product"}],"replies":[{"embeddable":true,"href":"https:\/\/hakmarfrance.online\/de\/wp-json\/wp\/v2\/comments?post=17685"}],"version-history":[{"count":0,"href":"https:\/\/hakmarfrance.online\/de\/wp-json\/wp\/v2\/product\/17685\/revisions"}],"wp:featuredmedia":[{"embeddable":true,"href":"https:\/\/hakmarfrance.online\/de\/wp-json\/wp\/v2\/media\/17686"}],"wp:attachment":[{"href":"https:\/\/hakmarfrance.online\/de\/wp-json\/wp\/v2\/media?parent=17685"}],"wp:term":[{"taxonomy":"product_brand","embeddable":true,"href":"https:\/\/hakmarfrance.online\/de\/wp-json\/wp\/v2\/product_brand?post=17685"},{"taxonomy":"product_cat","embeddable":true,"href":"https:\/\/hakmarfrance.online\/de\/wp-json\/wp\/v2\/product_cat?post=17685"},{"taxonomy":"product_tag","embeddable":true,"href":"https:\/\/hakmarfrance.online\/de\/wp-json\/wp\/v2\/product_tag?post=17685"}],"curies":[{"name":"wp","href":"https:\/\/api.w.org\/{rel}","templated":true}]}}