{"id":17701,"date":"2025-07-09T07:36:10","date_gmt":"2025-07-09T07:36:10","guid":{"rendered":"https:\/\/hakmarfrance.online\/produit\/andalouse-sosse-colona-cremiges-belgisches-rezept-500-ml\/"},"modified":"2025-07-09T07:36:10","modified_gmt":"2025-07-09T07:36:10","slug":"andalouse-sosse-colona-cremiges-belgisches-rezept-500-ml","status":"publish","type":"product","link":"https:\/\/hakmarfrance.online\/de\/produit\/andalouse-sosse-colona-cremiges-belgisches-rezept-500-ml\/","title":{"rendered":"Andalouse-So\u00dfe Colona \u2013 Cremiges belgisches Rezept \u2013 500 ml"},"content":{"rendered":"<p data-start=\"249\" data-end=\"564\">Verleihe deinen Gerichten einen Hauch von Sonne mit der ber\u00fchmten <strong data-start=\"366\" data-end=\"392\">Colona Andalouse-So\u00dfe<\/strong>! Diese cremige So\u00dfe, auf Basis von Tomaten, Paprika und Gew\u00fcrzen, ist ideal zu Pommes, Kebabs, Burgern oder Wraps. Ein Klassiker der belgischen Tradition! <\/p>\n<p data-start=\"566\" data-end=\"674\">\ud83c\udf36\ufe0f Leicht w\u00fcrziger und cremiger Geschmack<br data-start=\"603\" data-end=\"606\">\ud83c\udf5f Perfekt zu frittierten Speisen<br data-start=\"638\" data-end=\"641\">\ud83c\udde7\ud83c\uddea Qualit\u00e4tsprodukt aus Belgien<\/p>\n<p data-start=\"676\" data-end=\"712\">\u2705 <strong data-start=\"678\" data-end=\"710\">Hauptmerkmale<\/strong>:<\/p>\n<ul data-start=\"714\" data-end=\"928\">\n<li data-start=\"714\" data-end=\"737\">\n<p data-start=\"716\" data-end=\"737\">Inhalt: 500 ml<\/p>\n<\/li>\n<li data-start=\"738\" data-end=\"787\">\n<p data-start=\"740\" data-end=\"787\">Rezept auf Basis von Tomaten, Paprika und Gew\u00fcrzen<\/p>\n<\/li>\n<li data-start=\"788\" data-end=\"836\">\n<p data-start=\"790\" data-end=\"836\">Cremige Textur und leicht scharfer Geschmack<\/p>\n<\/li>\n<li data-start=\"837\" data-end=\"878\">\n<p data-start=\"839\" data-end=\"878\">Praktische Flasche mit rotem Verschluss<\/p>\n<\/li>\n<li data-start=\"879\" data-end=\"928\">\n<p data-start=\"881\" data-end=\"928\">Ideal f\u00fcr Snacks, Sandwiches und Gegrilltes<\/p>\n<\/li>\n<\/ul>\n","protected":false},"excerpt":{"rendered":"<p><strong data-start=\"1307\" data-end=\"1333\">Andalouse-So\u00dfe 500 ml<\/strong>: Eine cremige belgische So\u00dfe mit leicht w\u00fcrzigem Geschmack, perfekt f\u00fcr Pommes, Fleisch und hausgemachte Snacks.<\/p>\n","protected":false},"featured_media":17702,"comment_status":"open","ping_status":"closed","template":"","meta":{"iawp_total_views":0},"product_brand":[],"product_cat":[226,235,268,271],"product_tag":[],"class_list":{"0":"post-17701","1":"product","2":"type-product","3":"status-publish","4":"has-post-thumbnail","6":"product_cat-alle-unsere-produkte","7":"product_cat-gewurze-gewurzmischungen","8":"product_cat-herzhafte-lebensmittel","9":"product_cat-sosen-wurzmittel","11":"first","12":"instock","13":"shipping-taxable","14":"purchasable","15":"product-type-simple"},"yoast_head":"<!-- This site is optimized with the Yoast SEO plugin v27.3 - https:\/\/yoast.com\/product\/yoast-seo-wordpress\/ -->\n<title>Andalouse-So\u00dfe Colona \u2013 Cremiges belgisches Rezept \u2013 500 ml - hakmarfrance.online<\/title>\n<meta name=\"robots\" content=\"index, follow, max-snippet:-1, max-image-preview:large, max-video-preview:-1\" \/>\n<link rel=\"canonical\" href=\"https:\/\/hakmarfrance.online\/de\/produit\/andalouse-sosse-colona-cremiges-belgisches-rezept-500-ml\/\" \/>\n<meta property=\"og:locale\" content=\"de_DE\" \/>\n<meta property=\"og:type\" content=\"article\" \/>\n<meta property=\"og:title\" content=\"Andalouse-So\u00dfe Colona \u2013 Cremiges belgisches Rezept \u2013 500 ml - hakmarfrance.online\" \/>\n<meta property=\"og:description\" content=\"Andalouse-So\u00dfe 500 ml: Eine cremige belgische So\u00dfe mit leicht w\u00fcrzigem Geschmack, perfekt f\u00fcr Pommes, Fleisch und hausgemachte Snacks.\" \/>\n<meta property=\"og:url\" content=\"https:\/\/hakmarfrance.online\/de\/produit\/andalouse-sosse-colona-cremiges-belgisches-rezept-500-ml\/\" \/>\n<meta property=\"og:site_name\" content=\"hakmarfrance.online\" \/>\n<meta property=\"article:publisher\" content=\"https:\/\/www.facebook.com\/HakmarFranceSupermarche\/?locale=fr_FR\" \/>\n<meta property=\"og:image\" content=\"https:\/\/hakmarfrance.online\/wp-content\/uploads\/2025\/07\/sauce-andalouse-colona-500ml.avif\" \/>\n\t<meta property=\"og:image:width\" content=\"1000\" \/>\n\t<meta property=\"og:image:height\" content=\"800\" \/>\n\t<meta property=\"og:image:type\" content=\"image\/png\" \/>\n<meta name=\"twitter:card\" content=\"summary_large_image\" \/>\n<script type=\"application\/ld+json\" class=\"yoast-schema-graph\">{\"@context\":\"https:\\\/\\\/schema.org\",\"@graph\":[{\"@type\":\"WebPage\",\"@id\":\"https:\\\/\\\/hakmarfrance.online\\\/de\\\/produit\\\/andalouse-sosse-colona-cremiges-belgisches-rezept-500-ml\\\/\",\"url\":\"https:\\\/\\\/hakmarfrance.online\\\/de\\\/produit\\\/andalouse-sosse-colona-cremiges-belgisches-rezept-500-ml\\\/\",\"name\":\"Andalouse-So\u00dfe Colona \u2013 Cremiges belgisches Rezept \u2013 500 ml - hakmarfrance.online\",\"isPartOf\":{\"@id\":\"https:\\\/\\\/hakmarfrance.online\\\/de\\\/#website\"},\"primaryImageOfPage\":{\"@id\":\"https:\\\/\\\/hakmarfrance.online\\\/de\\\/produit\\\/andalouse-sosse-colona-cremiges-belgisches-rezept-500-ml\\\/#primaryimage\"},\"image\":{\"@id\":\"https:\\\/\\\/hakmarfrance.online\\\/de\\\/produit\\\/andalouse-sosse-colona-cremiges-belgisches-rezept-500-ml\\\/#primaryimage\"},\"thumbnailUrl\":\"https:\\\/\\\/hakmarfrance.online\\\/wp-content\\\/uploads\\\/2025\\\/07\\\/sauce-andalouse-colona-500ml.avif\",\"datePublished\":\"2025-07-09T07:36:10+00:00\",\"breadcrumb\":{\"@id\":\"https:\\\/\\\/hakmarfrance.online\\\/de\\\/produit\\\/andalouse-sosse-colona-cremiges-belgisches-rezept-500-ml\\\/#breadcrumb\"},\"inLanguage\":\"de\",\"potentialAction\":[{\"@type\":\"ReadAction\",\"target\":[\"https:\\\/\\\/hakmarfrance.online\\\/de\\\/produit\\\/andalouse-sosse-colona-cremiges-belgisches-rezept-500-ml\\\/\"]}]},{\"@type\":\"ImageObject\",\"inLanguage\":\"de\",\"@id\":\"https:\\\/\\\/hakmarfrance.online\\\/de\\\/produit\\\/andalouse-sosse-colona-cremiges-belgisches-rezept-500-ml\\\/#primaryimage\",\"url\":\"https:\\\/\\\/hakmarfrance.online\\\/wp-content\\\/uploads\\\/2025\\\/07\\\/sauce-andalouse-colona-500ml.avif\",\"contentUrl\":\"https:\\\/\\\/hakmarfrance.online\\\/wp-content\\\/uploads\\\/2025\\\/07\\\/sauce-andalouse-colona-500ml.avif\",\"width\":1000,\"height\":800,\"caption\":\"Andalouse-So\u00dfe Colona \u2013 500 ml \u2013 Belgisches Rezept mit Paprika\"},{\"@type\":\"BreadcrumbList\",\"@id\":\"https:\\\/\\\/hakmarfrance.online\\\/de\\\/produit\\\/andalouse-sosse-colona-cremiges-belgisches-rezept-500-ml\\\/#breadcrumb\",\"itemListElement\":[{\"@type\":\"ListItem\",\"position\":1,\"name\":\"Accueil\",\"item\":\"https:\\\/\\\/hakmarfrance.online\\\/de\\\/\"},{\"@type\":\"ListItem\",\"position\":2,\"name\":\"Shop\",\"item\":\"https:\\\/\\\/hakmarfrance.online\\\/de\\\/shop\\\/\"},{\"@type\":\"ListItem\",\"position\":3,\"name\":\"Andalouse-So\u00dfe Colona \u2013 Cremiges belgisches Rezept \u2013 500 ml\"}]},{\"@type\":\"WebSite\",\"@id\":\"https:\\\/\\\/hakmarfrance.online\\\/de\\\/#website\",\"url\":\"https:\\\/\\\/hakmarfrance.online\\\/de\\\/\",\"name\":\"hakmarfrance.online\",\"description\":\"\",\"publisher\":{\"@id\":\"https:\\\/\\\/hakmarfrance.online\\\/de\\\/#organization\"},\"potentialAction\":[{\"@type\":\"SearchAction\",\"target\":{\"@type\":\"EntryPoint\",\"urlTemplate\":\"https:\\\/\\\/hakmarfrance.online\\\/de\\\/?s={search_term_string}\"},\"query-input\":{\"@type\":\"PropertyValueSpecification\",\"valueRequired\":true,\"valueName\":\"search_term_string\"}}],\"inLanguage\":\"de\"},{\"@type\":\"Organization\",\"@id\":\"https:\\\/\\\/hakmarfrance.online\\\/de\\\/#organization\",\"name\":\"hakmarfrance.online\",\"url\":\"https:\\\/\\\/hakmarfrance.online\\\/de\\\/\",\"logo\":{\"@type\":\"ImageObject\",\"inLanguage\":\"de\",\"@id\":\"https:\\\/\\\/hakmarfrance.online\\\/de\\\/#\\\/schema\\\/logo\\\/image\\\/\",\"url\":\"https:\\\/\\\/hakmarfrance.online\\\/wp-content\\\/uploads\\\/2025\\\/06\\\/logo-hakmarfrance.png\",\"contentUrl\":\"https:\\\/\\\/hakmarfrance.online\\\/wp-content\\\/uploads\\\/2025\\\/06\\\/logo-hakmarfrance.png\",\"width\":528,\"height\":232,\"caption\":\"hakmarfrance.online\"},\"image\":{\"@id\":\"https:\\\/\\\/hakmarfrance.online\\\/de\\\/#\\\/schema\\\/logo\\\/image\\\/\"},\"sameAs\":[\"https:\\\/\\\/www.facebook.com\\\/HakmarFranceSupermarche\\\/?locale=fr_FR\",\"https:\\\/\\\/www.instagram.com\\\/hakmarfrancesupermarche\\\/\"]}]}<\/script>\n<!-- \/ Yoast SEO plugin. -->","yoast_head_json":{"title":"Andalouse-So\u00dfe Colona \u2013 Cremiges belgisches Rezept \u2013 500 ml - hakmarfrance.online","robots":{"index":"index","follow":"follow","max-snippet":"max-snippet:-1","max-image-preview":"max-image-preview:large","max-video-preview":"max-video-preview:-1"},"canonical":"https:\/\/hakmarfrance.online\/de\/produit\/andalouse-sosse-colona-cremiges-belgisches-rezept-500-ml\/","og_locale":"de_DE","og_type":"article","og_title":"Andalouse-So\u00dfe Colona \u2013 Cremiges belgisches Rezept \u2013 500 ml - hakmarfrance.online","og_description":"Andalouse-So\u00dfe 500 ml: Eine cremige belgische So\u00dfe mit leicht w\u00fcrzigem Geschmack, perfekt f\u00fcr Pommes, Fleisch und hausgemachte Snacks.","og_url":"https:\/\/hakmarfrance.online\/de\/produit\/andalouse-sosse-colona-cremiges-belgisches-rezept-500-ml\/","og_site_name":"hakmarfrance.online","article_publisher":"https:\/\/www.facebook.com\/HakmarFranceSupermarche\/?locale=fr_FR","og_image":[{"width":1000,"height":800,"url":"https:\/\/hakmarfrance.online\/wp-content\/uploads\/2025\/07\/sauce-andalouse-colona-500ml.avif","type":"image\/png"}],"twitter_card":"summary_large_image","schema":{"@context":"https:\/\/schema.org","@graph":[{"@type":"WebPage","@id":"https:\/\/hakmarfrance.online\/de\/produit\/andalouse-sosse-colona-cremiges-belgisches-rezept-500-ml\/","url":"https:\/\/hakmarfrance.online\/de\/produit\/andalouse-sosse-colona-cremiges-belgisches-rezept-500-ml\/","name":"Andalouse-So\u00dfe Colona \u2013 Cremiges belgisches Rezept \u2013 500 ml - hakmarfrance.online","isPartOf":{"@id":"https:\/\/hakmarfrance.online\/de\/#website"},"primaryImageOfPage":{"@id":"https:\/\/hakmarfrance.online\/de\/produit\/andalouse-sosse-colona-cremiges-belgisches-rezept-500-ml\/#primaryimage"},"image":{"@id":"https:\/\/hakmarfrance.online\/de\/produit\/andalouse-sosse-colona-cremiges-belgisches-rezept-500-ml\/#primaryimage"},"thumbnailUrl":"https:\/\/hakmarfrance.online\/wp-content\/uploads\/2025\/07\/sauce-andalouse-colona-500ml.avif","datePublished":"2025-07-09T07:36:10+00:00","breadcrumb":{"@id":"https:\/\/hakmarfrance.online\/de\/produit\/andalouse-sosse-colona-cremiges-belgisches-rezept-500-ml\/#breadcrumb"},"inLanguage":"de","potentialAction":[{"@type":"ReadAction","target":["https:\/\/hakmarfrance.online\/de\/produit\/andalouse-sosse-colona-cremiges-belgisches-rezept-500-ml\/"]}]},{"@type":"ImageObject","inLanguage":"de","@id":"https:\/\/hakmarfrance.online\/de\/produit\/andalouse-sosse-colona-cremiges-belgisches-rezept-500-ml\/#primaryimage","url":"https:\/\/hakmarfrance.online\/wp-content\/uploads\/2025\/07\/sauce-andalouse-colona-500ml.avif","contentUrl":"https:\/\/hakmarfrance.online\/wp-content\/uploads\/2025\/07\/sauce-andalouse-colona-500ml.avif","width":1000,"height":800,"caption":"Andalouse-So\u00dfe Colona \u2013 500 ml \u2013 Belgisches Rezept mit Paprika"},{"@type":"BreadcrumbList","@id":"https:\/\/hakmarfrance.online\/de\/produit\/andalouse-sosse-colona-cremiges-belgisches-rezept-500-ml\/#breadcrumb","itemListElement":[{"@type":"ListItem","position":1,"name":"Accueil","item":"https:\/\/hakmarfrance.online\/de\/"},{"@type":"ListItem","position":2,"name":"Shop","item":"https:\/\/hakmarfrance.online\/de\/shop\/"},{"@type":"ListItem","position":3,"name":"Andalouse-So\u00dfe Colona \u2013 Cremiges belgisches Rezept \u2013 500 ml"}]},{"@type":"WebSite","@id":"https:\/\/hakmarfrance.online\/de\/#website","url":"https:\/\/hakmarfrance.online\/de\/","name":"hakmarfrance.online","description":"","publisher":{"@id":"https:\/\/hakmarfrance.online\/de\/#organization"},"potentialAction":[{"@type":"SearchAction","target":{"@type":"EntryPoint","urlTemplate":"https:\/\/hakmarfrance.online\/de\/?s={search_term_string}"},"query-input":{"@type":"PropertyValueSpecification","valueRequired":true,"valueName":"search_term_string"}}],"inLanguage":"de"},{"@type":"Organization","@id":"https:\/\/hakmarfrance.online\/de\/#organization","name":"hakmarfrance.online","url":"https:\/\/hakmarfrance.online\/de\/","logo":{"@type":"ImageObject","inLanguage":"de","@id":"https:\/\/hakmarfrance.online\/de\/#\/schema\/logo\/image\/","url":"https:\/\/hakmarfrance.online\/wp-content\/uploads\/2025\/06\/logo-hakmarfrance.png","contentUrl":"https:\/\/hakmarfrance.online\/wp-content\/uploads\/2025\/06\/logo-hakmarfrance.png","width":528,"height":232,"caption":"hakmarfrance.online"},"image":{"@id":"https:\/\/hakmarfrance.online\/de\/#\/schema\/logo\/image\/"},"sameAs":["https:\/\/www.facebook.com\/HakmarFranceSupermarche\/?locale=fr_FR","https:\/\/www.instagram.com\/hakmarfrancesupermarche\/"]}]}},"_links":{"self":[{"href":"https:\/\/hakmarfrance.online\/de\/wp-json\/wp\/v2\/product\/17701","targetHints":{"allow":["GET"]}}],"collection":[{"href":"https:\/\/hakmarfrance.online\/de\/wp-json\/wp\/v2\/product"}],"about":[{"href":"https:\/\/hakmarfrance.online\/de\/wp-json\/wp\/v2\/types\/product"}],"replies":[{"embeddable":true,"href":"https:\/\/hakmarfrance.online\/de\/wp-json\/wp\/v2\/comments?post=17701"}],"version-history":[{"count":0,"href":"https:\/\/hakmarfrance.online\/de\/wp-json\/wp\/v2\/product\/17701\/revisions"}],"wp:featuredmedia":[{"embeddable":true,"href":"https:\/\/hakmarfrance.online\/de\/wp-json\/wp\/v2\/media\/17702"}],"wp:attachment":[{"href":"https:\/\/hakmarfrance.online\/de\/wp-json\/wp\/v2\/media?parent=17701"}],"wp:term":[{"taxonomy":"product_brand","embeddable":true,"href":"https:\/\/hakmarfrance.online\/de\/wp-json\/wp\/v2\/product_brand?post=17701"},{"taxonomy":"product_cat","embeddable":true,"href":"https:\/\/hakmarfrance.online\/de\/wp-json\/wp\/v2\/product_cat?post=17701"},{"taxonomy":"product_tag","embeddable":true,"href":"https:\/\/hakmarfrance.online\/de\/wp-json\/wp\/v2\/product_tag?post=17701"}],"curies":[{"name":"wp","href":"https:\/\/api.w.org\/{rel}","templated":true}]}}