{"id":17703,"date":"2025-07-09T07:52:31","date_gmt":"2025-07-09T07:52:31","guid":{"rendered":"https:\/\/hakmarfrance.online\/produit\/schwarze-oliven-oencue-gold-800g-salzarm\/"},"modified":"2025-07-09T07:52:31","modified_gmt":"2025-07-09T07:52:31","slug":"schwarze-oliven-oencue-gold-800g-salzarm","status":"publish","type":"product","link":"https:\/\/hakmarfrance.online\/de\/produit\/schwarze-oliven-oencue-gold-800g-salzarm\/","title":{"rendered":"Schwarze Oliven \u00d6nc\u00fc Gold 800g \u2013 Salzarm"},"content":{"rendered":"<p data-start=\"297\" data-end=\"722\">Genie\u00dfe die Authentizit\u00e4t der <strong data-start=\"384\" data-end=\"418\">schwarzen \u00d6nc\u00fc Gold 2XL-XL Oliven<\/strong>, die reif geerntet und in leichter Salzlake konserviert werden, um ihren vollen aromatischen Reichtum zu bewahren. Dank ihrer gro\u00dfz\u00fcgigen Gr\u00f6\u00dfe (181\u2013230) sind sie ideal f\u00fcr den Fr\u00fchst\u00fcckstisch, mediterrane Gerichte und gemischte Salate. Ohne Konservierungsstoffe, f\u00fcr garantierte nat\u00fcrliche Qualit\u00e4t.  <\/p>\n<p data-start=\"724\" data-end=\"760\">\u2705 <strong data-start=\"726\" data-end=\"758\">Hauptmerkmale<\/strong>:<\/p>\n<ul data-start=\"762\" data-end=\"934\">\n<li data-start=\"762\" data-end=\"806\">\n<p data-start=\"764\" data-end=\"806\">Schwarze Oliven 2XL bis XL (Gr\u00f6\u00dfe 181\u2013230)<\/p>\n<\/li>\n<li data-start=\"807\" data-end=\"838\">\n<p data-start=\"809\" data-end=\"838\">Reduzierter Salzgehalt (5 %)<\/p>\n<\/li>\n<li data-start=\"839\" data-end=\"869\">\n<p data-start=\"841\" data-end=\"869\">Ohne Zusatz von Konservierungsstoffen<\/p>\n<\/li>\n<li data-start=\"870\" data-end=\"891\">\n<p data-start=\"872\" data-end=\"891\">Herkunft: T\u00fcrkei<\/p>\n<\/li>\n<li data-start=\"892\" data-end=\"934\">\n<p data-start=\"894\" data-end=\"934\">Verpackung: 800 g Metalldose<\/p>\n<\/li>\n<\/ul>\n","protected":false},"excerpt":{"rendered":"<p><strong data-start=\"1354\" data-end=\"1383\">Schwarze \u00d6nc\u00fc 2XL-XL Oliven<\/strong> in leichter Salzlake \u2013 800g nat\u00fcrlicher Genuss ohne Konservierungsstoffe, mit einer gro\u00dfz\u00fcgigen Gr\u00f6\u00dfe f\u00fcr einen gesunden mediterranen Tisch.<\/p>\n","protected":false},"featured_media":17704,"comment_status":"open","ping_status":"closed","template":"","meta":{"iawp_total_views":0},"product_brand":[209],"product_cat":[226,268,270,269],"product_tag":[],"class_list":{"0":"post-17703","1":"product","2":"type-product","3":"status-publish","4":"has-post-thumbnail","6":"product_brand-oncu","7":"product_cat-alle-unsere-produkte","8":"product_cat-herzhafte-lebensmittel","9":"product_cat-konserven-glaeser","10":"product_cat-orientalische-lebensmittel","12":"first","13":"instock","14":"shipping-taxable","15":"purchasable","16":"product-type-simple"},"yoast_head":"<!-- This site is optimized with the Yoast SEO plugin v27.3 - https:\/\/yoast.com\/product\/yoast-seo-wordpress\/ -->\n<title>Schwarze Oliven \u00d6nc\u00fc Gold 800g \u2013 Salzarm - hakmarfrance.online<\/title>\n<meta name=\"robots\" content=\"index, follow, max-snippet:-1, max-image-preview:large, max-video-preview:-1\" \/>\n<link rel=\"canonical\" href=\"https:\/\/hakmarfrance.online\/de\/produit\/schwarze-oliven-oencue-gold-800g-salzarm\/\" \/>\n<meta property=\"og:locale\" content=\"de_DE\" \/>\n<meta property=\"og:type\" content=\"article\" \/>\n<meta property=\"og:title\" content=\"Schwarze Oliven \u00d6nc\u00fc Gold 800g \u2013 Salzarm - hakmarfrance.online\" \/>\n<meta property=\"og:description\" content=\"Schwarze \u00d6nc\u00fc 2XL-XL Oliven in leichter Salzlake \u2013 800g nat\u00fcrlicher Genuss ohne Konservierungsstoffe, mit einer gro\u00dfz\u00fcgigen Gr\u00f6\u00dfe f\u00fcr einen gesunden mediterranen Tisch.\" \/>\n<meta property=\"og:url\" content=\"https:\/\/hakmarfrance.online\/de\/produit\/schwarze-oliven-oencue-gold-800g-salzarm\/\" \/>\n<meta property=\"og:site_name\" content=\"hakmarfrance.online\" \/>\n<meta property=\"article:publisher\" content=\"https:\/\/www.facebook.com\/HakmarFranceSupermarche\/?locale=fr_FR\" \/>\n<meta property=\"og:image\" content=\"https:\/\/hakmarfrance.online\/wp-content\/uploads\/2025\/07\/olives-noires-oncu-gold-2xl-xl-faible-sel-800g.avif\" \/>\n\t<meta property=\"og:image:width\" content=\"1000\" \/>\n\t<meta property=\"og:image:height\" content=\"800\" \/>\n\t<meta property=\"og:image:type\" content=\"image\/png\" \/>\n<meta name=\"twitter:card\" content=\"summary_large_image\" \/>\n<script type=\"application\/ld+json\" class=\"yoast-schema-graph\">{\"@context\":\"https:\\\/\\\/schema.org\",\"@graph\":[{\"@type\":\"WebPage\",\"@id\":\"https:\\\/\\\/hakmarfrance.online\\\/de\\\/produit\\\/schwarze-oliven-oencue-gold-800g-salzarm\\\/\",\"url\":\"https:\\\/\\\/hakmarfrance.online\\\/de\\\/produit\\\/schwarze-oliven-oencue-gold-800g-salzarm\\\/\",\"name\":\"Schwarze Oliven \u00d6nc\u00fc Gold 800g \u2013 Salzarm - hakmarfrance.online\",\"isPartOf\":{\"@id\":\"https:\\\/\\\/hakmarfrance.online\\\/de\\\/#website\"},\"primaryImageOfPage\":{\"@id\":\"https:\\\/\\\/hakmarfrance.online\\\/de\\\/produit\\\/schwarze-oliven-oencue-gold-800g-salzarm\\\/#primaryimage\"},\"image\":{\"@id\":\"https:\\\/\\\/hakmarfrance.online\\\/de\\\/produit\\\/schwarze-oliven-oencue-gold-800g-salzarm\\\/#primaryimage\"},\"thumbnailUrl\":\"https:\\\/\\\/hakmarfrance.online\\\/wp-content\\\/uploads\\\/2025\\\/07\\\/olives-noires-oncu-gold-2xl-xl-faible-sel-800g.avif\",\"datePublished\":\"2025-07-09T07:52:31+00:00\",\"breadcrumb\":{\"@id\":\"https:\\\/\\\/hakmarfrance.online\\\/de\\\/produit\\\/schwarze-oliven-oencue-gold-800g-salzarm\\\/#breadcrumb\"},\"inLanguage\":\"de\",\"potentialAction\":[{\"@type\":\"ReadAction\",\"target\":[\"https:\\\/\\\/hakmarfrance.online\\\/de\\\/produit\\\/schwarze-oliven-oencue-gold-800g-salzarm\\\/\"]}]},{\"@type\":\"ImageObject\",\"inLanguage\":\"de\",\"@id\":\"https:\\\/\\\/hakmarfrance.online\\\/de\\\/produit\\\/schwarze-oliven-oencue-gold-800g-salzarm\\\/#primaryimage\",\"url\":\"https:\\\/\\\/hakmarfrance.online\\\/wp-content\\\/uploads\\\/2025\\\/07\\\/olives-noires-oncu-gold-2xl-xl-faible-sel-800g.avif\",\"contentUrl\":\"https:\\\/\\\/hakmarfrance.online\\\/wp-content\\\/uploads\\\/2025\\\/07\\\/olives-noires-oncu-gold-2xl-xl-faible-sel-800g.avif\",\"width\":1000,\"height\":800,\"caption\":\"\u00d6nc\u00fc Oliven 2XL-XL \u2013 Geschmacksintensiv, salzarm\"},{\"@type\":\"BreadcrumbList\",\"@id\":\"https:\\\/\\\/hakmarfrance.online\\\/de\\\/produit\\\/schwarze-oliven-oencue-gold-800g-salzarm\\\/#breadcrumb\",\"itemListElement\":[{\"@type\":\"ListItem\",\"position\":1,\"name\":\"Accueil\",\"item\":\"https:\\\/\\\/hakmarfrance.online\\\/de\\\/\"},{\"@type\":\"ListItem\",\"position\":2,\"name\":\"Shop\",\"item\":\"https:\\\/\\\/hakmarfrance.online\\\/de\\\/shop\\\/\"},{\"@type\":\"ListItem\",\"position\":3,\"name\":\"Schwarze Oliven \u00d6nc\u00fc Gold 800g \u2013 Salzarm\"}]},{\"@type\":\"WebSite\",\"@id\":\"https:\\\/\\\/hakmarfrance.online\\\/de\\\/#website\",\"url\":\"https:\\\/\\\/hakmarfrance.online\\\/de\\\/\",\"name\":\"hakmarfrance.online\",\"description\":\"\",\"publisher\":{\"@id\":\"https:\\\/\\\/hakmarfrance.online\\\/de\\\/#organization\"},\"potentialAction\":[{\"@type\":\"SearchAction\",\"target\":{\"@type\":\"EntryPoint\",\"urlTemplate\":\"https:\\\/\\\/hakmarfrance.online\\\/de\\\/?s={search_term_string}\"},\"query-input\":{\"@type\":\"PropertyValueSpecification\",\"valueRequired\":true,\"valueName\":\"search_term_string\"}}],\"inLanguage\":\"de\"},{\"@type\":\"Organization\",\"@id\":\"https:\\\/\\\/hakmarfrance.online\\\/de\\\/#organization\",\"name\":\"hakmarfrance.online\",\"url\":\"https:\\\/\\\/hakmarfrance.online\\\/de\\\/\",\"logo\":{\"@type\":\"ImageObject\",\"inLanguage\":\"de\",\"@id\":\"https:\\\/\\\/hakmarfrance.online\\\/de\\\/#\\\/schema\\\/logo\\\/image\\\/\",\"url\":\"https:\\\/\\\/hakmarfrance.online\\\/wp-content\\\/uploads\\\/2025\\\/06\\\/logo-hakmarfrance.png\",\"contentUrl\":\"https:\\\/\\\/hakmarfrance.online\\\/wp-content\\\/uploads\\\/2025\\\/06\\\/logo-hakmarfrance.png\",\"width\":528,\"height\":232,\"caption\":\"hakmarfrance.online\"},\"image\":{\"@id\":\"https:\\\/\\\/hakmarfrance.online\\\/de\\\/#\\\/schema\\\/logo\\\/image\\\/\"},\"sameAs\":[\"https:\\\/\\\/www.facebook.com\\\/HakmarFranceSupermarche\\\/?locale=fr_FR\",\"https:\\\/\\\/www.instagram.com\\\/hakmarfrancesupermarche\\\/\"]}]}<\/script>\n<!-- \/ Yoast SEO plugin. -->","yoast_head_json":{"title":"Schwarze Oliven \u00d6nc\u00fc Gold 800g \u2013 Salzarm - hakmarfrance.online","robots":{"index":"index","follow":"follow","max-snippet":"max-snippet:-1","max-image-preview":"max-image-preview:large","max-video-preview":"max-video-preview:-1"},"canonical":"https:\/\/hakmarfrance.online\/de\/produit\/schwarze-oliven-oencue-gold-800g-salzarm\/","og_locale":"de_DE","og_type":"article","og_title":"Schwarze Oliven \u00d6nc\u00fc Gold 800g \u2013 Salzarm - hakmarfrance.online","og_description":"Schwarze \u00d6nc\u00fc 2XL-XL Oliven in leichter Salzlake \u2013 800g nat\u00fcrlicher Genuss ohne Konservierungsstoffe, mit einer gro\u00dfz\u00fcgigen Gr\u00f6\u00dfe f\u00fcr einen gesunden mediterranen Tisch.","og_url":"https:\/\/hakmarfrance.online\/de\/produit\/schwarze-oliven-oencue-gold-800g-salzarm\/","og_site_name":"hakmarfrance.online","article_publisher":"https:\/\/www.facebook.com\/HakmarFranceSupermarche\/?locale=fr_FR","og_image":[{"width":1000,"height":800,"url":"https:\/\/hakmarfrance.online\/wp-content\/uploads\/2025\/07\/olives-noires-oncu-gold-2xl-xl-faible-sel-800g.avif","type":"image\/png"}],"twitter_card":"summary_large_image","schema":{"@context":"https:\/\/schema.org","@graph":[{"@type":"WebPage","@id":"https:\/\/hakmarfrance.online\/de\/produit\/schwarze-oliven-oencue-gold-800g-salzarm\/","url":"https:\/\/hakmarfrance.online\/de\/produit\/schwarze-oliven-oencue-gold-800g-salzarm\/","name":"Schwarze Oliven \u00d6nc\u00fc Gold 800g \u2013 Salzarm - hakmarfrance.online","isPartOf":{"@id":"https:\/\/hakmarfrance.online\/de\/#website"},"primaryImageOfPage":{"@id":"https:\/\/hakmarfrance.online\/de\/produit\/schwarze-oliven-oencue-gold-800g-salzarm\/#primaryimage"},"image":{"@id":"https:\/\/hakmarfrance.online\/de\/produit\/schwarze-oliven-oencue-gold-800g-salzarm\/#primaryimage"},"thumbnailUrl":"https:\/\/hakmarfrance.online\/wp-content\/uploads\/2025\/07\/olives-noires-oncu-gold-2xl-xl-faible-sel-800g.avif","datePublished":"2025-07-09T07:52:31+00:00","breadcrumb":{"@id":"https:\/\/hakmarfrance.online\/de\/produit\/schwarze-oliven-oencue-gold-800g-salzarm\/#breadcrumb"},"inLanguage":"de","potentialAction":[{"@type":"ReadAction","target":["https:\/\/hakmarfrance.online\/de\/produit\/schwarze-oliven-oencue-gold-800g-salzarm\/"]}]},{"@type":"ImageObject","inLanguage":"de","@id":"https:\/\/hakmarfrance.online\/de\/produit\/schwarze-oliven-oencue-gold-800g-salzarm\/#primaryimage","url":"https:\/\/hakmarfrance.online\/wp-content\/uploads\/2025\/07\/olives-noires-oncu-gold-2xl-xl-faible-sel-800g.avif","contentUrl":"https:\/\/hakmarfrance.online\/wp-content\/uploads\/2025\/07\/olives-noires-oncu-gold-2xl-xl-faible-sel-800g.avif","width":1000,"height":800,"caption":"\u00d6nc\u00fc Oliven 2XL-XL \u2013 Geschmacksintensiv, salzarm"},{"@type":"BreadcrumbList","@id":"https:\/\/hakmarfrance.online\/de\/produit\/schwarze-oliven-oencue-gold-800g-salzarm\/#breadcrumb","itemListElement":[{"@type":"ListItem","position":1,"name":"Accueil","item":"https:\/\/hakmarfrance.online\/de\/"},{"@type":"ListItem","position":2,"name":"Shop","item":"https:\/\/hakmarfrance.online\/de\/shop\/"},{"@type":"ListItem","position":3,"name":"Schwarze Oliven \u00d6nc\u00fc Gold 800g \u2013 Salzarm"}]},{"@type":"WebSite","@id":"https:\/\/hakmarfrance.online\/de\/#website","url":"https:\/\/hakmarfrance.online\/de\/","name":"hakmarfrance.online","description":"","publisher":{"@id":"https:\/\/hakmarfrance.online\/de\/#organization"},"potentialAction":[{"@type":"SearchAction","target":{"@type":"EntryPoint","urlTemplate":"https:\/\/hakmarfrance.online\/de\/?s={search_term_string}"},"query-input":{"@type":"PropertyValueSpecification","valueRequired":true,"valueName":"search_term_string"}}],"inLanguage":"de"},{"@type":"Organization","@id":"https:\/\/hakmarfrance.online\/de\/#organization","name":"hakmarfrance.online","url":"https:\/\/hakmarfrance.online\/de\/","logo":{"@type":"ImageObject","inLanguage":"de","@id":"https:\/\/hakmarfrance.online\/de\/#\/schema\/logo\/image\/","url":"https:\/\/hakmarfrance.online\/wp-content\/uploads\/2025\/06\/logo-hakmarfrance.png","contentUrl":"https:\/\/hakmarfrance.online\/wp-content\/uploads\/2025\/06\/logo-hakmarfrance.png","width":528,"height":232,"caption":"hakmarfrance.online"},"image":{"@id":"https:\/\/hakmarfrance.online\/de\/#\/schema\/logo\/image\/"},"sameAs":["https:\/\/www.facebook.com\/HakmarFranceSupermarche\/?locale=fr_FR","https:\/\/www.instagram.com\/hakmarfrancesupermarche\/"]}]}},"_links":{"self":[{"href":"https:\/\/hakmarfrance.online\/de\/wp-json\/wp\/v2\/product\/17703","targetHints":{"allow":["GET"]}}],"collection":[{"href":"https:\/\/hakmarfrance.online\/de\/wp-json\/wp\/v2\/product"}],"about":[{"href":"https:\/\/hakmarfrance.online\/de\/wp-json\/wp\/v2\/types\/product"}],"replies":[{"embeddable":true,"href":"https:\/\/hakmarfrance.online\/de\/wp-json\/wp\/v2\/comments?post=17703"}],"version-history":[{"count":0,"href":"https:\/\/hakmarfrance.online\/de\/wp-json\/wp\/v2\/product\/17703\/revisions"}],"wp:featuredmedia":[{"embeddable":true,"href":"https:\/\/hakmarfrance.online\/de\/wp-json\/wp\/v2\/media\/17704"}],"wp:attachment":[{"href":"https:\/\/hakmarfrance.online\/de\/wp-json\/wp\/v2\/media?parent=17703"}],"wp:term":[{"taxonomy":"product_brand","embeddable":true,"href":"https:\/\/hakmarfrance.online\/de\/wp-json\/wp\/v2\/product_brand?post=17703"},{"taxonomy":"product_cat","embeddable":true,"href":"https:\/\/hakmarfrance.online\/de\/wp-json\/wp\/v2\/product_cat?post=17703"},{"taxonomy":"product_tag","embeddable":true,"href":"https:\/\/hakmarfrance.online\/de\/wp-json\/wp\/v2\/product_tag?post=17703"}],"curies":[{"name":"wp","href":"https:\/\/api.w.org\/{rel}","templated":true}]}}