{"id":17709,"date":"2025-07-09T07:06:16","date_gmt":"2025-07-09T07:06:16","guid":{"rendered":"https:\/\/hakmarfrance.online\/produit\/freez-mix-litschi-erfrischungsgetraenk-275ml\/"},"modified":"2025-07-09T07:06:16","modified_gmt":"2025-07-09T07:06:16","slug":"freez-mix-litschi-erfrischungsgetraenk-275ml","status":"publish","type":"product","link":"https:\/\/hakmarfrance.online\/de\/produit\/freez-mix-litschi-erfrischungsgetraenk-275ml\/","title":{"rendered":"Freez Mix Litschi \u2013 Erfrischungsgetr\u00e4nk \u2013 275ml"},"content":{"rendered":"","protected":false},"excerpt":{"rendered":"<p data-start=\"407\" data-end=\"631\">Lass dich entf\u00fchren vom <strong data-start=\"427\" data-end=\"466\">Freez Mix Litschi-Erfrischungsgetr\u00e4nk<\/strong>, einem exotischen und subtilen Geschmack in einer stilvollen und modernen Flasche. Ein <strong data-start=\"551\" data-end=\"566\">alkoholfreies<\/strong>, nat\u00fcrlich prickelndes Getr\u00e4nk, perfekt f\u00fcr deine entspannten Momente. <\/p>\n<p data-start=\"633\" data-end=\"836\">\u2714\ufe0f Fruchtiges Litschi-Aroma, erfrischend und mild<br data-start=\"682\" data-end=\"685\">\u2714\ufe0f Ohne k\u00fcnstliche Farbstoffe<br data-start=\"714\" data-end=\"717\">\u2714\ufe0f Alkoholfreies Erfrischungsgetr\u00e4nk \u2013 ideal f\u00fcr alle<br data-start=\"766\" data-end=\"769\">\u2714\ufe0f Elegante Glasflasche \u2013 275 ml<br data-start=\"808\" data-end=\"811\">\u2714\ufe0f Gut gek\u00fchlt genie\u00dfen<\/p>\n<p data-start=\"838\" data-end=\"965\">Ein fruchtiger und raffinierter Genuss im poppigen und trendigen Design. Das <strong data-start=\"898\" data-end=\"918\">Freez Mix Litschi<\/strong> ist das Getr\u00e4nk, das nicht unbemerkt bleibt! <\/p>\n","protected":false},"featured_media":17710,"comment_status":"open","ping_status":"closed","template":"","meta":{"iawp_total_views":0},"product_brand":[200],"product_cat":[226,232,231],"product_tag":[],"class_list":{"0":"post-17709","1":"product","2":"type-product","3":"status-publish","4":"has-post-thumbnail","6":"product_brand-freez","7":"product_cat-alle-unsere-produkte","8":"product_cat-erfrischungsgetrank","9":"product_cat-getranke","11":"first","12":"instock","13":"shipping-taxable","14":"purchasable","15":"product-type-simple"},"yoast_head":"<!-- This site is optimized with the Yoast SEO plugin v27.3 - https:\/\/yoast.com\/product\/yoast-seo-wordpress\/ -->\n<title>Freez Mix Litschi \u2013 Erfrischungsgetr\u00e4nk \u2013 275ml - hakmarfrance.online<\/title>\n<meta name=\"robots\" content=\"index, follow, max-snippet:-1, max-image-preview:large, max-video-preview:-1\" \/>\n<link rel=\"canonical\" href=\"https:\/\/hakmarfrance.online\/de\/produit\/freez-mix-litschi-erfrischungsgetraenk-275ml\/\" \/>\n<meta property=\"og:locale\" content=\"de_DE\" \/>\n<meta property=\"og:type\" content=\"article\" \/>\n<meta property=\"og:title\" content=\"Freez Mix Litschi \u2013 Erfrischungsgetr\u00e4nk \u2013 275ml - hakmarfrance.online\" \/>\n<meta property=\"og:description\" content=\"Lass dich entf\u00fchren vom Freez Mix Litschi-Erfrischungsgetr\u00e4nk, einem exotischen und subtilen Geschmack in einer stilvollen und modernen Flasche. Ein alkoholfreies, nat\u00fcrlich prickelndes Getr\u00e4nk, perfekt f\u00fcr deine entspannten Momente. \u2714\ufe0f Fruchtiges Litschi-Aroma, erfrischend und mild\u2714\ufe0f Ohne k\u00fcnstliche Farbstoffe\u2714\ufe0f Alkoholfreies Erfrischungsgetr\u00e4nk \u2013 ideal f\u00fcr alle\u2714\ufe0f Elegante Glasflasche \u2013 275 ml\u2714\ufe0f Gut gek\u00fchlt genie\u00dfen Ein fruchtiger und raffinierter Genuss im poppigen und trendigen Design. Das Freez Mix Litschi ist das Getr\u00e4nk, das nicht unbemerkt bleibt!\" \/>\n<meta property=\"og:url\" content=\"https:\/\/hakmarfrance.online\/de\/produit\/freez-mix-litschi-erfrischungsgetraenk-275ml\/\" \/>\n<meta property=\"og:site_name\" content=\"hakmarfrance.online\" \/>\n<meta property=\"article:publisher\" content=\"https:\/\/www.facebook.com\/HakmarFranceSupermarche\/?locale=fr_FR\" \/>\n<meta property=\"og:image\" content=\"https:\/\/hakmarfrance.online\/wp-content\/uploads\/2025\/07\/freez-mix-litchi-boisson-gazeuse-275ml.avif\" \/>\n\t<meta property=\"og:image:width\" content=\"1000\" \/>\n\t<meta property=\"og:image:height\" content=\"800\" \/>\n\t<meta property=\"og:image:type\" content=\"image\/png\" \/>\n<meta name=\"twitter:card\" content=\"summary_large_image\" \/>\n<script type=\"application\/ld+json\" class=\"yoast-schema-graph\">{\"@context\":\"https:\\\/\\\/schema.org\",\"@graph\":[{\"@type\":\"WebPage\",\"@id\":\"https:\\\/\\\/hakmarfrance.online\\\/de\\\/produit\\\/freez-mix-litschi-erfrischungsgetraenk-275ml\\\/\",\"url\":\"https:\\\/\\\/hakmarfrance.online\\\/de\\\/produit\\\/freez-mix-litschi-erfrischungsgetraenk-275ml\\\/\",\"name\":\"Freez Mix Litschi \u2013 Erfrischungsgetr\u00e4nk \u2013 275ml - hakmarfrance.online\",\"isPartOf\":{\"@id\":\"https:\\\/\\\/hakmarfrance.online\\\/de\\\/#website\"},\"primaryImageOfPage\":{\"@id\":\"https:\\\/\\\/hakmarfrance.online\\\/de\\\/produit\\\/freez-mix-litschi-erfrischungsgetraenk-275ml\\\/#primaryimage\"},\"image\":{\"@id\":\"https:\\\/\\\/hakmarfrance.online\\\/de\\\/produit\\\/freez-mix-litschi-erfrischungsgetraenk-275ml\\\/#primaryimage\"},\"thumbnailUrl\":\"https:\\\/\\\/hakmarfrance.online\\\/wp-content\\\/uploads\\\/2025\\\/07\\\/freez-mix-litchi-boisson-gazeuse-275ml.avif\",\"datePublished\":\"2025-07-09T07:06:16+00:00\",\"breadcrumb\":{\"@id\":\"https:\\\/\\\/hakmarfrance.online\\\/de\\\/produit\\\/freez-mix-litschi-erfrischungsgetraenk-275ml\\\/#breadcrumb\"},\"inLanguage\":\"de\",\"potentialAction\":[{\"@type\":\"ReadAction\",\"target\":[\"https:\\\/\\\/hakmarfrance.online\\\/de\\\/produit\\\/freez-mix-litschi-erfrischungsgetraenk-275ml\\\/\"]}]},{\"@type\":\"ImageObject\",\"inLanguage\":\"de\",\"@id\":\"https:\\\/\\\/hakmarfrance.online\\\/de\\\/produit\\\/freez-mix-litschi-erfrischungsgetraenk-275ml\\\/#primaryimage\",\"url\":\"https:\\\/\\\/hakmarfrance.online\\\/wp-content\\\/uploads\\\/2025\\\/07\\\/freez-mix-litchi-boisson-gazeuse-275ml.avif\",\"contentUrl\":\"https:\\\/\\\/hakmarfrance.online\\\/wp-content\\\/uploads\\\/2025\\\/07\\\/freez-mix-litchi-boisson-gazeuse-275ml.avif\",\"width\":1000,\"height\":800,\"caption\":\"Freez Mix Litschi \u2013 275 ml, fruchtiges alkoholfreies Erfrischungsgetr\u00e4nk mit Litschi-Geschmack\"},{\"@type\":\"BreadcrumbList\",\"@id\":\"https:\\\/\\\/hakmarfrance.online\\\/de\\\/produit\\\/freez-mix-litschi-erfrischungsgetraenk-275ml\\\/#breadcrumb\",\"itemListElement\":[{\"@type\":\"ListItem\",\"position\":1,\"name\":\"Accueil\",\"item\":\"https:\\\/\\\/hakmarfrance.online\\\/de\\\/\"},{\"@type\":\"ListItem\",\"position\":2,\"name\":\"Shop\",\"item\":\"https:\\\/\\\/hakmarfrance.online\\\/de\\\/shop\\\/\"},{\"@type\":\"ListItem\",\"position\":3,\"name\":\"Freez Mix Litschi \u2013 Erfrischungsgetr\u00e4nk \u2013 275ml\"}]},{\"@type\":\"WebSite\",\"@id\":\"https:\\\/\\\/hakmarfrance.online\\\/de\\\/#website\",\"url\":\"https:\\\/\\\/hakmarfrance.online\\\/de\\\/\",\"name\":\"hakmarfrance.online\",\"description\":\"\",\"publisher\":{\"@id\":\"https:\\\/\\\/hakmarfrance.online\\\/de\\\/#organization\"},\"potentialAction\":[{\"@type\":\"SearchAction\",\"target\":{\"@type\":\"EntryPoint\",\"urlTemplate\":\"https:\\\/\\\/hakmarfrance.online\\\/de\\\/?s={search_term_string}\"},\"query-input\":{\"@type\":\"PropertyValueSpecification\",\"valueRequired\":true,\"valueName\":\"search_term_string\"}}],\"inLanguage\":\"de\"},{\"@type\":\"Organization\",\"@id\":\"https:\\\/\\\/hakmarfrance.online\\\/de\\\/#organization\",\"name\":\"hakmarfrance.online\",\"url\":\"https:\\\/\\\/hakmarfrance.online\\\/de\\\/\",\"logo\":{\"@type\":\"ImageObject\",\"inLanguage\":\"de\",\"@id\":\"https:\\\/\\\/hakmarfrance.online\\\/de\\\/#\\\/schema\\\/logo\\\/image\\\/\",\"url\":\"https:\\\/\\\/hakmarfrance.online\\\/wp-content\\\/uploads\\\/2025\\\/06\\\/logo-hakmarfrance.png\",\"contentUrl\":\"https:\\\/\\\/hakmarfrance.online\\\/wp-content\\\/uploads\\\/2025\\\/06\\\/logo-hakmarfrance.png\",\"width\":528,\"height\":232,\"caption\":\"hakmarfrance.online\"},\"image\":{\"@id\":\"https:\\\/\\\/hakmarfrance.online\\\/de\\\/#\\\/schema\\\/logo\\\/image\\\/\"},\"sameAs\":[\"https:\\\/\\\/www.facebook.com\\\/HakmarFranceSupermarche\\\/?locale=fr_FR\",\"https:\\\/\\\/www.instagram.com\\\/hakmarfrancesupermarche\\\/\"]}]}<\/script>\n<!-- \/ Yoast SEO plugin. -->","yoast_head_json":{"title":"Freez Mix Litschi \u2013 Erfrischungsgetr\u00e4nk \u2013 275ml - hakmarfrance.online","robots":{"index":"index","follow":"follow","max-snippet":"max-snippet:-1","max-image-preview":"max-image-preview:large","max-video-preview":"max-video-preview:-1"},"canonical":"https:\/\/hakmarfrance.online\/de\/produit\/freez-mix-litschi-erfrischungsgetraenk-275ml\/","og_locale":"de_DE","og_type":"article","og_title":"Freez Mix Litschi \u2013 Erfrischungsgetr\u00e4nk \u2013 275ml - hakmarfrance.online","og_description":"Lass dich entf\u00fchren vom Freez Mix Litschi-Erfrischungsgetr\u00e4nk, einem exotischen und subtilen Geschmack in einer stilvollen und modernen Flasche. Ein alkoholfreies, nat\u00fcrlich prickelndes Getr\u00e4nk, perfekt f\u00fcr deine entspannten Momente. \u2714\ufe0f Fruchtiges Litschi-Aroma, erfrischend und mild\u2714\ufe0f Ohne k\u00fcnstliche Farbstoffe\u2714\ufe0f Alkoholfreies Erfrischungsgetr\u00e4nk \u2013 ideal f\u00fcr alle\u2714\ufe0f Elegante Glasflasche \u2013 275 ml\u2714\ufe0f Gut gek\u00fchlt genie\u00dfen Ein fruchtiger und raffinierter Genuss im poppigen und trendigen Design. Das Freez Mix Litschi ist das Getr\u00e4nk, das nicht unbemerkt bleibt!","og_url":"https:\/\/hakmarfrance.online\/de\/produit\/freez-mix-litschi-erfrischungsgetraenk-275ml\/","og_site_name":"hakmarfrance.online","article_publisher":"https:\/\/www.facebook.com\/HakmarFranceSupermarche\/?locale=fr_FR","og_image":[{"width":1000,"height":800,"url":"https:\/\/hakmarfrance.online\/wp-content\/uploads\/2025\/07\/freez-mix-litchi-boisson-gazeuse-275ml.avif","type":"image\/png"}],"twitter_card":"summary_large_image","schema":{"@context":"https:\/\/schema.org","@graph":[{"@type":"WebPage","@id":"https:\/\/hakmarfrance.online\/de\/produit\/freez-mix-litschi-erfrischungsgetraenk-275ml\/","url":"https:\/\/hakmarfrance.online\/de\/produit\/freez-mix-litschi-erfrischungsgetraenk-275ml\/","name":"Freez Mix Litschi \u2013 Erfrischungsgetr\u00e4nk \u2013 275ml - hakmarfrance.online","isPartOf":{"@id":"https:\/\/hakmarfrance.online\/de\/#website"},"primaryImageOfPage":{"@id":"https:\/\/hakmarfrance.online\/de\/produit\/freez-mix-litschi-erfrischungsgetraenk-275ml\/#primaryimage"},"image":{"@id":"https:\/\/hakmarfrance.online\/de\/produit\/freez-mix-litschi-erfrischungsgetraenk-275ml\/#primaryimage"},"thumbnailUrl":"https:\/\/hakmarfrance.online\/wp-content\/uploads\/2025\/07\/freez-mix-litchi-boisson-gazeuse-275ml.avif","datePublished":"2025-07-09T07:06:16+00:00","breadcrumb":{"@id":"https:\/\/hakmarfrance.online\/de\/produit\/freez-mix-litschi-erfrischungsgetraenk-275ml\/#breadcrumb"},"inLanguage":"de","potentialAction":[{"@type":"ReadAction","target":["https:\/\/hakmarfrance.online\/de\/produit\/freez-mix-litschi-erfrischungsgetraenk-275ml\/"]}]},{"@type":"ImageObject","inLanguage":"de","@id":"https:\/\/hakmarfrance.online\/de\/produit\/freez-mix-litschi-erfrischungsgetraenk-275ml\/#primaryimage","url":"https:\/\/hakmarfrance.online\/wp-content\/uploads\/2025\/07\/freez-mix-litchi-boisson-gazeuse-275ml.avif","contentUrl":"https:\/\/hakmarfrance.online\/wp-content\/uploads\/2025\/07\/freez-mix-litchi-boisson-gazeuse-275ml.avif","width":1000,"height":800,"caption":"Freez Mix Litschi \u2013 275 ml, fruchtiges alkoholfreies Erfrischungsgetr\u00e4nk mit Litschi-Geschmack"},{"@type":"BreadcrumbList","@id":"https:\/\/hakmarfrance.online\/de\/produit\/freez-mix-litschi-erfrischungsgetraenk-275ml\/#breadcrumb","itemListElement":[{"@type":"ListItem","position":1,"name":"Accueil","item":"https:\/\/hakmarfrance.online\/de\/"},{"@type":"ListItem","position":2,"name":"Shop","item":"https:\/\/hakmarfrance.online\/de\/shop\/"},{"@type":"ListItem","position":3,"name":"Freez Mix Litschi \u2013 Erfrischungsgetr\u00e4nk \u2013 275ml"}]},{"@type":"WebSite","@id":"https:\/\/hakmarfrance.online\/de\/#website","url":"https:\/\/hakmarfrance.online\/de\/","name":"hakmarfrance.online","description":"","publisher":{"@id":"https:\/\/hakmarfrance.online\/de\/#organization"},"potentialAction":[{"@type":"SearchAction","target":{"@type":"EntryPoint","urlTemplate":"https:\/\/hakmarfrance.online\/de\/?s={search_term_string}"},"query-input":{"@type":"PropertyValueSpecification","valueRequired":true,"valueName":"search_term_string"}}],"inLanguage":"de"},{"@type":"Organization","@id":"https:\/\/hakmarfrance.online\/de\/#organization","name":"hakmarfrance.online","url":"https:\/\/hakmarfrance.online\/de\/","logo":{"@type":"ImageObject","inLanguage":"de","@id":"https:\/\/hakmarfrance.online\/de\/#\/schema\/logo\/image\/","url":"https:\/\/hakmarfrance.online\/wp-content\/uploads\/2025\/06\/logo-hakmarfrance.png","contentUrl":"https:\/\/hakmarfrance.online\/wp-content\/uploads\/2025\/06\/logo-hakmarfrance.png","width":528,"height":232,"caption":"hakmarfrance.online"},"image":{"@id":"https:\/\/hakmarfrance.online\/de\/#\/schema\/logo\/image\/"},"sameAs":["https:\/\/www.facebook.com\/HakmarFranceSupermarche\/?locale=fr_FR","https:\/\/www.instagram.com\/hakmarfrancesupermarche\/"]}]}},"_links":{"self":[{"href":"https:\/\/hakmarfrance.online\/de\/wp-json\/wp\/v2\/product\/17709","targetHints":{"allow":["GET"]}}],"collection":[{"href":"https:\/\/hakmarfrance.online\/de\/wp-json\/wp\/v2\/product"}],"about":[{"href":"https:\/\/hakmarfrance.online\/de\/wp-json\/wp\/v2\/types\/product"}],"replies":[{"embeddable":true,"href":"https:\/\/hakmarfrance.online\/de\/wp-json\/wp\/v2\/comments?post=17709"}],"version-history":[{"count":0,"href":"https:\/\/hakmarfrance.online\/de\/wp-json\/wp\/v2\/product\/17709\/revisions"}],"wp:featuredmedia":[{"embeddable":true,"href":"https:\/\/hakmarfrance.online\/de\/wp-json\/wp\/v2\/media\/17710"}],"wp:attachment":[{"href":"https:\/\/hakmarfrance.online\/de\/wp-json\/wp\/v2\/media?parent=17709"}],"wp:term":[{"taxonomy":"product_brand","embeddable":true,"href":"https:\/\/hakmarfrance.online\/de\/wp-json\/wp\/v2\/product_brand?post=17709"},{"taxonomy":"product_cat","embeddable":true,"href":"https:\/\/hakmarfrance.online\/de\/wp-json\/wp\/v2\/product_cat?post=17709"},{"taxonomy":"product_tag","embeddable":true,"href":"https:\/\/hakmarfrance.online\/de\/wp-json\/wp\/v2\/product_tag?post=17709"}],"curies":[{"name":"wp","href":"https:\/\/api.w.org\/{rel}","templated":true}]}}