{"id":17713,"date":"2025-07-09T07:29:37","date_gmt":"2025-07-09T07:29:37","guid":{"rendered":"https:\/\/hakmarfrance.online\/produit\/oencue-scharfe-sosse-aci-sos-red-hot-pepper-330-g\/"},"modified":"2025-07-09T07:29:37","modified_gmt":"2025-07-09T07:29:37","slug":"oencue-scharfe-sosse-aci-sos-red-hot-pepper-330-g","status":"publish","type":"product","link":"https:\/\/hakmarfrance.online\/de\/produit\/oencue-scharfe-sosse-aci-sos-red-hot-pepper-330-g\/","title":{"rendered":"\u00d6nc\u00fc Scharfe So\u00dfe \u2013 Ac\u0131 Sos Red Hot Pepper \u2013 330 g"},"content":{"rendered":"<p data-start=\"254\" data-end=\"642\">Verleihe deinen Gerichten W\u00fcrze mit der \u00d6nc\u00fc Ac\u0131 Sos! Diese scharfe Paprikaso\u00dfe ist perfekt, um deine Grillgerichte, Kebabs, Burger und andere Rezepte aufzupeppen. Ideal f\u00fcr Liebhaber kr\u00e4ftiger Aromen, bietet sie einen authentischen Geschmack und eine kontrollierte Sch\u00e4rfe. Ihr flexibles Format erm\u00f6glicht eine einfache t\u00e4gliche Anwendung.   <\/p>\n<p data-start=\"644\" data-end=\"765\">\ud83c\udf36 F\u00fcr alle, die es feurig m\u00f6gen<br data-start=\"690\" data-end=\"693\">\ud83c\uddf9\ud83c\uddf7 T\u00fcrkische Qualit\u00e4tsherstellung<br data-start=\"727\" data-end=\"730\">\ud83d\udcaa Cremige Textur, kr\u00e4ftiger Geschmack<\/p>\n<p data-start=\"767\" data-end=\"803\">\u2705 <strong data-start=\"769\" data-end=\"801\">Hauptmerkmale<\/strong>:<\/p>\n<ul data-start=\"805\" data-end=\"980\">\n<li data-start=\"805\" data-end=\"826\">\n<p data-start=\"807\" data-end=\"826\">Nettogewicht: 330 g<\/p>\n<\/li>\n<li data-start=\"827\" data-end=\"857\">\n<p data-start=\"829\" data-end=\"857\">Scharfe rote Paprikaso\u00dfe<\/p>\n<\/li>\n<li data-start=\"858\" data-end=\"898\">\n<p data-start=\"860\" data-end=\"898\">Quetschflasche mit Dosierverschluss<\/p>\n<\/li>\n<li data-start=\"899\" data-end=\"947\">\n<p data-start=\"901\" data-end=\"947\">Ideal f\u00fcr Fleisch, Sandwiches und Pommes<\/p>\n<\/li>\n<li data-start=\"948\" data-end=\"980\">\n<p data-start=\"950\" data-end=\"980\">Ohne k\u00fcnstliche Konservierungsstoffe<\/p>\n<\/li>\n<\/ul>\n","protected":false},"excerpt":{"rendered":"<p><strong data-start=\"1396\" data-end=\"1443\">\u00d6nc\u00fc scharfe Paprikaso\u00dfe \u2013 330 g<\/strong>: Eine unverzichtbare scharfe So\u00dfe, um deine Gerichte mit Intensit\u00e4t und Geschmack zu verfeinern. Ideal f\u00fcr Liebhaber w\u00fcrziger K\u00fcche. <\/p>\n","protected":false},"featured_media":17714,"comment_status":"open","ping_status":"closed","template":"","meta":{"iawp_total_views":0},"product_brand":[],"product_cat":[226,235,268],"product_tag":[],"class_list":{"0":"post-17713","1":"product","2":"type-product","3":"status-publish","4":"has-post-thumbnail","6":"product_cat-alle-unsere-produkte","7":"product_cat-gewurze-gewurzmischungen","8":"product_cat-herzhafte-lebensmittel","10":"first","11":"instock","12":"shipping-taxable","13":"purchasable","14":"product-type-simple"},"yoast_head":"<!-- This site is optimized with the Yoast SEO plugin v27.3 - https:\/\/yoast.com\/product\/yoast-seo-wordpress\/ -->\n<title>\u00d6nc\u00fc Scharfe So\u00dfe \u2013 Ac\u0131 Sos Red Hot Pepper \u2013 330 g - hakmarfrance.online<\/title>\n<meta name=\"robots\" content=\"index, follow, max-snippet:-1, max-image-preview:large, max-video-preview:-1\" \/>\n<link rel=\"canonical\" href=\"https:\/\/hakmarfrance.online\/de\/produit\/oencue-scharfe-sosse-aci-sos-red-hot-pepper-330-g\/\" \/>\n<meta property=\"og:locale\" content=\"de_DE\" \/>\n<meta property=\"og:type\" content=\"article\" \/>\n<meta property=\"og:title\" content=\"\u00d6nc\u00fc Scharfe So\u00dfe \u2013 Ac\u0131 Sos Red Hot Pepper \u2013 330 g - hakmarfrance.online\" \/>\n<meta property=\"og:description\" content=\"\u00d6nc\u00fc scharfe Paprikaso\u00dfe \u2013 330 g: Eine unverzichtbare scharfe So\u00dfe, um deine Gerichte mit Intensit\u00e4t und Geschmack zu verfeinern. Ideal f\u00fcr Liebhaber w\u00fcrziger K\u00fcche.\" \/>\n<meta property=\"og:url\" content=\"https:\/\/hakmarfrance.online\/de\/produit\/oencue-scharfe-sosse-aci-sos-red-hot-pepper-330-g\/\" \/>\n<meta property=\"og:site_name\" content=\"hakmarfrance.online\" \/>\n<meta property=\"article:publisher\" content=\"https:\/\/www.facebook.com\/HakmarFranceSupermarche\/?locale=fr_FR\" \/>\n<meta property=\"og:image\" content=\"https:\/\/hakmarfrance.online\/wp-content\/uploads\/2025\/07\/sauce-piquante-oncu-aci-sos-330g.avif\" \/>\n\t<meta property=\"og:image:width\" content=\"1000\" \/>\n\t<meta property=\"og:image:height\" content=\"800\" \/>\n\t<meta property=\"og:image:type\" content=\"image\/png\" \/>\n<meta name=\"twitter:card\" content=\"summary_large_image\" \/>\n<script type=\"application\/ld+json\" class=\"yoast-schema-graph\">{\"@context\":\"https:\\\/\\\/schema.org\",\"@graph\":[{\"@type\":\"WebPage\",\"@id\":\"https:\\\/\\\/hakmarfrance.online\\\/de\\\/produit\\\/oencue-scharfe-sosse-aci-sos-red-hot-pepper-330-g\\\/\",\"url\":\"https:\\\/\\\/hakmarfrance.online\\\/de\\\/produit\\\/oencue-scharfe-sosse-aci-sos-red-hot-pepper-330-g\\\/\",\"name\":\"\u00d6nc\u00fc Scharfe So\u00dfe \u2013 Ac\u0131 Sos Red Hot Pepper \u2013 330 g - hakmarfrance.online\",\"isPartOf\":{\"@id\":\"https:\\\/\\\/hakmarfrance.online\\\/de\\\/#website\"},\"primaryImageOfPage\":{\"@id\":\"https:\\\/\\\/hakmarfrance.online\\\/de\\\/produit\\\/oencue-scharfe-sosse-aci-sos-red-hot-pepper-330-g\\\/#primaryimage\"},\"image\":{\"@id\":\"https:\\\/\\\/hakmarfrance.online\\\/de\\\/produit\\\/oencue-scharfe-sosse-aci-sos-red-hot-pepper-330-g\\\/#primaryimage\"},\"thumbnailUrl\":\"https:\\\/\\\/hakmarfrance.online\\\/wp-content\\\/uploads\\\/2025\\\/07\\\/sauce-piquante-oncu-aci-sos-330g.avif\",\"datePublished\":\"2025-07-09T07:29:37+00:00\",\"breadcrumb\":{\"@id\":\"https:\\\/\\\/hakmarfrance.online\\\/de\\\/produit\\\/oencue-scharfe-sosse-aci-sos-red-hot-pepper-330-g\\\/#breadcrumb\"},\"inLanguage\":\"de\",\"potentialAction\":[{\"@type\":\"ReadAction\",\"target\":[\"https:\\\/\\\/hakmarfrance.online\\\/de\\\/produit\\\/oencue-scharfe-sosse-aci-sos-red-hot-pepper-330-g\\\/\"]}]},{\"@type\":\"ImageObject\",\"inLanguage\":\"de\",\"@id\":\"https:\\\/\\\/hakmarfrance.online\\\/de\\\/produit\\\/oencue-scharfe-sosse-aci-sos-red-hot-pepper-330-g\\\/#primaryimage\",\"url\":\"https:\\\/\\\/hakmarfrance.online\\\/wp-content\\\/uploads\\\/2025\\\/07\\\/sauce-piquante-oncu-aci-sos-330g.avif\",\"contentUrl\":\"https:\\\/\\\/hakmarfrance.online\\\/wp-content\\\/uploads\\\/2025\\\/07\\\/sauce-piquante-oncu-aci-sos-330g.avif\",\"width\":1000,\"height\":800,\"caption\":\"\u00d6nc\u00fc Ac\u0131 Sos \u2013 Intensive rote Paprika \u2013 Flasche 330 g\"},{\"@type\":\"BreadcrumbList\",\"@id\":\"https:\\\/\\\/hakmarfrance.online\\\/de\\\/produit\\\/oencue-scharfe-sosse-aci-sos-red-hot-pepper-330-g\\\/#breadcrumb\",\"itemListElement\":[{\"@type\":\"ListItem\",\"position\":1,\"name\":\"Accueil\",\"item\":\"https:\\\/\\\/hakmarfrance.online\\\/de\\\/\"},{\"@type\":\"ListItem\",\"position\":2,\"name\":\"Shop\",\"item\":\"https:\\\/\\\/hakmarfrance.online\\\/de\\\/shop\\\/\"},{\"@type\":\"ListItem\",\"position\":3,\"name\":\"\u00d6nc\u00fc Scharfe So\u00dfe \u2013 Ac\u0131 Sos Red Hot Pepper \u2013 330 g\"}]},{\"@type\":\"WebSite\",\"@id\":\"https:\\\/\\\/hakmarfrance.online\\\/de\\\/#website\",\"url\":\"https:\\\/\\\/hakmarfrance.online\\\/de\\\/\",\"name\":\"hakmarfrance.online\",\"description\":\"\",\"publisher\":{\"@id\":\"https:\\\/\\\/hakmarfrance.online\\\/de\\\/#organization\"},\"potentialAction\":[{\"@type\":\"SearchAction\",\"target\":{\"@type\":\"EntryPoint\",\"urlTemplate\":\"https:\\\/\\\/hakmarfrance.online\\\/de\\\/?s={search_term_string}\"},\"query-input\":{\"@type\":\"PropertyValueSpecification\",\"valueRequired\":true,\"valueName\":\"search_term_string\"}}],\"inLanguage\":\"de\"},{\"@type\":\"Organization\",\"@id\":\"https:\\\/\\\/hakmarfrance.online\\\/de\\\/#organization\",\"name\":\"hakmarfrance.online\",\"url\":\"https:\\\/\\\/hakmarfrance.online\\\/de\\\/\",\"logo\":{\"@type\":\"ImageObject\",\"inLanguage\":\"de\",\"@id\":\"https:\\\/\\\/hakmarfrance.online\\\/de\\\/#\\\/schema\\\/logo\\\/image\\\/\",\"url\":\"https:\\\/\\\/hakmarfrance.online\\\/wp-content\\\/uploads\\\/2025\\\/06\\\/logo-hakmarfrance.png\",\"contentUrl\":\"https:\\\/\\\/hakmarfrance.online\\\/wp-content\\\/uploads\\\/2025\\\/06\\\/logo-hakmarfrance.png\",\"width\":528,\"height\":232,\"caption\":\"hakmarfrance.online\"},\"image\":{\"@id\":\"https:\\\/\\\/hakmarfrance.online\\\/de\\\/#\\\/schema\\\/logo\\\/image\\\/\"},\"sameAs\":[\"https:\\\/\\\/www.facebook.com\\\/HakmarFranceSupermarche\\\/?locale=fr_FR\",\"https:\\\/\\\/www.instagram.com\\\/hakmarfrancesupermarche\\\/\"]}]}<\/script>\n<!-- \/ Yoast SEO plugin. -->","yoast_head_json":{"title":"\u00d6nc\u00fc Scharfe So\u00dfe \u2013 Ac\u0131 Sos Red Hot Pepper \u2013 330 g - hakmarfrance.online","robots":{"index":"index","follow":"follow","max-snippet":"max-snippet:-1","max-image-preview":"max-image-preview:large","max-video-preview":"max-video-preview:-1"},"canonical":"https:\/\/hakmarfrance.online\/de\/produit\/oencue-scharfe-sosse-aci-sos-red-hot-pepper-330-g\/","og_locale":"de_DE","og_type":"article","og_title":"\u00d6nc\u00fc Scharfe So\u00dfe \u2013 Ac\u0131 Sos Red Hot Pepper \u2013 330 g - hakmarfrance.online","og_description":"\u00d6nc\u00fc scharfe Paprikaso\u00dfe \u2013 330 g: Eine unverzichtbare scharfe So\u00dfe, um deine Gerichte mit Intensit\u00e4t und Geschmack zu verfeinern. Ideal f\u00fcr Liebhaber w\u00fcrziger K\u00fcche.","og_url":"https:\/\/hakmarfrance.online\/de\/produit\/oencue-scharfe-sosse-aci-sos-red-hot-pepper-330-g\/","og_site_name":"hakmarfrance.online","article_publisher":"https:\/\/www.facebook.com\/HakmarFranceSupermarche\/?locale=fr_FR","og_image":[{"width":1000,"height":800,"url":"https:\/\/hakmarfrance.online\/wp-content\/uploads\/2025\/07\/sauce-piquante-oncu-aci-sos-330g.avif","type":"image\/png"}],"twitter_card":"summary_large_image","schema":{"@context":"https:\/\/schema.org","@graph":[{"@type":"WebPage","@id":"https:\/\/hakmarfrance.online\/de\/produit\/oencue-scharfe-sosse-aci-sos-red-hot-pepper-330-g\/","url":"https:\/\/hakmarfrance.online\/de\/produit\/oencue-scharfe-sosse-aci-sos-red-hot-pepper-330-g\/","name":"\u00d6nc\u00fc Scharfe So\u00dfe \u2013 Ac\u0131 Sos Red Hot Pepper \u2013 330 g - hakmarfrance.online","isPartOf":{"@id":"https:\/\/hakmarfrance.online\/de\/#website"},"primaryImageOfPage":{"@id":"https:\/\/hakmarfrance.online\/de\/produit\/oencue-scharfe-sosse-aci-sos-red-hot-pepper-330-g\/#primaryimage"},"image":{"@id":"https:\/\/hakmarfrance.online\/de\/produit\/oencue-scharfe-sosse-aci-sos-red-hot-pepper-330-g\/#primaryimage"},"thumbnailUrl":"https:\/\/hakmarfrance.online\/wp-content\/uploads\/2025\/07\/sauce-piquante-oncu-aci-sos-330g.avif","datePublished":"2025-07-09T07:29:37+00:00","breadcrumb":{"@id":"https:\/\/hakmarfrance.online\/de\/produit\/oencue-scharfe-sosse-aci-sos-red-hot-pepper-330-g\/#breadcrumb"},"inLanguage":"de","potentialAction":[{"@type":"ReadAction","target":["https:\/\/hakmarfrance.online\/de\/produit\/oencue-scharfe-sosse-aci-sos-red-hot-pepper-330-g\/"]}]},{"@type":"ImageObject","inLanguage":"de","@id":"https:\/\/hakmarfrance.online\/de\/produit\/oencue-scharfe-sosse-aci-sos-red-hot-pepper-330-g\/#primaryimage","url":"https:\/\/hakmarfrance.online\/wp-content\/uploads\/2025\/07\/sauce-piquante-oncu-aci-sos-330g.avif","contentUrl":"https:\/\/hakmarfrance.online\/wp-content\/uploads\/2025\/07\/sauce-piquante-oncu-aci-sos-330g.avif","width":1000,"height":800,"caption":"\u00d6nc\u00fc Ac\u0131 Sos \u2013 Intensive rote Paprika \u2013 Flasche 330 g"},{"@type":"BreadcrumbList","@id":"https:\/\/hakmarfrance.online\/de\/produit\/oencue-scharfe-sosse-aci-sos-red-hot-pepper-330-g\/#breadcrumb","itemListElement":[{"@type":"ListItem","position":1,"name":"Accueil","item":"https:\/\/hakmarfrance.online\/de\/"},{"@type":"ListItem","position":2,"name":"Shop","item":"https:\/\/hakmarfrance.online\/de\/shop\/"},{"@type":"ListItem","position":3,"name":"\u00d6nc\u00fc Scharfe So\u00dfe \u2013 Ac\u0131 Sos Red Hot Pepper \u2013 330 g"}]},{"@type":"WebSite","@id":"https:\/\/hakmarfrance.online\/de\/#website","url":"https:\/\/hakmarfrance.online\/de\/","name":"hakmarfrance.online","description":"","publisher":{"@id":"https:\/\/hakmarfrance.online\/de\/#organization"},"potentialAction":[{"@type":"SearchAction","target":{"@type":"EntryPoint","urlTemplate":"https:\/\/hakmarfrance.online\/de\/?s={search_term_string}"},"query-input":{"@type":"PropertyValueSpecification","valueRequired":true,"valueName":"search_term_string"}}],"inLanguage":"de"},{"@type":"Organization","@id":"https:\/\/hakmarfrance.online\/de\/#organization","name":"hakmarfrance.online","url":"https:\/\/hakmarfrance.online\/de\/","logo":{"@type":"ImageObject","inLanguage":"de","@id":"https:\/\/hakmarfrance.online\/de\/#\/schema\/logo\/image\/","url":"https:\/\/hakmarfrance.online\/wp-content\/uploads\/2025\/06\/logo-hakmarfrance.png","contentUrl":"https:\/\/hakmarfrance.online\/wp-content\/uploads\/2025\/06\/logo-hakmarfrance.png","width":528,"height":232,"caption":"hakmarfrance.online"},"image":{"@id":"https:\/\/hakmarfrance.online\/de\/#\/schema\/logo\/image\/"},"sameAs":["https:\/\/www.facebook.com\/HakmarFranceSupermarche\/?locale=fr_FR","https:\/\/www.instagram.com\/hakmarfrancesupermarche\/"]}]}},"_links":{"self":[{"href":"https:\/\/hakmarfrance.online\/de\/wp-json\/wp\/v2\/product\/17713","targetHints":{"allow":["GET"]}}],"collection":[{"href":"https:\/\/hakmarfrance.online\/de\/wp-json\/wp\/v2\/product"}],"about":[{"href":"https:\/\/hakmarfrance.online\/de\/wp-json\/wp\/v2\/types\/product"}],"replies":[{"embeddable":true,"href":"https:\/\/hakmarfrance.online\/de\/wp-json\/wp\/v2\/comments?post=17713"}],"version-history":[{"count":0,"href":"https:\/\/hakmarfrance.online\/de\/wp-json\/wp\/v2\/product\/17713\/revisions"}],"wp:featuredmedia":[{"embeddable":true,"href":"https:\/\/hakmarfrance.online\/de\/wp-json\/wp\/v2\/media\/17714"}],"wp:attachment":[{"href":"https:\/\/hakmarfrance.online\/de\/wp-json\/wp\/v2\/media?parent=17713"}],"wp:term":[{"taxonomy":"product_brand","embeddable":true,"href":"https:\/\/hakmarfrance.online\/de\/wp-json\/wp\/v2\/product_brand?post=17713"},{"taxonomy":"product_cat","embeddable":true,"href":"https:\/\/hakmarfrance.online\/de\/wp-json\/wp\/v2\/product_cat?post=17713"},{"taxonomy":"product_tag","embeddable":true,"href":"https:\/\/hakmarfrance.online\/de\/wp-json\/wp\/v2\/product_tag?post=17713"}],"curies":[{"name":"wp","href":"https:\/\/api.w.org\/{rel}","templated":true}]}}