{"id":17719,"date":"2025-07-09T07:06:15","date_gmt":"2025-07-09T07:06:15","guid":{"rendered":"https:\/\/hakmarfrance.online\/produit\/monster-energy-zero-sugar-top-speed-edition-500ml\/"},"modified":"2025-07-09T07:06:15","modified_gmt":"2025-07-09T07:06:15","slug":"monster-energy-zero-sugar-top-speed-edition-500ml","status":"publish","type":"product","link":"https:\/\/hakmarfrance.online\/de\/produit\/monster-energy-zero-sugar-top-speed-edition-500ml\/","title":{"rendered":"Monster Energy Zero Sugar \u2013 Top Speed Edition \u2013 500ml"},"content":{"rendered":"","protected":false},"excerpt":{"rendered":"<p data-start=\"357\" data-end=\"572\">Komm auf Touren mit der <strong data-start=\"402\" data-end=\"443\">Monster Energy Zero Sugar \u2013 Top Speed<\/strong>! Die ganze Monster-Energie in einem <strong data-start=\"487\" data-end=\"501\">zuckerfreien<\/strong> Getr\u00e4nk, mit kr\u00e4ftigem und erfrischendem Geschmack, entwickelt f\u00fcr alle, die H\u00f6chstleistungen erbringen.<\/p>\n<p data-start=\"574\" data-end=\"822\">\u2714\ufe0f Zuckerfreies Energy-Getr\u00e4nk<br data-start=\"607\" data-end=\"610\">\u2714\ufe0f Koffein- und Vitamin-B-Boost<br data-start=\"644\" data-end=\"647\">\u2714\ufe0f 500-ml-Dose \u2013 f\u00fcr intensive Tage<br data-start=\"696\" data-end=\"699\">\u2714\ufe0f Original Monster-Geschmack, ohne Kalorien<br data-start=\"742\" data-end=\"745\">\u2714\ufe0f Dynamisches \u201eTop Speed\u201c-Design, ideal f\u00fcr Adrenalin-Junkies<\/p>\n<p data-start=\"824\" data-end=\"926\"><strong data-start=\"824\" data-end=\"856\">Der Treibstoff f\u00fcr Performer<\/strong>, gut gek\u00fchlt genie\u00dfen vor dem Sport oder an einem langen Tag.<\/p>\n","protected":false},"featured_media":17720,"comment_status":"open","ping_status":"closed","template":"","meta":{"iawp_total_views":0},"product_brand":[201],"product_cat":[226,232,231],"product_tag":[],"class_list":{"0":"post-17719","1":"product","2":"type-product","3":"status-publish","4":"has-post-thumbnail","6":"product_brand-monster","7":"product_cat-alle-unsere-produkte","8":"product_cat-erfrischungsgetrank","9":"product_cat-getranke","11":"first","12":"instock","13":"shipping-taxable","14":"purchasable","15":"product-type-simple"},"yoast_head":"<!-- This site is optimized with the Yoast SEO plugin v27.3 - https:\/\/yoast.com\/product\/yoast-seo-wordpress\/ -->\n<title>Monster Energy Zero Sugar \u2013 Top Speed Edition \u2013 500ml - hakmarfrance.online<\/title>\n<meta name=\"robots\" content=\"index, follow, max-snippet:-1, max-image-preview:large, max-video-preview:-1\" \/>\n<link rel=\"canonical\" href=\"https:\/\/hakmarfrance.online\/de\/produit\/monster-energy-zero-sugar-top-speed-edition-500ml\/\" \/>\n<meta property=\"og:locale\" content=\"de_DE\" \/>\n<meta property=\"og:type\" content=\"article\" \/>\n<meta property=\"og:title\" content=\"Monster Energy Zero Sugar \u2013 Top Speed Edition \u2013 500ml - hakmarfrance.online\" \/>\n<meta property=\"og:description\" content=\"Komm auf Touren mit der Monster Energy Zero Sugar \u2013 Top Speed! Die ganze Monster-Energie in einem zuckerfreien Getr\u00e4nk, mit kr\u00e4ftigem und erfrischendem Geschmack, entwickelt f\u00fcr alle, die H\u00f6chstleistungen erbringen. \u2714\ufe0f Zuckerfreies Energy-Getr\u00e4nk\u2714\ufe0f Koffein- und Vitamin-B-Boost\u2714\ufe0f 500-ml-Dose \u2013 f\u00fcr intensive Tage\u2714\ufe0f Original Monster-Geschmack, ohne Kalorien\u2714\ufe0f Dynamisches \u201eTop Speed\u201c-Design, ideal f\u00fcr Adrenalin-Junkies Der Treibstoff f\u00fcr Performer, gut gek\u00fchlt genie\u00dfen vor dem Sport oder an einem langen Tag.\" \/>\n<meta property=\"og:url\" content=\"https:\/\/hakmarfrance.online\/de\/produit\/monster-energy-zero-sugar-top-speed-edition-500ml\/\" \/>\n<meta property=\"og:site_name\" content=\"hakmarfrance.online\" \/>\n<meta property=\"article:publisher\" content=\"https:\/\/www.facebook.com\/HakmarFranceSupermarche\/?locale=fr_FR\" \/>\n<meta property=\"og:image\" content=\"https:\/\/hakmarfrance.online\/wp-content\/uploads\/2025\/07\/monster-energy-zero-sugar-top-speed-500ml.avif\" \/>\n\t<meta property=\"og:image:width\" content=\"1000\" \/>\n\t<meta property=\"og:image:height\" content=\"800\" \/>\n\t<meta property=\"og:image:type\" content=\"image\/png\" \/>\n<meta name=\"twitter:card\" content=\"summary_large_image\" \/>\n<script type=\"application\/ld+json\" class=\"yoast-schema-graph\">{\"@context\":\"https:\\\/\\\/schema.org\",\"@graph\":[{\"@type\":\"WebPage\",\"@id\":\"https:\\\/\\\/hakmarfrance.online\\\/de\\\/produit\\\/monster-energy-zero-sugar-top-speed-edition-500ml\\\/\",\"url\":\"https:\\\/\\\/hakmarfrance.online\\\/de\\\/produit\\\/monster-energy-zero-sugar-top-speed-edition-500ml\\\/\",\"name\":\"Monster Energy Zero Sugar \u2013 Top Speed Edition \u2013 500ml - hakmarfrance.online\",\"isPartOf\":{\"@id\":\"https:\\\/\\\/hakmarfrance.online\\\/de\\\/#website\"},\"primaryImageOfPage\":{\"@id\":\"https:\\\/\\\/hakmarfrance.online\\\/de\\\/produit\\\/monster-energy-zero-sugar-top-speed-edition-500ml\\\/#primaryimage\"},\"image\":{\"@id\":\"https:\\\/\\\/hakmarfrance.online\\\/de\\\/produit\\\/monster-energy-zero-sugar-top-speed-edition-500ml\\\/#primaryimage\"},\"thumbnailUrl\":\"https:\\\/\\\/hakmarfrance.online\\\/wp-content\\\/uploads\\\/2025\\\/07\\\/monster-energy-zero-sugar-top-speed-500ml.avif\",\"datePublished\":\"2025-07-09T07:06:15+00:00\",\"breadcrumb\":{\"@id\":\"https:\\\/\\\/hakmarfrance.online\\\/de\\\/produit\\\/monster-energy-zero-sugar-top-speed-edition-500ml\\\/#breadcrumb\"},\"inLanguage\":\"de\",\"potentialAction\":[{\"@type\":\"ReadAction\",\"target\":[\"https:\\\/\\\/hakmarfrance.online\\\/de\\\/produit\\\/monster-energy-zero-sugar-top-speed-edition-500ml\\\/\"]}]},{\"@type\":\"ImageObject\",\"inLanguage\":\"de\",\"@id\":\"https:\\\/\\\/hakmarfrance.online\\\/de\\\/produit\\\/monster-energy-zero-sugar-top-speed-edition-500ml\\\/#primaryimage\",\"url\":\"https:\\\/\\\/hakmarfrance.online\\\/wp-content\\\/uploads\\\/2025\\\/07\\\/monster-energy-zero-sugar-top-speed-500ml.avif\",\"contentUrl\":\"https:\\\/\\\/hakmarfrance.online\\\/wp-content\\\/uploads\\\/2025\\\/07\\\/monster-energy-zero-sugar-top-speed-500ml.avif\",\"width\":1000,\"height\":800,\"caption\":\"Monster Energy Top Speed \u2013 Zuckerfrei \u2013 500 ml, das Energy-Getr\u00e4nk mit kr\u00e4ftigem Geschmack ohne Kalorien\"},{\"@type\":\"BreadcrumbList\",\"@id\":\"https:\\\/\\\/hakmarfrance.online\\\/de\\\/produit\\\/monster-energy-zero-sugar-top-speed-edition-500ml\\\/#breadcrumb\",\"itemListElement\":[{\"@type\":\"ListItem\",\"position\":1,\"name\":\"Accueil\",\"item\":\"https:\\\/\\\/hakmarfrance.online\\\/de\\\/\"},{\"@type\":\"ListItem\",\"position\":2,\"name\":\"Shop\",\"item\":\"https:\\\/\\\/hakmarfrance.online\\\/de\\\/shop\\\/\"},{\"@type\":\"ListItem\",\"position\":3,\"name\":\"Monster Energy Zero Sugar \u2013 Top Speed Edition \u2013 500ml\"}]},{\"@type\":\"WebSite\",\"@id\":\"https:\\\/\\\/hakmarfrance.online\\\/de\\\/#website\",\"url\":\"https:\\\/\\\/hakmarfrance.online\\\/de\\\/\",\"name\":\"hakmarfrance.online\",\"description\":\"\",\"publisher\":{\"@id\":\"https:\\\/\\\/hakmarfrance.online\\\/de\\\/#organization\"},\"potentialAction\":[{\"@type\":\"SearchAction\",\"target\":{\"@type\":\"EntryPoint\",\"urlTemplate\":\"https:\\\/\\\/hakmarfrance.online\\\/de\\\/?s={search_term_string}\"},\"query-input\":{\"@type\":\"PropertyValueSpecification\",\"valueRequired\":true,\"valueName\":\"search_term_string\"}}],\"inLanguage\":\"de\"},{\"@type\":\"Organization\",\"@id\":\"https:\\\/\\\/hakmarfrance.online\\\/de\\\/#organization\",\"name\":\"hakmarfrance.online\",\"url\":\"https:\\\/\\\/hakmarfrance.online\\\/de\\\/\",\"logo\":{\"@type\":\"ImageObject\",\"inLanguage\":\"de\",\"@id\":\"https:\\\/\\\/hakmarfrance.online\\\/de\\\/#\\\/schema\\\/logo\\\/image\\\/\",\"url\":\"https:\\\/\\\/hakmarfrance.online\\\/wp-content\\\/uploads\\\/2025\\\/06\\\/logo-hakmarfrance.png\",\"contentUrl\":\"https:\\\/\\\/hakmarfrance.online\\\/wp-content\\\/uploads\\\/2025\\\/06\\\/logo-hakmarfrance.png\",\"width\":528,\"height\":232,\"caption\":\"hakmarfrance.online\"},\"image\":{\"@id\":\"https:\\\/\\\/hakmarfrance.online\\\/de\\\/#\\\/schema\\\/logo\\\/image\\\/\"},\"sameAs\":[\"https:\\\/\\\/www.facebook.com\\\/HakmarFranceSupermarche\\\/?locale=fr_FR\",\"https:\\\/\\\/www.instagram.com\\\/hakmarfrancesupermarche\\\/\"]}]}<\/script>\n<!-- \/ Yoast SEO plugin. -->","yoast_head_json":{"title":"Monster Energy Zero Sugar \u2013 Top Speed Edition \u2013 500ml - hakmarfrance.online","robots":{"index":"index","follow":"follow","max-snippet":"max-snippet:-1","max-image-preview":"max-image-preview:large","max-video-preview":"max-video-preview:-1"},"canonical":"https:\/\/hakmarfrance.online\/de\/produit\/monster-energy-zero-sugar-top-speed-edition-500ml\/","og_locale":"de_DE","og_type":"article","og_title":"Monster Energy Zero Sugar \u2013 Top Speed Edition \u2013 500ml - hakmarfrance.online","og_description":"Komm auf Touren mit der Monster Energy Zero Sugar \u2013 Top Speed! Die ganze Monster-Energie in einem zuckerfreien Getr\u00e4nk, mit kr\u00e4ftigem und erfrischendem Geschmack, entwickelt f\u00fcr alle, die H\u00f6chstleistungen erbringen. \u2714\ufe0f Zuckerfreies Energy-Getr\u00e4nk\u2714\ufe0f Koffein- und Vitamin-B-Boost\u2714\ufe0f 500-ml-Dose \u2013 f\u00fcr intensive Tage\u2714\ufe0f Original Monster-Geschmack, ohne Kalorien\u2714\ufe0f Dynamisches \u201eTop Speed\u201c-Design, ideal f\u00fcr Adrenalin-Junkies Der Treibstoff f\u00fcr Performer, gut gek\u00fchlt genie\u00dfen vor dem Sport oder an einem langen Tag.","og_url":"https:\/\/hakmarfrance.online\/de\/produit\/monster-energy-zero-sugar-top-speed-edition-500ml\/","og_site_name":"hakmarfrance.online","article_publisher":"https:\/\/www.facebook.com\/HakmarFranceSupermarche\/?locale=fr_FR","og_image":[{"width":1000,"height":800,"url":"https:\/\/hakmarfrance.online\/wp-content\/uploads\/2025\/07\/monster-energy-zero-sugar-top-speed-500ml.avif","type":"image\/png"}],"twitter_card":"summary_large_image","schema":{"@context":"https:\/\/schema.org","@graph":[{"@type":"WebPage","@id":"https:\/\/hakmarfrance.online\/de\/produit\/monster-energy-zero-sugar-top-speed-edition-500ml\/","url":"https:\/\/hakmarfrance.online\/de\/produit\/monster-energy-zero-sugar-top-speed-edition-500ml\/","name":"Monster Energy Zero Sugar \u2013 Top Speed Edition \u2013 500ml - hakmarfrance.online","isPartOf":{"@id":"https:\/\/hakmarfrance.online\/de\/#website"},"primaryImageOfPage":{"@id":"https:\/\/hakmarfrance.online\/de\/produit\/monster-energy-zero-sugar-top-speed-edition-500ml\/#primaryimage"},"image":{"@id":"https:\/\/hakmarfrance.online\/de\/produit\/monster-energy-zero-sugar-top-speed-edition-500ml\/#primaryimage"},"thumbnailUrl":"https:\/\/hakmarfrance.online\/wp-content\/uploads\/2025\/07\/monster-energy-zero-sugar-top-speed-500ml.avif","datePublished":"2025-07-09T07:06:15+00:00","breadcrumb":{"@id":"https:\/\/hakmarfrance.online\/de\/produit\/monster-energy-zero-sugar-top-speed-edition-500ml\/#breadcrumb"},"inLanguage":"de","potentialAction":[{"@type":"ReadAction","target":["https:\/\/hakmarfrance.online\/de\/produit\/monster-energy-zero-sugar-top-speed-edition-500ml\/"]}]},{"@type":"ImageObject","inLanguage":"de","@id":"https:\/\/hakmarfrance.online\/de\/produit\/monster-energy-zero-sugar-top-speed-edition-500ml\/#primaryimage","url":"https:\/\/hakmarfrance.online\/wp-content\/uploads\/2025\/07\/monster-energy-zero-sugar-top-speed-500ml.avif","contentUrl":"https:\/\/hakmarfrance.online\/wp-content\/uploads\/2025\/07\/monster-energy-zero-sugar-top-speed-500ml.avif","width":1000,"height":800,"caption":"Monster Energy Top Speed \u2013 Zuckerfrei \u2013 500 ml, das Energy-Getr\u00e4nk mit kr\u00e4ftigem Geschmack ohne Kalorien"},{"@type":"BreadcrumbList","@id":"https:\/\/hakmarfrance.online\/de\/produit\/monster-energy-zero-sugar-top-speed-edition-500ml\/#breadcrumb","itemListElement":[{"@type":"ListItem","position":1,"name":"Accueil","item":"https:\/\/hakmarfrance.online\/de\/"},{"@type":"ListItem","position":2,"name":"Shop","item":"https:\/\/hakmarfrance.online\/de\/shop\/"},{"@type":"ListItem","position":3,"name":"Monster Energy Zero Sugar \u2013 Top Speed Edition \u2013 500ml"}]},{"@type":"WebSite","@id":"https:\/\/hakmarfrance.online\/de\/#website","url":"https:\/\/hakmarfrance.online\/de\/","name":"hakmarfrance.online","description":"","publisher":{"@id":"https:\/\/hakmarfrance.online\/de\/#organization"},"potentialAction":[{"@type":"SearchAction","target":{"@type":"EntryPoint","urlTemplate":"https:\/\/hakmarfrance.online\/de\/?s={search_term_string}"},"query-input":{"@type":"PropertyValueSpecification","valueRequired":true,"valueName":"search_term_string"}}],"inLanguage":"de"},{"@type":"Organization","@id":"https:\/\/hakmarfrance.online\/de\/#organization","name":"hakmarfrance.online","url":"https:\/\/hakmarfrance.online\/de\/","logo":{"@type":"ImageObject","inLanguage":"de","@id":"https:\/\/hakmarfrance.online\/de\/#\/schema\/logo\/image\/","url":"https:\/\/hakmarfrance.online\/wp-content\/uploads\/2025\/06\/logo-hakmarfrance.png","contentUrl":"https:\/\/hakmarfrance.online\/wp-content\/uploads\/2025\/06\/logo-hakmarfrance.png","width":528,"height":232,"caption":"hakmarfrance.online"},"image":{"@id":"https:\/\/hakmarfrance.online\/de\/#\/schema\/logo\/image\/"},"sameAs":["https:\/\/www.facebook.com\/HakmarFranceSupermarche\/?locale=fr_FR","https:\/\/www.instagram.com\/hakmarfrancesupermarche\/"]}]}},"_links":{"self":[{"href":"https:\/\/hakmarfrance.online\/de\/wp-json\/wp\/v2\/product\/17719","targetHints":{"allow":["GET"]}}],"collection":[{"href":"https:\/\/hakmarfrance.online\/de\/wp-json\/wp\/v2\/product"}],"about":[{"href":"https:\/\/hakmarfrance.online\/de\/wp-json\/wp\/v2\/types\/product"}],"replies":[{"embeddable":true,"href":"https:\/\/hakmarfrance.online\/de\/wp-json\/wp\/v2\/comments?post=17719"}],"version-history":[{"count":0,"href":"https:\/\/hakmarfrance.online\/de\/wp-json\/wp\/v2\/product\/17719\/revisions"}],"wp:featuredmedia":[{"embeddable":true,"href":"https:\/\/hakmarfrance.online\/de\/wp-json\/wp\/v2\/media\/17720"}],"wp:attachment":[{"href":"https:\/\/hakmarfrance.online\/de\/wp-json\/wp\/v2\/media?parent=17719"}],"wp:term":[{"taxonomy":"product_brand","embeddable":true,"href":"https:\/\/hakmarfrance.online\/de\/wp-json\/wp\/v2\/product_brand?post=17719"},{"taxonomy":"product_cat","embeddable":true,"href":"https:\/\/hakmarfrance.online\/de\/wp-json\/wp\/v2\/product_cat?post=17719"},{"taxonomy":"product_tag","embeddable":true,"href":"https:\/\/hakmarfrance.online\/de\/wp-json\/wp\/v2\/product_tag?post=17719"}],"curies":[{"name":"wp","href":"https:\/\/api.w.org\/{rel}","templated":true}]}}