{"id":17723,"date":"2025-07-04T20:56:11","date_gmt":"2025-07-04T20:56:11","guid":{"rendered":"https:\/\/hakmarfrance.online\/produit\/delikatessa-natives-olivenoel-extra-500-ml-herkunft-italien\/"},"modified":"2025-07-04T20:56:11","modified_gmt":"2025-07-04T20:56:11","slug":"delikatessa-natives-olivenoel-extra-500-ml-herkunft-italien","status":"publish","type":"product","link":"https:\/\/hakmarfrance.online\/de\/produit\/delikatessa-natives-olivenoel-extra-500-ml-herkunft-italien\/","title":{"rendered":"Delikatessa \u2013 Natives Oliven\u00f6l Extra \u2013 500 ml \u2013 Herkunft Italien"},"content":{"rendered":"","protected":false},"excerpt":{"rendered":"<p data-start=\"319\" data-end=\"607\">Genie\u00dfe die Authentizit\u00e4t des nativen Oliven\u00f6ls Extra von Delikatessa, kaltgepresst aus sorgf\u00e4ltig ausgew\u00e4hlten Oliven. Dieses 100 % italienische \u00d6l ist ideal, um deine Gerichte mit einem intensiven und ausgewogenen Geschmack zu verfeinern. <\/p>\n<p data-start=\"609\" data-end=\"796\">\ud83c\udf3f Reich an nat\u00fcrlichen Aromen, perfekt f\u00fcr Salate, Pasta und Marinaden<br data-start=\"683\" data-end=\"686\">\ud83d\udca7 Kaltgepresst, um alle seine N\u00e4hrwerte zu erhalten<br data-start=\"755\" data-end=\"758\">\ud83c\uddee\ud83c\uddf9 Oliven\u00f6l aus Italien<\/p>\n<p data-start=\"798\" data-end=\"834\">\u2705 <strong data-start=\"800\" data-end=\"832\">Hauptmerkmale<\/strong>:<\/p>\n<ul data-start=\"836\" data-end=\"996\">\n<li data-start=\"836\" data-end=\"859\">\n<p data-start=\"838\" data-end=\"859\">Inhalt: 500 ml<\/p>\n<\/li>\n<li data-start=\"860\" data-end=\"897\">\n<p data-start=\"862\" data-end=\"897\">Typ: Natives Oliven\u00f6l Extra<\/p>\n<\/li>\n<li data-start=\"898\" data-end=\"930\">\n<p data-start=\"900\" data-end=\"930\">Methode: Kaltpressung<\/p>\n<\/li>\n<li data-start=\"931\" data-end=\"951\">\n<p data-start=\"933\" data-end=\"951\">Herkunft: Italien<\/p>\n<\/li>\n<li data-start=\"952\" data-end=\"996\">\n<p data-start=\"954\" data-end=\"996\">Verpackung: Dunkle Glasflasche<\/p>\n<\/li>\n<\/ul>\n","protected":false},"featured_media":17724,"comment_status":"open","ping_status":"closed","template":"","meta":{"iawp_total_views":0},"product_brand":[207],"product_cat":[226,268],"product_tag":[],"class_list":{"0":"post-17723","1":"product","2":"type-product","3":"status-publish","4":"has-post-thumbnail","6":"product_brand-delikatessa","7":"product_cat-alle-unsere-produkte","8":"product_cat-herzhafte-lebensmittel","10":"first","11":"instock","12":"shipping-taxable","13":"purchasable","14":"product-type-simple"},"yoast_head":"<!-- This site is optimized with the Yoast SEO plugin v27.3 - https:\/\/yoast.com\/product\/yoast-seo-wordpress\/ -->\n<title>Delikatessa \u2013 Natives Oliven\u00f6l Extra \u2013 500 ml \u2013 Herkunft Italien - hakmarfrance.online<\/title>\n<meta name=\"robots\" content=\"index, follow, max-snippet:-1, max-image-preview:large, max-video-preview:-1\" \/>\n<link rel=\"canonical\" href=\"https:\/\/hakmarfrance.online\/de\/produit\/delikatessa-natives-olivenoel-extra-500-ml-herkunft-italien\/\" \/>\n<meta property=\"og:locale\" content=\"de_DE\" \/>\n<meta property=\"og:type\" content=\"article\" \/>\n<meta property=\"og:title\" content=\"Delikatessa \u2013 Natives Oliven\u00f6l Extra \u2013 500 ml \u2013 Herkunft Italien - hakmarfrance.online\" \/>\n<meta property=\"og:description\" content=\"Genie\u00dfe die Authentizit\u00e4t des nativen Oliven\u00f6ls Extra von Delikatessa, kaltgepresst aus sorgf\u00e4ltig ausgew\u00e4hlten Oliven. Dieses 100 % italienische \u00d6l ist ideal, um deine Gerichte mit einem intensiven und ausgewogenen Geschmack zu verfeinern. \ud83c\udf3f Reich an nat\u00fcrlichen Aromen, perfekt f\u00fcr Salate, Pasta und Marinaden\ud83d\udca7 Kaltgepresst, um alle seine N\u00e4hrwerte zu erhalten\ud83c\uddee\ud83c\uddf9 Oliven\u00f6l aus Italien \u2705 Hauptmerkmale:   Inhalt: 500 ml   Typ: Natives Oliven\u00f6l Extra   Methode: Kaltpressung   Herkunft: Italien   Verpackung: Dunkle Glasflasche\" \/>\n<meta property=\"og:url\" content=\"https:\/\/hakmarfrance.online\/de\/produit\/delikatessa-natives-olivenoel-extra-500-ml-herkunft-italien\/\" \/>\n<meta property=\"og:site_name\" content=\"hakmarfrance.online\" \/>\n<meta property=\"article:publisher\" content=\"https:\/\/www.facebook.com\/HakmarFranceSupermarche\/?locale=fr_FR\" \/>\n<meta property=\"og:image\" content=\"https:\/\/hakmarfrance.online\/wp-content\/uploads\/2025\/07\/huile-olive-delikatessa-natives-extra-500ml.avif\" \/>\n\t<meta property=\"og:image:width\" content=\"1000\" \/>\n\t<meta property=\"og:image:height\" content=\"800\" \/>\n\t<meta property=\"og:image:type\" content=\"image\/png\" \/>\n<meta name=\"twitter:card\" content=\"summary_large_image\" \/>\n<script type=\"application\/ld+json\" class=\"yoast-schema-graph\">{\"@context\":\"https:\\\/\\\/schema.org\",\"@graph\":[{\"@type\":\"WebPage\",\"@id\":\"https:\\\/\\\/hakmarfrance.online\\\/de\\\/produit\\\/delikatessa-natives-olivenoel-extra-500-ml-herkunft-italien\\\/\",\"url\":\"https:\\\/\\\/hakmarfrance.online\\\/de\\\/produit\\\/delikatessa-natives-olivenoel-extra-500-ml-herkunft-italien\\\/\",\"name\":\"Delikatessa \u2013 Natives Oliven\u00f6l Extra \u2013 500 ml \u2013 Herkunft Italien - hakmarfrance.online\",\"isPartOf\":{\"@id\":\"https:\\\/\\\/hakmarfrance.online\\\/de\\\/#website\"},\"primaryImageOfPage\":{\"@id\":\"https:\\\/\\\/hakmarfrance.online\\\/de\\\/produit\\\/delikatessa-natives-olivenoel-extra-500-ml-herkunft-italien\\\/#primaryimage\"},\"image\":{\"@id\":\"https:\\\/\\\/hakmarfrance.online\\\/de\\\/produit\\\/delikatessa-natives-olivenoel-extra-500-ml-herkunft-italien\\\/#primaryimage\"},\"thumbnailUrl\":\"https:\\\/\\\/hakmarfrance.online\\\/wp-content\\\/uploads\\\/2025\\\/07\\\/huile-olive-delikatessa-natives-extra-500ml.avif\",\"datePublished\":\"2025-07-04T20:56:11+00:00\",\"breadcrumb\":{\"@id\":\"https:\\\/\\\/hakmarfrance.online\\\/de\\\/produit\\\/delikatessa-natives-olivenoel-extra-500-ml-herkunft-italien\\\/#breadcrumb\"},\"inLanguage\":\"de\",\"potentialAction\":[{\"@type\":\"ReadAction\",\"target\":[\"https:\\\/\\\/hakmarfrance.online\\\/de\\\/produit\\\/delikatessa-natives-olivenoel-extra-500-ml-herkunft-italien\\\/\"]}]},{\"@type\":\"ImageObject\",\"inLanguage\":\"de\",\"@id\":\"https:\\\/\\\/hakmarfrance.online\\\/de\\\/produit\\\/delikatessa-natives-olivenoel-extra-500-ml-herkunft-italien\\\/#primaryimage\",\"url\":\"https:\\\/\\\/hakmarfrance.online\\\/wp-content\\\/uploads\\\/2025\\\/07\\\/huile-olive-delikatessa-natives-extra-500ml.avif\",\"contentUrl\":\"https:\\\/\\\/hakmarfrance.online\\\/wp-content\\\/uploads\\\/2025\\\/07\\\/huile-olive-delikatessa-natives-extra-500ml.avif\",\"width\":1000,\"height\":800,\"caption\":\"Delikatessa \u2013 Natives Oliven\u00f6l Extra 500 ml \u2013 Kaltgepresst \u2013 Italienisches Produkt\"},{\"@type\":\"BreadcrumbList\",\"@id\":\"https:\\\/\\\/hakmarfrance.online\\\/de\\\/produit\\\/delikatessa-natives-olivenoel-extra-500-ml-herkunft-italien\\\/#breadcrumb\",\"itemListElement\":[{\"@type\":\"ListItem\",\"position\":1,\"name\":\"Accueil\",\"item\":\"https:\\\/\\\/hakmarfrance.online\\\/de\\\/\"},{\"@type\":\"ListItem\",\"position\":2,\"name\":\"Shop\",\"item\":\"https:\\\/\\\/hakmarfrance.online\\\/de\\\/shop\\\/\"},{\"@type\":\"ListItem\",\"position\":3,\"name\":\"Delikatessa \u2013 Natives Oliven\u00f6l Extra \u2013 500 ml \u2013 Herkunft Italien\"}]},{\"@type\":\"WebSite\",\"@id\":\"https:\\\/\\\/hakmarfrance.online\\\/de\\\/#website\",\"url\":\"https:\\\/\\\/hakmarfrance.online\\\/de\\\/\",\"name\":\"hakmarfrance.online\",\"description\":\"\",\"publisher\":{\"@id\":\"https:\\\/\\\/hakmarfrance.online\\\/de\\\/#organization\"},\"potentialAction\":[{\"@type\":\"SearchAction\",\"target\":{\"@type\":\"EntryPoint\",\"urlTemplate\":\"https:\\\/\\\/hakmarfrance.online\\\/de\\\/?s={search_term_string}\"},\"query-input\":{\"@type\":\"PropertyValueSpecification\",\"valueRequired\":true,\"valueName\":\"search_term_string\"}}],\"inLanguage\":\"de\"},{\"@type\":\"Organization\",\"@id\":\"https:\\\/\\\/hakmarfrance.online\\\/de\\\/#organization\",\"name\":\"hakmarfrance.online\",\"url\":\"https:\\\/\\\/hakmarfrance.online\\\/de\\\/\",\"logo\":{\"@type\":\"ImageObject\",\"inLanguage\":\"de\",\"@id\":\"https:\\\/\\\/hakmarfrance.online\\\/de\\\/#\\\/schema\\\/logo\\\/image\\\/\",\"url\":\"https:\\\/\\\/hakmarfrance.online\\\/wp-content\\\/uploads\\\/2025\\\/06\\\/logo-hakmarfrance.png\",\"contentUrl\":\"https:\\\/\\\/hakmarfrance.online\\\/wp-content\\\/uploads\\\/2025\\\/06\\\/logo-hakmarfrance.png\",\"width\":528,\"height\":232,\"caption\":\"hakmarfrance.online\"},\"image\":{\"@id\":\"https:\\\/\\\/hakmarfrance.online\\\/de\\\/#\\\/schema\\\/logo\\\/image\\\/\"},\"sameAs\":[\"https:\\\/\\\/www.facebook.com\\\/HakmarFranceSupermarche\\\/?locale=fr_FR\",\"https:\\\/\\\/www.instagram.com\\\/hakmarfrancesupermarche\\\/\"]}]}<\/script>\n<!-- \/ Yoast SEO plugin. -->","yoast_head_json":{"title":"Delikatessa \u2013 Natives Oliven\u00f6l Extra \u2013 500 ml \u2013 Herkunft Italien - hakmarfrance.online","robots":{"index":"index","follow":"follow","max-snippet":"max-snippet:-1","max-image-preview":"max-image-preview:large","max-video-preview":"max-video-preview:-1"},"canonical":"https:\/\/hakmarfrance.online\/de\/produit\/delikatessa-natives-olivenoel-extra-500-ml-herkunft-italien\/","og_locale":"de_DE","og_type":"article","og_title":"Delikatessa \u2013 Natives Oliven\u00f6l Extra \u2013 500 ml \u2013 Herkunft Italien - hakmarfrance.online","og_description":"Genie\u00dfe die Authentizit\u00e4t des nativen Oliven\u00f6ls Extra von Delikatessa, kaltgepresst aus sorgf\u00e4ltig ausgew\u00e4hlten Oliven. Dieses 100 % italienische \u00d6l ist ideal, um deine Gerichte mit einem intensiven und ausgewogenen Geschmack zu verfeinern. \ud83c\udf3f Reich an nat\u00fcrlichen Aromen, perfekt f\u00fcr Salate, Pasta und Marinaden\ud83d\udca7 Kaltgepresst, um alle seine N\u00e4hrwerte zu erhalten\ud83c\uddee\ud83c\uddf9 Oliven\u00f6l aus Italien \u2705 Hauptmerkmale:   Inhalt: 500 ml   Typ: Natives Oliven\u00f6l Extra   Methode: Kaltpressung   Herkunft: Italien   Verpackung: Dunkle Glasflasche","og_url":"https:\/\/hakmarfrance.online\/de\/produit\/delikatessa-natives-olivenoel-extra-500-ml-herkunft-italien\/","og_site_name":"hakmarfrance.online","article_publisher":"https:\/\/www.facebook.com\/HakmarFranceSupermarche\/?locale=fr_FR","og_image":[{"width":1000,"height":800,"url":"https:\/\/hakmarfrance.online\/wp-content\/uploads\/2025\/07\/huile-olive-delikatessa-natives-extra-500ml.avif","type":"image\/png"}],"twitter_card":"summary_large_image","schema":{"@context":"https:\/\/schema.org","@graph":[{"@type":"WebPage","@id":"https:\/\/hakmarfrance.online\/de\/produit\/delikatessa-natives-olivenoel-extra-500-ml-herkunft-italien\/","url":"https:\/\/hakmarfrance.online\/de\/produit\/delikatessa-natives-olivenoel-extra-500-ml-herkunft-italien\/","name":"Delikatessa \u2013 Natives Oliven\u00f6l Extra \u2013 500 ml \u2013 Herkunft Italien - hakmarfrance.online","isPartOf":{"@id":"https:\/\/hakmarfrance.online\/de\/#website"},"primaryImageOfPage":{"@id":"https:\/\/hakmarfrance.online\/de\/produit\/delikatessa-natives-olivenoel-extra-500-ml-herkunft-italien\/#primaryimage"},"image":{"@id":"https:\/\/hakmarfrance.online\/de\/produit\/delikatessa-natives-olivenoel-extra-500-ml-herkunft-italien\/#primaryimage"},"thumbnailUrl":"https:\/\/hakmarfrance.online\/wp-content\/uploads\/2025\/07\/huile-olive-delikatessa-natives-extra-500ml.avif","datePublished":"2025-07-04T20:56:11+00:00","breadcrumb":{"@id":"https:\/\/hakmarfrance.online\/de\/produit\/delikatessa-natives-olivenoel-extra-500-ml-herkunft-italien\/#breadcrumb"},"inLanguage":"de","potentialAction":[{"@type":"ReadAction","target":["https:\/\/hakmarfrance.online\/de\/produit\/delikatessa-natives-olivenoel-extra-500-ml-herkunft-italien\/"]}]},{"@type":"ImageObject","inLanguage":"de","@id":"https:\/\/hakmarfrance.online\/de\/produit\/delikatessa-natives-olivenoel-extra-500-ml-herkunft-italien\/#primaryimage","url":"https:\/\/hakmarfrance.online\/wp-content\/uploads\/2025\/07\/huile-olive-delikatessa-natives-extra-500ml.avif","contentUrl":"https:\/\/hakmarfrance.online\/wp-content\/uploads\/2025\/07\/huile-olive-delikatessa-natives-extra-500ml.avif","width":1000,"height":800,"caption":"Delikatessa \u2013 Natives Oliven\u00f6l Extra 500 ml \u2013 Kaltgepresst \u2013 Italienisches Produkt"},{"@type":"BreadcrumbList","@id":"https:\/\/hakmarfrance.online\/de\/produit\/delikatessa-natives-olivenoel-extra-500-ml-herkunft-italien\/#breadcrumb","itemListElement":[{"@type":"ListItem","position":1,"name":"Accueil","item":"https:\/\/hakmarfrance.online\/de\/"},{"@type":"ListItem","position":2,"name":"Shop","item":"https:\/\/hakmarfrance.online\/de\/shop\/"},{"@type":"ListItem","position":3,"name":"Delikatessa \u2013 Natives Oliven\u00f6l Extra \u2013 500 ml \u2013 Herkunft Italien"}]},{"@type":"WebSite","@id":"https:\/\/hakmarfrance.online\/de\/#website","url":"https:\/\/hakmarfrance.online\/de\/","name":"hakmarfrance.online","description":"","publisher":{"@id":"https:\/\/hakmarfrance.online\/de\/#organization"},"potentialAction":[{"@type":"SearchAction","target":{"@type":"EntryPoint","urlTemplate":"https:\/\/hakmarfrance.online\/de\/?s={search_term_string}"},"query-input":{"@type":"PropertyValueSpecification","valueRequired":true,"valueName":"search_term_string"}}],"inLanguage":"de"},{"@type":"Organization","@id":"https:\/\/hakmarfrance.online\/de\/#organization","name":"hakmarfrance.online","url":"https:\/\/hakmarfrance.online\/de\/","logo":{"@type":"ImageObject","inLanguage":"de","@id":"https:\/\/hakmarfrance.online\/de\/#\/schema\/logo\/image\/","url":"https:\/\/hakmarfrance.online\/wp-content\/uploads\/2025\/06\/logo-hakmarfrance.png","contentUrl":"https:\/\/hakmarfrance.online\/wp-content\/uploads\/2025\/06\/logo-hakmarfrance.png","width":528,"height":232,"caption":"hakmarfrance.online"},"image":{"@id":"https:\/\/hakmarfrance.online\/de\/#\/schema\/logo\/image\/"},"sameAs":["https:\/\/www.facebook.com\/HakmarFranceSupermarche\/?locale=fr_FR","https:\/\/www.instagram.com\/hakmarfrancesupermarche\/"]}]}},"_links":{"self":[{"href":"https:\/\/hakmarfrance.online\/de\/wp-json\/wp\/v2\/product\/17723","targetHints":{"allow":["GET"]}}],"collection":[{"href":"https:\/\/hakmarfrance.online\/de\/wp-json\/wp\/v2\/product"}],"about":[{"href":"https:\/\/hakmarfrance.online\/de\/wp-json\/wp\/v2\/types\/product"}],"replies":[{"embeddable":true,"href":"https:\/\/hakmarfrance.online\/de\/wp-json\/wp\/v2\/comments?post=17723"}],"version-history":[{"count":0,"href":"https:\/\/hakmarfrance.online\/de\/wp-json\/wp\/v2\/product\/17723\/revisions"}],"wp:featuredmedia":[{"embeddable":true,"href":"https:\/\/hakmarfrance.online\/de\/wp-json\/wp\/v2\/media\/17724"}],"wp:attachment":[{"href":"https:\/\/hakmarfrance.online\/de\/wp-json\/wp\/v2\/media?parent=17723"}],"wp:term":[{"taxonomy":"product_brand","embeddable":true,"href":"https:\/\/hakmarfrance.online\/de\/wp-json\/wp\/v2\/product_brand?post=17723"},{"taxonomy":"product_cat","embeddable":true,"href":"https:\/\/hakmarfrance.online\/de\/wp-json\/wp\/v2\/product_cat?post=17723"},{"taxonomy":"product_tag","embeddable":true,"href":"https:\/\/hakmarfrance.online\/de\/wp-json\/wp\/v2\/product_tag?post=17723"}],"curies":[{"name":"wp","href":"https:\/\/api.w.org\/{rel}","templated":true}]}}