{"id":17725,"date":"2025-07-04T20:56:11","date_gmt":"2025-07-04T20:56:11","guid":{"rendered":"https:\/\/hakmarfrance.online\/produit\/papiertischdecke-2-rollen-pecete\/"},"modified":"2025-07-04T20:56:11","modified_gmt":"2025-07-04T20:56:11","slug":"papiertischdecke-2-rollen-pecete","status":"publish","type":"product","link":"https:\/\/hakmarfrance.online\/de\/produit\/papiertischdecke-2-rollen-pecete\/","title":{"rendered":"Papiertischdecke 2 Rollen \u2013 Pecete"},"content":{"rendered":"","protected":false},"excerpt":{"rendered":"<p data-start=\"362\" data-end=\"599\">Verleihe deinem Tisch eine praktische und elegante Note mit der <strong data-start=\"425\" data-end=\"469\">Altina Papiertischdecke \u2013 Home Sweet Home<\/strong>. Bestehend aus <strong data-start=\"483\" data-end=\"497\">2 dicken Rollen<\/strong>, ist diese Einweg-Tischdecke ideal f\u00fcr festliche Anl\u00e4sse, Picknicks oder Gruppenessen. <\/p>\n<p data-start=\"601\" data-end=\"639\">\u2705 <strong data-start=\"603\" data-end=\"635\">Hauptmerkmale<\/strong>:<\/p>\n<ul data-start=\"640\" data-end=\"913\">\n<li data-start=\"640\" data-end=\"675\">\n<p data-start=\"642\" data-end=\"675\"><strong data-start=\"642\" data-end=\"673\">2 Rollen Einweg-Tischdecke<\/strong><\/p>\n<\/li>\n<li data-start=\"676\" data-end=\"737\">\n<p data-start=\"678\" data-end=\"737\"><strong data-start=\"678\" data-end=\"705\">Doppellagiges Papier<\/strong> f\u00fcr bessere Rei\u00dffestigkeit<\/p>\n<\/li>\n<li data-start=\"738\" data-end=\"777\">\n<p data-start=\"740\" data-end=\"777\"><strong data-start=\"746\" data-end=\"763\">Blau-wei\u00dfes<\/strong> Muster im Vichy-Stil<\/p>\n<\/li>\n<li data-start=\"778\" data-end=\"843\">\n<p data-start=\"780\" data-end=\"843\"><strong data-start=\"780\" data-end=\"792\">Perforiert<\/strong> f\u00fcr einfache Handhabung und sauberes Abrei\u00dfen<\/p>\n<\/li>\n<li data-start=\"844\" data-end=\"913\">\n<p data-start=\"846\" data-end=\"913\">Perfekt f\u00fcr <strong data-start=\"859\" data-end=\"913\">Esstische, Veranstaltungen oder den Au\u00dfenbereich<\/strong><\/p>\n<\/li>\n<\/ul>\n<p data-start=\"915\" data-end=\"1017\">\ud83c\udf89 <strong data-start=\"918\" data-end=\"1017\">Ideal f\u00fcr gro\u00dfe Tafeln oder um deine klassischen Tischdecken stilvoll und einfach zu sch\u00fctzen.<\/strong><\/p>\n","protected":false},"featured_media":17726,"comment_status":"open","ping_status":"closed","template":"","meta":{"iawp_total_views":0},"product_brand":[],"product_cat":[226,260],"product_tag":[],"class_list":{"0":"post-17725","1":"product","2":"type-product","3":"status-publish","4":"has-post-thumbnail","6":"product_cat-alle-unsere-produkte","7":"product_cat-hygiene-pflege","9":"first","10":"instock","11":"shipping-taxable","12":"purchasable","13":"product-type-simple"},"yoast_head":"<!-- This site is optimized with the Yoast SEO plugin v27.3 - https:\/\/yoast.com\/product\/yoast-seo-wordpress\/ -->\n<title>Papiertischdecke 2 Rollen \u2013 Pecete - hakmarfrance.online<\/title>\n<meta name=\"robots\" content=\"index, follow, max-snippet:-1, max-image-preview:large, max-video-preview:-1\" \/>\n<link rel=\"canonical\" href=\"https:\/\/hakmarfrance.online\/de\/produit\/papiertischdecke-2-rollen-pecete\/\" \/>\n<meta property=\"og:locale\" content=\"de_DE\" \/>\n<meta property=\"og:type\" content=\"article\" \/>\n<meta property=\"og:title\" content=\"Papiertischdecke 2 Rollen \u2013 Pecete - hakmarfrance.online\" \/>\n<meta property=\"og:description\" content=\"Verleihe deinem Tisch eine praktische und elegante Note mit der Altina Papiertischdecke \u2013 Home Sweet Home. Bestehend aus 2 dicken Rollen, ist diese Einweg-Tischdecke ideal f\u00fcr festliche Anl\u00e4sse, Picknicks oder Gruppenessen. \u2705 Hauptmerkmale:   2 Rollen Einweg-Tischdecke   Doppellagiges Papier f\u00fcr bessere Rei\u00dffestigkeit   Blau-wei\u00dfes Muster im Vichy-Stil   Perforiert f\u00fcr einfache Handhabung und sauberes Abrei\u00dfen   Perfekt f\u00fcr Esstische, Veranstaltungen oder den Au\u00dfenbereich  \ud83c\udf89 Ideal f\u00fcr gro\u00dfe Tafeln oder um deine klassischen Tischdecken stilvoll und einfach zu sch\u00fctzen.\" \/>\n<meta property=\"og:url\" content=\"https:\/\/hakmarfrance.online\/de\/produit\/papiertischdecke-2-rollen-pecete\/\" \/>\n<meta property=\"og:site_name\" content=\"hakmarfrance.online\" \/>\n<meta property=\"article:publisher\" content=\"https:\/\/www.facebook.com\/HakmarFranceSupermarche\/?locale=fr_FR\" \/>\n<meta property=\"og:image\" content=\"https:\/\/hakmarfrance.online\/wp-content\/uploads\/2025\/07\/nappe-papier-altina-2-rouleaux.avif\" \/>\n\t<meta property=\"og:image:width\" content=\"1000\" \/>\n\t<meta property=\"og:image:height\" content=\"800\" \/>\n\t<meta property=\"og:image:type\" content=\"image\/png\" \/>\n<meta name=\"twitter:card\" content=\"summary_large_image\" \/>\n<script type=\"application\/ld+json\" class=\"yoast-schema-graph\">{\"@context\":\"https:\\\/\\\/schema.org\",\"@graph\":[{\"@type\":\"WebPage\",\"@id\":\"https:\\\/\\\/hakmarfrance.online\\\/de\\\/produit\\\/papiertischdecke-2-rollen-pecete\\\/\",\"url\":\"https:\\\/\\\/hakmarfrance.online\\\/de\\\/produit\\\/papiertischdecke-2-rollen-pecete\\\/\",\"name\":\"Papiertischdecke 2 Rollen \u2013 Pecete - hakmarfrance.online\",\"isPartOf\":{\"@id\":\"https:\\\/\\\/hakmarfrance.online\\\/de\\\/#website\"},\"primaryImageOfPage\":{\"@id\":\"https:\\\/\\\/hakmarfrance.online\\\/de\\\/produit\\\/papiertischdecke-2-rollen-pecete\\\/#primaryimage\"},\"image\":{\"@id\":\"https:\\\/\\\/hakmarfrance.online\\\/de\\\/produit\\\/papiertischdecke-2-rollen-pecete\\\/#primaryimage\"},\"thumbnailUrl\":\"https:\\\/\\\/hakmarfrance.online\\\/wp-content\\\/uploads\\\/2025\\\/07\\\/nappe-papier-altina-2-rouleaux.avif\",\"datePublished\":\"2025-07-04T20:56:11+00:00\",\"breadcrumb\":{\"@id\":\"https:\\\/\\\/hakmarfrance.online\\\/de\\\/produit\\\/papiertischdecke-2-rollen-pecete\\\/#breadcrumb\"},\"inLanguage\":\"de\",\"potentialAction\":[{\"@type\":\"ReadAction\",\"target\":[\"https:\\\/\\\/hakmarfrance.online\\\/de\\\/produit\\\/papiertischdecke-2-rollen-pecete\\\/\"]}]},{\"@type\":\"ImageObject\",\"inLanguage\":\"de\",\"@id\":\"https:\\\/\\\/hakmarfrance.online\\\/de\\\/produit\\\/papiertischdecke-2-rollen-pecete\\\/#primaryimage\",\"url\":\"https:\\\/\\\/hakmarfrance.online\\\/wp-content\\\/uploads\\\/2025\\\/07\\\/nappe-papier-altina-2-rouleaux.avif\",\"contentUrl\":\"https:\\\/\\\/hakmarfrance.online\\\/wp-content\\\/uploads\\\/2025\\\/07\\\/nappe-papier-altina-2-rouleaux.avif\",\"width\":1000,\"height\":800,\"caption\":\"Altina Papiertischdecke \u2013 2 robuste Rollen mit blauem Muster, doppellagig\"},{\"@type\":\"BreadcrumbList\",\"@id\":\"https:\\\/\\\/hakmarfrance.online\\\/de\\\/produit\\\/papiertischdecke-2-rollen-pecete\\\/#breadcrumb\",\"itemListElement\":[{\"@type\":\"ListItem\",\"position\":1,\"name\":\"Accueil\",\"item\":\"https:\\\/\\\/hakmarfrance.online\\\/de\\\/\"},{\"@type\":\"ListItem\",\"position\":2,\"name\":\"Shop\",\"item\":\"https:\\\/\\\/hakmarfrance.online\\\/de\\\/shop\\\/\"},{\"@type\":\"ListItem\",\"position\":3,\"name\":\"Papiertischdecke 2 Rollen \u2013 Pecete\"}]},{\"@type\":\"WebSite\",\"@id\":\"https:\\\/\\\/hakmarfrance.online\\\/de\\\/#website\",\"url\":\"https:\\\/\\\/hakmarfrance.online\\\/de\\\/\",\"name\":\"hakmarfrance.online\",\"description\":\"\",\"publisher\":{\"@id\":\"https:\\\/\\\/hakmarfrance.online\\\/de\\\/#organization\"},\"potentialAction\":[{\"@type\":\"SearchAction\",\"target\":{\"@type\":\"EntryPoint\",\"urlTemplate\":\"https:\\\/\\\/hakmarfrance.online\\\/de\\\/?s={search_term_string}\"},\"query-input\":{\"@type\":\"PropertyValueSpecification\",\"valueRequired\":true,\"valueName\":\"search_term_string\"}}],\"inLanguage\":\"de\"},{\"@type\":\"Organization\",\"@id\":\"https:\\\/\\\/hakmarfrance.online\\\/de\\\/#organization\",\"name\":\"hakmarfrance.online\",\"url\":\"https:\\\/\\\/hakmarfrance.online\\\/de\\\/\",\"logo\":{\"@type\":\"ImageObject\",\"inLanguage\":\"de\",\"@id\":\"https:\\\/\\\/hakmarfrance.online\\\/de\\\/#\\\/schema\\\/logo\\\/image\\\/\",\"url\":\"https:\\\/\\\/hakmarfrance.online\\\/wp-content\\\/uploads\\\/2025\\\/06\\\/logo-hakmarfrance.png\",\"contentUrl\":\"https:\\\/\\\/hakmarfrance.online\\\/wp-content\\\/uploads\\\/2025\\\/06\\\/logo-hakmarfrance.png\",\"width\":528,\"height\":232,\"caption\":\"hakmarfrance.online\"},\"image\":{\"@id\":\"https:\\\/\\\/hakmarfrance.online\\\/de\\\/#\\\/schema\\\/logo\\\/image\\\/\"},\"sameAs\":[\"https:\\\/\\\/www.facebook.com\\\/HakmarFranceSupermarche\\\/?locale=fr_FR\",\"https:\\\/\\\/www.instagram.com\\\/hakmarfrancesupermarche\\\/\"]}]}<\/script>\n<!-- \/ Yoast SEO plugin. -->","yoast_head_json":{"title":"Papiertischdecke 2 Rollen \u2013 Pecete - hakmarfrance.online","robots":{"index":"index","follow":"follow","max-snippet":"max-snippet:-1","max-image-preview":"max-image-preview:large","max-video-preview":"max-video-preview:-1"},"canonical":"https:\/\/hakmarfrance.online\/de\/produit\/papiertischdecke-2-rollen-pecete\/","og_locale":"de_DE","og_type":"article","og_title":"Papiertischdecke 2 Rollen \u2013 Pecete - hakmarfrance.online","og_description":"Verleihe deinem Tisch eine praktische und elegante Note mit der Altina Papiertischdecke \u2013 Home Sweet Home. Bestehend aus 2 dicken Rollen, ist diese Einweg-Tischdecke ideal f\u00fcr festliche Anl\u00e4sse, Picknicks oder Gruppenessen. \u2705 Hauptmerkmale:   2 Rollen Einweg-Tischdecke   Doppellagiges Papier f\u00fcr bessere Rei\u00dffestigkeit   Blau-wei\u00dfes Muster im Vichy-Stil   Perforiert f\u00fcr einfache Handhabung und sauberes Abrei\u00dfen   Perfekt f\u00fcr Esstische, Veranstaltungen oder den Au\u00dfenbereich  \ud83c\udf89 Ideal f\u00fcr gro\u00dfe Tafeln oder um deine klassischen Tischdecken stilvoll und einfach zu sch\u00fctzen.","og_url":"https:\/\/hakmarfrance.online\/de\/produit\/papiertischdecke-2-rollen-pecete\/","og_site_name":"hakmarfrance.online","article_publisher":"https:\/\/www.facebook.com\/HakmarFranceSupermarche\/?locale=fr_FR","og_image":[{"width":1000,"height":800,"url":"https:\/\/hakmarfrance.online\/wp-content\/uploads\/2025\/07\/nappe-papier-altina-2-rouleaux.avif","type":"image\/png"}],"twitter_card":"summary_large_image","schema":{"@context":"https:\/\/schema.org","@graph":[{"@type":"WebPage","@id":"https:\/\/hakmarfrance.online\/de\/produit\/papiertischdecke-2-rollen-pecete\/","url":"https:\/\/hakmarfrance.online\/de\/produit\/papiertischdecke-2-rollen-pecete\/","name":"Papiertischdecke 2 Rollen \u2013 Pecete - hakmarfrance.online","isPartOf":{"@id":"https:\/\/hakmarfrance.online\/de\/#website"},"primaryImageOfPage":{"@id":"https:\/\/hakmarfrance.online\/de\/produit\/papiertischdecke-2-rollen-pecete\/#primaryimage"},"image":{"@id":"https:\/\/hakmarfrance.online\/de\/produit\/papiertischdecke-2-rollen-pecete\/#primaryimage"},"thumbnailUrl":"https:\/\/hakmarfrance.online\/wp-content\/uploads\/2025\/07\/nappe-papier-altina-2-rouleaux.avif","datePublished":"2025-07-04T20:56:11+00:00","breadcrumb":{"@id":"https:\/\/hakmarfrance.online\/de\/produit\/papiertischdecke-2-rollen-pecete\/#breadcrumb"},"inLanguage":"de","potentialAction":[{"@type":"ReadAction","target":["https:\/\/hakmarfrance.online\/de\/produit\/papiertischdecke-2-rollen-pecete\/"]}]},{"@type":"ImageObject","inLanguage":"de","@id":"https:\/\/hakmarfrance.online\/de\/produit\/papiertischdecke-2-rollen-pecete\/#primaryimage","url":"https:\/\/hakmarfrance.online\/wp-content\/uploads\/2025\/07\/nappe-papier-altina-2-rouleaux.avif","contentUrl":"https:\/\/hakmarfrance.online\/wp-content\/uploads\/2025\/07\/nappe-papier-altina-2-rouleaux.avif","width":1000,"height":800,"caption":"Altina Papiertischdecke \u2013 2 robuste Rollen mit blauem Muster, doppellagig"},{"@type":"BreadcrumbList","@id":"https:\/\/hakmarfrance.online\/de\/produit\/papiertischdecke-2-rollen-pecete\/#breadcrumb","itemListElement":[{"@type":"ListItem","position":1,"name":"Accueil","item":"https:\/\/hakmarfrance.online\/de\/"},{"@type":"ListItem","position":2,"name":"Shop","item":"https:\/\/hakmarfrance.online\/de\/shop\/"},{"@type":"ListItem","position":3,"name":"Papiertischdecke 2 Rollen \u2013 Pecete"}]},{"@type":"WebSite","@id":"https:\/\/hakmarfrance.online\/de\/#website","url":"https:\/\/hakmarfrance.online\/de\/","name":"hakmarfrance.online","description":"","publisher":{"@id":"https:\/\/hakmarfrance.online\/de\/#organization"},"potentialAction":[{"@type":"SearchAction","target":{"@type":"EntryPoint","urlTemplate":"https:\/\/hakmarfrance.online\/de\/?s={search_term_string}"},"query-input":{"@type":"PropertyValueSpecification","valueRequired":true,"valueName":"search_term_string"}}],"inLanguage":"de"},{"@type":"Organization","@id":"https:\/\/hakmarfrance.online\/de\/#organization","name":"hakmarfrance.online","url":"https:\/\/hakmarfrance.online\/de\/","logo":{"@type":"ImageObject","inLanguage":"de","@id":"https:\/\/hakmarfrance.online\/de\/#\/schema\/logo\/image\/","url":"https:\/\/hakmarfrance.online\/wp-content\/uploads\/2025\/06\/logo-hakmarfrance.png","contentUrl":"https:\/\/hakmarfrance.online\/wp-content\/uploads\/2025\/06\/logo-hakmarfrance.png","width":528,"height":232,"caption":"hakmarfrance.online"},"image":{"@id":"https:\/\/hakmarfrance.online\/de\/#\/schema\/logo\/image\/"},"sameAs":["https:\/\/www.facebook.com\/HakmarFranceSupermarche\/?locale=fr_FR","https:\/\/www.instagram.com\/hakmarfrancesupermarche\/"]}]}},"_links":{"self":[{"href":"https:\/\/hakmarfrance.online\/de\/wp-json\/wp\/v2\/product\/17725","targetHints":{"allow":["GET"]}}],"collection":[{"href":"https:\/\/hakmarfrance.online\/de\/wp-json\/wp\/v2\/product"}],"about":[{"href":"https:\/\/hakmarfrance.online\/de\/wp-json\/wp\/v2\/types\/product"}],"replies":[{"embeddable":true,"href":"https:\/\/hakmarfrance.online\/de\/wp-json\/wp\/v2\/comments?post=17725"}],"version-history":[{"count":0,"href":"https:\/\/hakmarfrance.online\/de\/wp-json\/wp\/v2\/product\/17725\/revisions"}],"wp:featuredmedia":[{"embeddable":true,"href":"https:\/\/hakmarfrance.online\/de\/wp-json\/wp\/v2\/media\/17726"}],"wp:attachment":[{"href":"https:\/\/hakmarfrance.online\/de\/wp-json\/wp\/v2\/media?parent=17725"}],"wp:term":[{"taxonomy":"product_brand","embeddable":true,"href":"https:\/\/hakmarfrance.online\/de\/wp-json\/wp\/v2\/product_brand?post=17725"},{"taxonomy":"product_cat","embeddable":true,"href":"https:\/\/hakmarfrance.online\/de\/wp-json\/wp\/v2\/product_cat?post=17725"},{"taxonomy":"product_tag","embeddable":true,"href":"https:\/\/hakmarfrance.online\/de\/wp-json\/wp\/v2\/product_tag?post=17725"}],"curies":[{"name":"wp","href":"https:\/\/api.w.org\/{rel}","templated":true}]}}