{"id":17727,"date":"2025-07-04T20:56:11","date_gmt":"2025-07-04T20:56:11","guid":{"rendered":"https:\/\/hakmarfrance.online\/produit\/ultra-berrak-weiches-toilettenpapier-16-rollen-aufloesbar-und-100-natuerlich\/"},"modified":"2025-07-04T20:56:11","modified_gmt":"2025-07-04T20:56:11","slug":"ultra-berrak-weiches-toilettenpapier-16-rollen-aufloesbar-und-100-natuerlich","status":"publish","type":"product","link":"https:\/\/hakmarfrance.online\/de\/produit\/ultra-berrak-weiches-toilettenpapier-16-rollen-aufloesbar-und-100-natuerlich\/","title":{"rendered":"Ultra Berrak \u2013 Weiches Toilettenpapier \u2013 16 Rollen \u2013 Aufl\u00f6sbar und 100 % nat\u00fcrlich"},"content":{"rendered":"","protected":false},"excerpt":{"rendered":"<p data-start=\"355\" data-end=\"519\"><strong data-start=\"355\" data-end=\"405\">Komfort, Weichheit und Umweltfreundlichkeit<\/strong>: Das <strong data-start=\"427\" data-end=\"443\">Ultra Berrak<\/strong> Toilettenpapier garantiert dir perfekte Hygiene und ein angenehmes Erlebnis im Alltag.<\/p>\n<p data-start=\"521\" data-end=\"547\">\u2705 <strong data-start=\"523\" data-end=\"543\">Eigenschaften<\/strong>:<\/p>\n<ul data-start=\"548\" data-end=\"740\">\n<li data-start=\"548\" data-end=\"575\">\n<p data-start=\"550\" data-end=\"575\"><strong data-start=\"550\" data-end=\"573\">16 Rollen Packung<\/strong><\/p>\n<\/li>\n<li data-start=\"576\" data-end=\"618\">\n<p data-start=\"578\" data-end=\"618\">Papier <strong data-start=\"585\" data-end=\"599\">extra weich<\/strong> und <strong data-start=\"603\" data-end=\"616\">widerstandsf\u00e4hig<\/strong><\/p>\n<\/li>\n<li data-start=\"619\" data-end=\"677\">\n<p data-start=\"621\" data-end=\"677\"><strong data-start=\"621\" data-end=\"654\">In der Toilette aufl\u00f6sbar<\/strong> \u2013 vermeidet Verstopfungen<\/p>\n<\/li>\n<li data-start=\"678\" data-end=\"709\">\n<p data-start=\"680\" data-end=\"709\"><strong data-start=\"680\" data-end=\"707\">100 % Naturfasern<\/strong><\/p>\n<\/li>\n<li data-start=\"710\" data-end=\"740\">\n<p data-start=\"712\" data-end=\"740\">F\u00fcr die ganze Familie geeignet<\/p>\n<\/li>\n<\/ul>\n<p data-start=\"742\" data-end=\"842\">\ud83c\udf31 <strong data-start=\"745\" data-end=\"764\">Umweltfreundlich<\/strong>: hergestellt aus nachhaltigen Materialien, ohne aggressive Chemikalien.<\/p>\n","protected":false},"featured_media":17728,"comment_status":"open","ping_status":"closed","template":"","meta":{"iawp_total_views":0},"product_brand":[205],"product_cat":[260],"product_tag":[],"class_list":{"0":"post-17727","1":"product","2":"type-product","3":"status-publish","4":"has-post-thumbnail","6":"product_brand-berrak","7":"product_cat-hygiene-pflege","9":"first","10":"instock","11":"shipping-taxable","12":"purchasable","13":"product-type-simple"},"yoast_head":"<!-- This site is optimized with the Yoast SEO plugin v27.3 - https:\/\/yoast.com\/product\/yoast-seo-wordpress\/ -->\n<title>Ultra Berrak \u2013 Weiches Toilettenpapier \u2013 16 Rollen \u2013 Aufl\u00f6sbar und 100 % nat\u00fcrlich - hakmarfrance.online<\/title>\n<meta name=\"robots\" content=\"index, follow, max-snippet:-1, max-image-preview:large, max-video-preview:-1\" \/>\n<link rel=\"canonical\" href=\"https:\/\/hakmarfrance.online\/de\/produit\/ultra-berrak-weiches-toilettenpapier-16-rollen-aufloesbar-und-100-natuerlich\/\" \/>\n<meta property=\"og:locale\" content=\"de_DE\" \/>\n<meta property=\"og:type\" content=\"article\" \/>\n<meta property=\"og:title\" content=\"Ultra Berrak \u2013 Weiches Toilettenpapier \u2013 16 Rollen \u2013 Aufl\u00f6sbar und 100 % nat\u00fcrlich - hakmarfrance.online\" \/>\n<meta property=\"og:description\" content=\"Komfort, Weichheit und Umweltfreundlichkeit: Das Ultra Berrak Toilettenpapier garantiert dir perfekte Hygiene und ein angenehmes Erlebnis im Alltag. \u2705 Eigenschaften:   16 Rollen Packung   Papier extra weich und widerstandsf\u00e4hig   In der Toilette aufl\u00f6sbar \u2013 vermeidet Verstopfungen   100 % Naturfasern   F\u00fcr die ganze Familie geeignet  \ud83c\udf31 Umweltfreundlich: hergestellt aus nachhaltigen Materialien, ohne aggressive Chemikalien.\" \/>\n<meta property=\"og:url\" content=\"https:\/\/hakmarfrance.online\/de\/produit\/ultra-berrak-weiches-toilettenpapier-16-rollen-aufloesbar-und-100-natuerlich\/\" \/>\n<meta property=\"og:site_name\" content=\"hakmarfrance.online\" \/>\n<meta property=\"article:publisher\" content=\"https:\/\/www.facebook.com\/HakmarFranceSupermarche\/?locale=fr_FR\" \/>\n<meta property=\"og:image\" content=\"https:\/\/hakmarfrance.online\/wp-content\/uploads\/2025\/07\/papier-toilette-ultra-berrak-16-rouleaux.avif\" \/>\n\t<meta property=\"og:image:width\" content=\"1000\" \/>\n\t<meta property=\"og:image:height\" content=\"800\" \/>\n\t<meta property=\"og:image:type\" content=\"image\/png\" \/>\n<meta name=\"twitter:card\" content=\"summary_large_image\" \/>\n<script type=\"application\/ld+json\" class=\"yoast-schema-graph\">{\"@context\":\"https:\\\/\\\/schema.org\",\"@graph\":[{\"@type\":\"WebPage\",\"@id\":\"https:\\\/\\\/hakmarfrance.online\\\/de\\\/produit\\\/ultra-berrak-weiches-toilettenpapier-16-rollen-aufloesbar-und-100-natuerlich\\\/\",\"url\":\"https:\\\/\\\/hakmarfrance.online\\\/de\\\/produit\\\/ultra-berrak-weiches-toilettenpapier-16-rollen-aufloesbar-und-100-natuerlich\\\/\",\"name\":\"Ultra Berrak \u2013 Weiches Toilettenpapier \u2013 16 Rollen \u2013 Aufl\u00f6sbar und 100 % nat\u00fcrlich - hakmarfrance.online\",\"isPartOf\":{\"@id\":\"https:\\\/\\\/hakmarfrance.online\\\/de\\\/#website\"},\"primaryImageOfPage\":{\"@id\":\"https:\\\/\\\/hakmarfrance.online\\\/de\\\/produit\\\/ultra-berrak-weiches-toilettenpapier-16-rollen-aufloesbar-und-100-natuerlich\\\/#primaryimage\"},\"image\":{\"@id\":\"https:\\\/\\\/hakmarfrance.online\\\/de\\\/produit\\\/ultra-berrak-weiches-toilettenpapier-16-rollen-aufloesbar-und-100-natuerlich\\\/#primaryimage\"},\"thumbnailUrl\":\"https:\\\/\\\/hakmarfrance.online\\\/wp-content\\\/uploads\\\/2025\\\/07\\\/papier-toilette-ultra-berrak-16-rouleaux.avif\",\"datePublished\":\"2025-07-04T20:56:11+00:00\",\"breadcrumb\":{\"@id\":\"https:\\\/\\\/hakmarfrance.online\\\/de\\\/produit\\\/ultra-berrak-weiches-toilettenpapier-16-rollen-aufloesbar-und-100-natuerlich\\\/#breadcrumb\"},\"inLanguage\":\"de\",\"potentialAction\":[{\"@type\":\"ReadAction\",\"target\":[\"https:\\\/\\\/hakmarfrance.online\\\/de\\\/produit\\\/ultra-berrak-weiches-toilettenpapier-16-rollen-aufloesbar-und-100-natuerlich\\\/\"]}]},{\"@type\":\"ImageObject\",\"inLanguage\":\"de\",\"@id\":\"https:\\\/\\\/hakmarfrance.online\\\/de\\\/produit\\\/ultra-berrak-weiches-toilettenpapier-16-rollen-aufloesbar-und-100-natuerlich\\\/#primaryimage\",\"url\":\"https:\\\/\\\/hakmarfrance.online\\\/wp-content\\\/uploads\\\/2025\\\/07\\\/papier-toilette-ultra-berrak-16-rouleaux.avif\",\"contentUrl\":\"https:\\\/\\\/hakmarfrance.online\\\/wp-content\\\/uploads\\\/2025\\\/07\\\/papier-toilette-ultra-berrak-16-rouleaux.avif\",\"width\":1000,\"height\":800,\"caption\":\"Ultra Berrak Toilettenpapier \u2013 Weich, nat\u00fcrlich und schonend f\u00fcr deine Abfl\u00fcsse\"},{\"@type\":\"BreadcrumbList\",\"@id\":\"https:\\\/\\\/hakmarfrance.online\\\/de\\\/produit\\\/ultra-berrak-weiches-toilettenpapier-16-rollen-aufloesbar-und-100-natuerlich\\\/#breadcrumb\",\"itemListElement\":[{\"@type\":\"ListItem\",\"position\":1,\"name\":\"Accueil\",\"item\":\"https:\\\/\\\/hakmarfrance.online\\\/de\\\/\"},{\"@type\":\"ListItem\",\"position\":2,\"name\":\"Shop\",\"item\":\"https:\\\/\\\/hakmarfrance.online\\\/de\\\/shop\\\/\"},{\"@type\":\"ListItem\",\"position\":3,\"name\":\"Ultra Berrak \u2013 Weiches Toilettenpapier \u2013 16 Rollen \u2013 Aufl\u00f6sbar und 100 % nat\u00fcrlich\"}]},{\"@type\":\"WebSite\",\"@id\":\"https:\\\/\\\/hakmarfrance.online\\\/de\\\/#website\",\"url\":\"https:\\\/\\\/hakmarfrance.online\\\/de\\\/\",\"name\":\"hakmarfrance.online\",\"description\":\"\",\"publisher\":{\"@id\":\"https:\\\/\\\/hakmarfrance.online\\\/de\\\/#organization\"},\"potentialAction\":[{\"@type\":\"SearchAction\",\"target\":{\"@type\":\"EntryPoint\",\"urlTemplate\":\"https:\\\/\\\/hakmarfrance.online\\\/de\\\/?s={search_term_string}\"},\"query-input\":{\"@type\":\"PropertyValueSpecification\",\"valueRequired\":true,\"valueName\":\"search_term_string\"}}],\"inLanguage\":\"de\"},{\"@type\":\"Organization\",\"@id\":\"https:\\\/\\\/hakmarfrance.online\\\/de\\\/#organization\",\"name\":\"hakmarfrance.online\",\"url\":\"https:\\\/\\\/hakmarfrance.online\\\/de\\\/\",\"logo\":{\"@type\":\"ImageObject\",\"inLanguage\":\"de\",\"@id\":\"https:\\\/\\\/hakmarfrance.online\\\/de\\\/#\\\/schema\\\/logo\\\/image\\\/\",\"url\":\"https:\\\/\\\/hakmarfrance.online\\\/wp-content\\\/uploads\\\/2025\\\/06\\\/logo-hakmarfrance.png\",\"contentUrl\":\"https:\\\/\\\/hakmarfrance.online\\\/wp-content\\\/uploads\\\/2025\\\/06\\\/logo-hakmarfrance.png\",\"width\":528,\"height\":232,\"caption\":\"hakmarfrance.online\"},\"image\":{\"@id\":\"https:\\\/\\\/hakmarfrance.online\\\/de\\\/#\\\/schema\\\/logo\\\/image\\\/\"},\"sameAs\":[\"https:\\\/\\\/www.facebook.com\\\/HakmarFranceSupermarche\\\/?locale=fr_FR\",\"https:\\\/\\\/www.instagram.com\\\/hakmarfrancesupermarche\\\/\"]}]}<\/script>\n<!-- \/ Yoast SEO plugin. -->","yoast_head_json":{"title":"Ultra Berrak \u2013 Weiches Toilettenpapier \u2013 16 Rollen \u2013 Aufl\u00f6sbar und 100 % nat\u00fcrlich - hakmarfrance.online","robots":{"index":"index","follow":"follow","max-snippet":"max-snippet:-1","max-image-preview":"max-image-preview:large","max-video-preview":"max-video-preview:-1"},"canonical":"https:\/\/hakmarfrance.online\/de\/produit\/ultra-berrak-weiches-toilettenpapier-16-rollen-aufloesbar-und-100-natuerlich\/","og_locale":"de_DE","og_type":"article","og_title":"Ultra Berrak \u2013 Weiches Toilettenpapier \u2013 16 Rollen \u2013 Aufl\u00f6sbar und 100 % nat\u00fcrlich - hakmarfrance.online","og_description":"Komfort, Weichheit und Umweltfreundlichkeit: Das Ultra Berrak Toilettenpapier garantiert dir perfekte Hygiene und ein angenehmes Erlebnis im Alltag. \u2705 Eigenschaften:   16 Rollen Packung   Papier extra weich und widerstandsf\u00e4hig   In der Toilette aufl\u00f6sbar \u2013 vermeidet Verstopfungen   100 % Naturfasern   F\u00fcr die ganze Familie geeignet  \ud83c\udf31 Umweltfreundlich: hergestellt aus nachhaltigen Materialien, ohne aggressive Chemikalien.","og_url":"https:\/\/hakmarfrance.online\/de\/produit\/ultra-berrak-weiches-toilettenpapier-16-rollen-aufloesbar-und-100-natuerlich\/","og_site_name":"hakmarfrance.online","article_publisher":"https:\/\/www.facebook.com\/HakmarFranceSupermarche\/?locale=fr_FR","og_image":[{"width":1000,"height":800,"url":"https:\/\/hakmarfrance.online\/wp-content\/uploads\/2025\/07\/papier-toilette-ultra-berrak-16-rouleaux.avif","type":"image\/png"}],"twitter_card":"summary_large_image","schema":{"@context":"https:\/\/schema.org","@graph":[{"@type":"WebPage","@id":"https:\/\/hakmarfrance.online\/de\/produit\/ultra-berrak-weiches-toilettenpapier-16-rollen-aufloesbar-und-100-natuerlich\/","url":"https:\/\/hakmarfrance.online\/de\/produit\/ultra-berrak-weiches-toilettenpapier-16-rollen-aufloesbar-und-100-natuerlich\/","name":"Ultra Berrak \u2013 Weiches Toilettenpapier \u2013 16 Rollen \u2013 Aufl\u00f6sbar und 100 % nat\u00fcrlich - hakmarfrance.online","isPartOf":{"@id":"https:\/\/hakmarfrance.online\/de\/#website"},"primaryImageOfPage":{"@id":"https:\/\/hakmarfrance.online\/de\/produit\/ultra-berrak-weiches-toilettenpapier-16-rollen-aufloesbar-und-100-natuerlich\/#primaryimage"},"image":{"@id":"https:\/\/hakmarfrance.online\/de\/produit\/ultra-berrak-weiches-toilettenpapier-16-rollen-aufloesbar-und-100-natuerlich\/#primaryimage"},"thumbnailUrl":"https:\/\/hakmarfrance.online\/wp-content\/uploads\/2025\/07\/papier-toilette-ultra-berrak-16-rouleaux.avif","datePublished":"2025-07-04T20:56:11+00:00","breadcrumb":{"@id":"https:\/\/hakmarfrance.online\/de\/produit\/ultra-berrak-weiches-toilettenpapier-16-rollen-aufloesbar-und-100-natuerlich\/#breadcrumb"},"inLanguage":"de","potentialAction":[{"@type":"ReadAction","target":["https:\/\/hakmarfrance.online\/de\/produit\/ultra-berrak-weiches-toilettenpapier-16-rollen-aufloesbar-und-100-natuerlich\/"]}]},{"@type":"ImageObject","inLanguage":"de","@id":"https:\/\/hakmarfrance.online\/de\/produit\/ultra-berrak-weiches-toilettenpapier-16-rollen-aufloesbar-und-100-natuerlich\/#primaryimage","url":"https:\/\/hakmarfrance.online\/wp-content\/uploads\/2025\/07\/papier-toilette-ultra-berrak-16-rouleaux.avif","contentUrl":"https:\/\/hakmarfrance.online\/wp-content\/uploads\/2025\/07\/papier-toilette-ultra-berrak-16-rouleaux.avif","width":1000,"height":800,"caption":"Ultra Berrak Toilettenpapier \u2013 Weich, nat\u00fcrlich und schonend f\u00fcr deine Abfl\u00fcsse"},{"@type":"BreadcrumbList","@id":"https:\/\/hakmarfrance.online\/de\/produit\/ultra-berrak-weiches-toilettenpapier-16-rollen-aufloesbar-und-100-natuerlich\/#breadcrumb","itemListElement":[{"@type":"ListItem","position":1,"name":"Accueil","item":"https:\/\/hakmarfrance.online\/de\/"},{"@type":"ListItem","position":2,"name":"Shop","item":"https:\/\/hakmarfrance.online\/de\/shop\/"},{"@type":"ListItem","position":3,"name":"Ultra Berrak \u2013 Weiches Toilettenpapier \u2013 16 Rollen \u2013 Aufl\u00f6sbar und 100 % nat\u00fcrlich"}]},{"@type":"WebSite","@id":"https:\/\/hakmarfrance.online\/de\/#website","url":"https:\/\/hakmarfrance.online\/de\/","name":"hakmarfrance.online","description":"","publisher":{"@id":"https:\/\/hakmarfrance.online\/de\/#organization"},"potentialAction":[{"@type":"SearchAction","target":{"@type":"EntryPoint","urlTemplate":"https:\/\/hakmarfrance.online\/de\/?s={search_term_string}"},"query-input":{"@type":"PropertyValueSpecification","valueRequired":true,"valueName":"search_term_string"}}],"inLanguage":"de"},{"@type":"Organization","@id":"https:\/\/hakmarfrance.online\/de\/#organization","name":"hakmarfrance.online","url":"https:\/\/hakmarfrance.online\/de\/","logo":{"@type":"ImageObject","inLanguage":"de","@id":"https:\/\/hakmarfrance.online\/de\/#\/schema\/logo\/image\/","url":"https:\/\/hakmarfrance.online\/wp-content\/uploads\/2025\/06\/logo-hakmarfrance.png","contentUrl":"https:\/\/hakmarfrance.online\/wp-content\/uploads\/2025\/06\/logo-hakmarfrance.png","width":528,"height":232,"caption":"hakmarfrance.online"},"image":{"@id":"https:\/\/hakmarfrance.online\/de\/#\/schema\/logo\/image\/"},"sameAs":["https:\/\/www.facebook.com\/HakmarFranceSupermarche\/?locale=fr_FR","https:\/\/www.instagram.com\/hakmarfrancesupermarche\/"]}]}},"_links":{"self":[{"href":"https:\/\/hakmarfrance.online\/de\/wp-json\/wp\/v2\/product\/17727","targetHints":{"allow":["GET"]}}],"collection":[{"href":"https:\/\/hakmarfrance.online\/de\/wp-json\/wp\/v2\/product"}],"about":[{"href":"https:\/\/hakmarfrance.online\/de\/wp-json\/wp\/v2\/types\/product"}],"replies":[{"embeddable":true,"href":"https:\/\/hakmarfrance.online\/de\/wp-json\/wp\/v2\/comments?post=17727"}],"version-history":[{"count":0,"href":"https:\/\/hakmarfrance.online\/de\/wp-json\/wp\/v2\/product\/17727\/revisions"}],"wp:featuredmedia":[{"embeddable":true,"href":"https:\/\/hakmarfrance.online\/de\/wp-json\/wp\/v2\/media\/17728"}],"wp:attachment":[{"href":"https:\/\/hakmarfrance.online\/de\/wp-json\/wp\/v2\/media?parent=17727"}],"wp:term":[{"taxonomy":"product_brand","embeddable":true,"href":"https:\/\/hakmarfrance.online\/de\/wp-json\/wp\/v2\/product_brand?post=17727"},{"taxonomy":"product_cat","embeddable":true,"href":"https:\/\/hakmarfrance.online\/de\/wp-json\/wp\/v2\/product_cat?post=17727"},{"taxonomy":"product_tag","embeddable":true,"href":"https:\/\/hakmarfrance.online\/de\/wp-json\/wp\/v2\/product_tag?post=17727"}],"curies":[{"name":"wp","href":"https:\/\/api.w.org\/{rel}","templated":true}]}}