{"id":17729,"date":"2025-07-04T20:56:11","date_gmt":"2025-07-04T20:56:11","guid":{"rendered":"https:\/\/hakmarfrance.online\/produit\/ultra-berrak-saugstarke-kuechenrolle-6-rollen-lebensmittelecht\/"},"modified":"2025-07-04T20:56:11","modified_gmt":"2025-07-04T20:56:11","slug":"ultra-berrak-saugstarke-kuechenrolle-6-rollen-lebensmittelecht","status":"publish","type":"product","link":"https:\/\/hakmarfrance.online\/de\/produit\/ultra-berrak-saugstarke-kuechenrolle-6-rollen-lebensmittelecht\/","title":{"rendered":"Ultra Berrak \u2013 Saugstarke K\u00fcchenrolle \u2013 6 Rollen \u2013 Lebensmittelecht"},"content":{"rendered":"","protected":false},"excerpt":{"rendered":"<p data-start=\"346\" data-end=\"503\">Die K\u00fcchenrolle <strong data-start=\"360\" data-end=\"376\">Ultra Berrak<\/strong> vereint Leistung und Lebensmittelsicherheit. Aus 100 % Zellulose hergestellt, ist sie ideal f\u00fcr den t\u00e4glichen Gebrauch in der K\u00fcche. <\/p>\n<p data-start=\"505\" data-end=\"543\">\u2705 <strong data-start=\"507\" data-end=\"539\">Hauptmerkmale<\/strong>:<\/p>\n<ul data-start=\"544\" data-end=\"779\">\n<li data-start=\"544\" data-end=\"579\">\n<p data-start=\"546\" data-end=\"579\"><strong data-start=\"546\" data-end=\"577\">6 ultra saugstarke Rollen<\/strong><\/p>\n<\/li>\n<li data-start=\"580\" data-end=\"642\">\n<p data-start=\"582\" data-end=\"642\">Hergestellt aus <strong data-start=\"603\" data-end=\"640\">100 % nat\u00fcrlichem Zellstoff<\/strong><\/p>\n<\/li>\n<li data-start=\"643\" data-end=\"690\">\n<p data-start=\"645\" data-end=\"690\"><strong data-start=\"645\" data-end=\"688\">Lebensmittelecht<\/strong><\/p>\n<\/li>\n<li data-start=\"691\" data-end=\"743\">\n<p data-start=\"693\" data-end=\"743\">Gepr\u00e4gte Textur f\u00fcr <strong data-start=\"718\" data-end=\"741\">maximale Saugf\u00e4higkeit<\/strong><\/p>\n<\/li>\n<li data-start=\"744\" data-end=\"779\">\n<p data-start=\"746\" data-end=\"779\">Rei\u00dffest und sparsam im Verbrauch<\/p>\n<\/li>\n<\/ul>\n<p data-start=\"781\" data-end=\"908\">\ud83c\udf7d\ufe0f <strong data-start=\"785\" data-end=\"831\">Ideal zum Abwischen von K\u00fcchenoberfl\u00e4chen<\/strong>, Lebensmitteln oder zum schnellen Aufsaugen von Fl\u00fcssigkeiten, ohne R\u00fcckst\u00e4nde zu hinterlassen.<\/p>\n","protected":false},"featured_media":17730,"comment_status":"open","ping_status":"closed","template":"","meta":{"iawp_total_views":0},"product_brand":[205],"product_cat":[226,260],"product_tag":[],"class_list":{"0":"post-17729","1":"product","2":"type-product","3":"status-publish","4":"has-post-thumbnail","6":"product_brand-berrak","7":"product_cat-alle-unsere-produkte","8":"product_cat-hygiene-pflege","10":"first","11":"instock","12":"shipping-taxable","13":"purchasable","14":"product-type-simple"},"yoast_head":"<!-- This site is optimized with the Yoast SEO plugin v27.3 - https:\/\/yoast.com\/product\/yoast-seo-wordpress\/ -->\n<title>Ultra Berrak \u2013 Saugstarke K\u00fcchenrolle \u2013 6 Rollen \u2013 Lebensmittelecht - hakmarfrance.online<\/title>\n<meta name=\"robots\" content=\"index, follow, max-snippet:-1, max-image-preview:large, max-video-preview:-1\" \/>\n<link rel=\"canonical\" href=\"https:\/\/hakmarfrance.online\/de\/produit\/ultra-berrak-saugstarke-kuechenrolle-6-rollen-lebensmittelecht\/\" \/>\n<meta property=\"og:locale\" content=\"de_DE\" \/>\n<meta property=\"og:type\" content=\"article\" \/>\n<meta property=\"og:title\" content=\"Ultra Berrak \u2013 Saugstarke K\u00fcchenrolle \u2013 6 Rollen \u2013 Lebensmittelecht - hakmarfrance.online\" \/>\n<meta property=\"og:description\" content=\"Die K\u00fcchenrolle Ultra Berrak vereint Leistung und Lebensmittelsicherheit. Aus 100 % Zellulose hergestellt, ist sie ideal f\u00fcr den t\u00e4glichen Gebrauch in der K\u00fcche. \u2705 Hauptmerkmale:   6 ultra saugstarke Rollen   Hergestellt aus 100 % nat\u00fcrlichem Zellstoff   Lebensmittelecht   Gepr\u00e4gte Textur f\u00fcr maximale Saugf\u00e4higkeit   Rei\u00dffest und sparsam im Verbrauch  \ud83c\udf7d\ufe0f Ideal zum Abwischen von K\u00fcchenoberfl\u00e4chen, Lebensmitteln oder zum schnellen Aufsaugen von Fl\u00fcssigkeiten, ohne R\u00fcckst\u00e4nde zu hinterlassen.\" \/>\n<meta property=\"og:url\" content=\"https:\/\/hakmarfrance.online\/de\/produit\/ultra-berrak-saugstarke-kuechenrolle-6-rollen-lebensmittelecht\/\" \/>\n<meta property=\"og:site_name\" content=\"hakmarfrance.online\" \/>\n<meta property=\"article:publisher\" content=\"https:\/\/www.facebook.com\/HakmarFranceSupermarche\/?locale=fr_FR\" \/>\n<meta property=\"og:image\" content=\"https:\/\/hakmarfrance.online\/wp-content\/uploads\/2025\/07\/essuie-tout-ultra-berrak-6-rouleaux.avif\" \/>\n\t<meta property=\"og:image:width\" content=\"1000\" \/>\n\t<meta property=\"og:image:height\" content=\"800\" \/>\n\t<meta property=\"og:image:type\" content=\"image\/png\" \/>\n<meta name=\"twitter:card\" content=\"summary_large_image\" \/>\n<script type=\"application\/ld+json\" class=\"yoast-schema-graph\">{\"@context\":\"https:\\\/\\\/schema.org\",\"@graph\":[{\"@type\":\"WebPage\",\"@id\":\"https:\\\/\\\/hakmarfrance.online\\\/de\\\/produit\\\/ultra-berrak-saugstarke-kuechenrolle-6-rollen-lebensmittelecht\\\/\",\"url\":\"https:\\\/\\\/hakmarfrance.online\\\/de\\\/produit\\\/ultra-berrak-saugstarke-kuechenrolle-6-rollen-lebensmittelecht\\\/\",\"name\":\"Ultra Berrak \u2013 Saugstarke K\u00fcchenrolle \u2013 6 Rollen \u2013 Lebensmittelecht - hakmarfrance.online\",\"isPartOf\":{\"@id\":\"https:\\\/\\\/hakmarfrance.online\\\/de\\\/#website\"},\"primaryImageOfPage\":{\"@id\":\"https:\\\/\\\/hakmarfrance.online\\\/de\\\/produit\\\/ultra-berrak-saugstarke-kuechenrolle-6-rollen-lebensmittelecht\\\/#primaryimage\"},\"image\":{\"@id\":\"https:\\\/\\\/hakmarfrance.online\\\/de\\\/produit\\\/ultra-berrak-saugstarke-kuechenrolle-6-rollen-lebensmittelecht\\\/#primaryimage\"},\"thumbnailUrl\":\"https:\\\/\\\/hakmarfrance.online\\\/wp-content\\\/uploads\\\/2025\\\/07\\\/essuie-tout-ultra-berrak-6-rouleaux.avif\",\"datePublished\":\"2025-07-04T20:56:11+00:00\",\"breadcrumb\":{\"@id\":\"https:\\\/\\\/hakmarfrance.online\\\/de\\\/produit\\\/ultra-berrak-saugstarke-kuechenrolle-6-rollen-lebensmittelecht\\\/#breadcrumb\"},\"inLanguage\":\"de\",\"potentialAction\":[{\"@type\":\"ReadAction\",\"target\":[\"https:\\\/\\\/hakmarfrance.online\\\/de\\\/produit\\\/ultra-berrak-saugstarke-kuechenrolle-6-rollen-lebensmittelecht\\\/\"]}]},{\"@type\":\"ImageObject\",\"inLanguage\":\"de\",\"@id\":\"https:\\\/\\\/hakmarfrance.online\\\/de\\\/produit\\\/ultra-berrak-saugstarke-kuechenrolle-6-rollen-lebensmittelecht\\\/#primaryimage\",\"url\":\"https:\\\/\\\/hakmarfrance.online\\\/wp-content\\\/uploads\\\/2025\\\/07\\\/essuie-tout-ultra-berrak-6-rouleaux.avif\",\"contentUrl\":\"https:\\\/\\\/hakmarfrance.online\\\/wp-content\\\/uploads\\\/2025\\\/07\\\/essuie-tout-ultra-berrak-6-rouleaux.avif\",\"width\":1000,\"height\":800,\"caption\":\"K\u00fcchenrolle Ultra Berrak \u2013 6 saugstarke Rollen, lebensmittelecht zertifiziert\"},{\"@type\":\"BreadcrumbList\",\"@id\":\"https:\\\/\\\/hakmarfrance.online\\\/de\\\/produit\\\/ultra-berrak-saugstarke-kuechenrolle-6-rollen-lebensmittelecht\\\/#breadcrumb\",\"itemListElement\":[{\"@type\":\"ListItem\",\"position\":1,\"name\":\"Accueil\",\"item\":\"https:\\\/\\\/hakmarfrance.online\\\/de\\\/\"},{\"@type\":\"ListItem\",\"position\":2,\"name\":\"Shop\",\"item\":\"https:\\\/\\\/hakmarfrance.online\\\/de\\\/shop\\\/\"},{\"@type\":\"ListItem\",\"position\":3,\"name\":\"Ultra Berrak \u2013 Saugstarke K\u00fcchenrolle \u2013 6 Rollen \u2013 Lebensmittelecht\"}]},{\"@type\":\"WebSite\",\"@id\":\"https:\\\/\\\/hakmarfrance.online\\\/de\\\/#website\",\"url\":\"https:\\\/\\\/hakmarfrance.online\\\/de\\\/\",\"name\":\"hakmarfrance.online\",\"description\":\"\",\"publisher\":{\"@id\":\"https:\\\/\\\/hakmarfrance.online\\\/de\\\/#organization\"},\"potentialAction\":[{\"@type\":\"SearchAction\",\"target\":{\"@type\":\"EntryPoint\",\"urlTemplate\":\"https:\\\/\\\/hakmarfrance.online\\\/de\\\/?s={search_term_string}\"},\"query-input\":{\"@type\":\"PropertyValueSpecification\",\"valueRequired\":true,\"valueName\":\"search_term_string\"}}],\"inLanguage\":\"de\"},{\"@type\":\"Organization\",\"@id\":\"https:\\\/\\\/hakmarfrance.online\\\/de\\\/#organization\",\"name\":\"hakmarfrance.online\",\"url\":\"https:\\\/\\\/hakmarfrance.online\\\/de\\\/\",\"logo\":{\"@type\":\"ImageObject\",\"inLanguage\":\"de\",\"@id\":\"https:\\\/\\\/hakmarfrance.online\\\/de\\\/#\\\/schema\\\/logo\\\/image\\\/\",\"url\":\"https:\\\/\\\/hakmarfrance.online\\\/wp-content\\\/uploads\\\/2025\\\/06\\\/logo-hakmarfrance.png\",\"contentUrl\":\"https:\\\/\\\/hakmarfrance.online\\\/wp-content\\\/uploads\\\/2025\\\/06\\\/logo-hakmarfrance.png\",\"width\":528,\"height\":232,\"caption\":\"hakmarfrance.online\"},\"image\":{\"@id\":\"https:\\\/\\\/hakmarfrance.online\\\/de\\\/#\\\/schema\\\/logo\\\/image\\\/\"},\"sameAs\":[\"https:\\\/\\\/www.facebook.com\\\/HakmarFranceSupermarche\\\/?locale=fr_FR\",\"https:\\\/\\\/www.instagram.com\\\/hakmarfrancesupermarche\\\/\"]}]}<\/script>\n<!-- \/ Yoast SEO plugin. -->","yoast_head_json":{"title":"Ultra Berrak \u2013 Saugstarke K\u00fcchenrolle \u2013 6 Rollen \u2013 Lebensmittelecht - hakmarfrance.online","robots":{"index":"index","follow":"follow","max-snippet":"max-snippet:-1","max-image-preview":"max-image-preview:large","max-video-preview":"max-video-preview:-1"},"canonical":"https:\/\/hakmarfrance.online\/de\/produit\/ultra-berrak-saugstarke-kuechenrolle-6-rollen-lebensmittelecht\/","og_locale":"de_DE","og_type":"article","og_title":"Ultra Berrak \u2013 Saugstarke K\u00fcchenrolle \u2013 6 Rollen \u2013 Lebensmittelecht - hakmarfrance.online","og_description":"Die K\u00fcchenrolle Ultra Berrak vereint Leistung und Lebensmittelsicherheit. Aus 100 % Zellulose hergestellt, ist sie ideal f\u00fcr den t\u00e4glichen Gebrauch in der K\u00fcche. \u2705 Hauptmerkmale:   6 ultra saugstarke Rollen   Hergestellt aus 100 % nat\u00fcrlichem Zellstoff   Lebensmittelecht   Gepr\u00e4gte Textur f\u00fcr maximale Saugf\u00e4higkeit   Rei\u00dffest und sparsam im Verbrauch  \ud83c\udf7d\ufe0f Ideal zum Abwischen von K\u00fcchenoberfl\u00e4chen, Lebensmitteln oder zum schnellen Aufsaugen von Fl\u00fcssigkeiten, ohne R\u00fcckst\u00e4nde zu hinterlassen.","og_url":"https:\/\/hakmarfrance.online\/de\/produit\/ultra-berrak-saugstarke-kuechenrolle-6-rollen-lebensmittelecht\/","og_site_name":"hakmarfrance.online","article_publisher":"https:\/\/www.facebook.com\/HakmarFranceSupermarche\/?locale=fr_FR","og_image":[{"width":1000,"height":800,"url":"https:\/\/hakmarfrance.online\/wp-content\/uploads\/2025\/07\/essuie-tout-ultra-berrak-6-rouleaux.avif","type":"image\/png"}],"twitter_card":"summary_large_image","schema":{"@context":"https:\/\/schema.org","@graph":[{"@type":"WebPage","@id":"https:\/\/hakmarfrance.online\/de\/produit\/ultra-berrak-saugstarke-kuechenrolle-6-rollen-lebensmittelecht\/","url":"https:\/\/hakmarfrance.online\/de\/produit\/ultra-berrak-saugstarke-kuechenrolle-6-rollen-lebensmittelecht\/","name":"Ultra Berrak \u2013 Saugstarke K\u00fcchenrolle \u2013 6 Rollen \u2013 Lebensmittelecht - hakmarfrance.online","isPartOf":{"@id":"https:\/\/hakmarfrance.online\/de\/#website"},"primaryImageOfPage":{"@id":"https:\/\/hakmarfrance.online\/de\/produit\/ultra-berrak-saugstarke-kuechenrolle-6-rollen-lebensmittelecht\/#primaryimage"},"image":{"@id":"https:\/\/hakmarfrance.online\/de\/produit\/ultra-berrak-saugstarke-kuechenrolle-6-rollen-lebensmittelecht\/#primaryimage"},"thumbnailUrl":"https:\/\/hakmarfrance.online\/wp-content\/uploads\/2025\/07\/essuie-tout-ultra-berrak-6-rouleaux.avif","datePublished":"2025-07-04T20:56:11+00:00","breadcrumb":{"@id":"https:\/\/hakmarfrance.online\/de\/produit\/ultra-berrak-saugstarke-kuechenrolle-6-rollen-lebensmittelecht\/#breadcrumb"},"inLanguage":"de","potentialAction":[{"@type":"ReadAction","target":["https:\/\/hakmarfrance.online\/de\/produit\/ultra-berrak-saugstarke-kuechenrolle-6-rollen-lebensmittelecht\/"]}]},{"@type":"ImageObject","inLanguage":"de","@id":"https:\/\/hakmarfrance.online\/de\/produit\/ultra-berrak-saugstarke-kuechenrolle-6-rollen-lebensmittelecht\/#primaryimage","url":"https:\/\/hakmarfrance.online\/wp-content\/uploads\/2025\/07\/essuie-tout-ultra-berrak-6-rouleaux.avif","contentUrl":"https:\/\/hakmarfrance.online\/wp-content\/uploads\/2025\/07\/essuie-tout-ultra-berrak-6-rouleaux.avif","width":1000,"height":800,"caption":"K\u00fcchenrolle Ultra Berrak \u2013 6 saugstarke Rollen, lebensmittelecht zertifiziert"},{"@type":"BreadcrumbList","@id":"https:\/\/hakmarfrance.online\/de\/produit\/ultra-berrak-saugstarke-kuechenrolle-6-rollen-lebensmittelecht\/#breadcrumb","itemListElement":[{"@type":"ListItem","position":1,"name":"Accueil","item":"https:\/\/hakmarfrance.online\/de\/"},{"@type":"ListItem","position":2,"name":"Shop","item":"https:\/\/hakmarfrance.online\/de\/shop\/"},{"@type":"ListItem","position":3,"name":"Ultra Berrak \u2013 Saugstarke K\u00fcchenrolle \u2013 6 Rollen \u2013 Lebensmittelecht"}]},{"@type":"WebSite","@id":"https:\/\/hakmarfrance.online\/de\/#website","url":"https:\/\/hakmarfrance.online\/de\/","name":"hakmarfrance.online","description":"","publisher":{"@id":"https:\/\/hakmarfrance.online\/de\/#organization"},"potentialAction":[{"@type":"SearchAction","target":{"@type":"EntryPoint","urlTemplate":"https:\/\/hakmarfrance.online\/de\/?s={search_term_string}"},"query-input":{"@type":"PropertyValueSpecification","valueRequired":true,"valueName":"search_term_string"}}],"inLanguage":"de"},{"@type":"Organization","@id":"https:\/\/hakmarfrance.online\/de\/#organization","name":"hakmarfrance.online","url":"https:\/\/hakmarfrance.online\/de\/","logo":{"@type":"ImageObject","inLanguage":"de","@id":"https:\/\/hakmarfrance.online\/de\/#\/schema\/logo\/image\/","url":"https:\/\/hakmarfrance.online\/wp-content\/uploads\/2025\/06\/logo-hakmarfrance.png","contentUrl":"https:\/\/hakmarfrance.online\/wp-content\/uploads\/2025\/06\/logo-hakmarfrance.png","width":528,"height":232,"caption":"hakmarfrance.online"},"image":{"@id":"https:\/\/hakmarfrance.online\/de\/#\/schema\/logo\/image\/"},"sameAs":["https:\/\/www.facebook.com\/HakmarFranceSupermarche\/?locale=fr_FR","https:\/\/www.instagram.com\/hakmarfrancesupermarche\/"]}]}},"_links":{"self":[{"href":"https:\/\/hakmarfrance.online\/de\/wp-json\/wp\/v2\/product\/17729","targetHints":{"allow":["GET"]}}],"collection":[{"href":"https:\/\/hakmarfrance.online\/de\/wp-json\/wp\/v2\/product"}],"about":[{"href":"https:\/\/hakmarfrance.online\/de\/wp-json\/wp\/v2\/types\/product"}],"replies":[{"embeddable":true,"href":"https:\/\/hakmarfrance.online\/de\/wp-json\/wp\/v2\/comments?post=17729"}],"version-history":[{"count":0,"href":"https:\/\/hakmarfrance.online\/de\/wp-json\/wp\/v2\/product\/17729\/revisions"}],"wp:featuredmedia":[{"embeddable":true,"href":"https:\/\/hakmarfrance.online\/de\/wp-json\/wp\/v2\/media\/17730"}],"wp:attachment":[{"href":"https:\/\/hakmarfrance.online\/de\/wp-json\/wp\/v2\/media?parent=17729"}],"wp:term":[{"taxonomy":"product_brand","embeddable":true,"href":"https:\/\/hakmarfrance.online\/de\/wp-json\/wp\/v2\/product_brand?post=17729"},{"taxonomy":"product_cat","embeddable":true,"href":"https:\/\/hakmarfrance.online\/de\/wp-json\/wp\/v2\/product_cat?post=17729"},{"taxonomy":"product_tag","embeddable":true,"href":"https:\/\/hakmarfrance.online\/de\/wp-json\/wp\/v2\/product_tag?post=17729"}],"curies":[{"name":"wp","href":"https:\/\/api.w.org\/{rel}","templated":true}]}}