{"id":17731,"date":"2025-07-04T20:56:11","date_gmt":"2025-07-04T20:56:11","guid":{"rendered":"https:\/\/hakmarfrance.online\/produit\/yumos-textil-raumspray-sakura-kirschblueten-duftspray-500-ml\/"},"modified":"2025-07-04T20:56:11","modified_gmt":"2025-07-04T20:56:11","slug":"yumos-textil-raumspray-sakura-kirschblueten-duftspray-500-ml","status":"publish","type":"product","link":"https:\/\/hakmarfrance.online\/de\/produit\/yumos-textil-raumspray-sakura-kirschblueten-duftspray-500-ml\/","title":{"rendered":"Yumo\u015f Textil- &amp; Raumspray Sakura \u2013 Kirschbl\u00fcten-Duftspray 500 ml"},"content":{"rendered":"","protected":false},"excerpt":{"rendered":"<p data-start=\"338\" data-end=\"476\">Tauche dein Zuhause in eine sanfte und florale Atmosph\u00e4re mit dem <strong data-start=\"405\" data-end=\"435\">Yumo\u015f Sakura Textilspray<\/strong> mit dem zarten Duft von Kirschbl\u00fcten.<\/p>\n<p data-start=\"478\" data-end=\"629\">Dieses Textilspray neutralisiert Ger\u00fcche und verleiht all deinen Textilien eine <strong data-start=\"537\" data-end=\"562\">sofortige Frische<\/strong>:<br data-start=\"582\" data-end=\"585\">Vorh\u00e4ngen, Kleidung, Teppichen, Sofas oder Bettw\u00e4sche.<\/p>\n<p data-start=\"631\" data-end=\"789\">\ud83c\udf38 <strong data-start=\"634\" data-end=\"669\">Beruhigender japanischer Blumenduft<\/strong><br data-start=\"669\" data-end=\"672\">\ud83e\uddfa <strong data-start=\"675\" data-end=\"723\">Ideal f\u00fcr schwer waschbare Textilien<\/strong><br data-start=\"723\" data-end=\"726\">\ud83d\udca8 <strong data-start=\"729\" data-end=\"760\">Schnelle Trocknung, keine R\u00fcckst\u00e4nde<\/strong><br data-start=\"760\" data-end=\"763\">\ud83d\udcc6 <strong data-start=\"766\" data-end=\"789\">Langanhaltender Duft<\/strong><\/p>\n<p data-start=\"791\" data-end=\"850\"><strong data-start=\"791\" data-end=\"850\">Ein Hauch von Frische und Eleganz in jedem Raum.<\/strong><\/p>\n","protected":false},"featured_media":17732,"comment_status":"open","ping_status":"closed","template":"","meta":{"iawp_total_views":0},"product_brand":[203],"product_cat":[226,260],"product_tag":[],"class_list":{"0":"post-17731","1":"product","2":"type-product","3":"status-publish","4":"has-post-thumbnail","6":"product_brand-yumos","7":"product_cat-alle-unsere-produkte","8":"product_cat-hygiene-pflege","10":"first","11":"instock","12":"shipping-taxable","13":"purchasable","14":"product-type-simple"},"yoast_head":"<!-- This site is optimized with the Yoast SEO plugin v27.3 - https:\/\/yoast.com\/product\/yoast-seo-wordpress\/ -->\n<title>Yumo\u015f Textil- &amp; Raumspray Sakura \u2013 Kirschbl\u00fcten-Duftspray 500 ml - hakmarfrance.online<\/title>\n<meta name=\"robots\" content=\"index, follow, max-snippet:-1, max-image-preview:large, max-video-preview:-1\" \/>\n<link rel=\"canonical\" href=\"https:\/\/hakmarfrance.online\/de\/produit\/yumos-textil-raumspray-sakura-kirschblueten-duftspray-500-ml\/\" \/>\n<meta property=\"og:locale\" content=\"de_DE\" \/>\n<meta property=\"og:type\" content=\"article\" \/>\n<meta property=\"og:title\" content=\"Yumo\u015f Textil- &amp; Raumspray Sakura \u2013 Kirschbl\u00fcten-Duftspray 500 ml - hakmarfrance.online\" \/>\n<meta property=\"og:description\" content=\"Tauche dein Zuhause in eine sanfte und florale Atmosph\u00e4re mit dem Yumo\u015f Sakura Textilspray mit dem zarten Duft von Kirschbl\u00fcten. Dieses Textilspray neutralisiert Ger\u00fcche und verleiht all deinen Textilien eine sofortige Frische:Vorh\u00e4ngen, Kleidung, Teppichen, Sofas oder Bettw\u00e4sche. \ud83c\udf38 Beruhigender japanischer Blumenduft\ud83e\uddfa Ideal f\u00fcr schwer waschbare Textilien\ud83d\udca8 Schnelle Trocknung, keine R\u00fcckst\u00e4nde\ud83d\udcc6 Langanhaltender Duft Ein Hauch von Frische und Eleganz in jedem Raum.\" \/>\n<meta property=\"og:url\" content=\"https:\/\/hakmarfrance.online\/de\/produit\/yumos-textil-raumspray-sakura-kirschblueten-duftspray-500-ml\/\" \/>\n<meta property=\"og:site_name\" content=\"hakmarfrance.online\" \/>\n<meta property=\"article:publisher\" content=\"https:\/\/www.facebook.com\/HakmarFranceSupermarche\/?locale=fr_FR\" \/>\n<meta property=\"og:image\" content=\"https:\/\/hakmarfrance.online\/wp-content\/uploads\/2025\/07\/yumos-spray-textile-sakura.avif\" \/>\n\t<meta property=\"og:image:width\" content=\"1000\" \/>\n\t<meta property=\"og:image:height\" content=\"800\" \/>\n\t<meta property=\"og:image:type\" content=\"image\/png\" \/>\n<meta name=\"twitter:card\" content=\"summary_large_image\" \/>\n<script type=\"application\/ld+json\" class=\"yoast-schema-graph\">{\"@context\":\"https:\\\/\\\/schema.org\",\"@graph\":[{\"@type\":\"WebPage\",\"@id\":\"https:\\\/\\\/hakmarfrance.online\\\/de\\\/produit\\\/yumos-textil-raumspray-sakura-kirschblueten-duftspray-500-ml\\\/\",\"url\":\"https:\\\/\\\/hakmarfrance.online\\\/de\\\/produit\\\/yumos-textil-raumspray-sakura-kirschblueten-duftspray-500-ml\\\/\",\"name\":\"Yumo\u015f Textil- &amp; Raumspray Sakura \u2013 Kirschbl\u00fcten-Duftspray 500 ml - hakmarfrance.online\",\"isPartOf\":{\"@id\":\"https:\\\/\\\/hakmarfrance.online\\\/de\\\/#website\"},\"primaryImageOfPage\":{\"@id\":\"https:\\\/\\\/hakmarfrance.online\\\/de\\\/produit\\\/yumos-textil-raumspray-sakura-kirschblueten-duftspray-500-ml\\\/#primaryimage\"},\"image\":{\"@id\":\"https:\\\/\\\/hakmarfrance.online\\\/de\\\/produit\\\/yumos-textil-raumspray-sakura-kirschblueten-duftspray-500-ml\\\/#primaryimage\"},\"thumbnailUrl\":\"https:\\\/\\\/hakmarfrance.online\\\/wp-content\\\/uploads\\\/2025\\\/07\\\/yumos-spray-textile-sakura.avif\",\"datePublished\":\"2025-07-04T20:56:11+00:00\",\"breadcrumb\":{\"@id\":\"https:\\\/\\\/hakmarfrance.online\\\/de\\\/produit\\\/yumos-textil-raumspray-sakura-kirschblueten-duftspray-500-ml\\\/#breadcrumb\"},\"inLanguage\":\"de\",\"potentialAction\":[{\"@type\":\"ReadAction\",\"target\":[\"https:\\\/\\\/hakmarfrance.online\\\/de\\\/produit\\\/yumos-textil-raumspray-sakura-kirschblueten-duftspray-500-ml\\\/\"]}]},{\"@type\":\"ImageObject\",\"inLanguage\":\"de\",\"@id\":\"https:\\\/\\\/hakmarfrance.online\\\/de\\\/produit\\\/yumos-textil-raumspray-sakura-kirschblueten-duftspray-500-ml\\\/#primaryimage\",\"url\":\"https:\\\/\\\/hakmarfrance.online\\\/wp-content\\\/uploads\\\/2025\\\/07\\\/yumos-spray-textile-sakura.avif\",\"contentUrl\":\"https:\\\/\\\/hakmarfrance.online\\\/wp-content\\\/uploads\\\/2025\\\/07\\\/yumos-spray-textile-sakura.avif\",\"width\":1000,\"height\":800,\"caption\":\"Yumo\u015f Textil- und Raumspray Sakura \u2013 Kirschbl\u00fcten, f\u00fcr langanhaltende florale Frische\"},{\"@type\":\"BreadcrumbList\",\"@id\":\"https:\\\/\\\/hakmarfrance.online\\\/de\\\/produit\\\/yumos-textil-raumspray-sakura-kirschblueten-duftspray-500-ml\\\/#breadcrumb\",\"itemListElement\":[{\"@type\":\"ListItem\",\"position\":1,\"name\":\"Accueil\",\"item\":\"https:\\\/\\\/hakmarfrance.online\\\/de\\\/\"},{\"@type\":\"ListItem\",\"position\":2,\"name\":\"Shop\",\"item\":\"https:\\\/\\\/hakmarfrance.online\\\/de\\\/shop\\\/\"},{\"@type\":\"ListItem\",\"position\":3,\"name\":\"Yumo\u015f Textil- &amp; Raumspray Sakura \u2013 Kirschbl\u00fcten-Duftspray 500 ml\"}]},{\"@type\":\"WebSite\",\"@id\":\"https:\\\/\\\/hakmarfrance.online\\\/de\\\/#website\",\"url\":\"https:\\\/\\\/hakmarfrance.online\\\/de\\\/\",\"name\":\"hakmarfrance.online\",\"description\":\"\",\"publisher\":{\"@id\":\"https:\\\/\\\/hakmarfrance.online\\\/de\\\/#organization\"},\"potentialAction\":[{\"@type\":\"SearchAction\",\"target\":{\"@type\":\"EntryPoint\",\"urlTemplate\":\"https:\\\/\\\/hakmarfrance.online\\\/de\\\/?s={search_term_string}\"},\"query-input\":{\"@type\":\"PropertyValueSpecification\",\"valueRequired\":true,\"valueName\":\"search_term_string\"}}],\"inLanguage\":\"de\"},{\"@type\":\"Organization\",\"@id\":\"https:\\\/\\\/hakmarfrance.online\\\/de\\\/#organization\",\"name\":\"hakmarfrance.online\",\"url\":\"https:\\\/\\\/hakmarfrance.online\\\/de\\\/\",\"logo\":{\"@type\":\"ImageObject\",\"inLanguage\":\"de\",\"@id\":\"https:\\\/\\\/hakmarfrance.online\\\/de\\\/#\\\/schema\\\/logo\\\/image\\\/\",\"url\":\"https:\\\/\\\/hakmarfrance.online\\\/wp-content\\\/uploads\\\/2025\\\/06\\\/logo-hakmarfrance.png\",\"contentUrl\":\"https:\\\/\\\/hakmarfrance.online\\\/wp-content\\\/uploads\\\/2025\\\/06\\\/logo-hakmarfrance.png\",\"width\":528,\"height\":232,\"caption\":\"hakmarfrance.online\"},\"image\":{\"@id\":\"https:\\\/\\\/hakmarfrance.online\\\/de\\\/#\\\/schema\\\/logo\\\/image\\\/\"},\"sameAs\":[\"https:\\\/\\\/www.facebook.com\\\/HakmarFranceSupermarche\\\/?locale=fr_FR\",\"https:\\\/\\\/www.instagram.com\\\/hakmarfrancesupermarche\\\/\"]}]}<\/script>\n<!-- \/ Yoast SEO plugin. -->","yoast_head_json":{"title":"Yumo\u015f Textil- &amp; Raumspray Sakura \u2013 Kirschbl\u00fcten-Duftspray 500 ml - hakmarfrance.online","robots":{"index":"index","follow":"follow","max-snippet":"max-snippet:-1","max-image-preview":"max-image-preview:large","max-video-preview":"max-video-preview:-1"},"canonical":"https:\/\/hakmarfrance.online\/de\/produit\/yumos-textil-raumspray-sakura-kirschblueten-duftspray-500-ml\/","og_locale":"de_DE","og_type":"article","og_title":"Yumo\u015f Textil- &amp; Raumspray Sakura \u2013 Kirschbl\u00fcten-Duftspray 500 ml - hakmarfrance.online","og_description":"Tauche dein Zuhause in eine sanfte und florale Atmosph\u00e4re mit dem Yumo\u015f Sakura Textilspray mit dem zarten Duft von Kirschbl\u00fcten. Dieses Textilspray neutralisiert Ger\u00fcche und verleiht all deinen Textilien eine sofortige Frische:Vorh\u00e4ngen, Kleidung, Teppichen, Sofas oder Bettw\u00e4sche. \ud83c\udf38 Beruhigender japanischer Blumenduft\ud83e\uddfa Ideal f\u00fcr schwer waschbare Textilien\ud83d\udca8 Schnelle Trocknung, keine R\u00fcckst\u00e4nde\ud83d\udcc6 Langanhaltender Duft Ein Hauch von Frische und Eleganz in jedem Raum.","og_url":"https:\/\/hakmarfrance.online\/de\/produit\/yumos-textil-raumspray-sakura-kirschblueten-duftspray-500-ml\/","og_site_name":"hakmarfrance.online","article_publisher":"https:\/\/www.facebook.com\/HakmarFranceSupermarche\/?locale=fr_FR","og_image":[{"width":1000,"height":800,"url":"https:\/\/hakmarfrance.online\/wp-content\/uploads\/2025\/07\/yumos-spray-textile-sakura.avif","type":"image\/png"}],"twitter_card":"summary_large_image","schema":{"@context":"https:\/\/schema.org","@graph":[{"@type":"WebPage","@id":"https:\/\/hakmarfrance.online\/de\/produit\/yumos-textil-raumspray-sakura-kirschblueten-duftspray-500-ml\/","url":"https:\/\/hakmarfrance.online\/de\/produit\/yumos-textil-raumspray-sakura-kirschblueten-duftspray-500-ml\/","name":"Yumo\u015f Textil- &amp; Raumspray Sakura \u2013 Kirschbl\u00fcten-Duftspray 500 ml - hakmarfrance.online","isPartOf":{"@id":"https:\/\/hakmarfrance.online\/de\/#website"},"primaryImageOfPage":{"@id":"https:\/\/hakmarfrance.online\/de\/produit\/yumos-textil-raumspray-sakura-kirschblueten-duftspray-500-ml\/#primaryimage"},"image":{"@id":"https:\/\/hakmarfrance.online\/de\/produit\/yumos-textil-raumspray-sakura-kirschblueten-duftspray-500-ml\/#primaryimage"},"thumbnailUrl":"https:\/\/hakmarfrance.online\/wp-content\/uploads\/2025\/07\/yumos-spray-textile-sakura.avif","datePublished":"2025-07-04T20:56:11+00:00","breadcrumb":{"@id":"https:\/\/hakmarfrance.online\/de\/produit\/yumos-textil-raumspray-sakura-kirschblueten-duftspray-500-ml\/#breadcrumb"},"inLanguage":"de","potentialAction":[{"@type":"ReadAction","target":["https:\/\/hakmarfrance.online\/de\/produit\/yumos-textil-raumspray-sakura-kirschblueten-duftspray-500-ml\/"]}]},{"@type":"ImageObject","inLanguage":"de","@id":"https:\/\/hakmarfrance.online\/de\/produit\/yumos-textil-raumspray-sakura-kirschblueten-duftspray-500-ml\/#primaryimage","url":"https:\/\/hakmarfrance.online\/wp-content\/uploads\/2025\/07\/yumos-spray-textile-sakura.avif","contentUrl":"https:\/\/hakmarfrance.online\/wp-content\/uploads\/2025\/07\/yumos-spray-textile-sakura.avif","width":1000,"height":800,"caption":"Yumo\u015f Textil- und Raumspray Sakura \u2013 Kirschbl\u00fcten, f\u00fcr langanhaltende florale Frische"},{"@type":"BreadcrumbList","@id":"https:\/\/hakmarfrance.online\/de\/produit\/yumos-textil-raumspray-sakura-kirschblueten-duftspray-500-ml\/#breadcrumb","itemListElement":[{"@type":"ListItem","position":1,"name":"Accueil","item":"https:\/\/hakmarfrance.online\/de\/"},{"@type":"ListItem","position":2,"name":"Shop","item":"https:\/\/hakmarfrance.online\/de\/shop\/"},{"@type":"ListItem","position":3,"name":"Yumo\u015f Textil- &amp; Raumspray Sakura \u2013 Kirschbl\u00fcten-Duftspray 500 ml"}]},{"@type":"WebSite","@id":"https:\/\/hakmarfrance.online\/de\/#website","url":"https:\/\/hakmarfrance.online\/de\/","name":"hakmarfrance.online","description":"","publisher":{"@id":"https:\/\/hakmarfrance.online\/de\/#organization"},"potentialAction":[{"@type":"SearchAction","target":{"@type":"EntryPoint","urlTemplate":"https:\/\/hakmarfrance.online\/de\/?s={search_term_string}"},"query-input":{"@type":"PropertyValueSpecification","valueRequired":true,"valueName":"search_term_string"}}],"inLanguage":"de"},{"@type":"Organization","@id":"https:\/\/hakmarfrance.online\/de\/#organization","name":"hakmarfrance.online","url":"https:\/\/hakmarfrance.online\/de\/","logo":{"@type":"ImageObject","inLanguage":"de","@id":"https:\/\/hakmarfrance.online\/de\/#\/schema\/logo\/image\/","url":"https:\/\/hakmarfrance.online\/wp-content\/uploads\/2025\/06\/logo-hakmarfrance.png","contentUrl":"https:\/\/hakmarfrance.online\/wp-content\/uploads\/2025\/06\/logo-hakmarfrance.png","width":528,"height":232,"caption":"hakmarfrance.online"},"image":{"@id":"https:\/\/hakmarfrance.online\/de\/#\/schema\/logo\/image\/"},"sameAs":["https:\/\/www.facebook.com\/HakmarFranceSupermarche\/?locale=fr_FR","https:\/\/www.instagram.com\/hakmarfrancesupermarche\/"]}]}},"_links":{"self":[{"href":"https:\/\/hakmarfrance.online\/de\/wp-json\/wp\/v2\/product\/17731","targetHints":{"allow":["GET"]}}],"collection":[{"href":"https:\/\/hakmarfrance.online\/de\/wp-json\/wp\/v2\/product"}],"about":[{"href":"https:\/\/hakmarfrance.online\/de\/wp-json\/wp\/v2\/types\/product"}],"replies":[{"embeddable":true,"href":"https:\/\/hakmarfrance.online\/de\/wp-json\/wp\/v2\/comments?post=17731"}],"version-history":[{"count":0,"href":"https:\/\/hakmarfrance.online\/de\/wp-json\/wp\/v2\/product\/17731\/revisions"}],"wp:featuredmedia":[{"embeddable":true,"href":"https:\/\/hakmarfrance.online\/de\/wp-json\/wp\/v2\/media\/17732"}],"wp:attachment":[{"href":"https:\/\/hakmarfrance.online\/de\/wp-json\/wp\/v2\/media?parent=17731"}],"wp:term":[{"taxonomy":"product_brand","embeddable":true,"href":"https:\/\/hakmarfrance.online\/de\/wp-json\/wp\/v2\/product_brand?post=17731"},{"taxonomy":"product_cat","embeddable":true,"href":"https:\/\/hakmarfrance.online\/de\/wp-json\/wp\/v2\/product_cat?post=17731"},{"taxonomy":"product_tag","embeddable":true,"href":"https:\/\/hakmarfrance.online\/de\/wp-json\/wp\/v2\/product_tag?post=17731"}],"curies":[{"name":"wp","href":"https:\/\/api.w.org\/{rel}","templated":true}]}}