{"id":17739,"date":"2025-07-04T20:56:10","date_gmt":"2025-07-04T20:56:10","guid":{"rendered":"https:\/\/hakmarfrance.online\/produit\/torku-banada-haselnuss-kakao-brotaufstrich-400-g\/"},"modified":"2025-07-04T20:56:10","modified_gmt":"2025-07-04T20:56:10","slug":"torku-banada-haselnuss-kakao-brotaufstrich-400-g","status":"publish","type":"product","link":"https:\/\/hakmarfrance.online\/de\/produit\/torku-banada-haselnuss-kakao-brotaufstrich-400-g\/","title":{"rendered":"Torku Banada \u2013 Haselnuss-Kakao-Brotaufstrich \u2013 400 g"},"content":{"rendered":"","protected":false},"excerpt":{"rendered":"<p data-start=\"278\" data-end=\"599\">Genie\u00dfe die Cremigkeit des Torku Banada Brotaufstrichs, eine k\u00f6stliche Kombination aus ger\u00f6steten Haseln\u00fcssen und hochwertigem Kakao. Ohne Palm\u00f6l hergestellt, wird dieses Rezept aus der T\u00fcrkei Gro\u00df und Klein f\u00fcr ein leckeres Fr\u00fchst\u00fcck oder einen Snack begeistern. <\/p>\n<p data-start=\"601\" data-end=\"825\">\ud83e\udd56 Zum Bestreichen von Brot, Cr\u00eapes oder zum Integrieren in deine hausgemachten Desserts.<br data-start=\"683\" data-end=\"686\">\ud83c\udf30 Milder und ausgewogener Geschmack, perfekt f\u00fcr die ganze Familie.<br data-start=\"748\" data-end=\"751\">\ud83c\uddf9\ud83c\uddf7 Hergestellt in der T\u00fcrkei, mit sorgf\u00e4ltig ausgew\u00e4hlten Zutaten.<\/p>\n<p data-start=\"827\" data-end=\"863\">\u2705 <strong data-start=\"829\" data-end=\"861\">Hauptmerkmale<\/strong>:<\/p>\n<ul data-start=\"865\" data-end=\"1088\">\n<li data-start=\"865\" data-end=\"886\">\n<p data-start=\"867\" data-end=\"886\">Nettogewicht: 400 g<\/p>\n<\/li>\n<li data-start=\"887\" data-end=\"983\">\n<p data-start=\"889\" data-end=\"983\">Hauptzutaten: Zucker, Haseln\u00fcsse, fettarmes Kakaopulver, Magermilchpulver, Sonnenblumen\u00f6l<\/p>\n<\/li>\n<li data-start=\"984\" data-end=\"1007\">\n<p data-start=\"986\" data-end=\"1007\">Ohne Palm\u00f6l<\/p>\n<\/li>\n<li data-start=\"1008\" data-end=\"1047\">\n<p data-start=\"1010\" data-end=\"1047\">Cremige Textur, leicht zu verstreichen<\/p>\n<\/li>\n<li data-start=\"1048\" data-end=\"1088\">\n<p data-start=\"1050\" data-end=\"1088\">Wiederverschlie\u00dfbarer Becher, hygienisch und praktisch<\/p>\n<\/li>\n<\/ul>\n","protected":false},"featured_media":17740,"comment_status":"open","ping_status":"closed","template":"","meta":{"iawp_total_views":0},"product_brand":[],"product_cat":[226,268,272],"product_tag":[],"class_list":{"0":"post-17739","1":"product","2":"type-product","3":"status-publish","4":"has-post-thumbnail","6":"product_cat-alle-unsere-produkte","7":"product_cat-herzhafte-lebensmittel","8":"product_cat-suesse-lebensmittel","10":"first","11":"instock","12":"shipping-taxable","13":"purchasable","14":"product-type-simple"},"yoast_head":"<!-- This site is optimized with the Yoast SEO plugin v27.3 - https:\/\/yoast.com\/product\/yoast-seo-wordpress\/ -->\n<title>Torku Banada \u2013 Haselnuss-Kakao-Brotaufstrich \u2013 400 g - hakmarfrance.online<\/title>\n<meta name=\"robots\" content=\"index, follow, max-snippet:-1, max-image-preview:large, max-video-preview:-1\" \/>\n<link rel=\"canonical\" href=\"https:\/\/hakmarfrance.online\/de\/produit\/torku-banada-haselnuss-kakao-brotaufstrich-400-g\/\" \/>\n<meta property=\"og:locale\" content=\"de_DE\" \/>\n<meta property=\"og:type\" content=\"article\" \/>\n<meta property=\"og:title\" content=\"Torku Banada \u2013 Haselnuss-Kakao-Brotaufstrich \u2013 400 g - hakmarfrance.online\" \/>\n<meta property=\"og:description\" content=\"Genie\u00dfe die Cremigkeit des Torku Banada Brotaufstrichs, eine k\u00f6stliche Kombination aus ger\u00f6steten Haseln\u00fcssen und hochwertigem Kakao. Ohne Palm\u00f6l hergestellt, wird dieses Rezept aus der T\u00fcrkei Gro\u00df und Klein f\u00fcr ein leckeres Fr\u00fchst\u00fcck oder einen Snack begeistern. \ud83e\udd56 Zum Bestreichen von Brot, Cr\u00eapes oder zum Integrieren in deine hausgemachten Desserts.\ud83c\udf30 Milder und ausgewogener Geschmack, perfekt f\u00fcr die ganze Familie.\ud83c\uddf9\ud83c\uddf7 Hergestellt in der T\u00fcrkei, mit sorgf\u00e4ltig ausgew\u00e4hlten Zutaten. \u2705 Hauptmerkmale:   Nettogewicht: 400 g   Hauptzutaten: Zucker, Haseln\u00fcsse, fettarmes Kakaopulver, Magermilchpulver, Sonnenblumen\u00f6l   Ohne Palm\u00f6l   Cremige Textur, leicht zu verstreichen   Wiederverschlie\u00dfbarer Becher, hygienisch und praktisch\" \/>\n<meta property=\"og:url\" content=\"https:\/\/hakmarfrance.online\/de\/produit\/torku-banada-haselnuss-kakao-brotaufstrich-400-g\/\" \/>\n<meta property=\"og:site_name\" content=\"hakmarfrance.online\" \/>\n<meta property=\"article:publisher\" content=\"https:\/\/www.facebook.com\/HakmarFranceSupermarche\/?locale=fr_FR\" \/>\n<meta property=\"og:image\" content=\"https:\/\/hakmarfrance.online\/wp-content\/uploads\/2025\/07\/torku-banada-pate-a-tartiner-noisette-cacao.avif\" \/>\n\t<meta property=\"og:image:width\" content=\"1000\" \/>\n\t<meta property=\"og:image:height\" content=\"800\" \/>\n\t<meta property=\"og:image:type\" content=\"image\/png\" \/>\n<meta name=\"twitter:card\" content=\"summary_large_image\" \/>\n<script type=\"application\/ld+json\" class=\"yoast-schema-graph\">{\"@context\":\"https:\\\/\\\/schema.org\",\"@graph\":[{\"@type\":\"WebPage\",\"@id\":\"https:\\\/\\\/hakmarfrance.online\\\/de\\\/produit\\\/torku-banada-haselnuss-kakao-brotaufstrich-400-g\\\/\",\"url\":\"https:\\\/\\\/hakmarfrance.online\\\/de\\\/produit\\\/torku-banada-haselnuss-kakao-brotaufstrich-400-g\\\/\",\"name\":\"Torku Banada \u2013 Haselnuss-Kakao-Brotaufstrich \u2013 400 g - hakmarfrance.online\",\"isPartOf\":{\"@id\":\"https:\\\/\\\/hakmarfrance.online\\\/de\\\/#website\"},\"primaryImageOfPage\":{\"@id\":\"https:\\\/\\\/hakmarfrance.online\\\/de\\\/produit\\\/torku-banada-haselnuss-kakao-brotaufstrich-400-g\\\/#primaryimage\"},\"image\":{\"@id\":\"https:\\\/\\\/hakmarfrance.online\\\/de\\\/produit\\\/torku-banada-haselnuss-kakao-brotaufstrich-400-g\\\/#primaryimage\"},\"thumbnailUrl\":\"https:\\\/\\\/hakmarfrance.online\\\/wp-content\\\/uploads\\\/2025\\\/07\\\/torku-banada-pate-a-tartiner-noisette-cacao.avif\",\"datePublished\":\"2025-07-04T20:56:10+00:00\",\"breadcrumb\":{\"@id\":\"https:\\\/\\\/hakmarfrance.online\\\/de\\\/produit\\\/torku-banada-haselnuss-kakao-brotaufstrich-400-g\\\/#breadcrumb\"},\"inLanguage\":\"de\",\"potentialAction\":[{\"@type\":\"ReadAction\",\"target\":[\"https:\\\/\\\/hakmarfrance.online\\\/de\\\/produit\\\/torku-banada-haselnuss-kakao-brotaufstrich-400-g\\\/\"]}]},{\"@type\":\"ImageObject\",\"inLanguage\":\"de\",\"@id\":\"https:\\\/\\\/hakmarfrance.online\\\/de\\\/produit\\\/torku-banada-haselnuss-kakao-brotaufstrich-400-g\\\/#primaryimage\",\"url\":\"https:\\\/\\\/hakmarfrance.online\\\/wp-content\\\/uploads\\\/2025\\\/07\\\/torku-banada-pate-a-tartiner-noisette-cacao.avif\",\"contentUrl\":\"https:\\\/\\\/hakmarfrance.online\\\/wp-content\\\/uploads\\\/2025\\\/07\\\/torku-banada-pate-a-tartiner-noisette-cacao.avif\",\"width\":1000,\"height\":800,\"caption\":\"Torku Banada \u2013 Haselnuss-Kakao-Brotaufstrich \u2013 400 g\"},{\"@type\":\"BreadcrumbList\",\"@id\":\"https:\\\/\\\/hakmarfrance.online\\\/de\\\/produit\\\/torku-banada-haselnuss-kakao-brotaufstrich-400-g\\\/#breadcrumb\",\"itemListElement\":[{\"@type\":\"ListItem\",\"position\":1,\"name\":\"Accueil\",\"item\":\"https:\\\/\\\/hakmarfrance.online\\\/de\\\/\"},{\"@type\":\"ListItem\",\"position\":2,\"name\":\"Shop\",\"item\":\"https:\\\/\\\/hakmarfrance.online\\\/de\\\/shop\\\/\"},{\"@type\":\"ListItem\",\"position\":3,\"name\":\"Torku Banada \u2013 Haselnuss-Kakao-Brotaufstrich \u2013 400 g\"}]},{\"@type\":\"WebSite\",\"@id\":\"https:\\\/\\\/hakmarfrance.online\\\/de\\\/#website\",\"url\":\"https:\\\/\\\/hakmarfrance.online\\\/de\\\/\",\"name\":\"hakmarfrance.online\",\"description\":\"\",\"publisher\":{\"@id\":\"https:\\\/\\\/hakmarfrance.online\\\/de\\\/#organization\"},\"potentialAction\":[{\"@type\":\"SearchAction\",\"target\":{\"@type\":\"EntryPoint\",\"urlTemplate\":\"https:\\\/\\\/hakmarfrance.online\\\/de\\\/?s={search_term_string}\"},\"query-input\":{\"@type\":\"PropertyValueSpecification\",\"valueRequired\":true,\"valueName\":\"search_term_string\"}}],\"inLanguage\":\"de\"},{\"@type\":\"Organization\",\"@id\":\"https:\\\/\\\/hakmarfrance.online\\\/de\\\/#organization\",\"name\":\"hakmarfrance.online\",\"url\":\"https:\\\/\\\/hakmarfrance.online\\\/de\\\/\",\"logo\":{\"@type\":\"ImageObject\",\"inLanguage\":\"de\",\"@id\":\"https:\\\/\\\/hakmarfrance.online\\\/de\\\/#\\\/schema\\\/logo\\\/image\\\/\",\"url\":\"https:\\\/\\\/hakmarfrance.online\\\/wp-content\\\/uploads\\\/2025\\\/06\\\/logo-hakmarfrance.png\",\"contentUrl\":\"https:\\\/\\\/hakmarfrance.online\\\/wp-content\\\/uploads\\\/2025\\\/06\\\/logo-hakmarfrance.png\",\"width\":528,\"height\":232,\"caption\":\"hakmarfrance.online\"},\"image\":{\"@id\":\"https:\\\/\\\/hakmarfrance.online\\\/de\\\/#\\\/schema\\\/logo\\\/image\\\/\"},\"sameAs\":[\"https:\\\/\\\/www.facebook.com\\\/HakmarFranceSupermarche\\\/?locale=fr_FR\",\"https:\\\/\\\/www.instagram.com\\\/hakmarfrancesupermarche\\\/\"]}]}<\/script>\n<!-- \/ Yoast SEO plugin. -->","yoast_head_json":{"title":"Torku Banada \u2013 Haselnuss-Kakao-Brotaufstrich \u2013 400 g - hakmarfrance.online","robots":{"index":"index","follow":"follow","max-snippet":"max-snippet:-1","max-image-preview":"max-image-preview:large","max-video-preview":"max-video-preview:-1"},"canonical":"https:\/\/hakmarfrance.online\/de\/produit\/torku-banada-haselnuss-kakao-brotaufstrich-400-g\/","og_locale":"de_DE","og_type":"article","og_title":"Torku Banada \u2013 Haselnuss-Kakao-Brotaufstrich \u2013 400 g - hakmarfrance.online","og_description":"Genie\u00dfe die Cremigkeit des Torku Banada Brotaufstrichs, eine k\u00f6stliche Kombination aus ger\u00f6steten Haseln\u00fcssen und hochwertigem Kakao. Ohne Palm\u00f6l hergestellt, wird dieses Rezept aus der T\u00fcrkei Gro\u00df und Klein f\u00fcr ein leckeres Fr\u00fchst\u00fcck oder einen Snack begeistern. \ud83e\udd56 Zum Bestreichen von Brot, Cr\u00eapes oder zum Integrieren in deine hausgemachten Desserts.\ud83c\udf30 Milder und ausgewogener Geschmack, perfekt f\u00fcr die ganze Familie.\ud83c\uddf9\ud83c\uddf7 Hergestellt in der T\u00fcrkei, mit sorgf\u00e4ltig ausgew\u00e4hlten Zutaten. \u2705 Hauptmerkmale:   Nettogewicht: 400 g   Hauptzutaten: Zucker, Haseln\u00fcsse, fettarmes Kakaopulver, Magermilchpulver, Sonnenblumen\u00f6l   Ohne Palm\u00f6l   Cremige Textur, leicht zu verstreichen   Wiederverschlie\u00dfbarer Becher, hygienisch und praktisch","og_url":"https:\/\/hakmarfrance.online\/de\/produit\/torku-banada-haselnuss-kakao-brotaufstrich-400-g\/","og_site_name":"hakmarfrance.online","article_publisher":"https:\/\/www.facebook.com\/HakmarFranceSupermarche\/?locale=fr_FR","og_image":[{"width":1000,"height":800,"url":"https:\/\/hakmarfrance.online\/wp-content\/uploads\/2025\/07\/torku-banada-pate-a-tartiner-noisette-cacao.avif","type":"image\/png"}],"twitter_card":"summary_large_image","schema":{"@context":"https:\/\/schema.org","@graph":[{"@type":"WebPage","@id":"https:\/\/hakmarfrance.online\/de\/produit\/torku-banada-haselnuss-kakao-brotaufstrich-400-g\/","url":"https:\/\/hakmarfrance.online\/de\/produit\/torku-banada-haselnuss-kakao-brotaufstrich-400-g\/","name":"Torku Banada \u2013 Haselnuss-Kakao-Brotaufstrich \u2013 400 g - hakmarfrance.online","isPartOf":{"@id":"https:\/\/hakmarfrance.online\/de\/#website"},"primaryImageOfPage":{"@id":"https:\/\/hakmarfrance.online\/de\/produit\/torku-banada-haselnuss-kakao-brotaufstrich-400-g\/#primaryimage"},"image":{"@id":"https:\/\/hakmarfrance.online\/de\/produit\/torku-banada-haselnuss-kakao-brotaufstrich-400-g\/#primaryimage"},"thumbnailUrl":"https:\/\/hakmarfrance.online\/wp-content\/uploads\/2025\/07\/torku-banada-pate-a-tartiner-noisette-cacao.avif","datePublished":"2025-07-04T20:56:10+00:00","breadcrumb":{"@id":"https:\/\/hakmarfrance.online\/de\/produit\/torku-banada-haselnuss-kakao-brotaufstrich-400-g\/#breadcrumb"},"inLanguage":"de","potentialAction":[{"@type":"ReadAction","target":["https:\/\/hakmarfrance.online\/de\/produit\/torku-banada-haselnuss-kakao-brotaufstrich-400-g\/"]}]},{"@type":"ImageObject","inLanguage":"de","@id":"https:\/\/hakmarfrance.online\/de\/produit\/torku-banada-haselnuss-kakao-brotaufstrich-400-g\/#primaryimage","url":"https:\/\/hakmarfrance.online\/wp-content\/uploads\/2025\/07\/torku-banada-pate-a-tartiner-noisette-cacao.avif","contentUrl":"https:\/\/hakmarfrance.online\/wp-content\/uploads\/2025\/07\/torku-banada-pate-a-tartiner-noisette-cacao.avif","width":1000,"height":800,"caption":"Torku Banada \u2013 Haselnuss-Kakao-Brotaufstrich \u2013 400 g"},{"@type":"BreadcrumbList","@id":"https:\/\/hakmarfrance.online\/de\/produit\/torku-banada-haselnuss-kakao-brotaufstrich-400-g\/#breadcrumb","itemListElement":[{"@type":"ListItem","position":1,"name":"Accueil","item":"https:\/\/hakmarfrance.online\/de\/"},{"@type":"ListItem","position":2,"name":"Shop","item":"https:\/\/hakmarfrance.online\/de\/shop\/"},{"@type":"ListItem","position":3,"name":"Torku Banada \u2013 Haselnuss-Kakao-Brotaufstrich \u2013 400 g"}]},{"@type":"WebSite","@id":"https:\/\/hakmarfrance.online\/de\/#website","url":"https:\/\/hakmarfrance.online\/de\/","name":"hakmarfrance.online","description":"","publisher":{"@id":"https:\/\/hakmarfrance.online\/de\/#organization"},"potentialAction":[{"@type":"SearchAction","target":{"@type":"EntryPoint","urlTemplate":"https:\/\/hakmarfrance.online\/de\/?s={search_term_string}"},"query-input":{"@type":"PropertyValueSpecification","valueRequired":true,"valueName":"search_term_string"}}],"inLanguage":"de"},{"@type":"Organization","@id":"https:\/\/hakmarfrance.online\/de\/#organization","name":"hakmarfrance.online","url":"https:\/\/hakmarfrance.online\/de\/","logo":{"@type":"ImageObject","inLanguage":"de","@id":"https:\/\/hakmarfrance.online\/de\/#\/schema\/logo\/image\/","url":"https:\/\/hakmarfrance.online\/wp-content\/uploads\/2025\/06\/logo-hakmarfrance.png","contentUrl":"https:\/\/hakmarfrance.online\/wp-content\/uploads\/2025\/06\/logo-hakmarfrance.png","width":528,"height":232,"caption":"hakmarfrance.online"},"image":{"@id":"https:\/\/hakmarfrance.online\/de\/#\/schema\/logo\/image\/"},"sameAs":["https:\/\/www.facebook.com\/HakmarFranceSupermarche\/?locale=fr_FR","https:\/\/www.instagram.com\/hakmarfrancesupermarche\/"]}]}},"_links":{"self":[{"href":"https:\/\/hakmarfrance.online\/de\/wp-json\/wp\/v2\/product\/17739","targetHints":{"allow":["GET"]}}],"collection":[{"href":"https:\/\/hakmarfrance.online\/de\/wp-json\/wp\/v2\/product"}],"about":[{"href":"https:\/\/hakmarfrance.online\/de\/wp-json\/wp\/v2\/types\/product"}],"replies":[{"embeddable":true,"href":"https:\/\/hakmarfrance.online\/de\/wp-json\/wp\/v2\/comments?post=17739"}],"version-history":[{"count":0,"href":"https:\/\/hakmarfrance.online\/de\/wp-json\/wp\/v2\/product\/17739\/revisions"}],"wp:featuredmedia":[{"embeddable":true,"href":"https:\/\/hakmarfrance.online\/de\/wp-json\/wp\/v2\/media\/17740"}],"wp:attachment":[{"href":"https:\/\/hakmarfrance.online\/de\/wp-json\/wp\/v2\/media?parent=17739"}],"wp:term":[{"taxonomy":"product_brand","embeddable":true,"href":"https:\/\/hakmarfrance.online\/de\/wp-json\/wp\/v2\/product_brand?post=17739"},{"taxonomy":"product_cat","embeddable":true,"href":"https:\/\/hakmarfrance.online\/de\/wp-json\/wp\/v2\/product_cat?post=17739"},{"taxonomy":"product_tag","embeddable":true,"href":"https:\/\/hakmarfrance.online\/de\/wp-json\/wp\/v2\/product_tag?post=17739"}],"curies":[{"name":"wp","href":"https:\/\/api.w.org\/{rel}","templated":true}]}}