{"id":17741,"date":"2025-07-04T20:56:10","date_gmt":"2025-07-04T20:56:10","guid":{"rendered":"https:\/\/hakmarfrance.online\/produit\/nutella-haselnuss-kakao-aufstrich-1-kg\/"},"modified":"2025-07-04T20:56:10","modified_gmt":"2025-07-04T20:56:10","slug":"nutella-haselnuss-kakao-aufstrich-1-kg","status":"publish","type":"product","link":"https:\/\/hakmarfrance.online\/de\/produit\/nutella-haselnuss-kakao-aufstrich-1-kg\/","title":{"rendered":"Nutella \u2013 Haselnuss-Kakao-Aufstrich \u2013 1 kg"},"content":{"rendered":"","protected":false},"excerpt":{"rendered":"<p data-start=\"334\" data-end=\"567\">Die <strong data-start=\"337\" data-end=\"366\">gro\u00dfe 1-kg-Packung Nutella<\/strong>, f\u00fcr echte Liebhaber des einzigartigen Haselnussgeschmacks!<br data-start=\"422\" data-end=\"425\">Entwickelt f\u00fcr Familien und Feinschmecker, verbindet dieser Aufstrich harmonisch <strong data-start=\"511\" data-end=\"529\">cremigen Kakao<\/strong> und <strong data-start=\"533\" data-end=\"566\">fein ger\u00f6stete Haseln\u00fcsse<\/strong>.<\/p>\n<p data-start=\"569\" data-end=\"755\">\ud83e\udd5e Perfekt auf Brot, Cr\u00eapes oder in deinen selbstgemachten Backwaren.<br data-start=\"636\" data-end=\"639\">\ud83c\udf30 Authentischer Geschmack, ohne Farb- und Konservierungsstoffe.<br data-start=\"692\" data-end=\"695\">\ud83c\uddee\ud83c\uddf9 Hergestellt in Italien von Ferrero, einer weltweiten Referenz.<\/p>\n<hr data-start=\"757\" data-end=\"760\">\n<p data-start=\"762\" data-end=\"800\">\u2705 <strong data-start=\"764\" data-end=\"796\">Hauptmerkmale<\/strong>:<\/p>\n<ul data-start=\"801\" data-end=\"1024\">\n<li data-start=\"801\" data-end=\"825\">\n<p data-start=\"803\" data-end=\"825\"><strong data-start=\"803\" data-end=\"823\">Nettogewicht: 1 kg<\/strong><\/p>\n<\/li>\n<li data-start=\"826\" data-end=\"928\">\n<p data-start=\"828\" data-end=\"928\"><strong data-start=\"828\" data-end=\"850\">Hauptzutaten:<\/strong> Zucker, Palm\u00f6l, Haseln\u00fcsse (13%), fettarmer Kakao, Magermilchpulver<\/p>\n<\/li>\n<li data-start=\"929\" data-end=\"972\">\n<p data-start=\"931\" data-end=\"972\">Konsistenz <strong data-start=\"939\" data-end=\"970\">cremig und leicht streichf\u00e4hig<\/strong><\/p>\n<\/li>\n<li data-start=\"973\" data-end=\"1024\">\n<p data-start=\"975\" data-end=\"1024\">Wiederverschlie\u00dfbarer Becher f\u00fcr <strong data-start=\"999\" data-end=\"1024\">optimale Haltbarkeit<\/strong><\/p>\n<\/li>\n<\/ul>\n","protected":false},"featured_media":17742,"comment_status":"open","ping_status":"closed","template":"","meta":{"iawp_total_views":0},"product_brand":[],"product_cat":[226,268,275,272],"product_tag":[],"class_list":{"0":"post-17741","1":"product","2":"type-product","3":"status-publish","4":"has-post-thumbnail","6":"product_cat-alle-unsere-produkte","7":"product_cat-herzhafte-lebensmittel","8":"product_cat-schokoladen-lokum-suesse-riegel","9":"product_cat-suesse-lebensmittel","11":"first","12":"instock","13":"shipping-taxable","14":"purchasable","15":"product-type-simple"},"yoast_head":"<!-- This site is optimized with the Yoast SEO plugin v27.3 - https:\/\/yoast.com\/product\/yoast-seo-wordpress\/ -->\n<title>Nutella \u2013 Haselnuss-Kakao-Aufstrich \u2013 1 kg - hakmarfrance.online<\/title>\n<meta name=\"robots\" content=\"index, follow, max-snippet:-1, max-image-preview:large, max-video-preview:-1\" \/>\n<link rel=\"canonical\" href=\"https:\/\/hakmarfrance.online\/de\/produit\/nutella-haselnuss-kakao-aufstrich-1-kg\/\" \/>\n<meta property=\"og:locale\" content=\"de_DE\" \/>\n<meta property=\"og:type\" content=\"article\" \/>\n<meta property=\"og:title\" content=\"Nutella \u2013 Haselnuss-Kakao-Aufstrich \u2013 1 kg - hakmarfrance.online\" \/>\n<meta property=\"og:description\" content=\"Die gro\u00dfe 1-kg-Packung Nutella, f\u00fcr echte Liebhaber des einzigartigen Haselnussgeschmacks!Entwickelt f\u00fcr Familien und Feinschmecker, verbindet dieser Aufstrich harmonisch cremigen Kakao und fein ger\u00f6stete Haseln\u00fcsse. \ud83e\udd5e Perfekt auf Brot, Cr\u00eapes oder in deinen selbstgemachten Backwaren.\ud83c\udf30 Authentischer Geschmack, ohne Farb- und Konservierungsstoffe.\ud83c\uddee\ud83c\uddf9 Hergestellt in Italien von Ferrero, einer weltweiten Referenz.  \u2705 Hauptmerkmale:   Nettogewicht: 1 kg   Hauptzutaten: Zucker, Palm\u00f6l, Haseln\u00fcsse (13%), fettarmer Kakao, Magermilchpulver   Konsistenz cremig und leicht streichf\u00e4hig   Wiederverschlie\u00dfbarer Becher f\u00fcr optimale Haltbarkeit\" \/>\n<meta property=\"og:url\" content=\"https:\/\/hakmarfrance.online\/de\/produit\/nutella-haselnuss-kakao-aufstrich-1-kg\/\" \/>\n<meta property=\"og:site_name\" content=\"hakmarfrance.online\" \/>\n<meta property=\"article:publisher\" content=\"https:\/\/www.facebook.com\/HakmarFranceSupermarche\/?locale=fr_FR\" \/>\n<meta property=\"og:image\" content=\"https:\/\/hakmarfrance.online\/wp-content\/uploads\/2025\/07\/nutella-pate-a-tartiner-noisette-1kg.avif\" \/>\n\t<meta property=\"og:image:width\" content=\"1000\" \/>\n\t<meta property=\"og:image:height\" content=\"800\" \/>\n\t<meta property=\"og:image:type\" content=\"image\/png\" \/>\n<meta name=\"twitter:card\" content=\"summary_large_image\" \/>\n<script type=\"application\/ld+json\" class=\"yoast-schema-graph\">{\"@context\":\"https:\\\/\\\/schema.org\",\"@graph\":[{\"@type\":\"WebPage\",\"@id\":\"https:\\\/\\\/hakmarfrance.online\\\/de\\\/produit\\\/nutella-haselnuss-kakao-aufstrich-1-kg\\\/\",\"url\":\"https:\\\/\\\/hakmarfrance.online\\\/de\\\/produit\\\/nutella-haselnuss-kakao-aufstrich-1-kg\\\/\",\"name\":\"Nutella \u2013 Haselnuss-Kakao-Aufstrich \u2013 1 kg - hakmarfrance.online\",\"isPartOf\":{\"@id\":\"https:\\\/\\\/hakmarfrance.online\\\/de\\\/#website\"},\"primaryImageOfPage\":{\"@id\":\"https:\\\/\\\/hakmarfrance.online\\\/de\\\/produit\\\/nutella-haselnuss-kakao-aufstrich-1-kg\\\/#primaryimage\"},\"image\":{\"@id\":\"https:\\\/\\\/hakmarfrance.online\\\/de\\\/produit\\\/nutella-haselnuss-kakao-aufstrich-1-kg\\\/#primaryimage\"},\"thumbnailUrl\":\"https:\\\/\\\/hakmarfrance.online\\\/wp-content\\\/uploads\\\/2025\\\/07\\\/nutella-pate-a-tartiner-noisette-1kg.avif\",\"datePublished\":\"2025-07-04T20:56:10+00:00\",\"breadcrumb\":{\"@id\":\"https:\\\/\\\/hakmarfrance.online\\\/de\\\/produit\\\/nutella-haselnuss-kakao-aufstrich-1-kg\\\/#breadcrumb\"},\"inLanguage\":\"de\",\"potentialAction\":[{\"@type\":\"ReadAction\",\"target\":[\"https:\\\/\\\/hakmarfrance.online\\\/de\\\/produit\\\/nutella-haselnuss-kakao-aufstrich-1-kg\\\/\"]}]},{\"@type\":\"ImageObject\",\"inLanguage\":\"de\",\"@id\":\"https:\\\/\\\/hakmarfrance.online\\\/de\\\/produit\\\/nutella-haselnuss-kakao-aufstrich-1-kg\\\/#primaryimage\",\"url\":\"https:\\\/\\\/hakmarfrance.online\\\/wp-content\\\/uploads\\\/2025\\\/07\\\/nutella-pate-a-tartiner-noisette-1kg.avif\",\"contentUrl\":\"https:\\\/\\\/hakmarfrance.online\\\/wp-content\\\/uploads\\\/2025\\\/07\\\/nutella-pate-a-tartiner-noisette-1kg.avif\",\"width\":1000,\"height\":800,\"caption\":\"Nutella \u2013 1-kg-Becher Haselnuss-Kakao-Aufstrich\"},{\"@type\":\"BreadcrumbList\",\"@id\":\"https:\\\/\\\/hakmarfrance.online\\\/de\\\/produit\\\/nutella-haselnuss-kakao-aufstrich-1-kg\\\/#breadcrumb\",\"itemListElement\":[{\"@type\":\"ListItem\",\"position\":1,\"name\":\"Accueil\",\"item\":\"https:\\\/\\\/hakmarfrance.online\\\/de\\\/\"},{\"@type\":\"ListItem\",\"position\":2,\"name\":\"Shop\",\"item\":\"https:\\\/\\\/hakmarfrance.online\\\/de\\\/shop\\\/\"},{\"@type\":\"ListItem\",\"position\":3,\"name\":\"Nutella \u2013 Haselnuss-Kakao-Aufstrich \u2013 1 kg\"}]},{\"@type\":\"WebSite\",\"@id\":\"https:\\\/\\\/hakmarfrance.online\\\/de\\\/#website\",\"url\":\"https:\\\/\\\/hakmarfrance.online\\\/de\\\/\",\"name\":\"hakmarfrance.online\",\"description\":\"\",\"publisher\":{\"@id\":\"https:\\\/\\\/hakmarfrance.online\\\/de\\\/#organization\"},\"potentialAction\":[{\"@type\":\"SearchAction\",\"target\":{\"@type\":\"EntryPoint\",\"urlTemplate\":\"https:\\\/\\\/hakmarfrance.online\\\/de\\\/?s={search_term_string}\"},\"query-input\":{\"@type\":\"PropertyValueSpecification\",\"valueRequired\":true,\"valueName\":\"search_term_string\"}}],\"inLanguage\":\"de\"},{\"@type\":\"Organization\",\"@id\":\"https:\\\/\\\/hakmarfrance.online\\\/de\\\/#organization\",\"name\":\"hakmarfrance.online\",\"url\":\"https:\\\/\\\/hakmarfrance.online\\\/de\\\/\",\"logo\":{\"@type\":\"ImageObject\",\"inLanguage\":\"de\",\"@id\":\"https:\\\/\\\/hakmarfrance.online\\\/de\\\/#\\\/schema\\\/logo\\\/image\\\/\",\"url\":\"https:\\\/\\\/hakmarfrance.online\\\/wp-content\\\/uploads\\\/2025\\\/06\\\/logo-hakmarfrance.png\",\"contentUrl\":\"https:\\\/\\\/hakmarfrance.online\\\/wp-content\\\/uploads\\\/2025\\\/06\\\/logo-hakmarfrance.png\",\"width\":528,\"height\":232,\"caption\":\"hakmarfrance.online\"},\"image\":{\"@id\":\"https:\\\/\\\/hakmarfrance.online\\\/de\\\/#\\\/schema\\\/logo\\\/image\\\/\"},\"sameAs\":[\"https:\\\/\\\/www.facebook.com\\\/HakmarFranceSupermarche\\\/?locale=fr_FR\",\"https:\\\/\\\/www.instagram.com\\\/hakmarfrancesupermarche\\\/\"]}]}<\/script>\n<!-- \/ Yoast SEO plugin. -->","yoast_head_json":{"title":"Nutella \u2013 Haselnuss-Kakao-Aufstrich \u2013 1 kg - hakmarfrance.online","robots":{"index":"index","follow":"follow","max-snippet":"max-snippet:-1","max-image-preview":"max-image-preview:large","max-video-preview":"max-video-preview:-1"},"canonical":"https:\/\/hakmarfrance.online\/de\/produit\/nutella-haselnuss-kakao-aufstrich-1-kg\/","og_locale":"de_DE","og_type":"article","og_title":"Nutella \u2013 Haselnuss-Kakao-Aufstrich \u2013 1 kg - hakmarfrance.online","og_description":"Die gro\u00dfe 1-kg-Packung Nutella, f\u00fcr echte Liebhaber des einzigartigen Haselnussgeschmacks!Entwickelt f\u00fcr Familien und Feinschmecker, verbindet dieser Aufstrich harmonisch cremigen Kakao und fein ger\u00f6stete Haseln\u00fcsse. \ud83e\udd5e Perfekt auf Brot, Cr\u00eapes oder in deinen selbstgemachten Backwaren.\ud83c\udf30 Authentischer Geschmack, ohne Farb- und Konservierungsstoffe.\ud83c\uddee\ud83c\uddf9 Hergestellt in Italien von Ferrero, einer weltweiten Referenz.  \u2705 Hauptmerkmale:   Nettogewicht: 1 kg   Hauptzutaten: Zucker, Palm\u00f6l, Haseln\u00fcsse (13%), fettarmer Kakao, Magermilchpulver   Konsistenz cremig und leicht streichf\u00e4hig   Wiederverschlie\u00dfbarer Becher f\u00fcr optimale Haltbarkeit","og_url":"https:\/\/hakmarfrance.online\/de\/produit\/nutella-haselnuss-kakao-aufstrich-1-kg\/","og_site_name":"hakmarfrance.online","article_publisher":"https:\/\/www.facebook.com\/HakmarFranceSupermarche\/?locale=fr_FR","og_image":[{"width":1000,"height":800,"url":"https:\/\/hakmarfrance.online\/wp-content\/uploads\/2025\/07\/nutella-pate-a-tartiner-noisette-1kg.avif","type":"image\/png"}],"twitter_card":"summary_large_image","schema":{"@context":"https:\/\/schema.org","@graph":[{"@type":"WebPage","@id":"https:\/\/hakmarfrance.online\/de\/produit\/nutella-haselnuss-kakao-aufstrich-1-kg\/","url":"https:\/\/hakmarfrance.online\/de\/produit\/nutella-haselnuss-kakao-aufstrich-1-kg\/","name":"Nutella \u2013 Haselnuss-Kakao-Aufstrich \u2013 1 kg - hakmarfrance.online","isPartOf":{"@id":"https:\/\/hakmarfrance.online\/de\/#website"},"primaryImageOfPage":{"@id":"https:\/\/hakmarfrance.online\/de\/produit\/nutella-haselnuss-kakao-aufstrich-1-kg\/#primaryimage"},"image":{"@id":"https:\/\/hakmarfrance.online\/de\/produit\/nutella-haselnuss-kakao-aufstrich-1-kg\/#primaryimage"},"thumbnailUrl":"https:\/\/hakmarfrance.online\/wp-content\/uploads\/2025\/07\/nutella-pate-a-tartiner-noisette-1kg.avif","datePublished":"2025-07-04T20:56:10+00:00","breadcrumb":{"@id":"https:\/\/hakmarfrance.online\/de\/produit\/nutella-haselnuss-kakao-aufstrich-1-kg\/#breadcrumb"},"inLanguage":"de","potentialAction":[{"@type":"ReadAction","target":["https:\/\/hakmarfrance.online\/de\/produit\/nutella-haselnuss-kakao-aufstrich-1-kg\/"]}]},{"@type":"ImageObject","inLanguage":"de","@id":"https:\/\/hakmarfrance.online\/de\/produit\/nutella-haselnuss-kakao-aufstrich-1-kg\/#primaryimage","url":"https:\/\/hakmarfrance.online\/wp-content\/uploads\/2025\/07\/nutella-pate-a-tartiner-noisette-1kg.avif","contentUrl":"https:\/\/hakmarfrance.online\/wp-content\/uploads\/2025\/07\/nutella-pate-a-tartiner-noisette-1kg.avif","width":1000,"height":800,"caption":"Nutella \u2013 1-kg-Becher Haselnuss-Kakao-Aufstrich"},{"@type":"BreadcrumbList","@id":"https:\/\/hakmarfrance.online\/de\/produit\/nutella-haselnuss-kakao-aufstrich-1-kg\/#breadcrumb","itemListElement":[{"@type":"ListItem","position":1,"name":"Accueil","item":"https:\/\/hakmarfrance.online\/de\/"},{"@type":"ListItem","position":2,"name":"Shop","item":"https:\/\/hakmarfrance.online\/de\/shop\/"},{"@type":"ListItem","position":3,"name":"Nutella \u2013 Haselnuss-Kakao-Aufstrich \u2013 1 kg"}]},{"@type":"WebSite","@id":"https:\/\/hakmarfrance.online\/de\/#website","url":"https:\/\/hakmarfrance.online\/de\/","name":"hakmarfrance.online","description":"","publisher":{"@id":"https:\/\/hakmarfrance.online\/de\/#organization"},"potentialAction":[{"@type":"SearchAction","target":{"@type":"EntryPoint","urlTemplate":"https:\/\/hakmarfrance.online\/de\/?s={search_term_string}"},"query-input":{"@type":"PropertyValueSpecification","valueRequired":true,"valueName":"search_term_string"}}],"inLanguage":"de"},{"@type":"Organization","@id":"https:\/\/hakmarfrance.online\/de\/#organization","name":"hakmarfrance.online","url":"https:\/\/hakmarfrance.online\/de\/","logo":{"@type":"ImageObject","inLanguage":"de","@id":"https:\/\/hakmarfrance.online\/de\/#\/schema\/logo\/image\/","url":"https:\/\/hakmarfrance.online\/wp-content\/uploads\/2025\/06\/logo-hakmarfrance.png","contentUrl":"https:\/\/hakmarfrance.online\/wp-content\/uploads\/2025\/06\/logo-hakmarfrance.png","width":528,"height":232,"caption":"hakmarfrance.online"},"image":{"@id":"https:\/\/hakmarfrance.online\/de\/#\/schema\/logo\/image\/"},"sameAs":["https:\/\/www.facebook.com\/HakmarFranceSupermarche\/?locale=fr_FR","https:\/\/www.instagram.com\/hakmarfrancesupermarche\/"]}]}},"_links":{"self":[{"href":"https:\/\/hakmarfrance.online\/de\/wp-json\/wp\/v2\/product\/17741","targetHints":{"allow":["GET"]}}],"collection":[{"href":"https:\/\/hakmarfrance.online\/de\/wp-json\/wp\/v2\/product"}],"about":[{"href":"https:\/\/hakmarfrance.online\/de\/wp-json\/wp\/v2\/types\/product"}],"replies":[{"embeddable":true,"href":"https:\/\/hakmarfrance.online\/de\/wp-json\/wp\/v2\/comments?post=17741"}],"version-history":[{"count":0,"href":"https:\/\/hakmarfrance.online\/de\/wp-json\/wp\/v2\/product\/17741\/revisions"}],"wp:featuredmedia":[{"embeddable":true,"href":"https:\/\/hakmarfrance.online\/de\/wp-json\/wp\/v2\/media\/17742"}],"wp:attachment":[{"href":"https:\/\/hakmarfrance.online\/de\/wp-json\/wp\/v2\/media?parent=17741"}],"wp:term":[{"taxonomy":"product_brand","embeddable":true,"href":"https:\/\/hakmarfrance.online\/de\/wp-json\/wp\/v2\/product_brand?post=17741"},{"taxonomy":"product_cat","embeddable":true,"href":"https:\/\/hakmarfrance.online\/de\/wp-json\/wp\/v2\/product_cat?post=17741"},{"taxonomy":"product_tag","embeddable":true,"href":"https:\/\/hakmarfrance.online\/de\/wp-json\/wp\/v2\/product_tag?post=17741"}],"curies":[{"name":"wp","href":"https:\/\/api.w.org\/{rel}","templated":true}]}}