{"id":17743,"date":"2025-07-04T20:56:11","date_gmt":"2025-07-04T20:56:11","guid":{"rendered":"https:\/\/hakmarfrance.online\/produit\/destop-express-dickfluessiges-gel-mit-aetznatron-1-l-leistungsstarker-rohrreiniger\/"},"modified":"2025-07-04T20:56:11","modified_gmt":"2025-07-04T20:56:11","slug":"destop-express-dickfluessiges-gel-mit-aetznatron-1-l-leistungsstarker-rohrreiniger","status":"publish","type":"product","link":"https:\/\/hakmarfrance.online\/de\/produit\/destop-express-dickfluessiges-gel-mit-aetznatron-1-l-leistungsstarker-rohrreiniger\/","title":{"rendered":"Destop Express \u2013 Dickfl\u00fcssiges Gel mit \u00c4tznatron 1 L \u2013 Leistungsstarker Rohrreiniger"},"content":{"rendered":"","protected":false},"excerpt":{"rendered":"<p data-start=\"350\" data-end=\"607\">Das <strong data-start=\"353\" data-end=\"392\">Destop Express Dickfl\u00fcssiges Gel mit \u00c4tznatron<\/strong> ist dein Verb\u00fcndeter Nr. 1 gegen hartn\u00e4ckige Verstopfungen!<br data-start=\"442\" data-end=\"445\">Seine <strong data-start=\"448\" data-end=\"470\">konzentrierte Formel<\/strong> wirkt schnell, selbst bei <strong data-start=\"507\" data-end=\"524\">stehendem Wasser<\/strong>, um alle deine Abfl\u00fcsse zu befreien: Sp\u00fclbecken, Waschbecken, Duschen, Badewannen&#8230;<\/p>\n<p data-start=\"609\" data-end=\"873\">\ud83d\udcaa <strong data-start=\"612\" data-end=\"670\">Wirksam gegen Fett, Haare und Speisereste<\/strong><br data-start=\"670\" data-end=\"673\">\ud83d\udca7 <strong data-start=\"676\" data-end=\"730\">Ideal f\u00fcr stehendes Wasser und hartn\u00e4ckige Verstopfungen<\/strong><br data-start=\"730\" data-end=\"733\">\ud83e\uddea <strong data-start=\"736\" data-end=\"777\">Dickfl\u00fcssige Formel, die an den W\u00e4nden haftet<\/strong><br data-start=\"777\" data-end=\"780\">\ud83d\udec1 <strong data-start=\"783\" data-end=\"827\">Kompatibel mit allen Rohrarten<\/strong><br data-start=\"827\" data-end=\"830\">\u267b\ufe0f <strong data-start=\"833\" data-end=\"873\">Bis zu 5 Anwendungen pro Flasche<\/strong><\/p>\n<p data-start=\"875\" data-end=\"962\"><strong data-start=\"875\" data-end=\"913\">Der bevorzugte Rohrreiniger der Franzosen<\/strong> f\u00fcr ein sauberes Zuhause ohne schlechte Ger\u00fcche.<\/p>\n","protected":false},"featured_media":17744,"comment_status":"open","ping_status":"closed","template":"","meta":{"iawp_total_views":0},"product_brand":[],"product_cat":[226,260],"product_tag":[],"class_list":{"0":"post-17743","1":"product","2":"type-product","3":"status-publish","4":"has-post-thumbnail","6":"product_cat-alle-unsere-produkte","7":"product_cat-hygiene-pflege","9":"first","10":"instock","11":"shipping-taxable","12":"purchasable","13":"product-type-simple"},"yoast_head":"<!-- This site is optimized with the Yoast SEO plugin v27.4 - https:\/\/yoast.com\/product\/yoast-seo-wordpress\/ -->\n<title>Destop Express \u2013 Dickfl\u00fcssiges Gel mit \u00c4tznatron 1 L \u2013 Leistungsstarker Rohrreiniger - hakmarfrance.online<\/title>\n<meta name=\"robots\" content=\"index, follow, max-snippet:-1, max-image-preview:large, max-video-preview:-1\" \/>\n<link rel=\"canonical\" href=\"https:\/\/hakmarfrance.online\/de\/produit\/destop-express-dickfluessiges-gel-mit-aetznatron-1-l-leistungsstarker-rohrreiniger\/\" \/>\n<meta property=\"og:locale\" content=\"de_DE\" \/>\n<meta property=\"og:type\" content=\"article\" \/>\n<meta property=\"og:title\" content=\"Destop Express \u2013 Dickfl\u00fcssiges Gel mit \u00c4tznatron 1 L \u2013 Leistungsstarker Rohrreiniger - hakmarfrance.online\" \/>\n<meta property=\"og:description\" content=\"Das Destop Express Dickfl\u00fcssiges Gel mit \u00c4tznatron ist dein Verb\u00fcndeter Nr. 1 gegen hartn\u00e4ckige Verstopfungen!Seine konzentrierte Formel wirkt schnell, selbst bei stehendem Wasser, um alle deine Abfl\u00fcsse zu befreien: Sp\u00fclbecken, Waschbecken, Duschen, Badewannen... \ud83d\udcaa Wirksam gegen Fett, Haare und Speisereste\ud83d\udca7 Ideal f\u00fcr stehendes Wasser und hartn\u00e4ckige Verstopfungen\ud83e\uddea Dickfl\u00fcssige Formel, die an den W\u00e4nden haftet\ud83d\udec1 Kompatibel mit allen Rohrarten\u267b\ufe0f Bis zu 5 Anwendungen pro Flasche Der bevorzugte Rohrreiniger der Franzosen f\u00fcr ein sauberes Zuhause ohne schlechte Ger\u00fcche.\" \/>\n<meta property=\"og:url\" content=\"https:\/\/hakmarfrance.online\/de\/produit\/destop-express-dickfluessiges-gel-mit-aetznatron-1-l-leistungsstarker-rohrreiniger\/\" \/>\n<meta property=\"og:site_name\" content=\"hakmarfrance.online\" \/>\n<meta property=\"article:publisher\" content=\"https:\/\/www.facebook.com\/HakmarFranceSupermarche\/?locale=fr_FR\" \/>\n<meta property=\"og:image\" content=\"https:\/\/hakmarfrance.online\/wp-content\/uploads\/2025\/07\/destop-express-gel-epaix-soude.avif\" \/>\n\t<meta property=\"og:image:width\" content=\"1000\" \/>\n\t<meta property=\"og:image:height\" content=\"800\" \/>\n\t<meta property=\"og:image:type\" content=\"image\/png\" \/>\n<meta name=\"twitter:card\" content=\"summary_large_image\" \/>\n<script type=\"application\/ld+json\" class=\"yoast-schema-graph\">{\"@context\":\"https:\\\/\\\/schema.org\",\"@graph\":[{\"@type\":\"WebPage\",\"@id\":\"https:\\\/\\\/hakmarfrance.online\\\/de\\\/produit\\\/destop-express-dickfluessiges-gel-mit-aetznatron-1-l-leistungsstarker-rohrreiniger\\\/\",\"url\":\"https:\\\/\\\/hakmarfrance.online\\\/de\\\/produit\\\/destop-express-dickfluessiges-gel-mit-aetznatron-1-l-leistungsstarker-rohrreiniger\\\/\",\"name\":\"Destop Express \u2013 Dickfl\u00fcssiges Gel mit \u00c4tznatron 1 L \u2013 Leistungsstarker Rohrreiniger - hakmarfrance.online\",\"isPartOf\":{\"@id\":\"https:\\\/\\\/hakmarfrance.online\\\/de\\\/#website\"},\"primaryImageOfPage\":{\"@id\":\"https:\\\/\\\/hakmarfrance.online\\\/de\\\/produit\\\/destop-express-dickfluessiges-gel-mit-aetznatron-1-l-leistungsstarker-rohrreiniger\\\/#primaryimage\"},\"image\":{\"@id\":\"https:\\\/\\\/hakmarfrance.online\\\/de\\\/produit\\\/destop-express-dickfluessiges-gel-mit-aetznatron-1-l-leistungsstarker-rohrreiniger\\\/#primaryimage\"},\"thumbnailUrl\":\"https:\\\/\\\/hakmarfrance.online\\\/wp-content\\\/uploads\\\/2025\\\/07\\\/destop-express-gel-epaix-soude.avif\",\"datePublished\":\"2025-07-04T20:56:11+00:00\",\"breadcrumb\":{\"@id\":\"https:\\\/\\\/hakmarfrance.online\\\/de\\\/produit\\\/destop-express-dickfluessiges-gel-mit-aetznatron-1-l-leistungsstarker-rohrreiniger\\\/#breadcrumb\"},\"inLanguage\":\"de\",\"potentialAction\":[{\"@type\":\"ReadAction\",\"target\":[\"https:\\\/\\\/hakmarfrance.online\\\/de\\\/produit\\\/destop-express-dickfluessiges-gel-mit-aetznatron-1-l-leistungsstarker-rohrreiniger\\\/\"]}]},{\"@type\":\"ImageObject\",\"inLanguage\":\"de\",\"@id\":\"https:\\\/\\\/hakmarfrance.online\\\/de\\\/produit\\\/destop-express-dickfluessiges-gel-mit-aetznatron-1-l-leistungsstarker-rohrreiniger\\\/#primaryimage\",\"url\":\"https:\\\/\\\/hakmarfrance.online\\\/wp-content\\\/uploads\\\/2025\\\/07\\\/destop-express-gel-epaix-soude.avif\",\"contentUrl\":\"https:\\\/\\\/hakmarfrance.online\\\/wp-content\\\/uploads\\\/2025\\\/07\\\/destop-express-gel-epaix-soude.avif\",\"width\":1000,\"height\":800,\"caption\":\"Destop Express Dickfl\u00fcssiges Gel \u2013 Wirksamer Rohrreiniger mit \u00c4tznatron, ideal bei stehendem Wasser\"},{\"@type\":\"BreadcrumbList\",\"@id\":\"https:\\\/\\\/hakmarfrance.online\\\/de\\\/produit\\\/destop-express-dickfluessiges-gel-mit-aetznatron-1-l-leistungsstarker-rohrreiniger\\\/#breadcrumb\",\"itemListElement\":[{\"@type\":\"ListItem\",\"position\":1,\"name\":\"Accueil\",\"item\":\"https:\\\/\\\/hakmarfrance.online\\\/de\\\/\"},{\"@type\":\"ListItem\",\"position\":2,\"name\":\"Shop\",\"item\":\"https:\\\/\\\/hakmarfrance.online\\\/de\\\/shop\\\/\"},{\"@type\":\"ListItem\",\"position\":3,\"name\":\"Destop Express \u2013 Dickfl\u00fcssiges Gel mit \u00c4tznatron 1 L \u2013 Leistungsstarker Rohrreiniger\"}]},{\"@type\":\"WebSite\",\"@id\":\"https:\\\/\\\/hakmarfrance.online\\\/de\\\/#website\",\"url\":\"https:\\\/\\\/hakmarfrance.online\\\/de\\\/\",\"name\":\"hakmarfrance.online\",\"description\":\"\",\"publisher\":{\"@id\":\"https:\\\/\\\/hakmarfrance.online\\\/de\\\/#organization\"},\"potentialAction\":[{\"@type\":\"SearchAction\",\"target\":{\"@type\":\"EntryPoint\",\"urlTemplate\":\"https:\\\/\\\/hakmarfrance.online\\\/de\\\/?s={search_term_string}\"},\"query-input\":{\"@type\":\"PropertyValueSpecification\",\"valueRequired\":true,\"valueName\":\"search_term_string\"}}],\"inLanguage\":\"de\"},{\"@type\":\"Organization\",\"@id\":\"https:\\\/\\\/hakmarfrance.online\\\/de\\\/#organization\",\"name\":\"hakmarfrance.online\",\"url\":\"https:\\\/\\\/hakmarfrance.online\\\/de\\\/\",\"logo\":{\"@type\":\"ImageObject\",\"inLanguage\":\"de\",\"@id\":\"https:\\\/\\\/hakmarfrance.online\\\/de\\\/#\\\/schema\\\/logo\\\/image\\\/\",\"url\":\"https:\\\/\\\/hakmarfrance.online\\\/wp-content\\\/uploads\\\/2025\\\/06\\\/logo-hakmarfrance.png\",\"contentUrl\":\"https:\\\/\\\/hakmarfrance.online\\\/wp-content\\\/uploads\\\/2025\\\/06\\\/logo-hakmarfrance.png\",\"width\":528,\"height\":232,\"caption\":\"hakmarfrance.online\"},\"image\":{\"@id\":\"https:\\\/\\\/hakmarfrance.online\\\/de\\\/#\\\/schema\\\/logo\\\/image\\\/\"},\"sameAs\":[\"https:\\\/\\\/www.facebook.com\\\/HakmarFranceSupermarche\\\/?locale=fr_FR\",\"https:\\\/\\\/www.instagram.com\\\/hakmarfrancesupermarche\\\/\"]}]}<\/script>\n<!-- \/ Yoast SEO plugin. -->","yoast_head_json":{"title":"Destop Express \u2013 Dickfl\u00fcssiges Gel mit \u00c4tznatron 1 L \u2013 Leistungsstarker Rohrreiniger - hakmarfrance.online","robots":{"index":"index","follow":"follow","max-snippet":"max-snippet:-1","max-image-preview":"max-image-preview:large","max-video-preview":"max-video-preview:-1"},"canonical":"https:\/\/hakmarfrance.online\/de\/produit\/destop-express-dickfluessiges-gel-mit-aetznatron-1-l-leistungsstarker-rohrreiniger\/","og_locale":"de_DE","og_type":"article","og_title":"Destop Express \u2013 Dickfl\u00fcssiges Gel mit \u00c4tznatron 1 L \u2013 Leistungsstarker Rohrreiniger - hakmarfrance.online","og_description":"Das Destop Express Dickfl\u00fcssiges Gel mit \u00c4tznatron ist dein Verb\u00fcndeter Nr. 1 gegen hartn\u00e4ckige Verstopfungen!Seine konzentrierte Formel wirkt schnell, selbst bei stehendem Wasser, um alle deine Abfl\u00fcsse zu befreien: Sp\u00fclbecken, Waschbecken, Duschen, Badewannen... \ud83d\udcaa Wirksam gegen Fett, Haare und Speisereste\ud83d\udca7 Ideal f\u00fcr stehendes Wasser und hartn\u00e4ckige Verstopfungen\ud83e\uddea Dickfl\u00fcssige Formel, die an den W\u00e4nden haftet\ud83d\udec1 Kompatibel mit allen Rohrarten\u267b\ufe0f Bis zu 5 Anwendungen pro Flasche Der bevorzugte Rohrreiniger der Franzosen f\u00fcr ein sauberes Zuhause ohne schlechte Ger\u00fcche.","og_url":"https:\/\/hakmarfrance.online\/de\/produit\/destop-express-dickfluessiges-gel-mit-aetznatron-1-l-leistungsstarker-rohrreiniger\/","og_site_name":"hakmarfrance.online","article_publisher":"https:\/\/www.facebook.com\/HakmarFranceSupermarche\/?locale=fr_FR","og_image":[{"width":1000,"height":800,"url":"https:\/\/hakmarfrance.online\/wp-content\/uploads\/2025\/07\/destop-express-gel-epaix-soude.avif","type":"image\/png"}],"twitter_card":"summary_large_image","schema":{"@context":"https:\/\/schema.org","@graph":[{"@type":"WebPage","@id":"https:\/\/hakmarfrance.online\/de\/produit\/destop-express-dickfluessiges-gel-mit-aetznatron-1-l-leistungsstarker-rohrreiniger\/","url":"https:\/\/hakmarfrance.online\/de\/produit\/destop-express-dickfluessiges-gel-mit-aetznatron-1-l-leistungsstarker-rohrreiniger\/","name":"Destop Express \u2013 Dickfl\u00fcssiges Gel mit \u00c4tznatron 1 L \u2013 Leistungsstarker Rohrreiniger - hakmarfrance.online","isPartOf":{"@id":"https:\/\/hakmarfrance.online\/de\/#website"},"primaryImageOfPage":{"@id":"https:\/\/hakmarfrance.online\/de\/produit\/destop-express-dickfluessiges-gel-mit-aetznatron-1-l-leistungsstarker-rohrreiniger\/#primaryimage"},"image":{"@id":"https:\/\/hakmarfrance.online\/de\/produit\/destop-express-dickfluessiges-gel-mit-aetznatron-1-l-leistungsstarker-rohrreiniger\/#primaryimage"},"thumbnailUrl":"https:\/\/hakmarfrance.online\/wp-content\/uploads\/2025\/07\/destop-express-gel-epaix-soude.avif","datePublished":"2025-07-04T20:56:11+00:00","breadcrumb":{"@id":"https:\/\/hakmarfrance.online\/de\/produit\/destop-express-dickfluessiges-gel-mit-aetznatron-1-l-leistungsstarker-rohrreiniger\/#breadcrumb"},"inLanguage":"de","potentialAction":[{"@type":"ReadAction","target":["https:\/\/hakmarfrance.online\/de\/produit\/destop-express-dickfluessiges-gel-mit-aetznatron-1-l-leistungsstarker-rohrreiniger\/"]}]},{"@type":"ImageObject","inLanguage":"de","@id":"https:\/\/hakmarfrance.online\/de\/produit\/destop-express-dickfluessiges-gel-mit-aetznatron-1-l-leistungsstarker-rohrreiniger\/#primaryimage","url":"https:\/\/hakmarfrance.online\/wp-content\/uploads\/2025\/07\/destop-express-gel-epaix-soude.avif","contentUrl":"https:\/\/hakmarfrance.online\/wp-content\/uploads\/2025\/07\/destop-express-gel-epaix-soude.avif","width":1000,"height":800,"caption":"Destop Express Dickfl\u00fcssiges Gel \u2013 Wirksamer Rohrreiniger mit \u00c4tznatron, ideal bei stehendem Wasser"},{"@type":"BreadcrumbList","@id":"https:\/\/hakmarfrance.online\/de\/produit\/destop-express-dickfluessiges-gel-mit-aetznatron-1-l-leistungsstarker-rohrreiniger\/#breadcrumb","itemListElement":[{"@type":"ListItem","position":1,"name":"Accueil","item":"https:\/\/hakmarfrance.online\/de\/"},{"@type":"ListItem","position":2,"name":"Shop","item":"https:\/\/hakmarfrance.online\/de\/shop\/"},{"@type":"ListItem","position":3,"name":"Destop Express \u2013 Dickfl\u00fcssiges Gel mit \u00c4tznatron 1 L \u2013 Leistungsstarker Rohrreiniger"}]},{"@type":"WebSite","@id":"https:\/\/hakmarfrance.online\/de\/#website","url":"https:\/\/hakmarfrance.online\/de\/","name":"hakmarfrance.online","description":"","publisher":{"@id":"https:\/\/hakmarfrance.online\/de\/#organization"},"potentialAction":[{"@type":"SearchAction","target":{"@type":"EntryPoint","urlTemplate":"https:\/\/hakmarfrance.online\/de\/?s={search_term_string}"},"query-input":{"@type":"PropertyValueSpecification","valueRequired":true,"valueName":"search_term_string"}}],"inLanguage":"de"},{"@type":"Organization","@id":"https:\/\/hakmarfrance.online\/de\/#organization","name":"hakmarfrance.online","url":"https:\/\/hakmarfrance.online\/de\/","logo":{"@type":"ImageObject","inLanguage":"de","@id":"https:\/\/hakmarfrance.online\/de\/#\/schema\/logo\/image\/","url":"https:\/\/hakmarfrance.online\/wp-content\/uploads\/2025\/06\/logo-hakmarfrance.png","contentUrl":"https:\/\/hakmarfrance.online\/wp-content\/uploads\/2025\/06\/logo-hakmarfrance.png","width":528,"height":232,"caption":"hakmarfrance.online"},"image":{"@id":"https:\/\/hakmarfrance.online\/de\/#\/schema\/logo\/image\/"},"sameAs":["https:\/\/www.facebook.com\/HakmarFranceSupermarche\/?locale=fr_FR","https:\/\/www.instagram.com\/hakmarfrancesupermarche\/"]}]}},"_links":{"self":[{"href":"https:\/\/hakmarfrance.online\/de\/wp-json\/wp\/v2\/product\/17743","targetHints":{"allow":["GET"]}}],"collection":[{"href":"https:\/\/hakmarfrance.online\/de\/wp-json\/wp\/v2\/product"}],"about":[{"href":"https:\/\/hakmarfrance.online\/de\/wp-json\/wp\/v2\/types\/product"}],"replies":[{"embeddable":true,"href":"https:\/\/hakmarfrance.online\/de\/wp-json\/wp\/v2\/comments?post=17743"}],"version-history":[{"count":0,"href":"https:\/\/hakmarfrance.online\/de\/wp-json\/wp\/v2\/product\/17743\/revisions"}],"wp:featuredmedia":[{"embeddable":true,"href":"https:\/\/hakmarfrance.online\/de\/wp-json\/wp\/v2\/media\/17744"}],"wp:attachment":[{"href":"https:\/\/hakmarfrance.online\/de\/wp-json\/wp\/v2\/media?parent=17743"}],"wp:term":[{"taxonomy":"product_brand","embeddable":true,"href":"https:\/\/hakmarfrance.online\/de\/wp-json\/wp\/v2\/product_brand?post=17743"},{"taxonomy":"product_cat","embeddable":true,"href":"https:\/\/hakmarfrance.online\/de\/wp-json\/wp\/v2\/product_cat?post=17743"},{"taxonomy":"product_tag","embeddable":true,"href":"https:\/\/hakmarfrance.online\/de\/wp-json\/wp\/v2\/product_tag?post=17743"}],"curies":[{"name":"wp","href":"https:\/\/api.w.org\/{rel}","templated":true}]}}