{"id":17745,"date":"2025-06-19T08:15:06","date_gmt":"2025-06-19T08:15:06","guid":{"rendered":"https:\/\/hakmarfrance.online\/produit\/cremiger-gazi-joghurt-10-fett\/"},"modified":"2025-06-19T08:15:06","modified_gmt":"2025-06-19T08:15:06","slug":"cremiger-gazi-joghurt-10-fett","status":"publish","type":"product","link":"https:\/\/hakmarfrance.online\/de\/produit\/cremiger-gazi-joghurt-10-fett\/","title":{"rendered":"Cremiger GAZ\u0130 Joghurt \u2013 10 % Fett"},"content":{"rendered":"","protected":false},"excerpt":{"rendered":"<p data-start=\"313\" data-end=\"515\">G\u00f6nn dir eine ultra-cremige Textur mit dem <strong data-start=\"361\" data-end=\"382\">GAZ\u0130 Sahne Joghurt<\/strong>, reich an Sahne und Geschmack. Mit seinen <strong data-start=\"420\" data-end=\"446\">10 % Fettgehalt<\/strong> ist er perfekt f\u00fcr Liebhaber von cremig-leckerem Joghurt. <\/p>\n<p data-start=\"517\" data-end=\"668\">\u2714\ufe0f Joghurt aus Vollmilch und Sahne<br data-start=\"550\" data-end=\"553\">\u2714\ufe0f Dicke und zartschmelzende Textur<br data-start=\"583\" data-end=\"586\">\u2714\ufe0f Ideal als Dessert, mit Honig oder Fr\u00fcchten<br data-start=\"633\" data-end=\"636\">\u2714\ufe0f Gro\u00dfes Sparformat \u2013 1 kg<\/p>\n<p data-start=\"670\" data-end=\"760\">Ein Muss f\u00fcr cremige Rezepte oder f\u00fcr einen Moment puren, nat\u00fcrlichen Genusses.<\/p>\n","protected":false},"featured_media":17746,"comment_status":"open","ping_status":"closed","template":"","meta":{"iawp_total_views":0},"product_brand":[174],"product_cat":[226,251,255,269,230],"product_tag":[],"class_list":{"0":"post-17745","1":"product","2":"type-product","3":"status-publish","4":"has-post-thumbnail","6":"product_brand-gazi","7":"product_cat-alle-unsere-produkte","8":"product_cat-fleisch-fisch-feinkost","9":"product_cat-frische-produkte-milchprodukte","10":"product_cat-orientalische-lebensmittel","11":"product_cat-traditionelle-turkische-produkte","13":"first","14":"instock","15":"shipping-taxable","16":"purchasable","17":"product-type-simple"},"yoast_head":"<!-- This site is optimized with the Yoast SEO plugin v27.3 - https:\/\/yoast.com\/product\/yoast-seo-wordpress\/ -->\n<title>Cremiger GAZ\u0130 Joghurt \u2013 10 % Fett - hakmarfrance.online<\/title>\n<meta name=\"robots\" content=\"index, follow, max-snippet:-1, max-image-preview:large, max-video-preview:-1\" \/>\n<link rel=\"canonical\" href=\"https:\/\/hakmarfrance.online\/de\/produit\/cremiger-gazi-joghurt-10-fett\/\" \/>\n<meta property=\"og:locale\" content=\"de_DE\" \/>\n<meta property=\"og:type\" content=\"article\" \/>\n<meta property=\"og:title\" content=\"Cremiger GAZ\u0130 Joghurt \u2013 10 % Fett - hakmarfrance.online\" \/>\n<meta property=\"og:description\" content=\"G\u00f6nn dir eine ultra-cremige Textur mit dem GAZ\u0130 Sahne Joghurt, reich an Sahne und Geschmack. Mit seinen 10 % Fettgehalt ist er perfekt f\u00fcr Liebhaber von cremig-leckerem Joghurt. \u2714\ufe0f Joghurt aus Vollmilch und Sahne\u2714\ufe0f Dicke und zartschmelzende Textur\u2714\ufe0f Ideal als Dessert, mit Honig oder Fr\u00fcchten\u2714\ufe0f Gro\u00dfes Sparformat \u2013 1 kg Ein Muss f\u00fcr cremige Rezepte oder f\u00fcr einen Moment puren, nat\u00fcrlichen Genusses.\" \/>\n<meta property=\"og:url\" content=\"https:\/\/hakmarfrance.online\/de\/produit\/cremiger-gazi-joghurt-10-fett\/\" \/>\n<meta property=\"og:site_name\" content=\"hakmarfrance.online\" \/>\n<meta property=\"article:publisher\" content=\"https:\/\/www.facebook.com\/HakmarFranceSupermarche\/?locale=fr_FR\" \/>\n<meta property=\"og:image\" content=\"https:\/\/hakmarfrance.online\/wp-content\/uploads\/2025\/06\/Gazi_yaourt_jaune.avif\" \/>\n\t<meta property=\"og:image:width\" content=\"1000\" \/>\n\t<meta property=\"og:image:height\" content=\"800\" \/>\n\t<meta property=\"og:image:type\" content=\"image\/png\" \/>\n<meta name=\"twitter:card\" content=\"summary_large_image\" \/>\n<script type=\"application\/ld+json\" class=\"yoast-schema-graph\">{\"@context\":\"https:\\\/\\\/schema.org\",\"@graph\":[{\"@type\":\"WebPage\",\"@id\":\"https:\\\/\\\/hakmarfrance.online\\\/de\\\/produit\\\/cremiger-gazi-joghurt-10-fett\\\/\",\"url\":\"https:\\\/\\\/hakmarfrance.online\\\/de\\\/produit\\\/cremiger-gazi-joghurt-10-fett\\\/\",\"name\":\"Cremiger GAZ\u0130 Joghurt \u2013 10 % Fett - hakmarfrance.online\",\"isPartOf\":{\"@id\":\"https:\\\/\\\/hakmarfrance.online\\\/de\\\/#website\"},\"primaryImageOfPage\":{\"@id\":\"https:\\\/\\\/hakmarfrance.online\\\/de\\\/produit\\\/cremiger-gazi-joghurt-10-fett\\\/#primaryimage\"},\"image\":{\"@id\":\"https:\\\/\\\/hakmarfrance.online\\\/de\\\/produit\\\/cremiger-gazi-joghurt-10-fett\\\/#primaryimage\"},\"thumbnailUrl\":\"https:\\\/\\\/hakmarfrance.online\\\/wp-content\\\/uploads\\\/2025\\\/06\\\/Gazi_yaourt_jaune.avif\",\"datePublished\":\"2025-06-19T08:15:06+00:00\",\"breadcrumb\":{\"@id\":\"https:\\\/\\\/hakmarfrance.online\\\/de\\\/produit\\\/cremiger-gazi-joghurt-10-fett\\\/#breadcrumb\"},\"inLanguage\":\"de\",\"potentialAction\":[{\"@type\":\"ReadAction\",\"target\":[\"https:\\\/\\\/hakmarfrance.online\\\/de\\\/produit\\\/cremiger-gazi-joghurt-10-fett\\\/\"]}]},{\"@type\":\"ImageObject\",\"inLanguage\":\"de\",\"@id\":\"https:\\\/\\\/hakmarfrance.online\\\/de\\\/produit\\\/cremiger-gazi-joghurt-10-fett\\\/#primaryimage\",\"url\":\"https:\\\/\\\/hakmarfrance.online\\\/wp-content\\\/uploads\\\/2025\\\/06\\\/Gazi_yaourt_jaune.avif\",\"contentUrl\":\"https:\\\/\\\/hakmarfrance.online\\\/wp-content\\\/uploads\\\/2025\\\/06\\\/Gazi_yaourt_jaune.avif\",\"width\":1000,\"height\":800},{\"@type\":\"BreadcrumbList\",\"@id\":\"https:\\\/\\\/hakmarfrance.online\\\/de\\\/produit\\\/cremiger-gazi-joghurt-10-fett\\\/#breadcrumb\",\"itemListElement\":[{\"@type\":\"ListItem\",\"position\":1,\"name\":\"Accueil\",\"item\":\"https:\\\/\\\/hakmarfrance.online\\\/de\\\/\"},{\"@type\":\"ListItem\",\"position\":2,\"name\":\"Shop\",\"item\":\"https:\\\/\\\/hakmarfrance.online\\\/de\\\/shop\\\/\"},{\"@type\":\"ListItem\",\"position\":3,\"name\":\"Cremiger GAZ\u0130 Joghurt \u2013 10 % Fett\"}]},{\"@type\":\"WebSite\",\"@id\":\"https:\\\/\\\/hakmarfrance.online\\\/de\\\/#website\",\"url\":\"https:\\\/\\\/hakmarfrance.online\\\/de\\\/\",\"name\":\"hakmarfrance.online\",\"description\":\"\",\"publisher\":{\"@id\":\"https:\\\/\\\/hakmarfrance.online\\\/de\\\/#organization\"},\"potentialAction\":[{\"@type\":\"SearchAction\",\"target\":{\"@type\":\"EntryPoint\",\"urlTemplate\":\"https:\\\/\\\/hakmarfrance.online\\\/de\\\/?s={search_term_string}\"},\"query-input\":{\"@type\":\"PropertyValueSpecification\",\"valueRequired\":true,\"valueName\":\"search_term_string\"}}],\"inLanguage\":\"de\"},{\"@type\":\"Organization\",\"@id\":\"https:\\\/\\\/hakmarfrance.online\\\/de\\\/#organization\",\"name\":\"hakmarfrance.online\",\"url\":\"https:\\\/\\\/hakmarfrance.online\\\/de\\\/\",\"logo\":{\"@type\":\"ImageObject\",\"inLanguage\":\"de\",\"@id\":\"https:\\\/\\\/hakmarfrance.online\\\/de\\\/#\\\/schema\\\/logo\\\/image\\\/\",\"url\":\"https:\\\/\\\/hakmarfrance.online\\\/wp-content\\\/uploads\\\/2025\\\/06\\\/logo-hakmarfrance.png\",\"contentUrl\":\"https:\\\/\\\/hakmarfrance.online\\\/wp-content\\\/uploads\\\/2025\\\/06\\\/logo-hakmarfrance.png\",\"width\":528,\"height\":232,\"caption\":\"hakmarfrance.online\"},\"image\":{\"@id\":\"https:\\\/\\\/hakmarfrance.online\\\/de\\\/#\\\/schema\\\/logo\\\/image\\\/\"},\"sameAs\":[\"https:\\\/\\\/www.facebook.com\\\/HakmarFranceSupermarche\\\/?locale=fr_FR\",\"https:\\\/\\\/www.instagram.com\\\/hakmarfrancesupermarche\\\/\"]}]}<\/script>\n<!-- \/ Yoast SEO plugin. -->","yoast_head_json":{"title":"Cremiger GAZ\u0130 Joghurt \u2013 10 % Fett - hakmarfrance.online","robots":{"index":"index","follow":"follow","max-snippet":"max-snippet:-1","max-image-preview":"max-image-preview:large","max-video-preview":"max-video-preview:-1"},"canonical":"https:\/\/hakmarfrance.online\/de\/produit\/cremiger-gazi-joghurt-10-fett\/","og_locale":"de_DE","og_type":"article","og_title":"Cremiger GAZ\u0130 Joghurt \u2013 10 % Fett - hakmarfrance.online","og_description":"G\u00f6nn dir eine ultra-cremige Textur mit dem GAZ\u0130 Sahne Joghurt, reich an Sahne und Geschmack. Mit seinen 10 % Fettgehalt ist er perfekt f\u00fcr Liebhaber von cremig-leckerem Joghurt. \u2714\ufe0f Joghurt aus Vollmilch und Sahne\u2714\ufe0f Dicke und zartschmelzende Textur\u2714\ufe0f Ideal als Dessert, mit Honig oder Fr\u00fcchten\u2714\ufe0f Gro\u00dfes Sparformat \u2013 1 kg Ein Muss f\u00fcr cremige Rezepte oder f\u00fcr einen Moment puren, nat\u00fcrlichen Genusses.","og_url":"https:\/\/hakmarfrance.online\/de\/produit\/cremiger-gazi-joghurt-10-fett\/","og_site_name":"hakmarfrance.online","article_publisher":"https:\/\/www.facebook.com\/HakmarFranceSupermarche\/?locale=fr_FR","og_image":[{"width":1000,"height":800,"url":"https:\/\/hakmarfrance.online\/wp-content\/uploads\/2025\/06\/Gazi_yaourt_jaune.avif","type":"image\/png"}],"twitter_card":"summary_large_image","schema":{"@context":"https:\/\/schema.org","@graph":[{"@type":"WebPage","@id":"https:\/\/hakmarfrance.online\/de\/produit\/cremiger-gazi-joghurt-10-fett\/","url":"https:\/\/hakmarfrance.online\/de\/produit\/cremiger-gazi-joghurt-10-fett\/","name":"Cremiger GAZ\u0130 Joghurt \u2013 10 % Fett - hakmarfrance.online","isPartOf":{"@id":"https:\/\/hakmarfrance.online\/de\/#website"},"primaryImageOfPage":{"@id":"https:\/\/hakmarfrance.online\/de\/produit\/cremiger-gazi-joghurt-10-fett\/#primaryimage"},"image":{"@id":"https:\/\/hakmarfrance.online\/de\/produit\/cremiger-gazi-joghurt-10-fett\/#primaryimage"},"thumbnailUrl":"https:\/\/hakmarfrance.online\/wp-content\/uploads\/2025\/06\/Gazi_yaourt_jaune.avif","datePublished":"2025-06-19T08:15:06+00:00","breadcrumb":{"@id":"https:\/\/hakmarfrance.online\/de\/produit\/cremiger-gazi-joghurt-10-fett\/#breadcrumb"},"inLanguage":"de","potentialAction":[{"@type":"ReadAction","target":["https:\/\/hakmarfrance.online\/de\/produit\/cremiger-gazi-joghurt-10-fett\/"]}]},{"@type":"ImageObject","inLanguage":"de","@id":"https:\/\/hakmarfrance.online\/de\/produit\/cremiger-gazi-joghurt-10-fett\/#primaryimage","url":"https:\/\/hakmarfrance.online\/wp-content\/uploads\/2025\/06\/Gazi_yaourt_jaune.avif","contentUrl":"https:\/\/hakmarfrance.online\/wp-content\/uploads\/2025\/06\/Gazi_yaourt_jaune.avif","width":1000,"height":800},{"@type":"BreadcrumbList","@id":"https:\/\/hakmarfrance.online\/de\/produit\/cremiger-gazi-joghurt-10-fett\/#breadcrumb","itemListElement":[{"@type":"ListItem","position":1,"name":"Accueil","item":"https:\/\/hakmarfrance.online\/de\/"},{"@type":"ListItem","position":2,"name":"Shop","item":"https:\/\/hakmarfrance.online\/de\/shop\/"},{"@type":"ListItem","position":3,"name":"Cremiger GAZ\u0130 Joghurt \u2013 10 % Fett"}]},{"@type":"WebSite","@id":"https:\/\/hakmarfrance.online\/de\/#website","url":"https:\/\/hakmarfrance.online\/de\/","name":"hakmarfrance.online","description":"","publisher":{"@id":"https:\/\/hakmarfrance.online\/de\/#organization"},"potentialAction":[{"@type":"SearchAction","target":{"@type":"EntryPoint","urlTemplate":"https:\/\/hakmarfrance.online\/de\/?s={search_term_string}"},"query-input":{"@type":"PropertyValueSpecification","valueRequired":true,"valueName":"search_term_string"}}],"inLanguage":"de"},{"@type":"Organization","@id":"https:\/\/hakmarfrance.online\/de\/#organization","name":"hakmarfrance.online","url":"https:\/\/hakmarfrance.online\/de\/","logo":{"@type":"ImageObject","inLanguage":"de","@id":"https:\/\/hakmarfrance.online\/de\/#\/schema\/logo\/image\/","url":"https:\/\/hakmarfrance.online\/wp-content\/uploads\/2025\/06\/logo-hakmarfrance.png","contentUrl":"https:\/\/hakmarfrance.online\/wp-content\/uploads\/2025\/06\/logo-hakmarfrance.png","width":528,"height":232,"caption":"hakmarfrance.online"},"image":{"@id":"https:\/\/hakmarfrance.online\/de\/#\/schema\/logo\/image\/"},"sameAs":["https:\/\/www.facebook.com\/HakmarFranceSupermarche\/?locale=fr_FR","https:\/\/www.instagram.com\/hakmarfrancesupermarche\/"]}]}},"_links":{"self":[{"href":"https:\/\/hakmarfrance.online\/de\/wp-json\/wp\/v2\/product\/17745","targetHints":{"allow":["GET"]}}],"collection":[{"href":"https:\/\/hakmarfrance.online\/de\/wp-json\/wp\/v2\/product"}],"about":[{"href":"https:\/\/hakmarfrance.online\/de\/wp-json\/wp\/v2\/types\/product"}],"replies":[{"embeddable":true,"href":"https:\/\/hakmarfrance.online\/de\/wp-json\/wp\/v2\/comments?post=17745"}],"version-history":[{"count":0,"href":"https:\/\/hakmarfrance.online\/de\/wp-json\/wp\/v2\/product\/17745\/revisions"}],"wp:featuredmedia":[{"embeddable":true,"href":"https:\/\/hakmarfrance.online\/de\/wp-json\/wp\/v2\/media\/17746"}],"wp:attachment":[{"href":"https:\/\/hakmarfrance.online\/de\/wp-json\/wp\/v2\/media?parent=17745"}],"wp:term":[{"taxonomy":"product_brand","embeddable":true,"href":"https:\/\/hakmarfrance.online\/de\/wp-json\/wp\/v2\/product_brand?post=17745"},{"taxonomy":"product_cat","embeddable":true,"href":"https:\/\/hakmarfrance.online\/de\/wp-json\/wp\/v2\/product_cat?post=17745"},{"taxonomy":"product_tag","embeddable":true,"href":"https:\/\/hakmarfrance.online\/de\/wp-json\/wp\/v2\/product_tag?post=17745"}],"curies":[{"name":"wp","href":"https:\/\/api.w.org\/{rel}","templated":true}]}}