{"id":17747,"date":"2025-06-19T08:09:00","date_gmt":"2025-06-19T08:09:00","guid":{"rendered":"https:\/\/hakmarfrance.online\/produit\/sohbet-putensalami-mit-paprika-geschnitten-halal-150g\/"},"modified":"2025-06-19T08:09:00","modified_gmt":"2025-06-19T08:09:00","slug":"sohbet-putensalami-mit-paprika-geschnitten-halal-150g","status":"publish","type":"product","link":"https:\/\/hakmarfrance.online\/de\/produit\/sohbet-putensalami-mit-paprika-geschnitten-halal-150g\/","title":{"rendered":"Sohbet Putensalami mit Paprika \u2013 Geschnitten \u2013 Halal \u2013 150g"},"content":{"rendered":"","protected":false},"excerpt":{"rendered":"<p data-start=\"328\" data-end=\"532\">Verleihe deinen Mahlzeiten eine w\u00fcrzige Note mit dem <strong data-start=\"375\" data-end=\"410\">geschnittenen Sohbet Putensalami mit Paprika<\/strong>. Hergestellt aus Putenfleisch und verfeinert mit roten Paprikast\u00fccken, bietet er einen ausgewogenen Geschmack zwischen S\u00fc\u00dfe und W\u00fcrze. <\/p>\n<p data-start=\"534\" data-end=\"692\">\u2714\ufe0f Zertifizierte Halal-Wurstwaren<br data-start=\"564\" data-end=\"567\">\u2714\ufe0f Feine Putenscheiben mit roten Paprika<br data-start=\"613\" data-end=\"616\">\u2714\ufe0f Perfekt f\u00fcr Sandwiches, Salate oder Aperitifs<br data-start=\"664\" data-end=\"667\">\u2714\ufe0f Praktische Packung \u2013 150g<\/p>\n<p data-start=\"694\" data-end=\"788\">Eine Explosion mediterraner Aromen, bereit, jederzeit am Tag genossen zu werden!<\/p>\n","protected":false},"featured_media":17748,"comment_status":"open","ping_status":"closed","template":"","meta":{"iawp_total_views":0},"product_brand":[193],"product_cat":[226,251,269,230,267],"product_tag":[],"class_list":{"0":"post-17747","1":"product","2":"type-product","3":"status-publish","4":"has-post-thumbnail","6":"product_brand-sohbet","7":"product_cat-alle-unsere-produkte","8":"product_cat-fleisch-fisch-feinkost","9":"product_cat-orientalische-lebensmittel","10":"product_cat-traditionelle-turkische-produkte","11":"product_cat-wurstwaren-sucuk-pastirma","13":"first","14":"instock","15":"shipping-taxable","16":"purchasable","17":"product-type-simple"},"yoast_head":"<!-- This site is optimized with the Yoast SEO plugin v27.3 - https:\/\/yoast.com\/product\/yoast-seo-wordpress\/ -->\n<title>Sohbet Putensalami mit Paprika \u2013 Geschnitten \u2013 Halal \u2013 150g - hakmarfrance.online<\/title>\n<meta name=\"robots\" content=\"index, follow, max-snippet:-1, max-image-preview:large, max-video-preview:-1\" \/>\n<link rel=\"canonical\" href=\"https:\/\/hakmarfrance.online\/de\/produit\/sohbet-putensalami-mit-paprika-geschnitten-halal-150g\/\" \/>\n<meta property=\"og:locale\" content=\"de_DE\" \/>\n<meta property=\"og:type\" content=\"article\" \/>\n<meta property=\"og:title\" content=\"Sohbet Putensalami mit Paprika \u2013 Geschnitten \u2013 Halal \u2013 150g - hakmarfrance.online\" \/>\n<meta property=\"og:description\" content=\"Verleihe deinen Mahlzeiten eine w\u00fcrzige Note mit dem geschnittenen Sohbet Putensalami mit Paprika. Hergestellt aus Putenfleisch und verfeinert mit roten Paprikast\u00fccken, bietet er einen ausgewogenen Geschmack zwischen S\u00fc\u00dfe und W\u00fcrze. \u2714\ufe0f Zertifizierte Halal-Wurstwaren\u2714\ufe0f Feine Putenscheiben mit roten Paprika\u2714\ufe0f Perfekt f\u00fcr Sandwiches, Salate oder Aperitifs\u2714\ufe0f Praktische Packung \u2013 150g Eine Explosion mediterraner Aromen, bereit, jederzeit am Tag genossen zu werden!\" \/>\n<meta property=\"og:url\" content=\"https:\/\/hakmarfrance.online\/de\/produit\/sohbet-putensalami-mit-paprika-geschnitten-halal-150g\/\" \/>\n<meta property=\"og:site_name\" content=\"hakmarfrance.online\" \/>\n<meta property=\"article:publisher\" content=\"https:\/\/www.facebook.com\/HakmarFranceSupermarche\/?locale=fr_FR\" \/>\n<meta property=\"og:image\" content=\"https:\/\/hakmarfrance.online\/wp-content\/uploads\/2025\/06\/salam-dinde-tranche-sohbet-piment-biberli-halal.png\" \/>\n\t<meta property=\"og:image:width\" content=\"1000\" \/>\n\t<meta property=\"og:image:height\" content=\"800\" \/>\n\t<meta property=\"og:image:type\" content=\"image\/png\" \/>\n<meta name=\"twitter:card\" content=\"summary_large_image\" \/>\n<script type=\"application\/ld+json\" class=\"yoast-schema-graph\">{\"@context\":\"https:\\\/\\\/schema.org\",\"@graph\":[{\"@type\":\"WebPage\",\"@id\":\"https:\\\/\\\/hakmarfrance.online\\\/de\\\/produit\\\/sohbet-putensalami-mit-paprika-geschnitten-halal-150g\\\/\",\"url\":\"https:\\\/\\\/hakmarfrance.online\\\/de\\\/produit\\\/sohbet-putensalami-mit-paprika-geschnitten-halal-150g\\\/\",\"name\":\"Sohbet Putensalami mit Paprika \u2013 Geschnitten \u2013 Halal \u2013 150g - hakmarfrance.online\",\"isPartOf\":{\"@id\":\"https:\\\/\\\/hakmarfrance.online\\\/de\\\/#website\"},\"primaryImageOfPage\":{\"@id\":\"https:\\\/\\\/hakmarfrance.online\\\/de\\\/produit\\\/sohbet-putensalami-mit-paprika-geschnitten-halal-150g\\\/#primaryimage\"},\"image\":{\"@id\":\"https:\\\/\\\/hakmarfrance.online\\\/de\\\/produit\\\/sohbet-putensalami-mit-paprika-geschnitten-halal-150g\\\/#primaryimage\"},\"thumbnailUrl\":\"https:\\\/\\\/hakmarfrance.online\\\/wp-content\\\/uploads\\\/2025\\\/06\\\/salam-dinde-tranche-sohbet-piment-biberli-halal.png\",\"datePublished\":\"2025-06-19T08:09:00+00:00\",\"breadcrumb\":{\"@id\":\"https:\\\/\\\/hakmarfrance.online\\\/de\\\/produit\\\/sohbet-putensalami-mit-paprika-geschnitten-halal-150g\\\/#breadcrumb\"},\"inLanguage\":\"de\",\"potentialAction\":[{\"@type\":\"ReadAction\",\"target\":[\"https:\\\/\\\/hakmarfrance.online\\\/de\\\/produit\\\/sohbet-putensalami-mit-paprika-geschnitten-halal-150g\\\/\"]}]},{\"@type\":\"ImageObject\",\"inLanguage\":\"de\",\"@id\":\"https:\\\/\\\/hakmarfrance.online\\\/de\\\/produit\\\/sohbet-putensalami-mit-paprika-geschnitten-halal-150g\\\/#primaryimage\",\"url\":\"https:\\\/\\\/hakmarfrance.online\\\/wp-content\\\/uploads\\\/2025\\\/06\\\/salam-dinde-tranche-sohbet-piment-biberli-halal.png\",\"contentUrl\":\"https:\\\/\\\/hakmarfrance.online\\\/wp-content\\\/uploads\\\/2025\\\/06\\\/salam-dinde-tranche-sohbet-piment-biberli-halal.png\",\"width\":1000,\"height\":800},{\"@type\":\"BreadcrumbList\",\"@id\":\"https:\\\/\\\/hakmarfrance.online\\\/de\\\/produit\\\/sohbet-putensalami-mit-paprika-geschnitten-halal-150g\\\/#breadcrumb\",\"itemListElement\":[{\"@type\":\"ListItem\",\"position\":1,\"name\":\"Accueil\",\"item\":\"https:\\\/\\\/hakmarfrance.online\\\/de\\\/\"},{\"@type\":\"ListItem\",\"position\":2,\"name\":\"Shop\",\"item\":\"https:\\\/\\\/hakmarfrance.online\\\/de\\\/shop\\\/\"},{\"@type\":\"ListItem\",\"position\":3,\"name\":\"Sohbet Putensalami mit Paprika \u2013 Geschnitten \u2013 Halal \u2013 150g\"}]},{\"@type\":\"WebSite\",\"@id\":\"https:\\\/\\\/hakmarfrance.online\\\/de\\\/#website\",\"url\":\"https:\\\/\\\/hakmarfrance.online\\\/de\\\/\",\"name\":\"hakmarfrance.online\",\"description\":\"\",\"publisher\":{\"@id\":\"https:\\\/\\\/hakmarfrance.online\\\/de\\\/#organization\"},\"potentialAction\":[{\"@type\":\"SearchAction\",\"target\":{\"@type\":\"EntryPoint\",\"urlTemplate\":\"https:\\\/\\\/hakmarfrance.online\\\/de\\\/?s={search_term_string}\"},\"query-input\":{\"@type\":\"PropertyValueSpecification\",\"valueRequired\":true,\"valueName\":\"search_term_string\"}}],\"inLanguage\":\"de\"},{\"@type\":\"Organization\",\"@id\":\"https:\\\/\\\/hakmarfrance.online\\\/de\\\/#organization\",\"name\":\"hakmarfrance.online\",\"url\":\"https:\\\/\\\/hakmarfrance.online\\\/de\\\/\",\"logo\":{\"@type\":\"ImageObject\",\"inLanguage\":\"de\",\"@id\":\"https:\\\/\\\/hakmarfrance.online\\\/de\\\/#\\\/schema\\\/logo\\\/image\\\/\",\"url\":\"https:\\\/\\\/hakmarfrance.online\\\/wp-content\\\/uploads\\\/2025\\\/06\\\/logo-hakmarfrance.png\",\"contentUrl\":\"https:\\\/\\\/hakmarfrance.online\\\/wp-content\\\/uploads\\\/2025\\\/06\\\/logo-hakmarfrance.png\",\"width\":528,\"height\":232,\"caption\":\"hakmarfrance.online\"},\"image\":{\"@id\":\"https:\\\/\\\/hakmarfrance.online\\\/de\\\/#\\\/schema\\\/logo\\\/image\\\/\"},\"sameAs\":[\"https:\\\/\\\/www.facebook.com\\\/HakmarFranceSupermarche\\\/?locale=fr_FR\",\"https:\\\/\\\/www.instagram.com\\\/hakmarfrancesupermarche\\\/\"]}]}<\/script>\n<!-- \/ Yoast SEO plugin. -->","yoast_head_json":{"title":"Sohbet Putensalami mit Paprika \u2013 Geschnitten \u2013 Halal \u2013 150g - hakmarfrance.online","robots":{"index":"index","follow":"follow","max-snippet":"max-snippet:-1","max-image-preview":"max-image-preview:large","max-video-preview":"max-video-preview:-1"},"canonical":"https:\/\/hakmarfrance.online\/de\/produit\/sohbet-putensalami-mit-paprika-geschnitten-halal-150g\/","og_locale":"de_DE","og_type":"article","og_title":"Sohbet Putensalami mit Paprika \u2013 Geschnitten \u2013 Halal \u2013 150g - hakmarfrance.online","og_description":"Verleihe deinen Mahlzeiten eine w\u00fcrzige Note mit dem geschnittenen Sohbet Putensalami mit Paprika. Hergestellt aus Putenfleisch und verfeinert mit roten Paprikast\u00fccken, bietet er einen ausgewogenen Geschmack zwischen S\u00fc\u00dfe und W\u00fcrze. \u2714\ufe0f Zertifizierte Halal-Wurstwaren\u2714\ufe0f Feine Putenscheiben mit roten Paprika\u2714\ufe0f Perfekt f\u00fcr Sandwiches, Salate oder Aperitifs\u2714\ufe0f Praktische Packung \u2013 150g Eine Explosion mediterraner Aromen, bereit, jederzeit am Tag genossen zu werden!","og_url":"https:\/\/hakmarfrance.online\/de\/produit\/sohbet-putensalami-mit-paprika-geschnitten-halal-150g\/","og_site_name":"hakmarfrance.online","article_publisher":"https:\/\/www.facebook.com\/HakmarFranceSupermarche\/?locale=fr_FR","og_image":[{"width":1000,"height":800,"url":"https:\/\/hakmarfrance.online\/wp-content\/uploads\/2025\/06\/salam-dinde-tranche-sohbet-piment-biberli-halal.png","type":"image\/png"}],"twitter_card":"summary_large_image","schema":{"@context":"https:\/\/schema.org","@graph":[{"@type":"WebPage","@id":"https:\/\/hakmarfrance.online\/de\/produit\/sohbet-putensalami-mit-paprika-geschnitten-halal-150g\/","url":"https:\/\/hakmarfrance.online\/de\/produit\/sohbet-putensalami-mit-paprika-geschnitten-halal-150g\/","name":"Sohbet Putensalami mit Paprika \u2013 Geschnitten \u2013 Halal \u2013 150g - hakmarfrance.online","isPartOf":{"@id":"https:\/\/hakmarfrance.online\/de\/#website"},"primaryImageOfPage":{"@id":"https:\/\/hakmarfrance.online\/de\/produit\/sohbet-putensalami-mit-paprika-geschnitten-halal-150g\/#primaryimage"},"image":{"@id":"https:\/\/hakmarfrance.online\/de\/produit\/sohbet-putensalami-mit-paprika-geschnitten-halal-150g\/#primaryimage"},"thumbnailUrl":"https:\/\/hakmarfrance.online\/wp-content\/uploads\/2025\/06\/salam-dinde-tranche-sohbet-piment-biberli-halal.png","datePublished":"2025-06-19T08:09:00+00:00","breadcrumb":{"@id":"https:\/\/hakmarfrance.online\/de\/produit\/sohbet-putensalami-mit-paprika-geschnitten-halal-150g\/#breadcrumb"},"inLanguage":"de","potentialAction":[{"@type":"ReadAction","target":["https:\/\/hakmarfrance.online\/de\/produit\/sohbet-putensalami-mit-paprika-geschnitten-halal-150g\/"]}]},{"@type":"ImageObject","inLanguage":"de","@id":"https:\/\/hakmarfrance.online\/de\/produit\/sohbet-putensalami-mit-paprika-geschnitten-halal-150g\/#primaryimage","url":"https:\/\/hakmarfrance.online\/wp-content\/uploads\/2025\/06\/salam-dinde-tranche-sohbet-piment-biberli-halal.png","contentUrl":"https:\/\/hakmarfrance.online\/wp-content\/uploads\/2025\/06\/salam-dinde-tranche-sohbet-piment-biberli-halal.png","width":1000,"height":800},{"@type":"BreadcrumbList","@id":"https:\/\/hakmarfrance.online\/de\/produit\/sohbet-putensalami-mit-paprika-geschnitten-halal-150g\/#breadcrumb","itemListElement":[{"@type":"ListItem","position":1,"name":"Accueil","item":"https:\/\/hakmarfrance.online\/de\/"},{"@type":"ListItem","position":2,"name":"Shop","item":"https:\/\/hakmarfrance.online\/de\/shop\/"},{"@type":"ListItem","position":3,"name":"Sohbet Putensalami mit Paprika \u2013 Geschnitten \u2013 Halal \u2013 150g"}]},{"@type":"WebSite","@id":"https:\/\/hakmarfrance.online\/de\/#website","url":"https:\/\/hakmarfrance.online\/de\/","name":"hakmarfrance.online","description":"","publisher":{"@id":"https:\/\/hakmarfrance.online\/de\/#organization"},"potentialAction":[{"@type":"SearchAction","target":{"@type":"EntryPoint","urlTemplate":"https:\/\/hakmarfrance.online\/de\/?s={search_term_string}"},"query-input":{"@type":"PropertyValueSpecification","valueRequired":true,"valueName":"search_term_string"}}],"inLanguage":"de"},{"@type":"Organization","@id":"https:\/\/hakmarfrance.online\/de\/#organization","name":"hakmarfrance.online","url":"https:\/\/hakmarfrance.online\/de\/","logo":{"@type":"ImageObject","inLanguage":"de","@id":"https:\/\/hakmarfrance.online\/de\/#\/schema\/logo\/image\/","url":"https:\/\/hakmarfrance.online\/wp-content\/uploads\/2025\/06\/logo-hakmarfrance.png","contentUrl":"https:\/\/hakmarfrance.online\/wp-content\/uploads\/2025\/06\/logo-hakmarfrance.png","width":528,"height":232,"caption":"hakmarfrance.online"},"image":{"@id":"https:\/\/hakmarfrance.online\/de\/#\/schema\/logo\/image\/"},"sameAs":["https:\/\/www.facebook.com\/HakmarFranceSupermarche\/?locale=fr_FR","https:\/\/www.instagram.com\/hakmarfrancesupermarche\/"]}]}},"_links":{"self":[{"href":"https:\/\/hakmarfrance.online\/de\/wp-json\/wp\/v2\/product\/17747","targetHints":{"allow":["GET"]}}],"collection":[{"href":"https:\/\/hakmarfrance.online\/de\/wp-json\/wp\/v2\/product"}],"about":[{"href":"https:\/\/hakmarfrance.online\/de\/wp-json\/wp\/v2\/types\/product"}],"replies":[{"embeddable":true,"href":"https:\/\/hakmarfrance.online\/de\/wp-json\/wp\/v2\/comments?post=17747"}],"version-history":[{"count":0,"href":"https:\/\/hakmarfrance.online\/de\/wp-json\/wp\/v2\/product\/17747\/revisions"}],"wp:featuredmedia":[{"embeddable":true,"href":"https:\/\/hakmarfrance.online\/de\/wp-json\/wp\/v2\/media\/17748"}],"wp:attachment":[{"href":"https:\/\/hakmarfrance.online\/de\/wp-json\/wp\/v2\/media?parent=17747"}],"wp:term":[{"taxonomy":"product_brand","embeddable":true,"href":"https:\/\/hakmarfrance.online\/de\/wp-json\/wp\/v2\/product_brand?post=17747"},{"taxonomy":"product_cat","embeddable":true,"href":"https:\/\/hakmarfrance.online\/de\/wp-json\/wp\/v2\/product_cat?post=17747"},{"taxonomy":"product_tag","embeddable":true,"href":"https:\/\/hakmarfrance.online\/de\/wp-json\/wp\/v2\/product_tag?post=17747"}],"curies":[{"name":"wp","href":"https:\/\/api.w.org\/{rel}","templated":true}]}}