{"id":17749,"date":"2025-06-19T08:13:38","date_gmt":"2025-06-19T08:13:38","guid":{"rendered":"https:\/\/hakmarfrance.online\/produit\/gazi-naturjoghurt-35-fett\/"},"modified":"2025-06-19T08:13:38","modified_gmt":"2025-06-19T08:13:38","slug":"gazi-naturjoghurt-35-fett","status":"publish","type":"product","link":"https:\/\/hakmarfrance.online\/de\/produit\/gazi-naturjoghurt-35-fett\/","title":{"rendered":"GAZ\u0130 Naturjoghurt \u2013 3,5 % Fett"},"content":{"rendered":"<div class=\"elementor-element elementor-element-bccdace wd-single-title text-left elementor-widget elementor-widget-wd_single_product_title\" data-id=\"bccdace\" data-element_type=\"widget\" data-widget_type=\"wd_single_product_title.default\">\n<div class=\"elementor-widget-container\">\n<h1 class=\"product_title entry-title wd-entities-title\">GAZ\u0130 Naturjoghurt \u2013 3,5 % Fett<\/h1>\n<\/div>\n<\/div>\n<div class=\"elementor-element elementor-element-c066a78 wd-single-short-desc text-left elementor-widget elementor-widget-wd_single_product_short_description\" data-id=\"c066a78\" data-element_type=\"widget\" data-widget_type=\"wd_single_product_short_description.default\">\n<div class=\"elementor-widget-container\">\n<div class=\"woocommerce-product-details__short-description\">\n<p data-start=\"305\" data-end=\"501\">Genie\u00dfe die Cremigkeit des <strong data-start=\"330\" data-end=\"352\">GAZ\u0130 Naturjoghurts<\/strong>, ein Klassiker mit vielf\u00e4ltigen Anwendungsm\u00f6glichkeiten. Ideal als Beilage, zum Kochen oder einfach pur, er bietet dir eine zarte Textur und einen frischen Geschmack. <\/p>\n<p data-start=\"503\" data-end=\"659\">\u2714\ufe0f Naturjoghurt aus pasteurisierter Kuhmilch<br data-start=\"547\" data-end=\"550\">\u2714\ufe0f 3,5 % Fett \u2013 cremige Textur<br data-start=\"595\" data-end=\"598\">\u2714\ufe0f Gro\u00dfz\u00fcgiger 1kg Becher<br data-start=\"620\" data-end=\"623\">\u2714\ufe0f Ohne Zusatzstoffe, ohne Konservierungsstoffe<\/p>\n<p data-start=\"661\" data-end=\"775\">Perfekt als Beilage zu deinen t\u00fcrkischen Gerichten, zum Zubereiten von Saucen oder zum Genie\u00dfen mit einem Schuss Honig zum Fr\u00fchst\u00fcck.<\/p>\n<\/div>\n<\/div>\n<\/div>\n","protected":false},"excerpt":{"rendered":"<p data-start=\"305\" data-end=\"501\">Genie\u00dfe die Cremigkeit des <strong data-start=\"330\" data-end=\"352\">GAZ\u0130 Naturjoghurts<\/strong>, ein Klassiker mit vielf\u00e4ltigen Anwendungsm\u00f6glichkeiten. Ideal als Beilage, zum Kochen oder einfach pur, er bietet dir eine zarte Textur und einen frischen Geschmack. <\/p>\n<p data-start=\"503\" data-end=\"659\">\u2714\ufe0f Naturjoghurt aus pasteurisierter Kuhmilch<br data-start=\"547\" data-end=\"550\">\u2714\ufe0f 3,5 % Fett \u2013 cremige Textur<br data-start=\"595\" data-end=\"598\">\u2714\ufe0f Gro\u00dfz\u00fcgiger 1kg Becher<br data-start=\"620\" data-end=\"623\">\u2714\ufe0f Ohne Zusatzstoffe, ohne Konservierungsstoffe<\/p>\n<p data-start=\"661\" data-end=\"775\">Perfekt als Beilage zu deinen t\u00fcrkischen Gerichten, zum Zubereiten von Saucen oder zum Genie\u00dfen mit einem Schuss Honig zum Fr\u00fchst\u00fcck.<\/p>\n","protected":false},"featured_media":17750,"comment_status":"open","ping_status":"closed","template":"","meta":{"iawp_total_views":0},"product_brand":[174],"product_cat":[226,251,255,269,230],"product_tag":[],"class_list":{"0":"post-17749","1":"product","2":"type-product","3":"status-publish","4":"has-post-thumbnail","6":"product_brand-gazi","7":"product_cat-alle-unsere-produkte","8":"product_cat-fleisch-fisch-feinkost","9":"product_cat-frische-produkte-milchprodukte","10":"product_cat-orientalische-lebensmittel","11":"product_cat-traditionelle-turkische-produkte","13":"first","14":"instock","15":"shipping-taxable","16":"purchasable","17":"product-type-simple"},"yoast_head":"<!-- This site is optimized with the Yoast SEO plugin v27.3 - https:\/\/yoast.com\/product\/yoast-seo-wordpress\/ -->\n<title>GAZ\u0130 Naturjoghurt \u2013 3,5 % Fett - hakmarfrance.online<\/title>\n<meta name=\"robots\" content=\"index, follow, max-snippet:-1, max-image-preview:large, max-video-preview:-1\" \/>\n<link rel=\"canonical\" href=\"https:\/\/hakmarfrance.online\/de\/produit\/gazi-naturjoghurt-35-fett\/\" \/>\n<meta property=\"og:locale\" content=\"de_DE\" \/>\n<meta property=\"og:type\" content=\"article\" \/>\n<meta property=\"og:title\" content=\"GAZ\u0130 Naturjoghurt \u2013 3,5 % Fett - hakmarfrance.online\" \/>\n<meta property=\"og:description\" content=\"Genie\u00dfe die Cremigkeit des GAZ\u0130 Naturjoghurts, ein Klassiker mit vielf\u00e4ltigen Anwendungsm\u00f6glichkeiten. Ideal als Beilage, zum Kochen oder einfach pur, er bietet dir eine zarte Textur und einen frischen Geschmack. \u2714\ufe0f Naturjoghurt aus pasteurisierter Kuhmilch\u2714\ufe0f 3,5 % Fett \u2013 cremige Textur\u2714\ufe0f Gro\u00dfz\u00fcgiger 1kg Becher\u2714\ufe0f Ohne Zusatzstoffe, ohne Konservierungsstoffe Perfekt als Beilage zu deinen t\u00fcrkischen Gerichten, zum Zubereiten von Saucen oder zum Genie\u00dfen mit einem Schuss Honig zum Fr\u00fchst\u00fcck.\" \/>\n<meta property=\"og:url\" content=\"https:\/\/hakmarfrance.online\/de\/produit\/gazi-naturjoghurt-35-fett\/\" \/>\n<meta property=\"og:site_name\" content=\"hakmarfrance.online\" \/>\n<meta property=\"article:publisher\" content=\"https:\/\/www.facebook.com\/HakmarFranceSupermarche\/?locale=fr_FR\" \/>\n<meta property=\"og:image\" content=\"https:\/\/hakmarfrance.online\/wp-content\/uploads\/2025\/06\/Gazi_yaourt.avif\" \/>\n\t<meta property=\"og:image:width\" content=\"1000\" \/>\n\t<meta property=\"og:image:height\" content=\"800\" \/>\n\t<meta property=\"og:image:type\" content=\"image\/png\" \/>\n<meta name=\"twitter:card\" content=\"summary_large_image\" \/>\n<script type=\"application\/ld+json\" class=\"yoast-schema-graph\">{\"@context\":\"https:\\\/\\\/schema.org\",\"@graph\":[{\"@type\":\"WebPage\",\"@id\":\"https:\\\/\\\/hakmarfrance.online\\\/de\\\/produit\\\/gazi-naturjoghurt-35-fett\\\/\",\"url\":\"https:\\\/\\\/hakmarfrance.online\\\/de\\\/produit\\\/gazi-naturjoghurt-35-fett\\\/\",\"name\":\"GAZ\u0130 Naturjoghurt \u2013 3,5 % Fett - hakmarfrance.online\",\"isPartOf\":{\"@id\":\"https:\\\/\\\/hakmarfrance.online\\\/de\\\/#website\"},\"primaryImageOfPage\":{\"@id\":\"https:\\\/\\\/hakmarfrance.online\\\/de\\\/produit\\\/gazi-naturjoghurt-35-fett\\\/#primaryimage\"},\"image\":{\"@id\":\"https:\\\/\\\/hakmarfrance.online\\\/de\\\/produit\\\/gazi-naturjoghurt-35-fett\\\/#primaryimage\"},\"thumbnailUrl\":\"https:\\\/\\\/hakmarfrance.online\\\/wp-content\\\/uploads\\\/2025\\\/06\\\/Gazi_yaourt.avif\",\"datePublished\":\"2025-06-19T08:13:38+00:00\",\"breadcrumb\":{\"@id\":\"https:\\\/\\\/hakmarfrance.online\\\/de\\\/produit\\\/gazi-naturjoghurt-35-fett\\\/#breadcrumb\"},\"inLanguage\":\"de\",\"potentialAction\":[{\"@type\":\"ReadAction\",\"target\":[\"https:\\\/\\\/hakmarfrance.online\\\/de\\\/produit\\\/gazi-naturjoghurt-35-fett\\\/\"]}]},{\"@type\":\"ImageObject\",\"inLanguage\":\"de\",\"@id\":\"https:\\\/\\\/hakmarfrance.online\\\/de\\\/produit\\\/gazi-naturjoghurt-35-fett\\\/#primaryimage\",\"url\":\"https:\\\/\\\/hakmarfrance.online\\\/wp-content\\\/uploads\\\/2025\\\/06\\\/Gazi_yaourt.avif\",\"contentUrl\":\"https:\\\/\\\/hakmarfrance.online\\\/wp-content\\\/uploads\\\/2025\\\/06\\\/Gazi_yaourt.avif\",\"width\":1000,\"height\":800},{\"@type\":\"BreadcrumbList\",\"@id\":\"https:\\\/\\\/hakmarfrance.online\\\/de\\\/produit\\\/gazi-naturjoghurt-35-fett\\\/#breadcrumb\",\"itemListElement\":[{\"@type\":\"ListItem\",\"position\":1,\"name\":\"Accueil\",\"item\":\"https:\\\/\\\/hakmarfrance.online\\\/de\\\/\"},{\"@type\":\"ListItem\",\"position\":2,\"name\":\"Shop\",\"item\":\"https:\\\/\\\/hakmarfrance.online\\\/de\\\/shop\\\/\"},{\"@type\":\"ListItem\",\"position\":3,\"name\":\"GAZ\u0130 Naturjoghurt \u2013 3,5 % Fett\"}]},{\"@type\":\"WebSite\",\"@id\":\"https:\\\/\\\/hakmarfrance.online\\\/de\\\/#website\",\"url\":\"https:\\\/\\\/hakmarfrance.online\\\/de\\\/\",\"name\":\"hakmarfrance.online\",\"description\":\"\",\"publisher\":{\"@id\":\"https:\\\/\\\/hakmarfrance.online\\\/de\\\/#organization\"},\"potentialAction\":[{\"@type\":\"SearchAction\",\"target\":{\"@type\":\"EntryPoint\",\"urlTemplate\":\"https:\\\/\\\/hakmarfrance.online\\\/de\\\/?s={search_term_string}\"},\"query-input\":{\"@type\":\"PropertyValueSpecification\",\"valueRequired\":true,\"valueName\":\"search_term_string\"}}],\"inLanguage\":\"de\"},{\"@type\":\"Organization\",\"@id\":\"https:\\\/\\\/hakmarfrance.online\\\/de\\\/#organization\",\"name\":\"hakmarfrance.online\",\"url\":\"https:\\\/\\\/hakmarfrance.online\\\/de\\\/\",\"logo\":{\"@type\":\"ImageObject\",\"inLanguage\":\"de\",\"@id\":\"https:\\\/\\\/hakmarfrance.online\\\/de\\\/#\\\/schema\\\/logo\\\/image\\\/\",\"url\":\"https:\\\/\\\/hakmarfrance.online\\\/wp-content\\\/uploads\\\/2025\\\/06\\\/logo-hakmarfrance.png\",\"contentUrl\":\"https:\\\/\\\/hakmarfrance.online\\\/wp-content\\\/uploads\\\/2025\\\/06\\\/logo-hakmarfrance.png\",\"width\":528,\"height\":232,\"caption\":\"hakmarfrance.online\"},\"image\":{\"@id\":\"https:\\\/\\\/hakmarfrance.online\\\/de\\\/#\\\/schema\\\/logo\\\/image\\\/\"},\"sameAs\":[\"https:\\\/\\\/www.facebook.com\\\/HakmarFranceSupermarche\\\/?locale=fr_FR\",\"https:\\\/\\\/www.instagram.com\\\/hakmarfrancesupermarche\\\/\"]}]}<\/script>\n<!-- \/ Yoast SEO plugin. -->","yoast_head_json":{"title":"GAZ\u0130 Naturjoghurt \u2013 3,5 % Fett - hakmarfrance.online","robots":{"index":"index","follow":"follow","max-snippet":"max-snippet:-1","max-image-preview":"max-image-preview:large","max-video-preview":"max-video-preview:-1"},"canonical":"https:\/\/hakmarfrance.online\/de\/produit\/gazi-naturjoghurt-35-fett\/","og_locale":"de_DE","og_type":"article","og_title":"GAZ\u0130 Naturjoghurt \u2013 3,5 % Fett - hakmarfrance.online","og_description":"Genie\u00dfe die Cremigkeit des GAZ\u0130 Naturjoghurts, ein Klassiker mit vielf\u00e4ltigen Anwendungsm\u00f6glichkeiten. Ideal als Beilage, zum Kochen oder einfach pur, er bietet dir eine zarte Textur und einen frischen Geschmack. \u2714\ufe0f Naturjoghurt aus pasteurisierter Kuhmilch\u2714\ufe0f 3,5 % Fett \u2013 cremige Textur\u2714\ufe0f Gro\u00dfz\u00fcgiger 1kg Becher\u2714\ufe0f Ohne Zusatzstoffe, ohne Konservierungsstoffe Perfekt als Beilage zu deinen t\u00fcrkischen Gerichten, zum Zubereiten von Saucen oder zum Genie\u00dfen mit einem Schuss Honig zum Fr\u00fchst\u00fcck.","og_url":"https:\/\/hakmarfrance.online\/de\/produit\/gazi-naturjoghurt-35-fett\/","og_site_name":"hakmarfrance.online","article_publisher":"https:\/\/www.facebook.com\/HakmarFranceSupermarche\/?locale=fr_FR","og_image":[{"width":1000,"height":800,"url":"https:\/\/hakmarfrance.online\/wp-content\/uploads\/2025\/06\/Gazi_yaourt.avif","type":"image\/png"}],"twitter_card":"summary_large_image","schema":{"@context":"https:\/\/schema.org","@graph":[{"@type":"WebPage","@id":"https:\/\/hakmarfrance.online\/de\/produit\/gazi-naturjoghurt-35-fett\/","url":"https:\/\/hakmarfrance.online\/de\/produit\/gazi-naturjoghurt-35-fett\/","name":"GAZ\u0130 Naturjoghurt \u2013 3,5 % Fett - hakmarfrance.online","isPartOf":{"@id":"https:\/\/hakmarfrance.online\/de\/#website"},"primaryImageOfPage":{"@id":"https:\/\/hakmarfrance.online\/de\/produit\/gazi-naturjoghurt-35-fett\/#primaryimage"},"image":{"@id":"https:\/\/hakmarfrance.online\/de\/produit\/gazi-naturjoghurt-35-fett\/#primaryimage"},"thumbnailUrl":"https:\/\/hakmarfrance.online\/wp-content\/uploads\/2025\/06\/Gazi_yaourt.avif","datePublished":"2025-06-19T08:13:38+00:00","breadcrumb":{"@id":"https:\/\/hakmarfrance.online\/de\/produit\/gazi-naturjoghurt-35-fett\/#breadcrumb"},"inLanguage":"de","potentialAction":[{"@type":"ReadAction","target":["https:\/\/hakmarfrance.online\/de\/produit\/gazi-naturjoghurt-35-fett\/"]}]},{"@type":"ImageObject","inLanguage":"de","@id":"https:\/\/hakmarfrance.online\/de\/produit\/gazi-naturjoghurt-35-fett\/#primaryimage","url":"https:\/\/hakmarfrance.online\/wp-content\/uploads\/2025\/06\/Gazi_yaourt.avif","contentUrl":"https:\/\/hakmarfrance.online\/wp-content\/uploads\/2025\/06\/Gazi_yaourt.avif","width":1000,"height":800},{"@type":"BreadcrumbList","@id":"https:\/\/hakmarfrance.online\/de\/produit\/gazi-naturjoghurt-35-fett\/#breadcrumb","itemListElement":[{"@type":"ListItem","position":1,"name":"Accueil","item":"https:\/\/hakmarfrance.online\/de\/"},{"@type":"ListItem","position":2,"name":"Shop","item":"https:\/\/hakmarfrance.online\/de\/shop\/"},{"@type":"ListItem","position":3,"name":"GAZ\u0130 Naturjoghurt \u2013 3,5 % Fett"}]},{"@type":"WebSite","@id":"https:\/\/hakmarfrance.online\/de\/#website","url":"https:\/\/hakmarfrance.online\/de\/","name":"hakmarfrance.online","description":"","publisher":{"@id":"https:\/\/hakmarfrance.online\/de\/#organization"},"potentialAction":[{"@type":"SearchAction","target":{"@type":"EntryPoint","urlTemplate":"https:\/\/hakmarfrance.online\/de\/?s={search_term_string}"},"query-input":{"@type":"PropertyValueSpecification","valueRequired":true,"valueName":"search_term_string"}}],"inLanguage":"de"},{"@type":"Organization","@id":"https:\/\/hakmarfrance.online\/de\/#organization","name":"hakmarfrance.online","url":"https:\/\/hakmarfrance.online\/de\/","logo":{"@type":"ImageObject","inLanguage":"de","@id":"https:\/\/hakmarfrance.online\/de\/#\/schema\/logo\/image\/","url":"https:\/\/hakmarfrance.online\/wp-content\/uploads\/2025\/06\/logo-hakmarfrance.png","contentUrl":"https:\/\/hakmarfrance.online\/wp-content\/uploads\/2025\/06\/logo-hakmarfrance.png","width":528,"height":232,"caption":"hakmarfrance.online"},"image":{"@id":"https:\/\/hakmarfrance.online\/de\/#\/schema\/logo\/image\/"},"sameAs":["https:\/\/www.facebook.com\/HakmarFranceSupermarche\/?locale=fr_FR","https:\/\/www.instagram.com\/hakmarfrancesupermarche\/"]}]}},"_links":{"self":[{"href":"https:\/\/hakmarfrance.online\/de\/wp-json\/wp\/v2\/product\/17749","targetHints":{"allow":["GET"]}}],"collection":[{"href":"https:\/\/hakmarfrance.online\/de\/wp-json\/wp\/v2\/product"}],"about":[{"href":"https:\/\/hakmarfrance.online\/de\/wp-json\/wp\/v2\/types\/product"}],"replies":[{"embeddable":true,"href":"https:\/\/hakmarfrance.online\/de\/wp-json\/wp\/v2\/comments?post=17749"}],"version-history":[{"count":0,"href":"https:\/\/hakmarfrance.online\/de\/wp-json\/wp\/v2\/product\/17749\/revisions"}],"wp:featuredmedia":[{"embeddable":true,"href":"https:\/\/hakmarfrance.online\/de\/wp-json\/wp\/v2\/media\/17750"}],"wp:attachment":[{"href":"https:\/\/hakmarfrance.online\/de\/wp-json\/wp\/v2\/media?parent=17749"}],"wp:term":[{"taxonomy":"product_brand","embeddable":true,"href":"https:\/\/hakmarfrance.online\/de\/wp-json\/wp\/v2\/product_brand?post=17749"},{"taxonomy":"product_cat","embeddable":true,"href":"https:\/\/hakmarfrance.online\/de\/wp-json\/wp\/v2\/product_cat?post=17749"},{"taxonomy":"product_tag","embeddable":true,"href":"https:\/\/hakmarfrance.online\/de\/wp-json\/wp\/v2\/product_tag?post=17749"}],"curies":[{"name":"wp","href":"https:\/\/api.w.org\/{rel}","templated":true}]}}