{"id":17753,"date":"2025-06-19T08:06:23","date_gmt":"2025-06-19T08:06:23","guid":{"rendered":"https:\/\/hakmarfrance.online\/produit\/yumurcak-cocktailwuerstchen\/"},"modified":"2025-06-19T08:06:23","modified_gmt":"2025-06-19T08:06:23","slug":"yumurcak-cocktailwuerstchen","status":"publish","type":"product","link":"https:\/\/hakmarfrance.online\/de\/produit\/yumurcak-cocktailwuerstchen\/","title":{"rendered":"Yumurcak Cocktailw\u00fcrstchen"},"content":{"rendered":"","protected":false},"excerpt":{"rendered":"<p data-start=\"322\" data-end=\"539\">Verw\u00f6hne die kleinen Feinschmecker mit den <strong data-start=\"367\" data-end=\"398\">Yumurcak Cocktailw\u00fcrstchen<\/strong>, speziell f\u00fcr Kinder entwickelt. Lecker, zart und <strong data-start=\"463\" data-end=\"483\">halal-zertifiziert<\/strong>, sind sie ideal f\u00fcr schnelle und lustige Mahlzeiten. <\/p>\n<p data-start=\"541\" data-end=\"707\">\u2714\ufe0f Speziell f\u00fcr Kinder \u2013 milder Geschmack und zarte Textur<br data-start=\"592\" data-end=\"595\">\u2714\ufe0f Halal-zertifiziertes Produkt<br data-start=\"620\" data-end=\"623\">\u2714\ufe0f Perfekt f\u00fcr Lunchboxen, Aperitifs oder schnelle Gerichte<br data-start=\"678\" data-end=\"681\">\u2714\ufe0f Praktischer Beutel<\/p>\n<p data-start=\"709\" data-end=\"841\">Ein wahrer Erfolg bei jedem Bissen! Fertig zum Aufw\u00e4rmen, diese kleinen W\u00fcrstchen werden die Kleinsten&#8230; und die Gro\u00dfen begeistern! <\/p>\n","protected":false},"featured_media":17754,"comment_status":"open","ping_status":"closed","template":"","meta":{"iawp_total_views":0},"product_brand":[],"product_cat":[226,251,269,230,267],"product_tag":[],"class_list":{"0":"post-17753","1":"product","2":"type-product","3":"status-publish","4":"has-post-thumbnail","6":"product_cat-alle-unsere-produkte","7":"product_cat-fleisch-fisch-feinkost","8":"product_cat-orientalische-lebensmittel","9":"product_cat-traditionelle-turkische-produkte","10":"product_cat-wurstwaren-sucuk-pastirma","12":"first","13":"instock","14":"shipping-taxable","15":"purchasable","16":"product-type-simple"},"yoast_head":"<!-- This site is optimized with the Yoast SEO plugin v27.3 - https:\/\/yoast.com\/product\/yoast-seo-wordpress\/ -->\n<title>Yumurcak Cocktailw\u00fcrstchen - hakmarfrance.online<\/title>\n<meta name=\"robots\" content=\"index, follow, max-snippet:-1, max-image-preview:large, max-video-preview:-1\" \/>\n<link rel=\"canonical\" href=\"https:\/\/hakmarfrance.online\/de\/produit\/yumurcak-cocktailwuerstchen\/\" \/>\n<meta property=\"og:locale\" content=\"de_DE\" \/>\n<meta property=\"og:type\" content=\"article\" \/>\n<meta property=\"og:title\" content=\"Yumurcak Cocktailw\u00fcrstchen - hakmarfrance.online\" \/>\n<meta property=\"og:description\" content=\"Verw\u00f6hne die kleinen Feinschmecker mit den Yumurcak Cocktailw\u00fcrstchen, speziell f\u00fcr Kinder entwickelt. Lecker, zart und halal-zertifiziert, sind sie ideal f\u00fcr schnelle und lustige Mahlzeiten. \u2714\ufe0f Speziell f\u00fcr Kinder \u2013 milder Geschmack und zarte Textur\u2714\ufe0f Halal-zertifiziertes Produkt\u2714\ufe0f Perfekt f\u00fcr Lunchboxen, Aperitifs oder schnelle Gerichte\u2714\ufe0f Praktischer Beutel Ein wahrer Erfolg bei jedem Bissen! Fertig zum Aufw\u00e4rmen, diese kleinen W\u00fcrstchen werden die Kleinsten... und die Gro\u00dfen begeistern!\" \/>\n<meta property=\"og:url\" content=\"https:\/\/hakmarfrance.online\/de\/produit\/yumurcak-cocktailwuerstchen\/\" \/>\n<meta property=\"og:site_name\" content=\"hakmarfrance.online\" \/>\n<meta property=\"article:publisher\" content=\"https:\/\/www.facebook.com\/HakmarFranceSupermarche\/?locale=fr_FR\" \/>\n<meta property=\"og:image\" content=\"https:\/\/hakmarfrance.online\/wp-content\/uploads\/2025\/06\/saucisses-cocktail-yumurcak-halal.png\" \/>\n\t<meta property=\"og:image:width\" content=\"1000\" \/>\n\t<meta property=\"og:image:height\" content=\"800\" \/>\n\t<meta property=\"og:image:type\" content=\"image\/png\" \/>\n<meta name=\"twitter:card\" content=\"summary_large_image\" \/>\n<script type=\"application\/ld+json\" class=\"yoast-schema-graph\">{\"@context\":\"https:\\\/\\\/schema.org\",\"@graph\":[{\"@type\":\"WebPage\",\"@id\":\"https:\\\/\\\/hakmarfrance.online\\\/de\\\/produit\\\/yumurcak-cocktailwuerstchen\\\/\",\"url\":\"https:\\\/\\\/hakmarfrance.online\\\/de\\\/produit\\\/yumurcak-cocktailwuerstchen\\\/\",\"name\":\"Yumurcak Cocktailw\u00fcrstchen - hakmarfrance.online\",\"isPartOf\":{\"@id\":\"https:\\\/\\\/hakmarfrance.online\\\/de\\\/#website\"},\"primaryImageOfPage\":{\"@id\":\"https:\\\/\\\/hakmarfrance.online\\\/de\\\/produit\\\/yumurcak-cocktailwuerstchen\\\/#primaryimage\"},\"image\":{\"@id\":\"https:\\\/\\\/hakmarfrance.online\\\/de\\\/produit\\\/yumurcak-cocktailwuerstchen\\\/#primaryimage\"},\"thumbnailUrl\":\"https:\\\/\\\/hakmarfrance.online\\\/wp-content\\\/uploads\\\/2025\\\/06\\\/saucisses-cocktail-yumurcak-halal.png\",\"datePublished\":\"2025-06-19T08:06:23+00:00\",\"breadcrumb\":{\"@id\":\"https:\\\/\\\/hakmarfrance.online\\\/de\\\/produit\\\/yumurcak-cocktailwuerstchen\\\/#breadcrumb\"},\"inLanguage\":\"de\",\"potentialAction\":[{\"@type\":\"ReadAction\",\"target\":[\"https:\\\/\\\/hakmarfrance.online\\\/de\\\/produit\\\/yumurcak-cocktailwuerstchen\\\/\"]}]},{\"@type\":\"ImageObject\",\"inLanguage\":\"de\",\"@id\":\"https:\\\/\\\/hakmarfrance.online\\\/de\\\/produit\\\/yumurcak-cocktailwuerstchen\\\/#primaryimage\",\"url\":\"https:\\\/\\\/hakmarfrance.online\\\/wp-content\\\/uploads\\\/2025\\\/06\\\/saucisses-cocktail-yumurcak-halal.png\",\"contentUrl\":\"https:\\\/\\\/hakmarfrance.online\\\/wp-content\\\/uploads\\\/2025\\\/06\\\/saucisses-cocktail-yumurcak-halal.png\",\"width\":1000,\"height\":800},{\"@type\":\"BreadcrumbList\",\"@id\":\"https:\\\/\\\/hakmarfrance.online\\\/de\\\/produit\\\/yumurcak-cocktailwuerstchen\\\/#breadcrumb\",\"itemListElement\":[{\"@type\":\"ListItem\",\"position\":1,\"name\":\"Accueil\",\"item\":\"https:\\\/\\\/hakmarfrance.online\\\/de\\\/\"},{\"@type\":\"ListItem\",\"position\":2,\"name\":\"Shop\",\"item\":\"https:\\\/\\\/hakmarfrance.online\\\/de\\\/shop\\\/\"},{\"@type\":\"ListItem\",\"position\":3,\"name\":\"Yumurcak Cocktailw\u00fcrstchen\"}]},{\"@type\":\"WebSite\",\"@id\":\"https:\\\/\\\/hakmarfrance.online\\\/de\\\/#website\",\"url\":\"https:\\\/\\\/hakmarfrance.online\\\/de\\\/\",\"name\":\"hakmarfrance.online\",\"description\":\"\",\"publisher\":{\"@id\":\"https:\\\/\\\/hakmarfrance.online\\\/de\\\/#organization\"},\"potentialAction\":[{\"@type\":\"SearchAction\",\"target\":{\"@type\":\"EntryPoint\",\"urlTemplate\":\"https:\\\/\\\/hakmarfrance.online\\\/de\\\/?s={search_term_string}\"},\"query-input\":{\"@type\":\"PropertyValueSpecification\",\"valueRequired\":true,\"valueName\":\"search_term_string\"}}],\"inLanguage\":\"de\"},{\"@type\":\"Organization\",\"@id\":\"https:\\\/\\\/hakmarfrance.online\\\/de\\\/#organization\",\"name\":\"hakmarfrance.online\",\"url\":\"https:\\\/\\\/hakmarfrance.online\\\/de\\\/\",\"logo\":{\"@type\":\"ImageObject\",\"inLanguage\":\"de\",\"@id\":\"https:\\\/\\\/hakmarfrance.online\\\/de\\\/#\\\/schema\\\/logo\\\/image\\\/\",\"url\":\"https:\\\/\\\/hakmarfrance.online\\\/wp-content\\\/uploads\\\/2025\\\/06\\\/logo-hakmarfrance.png\",\"contentUrl\":\"https:\\\/\\\/hakmarfrance.online\\\/wp-content\\\/uploads\\\/2025\\\/06\\\/logo-hakmarfrance.png\",\"width\":528,\"height\":232,\"caption\":\"hakmarfrance.online\"},\"image\":{\"@id\":\"https:\\\/\\\/hakmarfrance.online\\\/de\\\/#\\\/schema\\\/logo\\\/image\\\/\"},\"sameAs\":[\"https:\\\/\\\/www.facebook.com\\\/HakmarFranceSupermarche\\\/?locale=fr_FR\",\"https:\\\/\\\/www.instagram.com\\\/hakmarfrancesupermarche\\\/\"]}]}<\/script>\n<!-- \/ Yoast SEO plugin. -->","yoast_head_json":{"title":"Yumurcak Cocktailw\u00fcrstchen - hakmarfrance.online","robots":{"index":"index","follow":"follow","max-snippet":"max-snippet:-1","max-image-preview":"max-image-preview:large","max-video-preview":"max-video-preview:-1"},"canonical":"https:\/\/hakmarfrance.online\/de\/produit\/yumurcak-cocktailwuerstchen\/","og_locale":"de_DE","og_type":"article","og_title":"Yumurcak Cocktailw\u00fcrstchen - hakmarfrance.online","og_description":"Verw\u00f6hne die kleinen Feinschmecker mit den Yumurcak Cocktailw\u00fcrstchen, speziell f\u00fcr Kinder entwickelt. Lecker, zart und halal-zertifiziert, sind sie ideal f\u00fcr schnelle und lustige Mahlzeiten. \u2714\ufe0f Speziell f\u00fcr Kinder \u2013 milder Geschmack und zarte Textur\u2714\ufe0f Halal-zertifiziertes Produkt\u2714\ufe0f Perfekt f\u00fcr Lunchboxen, Aperitifs oder schnelle Gerichte\u2714\ufe0f Praktischer Beutel Ein wahrer Erfolg bei jedem Bissen! Fertig zum Aufw\u00e4rmen, diese kleinen W\u00fcrstchen werden die Kleinsten... und die Gro\u00dfen begeistern!","og_url":"https:\/\/hakmarfrance.online\/de\/produit\/yumurcak-cocktailwuerstchen\/","og_site_name":"hakmarfrance.online","article_publisher":"https:\/\/www.facebook.com\/HakmarFranceSupermarche\/?locale=fr_FR","og_image":[{"width":1000,"height":800,"url":"https:\/\/hakmarfrance.online\/wp-content\/uploads\/2025\/06\/saucisses-cocktail-yumurcak-halal.png","type":"image\/png"}],"twitter_card":"summary_large_image","schema":{"@context":"https:\/\/schema.org","@graph":[{"@type":"WebPage","@id":"https:\/\/hakmarfrance.online\/de\/produit\/yumurcak-cocktailwuerstchen\/","url":"https:\/\/hakmarfrance.online\/de\/produit\/yumurcak-cocktailwuerstchen\/","name":"Yumurcak Cocktailw\u00fcrstchen - hakmarfrance.online","isPartOf":{"@id":"https:\/\/hakmarfrance.online\/de\/#website"},"primaryImageOfPage":{"@id":"https:\/\/hakmarfrance.online\/de\/produit\/yumurcak-cocktailwuerstchen\/#primaryimage"},"image":{"@id":"https:\/\/hakmarfrance.online\/de\/produit\/yumurcak-cocktailwuerstchen\/#primaryimage"},"thumbnailUrl":"https:\/\/hakmarfrance.online\/wp-content\/uploads\/2025\/06\/saucisses-cocktail-yumurcak-halal.png","datePublished":"2025-06-19T08:06:23+00:00","breadcrumb":{"@id":"https:\/\/hakmarfrance.online\/de\/produit\/yumurcak-cocktailwuerstchen\/#breadcrumb"},"inLanguage":"de","potentialAction":[{"@type":"ReadAction","target":["https:\/\/hakmarfrance.online\/de\/produit\/yumurcak-cocktailwuerstchen\/"]}]},{"@type":"ImageObject","inLanguage":"de","@id":"https:\/\/hakmarfrance.online\/de\/produit\/yumurcak-cocktailwuerstchen\/#primaryimage","url":"https:\/\/hakmarfrance.online\/wp-content\/uploads\/2025\/06\/saucisses-cocktail-yumurcak-halal.png","contentUrl":"https:\/\/hakmarfrance.online\/wp-content\/uploads\/2025\/06\/saucisses-cocktail-yumurcak-halal.png","width":1000,"height":800},{"@type":"BreadcrumbList","@id":"https:\/\/hakmarfrance.online\/de\/produit\/yumurcak-cocktailwuerstchen\/#breadcrumb","itemListElement":[{"@type":"ListItem","position":1,"name":"Accueil","item":"https:\/\/hakmarfrance.online\/de\/"},{"@type":"ListItem","position":2,"name":"Shop","item":"https:\/\/hakmarfrance.online\/de\/shop\/"},{"@type":"ListItem","position":3,"name":"Yumurcak Cocktailw\u00fcrstchen"}]},{"@type":"WebSite","@id":"https:\/\/hakmarfrance.online\/de\/#website","url":"https:\/\/hakmarfrance.online\/de\/","name":"hakmarfrance.online","description":"","publisher":{"@id":"https:\/\/hakmarfrance.online\/de\/#organization"},"potentialAction":[{"@type":"SearchAction","target":{"@type":"EntryPoint","urlTemplate":"https:\/\/hakmarfrance.online\/de\/?s={search_term_string}"},"query-input":{"@type":"PropertyValueSpecification","valueRequired":true,"valueName":"search_term_string"}}],"inLanguage":"de"},{"@type":"Organization","@id":"https:\/\/hakmarfrance.online\/de\/#organization","name":"hakmarfrance.online","url":"https:\/\/hakmarfrance.online\/de\/","logo":{"@type":"ImageObject","inLanguage":"de","@id":"https:\/\/hakmarfrance.online\/de\/#\/schema\/logo\/image\/","url":"https:\/\/hakmarfrance.online\/wp-content\/uploads\/2025\/06\/logo-hakmarfrance.png","contentUrl":"https:\/\/hakmarfrance.online\/wp-content\/uploads\/2025\/06\/logo-hakmarfrance.png","width":528,"height":232,"caption":"hakmarfrance.online"},"image":{"@id":"https:\/\/hakmarfrance.online\/de\/#\/schema\/logo\/image\/"},"sameAs":["https:\/\/www.facebook.com\/HakmarFranceSupermarche\/?locale=fr_FR","https:\/\/www.instagram.com\/hakmarfrancesupermarche\/"]}]}},"_links":{"self":[{"href":"https:\/\/hakmarfrance.online\/de\/wp-json\/wp\/v2\/product\/17753","targetHints":{"allow":["GET"]}}],"collection":[{"href":"https:\/\/hakmarfrance.online\/de\/wp-json\/wp\/v2\/product"}],"about":[{"href":"https:\/\/hakmarfrance.online\/de\/wp-json\/wp\/v2\/types\/product"}],"replies":[{"embeddable":true,"href":"https:\/\/hakmarfrance.online\/de\/wp-json\/wp\/v2\/comments?post=17753"}],"version-history":[{"count":0,"href":"https:\/\/hakmarfrance.online\/de\/wp-json\/wp\/v2\/product\/17753\/revisions"}],"wp:featuredmedia":[{"embeddable":true,"href":"https:\/\/hakmarfrance.online\/de\/wp-json\/wp\/v2\/media\/17754"}],"wp:attachment":[{"href":"https:\/\/hakmarfrance.online\/de\/wp-json\/wp\/v2\/media?parent=17753"}],"wp:term":[{"taxonomy":"product_brand","embeddable":true,"href":"https:\/\/hakmarfrance.online\/de\/wp-json\/wp\/v2\/product_brand?post=17753"},{"taxonomy":"product_cat","embeddable":true,"href":"https:\/\/hakmarfrance.online\/de\/wp-json\/wp\/v2\/product_cat?post=17753"},{"taxonomy":"product_tag","embeddable":true,"href":"https:\/\/hakmarfrance.online\/de\/wp-json\/wp\/v2\/product_tag?post=17753"}],"curies":[{"name":"wp","href":"https:\/\/api.w.org\/{rel}","templated":true}]}}