{"id":17761,"date":"2025-06-19T07:58:48","date_gmt":"2025-06-19T07:58:48","guid":{"rendered":"https:\/\/hakmarfrance.online\/produit\/beyaz-peynir-gazi-kaese-laktosefrei-800g\/"},"modified":"2025-06-19T07:58:48","modified_gmt":"2025-06-19T07:58:48","slug":"beyaz-peynir-gazi-kaese-laktosefrei-800g","status":"publish","type":"product","link":"https:\/\/hakmarfrance.online\/de\/produit\/beyaz-peynir-gazi-kaese-laktosefrei-800g\/","title":{"rendered":"Beyaz Peynir GAZ\u0130 K\u00e4se \u2013 Laktosefrei \u2013 800g"},"content":{"rendered":"","protected":false},"excerpt":{"rendered":"<p data-start=\"301\" data-end=\"478\">Genie\u00dfe die Authentizit\u00e4t des <strong data-start=\"328\" data-end=\"357\">Beyaz Peynir GAZ\u0130 K\u00e4ses<\/strong>, eines traditionellen Schafsk\u00e4ses, geschmacksintensiv und <strong data-start=\"411\" data-end=\"427\">laktosefrei<\/strong>, f\u00fcr den Genuss aller, auch der Empfindlichsten.<\/p>\n<p data-start=\"480\" data-end=\"638\">\u2714\ufe0f Traditioneller t\u00fcrkischer K\u00e4se mit 55 % Fett<br data-start=\"533\" data-end=\"536\">\u2714\ufe0f Laktosefrei \u2013 ideal f\u00fcr Intolerante<br data-start=\"580\" data-end=\"583\">\u2714\ufe0f Feste und zartschmelzende Textur<br data-start=\"611\" data-end=\"614\">\u2714\ufe0f Praktische Packung \u2013 800g<\/p>\n<p data-start=\"640\" data-end=\"765\">Perfekt f\u00fcr Salate, B\u00f6rek oder einfach mit frischem Brot genie\u00dfen. <strong data-start=\"722\" data-end=\"765\">Ein einzigartiger Geschmack, maximale Vertr\u00e4glichkeit.<\/strong><\/p>\n","protected":false},"featured_media":17762,"comment_status":"open","ping_status":"closed","template":"","meta":{"iawp_total_views":0},"product_brand":[174],"product_cat":[226,251,255,269,230],"product_tag":[],"class_list":{"0":"post-17761","1":"product","2":"type-product","3":"status-publish","4":"has-post-thumbnail","6":"product_brand-gazi","7":"product_cat-alle-unsere-produkte","8":"product_cat-fleisch-fisch-feinkost","9":"product_cat-frische-produkte-milchprodukte","10":"product_cat-orientalische-lebensmittel","11":"product_cat-traditionelle-turkische-produkte","13":"first","14":"instock","15":"shipping-taxable","16":"purchasable","17":"product-type-simple"},"yoast_head":"<!-- This site is optimized with the Yoast SEO plugin v27.3 - https:\/\/yoast.com\/product\/yoast-seo-wordpress\/ -->\n<title>Beyaz Peynir GAZ\u0130 K\u00e4se \u2013 Laktosefrei \u2013 800g - hakmarfrance.online<\/title>\n<meta name=\"robots\" content=\"index, follow, max-snippet:-1, max-image-preview:large, max-video-preview:-1\" \/>\n<link rel=\"canonical\" href=\"https:\/\/hakmarfrance.online\/de\/produit\/beyaz-peynir-gazi-kaese-laktosefrei-800g\/\" \/>\n<meta property=\"og:locale\" content=\"de_DE\" \/>\n<meta property=\"og:type\" content=\"article\" \/>\n<meta property=\"og:title\" content=\"Beyaz Peynir GAZ\u0130 K\u00e4se \u2013 Laktosefrei \u2013 800g - hakmarfrance.online\" \/>\n<meta property=\"og:description\" content=\"Genie\u00dfe die Authentizit\u00e4t des Beyaz Peynir GAZ\u0130 K\u00e4ses, eines traditionellen Schafsk\u00e4ses, geschmacksintensiv und laktosefrei, f\u00fcr den Genuss aller, auch der Empfindlichsten. \u2714\ufe0f Traditioneller t\u00fcrkischer K\u00e4se mit 55 % Fett\u2714\ufe0f Laktosefrei \u2013 ideal f\u00fcr Intolerante\u2714\ufe0f Feste und zartschmelzende Textur\u2714\ufe0f Praktische Packung \u2013 800g Perfekt f\u00fcr Salate, B\u00f6rek oder einfach mit frischem Brot genie\u00dfen. Ein einzigartiger Geschmack, maximale Vertr\u00e4glichkeit.\" \/>\n<meta property=\"og:url\" content=\"https:\/\/hakmarfrance.online\/de\/produit\/beyaz-peynir-gazi-kaese-laktosefrei-800g\/\" \/>\n<meta property=\"og:site_name\" content=\"hakmarfrance.online\" \/>\n<meta property=\"article:publisher\" content=\"https:\/\/www.facebook.com\/HakmarFranceSupermarche\/?locale=fr_FR\" \/>\n<meta property=\"og:image\" content=\"https:\/\/hakmarfrance.online\/wp-content\/uploads\/2025\/06\/fromage-beyaz-peynir-gazi-sans-lactose.png\" \/>\n\t<meta property=\"og:image:width\" content=\"1000\" \/>\n\t<meta property=\"og:image:height\" content=\"800\" \/>\n\t<meta property=\"og:image:type\" content=\"image\/png\" \/>\n<meta name=\"twitter:card\" content=\"summary_large_image\" \/>\n<script type=\"application\/ld+json\" class=\"yoast-schema-graph\">{\"@context\":\"https:\\\/\\\/schema.org\",\"@graph\":[{\"@type\":\"WebPage\",\"@id\":\"https:\\\/\\\/hakmarfrance.online\\\/de\\\/produit\\\/beyaz-peynir-gazi-kaese-laktosefrei-800g\\\/\",\"url\":\"https:\\\/\\\/hakmarfrance.online\\\/de\\\/produit\\\/beyaz-peynir-gazi-kaese-laktosefrei-800g\\\/\",\"name\":\"Beyaz Peynir GAZ\u0130 K\u00e4se \u2013 Laktosefrei \u2013 800g - hakmarfrance.online\",\"isPartOf\":{\"@id\":\"https:\\\/\\\/hakmarfrance.online\\\/de\\\/#website\"},\"primaryImageOfPage\":{\"@id\":\"https:\\\/\\\/hakmarfrance.online\\\/de\\\/produit\\\/beyaz-peynir-gazi-kaese-laktosefrei-800g\\\/#primaryimage\"},\"image\":{\"@id\":\"https:\\\/\\\/hakmarfrance.online\\\/de\\\/produit\\\/beyaz-peynir-gazi-kaese-laktosefrei-800g\\\/#primaryimage\"},\"thumbnailUrl\":\"https:\\\/\\\/hakmarfrance.online\\\/wp-content\\\/uploads\\\/2025\\\/06\\\/fromage-beyaz-peynir-gazi-sans-lactose.png\",\"datePublished\":\"2025-06-19T07:58:48+00:00\",\"breadcrumb\":{\"@id\":\"https:\\\/\\\/hakmarfrance.online\\\/de\\\/produit\\\/beyaz-peynir-gazi-kaese-laktosefrei-800g\\\/#breadcrumb\"},\"inLanguage\":\"de\",\"potentialAction\":[{\"@type\":\"ReadAction\",\"target\":[\"https:\\\/\\\/hakmarfrance.online\\\/de\\\/produit\\\/beyaz-peynir-gazi-kaese-laktosefrei-800g\\\/\"]}]},{\"@type\":\"ImageObject\",\"inLanguage\":\"de\",\"@id\":\"https:\\\/\\\/hakmarfrance.online\\\/de\\\/produit\\\/beyaz-peynir-gazi-kaese-laktosefrei-800g\\\/#primaryimage\",\"url\":\"https:\\\/\\\/hakmarfrance.online\\\/wp-content\\\/uploads\\\/2025\\\/06\\\/fromage-beyaz-peynir-gazi-sans-lactose.png\",\"contentUrl\":\"https:\\\/\\\/hakmarfrance.online\\\/wp-content\\\/uploads\\\/2025\\\/06\\\/fromage-beyaz-peynir-gazi-sans-lactose.png\",\"width\":1000,\"height\":800},{\"@type\":\"BreadcrumbList\",\"@id\":\"https:\\\/\\\/hakmarfrance.online\\\/de\\\/produit\\\/beyaz-peynir-gazi-kaese-laktosefrei-800g\\\/#breadcrumb\",\"itemListElement\":[{\"@type\":\"ListItem\",\"position\":1,\"name\":\"Accueil\",\"item\":\"https:\\\/\\\/hakmarfrance.online\\\/de\\\/\"},{\"@type\":\"ListItem\",\"position\":2,\"name\":\"Shop\",\"item\":\"https:\\\/\\\/hakmarfrance.online\\\/de\\\/shop\\\/\"},{\"@type\":\"ListItem\",\"position\":3,\"name\":\"Beyaz Peynir GAZ\u0130 K\u00e4se \u2013 Laktosefrei \u2013 800g\"}]},{\"@type\":\"WebSite\",\"@id\":\"https:\\\/\\\/hakmarfrance.online\\\/de\\\/#website\",\"url\":\"https:\\\/\\\/hakmarfrance.online\\\/de\\\/\",\"name\":\"hakmarfrance.online\",\"description\":\"\",\"publisher\":{\"@id\":\"https:\\\/\\\/hakmarfrance.online\\\/de\\\/#organization\"},\"potentialAction\":[{\"@type\":\"SearchAction\",\"target\":{\"@type\":\"EntryPoint\",\"urlTemplate\":\"https:\\\/\\\/hakmarfrance.online\\\/de\\\/?s={search_term_string}\"},\"query-input\":{\"@type\":\"PropertyValueSpecification\",\"valueRequired\":true,\"valueName\":\"search_term_string\"}}],\"inLanguage\":\"de\"},{\"@type\":\"Organization\",\"@id\":\"https:\\\/\\\/hakmarfrance.online\\\/de\\\/#organization\",\"name\":\"hakmarfrance.online\",\"url\":\"https:\\\/\\\/hakmarfrance.online\\\/de\\\/\",\"logo\":{\"@type\":\"ImageObject\",\"inLanguage\":\"de\",\"@id\":\"https:\\\/\\\/hakmarfrance.online\\\/de\\\/#\\\/schema\\\/logo\\\/image\\\/\",\"url\":\"https:\\\/\\\/hakmarfrance.online\\\/wp-content\\\/uploads\\\/2025\\\/06\\\/logo-hakmarfrance.png\",\"contentUrl\":\"https:\\\/\\\/hakmarfrance.online\\\/wp-content\\\/uploads\\\/2025\\\/06\\\/logo-hakmarfrance.png\",\"width\":528,\"height\":232,\"caption\":\"hakmarfrance.online\"},\"image\":{\"@id\":\"https:\\\/\\\/hakmarfrance.online\\\/de\\\/#\\\/schema\\\/logo\\\/image\\\/\"},\"sameAs\":[\"https:\\\/\\\/www.facebook.com\\\/HakmarFranceSupermarche\\\/?locale=fr_FR\",\"https:\\\/\\\/www.instagram.com\\\/hakmarfrancesupermarche\\\/\"]}]}<\/script>\n<!-- \/ Yoast SEO plugin. -->","yoast_head_json":{"title":"Beyaz Peynir GAZ\u0130 K\u00e4se \u2013 Laktosefrei \u2013 800g - hakmarfrance.online","robots":{"index":"index","follow":"follow","max-snippet":"max-snippet:-1","max-image-preview":"max-image-preview:large","max-video-preview":"max-video-preview:-1"},"canonical":"https:\/\/hakmarfrance.online\/de\/produit\/beyaz-peynir-gazi-kaese-laktosefrei-800g\/","og_locale":"de_DE","og_type":"article","og_title":"Beyaz Peynir GAZ\u0130 K\u00e4se \u2013 Laktosefrei \u2013 800g - hakmarfrance.online","og_description":"Genie\u00dfe die Authentizit\u00e4t des Beyaz Peynir GAZ\u0130 K\u00e4ses, eines traditionellen Schafsk\u00e4ses, geschmacksintensiv und laktosefrei, f\u00fcr den Genuss aller, auch der Empfindlichsten. \u2714\ufe0f Traditioneller t\u00fcrkischer K\u00e4se mit 55 % Fett\u2714\ufe0f Laktosefrei \u2013 ideal f\u00fcr Intolerante\u2714\ufe0f Feste und zartschmelzende Textur\u2714\ufe0f Praktische Packung \u2013 800g Perfekt f\u00fcr Salate, B\u00f6rek oder einfach mit frischem Brot genie\u00dfen. Ein einzigartiger Geschmack, maximale Vertr\u00e4glichkeit.","og_url":"https:\/\/hakmarfrance.online\/de\/produit\/beyaz-peynir-gazi-kaese-laktosefrei-800g\/","og_site_name":"hakmarfrance.online","article_publisher":"https:\/\/www.facebook.com\/HakmarFranceSupermarche\/?locale=fr_FR","og_image":[{"width":1000,"height":800,"url":"https:\/\/hakmarfrance.online\/wp-content\/uploads\/2025\/06\/fromage-beyaz-peynir-gazi-sans-lactose.png","type":"image\/png"}],"twitter_card":"summary_large_image","schema":{"@context":"https:\/\/schema.org","@graph":[{"@type":"WebPage","@id":"https:\/\/hakmarfrance.online\/de\/produit\/beyaz-peynir-gazi-kaese-laktosefrei-800g\/","url":"https:\/\/hakmarfrance.online\/de\/produit\/beyaz-peynir-gazi-kaese-laktosefrei-800g\/","name":"Beyaz Peynir GAZ\u0130 K\u00e4se \u2013 Laktosefrei \u2013 800g - hakmarfrance.online","isPartOf":{"@id":"https:\/\/hakmarfrance.online\/de\/#website"},"primaryImageOfPage":{"@id":"https:\/\/hakmarfrance.online\/de\/produit\/beyaz-peynir-gazi-kaese-laktosefrei-800g\/#primaryimage"},"image":{"@id":"https:\/\/hakmarfrance.online\/de\/produit\/beyaz-peynir-gazi-kaese-laktosefrei-800g\/#primaryimage"},"thumbnailUrl":"https:\/\/hakmarfrance.online\/wp-content\/uploads\/2025\/06\/fromage-beyaz-peynir-gazi-sans-lactose.png","datePublished":"2025-06-19T07:58:48+00:00","breadcrumb":{"@id":"https:\/\/hakmarfrance.online\/de\/produit\/beyaz-peynir-gazi-kaese-laktosefrei-800g\/#breadcrumb"},"inLanguage":"de","potentialAction":[{"@type":"ReadAction","target":["https:\/\/hakmarfrance.online\/de\/produit\/beyaz-peynir-gazi-kaese-laktosefrei-800g\/"]}]},{"@type":"ImageObject","inLanguage":"de","@id":"https:\/\/hakmarfrance.online\/de\/produit\/beyaz-peynir-gazi-kaese-laktosefrei-800g\/#primaryimage","url":"https:\/\/hakmarfrance.online\/wp-content\/uploads\/2025\/06\/fromage-beyaz-peynir-gazi-sans-lactose.png","contentUrl":"https:\/\/hakmarfrance.online\/wp-content\/uploads\/2025\/06\/fromage-beyaz-peynir-gazi-sans-lactose.png","width":1000,"height":800},{"@type":"BreadcrumbList","@id":"https:\/\/hakmarfrance.online\/de\/produit\/beyaz-peynir-gazi-kaese-laktosefrei-800g\/#breadcrumb","itemListElement":[{"@type":"ListItem","position":1,"name":"Accueil","item":"https:\/\/hakmarfrance.online\/de\/"},{"@type":"ListItem","position":2,"name":"Shop","item":"https:\/\/hakmarfrance.online\/de\/shop\/"},{"@type":"ListItem","position":3,"name":"Beyaz Peynir GAZ\u0130 K\u00e4se \u2013 Laktosefrei \u2013 800g"}]},{"@type":"WebSite","@id":"https:\/\/hakmarfrance.online\/de\/#website","url":"https:\/\/hakmarfrance.online\/de\/","name":"hakmarfrance.online","description":"","publisher":{"@id":"https:\/\/hakmarfrance.online\/de\/#organization"},"potentialAction":[{"@type":"SearchAction","target":{"@type":"EntryPoint","urlTemplate":"https:\/\/hakmarfrance.online\/de\/?s={search_term_string}"},"query-input":{"@type":"PropertyValueSpecification","valueRequired":true,"valueName":"search_term_string"}}],"inLanguage":"de"},{"@type":"Organization","@id":"https:\/\/hakmarfrance.online\/de\/#organization","name":"hakmarfrance.online","url":"https:\/\/hakmarfrance.online\/de\/","logo":{"@type":"ImageObject","inLanguage":"de","@id":"https:\/\/hakmarfrance.online\/de\/#\/schema\/logo\/image\/","url":"https:\/\/hakmarfrance.online\/wp-content\/uploads\/2025\/06\/logo-hakmarfrance.png","contentUrl":"https:\/\/hakmarfrance.online\/wp-content\/uploads\/2025\/06\/logo-hakmarfrance.png","width":528,"height":232,"caption":"hakmarfrance.online"},"image":{"@id":"https:\/\/hakmarfrance.online\/de\/#\/schema\/logo\/image\/"},"sameAs":["https:\/\/www.facebook.com\/HakmarFranceSupermarche\/?locale=fr_FR","https:\/\/www.instagram.com\/hakmarfrancesupermarche\/"]}]}},"_links":{"self":[{"href":"https:\/\/hakmarfrance.online\/de\/wp-json\/wp\/v2\/product\/17761","targetHints":{"allow":["GET"]}}],"collection":[{"href":"https:\/\/hakmarfrance.online\/de\/wp-json\/wp\/v2\/product"}],"about":[{"href":"https:\/\/hakmarfrance.online\/de\/wp-json\/wp\/v2\/types\/product"}],"replies":[{"embeddable":true,"href":"https:\/\/hakmarfrance.online\/de\/wp-json\/wp\/v2\/comments?post=17761"}],"version-history":[{"count":0,"href":"https:\/\/hakmarfrance.online\/de\/wp-json\/wp\/v2\/product\/17761\/revisions"}],"wp:featuredmedia":[{"embeddable":true,"href":"https:\/\/hakmarfrance.online\/de\/wp-json\/wp\/v2\/media\/17762"}],"wp:attachment":[{"href":"https:\/\/hakmarfrance.online\/de\/wp-json\/wp\/v2\/media?parent=17761"}],"wp:term":[{"taxonomy":"product_brand","embeddable":true,"href":"https:\/\/hakmarfrance.online\/de\/wp-json\/wp\/v2\/product_brand?post=17761"},{"taxonomy":"product_cat","embeddable":true,"href":"https:\/\/hakmarfrance.online\/de\/wp-json\/wp\/v2\/product_cat?post=17761"},{"taxonomy":"product_tag","embeddable":true,"href":"https:\/\/hakmarfrance.online\/de\/wp-json\/wp\/v2\/product_tag?post=17761"}],"curies":[{"name":"wp","href":"https:\/\/api.w.org\/{rel}","templated":true}]}}