{"id":17763,"date":"2025-06-19T07:59:52","date_gmt":"2025-06-19T07:59:52","guid":{"rendered":"https:\/\/hakmarfrance.online\/produit\/kasar-kaese-gazi-milder-tuerkischer-kashkaval-800g\/"},"modified":"2025-06-19T07:59:52","modified_gmt":"2025-06-19T07:59:52","slug":"kasar-kaese-gazi-milder-tuerkischer-kashkaval-800g","status":"publish","type":"product","link":"https:\/\/hakmarfrance.online\/de\/produit\/kasar-kaese-gazi-milder-tuerkischer-kashkaval-800g\/","title":{"rendered":"Ka\u015far-K\u00e4se GAZ\u0130 \u2013 Milder t\u00fcrkischer Kashkaval \u2013 800g"},"content":{"rendered":"","protected":false},"excerpt":{"rendered":"<p data-start=\"289\" data-end=\"456\">Verleihe deinen Gerichten eine authentische Note mit dem <strong data-start=\"341\" data-end=\"362\">Ka\u015far Peynir GAZ\u0130<\/strong>, einem <strong data-start=\"367\" data-end=\"385\">t\u00fcrkischen Kashkaval<\/strong> mit halbfester Konsistenz, bekannt f\u00fcr seinen milden Geschmack und seine schmelzende Textur.<\/p>\n<p data-start=\"458\" data-end=\"626\">\u2714\ufe0f K\u00e4se aus Kuhmilch (45 % Fett i. Tr.)<br data-start=\"495\" data-end=\"498\">\u2714\ufe0f Milder und cremiger Geschmack<br data-start=\"521\" data-end=\"524\">\u2714\ufe0f Perfekt f\u00fcr Toasts, B\u00f6reks, Gratins oder pur genie\u00dfen<br data-start=\"596\" data-end=\"599\">\u2714\ufe0f Fertig zum Schneiden oder Reiben<\/p>\n<p data-start=\"628\" data-end=\"734\">Der ideale K\u00e4se f\u00fcr Familienfr\u00fchst\u00fccke, spontane Aperitifs oder deine t\u00e4glichen Rezepte.<\/p>\n","protected":false},"featured_media":17764,"comment_status":"open","ping_status":"closed","template":"","meta":{"iawp_total_views":0},"product_brand":[174],"product_cat":[226,251,255,269,230],"product_tag":[],"class_list":{"0":"post-17763","1":"product","2":"type-product","3":"status-publish","4":"has-post-thumbnail","6":"product_brand-gazi","7":"product_cat-alle-unsere-produkte","8":"product_cat-fleisch-fisch-feinkost","9":"product_cat-frische-produkte-milchprodukte","10":"product_cat-orientalische-lebensmittel","11":"product_cat-traditionelle-turkische-produkte","13":"first","14":"instock","15":"shipping-taxable","16":"purchasable","17":"product-type-simple"},"yoast_head":"<!-- This site is optimized with the Yoast SEO plugin v27.3 - https:\/\/yoast.com\/product\/yoast-seo-wordpress\/ -->\n<title>Ka\u015far-K\u00e4se GAZ\u0130 \u2013 Milder t\u00fcrkischer Kashkaval \u2013 800g - hakmarfrance.online<\/title>\n<meta name=\"robots\" content=\"index, follow, max-snippet:-1, max-image-preview:large, max-video-preview:-1\" \/>\n<link rel=\"canonical\" href=\"https:\/\/hakmarfrance.online\/de\/produit\/kasar-kaese-gazi-milder-tuerkischer-kashkaval-800g\/\" \/>\n<meta property=\"og:locale\" content=\"de_DE\" \/>\n<meta property=\"og:type\" content=\"article\" \/>\n<meta property=\"og:title\" content=\"Ka\u015far-K\u00e4se GAZ\u0130 \u2013 Milder t\u00fcrkischer Kashkaval \u2013 800g - hakmarfrance.online\" \/>\n<meta property=\"og:description\" content=\"Verleihe deinen Gerichten eine authentische Note mit dem Ka\u015far Peynir GAZ\u0130, einem t\u00fcrkischen Kashkaval mit halbfester Konsistenz, bekannt f\u00fcr seinen milden Geschmack und seine schmelzende Textur. \u2714\ufe0f K\u00e4se aus Kuhmilch (45 % Fett i. Tr.)\u2714\ufe0f Milder und cremiger Geschmack\u2714\ufe0f Perfekt f\u00fcr Toasts, B\u00f6reks, Gratins oder pur genie\u00dfen\u2714\ufe0f Fertig zum Schneiden oder Reiben Der ideale K\u00e4se f\u00fcr Familienfr\u00fchst\u00fccke, spontane Aperitifs oder deine t\u00e4glichen Rezepte.\" \/>\n<meta property=\"og:url\" content=\"https:\/\/hakmarfrance.online\/de\/produit\/kasar-kaese-gazi-milder-tuerkischer-kashkaval-800g\/\" \/>\n<meta property=\"og:site_name\" content=\"hakmarfrance.online\" \/>\n<meta property=\"article:publisher\" content=\"https:\/\/www.facebook.com\/HakmarFranceSupermarche\/?locale=fr_FR\" \/>\n<meta property=\"og:image\" content=\"https:\/\/hakmarfrance.online\/wp-content\/uploads\/2025\/06\/fromage-kasar-peyniri-gazi-kashkaval.png\" \/>\n\t<meta property=\"og:image:width\" content=\"1000\" \/>\n\t<meta property=\"og:image:height\" content=\"800\" \/>\n\t<meta property=\"og:image:type\" content=\"image\/png\" \/>\n<meta name=\"twitter:card\" content=\"summary_large_image\" \/>\n<script type=\"application\/ld+json\" class=\"yoast-schema-graph\">{\"@context\":\"https:\\\/\\\/schema.org\",\"@graph\":[{\"@type\":\"WebPage\",\"@id\":\"https:\\\/\\\/hakmarfrance.online\\\/de\\\/produit\\\/kasar-kaese-gazi-milder-tuerkischer-kashkaval-800g\\\/\",\"url\":\"https:\\\/\\\/hakmarfrance.online\\\/de\\\/produit\\\/kasar-kaese-gazi-milder-tuerkischer-kashkaval-800g\\\/\",\"name\":\"Ka\u015far-K\u00e4se GAZ\u0130 \u2013 Milder t\u00fcrkischer Kashkaval \u2013 800g - hakmarfrance.online\",\"isPartOf\":{\"@id\":\"https:\\\/\\\/hakmarfrance.online\\\/de\\\/#website\"},\"primaryImageOfPage\":{\"@id\":\"https:\\\/\\\/hakmarfrance.online\\\/de\\\/produit\\\/kasar-kaese-gazi-milder-tuerkischer-kashkaval-800g\\\/#primaryimage\"},\"image\":{\"@id\":\"https:\\\/\\\/hakmarfrance.online\\\/de\\\/produit\\\/kasar-kaese-gazi-milder-tuerkischer-kashkaval-800g\\\/#primaryimage\"},\"thumbnailUrl\":\"https:\\\/\\\/hakmarfrance.online\\\/wp-content\\\/uploads\\\/2025\\\/06\\\/fromage-kasar-peyniri-gazi-kashkaval.png\",\"datePublished\":\"2025-06-19T07:59:52+00:00\",\"breadcrumb\":{\"@id\":\"https:\\\/\\\/hakmarfrance.online\\\/de\\\/produit\\\/kasar-kaese-gazi-milder-tuerkischer-kashkaval-800g\\\/#breadcrumb\"},\"inLanguage\":\"de\",\"potentialAction\":[{\"@type\":\"ReadAction\",\"target\":[\"https:\\\/\\\/hakmarfrance.online\\\/de\\\/produit\\\/kasar-kaese-gazi-milder-tuerkischer-kashkaval-800g\\\/\"]}]},{\"@type\":\"ImageObject\",\"inLanguage\":\"de\",\"@id\":\"https:\\\/\\\/hakmarfrance.online\\\/de\\\/produit\\\/kasar-kaese-gazi-milder-tuerkischer-kashkaval-800g\\\/#primaryimage\",\"url\":\"https:\\\/\\\/hakmarfrance.online\\\/wp-content\\\/uploads\\\/2025\\\/06\\\/fromage-kasar-peyniri-gazi-kashkaval.png\",\"contentUrl\":\"https:\\\/\\\/hakmarfrance.online\\\/wp-content\\\/uploads\\\/2025\\\/06\\\/fromage-kasar-peyniri-gazi-kashkaval.png\",\"width\":1000,\"height\":800},{\"@type\":\"BreadcrumbList\",\"@id\":\"https:\\\/\\\/hakmarfrance.online\\\/de\\\/produit\\\/kasar-kaese-gazi-milder-tuerkischer-kashkaval-800g\\\/#breadcrumb\",\"itemListElement\":[{\"@type\":\"ListItem\",\"position\":1,\"name\":\"Accueil\",\"item\":\"https:\\\/\\\/hakmarfrance.online\\\/de\\\/\"},{\"@type\":\"ListItem\",\"position\":2,\"name\":\"Shop\",\"item\":\"https:\\\/\\\/hakmarfrance.online\\\/de\\\/shop\\\/\"},{\"@type\":\"ListItem\",\"position\":3,\"name\":\"Ka\u015far-K\u00e4se GAZ\u0130 \u2013 Milder t\u00fcrkischer Kashkaval \u2013 800g\"}]},{\"@type\":\"WebSite\",\"@id\":\"https:\\\/\\\/hakmarfrance.online\\\/de\\\/#website\",\"url\":\"https:\\\/\\\/hakmarfrance.online\\\/de\\\/\",\"name\":\"hakmarfrance.online\",\"description\":\"\",\"publisher\":{\"@id\":\"https:\\\/\\\/hakmarfrance.online\\\/de\\\/#organization\"},\"potentialAction\":[{\"@type\":\"SearchAction\",\"target\":{\"@type\":\"EntryPoint\",\"urlTemplate\":\"https:\\\/\\\/hakmarfrance.online\\\/de\\\/?s={search_term_string}\"},\"query-input\":{\"@type\":\"PropertyValueSpecification\",\"valueRequired\":true,\"valueName\":\"search_term_string\"}}],\"inLanguage\":\"de\"},{\"@type\":\"Organization\",\"@id\":\"https:\\\/\\\/hakmarfrance.online\\\/de\\\/#organization\",\"name\":\"hakmarfrance.online\",\"url\":\"https:\\\/\\\/hakmarfrance.online\\\/de\\\/\",\"logo\":{\"@type\":\"ImageObject\",\"inLanguage\":\"de\",\"@id\":\"https:\\\/\\\/hakmarfrance.online\\\/de\\\/#\\\/schema\\\/logo\\\/image\\\/\",\"url\":\"https:\\\/\\\/hakmarfrance.online\\\/wp-content\\\/uploads\\\/2025\\\/06\\\/logo-hakmarfrance.png\",\"contentUrl\":\"https:\\\/\\\/hakmarfrance.online\\\/wp-content\\\/uploads\\\/2025\\\/06\\\/logo-hakmarfrance.png\",\"width\":528,\"height\":232,\"caption\":\"hakmarfrance.online\"},\"image\":{\"@id\":\"https:\\\/\\\/hakmarfrance.online\\\/de\\\/#\\\/schema\\\/logo\\\/image\\\/\"},\"sameAs\":[\"https:\\\/\\\/www.facebook.com\\\/HakmarFranceSupermarche\\\/?locale=fr_FR\",\"https:\\\/\\\/www.instagram.com\\\/hakmarfrancesupermarche\\\/\"]}]}<\/script>\n<!-- \/ Yoast SEO plugin. -->","yoast_head_json":{"title":"Ka\u015far-K\u00e4se GAZ\u0130 \u2013 Milder t\u00fcrkischer Kashkaval \u2013 800g - hakmarfrance.online","robots":{"index":"index","follow":"follow","max-snippet":"max-snippet:-1","max-image-preview":"max-image-preview:large","max-video-preview":"max-video-preview:-1"},"canonical":"https:\/\/hakmarfrance.online\/de\/produit\/kasar-kaese-gazi-milder-tuerkischer-kashkaval-800g\/","og_locale":"de_DE","og_type":"article","og_title":"Ka\u015far-K\u00e4se GAZ\u0130 \u2013 Milder t\u00fcrkischer Kashkaval \u2013 800g - hakmarfrance.online","og_description":"Verleihe deinen Gerichten eine authentische Note mit dem Ka\u015far Peynir GAZ\u0130, einem t\u00fcrkischen Kashkaval mit halbfester Konsistenz, bekannt f\u00fcr seinen milden Geschmack und seine schmelzende Textur. \u2714\ufe0f K\u00e4se aus Kuhmilch (45 % Fett i. Tr.)\u2714\ufe0f Milder und cremiger Geschmack\u2714\ufe0f Perfekt f\u00fcr Toasts, B\u00f6reks, Gratins oder pur genie\u00dfen\u2714\ufe0f Fertig zum Schneiden oder Reiben Der ideale K\u00e4se f\u00fcr Familienfr\u00fchst\u00fccke, spontane Aperitifs oder deine t\u00e4glichen Rezepte.","og_url":"https:\/\/hakmarfrance.online\/de\/produit\/kasar-kaese-gazi-milder-tuerkischer-kashkaval-800g\/","og_site_name":"hakmarfrance.online","article_publisher":"https:\/\/www.facebook.com\/HakmarFranceSupermarche\/?locale=fr_FR","og_image":[{"width":1000,"height":800,"url":"https:\/\/hakmarfrance.online\/wp-content\/uploads\/2025\/06\/fromage-kasar-peyniri-gazi-kashkaval.png","type":"image\/png"}],"twitter_card":"summary_large_image","schema":{"@context":"https:\/\/schema.org","@graph":[{"@type":"WebPage","@id":"https:\/\/hakmarfrance.online\/de\/produit\/kasar-kaese-gazi-milder-tuerkischer-kashkaval-800g\/","url":"https:\/\/hakmarfrance.online\/de\/produit\/kasar-kaese-gazi-milder-tuerkischer-kashkaval-800g\/","name":"Ka\u015far-K\u00e4se GAZ\u0130 \u2013 Milder t\u00fcrkischer Kashkaval \u2013 800g - hakmarfrance.online","isPartOf":{"@id":"https:\/\/hakmarfrance.online\/de\/#website"},"primaryImageOfPage":{"@id":"https:\/\/hakmarfrance.online\/de\/produit\/kasar-kaese-gazi-milder-tuerkischer-kashkaval-800g\/#primaryimage"},"image":{"@id":"https:\/\/hakmarfrance.online\/de\/produit\/kasar-kaese-gazi-milder-tuerkischer-kashkaval-800g\/#primaryimage"},"thumbnailUrl":"https:\/\/hakmarfrance.online\/wp-content\/uploads\/2025\/06\/fromage-kasar-peyniri-gazi-kashkaval.png","datePublished":"2025-06-19T07:59:52+00:00","breadcrumb":{"@id":"https:\/\/hakmarfrance.online\/de\/produit\/kasar-kaese-gazi-milder-tuerkischer-kashkaval-800g\/#breadcrumb"},"inLanguage":"de","potentialAction":[{"@type":"ReadAction","target":["https:\/\/hakmarfrance.online\/de\/produit\/kasar-kaese-gazi-milder-tuerkischer-kashkaval-800g\/"]}]},{"@type":"ImageObject","inLanguage":"de","@id":"https:\/\/hakmarfrance.online\/de\/produit\/kasar-kaese-gazi-milder-tuerkischer-kashkaval-800g\/#primaryimage","url":"https:\/\/hakmarfrance.online\/wp-content\/uploads\/2025\/06\/fromage-kasar-peyniri-gazi-kashkaval.png","contentUrl":"https:\/\/hakmarfrance.online\/wp-content\/uploads\/2025\/06\/fromage-kasar-peyniri-gazi-kashkaval.png","width":1000,"height":800},{"@type":"BreadcrumbList","@id":"https:\/\/hakmarfrance.online\/de\/produit\/kasar-kaese-gazi-milder-tuerkischer-kashkaval-800g\/#breadcrumb","itemListElement":[{"@type":"ListItem","position":1,"name":"Accueil","item":"https:\/\/hakmarfrance.online\/de\/"},{"@type":"ListItem","position":2,"name":"Shop","item":"https:\/\/hakmarfrance.online\/de\/shop\/"},{"@type":"ListItem","position":3,"name":"Ka\u015far-K\u00e4se GAZ\u0130 \u2013 Milder t\u00fcrkischer Kashkaval \u2013 800g"}]},{"@type":"WebSite","@id":"https:\/\/hakmarfrance.online\/de\/#website","url":"https:\/\/hakmarfrance.online\/de\/","name":"hakmarfrance.online","description":"","publisher":{"@id":"https:\/\/hakmarfrance.online\/de\/#organization"},"potentialAction":[{"@type":"SearchAction","target":{"@type":"EntryPoint","urlTemplate":"https:\/\/hakmarfrance.online\/de\/?s={search_term_string}"},"query-input":{"@type":"PropertyValueSpecification","valueRequired":true,"valueName":"search_term_string"}}],"inLanguage":"de"},{"@type":"Organization","@id":"https:\/\/hakmarfrance.online\/de\/#organization","name":"hakmarfrance.online","url":"https:\/\/hakmarfrance.online\/de\/","logo":{"@type":"ImageObject","inLanguage":"de","@id":"https:\/\/hakmarfrance.online\/de\/#\/schema\/logo\/image\/","url":"https:\/\/hakmarfrance.online\/wp-content\/uploads\/2025\/06\/logo-hakmarfrance.png","contentUrl":"https:\/\/hakmarfrance.online\/wp-content\/uploads\/2025\/06\/logo-hakmarfrance.png","width":528,"height":232,"caption":"hakmarfrance.online"},"image":{"@id":"https:\/\/hakmarfrance.online\/de\/#\/schema\/logo\/image\/"},"sameAs":["https:\/\/www.facebook.com\/HakmarFranceSupermarche\/?locale=fr_FR","https:\/\/www.instagram.com\/hakmarfrancesupermarche\/"]}]}},"_links":{"self":[{"href":"https:\/\/hakmarfrance.online\/de\/wp-json\/wp\/v2\/product\/17763","targetHints":{"allow":["GET"]}}],"collection":[{"href":"https:\/\/hakmarfrance.online\/de\/wp-json\/wp\/v2\/product"}],"about":[{"href":"https:\/\/hakmarfrance.online\/de\/wp-json\/wp\/v2\/types\/product"}],"replies":[{"embeddable":true,"href":"https:\/\/hakmarfrance.online\/de\/wp-json\/wp\/v2\/comments?post=17763"}],"version-history":[{"count":0,"href":"https:\/\/hakmarfrance.online\/de\/wp-json\/wp\/v2\/product\/17763\/revisions"}],"wp:featuredmedia":[{"embeddable":true,"href":"https:\/\/hakmarfrance.online\/de\/wp-json\/wp\/v2\/media\/17764"}],"wp:attachment":[{"href":"https:\/\/hakmarfrance.online\/de\/wp-json\/wp\/v2\/media?parent=17763"}],"wp:term":[{"taxonomy":"product_brand","embeddable":true,"href":"https:\/\/hakmarfrance.online\/de\/wp-json\/wp\/v2\/product_brand?post=17763"},{"taxonomy":"product_cat","embeddable":true,"href":"https:\/\/hakmarfrance.online\/de\/wp-json\/wp\/v2\/product_cat?post=17763"},{"taxonomy":"product_tag","embeddable":true,"href":"https:\/\/hakmarfrance.online\/de\/wp-json\/wp\/v2\/product_tag?post=17763"}],"curies":[{"name":"wp","href":"https:\/\/api.w.org\/{rel}","templated":true}]}}