{"id":17767,"date":"2025-06-19T07:57:41","date_gmt":"2025-06-19T07:57:41","guid":{"rendered":"https:\/\/hakmarfrance.online\/produit\/pinar-beyaz-frischkaese-mit-feinen-kraeutern\/"},"modified":"2025-06-19T07:57:41","modified_gmt":"2025-06-19T07:57:41","slug":"pinar-beyaz-frischkaese-mit-feinen-kraeutern","status":"publish","type":"product","link":"https:\/\/hakmarfrance.online\/de\/produit\/pinar-beyaz-frischkaese-mit-feinen-kraeutern\/","title":{"rendered":"Pinar Beyaz Frischk\u00e4se mit feinen Kr\u00e4utern"},"content":{"rendered":"","protected":false},"excerpt":{"rendered":"<p data-start=\"318\" data-end=\"543\">Lass dich vom k\u00f6stlichen <strong data-start=\"344\" data-end=\"390\">P\u0131nar Beyaz Frischk\u00e4se mit feinen Kr\u00e4utern<\/strong> verf\u00fchren, perfekt f\u00fcr deine Brote, Sandwiches oder Aperitifs. Seine cremige Textur und sein aromatischer Kr\u00e4utergeschmack machen ihn zu einem idealen Begleiter f\u00fcr jeden Tag. <\/p>\n<p data-start=\"545\" data-end=\"715\">\u2714\ufe0f Cremiger Frischk\u00e4se<br data-start=\"575\" data-end=\"578\">\u2714\ufe0f Mit feinen Kr\u00e4utern f\u00fcr einen raffinierten Geschmack<br data-start=\"618\" data-end=\"621\">\u2714\ufe0f Praktischer wiederverschlie\u00dfbarer Becher<br data-start=\"654\" data-end=\"657\">\u2714\ufe0f Perfekt f\u00fcr dein Fr\u00fchst\u00fcck oder deine Aperitif-Platten<\/p>\n<p data-start=\"717\" data-end=\"810\">Bringe eine frische Note auf deinen Tisch mit diesem unwiderstehlichen t\u00fcrkischen K\u00e4se von P\u0131nar.<\/p>\n","protected":false},"featured_media":17768,"comment_status":"open","ping_status":"closed","template":"","meta":{"iawp_total_views":0},"product_brand":[182],"product_cat":[226,251,255,269,230],"product_tag":[],"class_list":{"0":"post-17767","1":"product","2":"type-product","3":"status-publish","4":"has-post-thumbnail","6":"product_brand-pinar","7":"product_cat-alle-unsere-produkte","8":"product_cat-fleisch-fisch-feinkost","9":"product_cat-frische-produkte-milchprodukte","10":"product_cat-orientalische-lebensmittel","11":"product_cat-traditionelle-turkische-produkte","13":"first","14":"instock","15":"shipping-taxable","16":"purchasable","17":"product-type-simple"},"yoast_head":"<!-- This site is optimized with the Yoast SEO plugin v27.3 - https:\/\/yoast.com\/product\/yoast-seo-wordpress\/ -->\n<title>Pinar Beyaz Frischk\u00e4se mit feinen Kr\u00e4utern - hakmarfrance.online<\/title>\n<meta name=\"robots\" content=\"index, follow, max-snippet:-1, max-image-preview:large, max-video-preview:-1\" \/>\n<link rel=\"canonical\" href=\"https:\/\/hakmarfrance.online\/de\/produit\/pinar-beyaz-frischkaese-mit-feinen-kraeutern\/\" \/>\n<meta property=\"og:locale\" content=\"de_DE\" \/>\n<meta property=\"og:type\" content=\"article\" \/>\n<meta property=\"og:title\" content=\"Pinar Beyaz Frischk\u00e4se mit feinen Kr\u00e4utern - hakmarfrance.online\" \/>\n<meta property=\"og:description\" content=\"Lass dich vom k\u00f6stlichen P\u0131nar Beyaz Frischk\u00e4se mit feinen Kr\u00e4utern verf\u00fchren, perfekt f\u00fcr deine Brote, Sandwiches oder Aperitifs. Seine cremige Textur und sein aromatischer Kr\u00e4utergeschmack machen ihn zu einem idealen Begleiter f\u00fcr jeden Tag. \u2714\ufe0f Cremiger Frischk\u00e4se\u2714\ufe0f Mit feinen Kr\u00e4utern f\u00fcr einen raffinierten Geschmack\u2714\ufe0f Praktischer wiederverschlie\u00dfbarer Becher\u2714\ufe0f Perfekt f\u00fcr dein Fr\u00fchst\u00fcck oder deine Aperitif-Platten Bringe eine frische Note auf deinen Tisch mit diesem unwiderstehlichen t\u00fcrkischen K\u00e4se von P\u0131nar.\" \/>\n<meta property=\"og:url\" content=\"https:\/\/hakmarfrance.online\/de\/produit\/pinar-beyaz-frischkaese-mit-feinen-kraeutern\/\" \/>\n<meta property=\"og:site_name\" content=\"hakmarfrance.online\" \/>\n<meta property=\"article:publisher\" content=\"https:\/\/www.facebook.com\/HakmarFranceSupermarche\/?locale=fr_FR\" \/>\n<meta property=\"og:image\" content=\"https:\/\/hakmarfrance.online\/wp-content\/uploads\/2025\/06\/fromage-a-tartiner-pinar-beyaz-fines-herbes.png\" \/>\n\t<meta property=\"og:image:width\" content=\"1000\" \/>\n\t<meta property=\"og:image:height\" content=\"800\" \/>\n\t<meta property=\"og:image:type\" content=\"image\/png\" \/>\n<meta name=\"twitter:card\" content=\"summary_large_image\" \/>\n<script type=\"application\/ld+json\" class=\"yoast-schema-graph\">{\"@context\":\"https:\\\/\\\/schema.org\",\"@graph\":[{\"@type\":\"WebPage\",\"@id\":\"https:\\\/\\\/hakmarfrance.online\\\/de\\\/produit\\\/pinar-beyaz-frischkaese-mit-feinen-kraeutern\\\/\",\"url\":\"https:\\\/\\\/hakmarfrance.online\\\/de\\\/produit\\\/pinar-beyaz-frischkaese-mit-feinen-kraeutern\\\/\",\"name\":\"Pinar Beyaz Frischk\u00e4se mit feinen Kr\u00e4utern - hakmarfrance.online\",\"isPartOf\":{\"@id\":\"https:\\\/\\\/hakmarfrance.online\\\/de\\\/#website\"},\"primaryImageOfPage\":{\"@id\":\"https:\\\/\\\/hakmarfrance.online\\\/de\\\/produit\\\/pinar-beyaz-frischkaese-mit-feinen-kraeutern\\\/#primaryimage\"},\"image\":{\"@id\":\"https:\\\/\\\/hakmarfrance.online\\\/de\\\/produit\\\/pinar-beyaz-frischkaese-mit-feinen-kraeutern\\\/#primaryimage\"},\"thumbnailUrl\":\"https:\\\/\\\/hakmarfrance.online\\\/wp-content\\\/uploads\\\/2025\\\/06\\\/fromage-a-tartiner-pinar-beyaz-fines-herbes.png\",\"datePublished\":\"2025-06-19T07:57:41+00:00\",\"breadcrumb\":{\"@id\":\"https:\\\/\\\/hakmarfrance.online\\\/de\\\/produit\\\/pinar-beyaz-frischkaese-mit-feinen-kraeutern\\\/#breadcrumb\"},\"inLanguage\":\"de\",\"potentialAction\":[{\"@type\":\"ReadAction\",\"target\":[\"https:\\\/\\\/hakmarfrance.online\\\/de\\\/produit\\\/pinar-beyaz-frischkaese-mit-feinen-kraeutern\\\/\"]}]},{\"@type\":\"ImageObject\",\"inLanguage\":\"de\",\"@id\":\"https:\\\/\\\/hakmarfrance.online\\\/de\\\/produit\\\/pinar-beyaz-frischkaese-mit-feinen-kraeutern\\\/#primaryimage\",\"url\":\"https:\\\/\\\/hakmarfrance.online\\\/wp-content\\\/uploads\\\/2025\\\/06\\\/fromage-a-tartiner-pinar-beyaz-fines-herbes.png\",\"contentUrl\":\"https:\\\/\\\/hakmarfrance.online\\\/wp-content\\\/uploads\\\/2025\\\/06\\\/fromage-a-tartiner-pinar-beyaz-fines-herbes.png\",\"width\":1000,\"height\":800},{\"@type\":\"BreadcrumbList\",\"@id\":\"https:\\\/\\\/hakmarfrance.online\\\/de\\\/produit\\\/pinar-beyaz-frischkaese-mit-feinen-kraeutern\\\/#breadcrumb\",\"itemListElement\":[{\"@type\":\"ListItem\",\"position\":1,\"name\":\"Accueil\",\"item\":\"https:\\\/\\\/hakmarfrance.online\\\/de\\\/\"},{\"@type\":\"ListItem\",\"position\":2,\"name\":\"Shop\",\"item\":\"https:\\\/\\\/hakmarfrance.online\\\/de\\\/shop\\\/\"},{\"@type\":\"ListItem\",\"position\":3,\"name\":\"Pinar Beyaz Frischk\u00e4se mit feinen Kr\u00e4utern\"}]},{\"@type\":\"WebSite\",\"@id\":\"https:\\\/\\\/hakmarfrance.online\\\/de\\\/#website\",\"url\":\"https:\\\/\\\/hakmarfrance.online\\\/de\\\/\",\"name\":\"hakmarfrance.online\",\"description\":\"\",\"publisher\":{\"@id\":\"https:\\\/\\\/hakmarfrance.online\\\/de\\\/#organization\"},\"potentialAction\":[{\"@type\":\"SearchAction\",\"target\":{\"@type\":\"EntryPoint\",\"urlTemplate\":\"https:\\\/\\\/hakmarfrance.online\\\/de\\\/?s={search_term_string}\"},\"query-input\":{\"@type\":\"PropertyValueSpecification\",\"valueRequired\":true,\"valueName\":\"search_term_string\"}}],\"inLanguage\":\"de\"},{\"@type\":\"Organization\",\"@id\":\"https:\\\/\\\/hakmarfrance.online\\\/de\\\/#organization\",\"name\":\"hakmarfrance.online\",\"url\":\"https:\\\/\\\/hakmarfrance.online\\\/de\\\/\",\"logo\":{\"@type\":\"ImageObject\",\"inLanguage\":\"de\",\"@id\":\"https:\\\/\\\/hakmarfrance.online\\\/de\\\/#\\\/schema\\\/logo\\\/image\\\/\",\"url\":\"https:\\\/\\\/hakmarfrance.online\\\/wp-content\\\/uploads\\\/2025\\\/06\\\/logo-hakmarfrance.png\",\"contentUrl\":\"https:\\\/\\\/hakmarfrance.online\\\/wp-content\\\/uploads\\\/2025\\\/06\\\/logo-hakmarfrance.png\",\"width\":528,\"height\":232,\"caption\":\"hakmarfrance.online\"},\"image\":{\"@id\":\"https:\\\/\\\/hakmarfrance.online\\\/de\\\/#\\\/schema\\\/logo\\\/image\\\/\"},\"sameAs\":[\"https:\\\/\\\/www.facebook.com\\\/HakmarFranceSupermarche\\\/?locale=fr_FR\",\"https:\\\/\\\/www.instagram.com\\\/hakmarfrancesupermarche\\\/\"]}]}<\/script>\n<!-- \/ Yoast SEO plugin. -->","yoast_head_json":{"title":"Pinar Beyaz Frischk\u00e4se mit feinen Kr\u00e4utern - hakmarfrance.online","robots":{"index":"index","follow":"follow","max-snippet":"max-snippet:-1","max-image-preview":"max-image-preview:large","max-video-preview":"max-video-preview:-1"},"canonical":"https:\/\/hakmarfrance.online\/de\/produit\/pinar-beyaz-frischkaese-mit-feinen-kraeutern\/","og_locale":"de_DE","og_type":"article","og_title":"Pinar Beyaz Frischk\u00e4se mit feinen Kr\u00e4utern - hakmarfrance.online","og_description":"Lass dich vom k\u00f6stlichen P\u0131nar Beyaz Frischk\u00e4se mit feinen Kr\u00e4utern verf\u00fchren, perfekt f\u00fcr deine Brote, Sandwiches oder Aperitifs. Seine cremige Textur und sein aromatischer Kr\u00e4utergeschmack machen ihn zu einem idealen Begleiter f\u00fcr jeden Tag. \u2714\ufe0f Cremiger Frischk\u00e4se\u2714\ufe0f Mit feinen Kr\u00e4utern f\u00fcr einen raffinierten Geschmack\u2714\ufe0f Praktischer wiederverschlie\u00dfbarer Becher\u2714\ufe0f Perfekt f\u00fcr dein Fr\u00fchst\u00fcck oder deine Aperitif-Platten Bringe eine frische Note auf deinen Tisch mit diesem unwiderstehlichen t\u00fcrkischen K\u00e4se von P\u0131nar.","og_url":"https:\/\/hakmarfrance.online\/de\/produit\/pinar-beyaz-frischkaese-mit-feinen-kraeutern\/","og_site_name":"hakmarfrance.online","article_publisher":"https:\/\/www.facebook.com\/HakmarFranceSupermarche\/?locale=fr_FR","og_image":[{"width":1000,"height":800,"url":"https:\/\/hakmarfrance.online\/wp-content\/uploads\/2025\/06\/fromage-a-tartiner-pinar-beyaz-fines-herbes.png","type":"image\/png"}],"twitter_card":"summary_large_image","schema":{"@context":"https:\/\/schema.org","@graph":[{"@type":"WebPage","@id":"https:\/\/hakmarfrance.online\/de\/produit\/pinar-beyaz-frischkaese-mit-feinen-kraeutern\/","url":"https:\/\/hakmarfrance.online\/de\/produit\/pinar-beyaz-frischkaese-mit-feinen-kraeutern\/","name":"Pinar Beyaz Frischk\u00e4se mit feinen Kr\u00e4utern - hakmarfrance.online","isPartOf":{"@id":"https:\/\/hakmarfrance.online\/de\/#website"},"primaryImageOfPage":{"@id":"https:\/\/hakmarfrance.online\/de\/produit\/pinar-beyaz-frischkaese-mit-feinen-kraeutern\/#primaryimage"},"image":{"@id":"https:\/\/hakmarfrance.online\/de\/produit\/pinar-beyaz-frischkaese-mit-feinen-kraeutern\/#primaryimage"},"thumbnailUrl":"https:\/\/hakmarfrance.online\/wp-content\/uploads\/2025\/06\/fromage-a-tartiner-pinar-beyaz-fines-herbes.png","datePublished":"2025-06-19T07:57:41+00:00","breadcrumb":{"@id":"https:\/\/hakmarfrance.online\/de\/produit\/pinar-beyaz-frischkaese-mit-feinen-kraeutern\/#breadcrumb"},"inLanguage":"de","potentialAction":[{"@type":"ReadAction","target":["https:\/\/hakmarfrance.online\/de\/produit\/pinar-beyaz-frischkaese-mit-feinen-kraeutern\/"]}]},{"@type":"ImageObject","inLanguage":"de","@id":"https:\/\/hakmarfrance.online\/de\/produit\/pinar-beyaz-frischkaese-mit-feinen-kraeutern\/#primaryimage","url":"https:\/\/hakmarfrance.online\/wp-content\/uploads\/2025\/06\/fromage-a-tartiner-pinar-beyaz-fines-herbes.png","contentUrl":"https:\/\/hakmarfrance.online\/wp-content\/uploads\/2025\/06\/fromage-a-tartiner-pinar-beyaz-fines-herbes.png","width":1000,"height":800},{"@type":"BreadcrumbList","@id":"https:\/\/hakmarfrance.online\/de\/produit\/pinar-beyaz-frischkaese-mit-feinen-kraeutern\/#breadcrumb","itemListElement":[{"@type":"ListItem","position":1,"name":"Accueil","item":"https:\/\/hakmarfrance.online\/de\/"},{"@type":"ListItem","position":2,"name":"Shop","item":"https:\/\/hakmarfrance.online\/de\/shop\/"},{"@type":"ListItem","position":3,"name":"Pinar Beyaz Frischk\u00e4se mit feinen Kr\u00e4utern"}]},{"@type":"WebSite","@id":"https:\/\/hakmarfrance.online\/de\/#website","url":"https:\/\/hakmarfrance.online\/de\/","name":"hakmarfrance.online","description":"","publisher":{"@id":"https:\/\/hakmarfrance.online\/de\/#organization"},"potentialAction":[{"@type":"SearchAction","target":{"@type":"EntryPoint","urlTemplate":"https:\/\/hakmarfrance.online\/de\/?s={search_term_string}"},"query-input":{"@type":"PropertyValueSpecification","valueRequired":true,"valueName":"search_term_string"}}],"inLanguage":"de"},{"@type":"Organization","@id":"https:\/\/hakmarfrance.online\/de\/#organization","name":"hakmarfrance.online","url":"https:\/\/hakmarfrance.online\/de\/","logo":{"@type":"ImageObject","inLanguage":"de","@id":"https:\/\/hakmarfrance.online\/de\/#\/schema\/logo\/image\/","url":"https:\/\/hakmarfrance.online\/wp-content\/uploads\/2025\/06\/logo-hakmarfrance.png","contentUrl":"https:\/\/hakmarfrance.online\/wp-content\/uploads\/2025\/06\/logo-hakmarfrance.png","width":528,"height":232,"caption":"hakmarfrance.online"},"image":{"@id":"https:\/\/hakmarfrance.online\/de\/#\/schema\/logo\/image\/"},"sameAs":["https:\/\/www.facebook.com\/HakmarFranceSupermarche\/?locale=fr_FR","https:\/\/www.instagram.com\/hakmarfrancesupermarche\/"]}]}},"_links":{"self":[{"href":"https:\/\/hakmarfrance.online\/de\/wp-json\/wp\/v2\/product\/17767","targetHints":{"allow":["GET"]}}],"collection":[{"href":"https:\/\/hakmarfrance.online\/de\/wp-json\/wp\/v2\/product"}],"about":[{"href":"https:\/\/hakmarfrance.online\/de\/wp-json\/wp\/v2\/types\/product"}],"replies":[{"embeddable":true,"href":"https:\/\/hakmarfrance.online\/de\/wp-json\/wp\/v2\/comments?post=17767"}],"version-history":[{"count":0,"href":"https:\/\/hakmarfrance.online\/de\/wp-json\/wp\/v2\/product\/17767\/revisions"}],"wp:featuredmedia":[{"embeddable":true,"href":"https:\/\/hakmarfrance.online\/de\/wp-json\/wp\/v2\/media\/17768"}],"wp:attachment":[{"href":"https:\/\/hakmarfrance.online\/de\/wp-json\/wp\/v2\/media?parent=17767"}],"wp:term":[{"taxonomy":"product_brand","embeddable":true,"href":"https:\/\/hakmarfrance.online\/de\/wp-json\/wp\/v2\/product_brand?post=17767"},{"taxonomy":"product_cat","embeddable":true,"href":"https:\/\/hakmarfrance.online\/de\/wp-json\/wp\/v2\/product_cat?post=17767"},{"taxonomy":"product_tag","embeddable":true,"href":"https:\/\/hakmarfrance.online\/de\/wp-json\/wp\/v2\/product_tag?post=17767"}],"curies":[{"name":"wp","href":"https:\/\/api.w.org\/{rel}","templated":true}]}}