{"id":17771,"date":"2025-06-16T08:17:23","date_gmt":"2025-06-16T08:17:23","guid":{"rendered":"https:\/\/hakmarfrance.online\/produit\/tuerkischer-schwarztee-sohbet-500-g-authentischer-geschmack-in-metallbox\/"},"modified":"2025-06-16T08:17:23","modified_gmt":"2025-06-16T08:17:23","slug":"tuerkischer-schwarztee-sohbet-500-g-authentischer-geschmack-in-metallbox","status":"publish","type":"product","link":"https:\/\/hakmarfrance.online\/de\/produit\/tuerkischer-schwarztee-sohbet-500-g-authentischer-geschmack-in-metallbox\/","title":{"rendered":"T\u00fcrkischer Schwarztee Sohbet 500 g \u2013 Authentischer Geschmack in Metallbox"},"content":{"rendered":"","protected":false},"excerpt":{"rendered":"<p>Genie\u00dfe das t\u00fcrkische Teeritual mit Sohbet \u00c7ay\u0131, einem charaktervollen Schwarztee aus den Plantagen des Schwarzen Meeres. Reich an Aromen und Tradition, kann er zu jeder Tageszeit genossen werden. Pr\u00e4sentiert in einer 500 g Metallbox, bewahrt er seine ganze Frische und seinen einzigartigen Geschmack, perfekt f\u00fcr gesellige Momente.  <\/p>\n","protected":false},"featured_media":17773,"comment_status":"open","ping_status":"closed","template":"","meta":{"iawp_total_views":0},"product_brand":[],"product_cat":[226,231,269,230,258],"product_tag":[],"class_list":{"0":"post-17771","1":"product","2":"type-product","3":"status-publish","4":"has-post-thumbnail","6":"product_cat-alle-unsere-produkte","7":"product_cat-getranke","8":"product_cat-orientalische-lebensmittel","9":"product_cat-traditionelle-turkische-produkte","10":"product_cat-tuerkischer-tee-aufguesse","12":"first","13":"instock","14":"shipping-taxable","15":"purchasable","16":"product-type-simple"},"yoast_head":"<!-- This site is optimized with the Yoast SEO plugin v27.3 - https:\/\/yoast.com\/product\/yoast-seo-wordpress\/ -->\n<title>T\u00fcrkischer Schwarztee Sohbet 500 g \u2013 Authentischer Geschmack in Metallbox - hakmarfrance.online<\/title>\n<meta name=\"robots\" content=\"index, follow, max-snippet:-1, max-image-preview:large, max-video-preview:-1\" \/>\n<link rel=\"canonical\" href=\"https:\/\/hakmarfrance.online\/de\/produit\/tuerkischer-schwarztee-sohbet-500-g-authentischer-geschmack-in-metallbox\/\" \/>\n<meta property=\"og:locale\" content=\"de_DE\" \/>\n<meta property=\"og:type\" content=\"article\" \/>\n<meta property=\"og:title\" content=\"T\u00fcrkischer Schwarztee Sohbet 500 g \u2013 Authentischer Geschmack in Metallbox - hakmarfrance.online\" \/>\n<meta property=\"og:description\" content=\"Genie\u00dfe das t\u00fcrkische Teeritual mit Sohbet \u00c7ay\u0131, einem charaktervollen Schwarztee aus den Plantagen des Schwarzen Meeres. Reich an Aromen und Tradition, kann er zu jeder Tageszeit genossen werden. Pr\u00e4sentiert in einer 500 g Metallbox, bewahrt er seine ganze Frische und seinen einzigartigen Geschmack, perfekt f\u00fcr gesellige Momente.\" \/>\n<meta property=\"og:url\" content=\"https:\/\/hakmarfrance.online\/de\/produit\/tuerkischer-schwarztee-sohbet-500-g-authentischer-geschmack-in-metallbox\/\" \/>\n<meta property=\"og:site_name\" content=\"hakmarfrance.online\" \/>\n<meta property=\"article:publisher\" content=\"https:\/\/www.facebook.com\/HakmarFranceSupermarche\/?locale=fr_FR\" \/>\n<meta property=\"og:image\" content=\"https:\/\/hakmarfrance.online\/wp-content\/uploads\/2025\/06\/The-Noir-Turc-500g-Marque-Sohbet.png\" \/>\n\t<meta property=\"og:image:width\" content=\"1000\" \/>\n\t<meta property=\"og:image:height\" content=\"800\" \/>\n\t<meta property=\"og:image:type\" content=\"image\/png\" \/>\n<meta name=\"twitter:card\" content=\"summary_large_image\" \/>\n<script type=\"application\/ld+json\" class=\"yoast-schema-graph\">{\"@context\":\"https:\\\/\\\/schema.org\",\"@graph\":[{\"@type\":\"WebPage\",\"@id\":\"https:\\\/\\\/hakmarfrance.online\\\/de\\\/produit\\\/tuerkischer-schwarztee-sohbet-500-g-authentischer-geschmack-in-metallbox\\\/\",\"url\":\"https:\\\/\\\/hakmarfrance.online\\\/de\\\/produit\\\/tuerkischer-schwarztee-sohbet-500-g-authentischer-geschmack-in-metallbox\\\/\",\"name\":\"T\u00fcrkischer Schwarztee Sohbet 500 g \u2013 Authentischer Geschmack in Metallbox - hakmarfrance.online\",\"isPartOf\":{\"@id\":\"https:\\\/\\\/hakmarfrance.online\\\/de\\\/#website\"},\"primaryImageOfPage\":{\"@id\":\"https:\\\/\\\/hakmarfrance.online\\\/de\\\/produit\\\/tuerkischer-schwarztee-sohbet-500-g-authentischer-geschmack-in-metallbox\\\/#primaryimage\"},\"image\":{\"@id\":\"https:\\\/\\\/hakmarfrance.online\\\/de\\\/produit\\\/tuerkischer-schwarztee-sohbet-500-g-authentischer-geschmack-in-metallbox\\\/#primaryimage\"},\"thumbnailUrl\":\"https:\\\/\\\/hakmarfrance.online\\\/wp-content\\\/uploads\\\/2025\\\/06\\\/The-Noir-Turc-500g-Marque-Sohbet.png\",\"datePublished\":\"2025-06-16T08:17:23+00:00\",\"breadcrumb\":{\"@id\":\"https:\\\/\\\/hakmarfrance.online\\\/de\\\/produit\\\/tuerkischer-schwarztee-sohbet-500-g-authentischer-geschmack-in-metallbox\\\/#breadcrumb\"},\"inLanguage\":\"de\",\"potentialAction\":[{\"@type\":\"ReadAction\",\"target\":[\"https:\\\/\\\/hakmarfrance.online\\\/de\\\/produit\\\/tuerkischer-schwarztee-sohbet-500-g-authentischer-geschmack-in-metallbox\\\/\"]}]},{\"@type\":\"ImageObject\",\"inLanguage\":\"de\",\"@id\":\"https:\\\/\\\/hakmarfrance.online\\\/de\\\/produit\\\/tuerkischer-schwarztee-sohbet-500-g-authentischer-geschmack-in-metallbox\\\/#primaryimage\",\"url\":\"https:\\\/\\\/hakmarfrance.online\\\/wp-content\\\/uploads\\\/2025\\\/06\\\/The-Noir-Turc-500g-Marque-Sohbet.png\",\"contentUrl\":\"https:\\\/\\\/hakmarfrance.online\\\/wp-content\\\/uploads\\\/2025\\\/06\\\/The-Noir-Turc-500g-Marque-Sohbet.png\",\"width\":1000,\"height\":800},{\"@type\":\"BreadcrumbList\",\"@id\":\"https:\\\/\\\/hakmarfrance.online\\\/de\\\/produit\\\/tuerkischer-schwarztee-sohbet-500-g-authentischer-geschmack-in-metallbox\\\/#breadcrumb\",\"itemListElement\":[{\"@type\":\"ListItem\",\"position\":1,\"name\":\"Accueil\",\"item\":\"https:\\\/\\\/hakmarfrance.online\\\/de\\\/\"},{\"@type\":\"ListItem\",\"position\":2,\"name\":\"Shop\",\"item\":\"https:\\\/\\\/hakmarfrance.online\\\/de\\\/shop\\\/\"},{\"@type\":\"ListItem\",\"position\":3,\"name\":\"T\u00fcrkischer Schwarztee Sohbet 500 g \u2013 Authentischer Geschmack in Metallbox\"}]},{\"@type\":\"WebSite\",\"@id\":\"https:\\\/\\\/hakmarfrance.online\\\/de\\\/#website\",\"url\":\"https:\\\/\\\/hakmarfrance.online\\\/de\\\/\",\"name\":\"hakmarfrance.online\",\"description\":\"\",\"publisher\":{\"@id\":\"https:\\\/\\\/hakmarfrance.online\\\/de\\\/#organization\"},\"potentialAction\":[{\"@type\":\"SearchAction\",\"target\":{\"@type\":\"EntryPoint\",\"urlTemplate\":\"https:\\\/\\\/hakmarfrance.online\\\/de\\\/?s={search_term_string}\"},\"query-input\":{\"@type\":\"PropertyValueSpecification\",\"valueRequired\":true,\"valueName\":\"search_term_string\"}}],\"inLanguage\":\"de\"},{\"@type\":\"Organization\",\"@id\":\"https:\\\/\\\/hakmarfrance.online\\\/de\\\/#organization\",\"name\":\"hakmarfrance.online\",\"url\":\"https:\\\/\\\/hakmarfrance.online\\\/de\\\/\",\"logo\":{\"@type\":\"ImageObject\",\"inLanguage\":\"de\",\"@id\":\"https:\\\/\\\/hakmarfrance.online\\\/de\\\/#\\\/schema\\\/logo\\\/image\\\/\",\"url\":\"https:\\\/\\\/hakmarfrance.online\\\/wp-content\\\/uploads\\\/2025\\\/06\\\/logo-hakmarfrance.png\",\"contentUrl\":\"https:\\\/\\\/hakmarfrance.online\\\/wp-content\\\/uploads\\\/2025\\\/06\\\/logo-hakmarfrance.png\",\"width\":528,\"height\":232,\"caption\":\"hakmarfrance.online\"},\"image\":{\"@id\":\"https:\\\/\\\/hakmarfrance.online\\\/de\\\/#\\\/schema\\\/logo\\\/image\\\/\"},\"sameAs\":[\"https:\\\/\\\/www.facebook.com\\\/HakmarFranceSupermarche\\\/?locale=fr_FR\",\"https:\\\/\\\/www.instagram.com\\\/hakmarfrancesupermarche\\\/\"]}]}<\/script>\n<!-- \/ Yoast SEO plugin. -->","yoast_head_json":{"title":"T\u00fcrkischer Schwarztee Sohbet 500 g \u2013 Authentischer Geschmack in Metallbox - hakmarfrance.online","robots":{"index":"index","follow":"follow","max-snippet":"max-snippet:-1","max-image-preview":"max-image-preview:large","max-video-preview":"max-video-preview:-1"},"canonical":"https:\/\/hakmarfrance.online\/de\/produit\/tuerkischer-schwarztee-sohbet-500-g-authentischer-geschmack-in-metallbox\/","og_locale":"de_DE","og_type":"article","og_title":"T\u00fcrkischer Schwarztee Sohbet 500 g \u2013 Authentischer Geschmack in Metallbox - hakmarfrance.online","og_description":"Genie\u00dfe das t\u00fcrkische Teeritual mit Sohbet \u00c7ay\u0131, einem charaktervollen Schwarztee aus den Plantagen des Schwarzen Meeres. Reich an Aromen und Tradition, kann er zu jeder Tageszeit genossen werden. Pr\u00e4sentiert in einer 500 g Metallbox, bewahrt er seine ganze Frische und seinen einzigartigen Geschmack, perfekt f\u00fcr gesellige Momente.","og_url":"https:\/\/hakmarfrance.online\/de\/produit\/tuerkischer-schwarztee-sohbet-500-g-authentischer-geschmack-in-metallbox\/","og_site_name":"hakmarfrance.online","article_publisher":"https:\/\/www.facebook.com\/HakmarFranceSupermarche\/?locale=fr_FR","og_image":[{"width":1000,"height":800,"url":"https:\/\/hakmarfrance.online\/wp-content\/uploads\/2025\/06\/The-Noir-Turc-500g-Marque-Sohbet.png","type":"image\/png"}],"twitter_card":"summary_large_image","schema":{"@context":"https:\/\/schema.org","@graph":[{"@type":"WebPage","@id":"https:\/\/hakmarfrance.online\/de\/produit\/tuerkischer-schwarztee-sohbet-500-g-authentischer-geschmack-in-metallbox\/","url":"https:\/\/hakmarfrance.online\/de\/produit\/tuerkischer-schwarztee-sohbet-500-g-authentischer-geschmack-in-metallbox\/","name":"T\u00fcrkischer Schwarztee Sohbet 500 g \u2013 Authentischer Geschmack in Metallbox - hakmarfrance.online","isPartOf":{"@id":"https:\/\/hakmarfrance.online\/de\/#website"},"primaryImageOfPage":{"@id":"https:\/\/hakmarfrance.online\/de\/produit\/tuerkischer-schwarztee-sohbet-500-g-authentischer-geschmack-in-metallbox\/#primaryimage"},"image":{"@id":"https:\/\/hakmarfrance.online\/de\/produit\/tuerkischer-schwarztee-sohbet-500-g-authentischer-geschmack-in-metallbox\/#primaryimage"},"thumbnailUrl":"https:\/\/hakmarfrance.online\/wp-content\/uploads\/2025\/06\/The-Noir-Turc-500g-Marque-Sohbet.png","datePublished":"2025-06-16T08:17:23+00:00","breadcrumb":{"@id":"https:\/\/hakmarfrance.online\/de\/produit\/tuerkischer-schwarztee-sohbet-500-g-authentischer-geschmack-in-metallbox\/#breadcrumb"},"inLanguage":"de","potentialAction":[{"@type":"ReadAction","target":["https:\/\/hakmarfrance.online\/de\/produit\/tuerkischer-schwarztee-sohbet-500-g-authentischer-geschmack-in-metallbox\/"]}]},{"@type":"ImageObject","inLanguage":"de","@id":"https:\/\/hakmarfrance.online\/de\/produit\/tuerkischer-schwarztee-sohbet-500-g-authentischer-geschmack-in-metallbox\/#primaryimage","url":"https:\/\/hakmarfrance.online\/wp-content\/uploads\/2025\/06\/The-Noir-Turc-500g-Marque-Sohbet.png","contentUrl":"https:\/\/hakmarfrance.online\/wp-content\/uploads\/2025\/06\/The-Noir-Turc-500g-Marque-Sohbet.png","width":1000,"height":800},{"@type":"BreadcrumbList","@id":"https:\/\/hakmarfrance.online\/de\/produit\/tuerkischer-schwarztee-sohbet-500-g-authentischer-geschmack-in-metallbox\/#breadcrumb","itemListElement":[{"@type":"ListItem","position":1,"name":"Accueil","item":"https:\/\/hakmarfrance.online\/de\/"},{"@type":"ListItem","position":2,"name":"Shop","item":"https:\/\/hakmarfrance.online\/de\/shop\/"},{"@type":"ListItem","position":3,"name":"T\u00fcrkischer Schwarztee Sohbet 500 g \u2013 Authentischer Geschmack in Metallbox"}]},{"@type":"WebSite","@id":"https:\/\/hakmarfrance.online\/de\/#website","url":"https:\/\/hakmarfrance.online\/de\/","name":"hakmarfrance.online","description":"","publisher":{"@id":"https:\/\/hakmarfrance.online\/de\/#organization"},"potentialAction":[{"@type":"SearchAction","target":{"@type":"EntryPoint","urlTemplate":"https:\/\/hakmarfrance.online\/de\/?s={search_term_string}"},"query-input":{"@type":"PropertyValueSpecification","valueRequired":true,"valueName":"search_term_string"}}],"inLanguage":"de"},{"@type":"Organization","@id":"https:\/\/hakmarfrance.online\/de\/#organization","name":"hakmarfrance.online","url":"https:\/\/hakmarfrance.online\/de\/","logo":{"@type":"ImageObject","inLanguage":"de","@id":"https:\/\/hakmarfrance.online\/de\/#\/schema\/logo\/image\/","url":"https:\/\/hakmarfrance.online\/wp-content\/uploads\/2025\/06\/logo-hakmarfrance.png","contentUrl":"https:\/\/hakmarfrance.online\/wp-content\/uploads\/2025\/06\/logo-hakmarfrance.png","width":528,"height":232,"caption":"hakmarfrance.online"},"image":{"@id":"https:\/\/hakmarfrance.online\/de\/#\/schema\/logo\/image\/"},"sameAs":["https:\/\/www.facebook.com\/HakmarFranceSupermarche\/?locale=fr_FR","https:\/\/www.instagram.com\/hakmarfrancesupermarche\/"]}]}},"_links":{"self":[{"href":"https:\/\/hakmarfrance.online\/de\/wp-json\/wp\/v2\/product\/17771","targetHints":{"allow":["GET"]}}],"collection":[{"href":"https:\/\/hakmarfrance.online\/de\/wp-json\/wp\/v2\/product"}],"about":[{"href":"https:\/\/hakmarfrance.online\/de\/wp-json\/wp\/v2\/types\/product"}],"replies":[{"embeddable":true,"href":"https:\/\/hakmarfrance.online\/de\/wp-json\/wp\/v2\/comments?post=17771"}],"version-history":[{"count":0,"href":"https:\/\/hakmarfrance.online\/de\/wp-json\/wp\/v2\/product\/17771\/revisions"}],"wp:featuredmedia":[{"embeddable":true,"href":"https:\/\/hakmarfrance.online\/de\/wp-json\/wp\/v2\/media\/17773"}],"wp:attachment":[{"href":"https:\/\/hakmarfrance.online\/de\/wp-json\/wp\/v2\/media?parent=17771"}],"wp:term":[{"taxonomy":"product_brand","embeddable":true,"href":"https:\/\/hakmarfrance.online\/de\/wp-json\/wp\/v2\/product_brand?post=17771"},{"taxonomy":"product_cat","embeddable":true,"href":"https:\/\/hakmarfrance.online\/de\/wp-json\/wp\/v2\/product_cat?post=17771"},{"taxonomy":"product_tag","embeddable":true,"href":"https:\/\/hakmarfrance.online\/de\/wp-json\/wp\/v2\/product_tag?post=17771"}],"curies":[{"name":"wp","href":"https:\/\/api.w.org\/{rel}","templated":true}]}}