{"id":17787,"date":"2025-06-16T07:58:34","date_gmt":"2025-06-16T07:58:34","guid":{"rendered":"https:\/\/hakmarfrance.online\/produit\/sucuk-emre-egetuerk-1-kg-kangal-mild-mit-knoblauch\/"},"modified":"2025-06-16T07:58:34","modified_gmt":"2025-06-16T07:58:34","slug":"sucuk-emre-egetuerk-1-kg-kangal-mild-mit-knoblauch","status":"publish","type":"product","link":"https:\/\/hakmarfrance.online\/de\/produit\/sucuk-emre-egetuerk-1-kg-kangal-mild-mit-knoblauch\/","title":{"rendered":"Sucuk EMRE Eget\u00fcrk 1 kg \u2013 Kangal Mild mit Knoblauch"},"content":{"rendered":"","protected":false},"excerpt":{"rendered":"<p>Traditionelle t\u00fcrkische Sucuk mit mildem Knoblauchgeschmack, die EMRE Kangal von Eget\u00fcrk ist ein Muss f\u00fcr dein Fr\u00fchst\u00fcck oder deine Grillabende. Sorgf\u00e4ltig zubereitet aus Rindfleisch und schmackhaften Gew\u00fcrzen, bietet sie einen authentischen Geschmack und eine zartschmelzende Textur, um deine orientalischen Rezepte zu verfeinern. <\/p>\n","protected":false},"featured_media":17788,"comment_status":"open","ping_status":"closed","template":"","meta":{"iawp_total_views":0},"product_brand":[167],"product_cat":[226,251,252,269,230,267],"product_tag":[],"class_list":{"0":"post-17787","1":"product","2":"type-product","3":"status-publish","4":"has-post-thumbnail","6":"product_brand-egeturk","7":"product_cat-alle-unsere-produkte","8":"product_cat-fleisch-fisch-feinkost","9":"product_cat-halal-metzgerei","10":"product_cat-orientalische-lebensmittel","11":"product_cat-traditionelle-turkische-produkte","12":"product_cat-wurstwaren-sucuk-pastirma","14":"first","15":"instock","16":"shipping-taxable","17":"purchasable","18":"product-type-simple"},"yoast_head":"<!-- This site is optimized with the Yoast SEO plugin v27.3 - https:\/\/yoast.com\/product\/yoast-seo-wordpress\/ -->\n<title>Sucuk EMRE Eget\u00fcrk 1 kg \u2013 Kangal Mild mit Knoblauch - hakmarfrance.online<\/title>\n<meta name=\"robots\" content=\"index, follow, max-snippet:-1, max-image-preview:large, max-video-preview:-1\" \/>\n<link rel=\"canonical\" href=\"https:\/\/hakmarfrance.online\/de\/produit\/sucuk-emre-egetuerk-1-kg-kangal-mild-mit-knoblauch\/\" \/>\n<meta property=\"og:locale\" content=\"de_DE\" \/>\n<meta property=\"og:type\" content=\"article\" \/>\n<meta property=\"og:title\" content=\"Sucuk EMRE Eget\u00fcrk 1 kg \u2013 Kangal Mild mit Knoblauch - hakmarfrance.online\" \/>\n<meta property=\"og:description\" content=\"Traditionelle t\u00fcrkische Sucuk mit mildem Knoblauchgeschmack, die EMRE Kangal von Eget\u00fcrk ist ein Muss f\u00fcr dein Fr\u00fchst\u00fcck oder deine Grillabende. Sorgf\u00e4ltig zubereitet aus Rindfleisch und schmackhaften Gew\u00fcrzen, bietet sie einen authentischen Geschmack und eine zartschmelzende Textur, um deine orientalischen Rezepte zu verfeinern.\" \/>\n<meta property=\"og:url\" content=\"https:\/\/hakmarfrance.online\/de\/produit\/sucuk-emre-egetuerk-1-kg-kangal-mild-mit-knoblauch\/\" \/>\n<meta property=\"og:site_name\" content=\"hakmarfrance.online\" \/>\n<meta property=\"article:publisher\" content=\"https:\/\/www.facebook.com\/HakmarFranceSupermarche\/?locale=fr_FR\" \/>\n<meta property=\"og:image\" content=\"https:\/\/hakmarfrance.online\/wp-content\/uploads\/2025\/06\/Sucuk_EMRE_Egeturk_1kg_Kangal_Doux_a_l_Ail-.avif\" \/>\n\t<meta property=\"og:image:width\" content=\"1000\" \/>\n\t<meta property=\"og:image:height\" content=\"800\" \/>\n\t<meta property=\"og:image:type\" content=\"image\/png\" \/>\n<meta name=\"twitter:card\" content=\"summary_large_image\" \/>\n<script type=\"application\/ld+json\" class=\"yoast-schema-graph\">{\"@context\":\"https:\\\/\\\/schema.org\",\"@graph\":[{\"@type\":\"WebPage\",\"@id\":\"https:\\\/\\\/hakmarfrance.online\\\/de\\\/produit\\\/sucuk-emre-egetuerk-1-kg-kangal-mild-mit-knoblauch\\\/\",\"url\":\"https:\\\/\\\/hakmarfrance.online\\\/de\\\/produit\\\/sucuk-emre-egetuerk-1-kg-kangal-mild-mit-knoblauch\\\/\",\"name\":\"Sucuk EMRE Eget\u00fcrk 1 kg \u2013 Kangal Mild mit Knoblauch - hakmarfrance.online\",\"isPartOf\":{\"@id\":\"https:\\\/\\\/hakmarfrance.online\\\/de\\\/#website\"},\"primaryImageOfPage\":{\"@id\":\"https:\\\/\\\/hakmarfrance.online\\\/de\\\/produit\\\/sucuk-emre-egetuerk-1-kg-kangal-mild-mit-knoblauch\\\/#primaryimage\"},\"image\":{\"@id\":\"https:\\\/\\\/hakmarfrance.online\\\/de\\\/produit\\\/sucuk-emre-egetuerk-1-kg-kangal-mild-mit-knoblauch\\\/#primaryimage\"},\"thumbnailUrl\":\"https:\\\/\\\/hakmarfrance.online\\\/wp-content\\\/uploads\\\/2025\\\/06\\\/Sucuk_EMRE_Egeturk_1kg_Kangal_Doux_a_l_Ail-.avif\",\"datePublished\":\"2025-06-16T07:58:34+00:00\",\"breadcrumb\":{\"@id\":\"https:\\\/\\\/hakmarfrance.online\\\/de\\\/produit\\\/sucuk-emre-egetuerk-1-kg-kangal-mild-mit-knoblauch\\\/#breadcrumb\"},\"inLanguage\":\"de\",\"potentialAction\":[{\"@type\":\"ReadAction\",\"target\":[\"https:\\\/\\\/hakmarfrance.online\\\/de\\\/produit\\\/sucuk-emre-egetuerk-1-kg-kangal-mild-mit-knoblauch\\\/\"]}]},{\"@type\":\"ImageObject\",\"inLanguage\":\"de\",\"@id\":\"https:\\\/\\\/hakmarfrance.online\\\/de\\\/produit\\\/sucuk-emre-egetuerk-1-kg-kangal-mild-mit-knoblauch\\\/#primaryimage\",\"url\":\"https:\\\/\\\/hakmarfrance.online\\\/wp-content\\\/uploads\\\/2025\\\/06\\\/Sucuk_EMRE_Egeturk_1kg_Kangal_Doux_a_l_Ail-.avif\",\"contentUrl\":\"https:\\\/\\\/hakmarfrance.online\\\/wp-content\\\/uploads\\\/2025\\\/06\\\/Sucuk_EMRE_Egeturk_1kg_Kangal_Doux_a_l_Ail-.avif\",\"width\":1000,\"height\":800},{\"@type\":\"BreadcrumbList\",\"@id\":\"https:\\\/\\\/hakmarfrance.online\\\/de\\\/produit\\\/sucuk-emre-egetuerk-1-kg-kangal-mild-mit-knoblauch\\\/#breadcrumb\",\"itemListElement\":[{\"@type\":\"ListItem\",\"position\":1,\"name\":\"Accueil\",\"item\":\"https:\\\/\\\/hakmarfrance.online\\\/de\\\/\"},{\"@type\":\"ListItem\",\"position\":2,\"name\":\"Shop\",\"item\":\"https:\\\/\\\/hakmarfrance.online\\\/de\\\/shop\\\/\"},{\"@type\":\"ListItem\",\"position\":3,\"name\":\"Sucuk EMRE Eget\u00fcrk 1 kg \u2013 Kangal Mild mit Knoblauch\"}]},{\"@type\":\"WebSite\",\"@id\":\"https:\\\/\\\/hakmarfrance.online\\\/de\\\/#website\",\"url\":\"https:\\\/\\\/hakmarfrance.online\\\/de\\\/\",\"name\":\"hakmarfrance.online\",\"description\":\"\",\"publisher\":{\"@id\":\"https:\\\/\\\/hakmarfrance.online\\\/de\\\/#organization\"},\"potentialAction\":[{\"@type\":\"SearchAction\",\"target\":{\"@type\":\"EntryPoint\",\"urlTemplate\":\"https:\\\/\\\/hakmarfrance.online\\\/de\\\/?s={search_term_string}\"},\"query-input\":{\"@type\":\"PropertyValueSpecification\",\"valueRequired\":true,\"valueName\":\"search_term_string\"}}],\"inLanguage\":\"de\"},{\"@type\":\"Organization\",\"@id\":\"https:\\\/\\\/hakmarfrance.online\\\/de\\\/#organization\",\"name\":\"hakmarfrance.online\",\"url\":\"https:\\\/\\\/hakmarfrance.online\\\/de\\\/\",\"logo\":{\"@type\":\"ImageObject\",\"inLanguage\":\"de\",\"@id\":\"https:\\\/\\\/hakmarfrance.online\\\/de\\\/#\\\/schema\\\/logo\\\/image\\\/\",\"url\":\"https:\\\/\\\/hakmarfrance.online\\\/wp-content\\\/uploads\\\/2025\\\/06\\\/logo-hakmarfrance.png\",\"contentUrl\":\"https:\\\/\\\/hakmarfrance.online\\\/wp-content\\\/uploads\\\/2025\\\/06\\\/logo-hakmarfrance.png\",\"width\":528,\"height\":232,\"caption\":\"hakmarfrance.online\"},\"image\":{\"@id\":\"https:\\\/\\\/hakmarfrance.online\\\/de\\\/#\\\/schema\\\/logo\\\/image\\\/\"},\"sameAs\":[\"https:\\\/\\\/www.facebook.com\\\/HakmarFranceSupermarche\\\/?locale=fr_FR\",\"https:\\\/\\\/www.instagram.com\\\/hakmarfrancesupermarche\\\/\"]}]}<\/script>\n<!-- \/ Yoast SEO plugin. -->","yoast_head_json":{"title":"Sucuk EMRE Eget\u00fcrk 1 kg \u2013 Kangal Mild mit Knoblauch - hakmarfrance.online","robots":{"index":"index","follow":"follow","max-snippet":"max-snippet:-1","max-image-preview":"max-image-preview:large","max-video-preview":"max-video-preview:-1"},"canonical":"https:\/\/hakmarfrance.online\/de\/produit\/sucuk-emre-egetuerk-1-kg-kangal-mild-mit-knoblauch\/","og_locale":"de_DE","og_type":"article","og_title":"Sucuk EMRE Eget\u00fcrk 1 kg \u2013 Kangal Mild mit Knoblauch - hakmarfrance.online","og_description":"Traditionelle t\u00fcrkische Sucuk mit mildem Knoblauchgeschmack, die EMRE Kangal von Eget\u00fcrk ist ein Muss f\u00fcr dein Fr\u00fchst\u00fcck oder deine Grillabende. Sorgf\u00e4ltig zubereitet aus Rindfleisch und schmackhaften Gew\u00fcrzen, bietet sie einen authentischen Geschmack und eine zartschmelzende Textur, um deine orientalischen Rezepte zu verfeinern.","og_url":"https:\/\/hakmarfrance.online\/de\/produit\/sucuk-emre-egetuerk-1-kg-kangal-mild-mit-knoblauch\/","og_site_name":"hakmarfrance.online","article_publisher":"https:\/\/www.facebook.com\/HakmarFranceSupermarche\/?locale=fr_FR","og_image":[{"width":1000,"height":800,"url":"https:\/\/hakmarfrance.online\/wp-content\/uploads\/2025\/06\/Sucuk_EMRE_Egeturk_1kg_Kangal_Doux_a_l_Ail-.avif","type":"image\/png"}],"twitter_card":"summary_large_image","schema":{"@context":"https:\/\/schema.org","@graph":[{"@type":"WebPage","@id":"https:\/\/hakmarfrance.online\/de\/produit\/sucuk-emre-egetuerk-1-kg-kangal-mild-mit-knoblauch\/","url":"https:\/\/hakmarfrance.online\/de\/produit\/sucuk-emre-egetuerk-1-kg-kangal-mild-mit-knoblauch\/","name":"Sucuk EMRE Eget\u00fcrk 1 kg \u2013 Kangal Mild mit Knoblauch - hakmarfrance.online","isPartOf":{"@id":"https:\/\/hakmarfrance.online\/de\/#website"},"primaryImageOfPage":{"@id":"https:\/\/hakmarfrance.online\/de\/produit\/sucuk-emre-egetuerk-1-kg-kangal-mild-mit-knoblauch\/#primaryimage"},"image":{"@id":"https:\/\/hakmarfrance.online\/de\/produit\/sucuk-emre-egetuerk-1-kg-kangal-mild-mit-knoblauch\/#primaryimage"},"thumbnailUrl":"https:\/\/hakmarfrance.online\/wp-content\/uploads\/2025\/06\/Sucuk_EMRE_Egeturk_1kg_Kangal_Doux_a_l_Ail-.avif","datePublished":"2025-06-16T07:58:34+00:00","breadcrumb":{"@id":"https:\/\/hakmarfrance.online\/de\/produit\/sucuk-emre-egetuerk-1-kg-kangal-mild-mit-knoblauch\/#breadcrumb"},"inLanguage":"de","potentialAction":[{"@type":"ReadAction","target":["https:\/\/hakmarfrance.online\/de\/produit\/sucuk-emre-egetuerk-1-kg-kangal-mild-mit-knoblauch\/"]}]},{"@type":"ImageObject","inLanguage":"de","@id":"https:\/\/hakmarfrance.online\/de\/produit\/sucuk-emre-egetuerk-1-kg-kangal-mild-mit-knoblauch\/#primaryimage","url":"https:\/\/hakmarfrance.online\/wp-content\/uploads\/2025\/06\/Sucuk_EMRE_Egeturk_1kg_Kangal_Doux_a_l_Ail-.avif","contentUrl":"https:\/\/hakmarfrance.online\/wp-content\/uploads\/2025\/06\/Sucuk_EMRE_Egeturk_1kg_Kangal_Doux_a_l_Ail-.avif","width":1000,"height":800},{"@type":"BreadcrumbList","@id":"https:\/\/hakmarfrance.online\/de\/produit\/sucuk-emre-egetuerk-1-kg-kangal-mild-mit-knoblauch\/#breadcrumb","itemListElement":[{"@type":"ListItem","position":1,"name":"Accueil","item":"https:\/\/hakmarfrance.online\/de\/"},{"@type":"ListItem","position":2,"name":"Shop","item":"https:\/\/hakmarfrance.online\/de\/shop\/"},{"@type":"ListItem","position":3,"name":"Sucuk EMRE Eget\u00fcrk 1 kg \u2013 Kangal Mild mit Knoblauch"}]},{"@type":"WebSite","@id":"https:\/\/hakmarfrance.online\/de\/#website","url":"https:\/\/hakmarfrance.online\/de\/","name":"hakmarfrance.online","description":"","publisher":{"@id":"https:\/\/hakmarfrance.online\/de\/#organization"},"potentialAction":[{"@type":"SearchAction","target":{"@type":"EntryPoint","urlTemplate":"https:\/\/hakmarfrance.online\/de\/?s={search_term_string}"},"query-input":{"@type":"PropertyValueSpecification","valueRequired":true,"valueName":"search_term_string"}}],"inLanguage":"de"},{"@type":"Organization","@id":"https:\/\/hakmarfrance.online\/de\/#organization","name":"hakmarfrance.online","url":"https:\/\/hakmarfrance.online\/de\/","logo":{"@type":"ImageObject","inLanguage":"de","@id":"https:\/\/hakmarfrance.online\/de\/#\/schema\/logo\/image\/","url":"https:\/\/hakmarfrance.online\/wp-content\/uploads\/2025\/06\/logo-hakmarfrance.png","contentUrl":"https:\/\/hakmarfrance.online\/wp-content\/uploads\/2025\/06\/logo-hakmarfrance.png","width":528,"height":232,"caption":"hakmarfrance.online"},"image":{"@id":"https:\/\/hakmarfrance.online\/de\/#\/schema\/logo\/image\/"},"sameAs":["https:\/\/www.facebook.com\/HakmarFranceSupermarche\/?locale=fr_FR","https:\/\/www.instagram.com\/hakmarfrancesupermarche\/"]}]}},"_links":{"self":[{"href":"https:\/\/hakmarfrance.online\/de\/wp-json\/wp\/v2\/product\/17787","targetHints":{"allow":["GET"]}}],"collection":[{"href":"https:\/\/hakmarfrance.online\/de\/wp-json\/wp\/v2\/product"}],"about":[{"href":"https:\/\/hakmarfrance.online\/de\/wp-json\/wp\/v2\/types\/product"}],"replies":[{"embeddable":true,"href":"https:\/\/hakmarfrance.online\/de\/wp-json\/wp\/v2\/comments?post=17787"}],"version-history":[{"count":0,"href":"https:\/\/hakmarfrance.online\/de\/wp-json\/wp\/v2\/product\/17787\/revisions"}],"wp:featuredmedia":[{"embeddable":true,"href":"https:\/\/hakmarfrance.online\/de\/wp-json\/wp\/v2\/media\/17788"}],"wp:attachment":[{"href":"https:\/\/hakmarfrance.online\/de\/wp-json\/wp\/v2\/media?parent=17787"}],"wp:term":[{"taxonomy":"product_brand","embeddable":true,"href":"https:\/\/hakmarfrance.online\/de\/wp-json\/wp\/v2\/product_brand?post=17787"},{"taxonomy":"product_cat","embeddable":true,"href":"https:\/\/hakmarfrance.online\/de\/wp-json\/wp\/v2\/product_cat?post=17787"},{"taxonomy":"product_tag","embeddable":true,"href":"https:\/\/hakmarfrance.online\/de\/wp-json\/wp\/v2\/product_tag?post=17787"}],"curies":[{"name":"wp","href":"https:\/\/api.w.org\/{rel}","templated":true}]}}