{"id":17794,"date":"2025-06-16T07:57:20","date_gmt":"2025-06-16T07:57:20","guid":{"rendered":"https:\/\/hakmarfrance.online\/produit\/egetuerk-sirma-parmak-sucuk-1000-g-tuerkische-halal-wurst\/"},"modified":"2025-06-16T07:57:20","modified_gmt":"2025-06-16T07:57:20","slug":"egetuerk-sirma-parmak-sucuk-1000-g-tuerkische-halal-wurst","status":"publish","type":"product","link":"https:\/\/hakmarfrance.online\/de\/produit\/egetuerk-sirma-parmak-sucuk-1000-g-tuerkische-halal-wurst\/","title":{"rendered":"Eget\u00fcrk Sirma Parmak Sucuk 1000 g \u2013 T\u00fcrkische Halal-Wurst"},"content":{"rendered":"","protected":false},"excerpt":{"rendered":"<p>Genie\u00dfe die Intensit\u00e4t des echten t\u00fcrkischen Sucuk mit Eget\u00fcrk Sirma Parmak. Traditionell aus gew\u00fcrztem Rindfleisch hergestellt, ist diese 1 kg Halal-Wurst perfekt zum Grillen, im Sandwich oder in deinen orientalischen Gerichten. Eine authentische Note, um deine Rezepte aufzupeppen.  <\/p>\n","protected":false},"featured_media":17796,"comment_status":"open","ping_status":"closed","template":"","meta":{"iawp_total_views":0},"product_brand":[167],"product_cat":[226,251,252,269,230,267],"product_tag":[],"class_list":{"0":"post-17794","1":"product","2":"type-product","3":"status-publish","4":"has-post-thumbnail","6":"product_brand-egeturk","7":"product_cat-alle-unsere-produkte","8":"product_cat-fleisch-fisch-feinkost","9":"product_cat-halal-metzgerei","10":"product_cat-orientalische-lebensmittel","11":"product_cat-traditionelle-turkische-produkte","12":"product_cat-wurstwaren-sucuk-pastirma","14":"first","15":"instock","16":"shipping-taxable","17":"purchasable","18":"product-type-simple"},"yoast_head":"<!-- This site is optimized with the Yoast SEO plugin v27.3 - https:\/\/yoast.com\/product\/yoast-seo-wordpress\/ -->\n<title>Eget\u00fcrk Sirma Parmak Sucuk 1000 g \u2013 T\u00fcrkische Halal-Wurst - hakmarfrance.online<\/title>\n<meta name=\"robots\" content=\"index, follow, max-snippet:-1, max-image-preview:large, max-video-preview:-1\" \/>\n<link rel=\"canonical\" href=\"https:\/\/hakmarfrance.online\/de\/produit\/egetuerk-sirma-parmak-sucuk-1000-g-tuerkische-halal-wurst\/\" \/>\n<meta property=\"og:locale\" content=\"de_DE\" \/>\n<meta property=\"og:type\" content=\"article\" \/>\n<meta property=\"og:title\" content=\"Eget\u00fcrk Sirma Parmak Sucuk 1000 g \u2013 T\u00fcrkische Halal-Wurst - hakmarfrance.online\" \/>\n<meta property=\"og:description\" content=\"Genie\u00dfe die Intensit\u00e4t des echten t\u00fcrkischen Sucuk mit Eget\u00fcrk Sirma Parmak. Traditionell aus gew\u00fcrztem Rindfleisch hergestellt, ist diese 1 kg Halal-Wurst perfekt zum Grillen, im Sandwich oder in deinen orientalischen Gerichten. Eine authentische Note, um deine Rezepte aufzupeppen.\" \/>\n<meta property=\"og:url\" content=\"https:\/\/hakmarfrance.online\/de\/produit\/egetuerk-sirma-parmak-sucuk-1000-g-tuerkische-halal-wurst\/\" \/>\n<meta property=\"og:site_name\" content=\"hakmarfrance.online\" \/>\n<meta property=\"article:publisher\" content=\"https:\/\/www.facebook.com\/HakmarFranceSupermarche\/?locale=fr_FR\" \/>\n<meta property=\"og:image\" content=\"https:\/\/hakmarfrance.online\/wp-content\/uploads\/2025\/06\/egeturk-sirma-parmak-sucuk-1Kg-1.avif\" \/>\n\t<meta property=\"og:image:width\" content=\"1000\" \/>\n\t<meta property=\"og:image:height\" content=\"800\" \/>\n\t<meta property=\"og:image:type\" content=\"image\/png\" \/>\n<meta name=\"twitter:card\" content=\"summary_large_image\" \/>\n<script type=\"application\/ld+json\" class=\"yoast-schema-graph\">{\"@context\":\"https:\\\/\\\/schema.org\",\"@graph\":[{\"@type\":\"WebPage\",\"@id\":\"https:\\\/\\\/hakmarfrance.online\\\/de\\\/produit\\\/egetuerk-sirma-parmak-sucuk-1000-g-tuerkische-halal-wurst\\\/\",\"url\":\"https:\\\/\\\/hakmarfrance.online\\\/de\\\/produit\\\/egetuerk-sirma-parmak-sucuk-1000-g-tuerkische-halal-wurst\\\/\",\"name\":\"Eget\u00fcrk Sirma Parmak Sucuk 1000 g \u2013 T\u00fcrkische Halal-Wurst - hakmarfrance.online\",\"isPartOf\":{\"@id\":\"https:\\\/\\\/hakmarfrance.online\\\/de\\\/#website\"},\"primaryImageOfPage\":{\"@id\":\"https:\\\/\\\/hakmarfrance.online\\\/de\\\/produit\\\/egetuerk-sirma-parmak-sucuk-1000-g-tuerkische-halal-wurst\\\/#primaryimage\"},\"image\":{\"@id\":\"https:\\\/\\\/hakmarfrance.online\\\/de\\\/produit\\\/egetuerk-sirma-parmak-sucuk-1000-g-tuerkische-halal-wurst\\\/#primaryimage\"},\"thumbnailUrl\":\"https:\\\/\\\/hakmarfrance.online\\\/wp-content\\\/uploads\\\/2025\\\/06\\\/egeturk-sirma-parmak-sucuk-1Kg-1.avif\",\"datePublished\":\"2025-06-16T07:57:20+00:00\",\"breadcrumb\":{\"@id\":\"https:\\\/\\\/hakmarfrance.online\\\/de\\\/produit\\\/egetuerk-sirma-parmak-sucuk-1000-g-tuerkische-halal-wurst\\\/#breadcrumb\"},\"inLanguage\":\"de\",\"potentialAction\":[{\"@type\":\"ReadAction\",\"target\":[\"https:\\\/\\\/hakmarfrance.online\\\/de\\\/produit\\\/egetuerk-sirma-parmak-sucuk-1000-g-tuerkische-halal-wurst\\\/\"]}]},{\"@type\":\"ImageObject\",\"inLanguage\":\"de\",\"@id\":\"https:\\\/\\\/hakmarfrance.online\\\/de\\\/produit\\\/egetuerk-sirma-parmak-sucuk-1000-g-tuerkische-halal-wurst\\\/#primaryimage\",\"url\":\"https:\\\/\\\/hakmarfrance.online\\\/wp-content\\\/uploads\\\/2025\\\/06\\\/egeturk-sirma-parmak-sucuk-1Kg-1.avif\",\"contentUrl\":\"https:\\\/\\\/hakmarfrance.online\\\/wp-content\\\/uploads\\\/2025\\\/06\\\/egeturk-sirma-parmak-sucuk-1Kg-1.avif\",\"width\":1000,\"height\":800},{\"@type\":\"BreadcrumbList\",\"@id\":\"https:\\\/\\\/hakmarfrance.online\\\/de\\\/produit\\\/egetuerk-sirma-parmak-sucuk-1000-g-tuerkische-halal-wurst\\\/#breadcrumb\",\"itemListElement\":[{\"@type\":\"ListItem\",\"position\":1,\"name\":\"Accueil\",\"item\":\"https:\\\/\\\/hakmarfrance.online\\\/de\\\/\"},{\"@type\":\"ListItem\",\"position\":2,\"name\":\"Shop\",\"item\":\"https:\\\/\\\/hakmarfrance.online\\\/de\\\/shop\\\/\"},{\"@type\":\"ListItem\",\"position\":3,\"name\":\"Eget\u00fcrk Sirma Parmak Sucuk 1000 g \u2013 T\u00fcrkische Halal-Wurst\"}]},{\"@type\":\"WebSite\",\"@id\":\"https:\\\/\\\/hakmarfrance.online\\\/de\\\/#website\",\"url\":\"https:\\\/\\\/hakmarfrance.online\\\/de\\\/\",\"name\":\"hakmarfrance.online\",\"description\":\"\",\"publisher\":{\"@id\":\"https:\\\/\\\/hakmarfrance.online\\\/de\\\/#organization\"},\"potentialAction\":[{\"@type\":\"SearchAction\",\"target\":{\"@type\":\"EntryPoint\",\"urlTemplate\":\"https:\\\/\\\/hakmarfrance.online\\\/de\\\/?s={search_term_string}\"},\"query-input\":{\"@type\":\"PropertyValueSpecification\",\"valueRequired\":true,\"valueName\":\"search_term_string\"}}],\"inLanguage\":\"de\"},{\"@type\":\"Organization\",\"@id\":\"https:\\\/\\\/hakmarfrance.online\\\/de\\\/#organization\",\"name\":\"hakmarfrance.online\",\"url\":\"https:\\\/\\\/hakmarfrance.online\\\/de\\\/\",\"logo\":{\"@type\":\"ImageObject\",\"inLanguage\":\"de\",\"@id\":\"https:\\\/\\\/hakmarfrance.online\\\/de\\\/#\\\/schema\\\/logo\\\/image\\\/\",\"url\":\"https:\\\/\\\/hakmarfrance.online\\\/wp-content\\\/uploads\\\/2025\\\/06\\\/logo-hakmarfrance.png\",\"contentUrl\":\"https:\\\/\\\/hakmarfrance.online\\\/wp-content\\\/uploads\\\/2025\\\/06\\\/logo-hakmarfrance.png\",\"width\":528,\"height\":232,\"caption\":\"hakmarfrance.online\"},\"image\":{\"@id\":\"https:\\\/\\\/hakmarfrance.online\\\/de\\\/#\\\/schema\\\/logo\\\/image\\\/\"},\"sameAs\":[\"https:\\\/\\\/www.facebook.com\\\/HakmarFranceSupermarche\\\/?locale=fr_FR\",\"https:\\\/\\\/www.instagram.com\\\/hakmarfrancesupermarche\\\/\"]}]}<\/script>\n<!-- \/ Yoast SEO plugin. -->","yoast_head_json":{"title":"Eget\u00fcrk Sirma Parmak Sucuk 1000 g \u2013 T\u00fcrkische Halal-Wurst - hakmarfrance.online","robots":{"index":"index","follow":"follow","max-snippet":"max-snippet:-1","max-image-preview":"max-image-preview:large","max-video-preview":"max-video-preview:-1"},"canonical":"https:\/\/hakmarfrance.online\/de\/produit\/egetuerk-sirma-parmak-sucuk-1000-g-tuerkische-halal-wurst\/","og_locale":"de_DE","og_type":"article","og_title":"Eget\u00fcrk Sirma Parmak Sucuk 1000 g \u2013 T\u00fcrkische Halal-Wurst - hakmarfrance.online","og_description":"Genie\u00dfe die Intensit\u00e4t des echten t\u00fcrkischen Sucuk mit Eget\u00fcrk Sirma Parmak. Traditionell aus gew\u00fcrztem Rindfleisch hergestellt, ist diese 1 kg Halal-Wurst perfekt zum Grillen, im Sandwich oder in deinen orientalischen Gerichten. Eine authentische Note, um deine Rezepte aufzupeppen.","og_url":"https:\/\/hakmarfrance.online\/de\/produit\/egetuerk-sirma-parmak-sucuk-1000-g-tuerkische-halal-wurst\/","og_site_name":"hakmarfrance.online","article_publisher":"https:\/\/www.facebook.com\/HakmarFranceSupermarche\/?locale=fr_FR","og_image":[{"width":1000,"height":800,"url":"https:\/\/hakmarfrance.online\/wp-content\/uploads\/2025\/06\/egeturk-sirma-parmak-sucuk-1Kg-1.avif","type":"image\/png"}],"twitter_card":"summary_large_image","schema":{"@context":"https:\/\/schema.org","@graph":[{"@type":"WebPage","@id":"https:\/\/hakmarfrance.online\/de\/produit\/egetuerk-sirma-parmak-sucuk-1000-g-tuerkische-halal-wurst\/","url":"https:\/\/hakmarfrance.online\/de\/produit\/egetuerk-sirma-parmak-sucuk-1000-g-tuerkische-halal-wurst\/","name":"Eget\u00fcrk Sirma Parmak Sucuk 1000 g \u2013 T\u00fcrkische Halal-Wurst - hakmarfrance.online","isPartOf":{"@id":"https:\/\/hakmarfrance.online\/de\/#website"},"primaryImageOfPage":{"@id":"https:\/\/hakmarfrance.online\/de\/produit\/egetuerk-sirma-parmak-sucuk-1000-g-tuerkische-halal-wurst\/#primaryimage"},"image":{"@id":"https:\/\/hakmarfrance.online\/de\/produit\/egetuerk-sirma-parmak-sucuk-1000-g-tuerkische-halal-wurst\/#primaryimage"},"thumbnailUrl":"https:\/\/hakmarfrance.online\/wp-content\/uploads\/2025\/06\/egeturk-sirma-parmak-sucuk-1Kg-1.avif","datePublished":"2025-06-16T07:57:20+00:00","breadcrumb":{"@id":"https:\/\/hakmarfrance.online\/de\/produit\/egetuerk-sirma-parmak-sucuk-1000-g-tuerkische-halal-wurst\/#breadcrumb"},"inLanguage":"de","potentialAction":[{"@type":"ReadAction","target":["https:\/\/hakmarfrance.online\/de\/produit\/egetuerk-sirma-parmak-sucuk-1000-g-tuerkische-halal-wurst\/"]}]},{"@type":"ImageObject","inLanguage":"de","@id":"https:\/\/hakmarfrance.online\/de\/produit\/egetuerk-sirma-parmak-sucuk-1000-g-tuerkische-halal-wurst\/#primaryimage","url":"https:\/\/hakmarfrance.online\/wp-content\/uploads\/2025\/06\/egeturk-sirma-parmak-sucuk-1Kg-1.avif","contentUrl":"https:\/\/hakmarfrance.online\/wp-content\/uploads\/2025\/06\/egeturk-sirma-parmak-sucuk-1Kg-1.avif","width":1000,"height":800},{"@type":"BreadcrumbList","@id":"https:\/\/hakmarfrance.online\/de\/produit\/egetuerk-sirma-parmak-sucuk-1000-g-tuerkische-halal-wurst\/#breadcrumb","itemListElement":[{"@type":"ListItem","position":1,"name":"Accueil","item":"https:\/\/hakmarfrance.online\/de\/"},{"@type":"ListItem","position":2,"name":"Shop","item":"https:\/\/hakmarfrance.online\/de\/shop\/"},{"@type":"ListItem","position":3,"name":"Eget\u00fcrk Sirma Parmak Sucuk 1000 g \u2013 T\u00fcrkische Halal-Wurst"}]},{"@type":"WebSite","@id":"https:\/\/hakmarfrance.online\/de\/#website","url":"https:\/\/hakmarfrance.online\/de\/","name":"hakmarfrance.online","description":"","publisher":{"@id":"https:\/\/hakmarfrance.online\/de\/#organization"},"potentialAction":[{"@type":"SearchAction","target":{"@type":"EntryPoint","urlTemplate":"https:\/\/hakmarfrance.online\/de\/?s={search_term_string}"},"query-input":{"@type":"PropertyValueSpecification","valueRequired":true,"valueName":"search_term_string"}}],"inLanguage":"de"},{"@type":"Organization","@id":"https:\/\/hakmarfrance.online\/de\/#organization","name":"hakmarfrance.online","url":"https:\/\/hakmarfrance.online\/de\/","logo":{"@type":"ImageObject","inLanguage":"de","@id":"https:\/\/hakmarfrance.online\/de\/#\/schema\/logo\/image\/","url":"https:\/\/hakmarfrance.online\/wp-content\/uploads\/2025\/06\/logo-hakmarfrance.png","contentUrl":"https:\/\/hakmarfrance.online\/wp-content\/uploads\/2025\/06\/logo-hakmarfrance.png","width":528,"height":232,"caption":"hakmarfrance.online"},"image":{"@id":"https:\/\/hakmarfrance.online\/de\/#\/schema\/logo\/image\/"},"sameAs":["https:\/\/www.facebook.com\/HakmarFranceSupermarche\/?locale=fr_FR","https:\/\/www.instagram.com\/hakmarfrancesupermarche\/"]}]}},"_links":{"self":[{"href":"https:\/\/hakmarfrance.online\/de\/wp-json\/wp\/v2\/product\/17794","targetHints":{"allow":["GET"]}}],"collection":[{"href":"https:\/\/hakmarfrance.online\/de\/wp-json\/wp\/v2\/product"}],"about":[{"href":"https:\/\/hakmarfrance.online\/de\/wp-json\/wp\/v2\/types\/product"}],"replies":[{"embeddable":true,"href":"https:\/\/hakmarfrance.online\/de\/wp-json\/wp\/v2\/comments?post=17794"}],"version-history":[{"count":0,"href":"https:\/\/hakmarfrance.online\/de\/wp-json\/wp\/v2\/product\/17794\/revisions"}],"wp:featuredmedia":[{"embeddable":true,"href":"https:\/\/hakmarfrance.online\/de\/wp-json\/wp\/v2\/media\/17796"}],"wp:attachment":[{"href":"https:\/\/hakmarfrance.online\/de\/wp-json\/wp\/v2\/media?parent=17794"}],"wp:term":[{"taxonomy":"product_brand","embeddable":true,"href":"https:\/\/hakmarfrance.online\/de\/wp-json\/wp\/v2\/product_brand?post=17794"},{"taxonomy":"product_cat","embeddable":true,"href":"https:\/\/hakmarfrance.online\/de\/wp-json\/wp\/v2\/product_cat?post=17794"},{"taxonomy":"product_tag","embeddable":true,"href":"https:\/\/hakmarfrance.online\/de\/wp-json\/wp\/v2\/product_tag?post=17794"}],"curies":[{"name":"wp","href":"https:\/\/api.w.org\/{rel}","templated":true}]}}