{"id":17797,"date":"2025-06-16T07:59:55","date_gmt":"2025-06-16T07:59:55","guid":{"rendered":"https:\/\/hakmarfrance.online\/produit\/sucuk-efepasa-pasam-1-kg-100-halal-rindfleisch\/"},"modified":"2025-06-16T07:59:55","modified_gmt":"2025-06-16T07:59:55","slug":"sucuk-efepasa-pasam-1-kg-100-halal-rindfleisch","status":"publish","type":"product","link":"https:\/\/hakmarfrance.online\/de\/produit\/sucuk-efepasa-pasam-1-kg-100-halal-rindfleisch\/","title":{"rendered":"Sucuk Efepasa Pa\u015fam 1 kg \u2013 100 % Halal-Rindfleisch"},"content":{"rendered":"","protected":false},"excerpt":{"rendered":"<p>Genie\u00dfe den reichen Geschmack der echten t\u00fcrkischen Sucuk mit Efepasa Pa\u015fam. Exklusiv aus Halal-Rindfleisch hergestellt, bietet diese Parmak-Sucuk einen authentischen und w\u00fcrzigen Geschmack, ideal f\u00fcr Fr\u00fchst\u00fcck, Grillen oder deine Schmorgerichte. Ein gro\u00dfz\u00fcgiges Format f\u00fcr Liebhaber traditioneller K\u00fcche.  <\/p>\n","protected":false},"featured_media":17801,"comment_status":"open","ping_status":"closed","template":"","meta":{"iawp_total_views":0},"product_brand":[176],"product_cat":[226,251,252,269,230,267],"product_tag":[],"class_list":{"0":"post-17797","1":"product","2":"type-product","3":"status-publish","4":"has-post-thumbnail","6":"product_brand-efepasa","7":"product_cat-alle-unsere-produkte","8":"product_cat-fleisch-fisch-feinkost","9":"product_cat-halal-metzgerei","10":"product_cat-orientalische-lebensmittel","11":"product_cat-traditionelle-turkische-produkte","12":"product_cat-wurstwaren-sucuk-pastirma","14":"first","15":"instock","16":"shipping-taxable","17":"purchasable","18":"product-type-simple"},"yoast_head":"<!-- This site is optimized with the Yoast SEO plugin v27.3 - https:\/\/yoast.com\/product\/yoast-seo-wordpress\/ -->\n<title>Sucuk Efepasa Pa\u015fam 1 kg \u2013 100 % Halal-Rindfleisch - hakmarfrance.online<\/title>\n<meta name=\"robots\" content=\"index, follow, max-snippet:-1, max-image-preview:large, max-video-preview:-1\" \/>\n<link rel=\"canonical\" href=\"https:\/\/hakmarfrance.online\/de\/produit\/sucuk-efepasa-pasam-1-kg-100-halal-rindfleisch\/\" \/>\n<meta property=\"og:locale\" content=\"de_DE\" \/>\n<meta property=\"og:type\" content=\"article\" \/>\n<meta property=\"og:title\" content=\"Sucuk Efepasa Pa\u015fam 1 kg \u2013 100 % Halal-Rindfleisch - hakmarfrance.online\" \/>\n<meta property=\"og:description\" content=\"Genie\u00dfe den reichen Geschmack der echten t\u00fcrkischen Sucuk mit Efepasa Pa\u015fam. Exklusiv aus Halal-Rindfleisch hergestellt, bietet diese Parmak-Sucuk einen authentischen und w\u00fcrzigen Geschmack, ideal f\u00fcr Fr\u00fchst\u00fcck, Grillen oder deine Schmorgerichte. Ein gro\u00dfz\u00fcgiges Format f\u00fcr Liebhaber traditioneller K\u00fcche.\" \/>\n<meta property=\"og:url\" content=\"https:\/\/hakmarfrance.online\/de\/produit\/sucuk-efepasa-pasam-1-kg-100-halal-rindfleisch\/\" \/>\n<meta property=\"og:site_name\" content=\"hakmarfrance.online\" \/>\n<meta property=\"article:publisher\" content=\"https:\/\/www.facebook.com\/HakmarFranceSupermarche\/?locale=fr_FR\" \/>\n<meta property=\"og:image\" content=\"https:\/\/hakmarfrance.online\/wp-content\/uploads\/2025\/06\/Sucuk-Turc-Efepasa-1kg-100-Viande-de-Boeuf-Halal.png\" \/>\n\t<meta property=\"og:image:width\" content=\"1000\" \/>\n\t<meta property=\"og:image:height\" content=\"800\" \/>\n\t<meta property=\"og:image:type\" content=\"image\/png\" \/>\n<meta name=\"twitter:card\" content=\"summary_large_image\" \/>\n<script type=\"application\/ld+json\" class=\"yoast-schema-graph\">{\"@context\":\"https:\\\/\\\/schema.org\",\"@graph\":[{\"@type\":\"WebPage\",\"@id\":\"https:\\\/\\\/hakmarfrance.online\\\/de\\\/produit\\\/sucuk-efepasa-pasam-1-kg-100-halal-rindfleisch\\\/\",\"url\":\"https:\\\/\\\/hakmarfrance.online\\\/de\\\/produit\\\/sucuk-efepasa-pasam-1-kg-100-halal-rindfleisch\\\/\",\"name\":\"Sucuk Efepasa Pa\u015fam 1 kg \u2013 100 % Halal-Rindfleisch - hakmarfrance.online\",\"isPartOf\":{\"@id\":\"https:\\\/\\\/hakmarfrance.online\\\/de\\\/#website\"},\"primaryImageOfPage\":{\"@id\":\"https:\\\/\\\/hakmarfrance.online\\\/de\\\/produit\\\/sucuk-efepasa-pasam-1-kg-100-halal-rindfleisch\\\/#primaryimage\"},\"image\":{\"@id\":\"https:\\\/\\\/hakmarfrance.online\\\/de\\\/produit\\\/sucuk-efepasa-pasam-1-kg-100-halal-rindfleisch\\\/#primaryimage\"},\"thumbnailUrl\":\"https:\\\/\\\/hakmarfrance.online\\\/wp-content\\\/uploads\\\/2025\\\/06\\\/Sucuk-Turc-Efepasa-1kg-100-Viande-de-Boeuf-Halal.png\",\"datePublished\":\"2025-06-16T07:59:55+00:00\",\"breadcrumb\":{\"@id\":\"https:\\\/\\\/hakmarfrance.online\\\/de\\\/produit\\\/sucuk-efepasa-pasam-1-kg-100-halal-rindfleisch\\\/#breadcrumb\"},\"inLanguage\":\"de\",\"potentialAction\":[{\"@type\":\"ReadAction\",\"target\":[\"https:\\\/\\\/hakmarfrance.online\\\/de\\\/produit\\\/sucuk-efepasa-pasam-1-kg-100-halal-rindfleisch\\\/\"]}]},{\"@type\":\"ImageObject\",\"inLanguage\":\"de\",\"@id\":\"https:\\\/\\\/hakmarfrance.online\\\/de\\\/produit\\\/sucuk-efepasa-pasam-1-kg-100-halal-rindfleisch\\\/#primaryimage\",\"url\":\"https:\\\/\\\/hakmarfrance.online\\\/wp-content\\\/uploads\\\/2025\\\/06\\\/Sucuk-Turc-Efepasa-1kg-100-Viande-de-Boeuf-Halal.png\",\"contentUrl\":\"https:\\\/\\\/hakmarfrance.online\\\/wp-content\\\/uploads\\\/2025\\\/06\\\/Sucuk-Turc-Efepasa-1kg-100-Viande-de-Boeuf-Halal.png\",\"width\":1000,\"height\":800},{\"@type\":\"BreadcrumbList\",\"@id\":\"https:\\\/\\\/hakmarfrance.online\\\/de\\\/produit\\\/sucuk-efepasa-pasam-1-kg-100-halal-rindfleisch\\\/#breadcrumb\",\"itemListElement\":[{\"@type\":\"ListItem\",\"position\":1,\"name\":\"Accueil\",\"item\":\"https:\\\/\\\/hakmarfrance.online\\\/de\\\/\"},{\"@type\":\"ListItem\",\"position\":2,\"name\":\"Shop\",\"item\":\"https:\\\/\\\/hakmarfrance.online\\\/de\\\/shop\\\/\"},{\"@type\":\"ListItem\",\"position\":3,\"name\":\"Sucuk Efepasa Pa\u015fam 1 kg \u2013 100 % Halal-Rindfleisch\"}]},{\"@type\":\"WebSite\",\"@id\":\"https:\\\/\\\/hakmarfrance.online\\\/de\\\/#website\",\"url\":\"https:\\\/\\\/hakmarfrance.online\\\/de\\\/\",\"name\":\"hakmarfrance.online\",\"description\":\"\",\"publisher\":{\"@id\":\"https:\\\/\\\/hakmarfrance.online\\\/de\\\/#organization\"},\"potentialAction\":[{\"@type\":\"SearchAction\",\"target\":{\"@type\":\"EntryPoint\",\"urlTemplate\":\"https:\\\/\\\/hakmarfrance.online\\\/de\\\/?s={search_term_string}\"},\"query-input\":{\"@type\":\"PropertyValueSpecification\",\"valueRequired\":true,\"valueName\":\"search_term_string\"}}],\"inLanguage\":\"de\"},{\"@type\":\"Organization\",\"@id\":\"https:\\\/\\\/hakmarfrance.online\\\/de\\\/#organization\",\"name\":\"hakmarfrance.online\",\"url\":\"https:\\\/\\\/hakmarfrance.online\\\/de\\\/\",\"logo\":{\"@type\":\"ImageObject\",\"inLanguage\":\"de\",\"@id\":\"https:\\\/\\\/hakmarfrance.online\\\/de\\\/#\\\/schema\\\/logo\\\/image\\\/\",\"url\":\"https:\\\/\\\/hakmarfrance.online\\\/wp-content\\\/uploads\\\/2025\\\/06\\\/logo-hakmarfrance.png\",\"contentUrl\":\"https:\\\/\\\/hakmarfrance.online\\\/wp-content\\\/uploads\\\/2025\\\/06\\\/logo-hakmarfrance.png\",\"width\":528,\"height\":232,\"caption\":\"hakmarfrance.online\"},\"image\":{\"@id\":\"https:\\\/\\\/hakmarfrance.online\\\/de\\\/#\\\/schema\\\/logo\\\/image\\\/\"},\"sameAs\":[\"https:\\\/\\\/www.facebook.com\\\/HakmarFranceSupermarche\\\/?locale=fr_FR\",\"https:\\\/\\\/www.instagram.com\\\/hakmarfrancesupermarche\\\/\"]}]}<\/script>\n<!-- \/ Yoast SEO plugin. -->","yoast_head_json":{"title":"Sucuk Efepasa Pa\u015fam 1 kg \u2013 100 % Halal-Rindfleisch - hakmarfrance.online","robots":{"index":"index","follow":"follow","max-snippet":"max-snippet:-1","max-image-preview":"max-image-preview:large","max-video-preview":"max-video-preview:-1"},"canonical":"https:\/\/hakmarfrance.online\/de\/produit\/sucuk-efepasa-pasam-1-kg-100-halal-rindfleisch\/","og_locale":"de_DE","og_type":"article","og_title":"Sucuk Efepasa Pa\u015fam 1 kg \u2013 100 % Halal-Rindfleisch - hakmarfrance.online","og_description":"Genie\u00dfe den reichen Geschmack der echten t\u00fcrkischen Sucuk mit Efepasa Pa\u015fam. Exklusiv aus Halal-Rindfleisch hergestellt, bietet diese Parmak-Sucuk einen authentischen und w\u00fcrzigen Geschmack, ideal f\u00fcr Fr\u00fchst\u00fcck, Grillen oder deine Schmorgerichte. Ein gro\u00dfz\u00fcgiges Format f\u00fcr Liebhaber traditioneller K\u00fcche.","og_url":"https:\/\/hakmarfrance.online\/de\/produit\/sucuk-efepasa-pasam-1-kg-100-halal-rindfleisch\/","og_site_name":"hakmarfrance.online","article_publisher":"https:\/\/www.facebook.com\/HakmarFranceSupermarche\/?locale=fr_FR","og_image":[{"width":1000,"height":800,"url":"https:\/\/hakmarfrance.online\/wp-content\/uploads\/2025\/06\/Sucuk-Turc-Efepasa-1kg-100-Viande-de-Boeuf-Halal.png","type":"image\/png"}],"twitter_card":"summary_large_image","schema":{"@context":"https:\/\/schema.org","@graph":[{"@type":"WebPage","@id":"https:\/\/hakmarfrance.online\/de\/produit\/sucuk-efepasa-pasam-1-kg-100-halal-rindfleisch\/","url":"https:\/\/hakmarfrance.online\/de\/produit\/sucuk-efepasa-pasam-1-kg-100-halal-rindfleisch\/","name":"Sucuk Efepasa Pa\u015fam 1 kg \u2013 100 % Halal-Rindfleisch - hakmarfrance.online","isPartOf":{"@id":"https:\/\/hakmarfrance.online\/de\/#website"},"primaryImageOfPage":{"@id":"https:\/\/hakmarfrance.online\/de\/produit\/sucuk-efepasa-pasam-1-kg-100-halal-rindfleisch\/#primaryimage"},"image":{"@id":"https:\/\/hakmarfrance.online\/de\/produit\/sucuk-efepasa-pasam-1-kg-100-halal-rindfleisch\/#primaryimage"},"thumbnailUrl":"https:\/\/hakmarfrance.online\/wp-content\/uploads\/2025\/06\/Sucuk-Turc-Efepasa-1kg-100-Viande-de-Boeuf-Halal.png","datePublished":"2025-06-16T07:59:55+00:00","breadcrumb":{"@id":"https:\/\/hakmarfrance.online\/de\/produit\/sucuk-efepasa-pasam-1-kg-100-halal-rindfleisch\/#breadcrumb"},"inLanguage":"de","potentialAction":[{"@type":"ReadAction","target":["https:\/\/hakmarfrance.online\/de\/produit\/sucuk-efepasa-pasam-1-kg-100-halal-rindfleisch\/"]}]},{"@type":"ImageObject","inLanguage":"de","@id":"https:\/\/hakmarfrance.online\/de\/produit\/sucuk-efepasa-pasam-1-kg-100-halal-rindfleisch\/#primaryimage","url":"https:\/\/hakmarfrance.online\/wp-content\/uploads\/2025\/06\/Sucuk-Turc-Efepasa-1kg-100-Viande-de-Boeuf-Halal.png","contentUrl":"https:\/\/hakmarfrance.online\/wp-content\/uploads\/2025\/06\/Sucuk-Turc-Efepasa-1kg-100-Viande-de-Boeuf-Halal.png","width":1000,"height":800},{"@type":"BreadcrumbList","@id":"https:\/\/hakmarfrance.online\/de\/produit\/sucuk-efepasa-pasam-1-kg-100-halal-rindfleisch\/#breadcrumb","itemListElement":[{"@type":"ListItem","position":1,"name":"Accueil","item":"https:\/\/hakmarfrance.online\/de\/"},{"@type":"ListItem","position":2,"name":"Shop","item":"https:\/\/hakmarfrance.online\/de\/shop\/"},{"@type":"ListItem","position":3,"name":"Sucuk Efepasa Pa\u015fam 1 kg \u2013 100 % Halal-Rindfleisch"}]},{"@type":"WebSite","@id":"https:\/\/hakmarfrance.online\/de\/#website","url":"https:\/\/hakmarfrance.online\/de\/","name":"hakmarfrance.online","description":"","publisher":{"@id":"https:\/\/hakmarfrance.online\/de\/#organization"},"potentialAction":[{"@type":"SearchAction","target":{"@type":"EntryPoint","urlTemplate":"https:\/\/hakmarfrance.online\/de\/?s={search_term_string}"},"query-input":{"@type":"PropertyValueSpecification","valueRequired":true,"valueName":"search_term_string"}}],"inLanguage":"de"},{"@type":"Organization","@id":"https:\/\/hakmarfrance.online\/de\/#organization","name":"hakmarfrance.online","url":"https:\/\/hakmarfrance.online\/de\/","logo":{"@type":"ImageObject","inLanguage":"de","@id":"https:\/\/hakmarfrance.online\/de\/#\/schema\/logo\/image\/","url":"https:\/\/hakmarfrance.online\/wp-content\/uploads\/2025\/06\/logo-hakmarfrance.png","contentUrl":"https:\/\/hakmarfrance.online\/wp-content\/uploads\/2025\/06\/logo-hakmarfrance.png","width":528,"height":232,"caption":"hakmarfrance.online"},"image":{"@id":"https:\/\/hakmarfrance.online\/de\/#\/schema\/logo\/image\/"},"sameAs":["https:\/\/www.facebook.com\/HakmarFranceSupermarche\/?locale=fr_FR","https:\/\/www.instagram.com\/hakmarfrancesupermarche\/"]}]}},"_links":{"self":[{"href":"https:\/\/hakmarfrance.online\/de\/wp-json\/wp\/v2\/product\/17797","targetHints":{"allow":["GET"]}}],"collection":[{"href":"https:\/\/hakmarfrance.online\/de\/wp-json\/wp\/v2\/product"}],"about":[{"href":"https:\/\/hakmarfrance.online\/de\/wp-json\/wp\/v2\/types\/product"}],"replies":[{"embeddable":true,"href":"https:\/\/hakmarfrance.online\/de\/wp-json\/wp\/v2\/comments?post=17797"}],"version-history":[{"count":0,"href":"https:\/\/hakmarfrance.online\/de\/wp-json\/wp\/v2\/product\/17797\/revisions"}],"wp:featuredmedia":[{"embeddable":true,"href":"https:\/\/hakmarfrance.online\/de\/wp-json\/wp\/v2\/media\/17801"}],"wp:attachment":[{"href":"https:\/\/hakmarfrance.online\/de\/wp-json\/wp\/v2\/media?parent=17797"}],"wp:term":[{"taxonomy":"product_brand","embeddable":true,"href":"https:\/\/hakmarfrance.online\/de\/wp-json\/wp\/v2\/product_brand?post=17797"},{"taxonomy":"product_cat","embeddable":true,"href":"https:\/\/hakmarfrance.online\/de\/wp-json\/wp\/v2\/product_cat?post=17797"},{"taxonomy":"product_tag","embeddable":true,"href":"https:\/\/hakmarfrance.online\/de\/wp-json\/wp\/v2\/product_tag?post=17797"}],"curies":[{"name":"wp","href":"https:\/\/api.w.org\/{rel}","templated":true}]}}