{"id":17803,"date":"2025-06-16T07:46:39","date_gmt":"2025-06-16T07:46:39","guid":{"rendered":"https:\/\/hakmarfrance.online\/produit\/bioblas-keratin-kollagen-shampoo-360-ml-reparierend-volumen-kraft\/"},"modified":"2025-06-16T07:46:39","modified_gmt":"2025-06-16T07:46:39","slug":"bioblas-keratin-kollagen-shampoo-360-ml-reparierend-volumen-kraft","status":"publish","type":"product","link":"https:\/\/hakmarfrance.online\/de\/produit\/bioblas-keratin-kollagen-shampoo-360-ml-reparierend-volumen-kraft\/","title":{"rendered":"Bioblas Keratin &amp; Kollagen Shampoo 360 ml \u2013 Reparierend, Volumen &amp; Kraft"},"content":{"rendered":"","protected":false},"excerpt":{"rendered":"<p>Dieses reparierende Bioblas Shampoo mit Keratin, Kollagen und Vitamin E st\u00e4rkt die Haarfasern von der Wurzel bis in die Spitzen. Es verleiht feinem, glanzlosem oder gesch\u00e4digtem Haar wieder Volumen, Dichte und Vitalit\u00e4t und hilft gleichzeitig, Haarausfall zu reduzieren. Dermatologisch getestet, ohne Parabene.  <\/p>\n","protected":false},"featured_media":17804,"comment_status":"open","ping_status":"closed","template":"","meta":{"iawp_total_views":0},"product_brand":[189],"product_cat":[226,260],"product_tag":[],"class_list":{"0":"post-17803","1":"product","2":"type-product","3":"status-publish","4":"has-post-thumbnail","6":"product_brand-bioblas","7":"product_cat-alle-unsere-produkte","8":"product_cat-hygiene-pflege","10":"first","11":"instock","12":"shipping-taxable","13":"purchasable","14":"product-type-simple"},"yoast_head":"<!-- This site is optimized with the Yoast SEO plugin v27.3 - https:\/\/yoast.com\/product\/yoast-seo-wordpress\/ -->\n<title>Bioblas Keratin &amp; Kollagen Shampoo 360 ml \u2013 Reparierend, Volumen &amp; Kraft - hakmarfrance.online<\/title>\n<meta name=\"robots\" content=\"index, follow, max-snippet:-1, max-image-preview:large, max-video-preview:-1\" \/>\n<link rel=\"canonical\" href=\"https:\/\/hakmarfrance.online\/de\/produit\/bioblas-keratin-kollagen-shampoo-360-ml-reparierend-volumen-kraft\/\" \/>\n<meta property=\"og:locale\" content=\"de_DE\" \/>\n<meta property=\"og:type\" content=\"article\" \/>\n<meta property=\"og:title\" content=\"Bioblas Keratin &amp; Kollagen Shampoo 360 ml \u2013 Reparierend, Volumen &amp; Kraft - hakmarfrance.online\" \/>\n<meta property=\"og:description\" content=\"Dieses reparierende Bioblas Shampoo mit Keratin, Kollagen und Vitamin E st\u00e4rkt die Haarfasern von der Wurzel bis in die Spitzen. Es verleiht feinem, glanzlosem oder gesch\u00e4digtem Haar wieder Volumen, Dichte und Vitalit\u00e4t und hilft gleichzeitig, Haarausfall zu reduzieren. Dermatologisch getestet, ohne Parabene.\" \/>\n<meta property=\"og:url\" content=\"https:\/\/hakmarfrance.online\/de\/produit\/bioblas-keratin-kollagen-shampoo-360-ml-reparierend-volumen-kraft\/\" \/>\n<meta property=\"og:site_name\" content=\"hakmarfrance.online\" \/>\n<meta property=\"article:publisher\" content=\"https:\/\/www.facebook.com\/HakmarFranceSupermarche\/?locale=fr_FR\" \/>\n<meta property=\"og:image\" content=\"https:\/\/hakmarfrance.online\/wp-content\/uploads\/2025\/06\/bioblas-shampooing-keratine-collagene-reparateur-360ml.avif\" \/>\n\t<meta property=\"og:image:width\" content=\"1000\" \/>\n\t<meta property=\"og:image:height\" content=\"800\" \/>\n\t<meta property=\"og:image:type\" content=\"image\/png\" \/>\n<meta name=\"twitter:card\" content=\"summary_large_image\" \/>\n<script type=\"application\/ld+json\" class=\"yoast-schema-graph\">{\"@context\":\"https:\\\/\\\/schema.org\",\"@graph\":[{\"@type\":\"WebPage\",\"@id\":\"https:\\\/\\\/hakmarfrance.online\\\/de\\\/produit\\\/bioblas-keratin-kollagen-shampoo-360-ml-reparierend-volumen-kraft\\\/\",\"url\":\"https:\\\/\\\/hakmarfrance.online\\\/de\\\/produit\\\/bioblas-keratin-kollagen-shampoo-360-ml-reparierend-volumen-kraft\\\/\",\"name\":\"Bioblas Keratin &amp; Kollagen Shampoo 360 ml \u2013 Reparierend, Volumen &amp; Kraft - hakmarfrance.online\",\"isPartOf\":{\"@id\":\"https:\\\/\\\/hakmarfrance.online\\\/de\\\/#website\"},\"primaryImageOfPage\":{\"@id\":\"https:\\\/\\\/hakmarfrance.online\\\/de\\\/produit\\\/bioblas-keratin-kollagen-shampoo-360-ml-reparierend-volumen-kraft\\\/#primaryimage\"},\"image\":{\"@id\":\"https:\\\/\\\/hakmarfrance.online\\\/de\\\/produit\\\/bioblas-keratin-kollagen-shampoo-360-ml-reparierend-volumen-kraft\\\/#primaryimage\"},\"thumbnailUrl\":\"https:\\\/\\\/hakmarfrance.online\\\/wp-content\\\/uploads\\\/2025\\\/06\\\/bioblas-shampooing-keratine-collagene-reparateur-360ml.avif\",\"datePublished\":\"2025-06-16T07:46:39+00:00\",\"breadcrumb\":{\"@id\":\"https:\\\/\\\/hakmarfrance.online\\\/de\\\/produit\\\/bioblas-keratin-kollagen-shampoo-360-ml-reparierend-volumen-kraft\\\/#breadcrumb\"},\"inLanguage\":\"de\",\"potentialAction\":[{\"@type\":\"ReadAction\",\"target\":[\"https:\\\/\\\/hakmarfrance.online\\\/de\\\/produit\\\/bioblas-keratin-kollagen-shampoo-360-ml-reparierend-volumen-kraft\\\/\"]}]},{\"@type\":\"ImageObject\",\"inLanguage\":\"de\",\"@id\":\"https:\\\/\\\/hakmarfrance.online\\\/de\\\/produit\\\/bioblas-keratin-kollagen-shampoo-360-ml-reparierend-volumen-kraft\\\/#primaryimage\",\"url\":\"https:\\\/\\\/hakmarfrance.online\\\/wp-content\\\/uploads\\\/2025\\\/06\\\/bioblas-shampooing-keratine-collagene-reparateur-360ml.avif\",\"contentUrl\":\"https:\\\/\\\/hakmarfrance.online\\\/wp-content\\\/uploads\\\/2025\\\/06\\\/bioblas-shampooing-keratine-collagene-reparateur-360ml.avif\",\"width\":1000,\"height\":800},{\"@type\":\"BreadcrumbList\",\"@id\":\"https:\\\/\\\/hakmarfrance.online\\\/de\\\/produit\\\/bioblas-keratin-kollagen-shampoo-360-ml-reparierend-volumen-kraft\\\/#breadcrumb\",\"itemListElement\":[{\"@type\":\"ListItem\",\"position\":1,\"name\":\"Accueil\",\"item\":\"https:\\\/\\\/hakmarfrance.online\\\/de\\\/\"},{\"@type\":\"ListItem\",\"position\":2,\"name\":\"Shop\",\"item\":\"https:\\\/\\\/hakmarfrance.online\\\/de\\\/shop\\\/\"},{\"@type\":\"ListItem\",\"position\":3,\"name\":\"Bioblas Keratin &amp; Kollagen Shampoo 360 ml \u2013 Reparierend, Volumen &amp; Kraft\"}]},{\"@type\":\"WebSite\",\"@id\":\"https:\\\/\\\/hakmarfrance.online\\\/de\\\/#website\",\"url\":\"https:\\\/\\\/hakmarfrance.online\\\/de\\\/\",\"name\":\"hakmarfrance.online\",\"description\":\"\",\"publisher\":{\"@id\":\"https:\\\/\\\/hakmarfrance.online\\\/de\\\/#organization\"},\"potentialAction\":[{\"@type\":\"SearchAction\",\"target\":{\"@type\":\"EntryPoint\",\"urlTemplate\":\"https:\\\/\\\/hakmarfrance.online\\\/de\\\/?s={search_term_string}\"},\"query-input\":{\"@type\":\"PropertyValueSpecification\",\"valueRequired\":true,\"valueName\":\"search_term_string\"}}],\"inLanguage\":\"de\"},{\"@type\":\"Organization\",\"@id\":\"https:\\\/\\\/hakmarfrance.online\\\/de\\\/#organization\",\"name\":\"hakmarfrance.online\",\"url\":\"https:\\\/\\\/hakmarfrance.online\\\/de\\\/\",\"logo\":{\"@type\":\"ImageObject\",\"inLanguage\":\"de\",\"@id\":\"https:\\\/\\\/hakmarfrance.online\\\/de\\\/#\\\/schema\\\/logo\\\/image\\\/\",\"url\":\"https:\\\/\\\/hakmarfrance.online\\\/wp-content\\\/uploads\\\/2025\\\/06\\\/logo-hakmarfrance.png\",\"contentUrl\":\"https:\\\/\\\/hakmarfrance.online\\\/wp-content\\\/uploads\\\/2025\\\/06\\\/logo-hakmarfrance.png\",\"width\":528,\"height\":232,\"caption\":\"hakmarfrance.online\"},\"image\":{\"@id\":\"https:\\\/\\\/hakmarfrance.online\\\/de\\\/#\\\/schema\\\/logo\\\/image\\\/\"},\"sameAs\":[\"https:\\\/\\\/www.facebook.com\\\/HakmarFranceSupermarche\\\/?locale=fr_FR\",\"https:\\\/\\\/www.instagram.com\\\/hakmarfrancesupermarche\\\/\"]}]}<\/script>\n<!-- \/ Yoast SEO plugin. -->","yoast_head_json":{"title":"Bioblas Keratin &amp; Kollagen Shampoo 360 ml \u2013 Reparierend, Volumen &amp; Kraft - hakmarfrance.online","robots":{"index":"index","follow":"follow","max-snippet":"max-snippet:-1","max-image-preview":"max-image-preview:large","max-video-preview":"max-video-preview:-1"},"canonical":"https:\/\/hakmarfrance.online\/de\/produit\/bioblas-keratin-kollagen-shampoo-360-ml-reparierend-volumen-kraft\/","og_locale":"de_DE","og_type":"article","og_title":"Bioblas Keratin &amp; Kollagen Shampoo 360 ml \u2013 Reparierend, Volumen &amp; Kraft - hakmarfrance.online","og_description":"Dieses reparierende Bioblas Shampoo mit Keratin, Kollagen und Vitamin E st\u00e4rkt die Haarfasern von der Wurzel bis in die Spitzen. Es verleiht feinem, glanzlosem oder gesch\u00e4digtem Haar wieder Volumen, Dichte und Vitalit\u00e4t und hilft gleichzeitig, Haarausfall zu reduzieren. Dermatologisch getestet, ohne Parabene.","og_url":"https:\/\/hakmarfrance.online\/de\/produit\/bioblas-keratin-kollagen-shampoo-360-ml-reparierend-volumen-kraft\/","og_site_name":"hakmarfrance.online","article_publisher":"https:\/\/www.facebook.com\/HakmarFranceSupermarche\/?locale=fr_FR","og_image":[{"width":1000,"height":800,"url":"https:\/\/hakmarfrance.online\/wp-content\/uploads\/2025\/06\/bioblas-shampooing-keratine-collagene-reparateur-360ml.avif","type":"image\/png"}],"twitter_card":"summary_large_image","schema":{"@context":"https:\/\/schema.org","@graph":[{"@type":"WebPage","@id":"https:\/\/hakmarfrance.online\/de\/produit\/bioblas-keratin-kollagen-shampoo-360-ml-reparierend-volumen-kraft\/","url":"https:\/\/hakmarfrance.online\/de\/produit\/bioblas-keratin-kollagen-shampoo-360-ml-reparierend-volumen-kraft\/","name":"Bioblas Keratin &amp; Kollagen Shampoo 360 ml \u2013 Reparierend, Volumen &amp; Kraft - hakmarfrance.online","isPartOf":{"@id":"https:\/\/hakmarfrance.online\/de\/#website"},"primaryImageOfPage":{"@id":"https:\/\/hakmarfrance.online\/de\/produit\/bioblas-keratin-kollagen-shampoo-360-ml-reparierend-volumen-kraft\/#primaryimage"},"image":{"@id":"https:\/\/hakmarfrance.online\/de\/produit\/bioblas-keratin-kollagen-shampoo-360-ml-reparierend-volumen-kraft\/#primaryimage"},"thumbnailUrl":"https:\/\/hakmarfrance.online\/wp-content\/uploads\/2025\/06\/bioblas-shampooing-keratine-collagene-reparateur-360ml.avif","datePublished":"2025-06-16T07:46:39+00:00","breadcrumb":{"@id":"https:\/\/hakmarfrance.online\/de\/produit\/bioblas-keratin-kollagen-shampoo-360-ml-reparierend-volumen-kraft\/#breadcrumb"},"inLanguage":"de","potentialAction":[{"@type":"ReadAction","target":["https:\/\/hakmarfrance.online\/de\/produit\/bioblas-keratin-kollagen-shampoo-360-ml-reparierend-volumen-kraft\/"]}]},{"@type":"ImageObject","inLanguage":"de","@id":"https:\/\/hakmarfrance.online\/de\/produit\/bioblas-keratin-kollagen-shampoo-360-ml-reparierend-volumen-kraft\/#primaryimage","url":"https:\/\/hakmarfrance.online\/wp-content\/uploads\/2025\/06\/bioblas-shampooing-keratine-collagene-reparateur-360ml.avif","contentUrl":"https:\/\/hakmarfrance.online\/wp-content\/uploads\/2025\/06\/bioblas-shampooing-keratine-collagene-reparateur-360ml.avif","width":1000,"height":800},{"@type":"BreadcrumbList","@id":"https:\/\/hakmarfrance.online\/de\/produit\/bioblas-keratin-kollagen-shampoo-360-ml-reparierend-volumen-kraft\/#breadcrumb","itemListElement":[{"@type":"ListItem","position":1,"name":"Accueil","item":"https:\/\/hakmarfrance.online\/de\/"},{"@type":"ListItem","position":2,"name":"Shop","item":"https:\/\/hakmarfrance.online\/de\/shop\/"},{"@type":"ListItem","position":3,"name":"Bioblas Keratin &amp; Kollagen Shampoo 360 ml \u2013 Reparierend, Volumen &amp; Kraft"}]},{"@type":"WebSite","@id":"https:\/\/hakmarfrance.online\/de\/#website","url":"https:\/\/hakmarfrance.online\/de\/","name":"hakmarfrance.online","description":"","publisher":{"@id":"https:\/\/hakmarfrance.online\/de\/#organization"},"potentialAction":[{"@type":"SearchAction","target":{"@type":"EntryPoint","urlTemplate":"https:\/\/hakmarfrance.online\/de\/?s={search_term_string}"},"query-input":{"@type":"PropertyValueSpecification","valueRequired":true,"valueName":"search_term_string"}}],"inLanguage":"de"},{"@type":"Organization","@id":"https:\/\/hakmarfrance.online\/de\/#organization","name":"hakmarfrance.online","url":"https:\/\/hakmarfrance.online\/de\/","logo":{"@type":"ImageObject","inLanguage":"de","@id":"https:\/\/hakmarfrance.online\/de\/#\/schema\/logo\/image\/","url":"https:\/\/hakmarfrance.online\/wp-content\/uploads\/2025\/06\/logo-hakmarfrance.png","contentUrl":"https:\/\/hakmarfrance.online\/wp-content\/uploads\/2025\/06\/logo-hakmarfrance.png","width":528,"height":232,"caption":"hakmarfrance.online"},"image":{"@id":"https:\/\/hakmarfrance.online\/de\/#\/schema\/logo\/image\/"},"sameAs":["https:\/\/www.facebook.com\/HakmarFranceSupermarche\/?locale=fr_FR","https:\/\/www.instagram.com\/hakmarfrancesupermarche\/"]}]}},"_links":{"self":[{"href":"https:\/\/hakmarfrance.online\/de\/wp-json\/wp\/v2\/product\/17803","targetHints":{"allow":["GET"]}}],"collection":[{"href":"https:\/\/hakmarfrance.online\/de\/wp-json\/wp\/v2\/product"}],"about":[{"href":"https:\/\/hakmarfrance.online\/de\/wp-json\/wp\/v2\/types\/product"}],"replies":[{"embeddable":true,"href":"https:\/\/hakmarfrance.online\/de\/wp-json\/wp\/v2\/comments?post=17803"}],"version-history":[{"count":0,"href":"https:\/\/hakmarfrance.online\/de\/wp-json\/wp\/v2\/product\/17803\/revisions"}],"wp:featuredmedia":[{"embeddable":true,"href":"https:\/\/hakmarfrance.online\/de\/wp-json\/wp\/v2\/media\/17804"}],"wp:attachment":[{"href":"https:\/\/hakmarfrance.online\/de\/wp-json\/wp\/v2\/media?parent=17803"}],"wp:term":[{"taxonomy":"product_brand","embeddable":true,"href":"https:\/\/hakmarfrance.online\/de\/wp-json\/wp\/v2\/product_brand?post=17803"},{"taxonomy":"product_cat","embeddable":true,"href":"https:\/\/hakmarfrance.online\/de\/wp-json\/wp\/v2\/product_cat?post=17803"},{"taxonomy":"product_tag","embeddable":true,"href":"https:\/\/hakmarfrance.online\/de\/wp-json\/wp\/v2\/product_tag?post=17803"}],"curies":[{"name":"wp","href":"https:\/\/api.w.org\/{rel}","templated":true}]}}