{"id":17805,"date":"2025-06-16T07:47:57","date_gmt":"2025-06-16T07:47:57","guid":{"rendered":"https:\/\/hakmarfrance.online\/produit\/bioblas-anti-haarausfall-shampoo-efeuextrakt-360-ml\/"},"modified":"2025-06-16T07:47:57","modified_gmt":"2025-06-16T07:47:57","slug":"bioblas-anti-haarausfall-shampoo-efeuextrakt-360-ml","status":"publish","type":"product","link":"https:\/\/hakmarfrance.online\/de\/produit\/bioblas-anti-haarausfall-shampoo-efeuextrakt-360-ml\/","title":{"rendered":"Bioblas Anti-Haarausfall-Shampoo \u2013 Efeuextrakt \u2013 360 ml"},"content":{"rendered":"","protected":false},"excerpt":{"rendered":"<p data-start=\"333\" data-end=\"522\">Rege dein Haarwachstum an mit dem <strong data-start=\"376\" data-end=\"419\">Bioblas Shampoo mit Efeuextrakt<\/strong>, das mit <strong data-start=\"434\" data-end=\"469\">74 % pflanzlichem Serum<\/strong> formuliert ist, um Haarausfall effektiv zu bek\u00e4mpfen.<\/p>\n<p data-start=\"524\" data-end=\"773\">\u2714\ufe0f St\u00e4rkt das Haar von der Wurzel an<br data-start=\"561\" data-end=\"564\">\u2714\ufe0f F\u00f6rdert gesundes Wachstum f\u00fcr langsam wachsendes Haar<br data-start=\"636\" data-end=\"639\">\u2714\ufe0f Ohne Parabene \u2013 dermatologisch getestet<br data-start=\"682\" data-end=\"685\">\u2714\ufe0f Patentierte Bioblas B19 Formel mit nat\u00fcrlichen Pflanzen<br data-start=\"739\" data-end=\"742\">\u2714\ufe0f 93 % Kundenzufriedenheit*<\/p>\n<p data-start=\"775\" data-end=\"897\">Ein t\u00e4gliches Shampoo, das <strong data-start=\"810\" data-end=\"844\">Wirksamkeit, Nat\u00fcrlichkeit und Sanftheit<\/strong> vereint, um deinem Haar Vitalit\u00e4t und Dichte zur\u00fcckzugeben.<\/p>\n","protected":false},"featured_media":17806,"comment_status":"open","ping_status":"closed","template":"","meta":{"iawp_total_views":0},"product_brand":[189],"product_cat":[226,260],"product_tag":[],"class_list":{"0":"post-17805","1":"product","2":"type-product","3":"status-publish","4":"has-post-thumbnail","6":"product_brand-bioblas","7":"product_cat-alle-unsere-produkte","8":"product_cat-hygiene-pflege","10":"first","11":"instock","12":"shipping-taxable","13":"purchasable","14":"product-type-simple"},"yoast_head":"<!-- This site is optimized with the Yoast SEO plugin v27.3 - https:\/\/yoast.com\/product\/yoast-seo-wordpress\/ -->\n<title>Bioblas Anti-Haarausfall-Shampoo \u2013 Efeuextrakt \u2013 360 ml - hakmarfrance.online<\/title>\n<meta name=\"robots\" content=\"index, follow, max-snippet:-1, max-image-preview:large, max-video-preview:-1\" \/>\n<link rel=\"canonical\" href=\"https:\/\/hakmarfrance.online\/de\/produit\/bioblas-anti-haarausfall-shampoo-efeuextrakt-360-ml\/\" \/>\n<meta property=\"og:locale\" content=\"de_DE\" \/>\n<meta property=\"og:type\" content=\"article\" \/>\n<meta property=\"og:title\" content=\"Bioblas Anti-Haarausfall-Shampoo \u2013 Efeuextrakt \u2013 360 ml - hakmarfrance.online\" \/>\n<meta property=\"og:description\" content=\"Rege dein Haarwachstum an mit dem Bioblas Shampoo mit Efeuextrakt, das mit 74 % pflanzlichem Serum formuliert ist, um Haarausfall effektiv zu bek\u00e4mpfen. \u2714\ufe0f St\u00e4rkt das Haar von der Wurzel an\u2714\ufe0f F\u00f6rdert gesundes Wachstum f\u00fcr langsam wachsendes Haar\u2714\ufe0f Ohne Parabene \u2013 dermatologisch getestet\u2714\ufe0f Patentierte Bioblas B19 Formel mit nat\u00fcrlichen Pflanzen\u2714\ufe0f 93 % Kundenzufriedenheit* Ein t\u00e4gliches Shampoo, das Wirksamkeit, Nat\u00fcrlichkeit und Sanftheit vereint, um deinem Haar Vitalit\u00e4t und Dichte zur\u00fcckzugeben.\" \/>\n<meta property=\"og:url\" content=\"https:\/\/hakmarfrance.online\/de\/produit\/bioblas-anti-haarausfall-shampoo-efeuextrakt-360-ml\/\" \/>\n<meta property=\"og:site_name\" content=\"hakmarfrance.online\" \/>\n<meta property=\"article:publisher\" content=\"https:\/\/www.facebook.com\/HakmarFranceSupermarche\/?locale=fr_FR\" \/>\n<meta property=\"og:image\" content=\"https:\/\/hakmarfrance.online\/wp-content\/uploads\/2025\/06\/shampoing-antichute-bio-herbes-bioblas-extrait-lierre.avif\" \/>\n\t<meta property=\"og:image:width\" content=\"1000\" \/>\n\t<meta property=\"og:image:height\" content=\"800\" \/>\n\t<meta property=\"og:image:type\" content=\"image\/png\" \/>\n<meta name=\"twitter:card\" content=\"summary_large_image\" \/>\n<script type=\"application\/ld+json\" class=\"yoast-schema-graph\">{\"@context\":\"https:\\\/\\\/schema.org\",\"@graph\":[{\"@type\":\"WebPage\",\"@id\":\"https:\\\/\\\/hakmarfrance.online\\\/de\\\/produit\\\/bioblas-anti-haarausfall-shampoo-efeuextrakt-360-ml\\\/\",\"url\":\"https:\\\/\\\/hakmarfrance.online\\\/de\\\/produit\\\/bioblas-anti-haarausfall-shampoo-efeuextrakt-360-ml\\\/\",\"name\":\"Bioblas Anti-Haarausfall-Shampoo \u2013 Efeuextrakt \u2013 360 ml - hakmarfrance.online\",\"isPartOf\":{\"@id\":\"https:\\\/\\\/hakmarfrance.online\\\/de\\\/#website\"},\"primaryImageOfPage\":{\"@id\":\"https:\\\/\\\/hakmarfrance.online\\\/de\\\/produit\\\/bioblas-anti-haarausfall-shampoo-efeuextrakt-360-ml\\\/#primaryimage\"},\"image\":{\"@id\":\"https:\\\/\\\/hakmarfrance.online\\\/de\\\/produit\\\/bioblas-anti-haarausfall-shampoo-efeuextrakt-360-ml\\\/#primaryimage\"},\"thumbnailUrl\":\"https:\\\/\\\/hakmarfrance.online\\\/wp-content\\\/uploads\\\/2025\\\/06\\\/shampoing-antichute-bio-herbes-bioblas-extrait-lierre.avif\",\"datePublished\":\"2025-06-16T07:47:57+00:00\",\"breadcrumb\":{\"@id\":\"https:\\\/\\\/hakmarfrance.online\\\/de\\\/produit\\\/bioblas-anti-haarausfall-shampoo-efeuextrakt-360-ml\\\/#breadcrumb\"},\"inLanguage\":\"de\",\"potentialAction\":[{\"@type\":\"ReadAction\",\"target\":[\"https:\\\/\\\/hakmarfrance.online\\\/de\\\/produit\\\/bioblas-anti-haarausfall-shampoo-efeuextrakt-360-ml\\\/\"]}]},{\"@type\":\"ImageObject\",\"inLanguage\":\"de\",\"@id\":\"https:\\\/\\\/hakmarfrance.online\\\/de\\\/produit\\\/bioblas-anti-haarausfall-shampoo-efeuextrakt-360-ml\\\/#primaryimage\",\"url\":\"https:\\\/\\\/hakmarfrance.online\\\/wp-content\\\/uploads\\\/2025\\\/06\\\/shampoing-antichute-bio-herbes-bioblas-extrait-lierre.avif\",\"contentUrl\":\"https:\\\/\\\/hakmarfrance.online\\\/wp-content\\\/uploads\\\/2025\\\/06\\\/shampoing-antichute-bio-herbes-bioblas-extrait-lierre.avif\",\"width\":1000,\"height\":800},{\"@type\":\"BreadcrumbList\",\"@id\":\"https:\\\/\\\/hakmarfrance.online\\\/de\\\/produit\\\/bioblas-anti-haarausfall-shampoo-efeuextrakt-360-ml\\\/#breadcrumb\",\"itemListElement\":[{\"@type\":\"ListItem\",\"position\":1,\"name\":\"Accueil\",\"item\":\"https:\\\/\\\/hakmarfrance.online\\\/de\\\/\"},{\"@type\":\"ListItem\",\"position\":2,\"name\":\"Shop\",\"item\":\"https:\\\/\\\/hakmarfrance.online\\\/de\\\/shop\\\/\"},{\"@type\":\"ListItem\",\"position\":3,\"name\":\"Bioblas Anti-Haarausfall-Shampoo \u2013 Efeuextrakt \u2013 360 ml\"}]},{\"@type\":\"WebSite\",\"@id\":\"https:\\\/\\\/hakmarfrance.online\\\/de\\\/#website\",\"url\":\"https:\\\/\\\/hakmarfrance.online\\\/de\\\/\",\"name\":\"hakmarfrance.online\",\"description\":\"\",\"publisher\":{\"@id\":\"https:\\\/\\\/hakmarfrance.online\\\/de\\\/#organization\"},\"potentialAction\":[{\"@type\":\"SearchAction\",\"target\":{\"@type\":\"EntryPoint\",\"urlTemplate\":\"https:\\\/\\\/hakmarfrance.online\\\/de\\\/?s={search_term_string}\"},\"query-input\":{\"@type\":\"PropertyValueSpecification\",\"valueRequired\":true,\"valueName\":\"search_term_string\"}}],\"inLanguage\":\"de\"},{\"@type\":\"Organization\",\"@id\":\"https:\\\/\\\/hakmarfrance.online\\\/de\\\/#organization\",\"name\":\"hakmarfrance.online\",\"url\":\"https:\\\/\\\/hakmarfrance.online\\\/de\\\/\",\"logo\":{\"@type\":\"ImageObject\",\"inLanguage\":\"de\",\"@id\":\"https:\\\/\\\/hakmarfrance.online\\\/de\\\/#\\\/schema\\\/logo\\\/image\\\/\",\"url\":\"https:\\\/\\\/hakmarfrance.online\\\/wp-content\\\/uploads\\\/2025\\\/06\\\/logo-hakmarfrance.png\",\"contentUrl\":\"https:\\\/\\\/hakmarfrance.online\\\/wp-content\\\/uploads\\\/2025\\\/06\\\/logo-hakmarfrance.png\",\"width\":528,\"height\":232,\"caption\":\"hakmarfrance.online\"},\"image\":{\"@id\":\"https:\\\/\\\/hakmarfrance.online\\\/de\\\/#\\\/schema\\\/logo\\\/image\\\/\"},\"sameAs\":[\"https:\\\/\\\/www.facebook.com\\\/HakmarFranceSupermarche\\\/?locale=fr_FR\",\"https:\\\/\\\/www.instagram.com\\\/hakmarfrancesupermarche\\\/\"]}]}<\/script>\n<!-- \/ Yoast SEO plugin. -->","yoast_head_json":{"title":"Bioblas Anti-Haarausfall-Shampoo \u2013 Efeuextrakt \u2013 360 ml - hakmarfrance.online","robots":{"index":"index","follow":"follow","max-snippet":"max-snippet:-1","max-image-preview":"max-image-preview:large","max-video-preview":"max-video-preview:-1"},"canonical":"https:\/\/hakmarfrance.online\/de\/produit\/bioblas-anti-haarausfall-shampoo-efeuextrakt-360-ml\/","og_locale":"de_DE","og_type":"article","og_title":"Bioblas Anti-Haarausfall-Shampoo \u2013 Efeuextrakt \u2013 360 ml - hakmarfrance.online","og_description":"Rege dein Haarwachstum an mit dem Bioblas Shampoo mit Efeuextrakt, das mit 74 % pflanzlichem Serum formuliert ist, um Haarausfall effektiv zu bek\u00e4mpfen. \u2714\ufe0f St\u00e4rkt das Haar von der Wurzel an\u2714\ufe0f F\u00f6rdert gesundes Wachstum f\u00fcr langsam wachsendes Haar\u2714\ufe0f Ohne Parabene \u2013 dermatologisch getestet\u2714\ufe0f Patentierte Bioblas B19 Formel mit nat\u00fcrlichen Pflanzen\u2714\ufe0f 93 % Kundenzufriedenheit* Ein t\u00e4gliches Shampoo, das Wirksamkeit, Nat\u00fcrlichkeit und Sanftheit vereint, um deinem Haar Vitalit\u00e4t und Dichte zur\u00fcckzugeben.","og_url":"https:\/\/hakmarfrance.online\/de\/produit\/bioblas-anti-haarausfall-shampoo-efeuextrakt-360-ml\/","og_site_name":"hakmarfrance.online","article_publisher":"https:\/\/www.facebook.com\/HakmarFranceSupermarche\/?locale=fr_FR","og_image":[{"width":1000,"height":800,"url":"https:\/\/hakmarfrance.online\/wp-content\/uploads\/2025\/06\/shampoing-antichute-bio-herbes-bioblas-extrait-lierre.avif","type":"image\/png"}],"twitter_card":"summary_large_image","schema":{"@context":"https:\/\/schema.org","@graph":[{"@type":"WebPage","@id":"https:\/\/hakmarfrance.online\/de\/produit\/bioblas-anti-haarausfall-shampoo-efeuextrakt-360-ml\/","url":"https:\/\/hakmarfrance.online\/de\/produit\/bioblas-anti-haarausfall-shampoo-efeuextrakt-360-ml\/","name":"Bioblas Anti-Haarausfall-Shampoo \u2013 Efeuextrakt \u2013 360 ml - hakmarfrance.online","isPartOf":{"@id":"https:\/\/hakmarfrance.online\/de\/#website"},"primaryImageOfPage":{"@id":"https:\/\/hakmarfrance.online\/de\/produit\/bioblas-anti-haarausfall-shampoo-efeuextrakt-360-ml\/#primaryimage"},"image":{"@id":"https:\/\/hakmarfrance.online\/de\/produit\/bioblas-anti-haarausfall-shampoo-efeuextrakt-360-ml\/#primaryimage"},"thumbnailUrl":"https:\/\/hakmarfrance.online\/wp-content\/uploads\/2025\/06\/shampoing-antichute-bio-herbes-bioblas-extrait-lierre.avif","datePublished":"2025-06-16T07:47:57+00:00","breadcrumb":{"@id":"https:\/\/hakmarfrance.online\/de\/produit\/bioblas-anti-haarausfall-shampoo-efeuextrakt-360-ml\/#breadcrumb"},"inLanguage":"de","potentialAction":[{"@type":"ReadAction","target":["https:\/\/hakmarfrance.online\/de\/produit\/bioblas-anti-haarausfall-shampoo-efeuextrakt-360-ml\/"]}]},{"@type":"ImageObject","inLanguage":"de","@id":"https:\/\/hakmarfrance.online\/de\/produit\/bioblas-anti-haarausfall-shampoo-efeuextrakt-360-ml\/#primaryimage","url":"https:\/\/hakmarfrance.online\/wp-content\/uploads\/2025\/06\/shampoing-antichute-bio-herbes-bioblas-extrait-lierre.avif","contentUrl":"https:\/\/hakmarfrance.online\/wp-content\/uploads\/2025\/06\/shampoing-antichute-bio-herbes-bioblas-extrait-lierre.avif","width":1000,"height":800},{"@type":"BreadcrumbList","@id":"https:\/\/hakmarfrance.online\/de\/produit\/bioblas-anti-haarausfall-shampoo-efeuextrakt-360-ml\/#breadcrumb","itemListElement":[{"@type":"ListItem","position":1,"name":"Accueil","item":"https:\/\/hakmarfrance.online\/de\/"},{"@type":"ListItem","position":2,"name":"Shop","item":"https:\/\/hakmarfrance.online\/de\/shop\/"},{"@type":"ListItem","position":3,"name":"Bioblas Anti-Haarausfall-Shampoo \u2013 Efeuextrakt \u2013 360 ml"}]},{"@type":"WebSite","@id":"https:\/\/hakmarfrance.online\/de\/#website","url":"https:\/\/hakmarfrance.online\/de\/","name":"hakmarfrance.online","description":"","publisher":{"@id":"https:\/\/hakmarfrance.online\/de\/#organization"},"potentialAction":[{"@type":"SearchAction","target":{"@type":"EntryPoint","urlTemplate":"https:\/\/hakmarfrance.online\/de\/?s={search_term_string}"},"query-input":{"@type":"PropertyValueSpecification","valueRequired":true,"valueName":"search_term_string"}}],"inLanguage":"de"},{"@type":"Organization","@id":"https:\/\/hakmarfrance.online\/de\/#organization","name":"hakmarfrance.online","url":"https:\/\/hakmarfrance.online\/de\/","logo":{"@type":"ImageObject","inLanguage":"de","@id":"https:\/\/hakmarfrance.online\/de\/#\/schema\/logo\/image\/","url":"https:\/\/hakmarfrance.online\/wp-content\/uploads\/2025\/06\/logo-hakmarfrance.png","contentUrl":"https:\/\/hakmarfrance.online\/wp-content\/uploads\/2025\/06\/logo-hakmarfrance.png","width":528,"height":232,"caption":"hakmarfrance.online"},"image":{"@id":"https:\/\/hakmarfrance.online\/de\/#\/schema\/logo\/image\/"},"sameAs":["https:\/\/www.facebook.com\/HakmarFranceSupermarche\/?locale=fr_FR","https:\/\/www.instagram.com\/hakmarfrancesupermarche\/"]}]}},"_links":{"self":[{"href":"https:\/\/hakmarfrance.online\/de\/wp-json\/wp\/v2\/product\/17805","targetHints":{"allow":["GET"]}}],"collection":[{"href":"https:\/\/hakmarfrance.online\/de\/wp-json\/wp\/v2\/product"}],"about":[{"href":"https:\/\/hakmarfrance.online\/de\/wp-json\/wp\/v2\/types\/product"}],"replies":[{"embeddable":true,"href":"https:\/\/hakmarfrance.online\/de\/wp-json\/wp\/v2\/comments?post=17805"}],"version-history":[{"count":0,"href":"https:\/\/hakmarfrance.online\/de\/wp-json\/wp\/v2\/product\/17805\/revisions"}],"wp:featuredmedia":[{"embeddable":true,"href":"https:\/\/hakmarfrance.online\/de\/wp-json\/wp\/v2\/media\/17806"}],"wp:attachment":[{"href":"https:\/\/hakmarfrance.online\/de\/wp-json\/wp\/v2\/media?parent=17805"}],"wp:term":[{"taxonomy":"product_brand","embeddable":true,"href":"https:\/\/hakmarfrance.online\/de\/wp-json\/wp\/v2\/product_brand?post=17805"},{"taxonomy":"product_cat","embeddable":true,"href":"https:\/\/hakmarfrance.online\/de\/wp-json\/wp\/v2\/product_cat?post=17805"},{"taxonomy":"product_tag","embeddable":true,"href":"https:\/\/hakmarfrance.online\/de\/wp-json\/wp\/v2\/product_tag?post=17805"}],"curies":[{"name":"wp","href":"https:\/\/api.w.org\/{rel}","templated":true}]}}