{"id":17813,"date":"2025-06-16T07:45:16","date_gmt":"2025-06-16T07:45:16","guid":{"rendered":"https:\/\/hakmarfrance.online\/produit\/bioblas-shampoo-mit-bio-arganoel-360-ml-pflegend-anti-haarausfall\/"},"modified":"2025-06-16T07:45:16","modified_gmt":"2025-06-16T07:45:16","slug":"bioblas-shampoo-mit-bio-arganoel-360-ml-pflegend-anti-haarausfall","status":"publish","type":"product","link":"https:\/\/hakmarfrance.online\/de\/produit\/bioblas-shampoo-mit-bio-arganoel-360-ml-pflegend-anti-haarausfall\/","title":{"rendered":"Bioblas Shampoo mit Bio-Argan\u00f6l 360 ml \u2013 Pflegend &amp; Anti-Haarausfall"},"content":{"rendered":"","protected":false},"excerpt":{"rendered":"<p>Reich an 100 % Bio-Argan\u00f6l pflegt dieses Bioblas Shampoo die Kopfhaut intensiv und st\u00e4rkt das Haar von der Wurzel an. Es reduziert Haarausfall und verleiht Glanz, Geschmeidigkeit und Weichheit. Geeignet f\u00fcr alle Haartypen, ohne Parabene oder aggressive Inhaltsstoffe.  <\/p>\n","protected":false},"featured_media":17814,"comment_status":"open","ping_status":"closed","template":"","meta":{"iawp_total_views":0},"product_brand":[189],"product_cat":[226,260],"product_tag":[],"class_list":{"0":"post-17813","1":"product","2":"type-product","3":"status-publish","4":"has-post-thumbnail","6":"product_brand-bioblas","7":"product_cat-alle-unsere-produkte","8":"product_cat-hygiene-pflege","10":"first","11":"instock","12":"shipping-taxable","13":"purchasable","14":"product-type-simple"},"yoast_head":"<!-- This site is optimized with the Yoast SEO plugin v27.3 - https:\/\/yoast.com\/product\/yoast-seo-wordpress\/ -->\n<title>Bioblas Shampoo mit Bio-Argan\u00f6l 360 ml \u2013 Pflegend &amp; Anti-Haarausfall - hakmarfrance.online<\/title>\n<meta name=\"robots\" content=\"index, follow, max-snippet:-1, max-image-preview:large, max-video-preview:-1\" \/>\n<link rel=\"canonical\" href=\"https:\/\/hakmarfrance.online\/de\/produit\/bioblas-shampoo-mit-bio-arganoel-360-ml-pflegend-anti-haarausfall\/\" \/>\n<meta property=\"og:locale\" content=\"de_DE\" \/>\n<meta property=\"og:type\" content=\"article\" \/>\n<meta property=\"og:title\" content=\"Bioblas Shampoo mit Bio-Argan\u00f6l 360 ml \u2013 Pflegend &amp; Anti-Haarausfall - hakmarfrance.online\" \/>\n<meta property=\"og:description\" content=\"Reich an 100 % Bio-Argan\u00f6l pflegt dieses Bioblas Shampoo die Kopfhaut intensiv und st\u00e4rkt das Haar von der Wurzel an. Es reduziert Haarausfall und verleiht Glanz, Geschmeidigkeit und Weichheit. Geeignet f\u00fcr alle Haartypen, ohne Parabene oder aggressive Inhaltsstoffe.\" \/>\n<meta property=\"og:url\" content=\"https:\/\/hakmarfrance.online\/de\/produit\/bioblas-shampoo-mit-bio-arganoel-360-ml-pflegend-anti-haarausfall\/\" \/>\n<meta property=\"og:site_name\" content=\"hakmarfrance.online\" \/>\n<meta property=\"article:publisher\" content=\"https:\/\/www.facebook.com\/HakmarFranceSupermarche\/?locale=fr_FR\" \/>\n<meta property=\"og:image\" content=\"https:\/\/hakmarfrance.online\/wp-content\/uploads\/2025\/06\/Bioblas-Argan-Bio-360ml-\u2013-Shampoing-Anti-Chute-Nourrissant.avif\" \/>\n\t<meta property=\"og:image:width\" content=\"1000\" \/>\n\t<meta property=\"og:image:height\" content=\"800\" \/>\n\t<meta property=\"og:image:type\" content=\"image\/png\" \/>\n<meta name=\"twitter:card\" content=\"summary_large_image\" \/>\n<script type=\"application\/ld+json\" class=\"yoast-schema-graph\">{\"@context\":\"https:\\\/\\\/schema.org\",\"@graph\":[{\"@type\":\"WebPage\",\"@id\":\"https:\\\/\\\/hakmarfrance.online\\\/de\\\/produit\\\/bioblas-shampoo-mit-bio-arganoel-360-ml-pflegend-anti-haarausfall\\\/\",\"url\":\"https:\\\/\\\/hakmarfrance.online\\\/de\\\/produit\\\/bioblas-shampoo-mit-bio-arganoel-360-ml-pflegend-anti-haarausfall\\\/\",\"name\":\"Bioblas Shampoo mit Bio-Argan\u00f6l 360 ml \u2013 Pflegend &amp; Anti-Haarausfall - hakmarfrance.online\",\"isPartOf\":{\"@id\":\"https:\\\/\\\/hakmarfrance.online\\\/de\\\/#website\"},\"primaryImageOfPage\":{\"@id\":\"https:\\\/\\\/hakmarfrance.online\\\/de\\\/produit\\\/bioblas-shampoo-mit-bio-arganoel-360-ml-pflegend-anti-haarausfall\\\/#primaryimage\"},\"image\":{\"@id\":\"https:\\\/\\\/hakmarfrance.online\\\/de\\\/produit\\\/bioblas-shampoo-mit-bio-arganoel-360-ml-pflegend-anti-haarausfall\\\/#primaryimage\"},\"thumbnailUrl\":\"https:\\\/\\\/hakmarfrance.online\\\/wp-content\\\/uploads\\\/2025\\\/06\\\/Bioblas-Argan-Bio-360ml-\u2013-Shampoing-Anti-Chute-Nourrissant.avif\",\"datePublished\":\"2025-06-16T07:45:16+00:00\",\"breadcrumb\":{\"@id\":\"https:\\\/\\\/hakmarfrance.online\\\/de\\\/produit\\\/bioblas-shampoo-mit-bio-arganoel-360-ml-pflegend-anti-haarausfall\\\/#breadcrumb\"},\"inLanguage\":\"de\",\"potentialAction\":[{\"@type\":\"ReadAction\",\"target\":[\"https:\\\/\\\/hakmarfrance.online\\\/de\\\/produit\\\/bioblas-shampoo-mit-bio-arganoel-360-ml-pflegend-anti-haarausfall\\\/\"]}]},{\"@type\":\"ImageObject\",\"inLanguage\":\"de\",\"@id\":\"https:\\\/\\\/hakmarfrance.online\\\/de\\\/produit\\\/bioblas-shampoo-mit-bio-arganoel-360-ml-pflegend-anti-haarausfall\\\/#primaryimage\",\"url\":\"https:\\\/\\\/hakmarfrance.online\\\/wp-content\\\/uploads\\\/2025\\\/06\\\/Bioblas-Argan-Bio-360ml-\u2013-Shampoing-Anti-Chute-Nourrissant.avif\",\"contentUrl\":\"https:\\\/\\\/hakmarfrance.online\\\/wp-content\\\/uploads\\\/2025\\\/06\\\/Bioblas-Argan-Bio-360ml-\u2013-Shampoing-Anti-Chute-Nourrissant.avif\",\"width\":1000,\"height\":800},{\"@type\":\"BreadcrumbList\",\"@id\":\"https:\\\/\\\/hakmarfrance.online\\\/de\\\/produit\\\/bioblas-shampoo-mit-bio-arganoel-360-ml-pflegend-anti-haarausfall\\\/#breadcrumb\",\"itemListElement\":[{\"@type\":\"ListItem\",\"position\":1,\"name\":\"Accueil\",\"item\":\"https:\\\/\\\/hakmarfrance.online\\\/de\\\/\"},{\"@type\":\"ListItem\",\"position\":2,\"name\":\"Shop\",\"item\":\"https:\\\/\\\/hakmarfrance.online\\\/de\\\/shop\\\/\"},{\"@type\":\"ListItem\",\"position\":3,\"name\":\"Bioblas Shampoo mit Bio-Argan\u00f6l 360 ml \u2013 Pflegend &amp; Anti-Haarausfall\"}]},{\"@type\":\"WebSite\",\"@id\":\"https:\\\/\\\/hakmarfrance.online\\\/de\\\/#website\",\"url\":\"https:\\\/\\\/hakmarfrance.online\\\/de\\\/\",\"name\":\"hakmarfrance.online\",\"description\":\"\",\"publisher\":{\"@id\":\"https:\\\/\\\/hakmarfrance.online\\\/de\\\/#organization\"},\"potentialAction\":[{\"@type\":\"SearchAction\",\"target\":{\"@type\":\"EntryPoint\",\"urlTemplate\":\"https:\\\/\\\/hakmarfrance.online\\\/de\\\/?s={search_term_string}\"},\"query-input\":{\"@type\":\"PropertyValueSpecification\",\"valueRequired\":true,\"valueName\":\"search_term_string\"}}],\"inLanguage\":\"de\"},{\"@type\":\"Organization\",\"@id\":\"https:\\\/\\\/hakmarfrance.online\\\/de\\\/#organization\",\"name\":\"hakmarfrance.online\",\"url\":\"https:\\\/\\\/hakmarfrance.online\\\/de\\\/\",\"logo\":{\"@type\":\"ImageObject\",\"inLanguage\":\"de\",\"@id\":\"https:\\\/\\\/hakmarfrance.online\\\/de\\\/#\\\/schema\\\/logo\\\/image\\\/\",\"url\":\"https:\\\/\\\/hakmarfrance.online\\\/wp-content\\\/uploads\\\/2025\\\/06\\\/logo-hakmarfrance.png\",\"contentUrl\":\"https:\\\/\\\/hakmarfrance.online\\\/wp-content\\\/uploads\\\/2025\\\/06\\\/logo-hakmarfrance.png\",\"width\":528,\"height\":232,\"caption\":\"hakmarfrance.online\"},\"image\":{\"@id\":\"https:\\\/\\\/hakmarfrance.online\\\/de\\\/#\\\/schema\\\/logo\\\/image\\\/\"},\"sameAs\":[\"https:\\\/\\\/www.facebook.com\\\/HakmarFranceSupermarche\\\/?locale=fr_FR\",\"https:\\\/\\\/www.instagram.com\\\/hakmarfrancesupermarche\\\/\"]}]}<\/script>\n<!-- \/ Yoast SEO plugin. -->","yoast_head_json":{"title":"Bioblas Shampoo mit Bio-Argan\u00f6l 360 ml \u2013 Pflegend &amp; Anti-Haarausfall - hakmarfrance.online","robots":{"index":"index","follow":"follow","max-snippet":"max-snippet:-1","max-image-preview":"max-image-preview:large","max-video-preview":"max-video-preview:-1"},"canonical":"https:\/\/hakmarfrance.online\/de\/produit\/bioblas-shampoo-mit-bio-arganoel-360-ml-pflegend-anti-haarausfall\/","og_locale":"de_DE","og_type":"article","og_title":"Bioblas Shampoo mit Bio-Argan\u00f6l 360 ml \u2013 Pflegend &amp; Anti-Haarausfall - hakmarfrance.online","og_description":"Reich an 100 % Bio-Argan\u00f6l pflegt dieses Bioblas Shampoo die Kopfhaut intensiv und st\u00e4rkt das Haar von der Wurzel an. Es reduziert Haarausfall und verleiht Glanz, Geschmeidigkeit und Weichheit. Geeignet f\u00fcr alle Haartypen, ohne Parabene oder aggressive Inhaltsstoffe.","og_url":"https:\/\/hakmarfrance.online\/de\/produit\/bioblas-shampoo-mit-bio-arganoel-360-ml-pflegend-anti-haarausfall\/","og_site_name":"hakmarfrance.online","article_publisher":"https:\/\/www.facebook.com\/HakmarFranceSupermarche\/?locale=fr_FR","og_image":[{"width":1000,"height":800,"url":"https:\/\/hakmarfrance.online\/wp-content\/uploads\/2025\/06\/Bioblas-Argan-Bio-360ml-\u2013-Shampoing-Anti-Chute-Nourrissant.avif","type":"image\/png"}],"twitter_card":"summary_large_image","schema":{"@context":"https:\/\/schema.org","@graph":[{"@type":"WebPage","@id":"https:\/\/hakmarfrance.online\/de\/produit\/bioblas-shampoo-mit-bio-arganoel-360-ml-pflegend-anti-haarausfall\/","url":"https:\/\/hakmarfrance.online\/de\/produit\/bioblas-shampoo-mit-bio-arganoel-360-ml-pflegend-anti-haarausfall\/","name":"Bioblas Shampoo mit Bio-Argan\u00f6l 360 ml \u2013 Pflegend &amp; Anti-Haarausfall - hakmarfrance.online","isPartOf":{"@id":"https:\/\/hakmarfrance.online\/de\/#website"},"primaryImageOfPage":{"@id":"https:\/\/hakmarfrance.online\/de\/produit\/bioblas-shampoo-mit-bio-arganoel-360-ml-pflegend-anti-haarausfall\/#primaryimage"},"image":{"@id":"https:\/\/hakmarfrance.online\/de\/produit\/bioblas-shampoo-mit-bio-arganoel-360-ml-pflegend-anti-haarausfall\/#primaryimage"},"thumbnailUrl":"https:\/\/hakmarfrance.online\/wp-content\/uploads\/2025\/06\/Bioblas-Argan-Bio-360ml-\u2013-Shampoing-Anti-Chute-Nourrissant.avif","datePublished":"2025-06-16T07:45:16+00:00","breadcrumb":{"@id":"https:\/\/hakmarfrance.online\/de\/produit\/bioblas-shampoo-mit-bio-arganoel-360-ml-pflegend-anti-haarausfall\/#breadcrumb"},"inLanguage":"de","potentialAction":[{"@type":"ReadAction","target":["https:\/\/hakmarfrance.online\/de\/produit\/bioblas-shampoo-mit-bio-arganoel-360-ml-pflegend-anti-haarausfall\/"]}]},{"@type":"ImageObject","inLanguage":"de","@id":"https:\/\/hakmarfrance.online\/de\/produit\/bioblas-shampoo-mit-bio-arganoel-360-ml-pflegend-anti-haarausfall\/#primaryimage","url":"https:\/\/hakmarfrance.online\/wp-content\/uploads\/2025\/06\/Bioblas-Argan-Bio-360ml-\u2013-Shampoing-Anti-Chute-Nourrissant.avif","contentUrl":"https:\/\/hakmarfrance.online\/wp-content\/uploads\/2025\/06\/Bioblas-Argan-Bio-360ml-\u2013-Shampoing-Anti-Chute-Nourrissant.avif","width":1000,"height":800},{"@type":"BreadcrumbList","@id":"https:\/\/hakmarfrance.online\/de\/produit\/bioblas-shampoo-mit-bio-arganoel-360-ml-pflegend-anti-haarausfall\/#breadcrumb","itemListElement":[{"@type":"ListItem","position":1,"name":"Accueil","item":"https:\/\/hakmarfrance.online\/de\/"},{"@type":"ListItem","position":2,"name":"Shop","item":"https:\/\/hakmarfrance.online\/de\/shop\/"},{"@type":"ListItem","position":3,"name":"Bioblas Shampoo mit Bio-Argan\u00f6l 360 ml \u2013 Pflegend &amp; Anti-Haarausfall"}]},{"@type":"WebSite","@id":"https:\/\/hakmarfrance.online\/de\/#website","url":"https:\/\/hakmarfrance.online\/de\/","name":"hakmarfrance.online","description":"","publisher":{"@id":"https:\/\/hakmarfrance.online\/de\/#organization"},"potentialAction":[{"@type":"SearchAction","target":{"@type":"EntryPoint","urlTemplate":"https:\/\/hakmarfrance.online\/de\/?s={search_term_string}"},"query-input":{"@type":"PropertyValueSpecification","valueRequired":true,"valueName":"search_term_string"}}],"inLanguage":"de"},{"@type":"Organization","@id":"https:\/\/hakmarfrance.online\/de\/#organization","name":"hakmarfrance.online","url":"https:\/\/hakmarfrance.online\/de\/","logo":{"@type":"ImageObject","inLanguage":"de","@id":"https:\/\/hakmarfrance.online\/de\/#\/schema\/logo\/image\/","url":"https:\/\/hakmarfrance.online\/wp-content\/uploads\/2025\/06\/logo-hakmarfrance.png","contentUrl":"https:\/\/hakmarfrance.online\/wp-content\/uploads\/2025\/06\/logo-hakmarfrance.png","width":528,"height":232,"caption":"hakmarfrance.online"},"image":{"@id":"https:\/\/hakmarfrance.online\/de\/#\/schema\/logo\/image\/"},"sameAs":["https:\/\/www.facebook.com\/HakmarFranceSupermarche\/?locale=fr_FR","https:\/\/www.instagram.com\/hakmarfrancesupermarche\/"]}]}},"_links":{"self":[{"href":"https:\/\/hakmarfrance.online\/de\/wp-json\/wp\/v2\/product\/17813","targetHints":{"allow":["GET"]}}],"collection":[{"href":"https:\/\/hakmarfrance.online\/de\/wp-json\/wp\/v2\/product"}],"about":[{"href":"https:\/\/hakmarfrance.online\/de\/wp-json\/wp\/v2\/types\/product"}],"replies":[{"embeddable":true,"href":"https:\/\/hakmarfrance.online\/de\/wp-json\/wp\/v2\/comments?post=17813"}],"version-history":[{"count":0,"href":"https:\/\/hakmarfrance.online\/de\/wp-json\/wp\/v2\/product\/17813\/revisions"}],"wp:featuredmedia":[{"embeddable":true,"href":"https:\/\/hakmarfrance.online\/de\/wp-json\/wp\/v2\/media\/17814"}],"wp:attachment":[{"href":"https:\/\/hakmarfrance.online\/de\/wp-json\/wp\/v2\/media?parent=17813"}],"wp:term":[{"taxonomy":"product_brand","embeddable":true,"href":"https:\/\/hakmarfrance.online\/de\/wp-json\/wp\/v2\/product_brand?post=17813"},{"taxonomy":"product_cat","embeddable":true,"href":"https:\/\/hakmarfrance.online\/de\/wp-json\/wp\/v2\/product_cat?post=17813"},{"taxonomy":"product_tag","embeddable":true,"href":"https:\/\/hakmarfrance.online\/de\/wp-json\/wp\/v2\/product_tag?post=17813"}],"curies":[{"name":"wp","href":"https:\/\/api.w.org\/{rel}","templated":true}]}}