{"id":17827,"date":"2025-06-16T07:19:23","date_gmt":"2025-06-16T07:19:23","guid":{"rendered":"https:\/\/hakmarfrance.online\/produit\/duru-rote-linsen-1-kg-tuerkische-premium-mercimek\/"},"modified":"2025-06-16T07:19:23","modified_gmt":"2025-06-16T07:19:23","slug":"duru-rote-linsen-1-kg-tuerkische-premium-mercimek","status":"publish","type":"product","link":"https:\/\/hakmarfrance.online\/de\/produit\/duru-rote-linsen-1-kg-tuerkische-premium-mercimek\/","title":{"rendered":"Duru Rote Linsen 1 kg \u2013 T\u00fcrkische Premium-Mercimek"},"content":{"rendered":"","protected":false},"excerpt":{"rendered":"<p>Verleihe deinen Gerichten einen Hauch von Authentizit\u00e4t mit diesen roten Duru Linsen. Mild, cremig und in wenigen Minuten fertig, sind sie ideal f\u00fcr die Zubereitung von cremigen Suppen, leckeren P\u00fcrees oder w\u00e4rmenden Eint\u00f6pfen. Als nat\u00fcrliche Quelle f\u00fcr Proteine und Ballaststoffe ist diese 1 kg Packung perfekt f\u00fcr Familienk\u00fcchen und Liebhaber der orientalischen K\u00fcche.  <\/p>\n","protected":false},"featured_media":17828,"comment_status":"open","ping_status":"closed","template":"","meta":{"iawp_total_views":0},"product_brand":[180],"product_cat":[226,265,264],"product_tag":[],"class_list":{"0":"post-17827","1":"product","2":"type-product","3":"status-publish","4":"has-post-thumbnail","6":"product_brand-duru","7":"product_cat-alle-unsere-produkte","8":"product_cat-linsen-kichererbsen-getrocknete-bohnen","9":"product_cat-trockene-lebensmittel-getreide","11":"first","12":"instock","13":"shipping-taxable","14":"purchasable","15":"product-type-simple"},"yoast_head":"<!-- This site is optimized with the Yoast SEO plugin v27.3 - https:\/\/yoast.com\/product\/yoast-seo-wordpress\/ -->\n<title>Duru Rote Linsen 1 kg \u2013 T\u00fcrkische Premium-Mercimek - hakmarfrance.online<\/title>\n<meta name=\"robots\" content=\"index, follow, max-snippet:-1, max-image-preview:large, max-video-preview:-1\" \/>\n<link rel=\"canonical\" href=\"https:\/\/hakmarfrance.online\/de\/produit\/duru-rote-linsen-1-kg-tuerkische-premium-mercimek\/\" \/>\n<meta property=\"og:locale\" content=\"de_DE\" \/>\n<meta property=\"og:type\" content=\"article\" \/>\n<meta property=\"og:title\" content=\"Duru Rote Linsen 1 kg \u2013 T\u00fcrkische Premium-Mercimek - hakmarfrance.online\" \/>\n<meta property=\"og:description\" content=\"Verleihe deinen Gerichten einen Hauch von Authentizit\u00e4t mit diesen roten Duru Linsen. Mild, cremig und in wenigen Minuten fertig, sind sie ideal f\u00fcr die Zubereitung von cremigen Suppen, leckeren P\u00fcrees oder w\u00e4rmenden Eint\u00f6pfen. Als nat\u00fcrliche Quelle f\u00fcr Proteine und Ballaststoffe ist diese 1 kg Packung perfekt f\u00fcr Familienk\u00fcchen und Liebhaber der orientalischen K\u00fcche.\" \/>\n<meta property=\"og:url\" content=\"https:\/\/hakmarfrance.online\/de\/produit\/duru-rote-linsen-1-kg-tuerkische-premium-mercimek\/\" \/>\n<meta property=\"og:site_name\" content=\"hakmarfrance.online\" \/>\n<meta property=\"article:publisher\" content=\"https:\/\/www.facebook.com\/HakmarFranceSupermarche\/?locale=fr_FR\" \/>\n<meta property=\"og:image\" content=\"https:\/\/hakmarfrance.online\/wp-content\/uploads\/2025\/06\/Duru-Lentilles-Rouges-1kg-\u2013-Mercimek-Turc.jpg\" \/>\n\t<meta property=\"og:image:width\" content=\"500\" \/>\n\t<meta property=\"og:image:height\" content=\"500\" \/>\n\t<meta property=\"og:image:type\" content=\"image\/jpeg\" \/>\n<meta name=\"twitter:card\" content=\"summary_large_image\" \/>\n<script type=\"application\/ld+json\" class=\"yoast-schema-graph\">{\"@context\":\"https:\\\/\\\/schema.org\",\"@graph\":[{\"@type\":\"WebPage\",\"@id\":\"https:\\\/\\\/hakmarfrance.online\\\/de\\\/produit\\\/duru-rote-linsen-1-kg-tuerkische-premium-mercimek\\\/\",\"url\":\"https:\\\/\\\/hakmarfrance.online\\\/de\\\/produit\\\/duru-rote-linsen-1-kg-tuerkische-premium-mercimek\\\/\",\"name\":\"Duru Rote Linsen 1 kg \u2013 T\u00fcrkische Premium-Mercimek - hakmarfrance.online\",\"isPartOf\":{\"@id\":\"https:\\\/\\\/hakmarfrance.online\\\/de\\\/#website\"},\"primaryImageOfPage\":{\"@id\":\"https:\\\/\\\/hakmarfrance.online\\\/de\\\/produit\\\/duru-rote-linsen-1-kg-tuerkische-premium-mercimek\\\/#primaryimage\"},\"image\":{\"@id\":\"https:\\\/\\\/hakmarfrance.online\\\/de\\\/produit\\\/duru-rote-linsen-1-kg-tuerkische-premium-mercimek\\\/#primaryimage\"},\"thumbnailUrl\":\"https:\\\/\\\/hakmarfrance.online\\\/wp-content\\\/uploads\\\/2025\\\/06\\\/Duru-Lentilles-Rouges-1kg-\u2013-Mercimek-Turc.jpg\",\"datePublished\":\"2025-06-16T07:19:23+00:00\",\"breadcrumb\":{\"@id\":\"https:\\\/\\\/hakmarfrance.online\\\/de\\\/produit\\\/duru-rote-linsen-1-kg-tuerkische-premium-mercimek\\\/#breadcrumb\"},\"inLanguage\":\"de\",\"potentialAction\":[{\"@type\":\"ReadAction\",\"target\":[\"https:\\\/\\\/hakmarfrance.online\\\/de\\\/produit\\\/duru-rote-linsen-1-kg-tuerkische-premium-mercimek\\\/\"]}]},{\"@type\":\"ImageObject\",\"inLanguage\":\"de\",\"@id\":\"https:\\\/\\\/hakmarfrance.online\\\/de\\\/produit\\\/duru-rote-linsen-1-kg-tuerkische-premium-mercimek\\\/#primaryimage\",\"url\":\"https:\\\/\\\/hakmarfrance.online\\\/wp-content\\\/uploads\\\/2025\\\/06\\\/Duru-Lentilles-Rouges-1kg-\u2013-Mercimek-Turc.jpg\",\"contentUrl\":\"https:\\\/\\\/hakmarfrance.online\\\/wp-content\\\/uploads\\\/2025\\\/06\\\/Duru-Lentilles-Rouges-1kg-\u2013-Mercimek-Turc.jpg\",\"width\":500,\"height\":500},{\"@type\":\"BreadcrumbList\",\"@id\":\"https:\\\/\\\/hakmarfrance.online\\\/de\\\/produit\\\/duru-rote-linsen-1-kg-tuerkische-premium-mercimek\\\/#breadcrumb\",\"itemListElement\":[{\"@type\":\"ListItem\",\"position\":1,\"name\":\"Accueil\",\"item\":\"https:\\\/\\\/hakmarfrance.online\\\/de\\\/\"},{\"@type\":\"ListItem\",\"position\":2,\"name\":\"Shop\",\"item\":\"https:\\\/\\\/hakmarfrance.online\\\/de\\\/shop\\\/\"},{\"@type\":\"ListItem\",\"position\":3,\"name\":\"Duru Rote Linsen 1 kg \u2013 T\u00fcrkische Premium-Mercimek\"}]},{\"@type\":\"WebSite\",\"@id\":\"https:\\\/\\\/hakmarfrance.online\\\/de\\\/#website\",\"url\":\"https:\\\/\\\/hakmarfrance.online\\\/de\\\/\",\"name\":\"hakmarfrance.online\",\"description\":\"\",\"publisher\":{\"@id\":\"https:\\\/\\\/hakmarfrance.online\\\/de\\\/#organization\"},\"potentialAction\":[{\"@type\":\"SearchAction\",\"target\":{\"@type\":\"EntryPoint\",\"urlTemplate\":\"https:\\\/\\\/hakmarfrance.online\\\/de\\\/?s={search_term_string}\"},\"query-input\":{\"@type\":\"PropertyValueSpecification\",\"valueRequired\":true,\"valueName\":\"search_term_string\"}}],\"inLanguage\":\"de\"},{\"@type\":\"Organization\",\"@id\":\"https:\\\/\\\/hakmarfrance.online\\\/de\\\/#organization\",\"name\":\"hakmarfrance.online\",\"url\":\"https:\\\/\\\/hakmarfrance.online\\\/de\\\/\",\"logo\":{\"@type\":\"ImageObject\",\"inLanguage\":\"de\",\"@id\":\"https:\\\/\\\/hakmarfrance.online\\\/de\\\/#\\\/schema\\\/logo\\\/image\\\/\",\"url\":\"https:\\\/\\\/hakmarfrance.online\\\/wp-content\\\/uploads\\\/2025\\\/06\\\/logo-hakmarfrance.png\",\"contentUrl\":\"https:\\\/\\\/hakmarfrance.online\\\/wp-content\\\/uploads\\\/2025\\\/06\\\/logo-hakmarfrance.png\",\"width\":528,\"height\":232,\"caption\":\"hakmarfrance.online\"},\"image\":{\"@id\":\"https:\\\/\\\/hakmarfrance.online\\\/de\\\/#\\\/schema\\\/logo\\\/image\\\/\"},\"sameAs\":[\"https:\\\/\\\/www.facebook.com\\\/HakmarFranceSupermarche\\\/?locale=fr_FR\",\"https:\\\/\\\/www.instagram.com\\\/hakmarfrancesupermarche\\\/\"]}]}<\/script>\n<!-- \/ Yoast SEO plugin. -->","yoast_head_json":{"title":"Duru Rote Linsen 1 kg \u2013 T\u00fcrkische Premium-Mercimek - hakmarfrance.online","robots":{"index":"index","follow":"follow","max-snippet":"max-snippet:-1","max-image-preview":"max-image-preview:large","max-video-preview":"max-video-preview:-1"},"canonical":"https:\/\/hakmarfrance.online\/de\/produit\/duru-rote-linsen-1-kg-tuerkische-premium-mercimek\/","og_locale":"de_DE","og_type":"article","og_title":"Duru Rote Linsen 1 kg \u2013 T\u00fcrkische Premium-Mercimek - hakmarfrance.online","og_description":"Verleihe deinen Gerichten einen Hauch von Authentizit\u00e4t mit diesen roten Duru Linsen. Mild, cremig und in wenigen Minuten fertig, sind sie ideal f\u00fcr die Zubereitung von cremigen Suppen, leckeren P\u00fcrees oder w\u00e4rmenden Eint\u00f6pfen. Als nat\u00fcrliche Quelle f\u00fcr Proteine und Ballaststoffe ist diese 1 kg Packung perfekt f\u00fcr Familienk\u00fcchen und Liebhaber der orientalischen K\u00fcche.","og_url":"https:\/\/hakmarfrance.online\/de\/produit\/duru-rote-linsen-1-kg-tuerkische-premium-mercimek\/","og_site_name":"hakmarfrance.online","article_publisher":"https:\/\/www.facebook.com\/HakmarFranceSupermarche\/?locale=fr_FR","og_image":[{"width":500,"height":500,"url":"https:\/\/hakmarfrance.online\/wp-content\/uploads\/2025\/06\/Duru-Lentilles-Rouges-1kg-\u2013-Mercimek-Turc.jpg","type":"image\/jpeg"}],"twitter_card":"summary_large_image","schema":{"@context":"https:\/\/schema.org","@graph":[{"@type":"WebPage","@id":"https:\/\/hakmarfrance.online\/de\/produit\/duru-rote-linsen-1-kg-tuerkische-premium-mercimek\/","url":"https:\/\/hakmarfrance.online\/de\/produit\/duru-rote-linsen-1-kg-tuerkische-premium-mercimek\/","name":"Duru Rote Linsen 1 kg \u2013 T\u00fcrkische Premium-Mercimek - hakmarfrance.online","isPartOf":{"@id":"https:\/\/hakmarfrance.online\/de\/#website"},"primaryImageOfPage":{"@id":"https:\/\/hakmarfrance.online\/de\/produit\/duru-rote-linsen-1-kg-tuerkische-premium-mercimek\/#primaryimage"},"image":{"@id":"https:\/\/hakmarfrance.online\/de\/produit\/duru-rote-linsen-1-kg-tuerkische-premium-mercimek\/#primaryimage"},"thumbnailUrl":"https:\/\/hakmarfrance.online\/wp-content\/uploads\/2025\/06\/Duru-Lentilles-Rouges-1kg-\u2013-Mercimek-Turc.jpg","datePublished":"2025-06-16T07:19:23+00:00","breadcrumb":{"@id":"https:\/\/hakmarfrance.online\/de\/produit\/duru-rote-linsen-1-kg-tuerkische-premium-mercimek\/#breadcrumb"},"inLanguage":"de","potentialAction":[{"@type":"ReadAction","target":["https:\/\/hakmarfrance.online\/de\/produit\/duru-rote-linsen-1-kg-tuerkische-premium-mercimek\/"]}]},{"@type":"ImageObject","inLanguage":"de","@id":"https:\/\/hakmarfrance.online\/de\/produit\/duru-rote-linsen-1-kg-tuerkische-premium-mercimek\/#primaryimage","url":"https:\/\/hakmarfrance.online\/wp-content\/uploads\/2025\/06\/Duru-Lentilles-Rouges-1kg-\u2013-Mercimek-Turc.jpg","contentUrl":"https:\/\/hakmarfrance.online\/wp-content\/uploads\/2025\/06\/Duru-Lentilles-Rouges-1kg-\u2013-Mercimek-Turc.jpg","width":500,"height":500},{"@type":"BreadcrumbList","@id":"https:\/\/hakmarfrance.online\/de\/produit\/duru-rote-linsen-1-kg-tuerkische-premium-mercimek\/#breadcrumb","itemListElement":[{"@type":"ListItem","position":1,"name":"Accueil","item":"https:\/\/hakmarfrance.online\/de\/"},{"@type":"ListItem","position":2,"name":"Shop","item":"https:\/\/hakmarfrance.online\/de\/shop\/"},{"@type":"ListItem","position":3,"name":"Duru Rote Linsen 1 kg \u2013 T\u00fcrkische Premium-Mercimek"}]},{"@type":"WebSite","@id":"https:\/\/hakmarfrance.online\/de\/#website","url":"https:\/\/hakmarfrance.online\/de\/","name":"hakmarfrance.online","description":"","publisher":{"@id":"https:\/\/hakmarfrance.online\/de\/#organization"},"potentialAction":[{"@type":"SearchAction","target":{"@type":"EntryPoint","urlTemplate":"https:\/\/hakmarfrance.online\/de\/?s={search_term_string}"},"query-input":{"@type":"PropertyValueSpecification","valueRequired":true,"valueName":"search_term_string"}}],"inLanguage":"de"},{"@type":"Organization","@id":"https:\/\/hakmarfrance.online\/de\/#organization","name":"hakmarfrance.online","url":"https:\/\/hakmarfrance.online\/de\/","logo":{"@type":"ImageObject","inLanguage":"de","@id":"https:\/\/hakmarfrance.online\/de\/#\/schema\/logo\/image\/","url":"https:\/\/hakmarfrance.online\/wp-content\/uploads\/2025\/06\/logo-hakmarfrance.png","contentUrl":"https:\/\/hakmarfrance.online\/wp-content\/uploads\/2025\/06\/logo-hakmarfrance.png","width":528,"height":232,"caption":"hakmarfrance.online"},"image":{"@id":"https:\/\/hakmarfrance.online\/de\/#\/schema\/logo\/image\/"},"sameAs":["https:\/\/www.facebook.com\/HakmarFranceSupermarche\/?locale=fr_FR","https:\/\/www.instagram.com\/hakmarfrancesupermarche\/"]}]}},"_links":{"self":[{"href":"https:\/\/hakmarfrance.online\/de\/wp-json\/wp\/v2\/product\/17827","targetHints":{"allow":["GET"]}}],"collection":[{"href":"https:\/\/hakmarfrance.online\/de\/wp-json\/wp\/v2\/product"}],"about":[{"href":"https:\/\/hakmarfrance.online\/de\/wp-json\/wp\/v2\/types\/product"}],"replies":[{"embeddable":true,"href":"https:\/\/hakmarfrance.online\/de\/wp-json\/wp\/v2\/comments?post=17827"}],"version-history":[{"count":0,"href":"https:\/\/hakmarfrance.online\/de\/wp-json\/wp\/v2\/product\/17827\/revisions"}],"wp:featuredmedia":[{"embeddable":true,"href":"https:\/\/hakmarfrance.online\/de\/wp-json\/wp\/v2\/media\/17828"}],"wp:attachment":[{"href":"https:\/\/hakmarfrance.online\/de\/wp-json\/wp\/v2\/media?parent=17827"}],"wp:term":[{"taxonomy":"product_brand","embeddable":true,"href":"https:\/\/hakmarfrance.online\/de\/wp-json\/wp\/v2\/product_brand?post=17827"},{"taxonomy":"product_cat","embeddable":true,"href":"https:\/\/hakmarfrance.online\/de\/wp-json\/wp\/v2\/product_cat?post=17827"},{"taxonomy":"product_tag","embeddable":true,"href":"https:\/\/hakmarfrance.online\/de\/wp-json\/wp\/v2\/product_tag?post=17827"}],"curies":[{"name":"wp","href":"https:\/\/api.w.org\/{rel}","templated":true}]}}