{"id":17847,"date":"2025-06-11T12:12:14","date_gmt":"2025-06-11T12:12:14","guid":{"rendered":"https:\/\/hakmarfrance.online\/produit\/tuerkischer-kaffee-kurukahveci-mehmet-efendi-250g\/"},"modified":"2025-06-11T12:12:14","modified_gmt":"2025-06-11T12:12:14","slug":"tuerkischer-kaffee-kurukahveci-mehmet-efendi-250g","status":"publish","type":"product","link":"https:\/\/hakmarfrance.online\/de\/produit\/tuerkischer-kaffee-kurukahveci-mehmet-efendi-250g\/","title":{"rendered":"T\u00fcrkischer Kaffee Kurukahveci Mehmet Efendi \u2013 250g"},"content":{"rendered":"<p>Tauche ein in die Tradition mit dem t\u00fcrkischen Kaffee Kurukahveci Mehmet Efendi, bekannt f\u00fcr sein intensives Aroma und seine au\u00dfergew\u00f6hnliche Finesse. Ger\u00f6stet und gemahlen nach althergebrachter Handwerkskunst, wird dieser Kaffee idealerweise in einer Cezve zubereitet, um seinen vollen Reichtum zu entfalten. Gro\u00dfz\u00fcgiges 250g-Format, perfekt f\u00fcr Liebhaber authentischen Kaffees.  <\/p>\n","protected":false},"excerpt":{"rendered":"<p>Sehr fein gemahlener t\u00fcrkischer Kaffee, mit reichem und authentischem Geschmack, im 250g-Beutel.<\/p>\n","protected":false},"featured_media":17848,"comment_status":"open","ping_status":"closed","template":"","meta":{"iawp_total_views":0},"product_brand":[],"product_cat":[226,231,258],"product_tag":[],"class_list":{"0":"post-17847","1":"product","2":"type-product","3":"status-publish","4":"has-post-thumbnail","6":"product_cat-alle-unsere-produkte","7":"product_cat-getranke","8":"product_cat-tuerkischer-tee-aufguesse","10":"first","11":"instock","12":"shipping-taxable","13":"purchasable","14":"product-type-simple"},"yoast_head":"<!-- This site is optimized with the Yoast SEO plugin v27.3 - https:\/\/yoast.com\/product\/yoast-seo-wordpress\/ -->\n<title>T\u00fcrkischer Kaffee Kurukahveci Mehmet Efendi \u2013 250g - hakmarfrance.online<\/title>\n<meta name=\"robots\" content=\"index, follow, max-snippet:-1, max-image-preview:large, max-video-preview:-1\" \/>\n<link rel=\"canonical\" href=\"https:\/\/hakmarfrance.online\/de\/produit\/tuerkischer-kaffee-kurukahveci-mehmet-efendi-250g\/\" \/>\n<meta property=\"og:locale\" content=\"de_DE\" \/>\n<meta property=\"og:type\" content=\"article\" \/>\n<meta property=\"og:title\" content=\"T\u00fcrkischer Kaffee Kurukahveci Mehmet Efendi \u2013 250g - hakmarfrance.online\" \/>\n<meta property=\"og:description\" content=\"Sehr fein gemahlener t\u00fcrkischer Kaffee, mit reichem und authentischem Geschmack, im 250g-Beutel.\" \/>\n<meta property=\"og:url\" content=\"https:\/\/hakmarfrance.online\/de\/produit\/tuerkischer-kaffee-kurukahveci-mehmet-efendi-250g\/\" \/>\n<meta property=\"og:site_name\" content=\"hakmarfrance.online\" \/>\n<meta property=\"article:publisher\" content=\"https:\/\/www.facebook.com\/HakmarFranceSupermarche\/?locale=fr_FR\" \/>\n<meta property=\"og:image\" content=\"https:\/\/hakmarfrance.online\/wp-content\/uploads\/2025\/06\/kurukahveci-mehmet-efendi-cafe-turc-250g.jpg\" \/>\n\t<meta property=\"og:image:width\" content=\"1024\" \/>\n\t<meta property=\"og:image:height\" content=\"768\" \/>\n\t<meta property=\"og:image:type\" content=\"image\/jpeg\" \/>\n<meta name=\"twitter:card\" content=\"summary_large_image\" \/>\n<script type=\"application\/ld+json\" class=\"yoast-schema-graph\">{\"@context\":\"https:\\\/\\\/schema.org\",\"@graph\":[{\"@type\":\"WebPage\",\"@id\":\"https:\\\/\\\/hakmarfrance.online\\\/de\\\/produit\\\/tuerkischer-kaffee-kurukahveci-mehmet-efendi-250g\\\/\",\"url\":\"https:\\\/\\\/hakmarfrance.online\\\/de\\\/produit\\\/tuerkischer-kaffee-kurukahveci-mehmet-efendi-250g\\\/\",\"name\":\"T\u00fcrkischer Kaffee Kurukahveci Mehmet Efendi \u2013 250g - hakmarfrance.online\",\"isPartOf\":{\"@id\":\"https:\\\/\\\/hakmarfrance.online\\\/de\\\/#website\"},\"primaryImageOfPage\":{\"@id\":\"https:\\\/\\\/hakmarfrance.online\\\/de\\\/produit\\\/tuerkischer-kaffee-kurukahveci-mehmet-efendi-250g\\\/#primaryimage\"},\"image\":{\"@id\":\"https:\\\/\\\/hakmarfrance.online\\\/de\\\/produit\\\/tuerkischer-kaffee-kurukahveci-mehmet-efendi-250g\\\/#primaryimage\"},\"thumbnailUrl\":\"https:\\\/\\\/hakmarfrance.online\\\/wp-content\\\/uploads\\\/2025\\\/06\\\/kurukahveci-mehmet-efendi-cafe-turc-250g.jpg\",\"datePublished\":\"2025-06-11T12:12:14+00:00\",\"breadcrumb\":{\"@id\":\"https:\\\/\\\/hakmarfrance.online\\\/de\\\/produit\\\/tuerkischer-kaffee-kurukahveci-mehmet-efendi-250g\\\/#breadcrumb\"},\"inLanguage\":\"de\",\"potentialAction\":[{\"@type\":\"ReadAction\",\"target\":[\"https:\\\/\\\/hakmarfrance.online\\\/de\\\/produit\\\/tuerkischer-kaffee-kurukahveci-mehmet-efendi-250g\\\/\"]}]},{\"@type\":\"ImageObject\",\"inLanguage\":\"de\",\"@id\":\"https:\\\/\\\/hakmarfrance.online\\\/de\\\/produit\\\/tuerkischer-kaffee-kurukahveci-mehmet-efendi-250g\\\/#primaryimage\",\"url\":\"https:\\\/\\\/hakmarfrance.online\\\/wp-content\\\/uploads\\\/2025\\\/06\\\/kurukahveci-mehmet-efendi-cafe-turc-250g.jpg\",\"contentUrl\":\"https:\\\/\\\/hakmarfrance.online\\\/wp-content\\\/uploads\\\/2025\\\/06\\\/kurukahveci-mehmet-efendi-cafe-turc-250g.jpg\",\"width\":1024,\"height\":768},{\"@type\":\"BreadcrumbList\",\"@id\":\"https:\\\/\\\/hakmarfrance.online\\\/de\\\/produit\\\/tuerkischer-kaffee-kurukahveci-mehmet-efendi-250g\\\/#breadcrumb\",\"itemListElement\":[{\"@type\":\"ListItem\",\"position\":1,\"name\":\"Accueil\",\"item\":\"https:\\\/\\\/hakmarfrance.online\\\/de\\\/\"},{\"@type\":\"ListItem\",\"position\":2,\"name\":\"Shop\",\"item\":\"https:\\\/\\\/hakmarfrance.online\\\/de\\\/shop\\\/\"},{\"@type\":\"ListItem\",\"position\":3,\"name\":\"T\u00fcrkischer Kaffee Kurukahveci Mehmet Efendi \u2013 250g\"}]},{\"@type\":\"WebSite\",\"@id\":\"https:\\\/\\\/hakmarfrance.online\\\/de\\\/#website\",\"url\":\"https:\\\/\\\/hakmarfrance.online\\\/de\\\/\",\"name\":\"hakmarfrance.online\",\"description\":\"\",\"publisher\":{\"@id\":\"https:\\\/\\\/hakmarfrance.online\\\/de\\\/#organization\"},\"potentialAction\":[{\"@type\":\"SearchAction\",\"target\":{\"@type\":\"EntryPoint\",\"urlTemplate\":\"https:\\\/\\\/hakmarfrance.online\\\/de\\\/?s={search_term_string}\"},\"query-input\":{\"@type\":\"PropertyValueSpecification\",\"valueRequired\":true,\"valueName\":\"search_term_string\"}}],\"inLanguage\":\"de\"},{\"@type\":\"Organization\",\"@id\":\"https:\\\/\\\/hakmarfrance.online\\\/de\\\/#organization\",\"name\":\"hakmarfrance.online\",\"url\":\"https:\\\/\\\/hakmarfrance.online\\\/de\\\/\",\"logo\":{\"@type\":\"ImageObject\",\"inLanguage\":\"de\",\"@id\":\"https:\\\/\\\/hakmarfrance.online\\\/de\\\/#\\\/schema\\\/logo\\\/image\\\/\",\"url\":\"https:\\\/\\\/hakmarfrance.online\\\/wp-content\\\/uploads\\\/2025\\\/06\\\/logo-hakmarfrance.png\",\"contentUrl\":\"https:\\\/\\\/hakmarfrance.online\\\/wp-content\\\/uploads\\\/2025\\\/06\\\/logo-hakmarfrance.png\",\"width\":528,\"height\":232,\"caption\":\"hakmarfrance.online\"},\"image\":{\"@id\":\"https:\\\/\\\/hakmarfrance.online\\\/de\\\/#\\\/schema\\\/logo\\\/image\\\/\"},\"sameAs\":[\"https:\\\/\\\/www.facebook.com\\\/HakmarFranceSupermarche\\\/?locale=fr_FR\",\"https:\\\/\\\/www.instagram.com\\\/hakmarfrancesupermarche\\\/\"]}]}<\/script>\n<!-- \/ Yoast SEO plugin. -->","yoast_head_json":{"title":"T\u00fcrkischer Kaffee Kurukahveci Mehmet Efendi \u2013 250g - hakmarfrance.online","robots":{"index":"index","follow":"follow","max-snippet":"max-snippet:-1","max-image-preview":"max-image-preview:large","max-video-preview":"max-video-preview:-1"},"canonical":"https:\/\/hakmarfrance.online\/de\/produit\/tuerkischer-kaffee-kurukahveci-mehmet-efendi-250g\/","og_locale":"de_DE","og_type":"article","og_title":"T\u00fcrkischer Kaffee Kurukahveci Mehmet Efendi \u2013 250g - hakmarfrance.online","og_description":"Sehr fein gemahlener t\u00fcrkischer Kaffee, mit reichem und authentischem Geschmack, im 250g-Beutel.","og_url":"https:\/\/hakmarfrance.online\/de\/produit\/tuerkischer-kaffee-kurukahveci-mehmet-efendi-250g\/","og_site_name":"hakmarfrance.online","article_publisher":"https:\/\/www.facebook.com\/HakmarFranceSupermarche\/?locale=fr_FR","og_image":[{"width":1024,"height":768,"url":"https:\/\/hakmarfrance.online\/wp-content\/uploads\/2025\/06\/kurukahveci-mehmet-efendi-cafe-turc-250g.jpg","type":"image\/jpeg"}],"twitter_card":"summary_large_image","schema":{"@context":"https:\/\/schema.org","@graph":[{"@type":"WebPage","@id":"https:\/\/hakmarfrance.online\/de\/produit\/tuerkischer-kaffee-kurukahveci-mehmet-efendi-250g\/","url":"https:\/\/hakmarfrance.online\/de\/produit\/tuerkischer-kaffee-kurukahveci-mehmet-efendi-250g\/","name":"T\u00fcrkischer Kaffee Kurukahveci Mehmet Efendi \u2013 250g - hakmarfrance.online","isPartOf":{"@id":"https:\/\/hakmarfrance.online\/de\/#website"},"primaryImageOfPage":{"@id":"https:\/\/hakmarfrance.online\/de\/produit\/tuerkischer-kaffee-kurukahveci-mehmet-efendi-250g\/#primaryimage"},"image":{"@id":"https:\/\/hakmarfrance.online\/de\/produit\/tuerkischer-kaffee-kurukahveci-mehmet-efendi-250g\/#primaryimage"},"thumbnailUrl":"https:\/\/hakmarfrance.online\/wp-content\/uploads\/2025\/06\/kurukahveci-mehmet-efendi-cafe-turc-250g.jpg","datePublished":"2025-06-11T12:12:14+00:00","breadcrumb":{"@id":"https:\/\/hakmarfrance.online\/de\/produit\/tuerkischer-kaffee-kurukahveci-mehmet-efendi-250g\/#breadcrumb"},"inLanguage":"de","potentialAction":[{"@type":"ReadAction","target":["https:\/\/hakmarfrance.online\/de\/produit\/tuerkischer-kaffee-kurukahveci-mehmet-efendi-250g\/"]}]},{"@type":"ImageObject","inLanguage":"de","@id":"https:\/\/hakmarfrance.online\/de\/produit\/tuerkischer-kaffee-kurukahveci-mehmet-efendi-250g\/#primaryimage","url":"https:\/\/hakmarfrance.online\/wp-content\/uploads\/2025\/06\/kurukahveci-mehmet-efendi-cafe-turc-250g.jpg","contentUrl":"https:\/\/hakmarfrance.online\/wp-content\/uploads\/2025\/06\/kurukahveci-mehmet-efendi-cafe-turc-250g.jpg","width":1024,"height":768},{"@type":"BreadcrumbList","@id":"https:\/\/hakmarfrance.online\/de\/produit\/tuerkischer-kaffee-kurukahveci-mehmet-efendi-250g\/#breadcrumb","itemListElement":[{"@type":"ListItem","position":1,"name":"Accueil","item":"https:\/\/hakmarfrance.online\/de\/"},{"@type":"ListItem","position":2,"name":"Shop","item":"https:\/\/hakmarfrance.online\/de\/shop\/"},{"@type":"ListItem","position":3,"name":"T\u00fcrkischer Kaffee Kurukahveci Mehmet Efendi \u2013 250g"}]},{"@type":"WebSite","@id":"https:\/\/hakmarfrance.online\/de\/#website","url":"https:\/\/hakmarfrance.online\/de\/","name":"hakmarfrance.online","description":"","publisher":{"@id":"https:\/\/hakmarfrance.online\/de\/#organization"},"potentialAction":[{"@type":"SearchAction","target":{"@type":"EntryPoint","urlTemplate":"https:\/\/hakmarfrance.online\/de\/?s={search_term_string}"},"query-input":{"@type":"PropertyValueSpecification","valueRequired":true,"valueName":"search_term_string"}}],"inLanguage":"de"},{"@type":"Organization","@id":"https:\/\/hakmarfrance.online\/de\/#organization","name":"hakmarfrance.online","url":"https:\/\/hakmarfrance.online\/de\/","logo":{"@type":"ImageObject","inLanguage":"de","@id":"https:\/\/hakmarfrance.online\/de\/#\/schema\/logo\/image\/","url":"https:\/\/hakmarfrance.online\/wp-content\/uploads\/2025\/06\/logo-hakmarfrance.png","contentUrl":"https:\/\/hakmarfrance.online\/wp-content\/uploads\/2025\/06\/logo-hakmarfrance.png","width":528,"height":232,"caption":"hakmarfrance.online"},"image":{"@id":"https:\/\/hakmarfrance.online\/de\/#\/schema\/logo\/image\/"},"sameAs":["https:\/\/www.facebook.com\/HakmarFranceSupermarche\/?locale=fr_FR","https:\/\/www.instagram.com\/hakmarfrancesupermarche\/"]}]}},"_links":{"self":[{"href":"https:\/\/hakmarfrance.online\/de\/wp-json\/wp\/v2\/product\/17847","targetHints":{"allow":["GET"]}}],"collection":[{"href":"https:\/\/hakmarfrance.online\/de\/wp-json\/wp\/v2\/product"}],"about":[{"href":"https:\/\/hakmarfrance.online\/de\/wp-json\/wp\/v2\/types\/product"}],"replies":[{"embeddable":true,"href":"https:\/\/hakmarfrance.online\/de\/wp-json\/wp\/v2\/comments?post=17847"}],"version-history":[{"count":0,"href":"https:\/\/hakmarfrance.online\/de\/wp-json\/wp\/v2\/product\/17847\/revisions"}],"wp:featuredmedia":[{"embeddable":true,"href":"https:\/\/hakmarfrance.online\/de\/wp-json\/wp\/v2\/media\/17848"}],"wp:attachment":[{"href":"https:\/\/hakmarfrance.online\/de\/wp-json\/wp\/v2\/media?parent=17847"}],"wp:term":[{"taxonomy":"product_brand","embeddable":true,"href":"https:\/\/hakmarfrance.online\/de\/wp-json\/wp\/v2\/product_brand?post=17847"},{"taxonomy":"product_cat","embeddable":true,"href":"https:\/\/hakmarfrance.online\/de\/wp-json\/wp\/v2\/product_cat?post=17847"},{"taxonomy":"product_tag","embeddable":true,"href":"https:\/\/hakmarfrance.online\/de\/wp-json\/wp\/v2\/product_tag?post=17847"}],"curies":[{"name":"wp","href":"https:\/\/api.w.org\/{rel}","templated":true}]}}