{"id":17849,"date":"2025-06-11T12:05:15","date_gmt":"2025-06-11T12:05:15","guid":{"rendered":"https:\/\/hakmarfrance.online\/produit\/uelker-cafe-crown-latte-instant-cafe-latte-10-beutel\/"},"modified":"2025-06-11T12:05:15","modified_gmt":"2025-06-11T12:05:15","slug":"uelker-cafe-crown-latte-instant-cafe-latte-10-beutel","status":"publish","type":"product","link":"https:\/\/hakmarfrance.online\/de\/produit\/uelker-cafe-crown-latte-instant-cafe-latte-10-beutel\/","title":{"rendered":"\u00dclker Cafe Crown Latte \u2013 Instant-Caf\u00e9 Latte (10 Beutel)"},"content":{"rendered":"<p>Genie\u00dfe die S\u00fc\u00dfe eines cremigen Latte mit \u00dclker Cafe Crown. Dieser Instantkaffee vereint den reichen Geschmack von Kaffee mit einem leichten, cremigen Schaum \u2013 f\u00fcr einen wohltuenden Moment zu jeder Tageszeit. Jede Packung enth\u00e4lt 10 praktische Beutel, perfekt f\u00fcr eine schnelle und leckere Pause, im B\u00fcro oder zu Hause.  <\/p>\n","protected":false},"excerpt":{"rendered":"<p>Cremiger Caf\u00e9 Latte, in Sekundenschnelle fertig, in einer Packung mit 10 einzelnen Beuteln.<\/p>\n","protected":false},"featured_media":17851,"comment_status":"open","ping_status":"closed","template":"","meta":{"iawp_total_views":0},"product_brand":[165],"product_cat":[226,231,258],"product_tag":[],"class_list":{"0":"post-17849","1":"product","2":"type-product","3":"status-publish","4":"has-post-thumbnail","6":"product_brand-ulker","7":"product_cat-alle-unsere-produkte","8":"product_cat-getranke","9":"product_cat-tuerkischer-tee-aufguesse","11":"first","12":"instock","13":"shipping-taxable","14":"purchasable","15":"product-type-simple"},"yoast_head":"<!-- This site is optimized with the Yoast SEO plugin v27.3 - https:\/\/yoast.com\/product\/yoast-seo-wordpress\/ -->\n<title>\u00dclker Cafe Crown Latte \u2013 Instant-Caf\u00e9 Latte (10 Beutel) - hakmarfrance.online<\/title>\n<meta name=\"robots\" content=\"index, follow, max-snippet:-1, max-image-preview:large, max-video-preview:-1\" \/>\n<link rel=\"canonical\" href=\"https:\/\/hakmarfrance.online\/de\/produit\/uelker-cafe-crown-latte-instant-cafe-latte-10-beutel\/\" \/>\n<meta property=\"og:locale\" content=\"de_DE\" \/>\n<meta property=\"og:type\" content=\"article\" \/>\n<meta property=\"og:title\" content=\"\u00dclker Cafe Crown Latte \u2013 Instant-Caf\u00e9 Latte (10 Beutel) - hakmarfrance.online\" \/>\n<meta property=\"og:description\" content=\"Cremiger Caf\u00e9 Latte, in Sekundenschnelle fertig, in einer Packung mit 10 einzelnen Beuteln.\" \/>\n<meta property=\"og:url\" content=\"https:\/\/hakmarfrance.online\/de\/produit\/uelker-cafe-crown-latte-instant-cafe-latte-10-beutel\/\" \/>\n<meta property=\"og:site_name\" content=\"hakmarfrance.online\" \/>\n<meta property=\"article:publisher\" content=\"https:\/\/www.facebook.com\/HakmarFranceSupermarche\/?locale=fr_FR\" \/>\n<meta property=\"og:image\" content=\"https:\/\/hakmarfrance.online\/wp-content\/uploads\/2025\/06\/Cafe-Latte-Instantane-\u2013-Ulker-Cafe-Crown-Boite-de-10-Sachets-Individuels.png\" \/>\n\t<meta property=\"og:image:width\" content=\"1000\" \/>\n\t<meta property=\"og:image:height\" content=\"800\" \/>\n\t<meta property=\"og:image:type\" content=\"image\/png\" \/>\n<meta name=\"twitter:card\" content=\"summary_large_image\" \/>\n<script type=\"application\/ld+json\" class=\"yoast-schema-graph\">{\"@context\":\"https:\\\/\\\/schema.org\",\"@graph\":[{\"@type\":\"WebPage\",\"@id\":\"https:\\\/\\\/hakmarfrance.online\\\/de\\\/produit\\\/uelker-cafe-crown-latte-instant-cafe-latte-10-beutel\\\/\",\"url\":\"https:\\\/\\\/hakmarfrance.online\\\/de\\\/produit\\\/uelker-cafe-crown-latte-instant-cafe-latte-10-beutel\\\/\",\"name\":\"\u00dclker Cafe Crown Latte \u2013 Instant-Caf\u00e9 Latte (10 Beutel) - hakmarfrance.online\",\"isPartOf\":{\"@id\":\"https:\\\/\\\/hakmarfrance.online\\\/de\\\/#website\"},\"primaryImageOfPage\":{\"@id\":\"https:\\\/\\\/hakmarfrance.online\\\/de\\\/produit\\\/uelker-cafe-crown-latte-instant-cafe-latte-10-beutel\\\/#primaryimage\"},\"image\":{\"@id\":\"https:\\\/\\\/hakmarfrance.online\\\/de\\\/produit\\\/uelker-cafe-crown-latte-instant-cafe-latte-10-beutel\\\/#primaryimage\"},\"thumbnailUrl\":\"https:\\\/\\\/hakmarfrance.online\\\/wp-content\\\/uploads\\\/2025\\\/06\\\/Cafe-Latte-Instantane-\u2013-Ulker-Cafe-Crown-Boite-de-10-Sachets-Individuels.png\",\"datePublished\":\"2025-06-11T12:05:15+00:00\",\"breadcrumb\":{\"@id\":\"https:\\\/\\\/hakmarfrance.online\\\/de\\\/produit\\\/uelker-cafe-crown-latte-instant-cafe-latte-10-beutel\\\/#breadcrumb\"},\"inLanguage\":\"de\",\"potentialAction\":[{\"@type\":\"ReadAction\",\"target\":[\"https:\\\/\\\/hakmarfrance.online\\\/de\\\/produit\\\/uelker-cafe-crown-latte-instant-cafe-latte-10-beutel\\\/\"]}]},{\"@type\":\"ImageObject\",\"inLanguage\":\"de\",\"@id\":\"https:\\\/\\\/hakmarfrance.online\\\/de\\\/produit\\\/uelker-cafe-crown-latte-instant-cafe-latte-10-beutel\\\/#primaryimage\",\"url\":\"https:\\\/\\\/hakmarfrance.online\\\/wp-content\\\/uploads\\\/2025\\\/06\\\/Cafe-Latte-Instantane-\u2013-Ulker-Cafe-Crown-Boite-de-10-Sachets-Individuels.png\",\"contentUrl\":\"https:\\\/\\\/hakmarfrance.online\\\/wp-content\\\/uploads\\\/2025\\\/06\\\/Cafe-Latte-Instantane-\u2013-Ulker-Cafe-Crown-Boite-de-10-Sachets-Individuels.png\",\"width\":1000,\"height\":800},{\"@type\":\"BreadcrumbList\",\"@id\":\"https:\\\/\\\/hakmarfrance.online\\\/de\\\/produit\\\/uelker-cafe-crown-latte-instant-cafe-latte-10-beutel\\\/#breadcrumb\",\"itemListElement\":[{\"@type\":\"ListItem\",\"position\":1,\"name\":\"Accueil\",\"item\":\"https:\\\/\\\/hakmarfrance.online\\\/de\\\/\"},{\"@type\":\"ListItem\",\"position\":2,\"name\":\"Shop\",\"item\":\"https:\\\/\\\/hakmarfrance.online\\\/de\\\/shop\\\/\"},{\"@type\":\"ListItem\",\"position\":3,\"name\":\"\u00dclker Cafe Crown Latte \u2013 Instant-Caf\u00e9 Latte (10 Beutel)\"}]},{\"@type\":\"WebSite\",\"@id\":\"https:\\\/\\\/hakmarfrance.online\\\/de\\\/#website\",\"url\":\"https:\\\/\\\/hakmarfrance.online\\\/de\\\/\",\"name\":\"hakmarfrance.online\",\"description\":\"\",\"publisher\":{\"@id\":\"https:\\\/\\\/hakmarfrance.online\\\/de\\\/#organization\"},\"potentialAction\":[{\"@type\":\"SearchAction\",\"target\":{\"@type\":\"EntryPoint\",\"urlTemplate\":\"https:\\\/\\\/hakmarfrance.online\\\/de\\\/?s={search_term_string}\"},\"query-input\":{\"@type\":\"PropertyValueSpecification\",\"valueRequired\":true,\"valueName\":\"search_term_string\"}}],\"inLanguage\":\"de\"},{\"@type\":\"Organization\",\"@id\":\"https:\\\/\\\/hakmarfrance.online\\\/de\\\/#organization\",\"name\":\"hakmarfrance.online\",\"url\":\"https:\\\/\\\/hakmarfrance.online\\\/de\\\/\",\"logo\":{\"@type\":\"ImageObject\",\"inLanguage\":\"de\",\"@id\":\"https:\\\/\\\/hakmarfrance.online\\\/de\\\/#\\\/schema\\\/logo\\\/image\\\/\",\"url\":\"https:\\\/\\\/hakmarfrance.online\\\/wp-content\\\/uploads\\\/2025\\\/06\\\/logo-hakmarfrance.png\",\"contentUrl\":\"https:\\\/\\\/hakmarfrance.online\\\/wp-content\\\/uploads\\\/2025\\\/06\\\/logo-hakmarfrance.png\",\"width\":528,\"height\":232,\"caption\":\"hakmarfrance.online\"},\"image\":{\"@id\":\"https:\\\/\\\/hakmarfrance.online\\\/de\\\/#\\\/schema\\\/logo\\\/image\\\/\"},\"sameAs\":[\"https:\\\/\\\/www.facebook.com\\\/HakmarFranceSupermarche\\\/?locale=fr_FR\",\"https:\\\/\\\/www.instagram.com\\\/hakmarfrancesupermarche\\\/\"]}]}<\/script>\n<!-- \/ Yoast SEO plugin. -->","yoast_head_json":{"title":"\u00dclker Cafe Crown Latte \u2013 Instant-Caf\u00e9 Latte (10 Beutel) - hakmarfrance.online","robots":{"index":"index","follow":"follow","max-snippet":"max-snippet:-1","max-image-preview":"max-image-preview:large","max-video-preview":"max-video-preview:-1"},"canonical":"https:\/\/hakmarfrance.online\/de\/produit\/uelker-cafe-crown-latte-instant-cafe-latte-10-beutel\/","og_locale":"de_DE","og_type":"article","og_title":"\u00dclker Cafe Crown Latte \u2013 Instant-Caf\u00e9 Latte (10 Beutel) - hakmarfrance.online","og_description":"Cremiger Caf\u00e9 Latte, in Sekundenschnelle fertig, in einer Packung mit 10 einzelnen Beuteln.","og_url":"https:\/\/hakmarfrance.online\/de\/produit\/uelker-cafe-crown-latte-instant-cafe-latte-10-beutel\/","og_site_name":"hakmarfrance.online","article_publisher":"https:\/\/www.facebook.com\/HakmarFranceSupermarche\/?locale=fr_FR","og_image":[{"width":1000,"height":800,"url":"https:\/\/hakmarfrance.online\/wp-content\/uploads\/2025\/06\/Cafe-Latte-Instantane-\u2013-Ulker-Cafe-Crown-Boite-de-10-Sachets-Individuels.png","type":"image\/png"}],"twitter_card":"summary_large_image","schema":{"@context":"https:\/\/schema.org","@graph":[{"@type":"WebPage","@id":"https:\/\/hakmarfrance.online\/de\/produit\/uelker-cafe-crown-latte-instant-cafe-latte-10-beutel\/","url":"https:\/\/hakmarfrance.online\/de\/produit\/uelker-cafe-crown-latte-instant-cafe-latte-10-beutel\/","name":"\u00dclker Cafe Crown Latte \u2013 Instant-Caf\u00e9 Latte (10 Beutel) - hakmarfrance.online","isPartOf":{"@id":"https:\/\/hakmarfrance.online\/de\/#website"},"primaryImageOfPage":{"@id":"https:\/\/hakmarfrance.online\/de\/produit\/uelker-cafe-crown-latte-instant-cafe-latte-10-beutel\/#primaryimage"},"image":{"@id":"https:\/\/hakmarfrance.online\/de\/produit\/uelker-cafe-crown-latte-instant-cafe-latte-10-beutel\/#primaryimage"},"thumbnailUrl":"https:\/\/hakmarfrance.online\/wp-content\/uploads\/2025\/06\/Cafe-Latte-Instantane-\u2013-Ulker-Cafe-Crown-Boite-de-10-Sachets-Individuels.png","datePublished":"2025-06-11T12:05:15+00:00","breadcrumb":{"@id":"https:\/\/hakmarfrance.online\/de\/produit\/uelker-cafe-crown-latte-instant-cafe-latte-10-beutel\/#breadcrumb"},"inLanguage":"de","potentialAction":[{"@type":"ReadAction","target":["https:\/\/hakmarfrance.online\/de\/produit\/uelker-cafe-crown-latte-instant-cafe-latte-10-beutel\/"]}]},{"@type":"ImageObject","inLanguage":"de","@id":"https:\/\/hakmarfrance.online\/de\/produit\/uelker-cafe-crown-latte-instant-cafe-latte-10-beutel\/#primaryimage","url":"https:\/\/hakmarfrance.online\/wp-content\/uploads\/2025\/06\/Cafe-Latte-Instantane-\u2013-Ulker-Cafe-Crown-Boite-de-10-Sachets-Individuels.png","contentUrl":"https:\/\/hakmarfrance.online\/wp-content\/uploads\/2025\/06\/Cafe-Latte-Instantane-\u2013-Ulker-Cafe-Crown-Boite-de-10-Sachets-Individuels.png","width":1000,"height":800},{"@type":"BreadcrumbList","@id":"https:\/\/hakmarfrance.online\/de\/produit\/uelker-cafe-crown-latte-instant-cafe-latte-10-beutel\/#breadcrumb","itemListElement":[{"@type":"ListItem","position":1,"name":"Accueil","item":"https:\/\/hakmarfrance.online\/de\/"},{"@type":"ListItem","position":2,"name":"Shop","item":"https:\/\/hakmarfrance.online\/de\/shop\/"},{"@type":"ListItem","position":3,"name":"\u00dclker Cafe Crown Latte \u2013 Instant-Caf\u00e9 Latte (10 Beutel)"}]},{"@type":"WebSite","@id":"https:\/\/hakmarfrance.online\/de\/#website","url":"https:\/\/hakmarfrance.online\/de\/","name":"hakmarfrance.online","description":"","publisher":{"@id":"https:\/\/hakmarfrance.online\/de\/#organization"},"potentialAction":[{"@type":"SearchAction","target":{"@type":"EntryPoint","urlTemplate":"https:\/\/hakmarfrance.online\/de\/?s={search_term_string}"},"query-input":{"@type":"PropertyValueSpecification","valueRequired":true,"valueName":"search_term_string"}}],"inLanguage":"de"},{"@type":"Organization","@id":"https:\/\/hakmarfrance.online\/de\/#organization","name":"hakmarfrance.online","url":"https:\/\/hakmarfrance.online\/de\/","logo":{"@type":"ImageObject","inLanguage":"de","@id":"https:\/\/hakmarfrance.online\/de\/#\/schema\/logo\/image\/","url":"https:\/\/hakmarfrance.online\/wp-content\/uploads\/2025\/06\/logo-hakmarfrance.png","contentUrl":"https:\/\/hakmarfrance.online\/wp-content\/uploads\/2025\/06\/logo-hakmarfrance.png","width":528,"height":232,"caption":"hakmarfrance.online"},"image":{"@id":"https:\/\/hakmarfrance.online\/de\/#\/schema\/logo\/image\/"},"sameAs":["https:\/\/www.facebook.com\/HakmarFranceSupermarche\/?locale=fr_FR","https:\/\/www.instagram.com\/hakmarfrancesupermarche\/"]}]}},"_links":{"self":[{"href":"https:\/\/hakmarfrance.online\/de\/wp-json\/wp\/v2\/product\/17849","targetHints":{"allow":["GET"]}}],"collection":[{"href":"https:\/\/hakmarfrance.online\/de\/wp-json\/wp\/v2\/product"}],"about":[{"href":"https:\/\/hakmarfrance.online\/de\/wp-json\/wp\/v2\/types\/product"}],"replies":[{"embeddable":true,"href":"https:\/\/hakmarfrance.online\/de\/wp-json\/wp\/v2\/comments?post=17849"}],"version-history":[{"count":0,"href":"https:\/\/hakmarfrance.online\/de\/wp-json\/wp\/v2\/product\/17849\/revisions"}],"wp:featuredmedia":[{"embeddable":true,"href":"https:\/\/hakmarfrance.online\/de\/wp-json\/wp\/v2\/media\/17851"}],"wp:attachment":[{"href":"https:\/\/hakmarfrance.online\/de\/wp-json\/wp\/v2\/media?parent=17849"}],"wp:term":[{"taxonomy":"product_brand","embeddable":true,"href":"https:\/\/hakmarfrance.online\/de\/wp-json\/wp\/v2\/product_brand?post=17849"},{"taxonomy":"product_cat","embeddable":true,"href":"https:\/\/hakmarfrance.online\/de\/wp-json\/wp\/v2\/product_cat?post=17849"},{"taxonomy":"product_tag","embeddable":true,"href":"https:\/\/hakmarfrance.online\/de\/wp-json\/wp\/v2\/product_tag?post=17849"}],"curies":[{"name":"wp","href":"https:\/\/api.w.org\/{rel}","templated":true}]}}