{"id":17854,"date":"2025-06-11T12:06:53","date_gmt":"2025-06-11T12:06:53","guid":{"rendered":"https:\/\/hakmarfrance.online\/produit\/minas-kaffee-kava-fein-gemahlen-500g\/"},"modified":"2025-06-11T12:06:53","modified_gmt":"2025-06-11T12:06:53","slug":"minas-kaffee-kava-fein-gemahlen-500g","status":"publish","type":"product","link":"https:\/\/hakmarfrance.online\/de\/produit\/minas-kaffee-kava-fein-gemahlen-500g\/","title":{"rendered":"Minas Kaffee \u2013 Kava fein gemahlen 500g"},"content":{"rendered":"<p>Genie\u00dfe das tiefe Aroma und die Finesse des Minas Kaffees, sehr fein gemahlen f\u00fcr einen perfekten Aufguss nach traditioneller t\u00fcrkischer oder balkanischer Methode. Intensiv, geschmacksreich und zart ger\u00f6stet, wird er idealerweise in einer Cezve zubereitet, um seinen vollen Geschmack zu entfalten. 200g Beutel.  <\/p>\n","protected":false},"excerpt":{"rendered":"<p>Sehr fein gemahlener Kaffee, ideal f\u00fcr die traditionelle Zubereitung von t\u00fcrkischem oder balkanischem Kaffee.<\/p>\n","protected":false},"featured_media":17855,"comment_status":"open","ping_status":"closed","template":"","meta":{"iawp_total_views":0},"product_brand":[],"product_cat":[226,231,258],"product_tag":[],"class_list":{"0":"post-17854","1":"product","2":"type-product","3":"status-publish","4":"has-post-thumbnail","6":"product_cat-alle-unsere-produkte","7":"product_cat-getranke","8":"product_cat-tuerkischer-tee-aufguesse","10":"first","11":"instock","12":"shipping-taxable","13":"purchasable","14":"product-type-simple"},"yoast_head":"<!-- This site is optimized with the Yoast SEO plugin v27.3 - https:\/\/yoast.com\/product\/yoast-seo-wordpress\/ -->\n<title>Minas Kaffee \u2013 Kava fein gemahlen 500g - hakmarfrance.online<\/title>\n<meta name=\"robots\" content=\"index, follow, max-snippet:-1, max-image-preview:large, max-video-preview:-1\" \/>\n<link rel=\"canonical\" href=\"https:\/\/hakmarfrance.online\/de\/produit\/minas-kaffee-kava-fein-gemahlen-500g\/\" \/>\n<meta property=\"og:locale\" content=\"de_DE\" \/>\n<meta property=\"og:type\" content=\"article\" \/>\n<meta property=\"og:title\" content=\"Minas Kaffee \u2013 Kava fein gemahlen 500g - hakmarfrance.online\" \/>\n<meta property=\"og:description\" content=\"Sehr fein gemahlener Kaffee, ideal f\u00fcr die traditionelle Zubereitung von t\u00fcrkischem oder balkanischem Kaffee.\" \/>\n<meta property=\"og:url\" content=\"https:\/\/hakmarfrance.online\/de\/produit\/minas-kaffee-kava-fein-gemahlen-500g\/\" \/>\n<meta property=\"og:site_name\" content=\"hakmarfrance.online\" \/>\n<meta property=\"article:publisher\" content=\"https:\/\/www.facebook.com\/HakmarFranceSupermarche\/?locale=fr_FR\" \/>\n<meta property=\"og:image\" content=\"https:\/\/hakmarfrance.online\/wp-content\/uploads\/2025\/06\/cafe-minas-kava-moulu-finement-200g.webp\" \/>\n\t<meta property=\"og:image:width\" content=\"1000\" \/>\n\t<meta property=\"og:image:height\" content=\"1000\" \/>\n\t<meta property=\"og:image:type\" content=\"image\/webp\" \/>\n<meta name=\"twitter:card\" content=\"summary_large_image\" \/>\n<script type=\"application\/ld+json\" class=\"yoast-schema-graph\">{\"@context\":\"https:\\\/\\\/schema.org\",\"@graph\":[{\"@type\":\"WebPage\",\"@id\":\"https:\\\/\\\/hakmarfrance.online\\\/de\\\/produit\\\/minas-kaffee-kava-fein-gemahlen-500g\\\/\",\"url\":\"https:\\\/\\\/hakmarfrance.online\\\/de\\\/produit\\\/minas-kaffee-kava-fein-gemahlen-500g\\\/\",\"name\":\"Minas Kaffee \u2013 Kava fein gemahlen 500g - hakmarfrance.online\",\"isPartOf\":{\"@id\":\"https:\\\/\\\/hakmarfrance.online\\\/de\\\/#website\"},\"primaryImageOfPage\":{\"@id\":\"https:\\\/\\\/hakmarfrance.online\\\/de\\\/produit\\\/minas-kaffee-kava-fein-gemahlen-500g\\\/#primaryimage\"},\"image\":{\"@id\":\"https:\\\/\\\/hakmarfrance.online\\\/de\\\/produit\\\/minas-kaffee-kava-fein-gemahlen-500g\\\/#primaryimage\"},\"thumbnailUrl\":\"https:\\\/\\\/hakmarfrance.online\\\/wp-content\\\/uploads\\\/2025\\\/06\\\/cafe-minas-kava-moulu-finement-200g.webp\",\"datePublished\":\"2025-06-11T12:06:53+00:00\",\"breadcrumb\":{\"@id\":\"https:\\\/\\\/hakmarfrance.online\\\/de\\\/produit\\\/minas-kaffee-kava-fein-gemahlen-500g\\\/#breadcrumb\"},\"inLanguage\":\"de\",\"potentialAction\":[{\"@type\":\"ReadAction\",\"target\":[\"https:\\\/\\\/hakmarfrance.online\\\/de\\\/produit\\\/minas-kaffee-kava-fein-gemahlen-500g\\\/\"]}]},{\"@type\":\"ImageObject\",\"inLanguage\":\"de\",\"@id\":\"https:\\\/\\\/hakmarfrance.online\\\/de\\\/produit\\\/minas-kaffee-kava-fein-gemahlen-500g\\\/#primaryimage\",\"url\":\"https:\\\/\\\/hakmarfrance.online\\\/wp-content\\\/uploads\\\/2025\\\/06\\\/cafe-minas-kava-moulu-finement-200g.webp\",\"contentUrl\":\"https:\\\/\\\/hakmarfrance.online\\\/wp-content\\\/uploads\\\/2025\\\/06\\\/cafe-minas-kava-moulu-finement-200g.webp\",\"width\":1000,\"height\":1000},{\"@type\":\"BreadcrumbList\",\"@id\":\"https:\\\/\\\/hakmarfrance.online\\\/de\\\/produit\\\/minas-kaffee-kava-fein-gemahlen-500g\\\/#breadcrumb\",\"itemListElement\":[{\"@type\":\"ListItem\",\"position\":1,\"name\":\"Accueil\",\"item\":\"https:\\\/\\\/hakmarfrance.online\\\/de\\\/\"},{\"@type\":\"ListItem\",\"position\":2,\"name\":\"Shop\",\"item\":\"https:\\\/\\\/hakmarfrance.online\\\/de\\\/shop\\\/\"},{\"@type\":\"ListItem\",\"position\":3,\"name\":\"Minas Kaffee \u2013 Kava fein gemahlen 500g\"}]},{\"@type\":\"WebSite\",\"@id\":\"https:\\\/\\\/hakmarfrance.online\\\/de\\\/#website\",\"url\":\"https:\\\/\\\/hakmarfrance.online\\\/de\\\/\",\"name\":\"hakmarfrance.online\",\"description\":\"\",\"publisher\":{\"@id\":\"https:\\\/\\\/hakmarfrance.online\\\/de\\\/#organization\"},\"potentialAction\":[{\"@type\":\"SearchAction\",\"target\":{\"@type\":\"EntryPoint\",\"urlTemplate\":\"https:\\\/\\\/hakmarfrance.online\\\/de\\\/?s={search_term_string}\"},\"query-input\":{\"@type\":\"PropertyValueSpecification\",\"valueRequired\":true,\"valueName\":\"search_term_string\"}}],\"inLanguage\":\"de\"},{\"@type\":\"Organization\",\"@id\":\"https:\\\/\\\/hakmarfrance.online\\\/de\\\/#organization\",\"name\":\"hakmarfrance.online\",\"url\":\"https:\\\/\\\/hakmarfrance.online\\\/de\\\/\",\"logo\":{\"@type\":\"ImageObject\",\"inLanguage\":\"de\",\"@id\":\"https:\\\/\\\/hakmarfrance.online\\\/de\\\/#\\\/schema\\\/logo\\\/image\\\/\",\"url\":\"https:\\\/\\\/hakmarfrance.online\\\/wp-content\\\/uploads\\\/2025\\\/06\\\/logo-hakmarfrance.png\",\"contentUrl\":\"https:\\\/\\\/hakmarfrance.online\\\/wp-content\\\/uploads\\\/2025\\\/06\\\/logo-hakmarfrance.png\",\"width\":528,\"height\":232,\"caption\":\"hakmarfrance.online\"},\"image\":{\"@id\":\"https:\\\/\\\/hakmarfrance.online\\\/de\\\/#\\\/schema\\\/logo\\\/image\\\/\"},\"sameAs\":[\"https:\\\/\\\/www.facebook.com\\\/HakmarFranceSupermarche\\\/?locale=fr_FR\",\"https:\\\/\\\/www.instagram.com\\\/hakmarfrancesupermarche\\\/\"]}]}<\/script>\n<!-- \/ Yoast SEO plugin. -->","yoast_head_json":{"title":"Minas Kaffee \u2013 Kava fein gemahlen 500g - hakmarfrance.online","robots":{"index":"index","follow":"follow","max-snippet":"max-snippet:-1","max-image-preview":"max-image-preview:large","max-video-preview":"max-video-preview:-1"},"canonical":"https:\/\/hakmarfrance.online\/de\/produit\/minas-kaffee-kava-fein-gemahlen-500g\/","og_locale":"de_DE","og_type":"article","og_title":"Minas Kaffee \u2013 Kava fein gemahlen 500g - hakmarfrance.online","og_description":"Sehr fein gemahlener Kaffee, ideal f\u00fcr die traditionelle Zubereitung von t\u00fcrkischem oder balkanischem Kaffee.","og_url":"https:\/\/hakmarfrance.online\/de\/produit\/minas-kaffee-kava-fein-gemahlen-500g\/","og_site_name":"hakmarfrance.online","article_publisher":"https:\/\/www.facebook.com\/HakmarFranceSupermarche\/?locale=fr_FR","og_image":[{"width":1000,"height":1000,"url":"https:\/\/hakmarfrance.online\/wp-content\/uploads\/2025\/06\/cafe-minas-kava-moulu-finement-200g.webp","type":"image\/webp"}],"twitter_card":"summary_large_image","schema":{"@context":"https:\/\/schema.org","@graph":[{"@type":"WebPage","@id":"https:\/\/hakmarfrance.online\/de\/produit\/minas-kaffee-kava-fein-gemahlen-500g\/","url":"https:\/\/hakmarfrance.online\/de\/produit\/minas-kaffee-kava-fein-gemahlen-500g\/","name":"Minas Kaffee \u2013 Kava fein gemahlen 500g - hakmarfrance.online","isPartOf":{"@id":"https:\/\/hakmarfrance.online\/de\/#website"},"primaryImageOfPage":{"@id":"https:\/\/hakmarfrance.online\/de\/produit\/minas-kaffee-kava-fein-gemahlen-500g\/#primaryimage"},"image":{"@id":"https:\/\/hakmarfrance.online\/de\/produit\/minas-kaffee-kava-fein-gemahlen-500g\/#primaryimage"},"thumbnailUrl":"https:\/\/hakmarfrance.online\/wp-content\/uploads\/2025\/06\/cafe-minas-kava-moulu-finement-200g.webp","datePublished":"2025-06-11T12:06:53+00:00","breadcrumb":{"@id":"https:\/\/hakmarfrance.online\/de\/produit\/minas-kaffee-kava-fein-gemahlen-500g\/#breadcrumb"},"inLanguage":"de","potentialAction":[{"@type":"ReadAction","target":["https:\/\/hakmarfrance.online\/de\/produit\/minas-kaffee-kava-fein-gemahlen-500g\/"]}]},{"@type":"ImageObject","inLanguage":"de","@id":"https:\/\/hakmarfrance.online\/de\/produit\/minas-kaffee-kava-fein-gemahlen-500g\/#primaryimage","url":"https:\/\/hakmarfrance.online\/wp-content\/uploads\/2025\/06\/cafe-minas-kava-moulu-finement-200g.webp","contentUrl":"https:\/\/hakmarfrance.online\/wp-content\/uploads\/2025\/06\/cafe-minas-kava-moulu-finement-200g.webp","width":1000,"height":1000},{"@type":"BreadcrumbList","@id":"https:\/\/hakmarfrance.online\/de\/produit\/minas-kaffee-kava-fein-gemahlen-500g\/#breadcrumb","itemListElement":[{"@type":"ListItem","position":1,"name":"Accueil","item":"https:\/\/hakmarfrance.online\/de\/"},{"@type":"ListItem","position":2,"name":"Shop","item":"https:\/\/hakmarfrance.online\/de\/shop\/"},{"@type":"ListItem","position":3,"name":"Minas Kaffee \u2013 Kava fein gemahlen 500g"}]},{"@type":"WebSite","@id":"https:\/\/hakmarfrance.online\/de\/#website","url":"https:\/\/hakmarfrance.online\/de\/","name":"hakmarfrance.online","description":"","publisher":{"@id":"https:\/\/hakmarfrance.online\/de\/#organization"},"potentialAction":[{"@type":"SearchAction","target":{"@type":"EntryPoint","urlTemplate":"https:\/\/hakmarfrance.online\/de\/?s={search_term_string}"},"query-input":{"@type":"PropertyValueSpecification","valueRequired":true,"valueName":"search_term_string"}}],"inLanguage":"de"},{"@type":"Organization","@id":"https:\/\/hakmarfrance.online\/de\/#organization","name":"hakmarfrance.online","url":"https:\/\/hakmarfrance.online\/de\/","logo":{"@type":"ImageObject","inLanguage":"de","@id":"https:\/\/hakmarfrance.online\/de\/#\/schema\/logo\/image\/","url":"https:\/\/hakmarfrance.online\/wp-content\/uploads\/2025\/06\/logo-hakmarfrance.png","contentUrl":"https:\/\/hakmarfrance.online\/wp-content\/uploads\/2025\/06\/logo-hakmarfrance.png","width":528,"height":232,"caption":"hakmarfrance.online"},"image":{"@id":"https:\/\/hakmarfrance.online\/de\/#\/schema\/logo\/image\/"},"sameAs":["https:\/\/www.facebook.com\/HakmarFranceSupermarche\/?locale=fr_FR","https:\/\/www.instagram.com\/hakmarfrancesupermarche\/"]}]}},"_links":{"self":[{"href":"https:\/\/hakmarfrance.online\/de\/wp-json\/wp\/v2\/product\/17854","targetHints":{"allow":["GET"]}}],"collection":[{"href":"https:\/\/hakmarfrance.online\/de\/wp-json\/wp\/v2\/product"}],"about":[{"href":"https:\/\/hakmarfrance.online\/de\/wp-json\/wp\/v2\/types\/product"}],"replies":[{"embeddable":true,"href":"https:\/\/hakmarfrance.online\/de\/wp-json\/wp\/v2\/comments?post=17854"}],"version-history":[{"count":0,"href":"https:\/\/hakmarfrance.online\/de\/wp-json\/wp\/v2\/product\/17854\/revisions"}],"wp:featuredmedia":[{"embeddable":true,"href":"https:\/\/hakmarfrance.online\/de\/wp-json\/wp\/v2\/media\/17855"}],"wp:attachment":[{"href":"https:\/\/hakmarfrance.online\/de\/wp-json\/wp\/v2\/media?parent=17854"}],"wp:term":[{"taxonomy":"product_brand","embeddable":true,"href":"https:\/\/hakmarfrance.online\/de\/wp-json\/wp\/v2\/product_brand?post=17854"},{"taxonomy":"product_cat","embeddable":true,"href":"https:\/\/hakmarfrance.online\/de\/wp-json\/wp\/v2\/product_cat?post=17854"},{"taxonomy":"product_tag","embeddable":true,"href":"https:\/\/hakmarfrance.online\/de\/wp-json\/wp\/v2\/product_tag?post=17854"}],"curies":[{"name":"wp","href":"https:\/\/api.w.org\/{rel}","templated":true}]}}