{"id":17873,"date":"2025-06-11T12:00:15","date_gmt":"2025-06-11T12:00:15","guid":{"rendered":"https:\/\/hakmarfrance.online\/produit\/ankara-fusilli-fiyonk-tuerkische-pasta-500g\/"},"modified":"2025-06-11T12:00:15","modified_gmt":"2025-06-11T12:00:15","slug":"ankara-fusilli-fiyonk-tuerkische-pasta-500g","status":"publish","type":"product","link":"https:\/\/hakmarfrance.online\/de\/produit\/ankara-fusilli-fiyonk-tuerkische-pasta-500g\/","title":{"rendered":"Ankara Fusilli Fiyonk \u2013 T\u00fcrkische Pasta 500g"},"content":{"rendered":"<p>Die Fusilli Fiyonk Pasta der Marke Ankara ist ideal f\u00fcr leckere und kreative Rezepte. Dank ihrer gedrehten Form nimmt sie Saucen perfekt auf und eignet sich sowohl f\u00fcr warme Gerichte als auch f\u00fcr kalte Salate. Hergestellt aus hochwertigem Hartweizen, beh\u00e4lt sie beim Kochen perfekt ihre Form. 500g Beutel.   <\/p>\n","protected":false},"excerpt":{"rendered":"<p>Die Fusilli Fiyonk Pasta der Marke Ankara ist ideal f\u00fcr leckere und kreative Rezepte. Dank ihrer gedrehten Form nimmt sie Saucen perfekt auf und eignet sich sowohl f\u00fcr warme Gerichte als auch f\u00fcr kalte Salate. Hergestellt aus hochwertigem Hartweizen, beh\u00e4lt sie beim Kochen perfekt ihre Form. 500g Beutel.   <\/p>\n","protected":false},"featured_media":18553,"comment_status":"open","ping_status":"closed","template":"","meta":{"iawp_total_views":0},"product_brand":[177],"product_cat":[226],"product_tag":[],"class_list":{"0":"post-17873","1":"product","2":"type-product","3":"status-publish","4":"has-post-thumbnail","6":"product_brand-ankara","7":"product_cat-alle-unsere-produkte","9":"first","10":"instock","11":"featured","12":"shipping-taxable","13":"purchasable","14":"product-type-simple"},"yoast_head":"<!-- This site is optimized with the Yoast SEO plugin v27.3 - https:\/\/yoast.com\/product\/yoast-seo-wordpress\/ -->\n<title>Ankara Fusilli Fiyonk \u2013 T\u00fcrkische Pasta 500g - hakmarfrance.online<\/title>\n<meta name=\"robots\" content=\"index, follow, max-snippet:-1, max-image-preview:large, max-video-preview:-1\" \/>\n<link rel=\"canonical\" href=\"https:\/\/hakmarfrance.online\/de\/produit\/ankara-fusilli-fiyonk-tuerkische-pasta-500g\/\" \/>\n<meta property=\"og:locale\" content=\"de_DE\" \/>\n<meta property=\"og:type\" content=\"article\" \/>\n<meta property=\"og:title\" content=\"Ankara Fusilli Fiyonk \u2013 T\u00fcrkische Pasta 500g - hakmarfrance.online\" \/>\n<meta property=\"og:description\" content=\"Die Fusilli Fiyonk Pasta der Marke Ankara ist ideal f\u00fcr leckere und kreative Rezepte. Dank ihrer gedrehten Form nimmt sie Saucen perfekt auf und eignet sich sowohl f\u00fcr warme Gerichte als auch f\u00fcr kalte Salate. Hergestellt aus hochwertigem Hartweizen, beh\u00e4lt sie beim Kochen perfekt ihre Form. 500g Beutel.\" \/>\n<meta property=\"og:url\" content=\"https:\/\/hakmarfrance.online\/de\/produit\/ankara-fusilli-fiyonk-tuerkische-pasta-500g\/\" \/>\n<meta property=\"og:site_name\" content=\"hakmarfrance.online\" \/>\n<meta property=\"article:publisher\" content=\"https:\/\/www.facebook.com\/HakmarFranceSupermarche\/?locale=fr_FR\" \/>\n<meta property=\"og:image\" content=\"https:\/\/hakmarfrance.online\/wp-content\/uploads\/2025\/06\/pates-fusilli-fiyonk-ankara-500g-1.avif\" \/>\n\t<meta property=\"og:image:width\" content=\"1000\" \/>\n\t<meta property=\"og:image:height\" content=\"800\" \/>\n\t<meta property=\"og:image:type\" content=\"image\/png\" \/>\n<meta name=\"twitter:card\" content=\"summary_large_image\" \/>\n<script type=\"application\/ld+json\" class=\"yoast-schema-graph\">{\"@context\":\"https:\\\/\\\/schema.org\",\"@graph\":[{\"@type\":\"WebPage\",\"@id\":\"https:\\\/\\\/hakmarfrance.online\\\/de\\\/produit\\\/ankara-fusilli-fiyonk-tuerkische-pasta-500g\\\/\",\"url\":\"https:\\\/\\\/hakmarfrance.online\\\/de\\\/produit\\\/ankara-fusilli-fiyonk-tuerkische-pasta-500g\\\/\",\"name\":\"Ankara Fusilli Fiyonk \u2013 T\u00fcrkische Pasta 500g - hakmarfrance.online\",\"isPartOf\":{\"@id\":\"https:\\\/\\\/hakmarfrance.online\\\/de\\\/#website\"},\"primaryImageOfPage\":{\"@id\":\"https:\\\/\\\/hakmarfrance.online\\\/de\\\/produit\\\/ankara-fusilli-fiyonk-tuerkische-pasta-500g\\\/#primaryimage\"},\"image\":{\"@id\":\"https:\\\/\\\/hakmarfrance.online\\\/de\\\/produit\\\/ankara-fusilli-fiyonk-tuerkische-pasta-500g\\\/#primaryimage\"},\"thumbnailUrl\":\"https:\\\/\\\/hakmarfrance.online\\\/wp-content\\\/uploads\\\/2025\\\/06\\\/pates-fusilli-fiyonk-ankara-500g-1.avif\",\"datePublished\":\"2025-06-11T12:00:15+00:00\",\"breadcrumb\":{\"@id\":\"https:\\\/\\\/hakmarfrance.online\\\/de\\\/produit\\\/ankara-fusilli-fiyonk-tuerkische-pasta-500g\\\/#breadcrumb\"},\"inLanguage\":\"de\",\"potentialAction\":[{\"@type\":\"ReadAction\",\"target\":[\"https:\\\/\\\/hakmarfrance.online\\\/de\\\/produit\\\/ankara-fusilli-fiyonk-tuerkische-pasta-500g\\\/\"]}]},{\"@type\":\"ImageObject\",\"inLanguage\":\"de\",\"@id\":\"https:\\\/\\\/hakmarfrance.online\\\/de\\\/produit\\\/ankara-fusilli-fiyonk-tuerkische-pasta-500g\\\/#primaryimage\",\"url\":\"https:\\\/\\\/hakmarfrance.online\\\/wp-content\\\/uploads\\\/2025\\\/06\\\/pates-fusilli-fiyonk-ankara-500g-1.avif\",\"contentUrl\":\"https:\\\/\\\/hakmarfrance.online\\\/wp-content\\\/uploads\\\/2025\\\/06\\\/pates-fusilli-fiyonk-ankara-500g-1.avif\",\"width\":1000,\"height\":800},{\"@type\":\"BreadcrumbList\",\"@id\":\"https:\\\/\\\/hakmarfrance.online\\\/de\\\/produit\\\/ankara-fusilli-fiyonk-tuerkische-pasta-500g\\\/#breadcrumb\",\"itemListElement\":[{\"@type\":\"ListItem\",\"position\":1,\"name\":\"Accueil\",\"item\":\"https:\\\/\\\/hakmarfrance.online\\\/de\\\/\"},{\"@type\":\"ListItem\",\"position\":2,\"name\":\"Shop\",\"item\":\"https:\\\/\\\/hakmarfrance.online\\\/de\\\/shop\\\/\"},{\"@type\":\"ListItem\",\"position\":3,\"name\":\"Ankara Fusilli Fiyonk \u2013 T\u00fcrkische Pasta 500g\"}]},{\"@type\":\"WebSite\",\"@id\":\"https:\\\/\\\/hakmarfrance.online\\\/de\\\/#website\",\"url\":\"https:\\\/\\\/hakmarfrance.online\\\/de\\\/\",\"name\":\"hakmarfrance.online\",\"description\":\"\",\"publisher\":{\"@id\":\"https:\\\/\\\/hakmarfrance.online\\\/de\\\/#organization\"},\"potentialAction\":[{\"@type\":\"SearchAction\",\"target\":{\"@type\":\"EntryPoint\",\"urlTemplate\":\"https:\\\/\\\/hakmarfrance.online\\\/de\\\/?s={search_term_string}\"},\"query-input\":{\"@type\":\"PropertyValueSpecification\",\"valueRequired\":true,\"valueName\":\"search_term_string\"}}],\"inLanguage\":\"de\"},{\"@type\":\"Organization\",\"@id\":\"https:\\\/\\\/hakmarfrance.online\\\/de\\\/#organization\",\"name\":\"hakmarfrance.online\",\"url\":\"https:\\\/\\\/hakmarfrance.online\\\/de\\\/\",\"logo\":{\"@type\":\"ImageObject\",\"inLanguage\":\"de\",\"@id\":\"https:\\\/\\\/hakmarfrance.online\\\/de\\\/#\\\/schema\\\/logo\\\/image\\\/\",\"url\":\"https:\\\/\\\/hakmarfrance.online\\\/wp-content\\\/uploads\\\/2025\\\/06\\\/logo-hakmarfrance.png\",\"contentUrl\":\"https:\\\/\\\/hakmarfrance.online\\\/wp-content\\\/uploads\\\/2025\\\/06\\\/logo-hakmarfrance.png\",\"width\":528,\"height\":232,\"caption\":\"hakmarfrance.online\"},\"image\":{\"@id\":\"https:\\\/\\\/hakmarfrance.online\\\/de\\\/#\\\/schema\\\/logo\\\/image\\\/\"},\"sameAs\":[\"https:\\\/\\\/www.facebook.com\\\/HakmarFranceSupermarche\\\/?locale=fr_FR\",\"https:\\\/\\\/www.instagram.com\\\/hakmarfrancesupermarche\\\/\"]}]}<\/script>\n<!-- \/ Yoast SEO plugin. -->","yoast_head_json":{"title":"Ankara Fusilli Fiyonk \u2013 T\u00fcrkische Pasta 500g - hakmarfrance.online","robots":{"index":"index","follow":"follow","max-snippet":"max-snippet:-1","max-image-preview":"max-image-preview:large","max-video-preview":"max-video-preview:-1"},"canonical":"https:\/\/hakmarfrance.online\/de\/produit\/ankara-fusilli-fiyonk-tuerkische-pasta-500g\/","og_locale":"de_DE","og_type":"article","og_title":"Ankara Fusilli Fiyonk \u2013 T\u00fcrkische Pasta 500g - hakmarfrance.online","og_description":"Die Fusilli Fiyonk Pasta der Marke Ankara ist ideal f\u00fcr leckere und kreative Rezepte. Dank ihrer gedrehten Form nimmt sie Saucen perfekt auf und eignet sich sowohl f\u00fcr warme Gerichte als auch f\u00fcr kalte Salate. Hergestellt aus hochwertigem Hartweizen, beh\u00e4lt sie beim Kochen perfekt ihre Form. 500g Beutel.","og_url":"https:\/\/hakmarfrance.online\/de\/produit\/ankara-fusilli-fiyonk-tuerkische-pasta-500g\/","og_site_name":"hakmarfrance.online","article_publisher":"https:\/\/www.facebook.com\/HakmarFranceSupermarche\/?locale=fr_FR","og_image":[{"width":1000,"height":800,"url":"https:\/\/hakmarfrance.online\/wp-content\/uploads\/2025\/06\/pates-fusilli-fiyonk-ankara-500g-1.avif","type":"image\/png"}],"twitter_card":"summary_large_image","schema":{"@context":"https:\/\/schema.org","@graph":[{"@type":"WebPage","@id":"https:\/\/hakmarfrance.online\/de\/produit\/ankara-fusilli-fiyonk-tuerkische-pasta-500g\/","url":"https:\/\/hakmarfrance.online\/de\/produit\/ankara-fusilli-fiyonk-tuerkische-pasta-500g\/","name":"Ankara Fusilli Fiyonk \u2013 T\u00fcrkische Pasta 500g - hakmarfrance.online","isPartOf":{"@id":"https:\/\/hakmarfrance.online\/de\/#website"},"primaryImageOfPage":{"@id":"https:\/\/hakmarfrance.online\/de\/produit\/ankara-fusilli-fiyonk-tuerkische-pasta-500g\/#primaryimage"},"image":{"@id":"https:\/\/hakmarfrance.online\/de\/produit\/ankara-fusilli-fiyonk-tuerkische-pasta-500g\/#primaryimage"},"thumbnailUrl":"https:\/\/hakmarfrance.online\/wp-content\/uploads\/2025\/06\/pates-fusilli-fiyonk-ankara-500g-1.avif","datePublished":"2025-06-11T12:00:15+00:00","breadcrumb":{"@id":"https:\/\/hakmarfrance.online\/de\/produit\/ankara-fusilli-fiyonk-tuerkische-pasta-500g\/#breadcrumb"},"inLanguage":"de","potentialAction":[{"@type":"ReadAction","target":["https:\/\/hakmarfrance.online\/de\/produit\/ankara-fusilli-fiyonk-tuerkische-pasta-500g\/"]}]},{"@type":"ImageObject","inLanguage":"de","@id":"https:\/\/hakmarfrance.online\/de\/produit\/ankara-fusilli-fiyonk-tuerkische-pasta-500g\/#primaryimage","url":"https:\/\/hakmarfrance.online\/wp-content\/uploads\/2025\/06\/pates-fusilli-fiyonk-ankara-500g-1.avif","contentUrl":"https:\/\/hakmarfrance.online\/wp-content\/uploads\/2025\/06\/pates-fusilli-fiyonk-ankara-500g-1.avif","width":1000,"height":800},{"@type":"BreadcrumbList","@id":"https:\/\/hakmarfrance.online\/de\/produit\/ankara-fusilli-fiyonk-tuerkische-pasta-500g\/#breadcrumb","itemListElement":[{"@type":"ListItem","position":1,"name":"Accueil","item":"https:\/\/hakmarfrance.online\/de\/"},{"@type":"ListItem","position":2,"name":"Shop","item":"https:\/\/hakmarfrance.online\/de\/shop\/"},{"@type":"ListItem","position":3,"name":"Ankara Fusilli Fiyonk \u2013 T\u00fcrkische Pasta 500g"}]},{"@type":"WebSite","@id":"https:\/\/hakmarfrance.online\/de\/#website","url":"https:\/\/hakmarfrance.online\/de\/","name":"hakmarfrance.online","description":"","publisher":{"@id":"https:\/\/hakmarfrance.online\/de\/#organization"},"potentialAction":[{"@type":"SearchAction","target":{"@type":"EntryPoint","urlTemplate":"https:\/\/hakmarfrance.online\/de\/?s={search_term_string}"},"query-input":{"@type":"PropertyValueSpecification","valueRequired":true,"valueName":"search_term_string"}}],"inLanguage":"de"},{"@type":"Organization","@id":"https:\/\/hakmarfrance.online\/de\/#organization","name":"hakmarfrance.online","url":"https:\/\/hakmarfrance.online\/de\/","logo":{"@type":"ImageObject","inLanguage":"de","@id":"https:\/\/hakmarfrance.online\/de\/#\/schema\/logo\/image\/","url":"https:\/\/hakmarfrance.online\/wp-content\/uploads\/2025\/06\/logo-hakmarfrance.png","contentUrl":"https:\/\/hakmarfrance.online\/wp-content\/uploads\/2025\/06\/logo-hakmarfrance.png","width":528,"height":232,"caption":"hakmarfrance.online"},"image":{"@id":"https:\/\/hakmarfrance.online\/de\/#\/schema\/logo\/image\/"},"sameAs":["https:\/\/www.facebook.com\/HakmarFranceSupermarche\/?locale=fr_FR","https:\/\/www.instagram.com\/hakmarfrancesupermarche\/"]}]}},"_links":{"self":[{"href":"https:\/\/hakmarfrance.online\/de\/wp-json\/wp\/v2\/product\/17873","targetHints":{"allow":["GET"]}}],"collection":[{"href":"https:\/\/hakmarfrance.online\/de\/wp-json\/wp\/v2\/product"}],"about":[{"href":"https:\/\/hakmarfrance.online\/de\/wp-json\/wp\/v2\/types\/product"}],"replies":[{"embeddable":true,"href":"https:\/\/hakmarfrance.online\/de\/wp-json\/wp\/v2\/comments?post=17873"}],"version-history":[{"count":0,"href":"https:\/\/hakmarfrance.online\/de\/wp-json\/wp\/v2\/product\/17873\/revisions"}],"wp:featuredmedia":[{"embeddable":true,"href":"https:\/\/hakmarfrance.online\/de\/wp-json\/wp\/v2\/media\/18553"}],"wp:attachment":[{"href":"https:\/\/hakmarfrance.online\/de\/wp-json\/wp\/v2\/media?parent=17873"}],"wp:term":[{"taxonomy":"product_brand","embeddable":true,"href":"https:\/\/hakmarfrance.online\/de\/wp-json\/wp\/v2\/product_brand?post=17873"},{"taxonomy":"product_cat","embeddable":true,"href":"https:\/\/hakmarfrance.online\/de\/wp-json\/wp\/v2\/product_cat?post=17873"},{"taxonomy":"product_tag","embeddable":true,"href":"https:\/\/hakmarfrance.online\/de\/wp-json\/wp\/v2\/product_tag?post=17873"}],"curies":[{"name":"wp","href":"https:\/\/api.w.org\/{rel}","templated":true}]}}