{"id":17913,"date":"2025-05-26T08:40:10","date_gmt":"2025-05-26T08:40:10","guid":{"rendered":"https:\/\/hakmarfrance.online\/produit\/ifri-zitronen-sprudelgetraenk-125l-ohne-konservierungsstoffe\/"},"modified":"2025-05-26T08:40:10","modified_gmt":"2025-05-26T08:40:10","slug":"ifri-zitronen-sprudelgetraenk-125l-ohne-konservierungsstoffe","status":"publish","type":"product","link":"https:\/\/hakmarfrance.online\/de\/produit\/ifri-zitronen-sprudelgetraenk-125l-ohne-konservierungsstoffe\/","title":{"rendered":"Ifri Zitronen-Sprudelgetr\u00e4nk \u2013 1,25L \u2013 Ohne Konservierungsstoffe"},"content":{"rendered":"","protected":false},"excerpt":{"rendered":"<p data-start=\"318\" data-end=\"463\">Erfrische dich mit dem <strong data-start=\"342\" data-end=\"376\">Ifri Zitronen-Sprudelgetr\u00e4nk<\/strong>, einem prickelnden Getr\u00e4nk mit s\u00e4uerlichem Geschmack, perfekt f\u00fcr jeden Wunsch nach Frische.<\/p>\n<p data-start=\"465\" data-end=\"627\">\u2714\ufe0f Lebhafter und erfrischender Zitronengeschmack<br data-start=\"505\" data-end=\"508\">\u2714\ufe0f Ohne Konservierungsstoffe und mit nat\u00fcrlichen Aromen<br data-start=\"553\" data-end=\"556\">\u2714\ufe0f 1,25L Flasche \u2013 ideal zum Teilen<br data-start=\"597\" data-end=\"600\">\u2714\ufe0f Gut gek\u00fchlt genie\u00dfen<\/p>\n<p data-start=\"629\" data-end=\"731\">Ein Muss f\u00fcr den Sommer, Familienessen oder eine vitaminreiche Pause den ganzen Tag \u00fcber!<\/p>\n","protected":false},"featured_media":18560,"comment_status":"open","ping_status":"closed","template":"","meta":{"iawp_total_views":0},"product_brand":[],"product_cat":[226,232,231],"product_tag":[],"class_list":{"0":"post-17913","1":"product","2":"type-product","3":"status-publish","4":"has-post-thumbnail","6":"product_cat-alle-unsere-produkte","7":"product_cat-erfrischungsgetrank","8":"product_cat-getranke","10":"first","11":"instock","12":"shipping-taxable","13":"purchasable","14":"product-type-simple"},"yoast_head":"<!-- This site is optimized with the Yoast SEO plugin v27.3 - https:\/\/yoast.com\/product\/yoast-seo-wordpress\/ -->\n<title>Ifri Zitronen-Sprudelgetr\u00e4nk \u2013 1,25L \u2013 Ohne Konservierungsstoffe - hakmarfrance.online<\/title>\n<meta name=\"robots\" content=\"index, follow, max-snippet:-1, max-image-preview:large, max-video-preview:-1\" \/>\n<link rel=\"canonical\" href=\"https:\/\/hakmarfrance.online\/de\/produit\/ifri-zitronen-sprudelgetraenk-125l-ohne-konservierungsstoffe\/\" \/>\n<meta property=\"og:locale\" content=\"de_DE\" \/>\n<meta property=\"og:type\" content=\"article\" \/>\n<meta property=\"og:title\" content=\"Ifri Zitronen-Sprudelgetr\u00e4nk \u2013 1,25L \u2013 Ohne Konservierungsstoffe - hakmarfrance.online\" \/>\n<meta property=\"og:description\" content=\"Erfrische dich mit dem Ifri Zitronen-Sprudelgetr\u00e4nk, einem prickelnden Getr\u00e4nk mit s\u00e4uerlichem Geschmack, perfekt f\u00fcr jeden Wunsch nach Frische. \u2714\ufe0f Lebhafter und erfrischender Zitronengeschmack\u2714\ufe0f Ohne Konservierungsstoffe und mit nat\u00fcrlichen Aromen\u2714\ufe0f 1,25L Flasche \u2013 ideal zum Teilen\u2714\ufe0f Gut gek\u00fchlt genie\u00dfen Ein Muss f\u00fcr den Sommer, Familienessen oder eine vitaminreiche Pause den ganzen Tag \u00fcber!\" \/>\n<meta property=\"og:url\" content=\"https:\/\/hakmarfrance.online\/de\/produit\/ifri-zitronen-sprudelgetraenk-125l-ohne-konservierungsstoffe\/\" \/>\n<meta property=\"og:site_name\" content=\"hakmarfrance.online\" \/>\n<meta property=\"article:publisher\" content=\"https:\/\/www.facebook.com\/HakmarFranceSupermarche\/?locale=fr_FR\" \/>\n<meta property=\"og:image\" content=\"https:\/\/hakmarfrance.online\/wp-content\/uploads\/2025\/05\/ifri_citron.avif\" \/>\n\t<meta property=\"og:image:width\" content=\"1000\" \/>\n\t<meta property=\"og:image:height\" content=\"800\" \/>\n\t<meta property=\"og:image:type\" content=\"image\/png\" \/>\n<meta name=\"twitter:card\" content=\"summary_large_image\" \/>\n<script type=\"application\/ld+json\" class=\"yoast-schema-graph\">{\"@context\":\"https:\\\/\\\/schema.org\",\"@graph\":[{\"@type\":\"WebPage\",\"@id\":\"https:\\\/\\\/hakmarfrance.online\\\/de\\\/produit\\\/ifri-zitronen-sprudelgetraenk-125l-ohne-konservierungsstoffe\\\/\",\"url\":\"https:\\\/\\\/hakmarfrance.online\\\/de\\\/produit\\\/ifri-zitronen-sprudelgetraenk-125l-ohne-konservierungsstoffe\\\/\",\"name\":\"Ifri Zitronen-Sprudelgetr\u00e4nk \u2013 1,25L \u2013 Ohne Konservierungsstoffe - hakmarfrance.online\",\"isPartOf\":{\"@id\":\"https:\\\/\\\/hakmarfrance.online\\\/de\\\/#website\"},\"primaryImageOfPage\":{\"@id\":\"https:\\\/\\\/hakmarfrance.online\\\/de\\\/produit\\\/ifri-zitronen-sprudelgetraenk-125l-ohne-konservierungsstoffe\\\/#primaryimage\"},\"image\":{\"@id\":\"https:\\\/\\\/hakmarfrance.online\\\/de\\\/produit\\\/ifri-zitronen-sprudelgetraenk-125l-ohne-konservierungsstoffe\\\/#primaryimage\"},\"thumbnailUrl\":\"https:\\\/\\\/hakmarfrance.online\\\/wp-content\\\/uploads\\\/2025\\\/05\\\/ifri_citron.avif\",\"datePublished\":\"2025-05-26T08:40:10+00:00\",\"breadcrumb\":{\"@id\":\"https:\\\/\\\/hakmarfrance.online\\\/de\\\/produit\\\/ifri-zitronen-sprudelgetraenk-125l-ohne-konservierungsstoffe\\\/#breadcrumb\"},\"inLanguage\":\"de\",\"potentialAction\":[{\"@type\":\"ReadAction\",\"target\":[\"https:\\\/\\\/hakmarfrance.online\\\/de\\\/produit\\\/ifri-zitronen-sprudelgetraenk-125l-ohne-konservierungsstoffe\\\/\"]}]},{\"@type\":\"ImageObject\",\"inLanguage\":\"de\",\"@id\":\"https:\\\/\\\/hakmarfrance.online\\\/de\\\/produit\\\/ifri-zitronen-sprudelgetraenk-125l-ohne-konservierungsstoffe\\\/#primaryimage\",\"url\":\"https:\\\/\\\/hakmarfrance.online\\\/wp-content\\\/uploads\\\/2025\\\/05\\\/ifri_citron.avif\",\"contentUrl\":\"https:\\\/\\\/hakmarfrance.online\\\/wp-content\\\/uploads\\\/2025\\\/05\\\/ifri_citron.avif\",\"width\":1000,\"height\":800},{\"@type\":\"BreadcrumbList\",\"@id\":\"https:\\\/\\\/hakmarfrance.online\\\/de\\\/produit\\\/ifri-zitronen-sprudelgetraenk-125l-ohne-konservierungsstoffe\\\/#breadcrumb\",\"itemListElement\":[{\"@type\":\"ListItem\",\"position\":1,\"name\":\"Accueil\",\"item\":\"https:\\\/\\\/hakmarfrance.online\\\/de\\\/\"},{\"@type\":\"ListItem\",\"position\":2,\"name\":\"Shop\",\"item\":\"https:\\\/\\\/hakmarfrance.online\\\/de\\\/shop\\\/\"},{\"@type\":\"ListItem\",\"position\":3,\"name\":\"Ifri Zitronen-Sprudelgetr\u00e4nk \u2013 1,25L \u2013 Ohne Konservierungsstoffe\"}]},{\"@type\":\"WebSite\",\"@id\":\"https:\\\/\\\/hakmarfrance.online\\\/de\\\/#website\",\"url\":\"https:\\\/\\\/hakmarfrance.online\\\/de\\\/\",\"name\":\"hakmarfrance.online\",\"description\":\"\",\"publisher\":{\"@id\":\"https:\\\/\\\/hakmarfrance.online\\\/de\\\/#organization\"},\"potentialAction\":[{\"@type\":\"SearchAction\",\"target\":{\"@type\":\"EntryPoint\",\"urlTemplate\":\"https:\\\/\\\/hakmarfrance.online\\\/de\\\/?s={search_term_string}\"},\"query-input\":{\"@type\":\"PropertyValueSpecification\",\"valueRequired\":true,\"valueName\":\"search_term_string\"}}],\"inLanguage\":\"de\"},{\"@type\":\"Organization\",\"@id\":\"https:\\\/\\\/hakmarfrance.online\\\/de\\\/#organization\",\"name\":\"hakmarfrance.online\",\"url\":\"https:\\\/\\\/hakmarfrance.online\\\/de\\\/\",\"logo\":{\"@type\":\"ImageObject\",\"inLanguage\":\"de\",\"@id\":\"https:\\\/\\\/hakmarfrance.online\\\/de\\\/#\\\/schema\\\/logo\\\/image\\\/\",\"url\":\"https:\\\/\\\/hakmarfrance.online\\\/wp-content\\\/uploads\\\/2025\\\/06\\\/logo-hakmarfrance.png\",\"contentUrl\":\"https:\\\/\\\/hakmarfrance.online\\\/wp-content\\\/uploads\\\/2025\\\/06\\\/logo-hakmarfrance.png\",\"width\":528,\"height\":232,\"caption\":\"hakmarfrance.online\"},\"image\":{\"@id\":\"https:\\\/\\\/hakmarfrance.online\\\/de\\\/#\\\/schema\\\/logo\\\/image\\\/\"},\"sameAs\":[\"https:\\\/\\\/www.facebook.com\\\/HakmarFranceSupermarche\\\/?locale=fr_FR\",\"https:\\\/\\\/www.instagram.com\\\/hakmarfrancesupermarche\\\/\"]}]}<\/script>\n<!-- \/ Yoast SEO plugin. -->","yoast_head_json":{"title":"Ifri Zitronen-Sprudelgetr\u00e4nk \u2013 1,25L \u2013 Ohne Konservierungsstoffe - hakmarfrance.online","robots":{"index":"index","follow":"follow","max-snippet":"max-snippet:-1","max-image-preview":"max-image-preview:large","max-video-preview":"max-video-preview:-1"},"canonical":"https:\/\/hakmarfrance.online\/de\/produit\/ifri-zitronen-sprudelgetraenk-125l-ohne-konservierungsstoffe\/","og_locale":"de_DE","og_type":"article","og_title":"Ifri Zitronen-Sprudelgetr\u00e4nk \u2013 1,25L \u2013 Ohne Konservierungsstoffe - hakmarfrance.online","og_description":"Erfrische dich mit dem Ifri Zitronen-Sprudelgetr\u00e4nk, einem prickelnden Getr\u00e4nk mit s\u00e4uerlichem Geschmack, perfekt f\u00fcr jeden Wunsch nach Frische. \u2714\ufe0f Lebhafter und erfrischender Zitronengeschmack\u2714\ufe0f Ohne Konservierungsstoffe und mit nat\u00fcrlichen Aromen\u2714\ufe0f 1,25L Flasche \u2013 ideal zum Teilen\u2714\ufe0f Gut gek\u00fchlt genie\u00dfen Ein Muss f\u00fcr den Sommer, Familienessen oder eine vitaminreiche Pause den ganzen Tag \u00fcber!","og_url":"https:\/\/hakmarfrance.online\/de\/produit\/ifri-zitronen-sprudelgetraenk-125l-ohne-konservierungsstoffe\/","og_site_name":"hakmarfrance.online","article_publisher":"https:\/\/www.facebook.com\/HakmarFranceSupermarche\/?locale=fr_FR","og_image":[{"width":1000,"height":800,"url":"https:\/\/hakmarfrance.online\/wp-content\/uploads\/2025\/05\/ifri_citron.avif","type":"image\/png"}],"twitter_card":"summary_large_image","schema":{"@context":"https:\/\/schema.org","@graph":[{"@type":"WebPage","@id":"https:\/\/hakmarfrance.online\/de\/produit\/ifri-zitronen-sprudelgetraenk-125l-ohne-konservierungsstoffe\/","url":"https:\/\/hakmarfrance.online\/de\/produit\/ifri-zitronen-sprudelgetraenk-125l-ohne-konservierungsstoffe\/","name":"Ifri Zitronen-Sprudelgetr\u00e4nk \u2013 1,25L \u2013 Ohne Konservierungsstoffe - hakmarfrance.online","isPartOf":{"@id":"https:\/\/hakmarfrance.online\/de\/#website"},"primaryImageOfPage":{"@id":"https:\/\/hakmarfrance.online\/de\/produit\/ifri-zitronen-sprudelgetraenk-125l-ohne-konservierungsstoffe\/#primaryimage"},"image":{"@id":"https:\/\/hakmarfrance.online\/de\/produit\/ifri-zitronen-sprudelgetraenk-125l-ohne-konservierungsstoffe\/#primaryimage"},"thumbnailUrl":"https:\/\/hakmarfrance.online\/wp-content\/uploads\/2025\/05\/ifri_citron.avif","datePublished":"2025-05-26T08:40:10+00:00","breadcrumb":{"@id":"https:\/\/hakmarfrance.online\/de\/produit\/ifri-zitronen-sprudelgetraenk-125l-ohne-konservierungsstoffe\/#breadcrumb"},"inLanguage":"de","potentialAction":[{"@type":"ReadAction","target":["https:\/\/hakmarfrance.online\/de\/produit\/ifri-zitronen-sprudelgetraenk-125l-ohne-konservierungsstoffe\/"]}]},{"@type":"ImageObject","inLanguage":"de","@id":"https:\/\/hakmarfrance.online\/de\/produit\/ifri-zitronen-sprudelgetraenk-125l-ohne-konservierungsstoffe\/#primaryimage","url":"https:\/\/hakmarfrance.online\/wp-content\/uploads\/2025\/05\/ifri_citron.avif","contentUrl":"https:\/\/hakmarfrance.online\/wp-content\/uploads\/2025\/05\/ifri_citron.avif","width":1000,"height":800},{"@type":"BreadcrumbList","@id":"https:\/\/hakmarfrance.online\/de\/produit\/ifri-zitronen-sprudelgetraenk-125l-ohne-konservierungsstoffe\/#breadcrumb","itemListElement":[{"@type":"ListItem","position":1,"name":"Accueil","item":"https:\/\/hakmarfrance.online\/de\/"},{"@type":"ListItem","position":2,"name":"Shop","item":"https:\/\/hakmarfrance.online\/de\/shop\/"},{"@type":"ListItem","position":3,"name":"Ifri Zitronen-Sprudelgetr\u00e4nk \u2013 1,25L \u2013 Ohne Konservierungsstoffe"}]},{"@type":"WebSite","@id":"https:\/\/hakmarfrance.online\/de\/#website","url":"https:\/\/hakmarfrance.online\/de\/","name":"hakmarfrance.online","description":"","publisher":{"@id":"https:\/\/hakmarfrance.online\/de\/#organization"},"potentialAction":[{"@type":"SearchAction","target":{"@type":"EntryPoint","urlTemplate":"https:\/\/hakmarfrance.online\/de\/?s={search_term_string}"},"query-input":{"@type":"PropertyValueSpecification","valueRequired":true,"valueName":"search_term_string"}}],"inLanguage":"de"},{"@type":"Organization","@id":"https:\/\/hakmarfrance.online\/de\/#organization","name":"hakmarfrance.online","url":"https:\/\/hakmarfrance.online\/de\/","logo":{"@type":"ImageObject","inLanguage":"de","@id":"https:\/\/hakmarfrance.online\/de\/#\/schema\/logo\/image\/","url":"https:\/\/hakmarfrance.online\/wp-content\/uploads\/2025\/06\/logo-hakmarfrance.png","contentUrl":"https:\/\/hakmarfrance.online\/wp-content\/uploads\/2025\/06\/logo-hakmarfrance.png","width":528,"height":232,"caption":"hakmarfrance.online"},"image":{"@id":"https:\/\/hakmarfrance.online\/de\/#\/schema\/logo\/image\/"},"sameAs":["https:\/\/www.facebook.com\/HakmarFranceSupermarche\/?locale=fr_FR","https:\/\/www.instagram.com\/hakmarfrancesupermarche\/"]}]}},"_links":{"self":[{"href":"https:\/\/hakmarfrance.online\/de\/wp-json\/wp\/v2\/product\/17913","targetHints":{"allow":["GET"]}}],"collection":[{"href":"https:\/\/hakmarfrance.online\/de\/wp-json\/wp\/v2\/product"}],"about":[{"href":"https:\/\/hakmarfrance.online\/de\/wp-json\/wp\/v2\/types\/product"}],"replies":[{"embeddable":true,"href":"https:\/\/hakmarfrance.online\/de\/wp-json\/wp\/v2\/comments?post=17913"}],"version-history":[{"count":0,"href":"https:\/\/hakmarfrance.online\/de\/wp-json\/wp\/v2\/product\/17913\/revisions"}],"wp:featuredmedia":[{"embeddable":true,"href":"https:\/\/hakmarfrance.online\/de\/wp-json\/wp\/v2\/media\/18560"}],"wp:attachment":[{"href":"https:\/\/hakmarfrance.online\/de\/wp-json\/wp\/v2\/media?parent=17913"}],"wp:term":[{"taxonomy":"product_brand","embeddable":true,"href":"https:\/\/hakmarfrance.online\/de\/wp-json\/wp\/v2\/product_brand?post=17913"},{"taxonomy":"product_cat","embeddable":true,"href":"https:\/\/hakmarfrance.online\/de\/wp-json\/wp\/v2\/product_cat?post=17913"},{"taxonomy":"product_tag","embeddable":true,"href":"https:\/\/hakmarfrance.online\/de\/wp-json\/wp\/v2\/product_tag?post=17913"}],"curies":[{"name":"wp","href":"https:\/\/api.w.org\/{rel}","templated":true}]}}