{"id":17917,"date":"2024-03-04T12:09:13","date_gmt":"2024-03-04T12:09:13","guid":{"rendered":"https:\/\/hakmarfrance.online\/produit\/camlica-gazoz-erfrischendes-tuerkisches-sprudelgetraenk\/"},"modified":"2024-03-04T12:09:13","modified_gmt":"2024-03-04T12:09:13","slug":"camlica-gazoz-erfrischendes-tuerkisches-sprudelgetraenk","status":"publish","type":"product","link":"https:\/\/hakmarfrance.online\/de\/produit\/camlica-gazoz-erfrischendes-tuerkisches-sprudelgetraenk\/","title":{"rendered":"Camlica Gazoz \u2013 Erfrischendes t\u00fcrkisches Sprudelgetr\u00e4nk"},"content":{"rendered":"<p>Entdecke das ber\u00fchmte <strong data-start=\"2299\" data-end=\"2339\">t\u00fcrkische Sprudelgetr\u00e4nk Camlica Gazoz<\/strong> mit s\u00fc\u00dfem und prickelndem Geschmack. Ideal zu deinen Mahlzeiten oder f\u00fcr eine erfrischende Pause, diese <g id=\"gid_1\">1-Liter<\/g>-Flasche ist perfekt zum Teilen mit Familie oder Freunden. Ein seit Jahrzehnten unverzichtbares Getr\u00e4nk in der T\u00fcrkei.  <\/p>\n","protected":false},"excerpt":{"rendered":"<ul>\n<li data-start=\"2581\" data-end=\"2690\">\n<p data-start=\"2583\" data-end=\"2690\">T\u00fcrkisches Soda <strong data-start=\"2623\" data-end=\"2640\">Camlica Gazoz<\/strong>, 1-Liter-Flasche. Erfrischend und prickelnd.<\/p>\n<\/li>\n<li data-start=\"2691\" data-end=\"2874\">\n<p data-start=\"2693\" data-end=\"2732\">\ud83d\udccb Hauptmerkmale:<\/p>\n<ul data-start=\"2735\" data-end=\"2874\">\n<li data-start=\"2735\" data-end=\"2761\">\n<p data-start=\"2737\" data-end=\"2761\">Ges\u00fc\u00dftes kohlens\u00e4urehaltiges Getr\u00e4nk<\/p>\n<\/li>\n<li data-start=\"2764\" data-end=\"2790\">\n<p data-start=\"2766\" data-end=\"2790\">Marke: Camlica Gazoz<\/p>\n<\/li>\n<li data-start=\"2793\" data-end=\"2817\">\n<p data-start=\"2795\" data-end=\"2817\">Inhalt: 1 Liter<\/p>\n<\/li>\n<li data-start=\"2820\" data-end=\"2850\">\n<p data-start=\"2822\" data-end=\"2850\">S\u00fc\u00dfer und prickelnder Geschmack<\/p>\n<\/li>\n<li data-start=\"2853\" data-end=\"2874\">\n<p data-start=\"2855\" data-end=\"2874\">Ideal zum Teilen<\/p>\n<\/li>\n<\/ul>\n<\/li>\n<\/ul>\n","protected":false},"featured_media":17918,"comment_status":"open","ping_status":"closed","template":"","meta":{"iawp_total_views":0},"product_brand":[],"product_cat":[226,232,231],"product_tag":[],"class_list":{"0":"post-17917","1":"product","2":"type-product","3":"status-publish","4":"has-post-thumbnail","6":"product_cat-alle-unsere-produkte","7":"product_cat-erfrischungsgetrank","8":"product_cat-getranke","10":"first","11":"instock","12":"shipping-taxable","13":"purchasable","14":"product-type-simple"},"yoast_head":"<!-- This site is optimized with the Yoast SEO plugin v27.3 - https:\/\/yoast.com\/product\/yoast-seo-wordpress\/ -->\n<title>Camlica Gazoz \u2013 Erfrischendes t\u00fcrkisches Sprudelgetr\u00e4nk - hakmarfrance.online<\/title>\n<meta name=\"robots\" content=\"index, follow, max-snippet:-1, max-image-preview:large, max-video-preview:-1\" \/>\n<link rel=\"canonical\" href=\"https:\/\/hakmarfrance.online\/de\/produit\/camlica-gazoz-erfrischendes-tuerkisches-sprudelgetraenk\/\" \/>\n<meta property=\"og:locale\" content=\"de_DE\" \/>\n<meta property=\"og:type\" content=\"article\" \/>\n<meta property=\"og:title\" content=\"Camlica Gazoz \u2013 Erfrischendes t\u00fcrkisches Sprudelgetr\u00e4nk - hakmarfrance.online\" \/>\n<meta property=\"og:description\" content=\"T\u00fcrkisches Soda Camlica Gazoz, 1-Liter-Flasche. Erfrischend und prickelnd.   \ud83d\udccb Hauptmerkmale:   Ges\u00fc\u00dftes kohlens\u00e4urehaltiges Getr\u00e4nk   Marke: Camlica Gazoz   Inhalt: 1 Liter   S\u00fc\u00dfer und prickelnder Geschmack   Ideal zum Teilen\" \/>\n<meta property=\"og:url\" content=\"https:\/\/hakmarfrance.online\/de\/produit\/camlica-gazoz-erfrischendes-tuerkisches-sprudelgetraenk\/\" \/>\n<meta property=\"og:site_name\" content=\"hakmarfrance.online\" \/>\n<meta property=\"article:publisher\" content=\"https:\/\/www.facebook.com\/HakmarFranceSupermarche\/?locale=fr_FR\" \/>\n<meta property=\"og:image\" content=\"https:\/\/hakmarfrance.online\/wp-content\/uploads\/2024\/03\/camlica_1l.avif\" \/>\n\t<meta property=\"og:image:width\" content=\"1000\" \/>\n\t<meta property=\"og:image:height\" content=\"800\" \/>\n\t<meta property=\"og:image:type\" content=\"image\/png\" \/>\n<meta name=\"twitter:card\" content=\"summary_large_image\" \/>\n<script type=\"application\/ld+json\" class=\"yoast-schema-graph\">{\"@context\":\"https:\\\/\\\/schema.org\",\"@graph\":[{\"@type\":\"WebPage\",\"@id\":\"https:\\\/\\\/hakmarfrance.online\\\/de\\\/produit\\\/camlica-gazoz-erfrischendes-tuerkisches-sprudelgetraenk\\\/\",\"url\":\"https:\\\/\\\/hakmarfrance.online\\\/de\\\/produit\\\/camlica-gazoz-erfrischendes-tuerkisches-sprudelgetraenk\\\/\",\"name\":\"Camlica Gazoz \u2013 Erfrischendes t\u00fcrkisches Sprudelgetr\u00e4nk - hakmarfrance.online\",\"isPartOf\":{\"@id\":\"https:\\\/\\\/hakmarfrance.online\\\/de\\\/#website\"},\"primaryImageOfPage\":{\"@id\":\"https:\\\/\\\/hakmarfrance.online\\\/de\\\/produit\\\/camlica-gazoz-erfrischendes-tuerkisches-sprudelgetraenk\\\/#primaryimage\"},\"image\":{\"@id\":\"https:\\\/\\\/hakmarfrance.online\\\/de\\\/produit\\\/camlica-gazoz-erfrischendes-tuerkisches-sprudelgetraenk\\\/#primaryimage\"},\"thumbnailUrl\":\"https:\\\/\\\/hakmarfrance.online\\\/wp-content\\\/uploads\\\/2024\\\/03\\\/camlica_1l.avif\",\"datePublished\":\"2024-03-04T12:09:13+00:00\",\"breadcrumb\":{\"@id\":\"https:\\\/\\\/hakmarfrance.online\\\/de\\\/produit\\\/camlica-gazoz-erfrischendes-tuerkisches-sprudelgetraenk\\\/#breadcrumb\"},\"inLanguage\":\"de\",\"potentialAction\":[{\"@type\":\"ReadAction\",\"target\":[\"https:\\\/\\\/hakmarfrance.online\\\/de\\\/produit\\\/camlica-gazoz-erfrischendes-tuerkisches-sprudelgetraenk\\\/\"]}]},{\"@type\":\"ImageObject\",\"inLanguage\":\"de\",\"@id\":\"https:\\\/\\\/hakmarfrance.online\\\/de\\\/produit\\\/camlica-gazoz-erfrischendes-tuerkisches-sprudelgetraenk\\\/#primaryimage\",\"url\":\"https:\\\/\\\/hakmarfrance.online\\\/wp-content\\\/uploads\\\/2024\\\/03\\\/camlica_1l.avif\",\"contentUrl\":\"https:\\\/\\\/hakmarfrance.online\\\/wp-content\\\/uploads\\\/2024\\\/03\\\/camlica_1l.avif\",\"width\":1000,\"height\":800,\"caption\":\"Flasche t\u00fcrkisches Soda Camlica Gazoz 1 Liter\"},{\"@type\":\"BreadcrumbList\",\"@id\":\"https:\\\/\\\/hakmarfrance.online\\\/de\\\/produit\\\/camlica-gazoz-erfrischendes-tuerkisches-sprudelgetraenk\\\/#breadcrumb\",\"itemListElement\":[{\"@type\":\"ListItem\",\"position\":1,\"name\":\"Accueil\",\"item\":\"https:\\\/\\\/hakmarfrance.online\\\/de\\\/\"},{\"@type\":\"ListItem\",\"position\":2,\"name\":\"Shop\",\"item\":\"https:\\\/\\\/hakmarfrance.online\\\/de\\\/shop\\\/\"},{\"@type\":\"ListItem\",\"position\":3,\"name\":\"Camlica Gazoz \u2013 Erfrischendes t\u00fcrkisches Sprudelgetr\u00e4nk\"}]},{\"@type\":\"WebSite\",\"@id\":\"https:\\\/\\\/hakmarfrance.online\\\/de\\\/#website\",\"url\":\"https:\\\/\\\/hakmarfrance.online\\\/de\\\/\",\"name\":\"hakmarfrance.online\",\"description\":\"\",\"publisher\":{\"@id\":\"https:\\\/\\\/hakmarfrance.online\\\/de\\\/#organization\"},\"potentialAction\":[{\"@type\":\"SearchAction\",\"target\":{\"@type\":\"EntryPoint\",\"urlTemplate\":\"https:\\\/\\\/hakmarfrance.online\\\/de\\\/?s={search_term_string}\"},\"query-input\":{\"@type\":\"PropertyValueSpecification\",\"valueRequired\":true,\"valueName\":\"search_term_string\"}}],\"inLanguage\":\"de\"},{\"@type\":\"Organization\",\"@id\":\"https:\\\/\\\/hakmarfrance.online\\\/de\\\/#organization\",\"name\":\"hakmarfrance.online\",\"url\":\"https:\\\/\\\/hakmarfrance.online\\\/de\\\/\",\"logo\":{\"@type\":\"ImageObject\",\"inLanguage\":\"de\",\"@id\":\"https:\\\/\\\/hakmarfrance.online\\\/de\\\/#\\\/schema\\\/logo\\\/image\\\/\",\"url\":\"https:\\\/\\\/hakmarfrance.online\\\/wp-content\\\/uploads\\\/2025\\\/06\\\/logo-hakmarfrance.png\",\"contentUrl\":\"https:\\\/\\\/hakmarfrance.online\\\/wp-content\\\/uploads\\\/2025\\\/06\\\/logo-hakmarfrance.png\",\"width\":528,\"height\":232,\"caption\":\"hakmarfrance.online\"},\"image\":{\"@id\":\"https:\\\/\\\/hakmarfrance.online\\\/de\\\/#\\\/schema\\\/logo\\\/image\\\/\"},\"sameAs\":[\"https:\\\/\\\/www.facebook.com\\\/HakmarFranceSupermarche\\\/?locale=fr_FR\",\"https:\\\/\\\/www.instagram.com\\\/hakmarfrancesupermarche\\\/\"]}]}<\/script>\n<!-- \/ Yoast SEO plugin. -->","yoast_head_json":{"title":"Camlica Gazoz \u2013 Erfrischendes t\u00fcrkisches Sprudelgetr\u00e4nk - hakmarfrance.online","robots":{"index":"index","follow":"follow","max-snippet":"max-snippet:-1","max-image-preview":"max-image-preview:large","max-video-preview":"max-video-preview:-1"},"canonical":"https:\/\/hakmarfrance.online\/de\/produit\/camlica-gazoz-erfrischendes-tuerkisches-sprudelgetraenk\/","og_locale":"de_DE","og_type":"article","og_title":"Camlica Gazoz \u2013 Erfrischendes t\u00fcrkisches Sprudelgetr\u00e4nk - hakmarfrance.online","og_description":"T\u00fcrkisches Soda Camlica Gazoz, 1-Liter-Flasche. Erfrischend und prickelnd.   \ud83d\udccb Hauptmerkmale:   Ges\u00fc\u00dftes kohlens\u00e4urehaltiges Getr\u00e4nk   Marke: Camlica Gazoz   Inhalt: 1 Liter   S\u00fc\u00dfer und prickelnder Geschmack   Ideal zum Teilen","og_url":"https:\/\/hakmarfrance.online\/de\/produit\/camlica-gazoz-erfrischendes-tuerkisches-sprudelgetraenk\/","og_site_name":"hakmarfrance.online","article_publisher":"https:\/\/www.facebook.com\/HakmarFranceSupermarche\/?locale=fr_FR","og_image":[{"width":1000,"height":800,"url":"https:\/\/hakmarfrance.online\/wp-content\/uploads\/2024\/03\/camlica_1l.avif","type":"image\/png"}],"twitter_card":"summary_large_image","schema":{"@context":"https:\/\/schema.org","@graph":[{"@type":"WebPage","@id":"https:\/\/hakmarfrance.online\/de\/produit\/camlica-gazoz-erfrischendes-tuerkisches-sprudelgetraenk\/","url":"https:\/\/hakmarfrance.online\/de\/produit\/camlica-gazoz-erfrischendes-tuerkisches-sprudelgetraenk\/","name":"Camlica Gazoz \u2013 Erfrischendes t\u00fcrkisches Sprudelgetr\u00e4nk - hakmarfrance.online","isPartOf":{"@id":"https:\/\/hakmarfrance.online\/de\/#website"},"primaryImageOfPage":{"@id":"https:\/\/hakmarfrance.online\/de\/produit\/camlica-gazoz-erfrischendes-tuerkisches-sprudelgetraenk\/#primaryimage"},"image":{"@id":"https:\/\/hakmarfrance.online\/de\/produit\/camlica-gazoz-erfrischendes-tuerkisches-sprudelgetraenk\/#primaryimage"},"thumbnailUrl":"https:\/\/hakmarfrance.online\/wp-content\/uploads\/2024\/03\/camlica_1l.avif","datePublished":"2024-03-04T12:09:13+00:00","breadcrumb":{"@id":"https:\/\/hakmarfrance.online\/de\/produit\/camlica-gazoz-erfrischendes-tuerkisches-sprudelgetraenk\/#breadcrumb"},"inLanguage":"de","potentialAction":[{"@type":"ReadAction","target":["https:\/\/hakmarfrance.online\/de\/produit\/camlica-gazoz-erfrischendes-tuerkisches-sprudelgetraenk\/"]}]},{"@type":"ImageObject","inLanguage":"de","@id":"https:\/\/hakmarfrance.online\/de\/produit\/camlica-gazoz-erfrischendes-tuerkisches-sprudelgetraenk\/#primaryimage","url":"https:\/\/hakmarfrance.online\/wp-content\/uploads\/2024\/03\/camlica_1l.avif","contentUrl":"https:\/\/hakmarfrance.online\/wp-content\/uploads\/2024\/03\/camlica_1l.avif","width":1000,"height":800,"caption":"Flasche t\u00fcrkisches Soda Camlica Gazoz 1 Liter"},{"@type":"BreadcrumbList","@id":"https:\/\/hakmarfrance.online\/de\/produit\/camlica-gazoz-erfrischendes-tuerkisches-sprudelgetraenk\/#breadcrumb","itemListElement":[{"@type":"ListItem","position":1,"name":"Accueil","item":"https:\/\/hakmarfrance.online\/de\/"},{"@type":"ListItem","position":2,"name":"Shop","item":"https:\/\/hakmarfrance.online\/de\/shop\/"},{"@type":"ListItem","position":3,"name":"Camlica Gazoz \u2013 Erfrischendes t\u00fcrkisches Sprudelgetr\u00e4nk"}]},{"@type":"WebSite","@id":"https:\/\/hakmarfrance.online\/de\/#website","url":"https:\/\/hakmarfrance.online\/de\/","name":"hakmarfrance.online","description":"","publisher":{"@id":"https:\/\/hakmarfrance.online\/de\/#organization"},"potentialAction":[{"@type":"SearchAction","target":{"@type":"EntryPoint","urlTemplate":"https:\/\/hakmarfrance.online\/de\/?s={search_term_string}"},"query-input":{"@type":"PropertyValueSpecification","valueRequired":true,"valueName":"search_term_string"}}],"inLanguage":"de"},{"@type":"Organization","@id":"https:\/\/hakmarfrance.online\/de\/#organization","name":"hakmarfrance.online","url":"https:\/\/hakmarfrance.online\/de\/","logo":{"@type":"ImageObject","inLanguage":"de","@id":"https:\/\/hakmarfrance.online\/de\/#\/schema\/logo\/image\/","url":"https:\/\/hakmarfrance.online\/wp-content\/uploads\/2025\/06\/logo-hakmarfrance.png","contentUrl":"https:\/\/hakmarfrance.online\/wp-content\/uploads\/2025\/06\/logo-hakmarfrance.png","width":528,"height":232,"caption":"hakmarfrance.online"},"image":{"@id":"https:\/\/hakmarfrance.online\/de\/#\/schema\/logo\/image\/"},"sameAs":["https:\/\/www.facebook.com\/HakmarFranceSupermarche\/?locale=fr_FR","https:\/\/www.instagram.com\/hakmarfrancesupermarche\/"]}]}},"_links":{"self":[{"href":"https:\/\/hakmarfrance.online\/de\/wp-json\/wp\/v2\/product\/17917","targetHints":{"allow":["GET"]}}],"collection":[{"href":"https:\/\/hakmarfrance.online\/de\/wp-json\/wp\/v2\/product"}],"about":[{"href":"https:\/\/hakmarfrance.online\/de\/wp-json\/wp\/v2\/types\/product"}],"replies":[{"embeddable":true,"href":"https:\/\/hakmarfrance.online\/de\/wp-json\/wp\/v2\/comments?post=17917"}],"version-history":[{"count":0,"href":"https:\/\/hakmarfrance.online\/de\/wp-json\/wp\/v2\/product\/17917\/revisions"}],"wp:featuredmedia":[{"embeddable":true,"href":"https:\/\/hakmarfrance.online\/de\/wp-json\/wp\/v2\/media\/17918"}],"wp:attachment":[{"href":"https:\/\/hakmarfrance.online\/de\/wp-json\/wp\/v2\/media?parent=17917"}],"wp:term":[{"taxonomy":"product_brand","embeddable":true,"href":"https:\/\/hakmarfrance.online\/de\/wp-json\/wp\/v2\/product_brand?post=17917"},{"taxonomy":"product_cat","embeddable":true,"href":"https:\/\/hakmarfrance.online\/de\/wp-json\/wp\/v2\/product_cat?post=17917"},{"taxonomy":"product_tag","embeddable":true,"href":"https:\/\/hakmarfrance.online\/de\/wp-json\/wp\/v2\/product_tag?post=17917"}],"curies":[{"name":"wp","href":"https:\/\/api.w.org\/{rel}","templated":true}]}}