{"id":17919,"date":"2024-03-04T12:09:13","date_gmt":"2024-03-04T12:09:13","guid":{"rendered":"https:\/\/hakmarfrance.online\/produit\/ifri-sprudelgetraenk-gruener-apfel-125l\/"},"modified":"2024-03-04T12:09:13","modified_gmt":"2024-03-04T12:09:13","slug":"ifri-sprudelgetraenk-gruener-apfel-125l","status":"publish","type":"product","link":"https:\/\/hakmarfrance.online\/de\/produit\/ifri-sprudelgetraenk-gruener-apfel-125l\/","title":{"rendered":"Ifri Sprudelgetr\u00e4nk Gr\u00fcner Apfel \u2013 1,25L"},"content":{"rendered":"","protected":false},"excerpt":{"rendered":"<p data-start=\"308\" data-end=\"453\">Erfrische dich mit dem <strong data-start=\"335\" data-end=\"376\">Ifri Sprudelgetr\u00e4nk mit gr\u00fcnem Apfelgeschmack<\/strong>, einer prickelnden und fruchtigen Mischung, die deine Geschmacksknospen bei jedem Schluck weckt.<\/p>\n<p data-start=\"455\" data-end=\"635\">\u2714\ufe0f Intensiver und erfrischender gr\u00fcner Apfelgeschmack<br data-start=\"503\" data-end=\"506\">\u2714\ufe0f Ohne Farb- und Konservierungsstoffe<br data-start=\"540\" data-end=\"543\">\u2714\ufe0f Familienflasche 1,25L<br data-start=\"570\" data-end=\"573\">\u2714\ufe0f Ideal zu deinen Mahlzeiten oder f\u00fcr entspannte Momente<\/p>\n<p data-start=\"637\" data-end=\"753\">Ein spritziges Getr\u00e4nk, perfekt f\u00fcr Sommer und Winter. Gut gek\u00fchlt servieren f\u00fcr maximalen Genuss! <\/p>\n","protected":false},"featured_media":18567,"comment_status":"open","ping_status":"closed","template":"","meta":{"iawp_total_views":0},"product_brand":[],"product_cat":[226,232,231],"product_tag":[],"class_list":{"0":"post-17919","1":"product","2":"type-product","3":"status-publish","4":"has-post-thumbnail","6":"product_cat-alle-unsere-produkte","7":"product_cat-erfrischungsgetrank","8":"product_cat-getranke","10":"first","11":"instock","12":"shipping-taxable","13":"purchasable","14":"product-type-simple"},"yoast_head":"<!-- This site is optimized with the Yoast SEO plugin v27.3 - https:\/\/yoast.com\/product\/yoast-seo-wordpress\/ -->\n<title>Ifri Sprudelgetr\u00e4nk Gr\u00fcner Apfel \u2013 1,25L - hakmarfrance.online<\/title>\n<meta name=\"robots\" content=\"index, follow, max-snippet:-1, max-image-preview:large, max-video-preview:-1\" \/>\n<link rel=\"canonical\" href=\"https:\/\/hakmarfrance.online\/de\/produit\/ifri-sprudelgetraenk-gruener-apfel-125l\/\" \/>\n<meta property=\"og:locale\" content=\"de_DE\" \/>\n<meta property=\"og:type\" content=\"article\" \/>\n<meta property=\"og:title\" content=\"Ifri Sprudelgetr\u00e4nk Gr\u00fcner Apfel \u2013 1,25L - hakmarfrance.online\" \/>\n<meta property=\"og:description\" content=\"Erfrische dich mit dem Ifri Sprudelgetr\u00e4nk mit gr\u00fcnem Apfelgeschmack, einer prickelnden und fruchtigen Mischung, die deine Geschmacksknospen bei jedem Schluck weckt. \u2714\ufe0f Intensiver und erfrischender gr\u00fcner Apfelgeschmack\u2714\ufe0f Ohne Farb- und Konservierungsstoffe\u2714\ufe0f Familienflasche 1,25L\u2714\ufe0f Ideal zu deinen Mahlzeiten oder f\u00fcr entspannte Momente Ein spritziges Getr\u00e4nk, perfekt f\u00fcr Sommer und Winter. Gut gek\u00fchlt servieren f\u00fcr maximalen Genuss!\" \/>\n<meta property=\"og:url\" content=\"https:\/\/hakmarfrance.online\/de\/produit\/ifri-sprudelgetraenk-gruener-apfel-125l\/\" \/>\n<meta property=\"og:site_name\" content=\"hakmarfrance.online\" \/>\n<meta property=\"article:publisher\" content=\"https:\/\/www.facebook.com\/HakmarFranceSupermarche\/?locale=fr_FR\" \/>\n<meta property=\"og:image\" content=\"https:\/\/hakmarfrance.online\/wp-content\/uploads\/2024\/03\/Ifri_pomme_verte.avif\" \/>\n\t<meta property=\"og:image:width\" content=\"1000\" \/>\n\t<meta property=\"og:image:height\" content=\"800\" \/>\n\t<meta property=\"og:image:type\" content=\"image\/png\" \/>\n<meta name=\"twitter:card\" content=\"summary_large_image\" \/>\n<script type=\"application\/ld+json\" class=\"yoast-schema-graph\">{\"@context\":\"https:\\\/\\\/schema.org\",\"@graph\":[{\"@type\":\"WebPage\",\"@id\":\"https:\\\/\\\/hakmarfrance.online\\\/de\\\/produit\\\/ifri-sprudelgetraenk-gruener-apfel-125l\\\/\",\"url\":\"https:\\\/\\\/hakmarfrance.online\\\/de\\\/produit\\\/ifri-sprudelgetraenk-gruener-apfel-125l\\\/\",\"name\":\"Ifri Sprudelgetr\u00e4nk Gr\u00fcner Apfel \u2013 1,25L - hakmarfrance.online\",\"isPartOf\":{\"@id\":\"https:\\\/\\\/hakmarfrance.online\\\/de\\\/#website\"},\"primaryImageOfPage\":{\"@id\":\"https:\\\/\\\/hakmarfrance.online\\\/de\\\/produit\\\/ifri-sprudelgetraenk-gruener-apfel-125l\\\/#primaryimage\"},\"image\":{\"@id\":\"https:\\\/\\\/hakmarfrance.online\\\/de\\\/produit\\\/ifri-sprudelgetraenk-gruener-apfel-125l\\\/#primaryimage\"},\"thumbnailUrl\":\"https:\\\/\\\/hakmarfrance.online\\\/wp-content\\\/uploads\\\/2024\\\/03\\\/Ifri_pomme_verte.avif\",\"datePublished\":\"2024-03-04T12:09:13+00:00\",\"breadcrumb\":{\"@id\":\"https:\\\/\\\/hakmarfrance.online\\\/de\\\/produit\\\/ifri-sprudelgetraenk-gruener-apfel-125l\\\/#breadcrumb\"},\"inLanguage\":\"de\",\"potentialAction\":[{\"@type\":\"ReadAction\",\"target\":[\"https:\\\/\\\/hakmarfrance.online\\\/de\\\/produit\\\/ifri-sprudelgetraenk-gruener-apfel-125l\\\/\"]}]},{\"@type\":\"ImageObject\",\"inLanguage\":\"de\",\"@id\":\"https:\\\/\\\/hakmarfrance.online\\\/de\\\/produit\\\/ifri-sprudelgetraenk-gruener-apfel-125l\\\/#primaryimage\",\"url\":\"https:\\\/\\\/hakmarfrance.online\\\/wp-content\\\/uploads\\\/2024\\\/03\\\/Ifri_pomme_verte.avif\",\"contentUrl\":\"https:\\\/\\\/hakmarfrance.online\\\/wp-content\\\/uploads\\\/2024\\\/03\\\/Ifri_pomme_verte.avif\",\"width\":1000,\"height\":800},{\"@type\":\"BreadcrumbList\",\"@id\":\"https:\\\/\\\/hakmarfrance.online\\\/de\\\/produit\\\/ifri-sprudelgetraenk-gruener-apfel-125l\\\/#breadcrumb\",\"itemListElement\":[{\"@type\":\"ListItem\",\"position\":1,\"name\":\"Accueil\",\"item\":\"https:\\\/\\\/hakmarfrance.online\\\/de\\\/\"},{\"@type\":\"ListItem\",\"position\":2,\"name\":\"Shop\",\"item\":\"https:\\\/\\\/hakmarfrance.online\\\/de\\\/shop\\\/\"},{\"@type\":\"ListItem\",\"position\":3,\"name\":\"Ifri Sprudelgetr\u00e4nk Gr\u00fcner Apfel \u2013 1,25L\"}]},{\"@type\":\"WebSite\",\"@id\":\"https:\\\/\\\/hakmarfrance.online\\\/de\\\/#website\",\"url\":\"https:\\\/\\\/hakmarfrance.online\\\/de\\\/\",\"name\":\"hakmarfrance.online\",\"description\":\"\",\"publisher\":{\"@id\":\"https:\\\/\\\/hakmarfrance.online\\\/de\\\/#organization\"},\"potentialAction\":[{\"@type\":\"SearchAction\",\"target\":{\"@type\":\"EntryPoint\",\"urlTemplate\":\"https:\\\/\\\/hakmarfrance.online\\\/de\\\/?s={search_term_string}\"},\"query-input\":{\"@type\":\"PropertyValueSpecification\",\"valueRequired\":true,\"valueName\":\"search_term_string\"}}],\"inLanguage\":\"de\"},{\"@type\":\"Organization\",\"@id\":\"https:\\\/\\\/hakmarfrance.online\\\/de\\\/#organization\",\"name\":\"hakmarfrance.online\",\"url\":\"https:\\\/\\\/hakmarfrance.online\\\/de\\\/\",\"logo\":{\"@type\":\"ImageObject\",\"inLanguage\":\"de\",\"@id\":\"https:\\\/\\\/hakmarfrance.online\\\/de\\\/#\\\/schema\\\/logo\\\/image\\\/\",\"url\":\"https:\\\/\\\/hakmarfrance.online\\\/wp-content\\\/uploads\\\/2025\\\/06\\\/logo-hakmarfrance.png\",\"contentUrl\":\"https:\\\/\\\/hakmarfrance.online\\\/wp-content\\\/uploads\\\/2025\\\/06\\\/logo-hakmarfrance.png\",\"width\":528,\"height\":232,\"caption\":\"hakmarfrance.online\"},\"image\":{\"@id\":\"https:\\\/\\\/hakmarfrance.online\\\/de\\\/#\\\/schema\\\/logo\\\/image\\\/\"},\"sameAs\":[\"https:\\\/\\\/www.facebook.com\\\/HakmarFranceSupermarche\\\/?locale=fr_FR\",\"https:\\\/\\\/www.instagram.com\\\/hakmarfrancesupermarche\\\/\"]}]}<\/script>\n<!-- \/ Yoast SEO plugin. -->","yoast_head_json":{"title":"Ifri Sprudelgetr\u00e4nk Gr\u00fcner Apfel \u2013 1,25L - hakmarfrance.online","robots":{"index":"index","follow":"follow","max-snippet":"max-snippet:-1","max-image-preview":"max-image-preview:large","max-video-preview":"max-video-preview:-1"},"canonical":"https:\/\/hakmarfrance.online\/de\/produit\/ifri-sprudelgetraenk-gruener-apfel-125l\/","og_locale":"de_DE","og_type":"article","og_title":"Ifri Sprudelgetr\u00e4nk Gr\u00fcner Apfel \u2013 1,25L - hakmarfrance.online","og_description":"Erfrische dich mit dem Ifri Sprudelgetr\u00e4nk mit gr\u00fcnem Apfelgeschmack, einer prickelnden und fruchtigen Mischung, die deine Geschmacksknospen bei jedem Schluck weckt. \u2714\ufe0f Intensiver und erfrischender gr\u00fcner Apfelgeschmack\u2714\ufe0f Ohne Farb- und Konservierungsstoffe\u2714\ufe0f Familienflasche 1,25L\u2714\ufe0f Ideal zu deinen Mahlzeiten oder f\u00fcr entspannte Momente Ein spritziges Getr\u00e4nk, perfekt f\u00fcr Sommer und Winter. Gut gek\u00fchlt servieren f\u00fcr maximalen Genuss!","og_url":"https:\/\/hakmarfrance.online\/de\/produit\/ifri-sprudelgetraenk-gruener-apfel-125l\/","og_site_name":"hakmarfrance.online","article_publisher":"https:\/\/www.facebook.com\/HakmarFranceSupermarche\/?locale=fr_FR","og_image":[{"width":1000,"height":800,"url":"https:\/\/hakmarfrance.online\/wp-content\/uploads\/2024\/03\/Ifri_pomme_verte.avif","type":"image\/png"}],"twitter_card":"summary_large_image","schema":{"@context":"https:\/\/schema.org","@graph":[{"@type":"WebPage","@id":"https:\/\/hakmarfrance.online\/de\/produit\/ifri-sprudelgetraenk-gruener-apfel-125l\/","url":"https:\/\/hakmarfrance.online\/de\/produit\/ifri-sprudelgetraenk-gruener-apfel-125l\/","name":"Ifri Sprudelgetr\u00e4nk Gr\u00fcner Apfel \u2013 1,25L - hakmarfrance.online","isPartOf":{"@id":"https:\/\/hakmarfrance.online\/de\/#website"},"primaryImageOfPage":{"@id":"https:\/\/hakmarfrance.online\/de\/produit\/ifri-sprudelgetraenk-gruener-apfel-125l\/#primaryimage"},"image":{"@id":"https:\/\/hakmarfrance.online\/de\/produit\/ifri-sprudelgetraenk-gruener-apfel-125l\/#primaryimage"},"thumbnailUrl":"https:\/\/hakmarfrance.online\/wp-content\/uploads\/2024\/03\/Ifri_pomme_verte.avif","datePublished":"2024-03-04T12:09:13+00:00","breadcrumb":{"@id":"https:\/\/hakmarfrance.online\/de\/produit\/ifri-sprudelgetraenk-gruener-apfel-125l\/#breadcrumb"},"inLanguage":"de","potentialAction":[{"@type":"ReadAction","target":["https:\/\/hakmarfrance.online\/de\/produit\/ifri-sprudelgetraenk-gruener-apfel-125l\/"]}]},{"@type":"ImageObject","inLanguage":"de","@id":"https:\/\/hakmarfrance.online\/de\/produit\/ifri-sprudelgetraenk-gruener-apfel-125l\/#primaryimage","url":"https:\/\/hakmarfrance.online\/wp-content\/uploads\/2024\/03\/Ifri_pomme_verte.avif","contentUrl":"https:\/\/hakmarfrance.online\/wp-content\/uploads\/2024\/03\/Ifri_pomme_verte.avif","width":1000,"height":800},{"@type":"BreadcrumbList","@id":"https:\/\/hakmarfrance.online\/de\/produit\/ifri-sprudelgetraenk-gruener-apfel-125l\/#breadcrumb","itemListElement":[{"@type":"ListItem","position":1,"name":"Accueil","item":"https:\/\/hakmarfrance.online\/de\/"},{"@type":"ListItem","position":2,"name":"Shop","item":"https:\/\/hakmarfrance.online\/de\/shop\/"},{"@type":"ListItem","position":3,"name":"Ifri Sprudelgetr\u00e4nk Gr\u00fcner Apfel \u2013 1,25L"}]},{"@type":"WebSite","@id":"https:\/\/hakmarfrance.online\/de\/#website","url":"https:\/\/hakmarfrance.online\/de\/","name":"hakmarfrance.online","description":"","publisher":{"@id":"https:\/\/hakmarfrance.online\/de\/#organization"},"potentialAction":[{"@type":"SearchAction","target":{"@type":"EntryPoint","urlTemplate":"https:\/\/hakmarfrance.online\/de\/?s={search_term_string}"},"query-input":{"@type":"PropertyValueSpecification","valueRequired":true,"valueName":"search_term_string"}}],"inLanguage":"de"},{"@type":"Organization","@id":"https:\/\/hakmarfrance.online\/de\/#organization","name":"hakmarfrance.online","url":"https:\/\/hakmarfrance.online\/de\/","logo":{"@type":"ImageObject","inLanguage":"de","@id":"https:\/\/hakmarfrance.online\/de\/#\/schema\/logo\/image\/","url":"https:\/\/hakmarfrance.online\/wp-content\/uploads\/2025\/06\/logo-hakmarfrance.png","contentUrl":"https:\/\/hakmarfrance.online\/wp-content\/uploads\/2025\/06\/logo-hakmarfrance.png","width":528,"height":232,"caption":"hakmarfrance.online"},"image":{"@id":"https:\/\/hakmarfrance.online\/de\/#\/schema\/logo\/image\/"},"sameAs":["https:\/\/www.facebook.com\/HakmarFranceSupermarche\/?locale=fr_FR","https:\/\/www.instagram.com\/hakmarfrancesupermarche\/"]}]}},"_links":{"self":[{"href":"https:\/\/hakmarfrance.online\/de\/wp-json\/wp\/v2\/product\/17919","targetHints":{"allow":["GET"]}}],"collection":[{"href":"https:\/\/hakmarfrance.online\/de\/wp-json\/wp\/v2\/product"}],"about":[{"href":"https:\/\/hakmarfrance.online\/de\/wp-json\/wp\/v2\/types\/product"}],"replies":[{"embeddable":true,"href":"https:\/\/hakmarfrance.online\/de\/wp-json\/wp\/v2\/comments?post=17919"}],"version-history":[{"count":0,"href":"https:\/\/hakmarfrance.online\/de\/wp-json\/wp\/v2\/product\/17919\/revisions"}],"wp:featuredmedia":[{"embeddable":true,"href":"https:\/\/hakmarfrance.online\/de\/wp-json\/wp\/v2\/media\/18567"}],"wp:attachment":[{"href":"https:\/\/hakmarfrance.online\/de\/wp-json\/wp\/v2\/media?parent=17919"}],"wp:term":[{"taxonomy":"product_brand","embeddable":true,"href":"https:\/\/hakmarfrance.online\/de\/wp-json\/wp\/v2\/product_brand?post=17919"},{"taxonomy":"product_cat","embeddable":true,"href":"https:\/\/hakmarfrance.online\/de\/wp-json\/wp\/v2\/product_cat?post=17919"},{"taxonomy":"product_tag","embeddable":true,"href":"https:\/\/hakmarfrance.online\/de\/wp-json\/wp\/v2\/product_tag?post=17919"}],"curies":[{"name":"wp","href":"https:\/\/api.w.org\/{rel}","templated":true}]}}