{"id":17926,"date":"2024-03-04T12:09:13","date_gmt":"2024-03-04T12:09:13","guid":{"rendered":"https:\/\/hakmarfrance.online\/produit\/kaese-60-fett-i-tr-beyaz-peynir-gazi-traditionell-800g\/"},"modified":"2024-03-04T12:09:13","modified_gmt":"2024-03-04T12:09:13","slug":"kaese-60-fett-i-tr-beyaz-peynir-gazi-traditionell-800g","status":"publish","type":"product","link":"https:\/\/hakmarfrance.online\/de\/produit\/kaese-60-fett-i-tr-beyaz-peynir-gazi-traditionell-800g\/","title":{"rendered":"K\u00e4se 60 % Fett i. Tr. Beyaz Peynir GAZ\u0130 \u2013 Traditionell \u2013 800g"},"content":{"rendered":"","protected":false},"excerpt":{"rendered":"<p data-start=\"334\" data-end=\"528\">Genie\u00dfe die Authentizit\u00e4t des <strong data-start=\"361\" data-end=\"390\">Beyaz Peynir GAZ\u0130 K\u00e4ses<\/strong>, einem traditionellen Schafsk\u00e4se mit <strong data-start=\"428\" data-end=\"454\">60 % Fettgehalt<\/strong>, bekannt f\u00fcr seine feste und zartschmelzende Textur sowie seinen reichen Geschmack.<\/p>\n<p data-start=\"530\" data-end=\"726\">\u2714\ufe0f T\u00fcrkischer Feta-K\u00e4se<br data-start=\"560\" data-end=\"563\">\u2714\ufe0f 60 % Fettgehalt \u2013 intensiver und cremiger Geschmack<br data-start=\"614\" data-end=\"617\">\u2714\ufe0f Ideal f\u00fcr Salate, B\u00f6rek, Fr\u00fchst\u00fcck oder als Brotaufstrich<br data-start=\"678\" data-end=\"681\">\u2714\ufe0f Gro\u00dfz\u00fcgiges Format in Metalldose \u2013 800g<\/p>\n<p data-start=\"728\" data-end=\"832\">Ein Muss auf mediterranen und orientalischen Tischen, der <strong data-start=\"799\" data-end=\"832\">Qualit\u00e4t, Tradition und Geschmack vereint.<\/strong><\/p>\n","protected":false},"featured_media":17922,"comment_status":"open","ping_status":"closed","template":"","meta":{"iawp_total_views":0},"product_brand":[174],"product_cat":[226,251,255,269,230,267],"product_tag":[],"class_list":{"0":"post-17926","1":"product","2":"type-product","3":"status-publish","4":"has-post-thumbnail","6":"product_brand-gazi","7":"product_cat-alle-unsere-produkte","8":"product_cat-fleisch-fisch-feinkost","9":"product_cat-frische-produkte-milchprodukte","10":"product_cat-orientalische-lebensmittel","11":"product_cat-traditionelle-turkische-produkte","12":"product_cat-wurstwaren-sucuk-pastirma","14":"first","15":"instock","16":"shipping-taxable","17":"purchasable","18":"product-type-simple"},"yoast_head":"<!-- This site is optimized with the Yoast SEO plugin v27.3 - https:\/\/yoast.com\/product\/yoast-seo-wordpress\/ -->\n<title>K\u00e4se 60 % Fett i. Tr. Beyaz Peynir GAZ\u0130 \u2013 Traditionell \u2013 800g - hakmarfrance.online<\/title>\n<meta name=\"robots\" content=\"index, follow, max-snippet:-1, max-image-preview:large, max-video-preview:-1\" \/>\n<link rel=\"canonical\" href=\"https:\/\/hakmarfrance.online\/de\/produit\/kaese-60-fett-i-tr-beyaz-peynir-gazi-traditionell-800g\/\" \/>\n<meta property=\"og:locale\" content=\"de_DE\" \/>\n<meta property=\"og:type\" content=\"article\" \/>\n<meta property=\"og:title\" content=\"K\u00e4se 60 % Fett i. Tr. Beyaz Peynir GAZ\u0130 \u2013 Traditionell \u2013 800g - hakmarfrance.online\" \/>\n<meta property=\"og:description\" content=\"Genie\u00dfe die Authentizit\u00e4t des Beyaz Peynir GAZ\u0130 K\u00e4ses, einem traditionellen Schafsk\u00e4se mit 60 % Fettgehalt, bekannt f\u00fcr seine feste und zartschmelzende Textur sowie seinen reichen Geschmack. \u2714\ufe0f T\u00fcrkischer Feta-K\u00e4se\u2714\ufe0f 60 % Fettgehalt \u2013 intensiver und cremiger Geschmack\u2714\ufe0f Ideal f\u00fcr Salate, B\u00f6rek, Fr\u00fchst\u00fcck oder als Brotaufstrich\u2714\ufe0f Gro\u00dfz\u00fcgiges Format in Metalldose \u2013 800g Ein Muss auf mediterranen und orientalischen Tischen, der Qualit\u00e4t, Tradition und Geschmack vereint.\" \/>\n<meta property=\"og:url\" content=\"https:\/\/hakmarfrance.online\/de\/produit\/kaese-60-fett-i-tr-beyaz-peynir-gazi-traditionell-800g\/\" \/>\n<meta property=\"og:site_name\" content=\"hakmarfrance.online\" \/>\n<meta property=\"article:publisher\" content=\"https:\/\/www.facebook.com\/HakmarFranceSupermarche\/?locale=fr_FR\" \/>\n<meta property=\"og:image\" content=\"https:\/\/hakmarfrance.online\/wp-content\/uploads\/2024\/03\/fromage-beyaz-peynir-gazi-60pourcent-800g.png\" \/>\n\t<meta property=\"og:image:width\" content=\"1000\" \/>\n\t<meta property=\"og:image:height\" content=\"800\" \/>\n\t<meta property=\"og:image:type\" content=\"image\/png\" \/>\n<meta name=\"twitter:card\" content=\"summary_large_image\" \/>\n<script type=\"application\/ld+json\" class=\"yoast-schema-graph\">{\"@context\":\"https:\\\/\\\/schema.org\",\"@graph\":[{\"@type\":\"WebPage\",\"@id\":\"https:\\\/\\\/hakmarfrance.online\\\/de\\\/produit\\\/kaese-60-fett-i-tr-beyaz-peynir-gazi-traditionell-800g\\\/\",\"url\":\"https:\\\/\\\/hakmarfrance.online\\\/de\\\/produit\\\/kaese-60-fett-i-tr-beyaz-peynir-gazi-traditionell-800g\\\/\",\"name\":\"K\u00e4se 60 % Fett i. Tr. Beyaz Peynir GAZ\u0130 \u2013 Traditionell \u2013 800g - hakmarfrance.online\",\"isPartOf\":{\"@id\":\"https:\\\/\\\/hakmarfrance.online\\\/de\\\/#website\"},\"primaryImageOfPage\":{\"@id\":\"https:\\\/\\\/hakmarfrance.online\\\/de\\\/produit\\\/kaese-60-fett-i-tr-beyaz-peynir-gazi-traditionell-800g\\\/#primaryimage\"},\"image\":{\"@id\":\"https:\\\/\\\/hakmarfrance.online\\\/de\\\/produit\\\/kaese-60-fett-i-tr-beyaz-peynir-gazi-traditionell-800g\\\/#primaryimage\"},\"thumbnailUrl\":\"https:\\\/\\\/hakmarfrance.online\\\/wp-content\\\/uploads\\\/2024\\\/03\\\/fromage-beyaz-peynir-gazi-60pourcent-800g.png\",\"datePublished\":\"2024-03-04T12:09:13+00:00\",\"breadcrumb\":{\"@id\":\"https:\\\/\\\/hakmarfrance.online\\\/de\\\/produit\\\/kaese-60-fett-i-tr-beyaz-peynir-gazi-traditionell-800g\\\/#breadcrumb\"},\"inLanguage\":\"de\",\"potentialAction\":[{\"@type\":\"ReadAction\",\"target\":[\"https:\\\/\\\/hakmarfrance.online\\\/de\\\/produit\\\/kaese-60-fett-i-tr-beyaz-peynir-gazi-traditionell-800g\\\/\"]}]},{\"@type\":\"ImageObject\",\"inLanguage\":\"de\",\"@id\":\"https:\\\/\\\/hakmarfrance.online\\\/de\\\/produit\\\/kaese-60-fett-i-tr-beyaz-peynir-gazi-traditionell-800g\\\/#primaryimage\",\"url\":\"https:\\\/\\\/hakmarfrance.online\\\/wp-content\\\/uploads\\\/2024\\\/03\\\/fromage-beyaz-peynir-gazi-60pourcent-800g.png\",\"contentUrl\":\"https:\\\/\\\/hakmarfrance.online\\\/wp-content\\\/uploads\\\/2024\\\/03\\\/fromage-beyaz-peynir-gazi-60pourcent-800g.png\",\"width\":1000,\"height\":800},{\"@type\":\"BreadcrumbList\",\"@id\":\"https:\\\/\\\/hakmarfrance.online\\\/de\\\/produit\\\/kaese-60-fett-i-tr-beyaz-peynir-gazi-traditionell-800g\\\/#breadcrumb\",\"itemListElement\":[{\"@type\":\"ListItem\",\"position\":1,\"name\":\"Accueil\",\"item\":\"https:\\\/\\\/hakmarfrance.online\\\/de\\\/\"},{\"@type\":\"ListItem\",\"position\":2,\"name\":\"Shop\",\"item\":\"https:\\\/\\\/hakmarfrance.online\\\/de\\\/shop\\\/\"},{\"@type\":\"ListItem\",\"position\":3,\"name\":\"K\u00e4se 60 % Fett i. Tr. Beyaz Peynir GAZ\u0130 \u2013 Traditionell \u2013 800g\"}]},{\"@type\":\"WebSite\",\"@id\":\"https:\\\/\\\/hakmarfrance.online\\\/de\\\/#website\",\"url\":\"https:\\\/\\\/hakmarfrance.online\\\/de\\\/\",\"name\":\"hakmarfrance.online\",\"description\":\"\",\"publisher\":{\"@id\":\"https:\\\/\\\/hakmarfrance.online\\\/de\\\/#organization\"},\"potentialAction\":[{\"@type\":\"SearchAction\",\"target\":{\"@type\":\"EntryPoint\",\"urlTemplate\":\"https:\\\/\\\/hakmarfrance.online\\\/de\\\/?s={search_term_string}\"},\"query-input\":{\"@type\":\"PropertyValueSpecification\",\"valueRequired\":true,\"valueName\":\"search_term_string\"}}],\"inLanguage\":\"de\"},{\"@type\":\"Organization\",\"@id\":\"https:\\\/\\\/hakmarfrance.online\\\/de\\\/#organization\",\"name\":\"hakmarfrance.online\",\"url\":\"https:\\\/\\\/hakmarfrance.online\\\/de\\\/\",\"logo\":{\"@type\":\"ImageObject\",\"inLanguage\":\"de\",\"@id\":\"https:\\\/\\\/hakmarfrance.online\\\/de\\\/#\\\/schema\\\/logo\\\/image\\\/\",\"url\":\"https:\\\/\\\/hakmarfrance.online\\\/wp-content\\\/uploads\\\/2025\\\/06\\\/logo-hakmarfrance.png\",\"contentUrl\":\"https:\\\/\\\/hakmarfrance.online\\\/wp-content\\\/uploads\\\/2025\\\/06\\\/logo-hakmarfrance.png\",\"width\":528,\"height\":232,\"caption\":\"hakmarfrance.online\"},\"image\":{\"@id\":\"https:\\\/\\\/hakmarfrance.online\\\/de\\\/#\\\/schema\\\/logo\\\/image\\\/\"},\"sameAs\":[\"https:\\\/\\\/www.facebook.com\\\/HakmarFranceSupermarche\\\/?locale=fr_FR\",\"https:\\\/\\\/www.instagram.com\\\/hakmarfrancesupermarche\\\/\"]}]}<\/script>\n<!-- \/ Yoast SEO plugin. -->","yoast_head_json":{"title":"K\u00e4se 60 % Fett i. Tr. Beyaz Peynir GAZ\u0130 \u2013 Traditionell \u2013 800g - hakmarfrance.online","robots":{"index":"index","follow":"follow","max-snippet":"max-snippet:-1","max-image-preview":"max-image-preview:large","max-video-preview":"max-video-preview:-1"},"canonical":"https:\/\/hakmarfrance.online\/de\/produit\/kaese-60-fett-i-tr-beyaz-peynir-gazi-traditionell-800g\/","og_locale":"de_DE","og_type":"article","og_title":"K\u00e4se 60 % Fett i. Tr. Beyaz Peynir GAZ\u0130 \u2013 Traditionell \u2013 800g - hakmarfrance.online","og_description":"Genie\u00dfe die Authentizit\u00e4t des Beyaz Peynir GAZ\u0130 K\u00e4ses, einem traditionellen Schafsk\u00e4se mit 60 % Fettgehalt, bekannt f\u00fcr seine feste und zartschmelzende Textur sowie seinen reichen Geschmack. \u2714\ufe0f T\u00fcrkischer Feta-K\u00e4se\u2714\ufe0f 60 % Fettgehalt \u2013 intensiver und cremiger Geschmack\u2714\ufe0f Ideal f\u00fcr Salate, B\u00f6rek, Fr\u00fchst\u00fcck oder als Brotaufstrich\u2714\ufe0f Gro\u00dfz\u00fcgiges Format in Metalldose \u2013 800g Ein Muss auf mediterranen und orientalischen Tischen, der Qualit\u00e4t, Tradition und Geschmack vereint.","og_url":"https:\/\/hakmarfrance.online\/de\/produit\/kaese-60-fett-i-tr-beyaz-peynir-gazi-traditionell-800g\/","og_site_name":"hakmarfrance.online","article_publisher":"https:\/\/www.facebook.com\/HakmarFranceSupermarche\/?locale=fr_FR","og_image":[{"width":1000,"height":800,"url":"https:\/\/hakmarfrance.online\/wp-content\/uploads\/2024\/03\/fromage-beyaz-peynir-gazi-60pourcent-800g.png","type":"image\/png"}],"twitter_card":"summary_large_image","schema":{"@context":"https:\/\/schema.org","@graph":[{"@type":"WebPage","@id":"https:\/\/hakmarfrance.online\/de\/produit\/kaese-60-fett-i-tr-beyaz-peynir-gazi-traditionell-800g\/","url":"https:\/\/hakmarfrance.online\/de\/produit\/kaese-60-fett-i-tr-beyaz-peynir-gazi-traditionell-800g\/","name":"K\u00e4se 60 % Fett i. Tr. Beyaz Peynir GAZ\u0130 \u2013 Traditionell \u2013 800g - hakmarfrance.online","isPartOf":{"@id":"https:\/\/hakmarfrance.online\/de\/#website"},"primaryImageOfPage":{"@id":"https:\/\/hakmarfrance.online\/de\/produit\/kaese-60-fett-i-tr-beyaz-peynir-gazi-traditionell-800g\/#primaryimage"},"image":{"@id":"https:\/\/hakmarfrance.online\/de\/produit\/kaese-60-fett-i-tr-beyaz-peynir-gazi-traditionell-800g\/#primaryimage"},"thumbnailUrl":"https:\/\/hakmarfrance.online\/wp-content\/uploads\/2024\/03\/fromage-beyaz-peynir-gazi-60pourcent-800g.png","datePublished":"2024-03-04T12:09:13+00:00","breadcrumb":{"@id":"https:\/\/hakmarfrance.online\/de\/produit\/kaese-60-fett-i-tr-beyaz-peynir-gazi-traditionell-800g\/#breadcrumb"},"inLanguage":"de","potentialAction":[{"@type":"ReadAction","target":["https:\/\/hakmarfrance.online\/de\/produit\/kaese-60-fett-i-tr-beyaz-peynir-gazi-traditionell-800g\/"]}]},{"@type":"ImageObject","inLanguage":"de","@id":"https:\/\/hakmarfrance.online\/de\/produit\/kaese-60-fett-i-tr-beyaz-peynir-gazi-traditionell-800g\/#primaryimage","url":"https:\/\/hakmarfrance.online\/wp-content\/uploads\/2024\/03\/fromage-beyaz-peynir-gazi-60pourcent-800g.png","contentUrl":"https:\/\/hakmarfrance.online\/wp-content\/uploads\/2024\/03\/fromage-beyaz-peynir-gazi-60pourcent-800g.png","width":1000,"height":800},{"@type":"BreadcrumbList","@id":"https:\/\/hakmarfrance.online\/de\/produit\/kaese-60-fett-i-tr-beyaz-peynir-gazi-traditionell-800g\/#breadcrumb","itemListElement":[{"@type":"ListItem","position":1,"name":"Accueil","item":"https:\/\/hakmarfrance.online\/de\/"},{"@type":"ListItem","position":2,"name":"Shop","item":"https:\/\/hakmarfrance.online\/de\/shop\/"},{"@type":"ListItem","position":3,"name":"K\u00e4se 60 % Fett i. Tr. Beyaz Peynir GAZ\u0130 \u2013 Traditionell \u2013 800g"}]},{"@type":"WebSite","@id":"https:\/\/hakmarfrance.online\/de\/#website","url":"https:\/\/hakmarfrance.online\/de\/","name":"hakmarfrance.online","description":"","publisher":{"@id":"https:\/\/hakmarfrance.online\/de\/#organization"},"potentialAction":[{"@type":"SearchAction","target":{"@type":"EntryPoint","urlTemplate":"https:\/\/hakmarfrance.online\/de\/?s={search_term_string}"},"query-input":{"@type":"PropertyValueSpecification","valueRequired":true,"valueName":"search_term_string"}}],"inLanguage":"de"},{"@type":"Organization","@id":"https:\/\/hakmarfrance.online\/de\/#organization","name":"hakmarfrance.online","url":"https:\/\/hakmarfrance.online\/de\/","logo":{"@type":"ImageObject","inLanguage":"de","@id":"https:\/\/hakmarfrance.online\/de\/#\/schema\/logo\/image\/","url":"https:\/\/hakmarfrance.online\/wp-content\/uploads\/2025\/06\/logo-hakmarfrance.png","contentUrl":"https:\/\/hakmarfrance.online\/wp-content\/uploads\/2025\/06\/logo-hakmarfrance.png","width":528,"height":232,"caption":"hakmarfrance.online"},"image":{"@id":"https:\/\/hakmarfrance.online\/de\/#\/schema\/logo\/image\/"},"sameAs":["https:\/\/www.facebook.com\/HakmarFranceSupermarche\/?locale=fr_FR","https:\/\/www.instagram.com\/hakmarfrancesupermarche\/"]}]}},"_links":{"self":[{"href":"https:\/\/hakmarfrance.online\/de\/wp-json\/wp\/v2\/product\/17926","targetHints":{"allow":["GET"]}}],"collection":[{"href":"https:\/\/hakmarfrance.online\/de\/wp-json\/wp\/v2\/product"}],"about":[{"href":"https:\/\/hakmarfrance.online\/de\/wp-json\/wp\/v2\/types\/product"}],"replies":[{"embeddable":true,"href":"https:\/\/hakmarfrance.online\/de\/wp-json\/wp\/v2\/comments?post=17926"}],"version-history":[{"count":0,"href":"https:\/\/hakmarfrance.online\/de\/wp-json\/wp\/v2\/product\/17926\/revisions"}],"wp:featuredmedia":[{"embeddable":true,"href":"https:\/\/hakmarfrance.online\/de\/wp-json\/wp\/v2\/media\/17922"}],"wp:attachment":[{"href":"https:\/\/hakmarfrance.online\/de\/wp-json\/wp\/v2\/media?parent=17926"}],"wp:term":[{"taxonomy":"product_brand","embeddable":true,"href":"https:\/\/hakmarfrance.online\/de\/wp-json\/wp\/v2\/product_brand?post=17926"},{"taxonomy":"product_cat","embeddable":true,"href":"https:\/\/hakmarfrance.online\/de\/wp-json\/wp\/v2\/product_cat?post=17926"},{"taxonomy":"product_tag","embeddable":true,"href":"https:\/\/hakmarfrance.online\/de\/wp-json\/wp\/v2\/product_tag?post=17926"}],"curies":[{"name":"wp","href":"https:\/\/api.w.org\/{rel}","templated":true}]}}