{"id":17292,"date":"2025-06-13T07:09:34","date_gmt":"2025-06-13T07:09:34","guid":{"rendered":"https:\/\/hakmarfrance.online\/yasal-bildirimler\/"},"modified":"2025-10-02T12:34:11","modified_gmt":"2025-10-02T12:34:11","slug":"yasal-bildirimler","status":"publish","type":"page","link":"https:\/\/hakmarfrance.online\/tr\/yasal-bildirimler\/","title":{"rendered":"Yasal Bildirimler"},"content":{"rendered":"\n<h2 class=\"wp-block-heading\"><strong>Son g\u00fcncelleme: 02\/10\/2025<\/strong><\/h2>\n\n<p><\/p>\n\n<h3 class=\"wp-block-heading\"><strong>21 Haziran 2004 tarihli 2004-575 say\u0131l\u0131 dijital ekonomide g\u00fcven yasas\u0131n\u0131n (LCEN) 6. maddesi uyar\u0131nca<\/strong>, site kullan\u0131c\u0131lar\u0131na sitenin ger\u00e7ekle\u015ftirilmesi ve takibi kapsam\u0131nda farkl\u0131 taraflar\u0131n kimli\u011fi belirtilmektedir.<\/h3>\n\n<h3 class=\"wp-block-heading\">1. Site edit\u00f6r\u00fc<\/h3>\n\n<ul class=\"wp-block-list\">\n<li><strong>Ticari unvan<\/strong>: <strong>Hakmar France Supermarch\u00e9<\/strong><\/li>\n\n\n\n<li><strong>Hukuki stat\u00fc<\/strong>: Tek ortakl\u0131 SARL<\/li>\n\n\n\n<li><strong>SIRET<\/strong>: 910 499 110 00021<\/li>\n\n\n\n<li><strong>Adres<\/strong>: 41 Avenue Fran\u00e7ois Mitterrand, 68200 Mulhouse<\/li>\n\n\n\n<li><strong>E-posta<\/strong>: <a>hakmarfrance@gmail.com<\/a><\/li>\n\n\n\n<li><strong>Telefon<\/strong>: <a href=\"tel:0369072867\">03 69 07 28 67<\/a><\/li>\n\n\n\n<li><strong>Yay\u0131n sorumlusu<\/strong>: Hakan KARGAVUS<\/li>\n<\/ul>\n\n<h3 class=\"wp-block-heading\">2. Bar\u0131nd\u0131rma<\/h3>\n\n<p>Site \u015fu firma taraf\u0131ndan bar\u0131nd\u0131r\u0131lmaktad\u0131r:<br\/>\n  <strong>Hostinger International Ltd<\/strong>\n  <br\/>61 Lordou Vironos Street, 6023 Larnaca, K\u0131br\u0131s<br\/>Web sitesi: <a class=\"\" href=\"http:\/\/www.hostinger.fr\">www.hostinger.fr<\/a><br\/>E-posta: <a>support@hostinger.com<\/a>\n<\/p>\n\n<h3 class=\"wp-block-heading\">3. Fikri m\u00fclkiyet<\/h3>\n\n<p>Sitenin t\u00fcm \u00f6\u011feleri (metinler, g\u00f6rseller, grafikler, logo, videolar, yap\u0131 vb.) aksi belirtilmedik\u00e7e <strong><strong>Hakmar <\/strong>France Supermarch\u00e9<\/strong>&#8216;nin m\u00fcnhas\u0131r m\u00fclkiyetindedir.<br\/>K\u0131smi dahi olsa herhangi bir \u00e7o\u011faltma, da\u011f\u0131t\u0131m, de\u011fi\u015ftirme, uyarlama veya yay\u0131nlama, \u00f6nceden yaz\u0131l\u0131 izin al\u0131nmadan yasakt\u0131r.<\/p>\n\n<h3 class=\"wp-block-heading\">4. Sorumluluk<\/h3>\n\n<p><strong><strong>Hakmar <\/strong>France Supermarch\u00e9<\/strong> sitede kar\u015f\u0131la\u015f\u0131lan hatalardan, teknik sorunlardan, sitenin kesintiye u\u011framas\u0131ndan veya eri\u015filemez olmas\u0131ndan sorumlu tutulamaz.<br\/>D\u0131\u015f ba\u011flant\u0131lar\u0131n varl\u0131\u011f\u0131, y\u00f6nlendirdikleri i\u00e7eri\u011fin onayland\u0131\u011f\u0131 anlam\u0131na gelmez. <strong><strong>Hakmar <\/strong>France Supermarch\u00e9<\/strong> bu i\u00e7eriklerle ilgili her t\u00fcrl\u00fc sorumlulu\u011fu reddeder.<\/p>\n\n<h3 class=\"wp-block-heading\">5. Ki\u015fisel veriler<\/h3>\n\n<p>Ki\u015fisel verilerinizin toplanmas\u0131 ve i\u015flenmesi, \u00f6zel bir sayfada bulunan Gizlilik Politikam\u0131z taraf\u0131ndan d\u00fczenlenmektedir.<br\/>Eri\u015fim, d\u00fczeltme, itiraz ve silme haklar\u0131n\u0131z\u0131 istedi\u011finiz zaman \u015fu adresten kullanabilirsiniz: <a>hakmarfrance@gmail.com<\/a><\/p>\n\n<h3 class=\"wp-block-heading\">6. \u00c7erezler<\/h3>\n\n<p>Site, kullan\u0131c\u0131 deneyiminizi iyile\u015ftirmek, ziyaret\u00e7i say\u0131s\u0131n\u0131 \u00f6l\u00e7mek ve sitenin d\u00fczg\u00fcn \u00e7al\u0131\u015fmas\u0131n\u0131 sa\u011flamak i\u00e7in \u00e7erezler kullanmaktad\u0131r. Ziyaretiniz s\u0131ras\u0131nda tercihlerinizi y\u00f6netmenizi sa\u011flayan bir banner bulunmaktad\u0131r.<\/p>\n\n<hr class=\"wp-block-separator has-alpha-channel-opacity\"\/>\n","protected":false},"excerpt":{"rendered":"<p>Son g\u00fcncelleme: 02\/10\/2025 21 Haziran 2004 tarihli 2004-575 say\u0131l\u0131 dijital ekonomide g\u00fcven yasas\u0131n\u0131n (LCEN) 6. maddesi uyar\u0131nca, site kullan\u0131c\u0131lar\u0131na sitenin<\/p>\n","protected":false},"author":1,"featured_media":0,"parent":0,"menu_order":0,"comment_status":"closed","ping_status":"closed","template":"","meta":{"iawp_total_views":1,"footnotes":""},"class_list":["post-17292","page","type-page","status-publish","hentry"],"yoast_head":"<!-- This site is optimized with the Yoast SEO plugin v27.3 - https:\/\/yoast.com\/product\/yoast-seo-wordpress\/ -->\n<title>Yasal Bildirimler - hakmarfrance.online<\/title>\n<meta name=\"robots\" content=\"index, follow, max-snippet:-1, max-image-preview:large, max-video-preview:-1\" \/>\n<link rel=\"canonical\" href=\"https:\/\/hakmarfrance.online\/tr\/yasal-bildirimler\/\" \/>\n<meta property=\"og:locale\" content=\"tr_TR\" \/>\n<meta property=\"og:type\" content=\"article\" \/>\n<meta property=\"og:title\" content=\"Yasal Bildirimler - hakmarfrance.online\" \/>\n<meta property=\"og:description\" content=\"Son g\u00fcncelleme: 02\/10\/2025 21 Haziran 2004 tarihli 2004-575 say\u0131l\u0131 dijital ekonomide g\u00fcven yasas\u0131n\u0131n (LCEN) 6. maddesi uyar\u0131nca, site kullan\u0131c\u0131lar\u0131na sitenin\" \/>\n<meta property=\"og:url\" content=\"https:\/\/hakmarfrance.online\/tr\/yasal-bildirimler\/\" \/>\n<meta property=\"og:site_name\" content=\"hakmarfrance.online\" \/>\n<meta property=\"article:publisher\" content=\"https:\/\/www.facebook.com\/HakmarFranceSupermarche\/?locale=fr_FR\" \/>\n<meta property=\"article:modified_time\" content=\"2025-10-02T12:34:11+00:00\" \/>\n<meta name=\"twitter:card\" content=\"summary_large_image\" \/>\n<meta name=\"twitter:label1\" content=\"Tahmini okuma s\u00fcresi\" \/>\n\t<meta name=\"twitter:data1\" content=\"1 minute\" \/>\n<script type=\"application\/ld+json\" class=\"yoast-schema-graph\">{\"@context\":\"https:\\\/\\\/schema.org\",\"@graph\":[{\"@type\":\"WebPage\",\"@id\":\"https:\\\/\\\/hakmarfrance.online\\\/tr\\\/yasal-bildirimler\\\/\",\"url\":\"https:\\\/\\\/hakmarfrance.online\\\/tr\\\/yasal-bildirimler\\\/\",\"name\":\"Yasal Bildirimler - hakmarfrance.online\",\"isPartOf\":{\"@id\":\"https:\\\/\\\/hakmarfrance.online\\\/tr\\\/#website\"},\"datePublished\":\"2025-06-13T07:09:34+00:00\",\"dateModified\":\"2025-10-02T12:34:11+00:00\",\"breadcrumb\":{\"@id\":\"https:\\\/\\\/hakmarfrance.online\\\/tr\\\/yasal-bildirimler\\\/#breadcrumb\"},\"inLanguage\":\"tr-TR\",\"potentialAction\":[{\"@type\":\"ReadAction\",\"target\":[\"https:\\\/\\\/hakmarfrance.online\\\/tr\\\/yasal-bildirimler\\\/\"]}]},{\"@type\":\"BreadcrumbList\",\"@id\":\"https:\\\/\\\/hakmarfrance.online\\\/tr\\\/yasal-bildirimler\\\/#breadcrumb\",\"itemListElement\":[{\"@type\":\"ListItem\",\"position\":1,\"name\":\"Accueil\",\"item\":\"https:\\\/\\\/hakmarfrance.online\\\/tr\\\/\"},{\"@type\":\"ListItem\",\"position\":2,\"name\":\"Yasal Bildirimler\"}]},{\"@type\":\"WebSite\",\"@id\":\"https:\\\/\\\/hakmarfrance.online\\\/tr\\\/#website\",\"url\":\"https:\\\/\\\/hakmarfrance.online\\\/tr\\\/\",\"name\":\"hakmarfrance.online\",\"description\":\"\",\"publisher\":{\"@id\":\"https:\\\/\\\/hakmarfrance.online\\\/tr\\\/#organization\"},\"potentialAction\":[{\"@type\":\"SearchAction\",\"target\":{\"@type\":\"EntryPoint\",\"urlTemplate\":\"https:\\\/\\\/hakmarfrance.online\\\/tr\\\/?s={search_term_string}\"},\"query-input\":{\"@type\":\"PropertyValueSpecification\",\"valueRequired\":true,\"valueName\":\"search_term_string\"}}],\"inLanguage\":\"tr-TR\"},{\"@type\":\"Organization\",\"@id\":\"https:\\\/\\\/hakmarfrance.online\\\/tr\\\/#organization\",\"name\":\"hakmarfrance.online\",\"url\":\"https:\\\/\\\/hakmarfrance.online\\\/tr\\\/\",\"logo\":{\"@type\":\"ImageObject\",\"inLanguage\":\"tr-TR\",\"@id\":\"https:\\\/\\\/hakmarfrance.online\\\/tr\\\/#\\\/schema\\\/logo\\\/image\\\/\",\"url\":\"https:\\\/\\\/hakmarfrance.online\\\/wp-content\\\/uploads\\\/2025\\\/06\\\/logo-hakmarfrance.png\",\"contentUrl\":\"https:\\\/\\\/hakmarfrance.online\\\/wp-content\\\/uploads\\\/2025\\\/06\\\/logo-hakmarfrance.png\",\"width\":528,\"height\":232,\"caption\":\"hakmarfrance.online\"},\"image\":{\"@id\":\"https:\\\/\\\/hakmarfrance.online\\\/tr\\\/#\\\/schema\\\/logo\\\/image\\\/\"},\"sameAs\":[\"https:\\\/\\\/www.facebook.com\\\/HakmarFranceSupermarche\\\/?locale=fr_FR\",\"https:\\\/\\\/www.instagram.com\\\/hakmarfrancesupermarche\\\/\"]}]}<\/script>\n<!-- \/ Yoast SEO plugin. -->","yoast_head_json":{"title":"Yasal Bildirimler - hakmarfrance.online","robots":{"index":"index","follow":"follow","max-snippet":"max-snippet:-1","max-image-preview":"max-image-preview:large","max-video-preview":"max-video-preview:-1"},"canonical":"https:\/\/hakmarfrance.online\/tr\/yasal-bildirimler\/","og_locale":"tr_TR","og_type":"article","og_title":"Yasal Bildirimler - hakmarfrance.online","og_description":"Son g\u00fcncelleme: 02\/10\/2025 21 Haziran 2004 tarihli 2004-575 say\u0131l\u0131 dijital ekonomide g\u00fcven yasas\u0131n\u0131n (LCEN) 6. maddesi uyar\u0131nca, site kullan\u0131c\u0131lar\u0131na sitenin","og_url":"https:\/\/hakmarfrance.online\/tr\/yasal-bildirimler\/","og_site_name":"hakmarfrance.online","article_publisher":"https:\/\/www.facebook.com\/HakmarFranceSupermarche\/?locale=fr_FR","article_modified_time":"2025-10-02T12:34:11+00:00","twitter_card":"summary_large_image","twitter_misc":{"Tahmini okuma s\u00fcresi":"1 minute"},"schema":{"@context":"https:\/\/schema.org","@graph":[{"@type":"WebPage","@id":"https:\/\/hakmarfrance.online\/tr\/yasal-bildirimler\/","url":"https:\/\/hakmarfrance.online\/tr\/yasal-bildirimler\/","name":"Yasal Bildirimler - hakmarfrance.online","isPartOf":{"@id":"https:\/\/hakmarfrance.online\/tr\/#website"},"datePublished":"2025-06-13T07:09:34+00:00","dateModified":"2025-10-02T12:34:11+00:00","breadcrumb":{"@id":"https:\/\/hakmarfrance.online\/tr\/yasal-bildirimler\/#breadcrumb"},"inLanguage":"tr-TR","potentialAction":[{"@type":"ReadAction","target":["https:\/\/hakmarfrance.online\/tr\/yasal-bildirimler\/"]}]},{"@type":"BreadcrumbList","@id":"https:\/\/hakmarfrance.online\/tr\/yasal-bildirimler\/#breadcrumb","itemListElement":[{"@type":"ListItem","position":1,"name":"Accueil","item":"https:\/\/hakmarfrance.online\/tr\/"},{"@type":"ListItem","position":2,"name":"Yasal Bildirimler"}]},{"@type":"WebSite","@id":"https:\/\/hakmarfrance.online\/tr\/#website","url":"https:\/\/hakmarfrance.online\/tr\/","name":"hakmarfrance.online","description":"","publisher":{"@id":"https:\/\/hakmarfrance.online\/tr\/#organization"},"potentialAction":[{"@type":"SearchAction","target":{"@type":"EntryPoint","urlTemplate":"https:\/\/hakmarfrance.online\/tr\/?s={search_term_string}"},"query-input":{"@type":"PropertyValueSpecification","valueRequired":true,"valueName":"search_term_string"}}],"inLanguage":"tr-TR"},{"@type":"Organization","@id":"https:\/\/hakmarfrance.online\/tr\/#organization","name":"hakmarfrance.online","url":"https:\/\/hakmarfrance.online\/tr\/","logo":{"@type":"ImageObject","inLanguage":"tr-TR","@id":"https:\/\/hakmarfrance.online\/tr\/#\/schema\/logo\/image\/","url":"https:\/\/hakmarfrance.online\/wp-content\/uploads\/2025\/06\/logo-hakmarfrance.png","contentUrl":"https:\/\/hakmarfrance.online\/wp-content\/uploads\/2025\/06\/logo-hakmarfrance.png","width":528,"height":232,"caption":"hakmarfrance.online"},"image":{"@id":"https:\/\/hakmarfrance.online\/tr\/#\/schema\/logo\/image\/"},"sameAs":["https:\/\/www.facebook.com\/HakmarFranceSupermarche\/?locale=fr_FR","https:\/\/www.instagram.com\/hakmarfrancesupermarche\/"]}]}},"_links":{"self":[{"href":"https:\/\/hakmarfrance.online\/tr\/wp-json\/wp\/v2\/pages\/17292","targetHints":{"allow":["GET"]}}],"collection":[{"href":"https:\/\/hakmarfrance.online\/tr\/wp-json\/wp\/v2\/pages"}],"about":[{"href":"https:\/\/hakmarfrance.online\/tr\/wp-json\/wp\/v2\/types\/page"}],"author":[{"embeddable":true,"href":"https:\/\/hakmarfrance.online\/tr\/wp-json\/wp\/v2\/users\/1"}],"replies":[{"embeddable":true,"href":"https:\/\/hakmarfrance.online\/tr\/wp-json\/wp\/v2\/comments?post=17292"}],"version-history":[{"count":1,"href":"https:\/\/hakmarfrance.online\/tr\/wp-json\/wp\/v2\/pages\/17292\/revisions"}],"predecessor-version":[{"id":17294,"href":"https:\/\/hakmarfrance.online\/tr\/wp-json\/wp\/v2\/pages\/17292\/revisions\/17294"}],"wp:attachment":[{"href":"https:\/\/hakmarfrance.online\/tr\/wp-json\/wp\/v2\/media?parent=17292"}],"curies":[{"name":"wp","href":"https:\/\/api.w.org\/{rel}","templated":true}]}}