{"id":17315,"date":"2024-03-01T12:52:44","date_gmt":"2024-03-01T12:52:44","guid":{"rendered":"https:\/\/hakmarfrance.online\/teslimat\/"},"modified":"2025-11-28T10:29:35","modified_gmt":"2025-11-28T10:29:35","slug":"teslimat","status":"publish","type":"page","link":"https:\/\/hakmarfrance.online\/tr\/teslimat\/","title":{"rendered":"Teslimat"},"content":{"rendered":"\t\t<div data-elementor-type=\"wp-page\" data-elementor-id=\"17315\" class=\"elementor elementor-17315 elementor-19\">\n\t\t\t\t<div class=\"wd-negative-gap elementor-element elementor-element-a35645f e-flex e-con-boxed e-con e-parent\" data-id=\"a35645f\" data-element_type=\"container\" data-e-type=\"container\">\n\t\t\t\t\t<div class=\"e-con-inner\">\n\t\t<div class=\"elementor-element elementor-element-88def0b e-con-full e-flex e-con e-child\" data-id=\"88def0b\" data-element_type=\"container\" data-e-type=\"container\" data-settings=\"{&quot;background_background&quot;:&quot;classic&quot;}\">\n\t\t\t\t<div class=\"elementor-element elementor-element-9bb7ee2 wd-width-100 elementor-widget elementor-widget-wd_title\" data-id=\"9bb7ee2\" data-element_type=\"widget\" data-e-type=\"widget\" data-widget_type=\"wd_title.default\">\n\t\t\t\t<div class=\"elementor-widget-container\">\n\t\t\t\t\t\t\t<div class=\"title-wrapper wd-set-mb reset-last-child wd-title-color-default wd-title-style-default wd-title-size-default text-left\">\n\n\t\t\t\n\t\t\t<div class=\"liner-continer\">\n\t\t\t\t<h4 class=\"woodmart-title-container title wd-fontsize-l\">Hakmar France S\u00fcpermarket Teslimat\u0131<\/h4> \n\t\t\t\t\t\t\t<\/div>\n\n\t\t\t\t\t<\/div>\n\t\t\t\t\t\t<\/div>\n\t\t\t\t<\/div>\n\t\t\t\t<div class=\"elementor-element elementor-element-89c0913 elementor-widget elementor-widget-wd_text_block\" data-id=\"89c0913\" data-element_type=\"widget\" data-e-type=\"widget\" data-widget_type=\"wd_text_block.default\">\n\t\t\t\t<div class=\"elementor-widget-container\">\n\t\t\t\t\t\t\t<div class=\"wd-text-block reset-last-child text-left\">\n\t\t\t\n\t\t\t<p>Hakmar France S\u00fcpermarket olarak, sizlere basit, h\u0131zl\u0131 ve pratik bir al\u0131\u015fveri\u015f deneyimi sunmay\u0131 \u00f6nemsiyoruz. Yerel teslimat hizmetimiz sayesinde en sevdi\u011finiz oriental \u00fcr\u00fcnlerin tad\u0131n\u0131 do\u011frudan evinizde \u00e7\u0131kar\u0131n!<\/p>\n\t\t\t\t\t<\/div>\n\t\t\t\t\t\t<\/div>\n\t\t\t\t<\/div>\n\t\t<div class=\"wd-negative-gap elementor-element elementor-element-e76b9fe e-flex e-con-boxed e-con e-child\" data-id=\"e76b9fe\" data-element_type=\"container\" data-e-type=\"container\">\n\t\t\t\t\t<div class=\"e-con-inner\">\n\t\t<div class=\"elementor-element elementor-element-c633c95 e-con-full e-flex e-con e-child\" data-id=\"c633c95\" data-element_type=\"container\" data-e-type=\"container\">\n\t\t<div class=\"elementor-element elementor-element-f0a22fa e-con-full e-flex e-con e-child\" data-id=\"f0a22fa\" data-element_type=\"container\" data-e-type=\"container\" data-settings=\"{&quot;background_background&quot;:&quot;classic&quot;}\">\n\t\t\t\t<div class=\"elementor-element elementor-element-7e6f409 elementor-widget__width-auto elementor-widget elementor-widget-wd_text_block\" data-id=\"7e6f409\" data-element_type=\"widget\" data-e-type=\"widget\" data-widget_type=\"wd_text_block.default\">\n\t\t\t\t<div class=\"elementor-widget-container\">\n\t\t\t\t\t\t\t<div class=\"wd-text-block reset-last-child text-center color-title\">\n\t\t\t\n\t\t\t<p>1. Online al\u0131\u015fveri\u015finizi yap\u0131n<\/p>\n\t\t\t\t\t<\/div>\n\t\t\t\t\t\t<\/div>\n\t\t\t\t<\/div>\n\t\t\t\t<div class=\"elementor-element elementor-element-8bc4c60 elementor-widget elementor-widget-wd_image_or_svg\" data-id=\"8bc4c60\" data-element_type=\"widget\" data-e-type=\"widget\" data-widget_type=\"wd_image_or_svg.default\">\n\t\t\t\t<div class=\"elementor-widget-container\">\n\t\t\t\t\t\n\t\t<div class=\"wd-image text-center\">\n\t\t\t\t\t\t\t\t<img decoding=\"async\"  src=\"https:\/\/hakmarfrance.online\/wp-content\/uploads\/2024\/03\/vg-delivery-img-icon-1.svg\" title=\"vg-delivery-img-icon-1\" loading=\"lazy\" width=\"128\" height=\"128\">\t\t\t\t\t<\/div>\n\n\t\t\t\t\t\t<\/div>\n\t\t\t\t<\/div>\n\t\t\t\t<\/div>\n\t\t<div class=\"elementor-element elementor-element-9433ecc e-con-full e-flex e-con e-child\" data-id=\"9433ecc\" data-element_type=\"container\" data-e-type=\"container\" data-settings=\"{&quot;background_background&quot;:&quot;classic&quot;}\">\n\t\t\t\t<div class=\"elementor-element elementor-element-d8c9638 elementor-widget__width-auto elementor-widget elementor-widget-wd_text_block\" data-id=\"d8c9638\" data-element_type=\"widget\" data-e-type=\"widget\" data-widget_type=\"wd_text_block.default\">\n\t\t\t\t<div class=\"elementor-widget-container\">\n\t\t\t\t\t\t\t<div class=\"wd-text-block reset-last-child text-center color-title\">\n\t\t\t\n\t\t\t<p>2. Sipari\u015finizin onayland\u0131\u011f\u0131na dair bir e-posta alacaks\u0131n\u0131z.<\/p>\n\t\t\t\t\t<\/div>\n\t\t\t\t\t\t<\/div>\n\t\t\t\t<\/div>\n\t\t\t\t<div class=\"elementor-element elementor-element-294ed2c elementor-widget elementor-widget-wd_image_or_svg\" data-id=\"294ed2c\" data-element_type=\"widget\" data-e-type=\"widget\" data-widget_type=\"wd_image_or_svg.default\">\n\t\t\t\t<div class=\"elementor-widget-container\">\n\t\t\t\t\t\n\t\t<div class=\"wd-image text-center\">\n\t\t\t\t\t\t\t\t<img decoding=\"async\"  src=\"https:\/\/hakmarfrance.online\/wp-content\/uploads\/2024\/03\/vg-delivery-img-icon-2.svg\" title=\"vg-delivery-img-icon-2\" loading=\"lazy\" width=\"128\" height=\"128\">\t\t\t\t\t<\/div>\n\n\t\t\t\t\t\t<\/div>\n\t\t\t\t<\/div>\n\t\t\t\t<\/div>\n\t\t\t\t<\/div>\n\t\t<div class=\"elementor-element elementor-element-25400da e-con-full e-flex e-con e-child\" data-id=\"25400da\" data-element_type=\"container\" data-e-type=\"container\">\n\t\t<div class=\"elementor-element elementor-element-0fb5bc0 e-con-full e-flex e-con e-child\" data-id=\"0fb5bc0\" data-element_type=\"container\" data-e-type=\"container\" data-settings=\"{&quot;background_background&quot;:&quot;classic&quot;}\">\n\t\t\t\t<div class=\"elementor-element elementor-element-dee9c7e elementor-widget__width-auto elementor-widget elementor-widget-wd_text_block\" data-id=\"dee9c7e\" data-element_type=\"widget\" data-e-type=\"widget\" data-widget_type=\"wd_text_block.default\">\n\t\t\t\t<div class=\"elementor-widget-container\">\n\t\t\t\t\t\t\t<div class=\"wd-text-block reset-last-child text-center color-title\">\n\t\t\t\n\t\t\t<p>3. Sipari\u015finizin teslimat\u0131 ayn\u0131 g\u00fcn veya ertesi g\u00fcn i\u00e7in planlanacakt\u0131r.<\/p>\n\t\t\t\t\t<\/div>\n\t\t\t\t\t\t<\/div>\n\t\t\t\t<\/div>\n\t\t\t\t<div class=\"elementor-element elementor-element-e130706 elementor-widget elementor-widget-wd_image_or_svg\" data-id=\"e130706\" data-element_type=\"widget\" data-e-type=\"widget\" data-widget_type=\"wd_image_or_svg.default\">\n\t\t\t\t<div class=\"elementor-widget-container\">\n\t\t\t\t\t\n\t\t<div class=\"wd-image text-center\">\n\t\t\t\t\t\t\t\t<img decoding=\"async\"  src=\"https:\/\/hakmarfrance.online\/wp-content\/uploads\/2024\/03\/vg-delivery-img-icon-3.svg\" title=\"vg-delivery-img-icon-3\" loading=\"lazy\" width=\"128\" height=\"128\">\t\t\t\t\t<\/div>\n\n\t\t\t\t\t\t<\/div>\n\t\t\t\t<\/div>\n\t\t\t\t<\/div>\n\t\t<div class=\"elementor-element elementor-element-8c03b16 e-con-full e-flex e-con e-child\" data-id=\"8c03b16\" data-element_type=\"container\" data-e-type=\"container\" data-settings=\"{&quot;background_background&quot;:&quot;classic&quot;}\">\n\t\t\t\t<div class=\"elementor-element elementor-element-018f14d elementor-widget__width-auto elementor-widget elementor-widget-wd_text_block\" data-id=\"018f14d\" data-element_type=\"widget\" data-e-type=\"widget\" data-widget_type=\"wd_text_block.default\">\n\t\t\t\t<div class=\"elementor-widget-container\">\n\t\t\t\t\t\t\t<div class=\"wd-text-block reset-last-child text-center color-title\">\n\t\t\t\n\t\t\t<p>4. Sipari\u015fimi kontrol et<\/p>\n\t\t\t\t\t<\/div>\n\t\t\t\t\t\t<\/div>\n\t\t\t\t<\/div>\n\t\t\t\t<div class=\"elementor-element elementor-element-4814258 elementor-widget elementor-widget-wd_image_or_svg\" data-id=\"4814258\" data-element_type=\"widget\" data-e-type=\"widget\" data-widget_type=\"wd_image_or_svg.default\">\n\t\t\t\t<div class=\"elementor-widget-container\">\n\t\t\t\t\t\n\t\t<div class=\"wd-image text-center\">\n\t\t\t\t\t\t\t\t<img decoding=\"async\"  src=\"https:\/\/hakmarfrance.online\/wp-content\/uploads\/2024\/03\/vg-delivery-img-icon-4.svg\" title=\"vg-delivery-img-icon-4\" loading=\"lazy\" width=\"128\" height=\"128\">\t\t\t\t\t<\/div>\n\n\t\t\t\t\t\t<\/div>\n\t\t\t\t<\/div>\n\t\t\t\t<\/div>\n\t\t\t\t<\/div>\n\t\t\t\t\t<\/div>\n\t\t\t\t<\/div>\n\t\t\t\t<\/div>\n\t\t<div class=\"elementor-element elementor-element-61af184 e-con-full e-flex e-con e-child\" data-id=\"61af184\" data-element_type=\"container\" data-e-type=\"container\" data-settings=\"{&quot;background_background&quot;:&quot;classic&quot;}\">\n\t\t\t\t<div class=\"elementor-element elementor-element-c9545bf wd-width-100 elementor-widget elementor-widget-wd_title\" data-id=\"c9545bf\" data-element_type=\"widget\" data-e-type=\"widget\" data-widget_type=\"wd_title.default\">\n\t\t\t\t<div class=\"elementor-widget-container\">\n\t\t\t\t\t\t\t<div class=\"title-wrapper wd-set-mb reset-last-child wd-title-color-default wd-title-style-default wd-title-size-default text-left\">\n\n\t\t\t\n\t\t\t<div class=\"liner-continer\">\n\t\t\t\t<h4 class=\"woodmart-title-container title wd-fontsize-l\">Teslimat B\u00f6lgeleri<\/h4> \n\t\t\t\t\t\t\t<\/div>\n\n\t\t\t\t\t<\/div>\n\t\t\t\t\t\t<\/div>\n\t\t\t\t<\/div>\n\t\t\t\t<div class=\"elementor-element elementor-element-924d734 elementor-widget elementor-widget-wd_text_block\" data-id=\"924d734\" data-element_type=\"widget\" data-e-type=\"widget\" data-widget_type=\"wd_text_block.default\">\n\t\t\t\t<div class=\"elementor-widget-container\">\n\t\t\t\t\t\t\t<div class=\"wd-text-block reset-last-child text-left\">\n\t\t\t\n\t\t\t<p data-start=\"487\" data-end=\"567\"><strong data-start=\"517\" data-end=\"545\">Mulhouse \u00e7evresinde 60 km<\/strong> yar\u0131\u00e7ap\u0131nda teslimat yap\u0131yoruz, \u00f6zellikle \u015fu b\u00f6lgeleri kaps\u0131yor:<\/p><ul data-start=\"568\" data-end=\"675\"><li data-start=\"568\" data-end=\"578\"><p data-start=\"570\" data-end=\"578\">Mulhouse<\/p><\/li><li data-start=\"579\" data-end=\"588\"><p data-start=\"581\" data-end=\"588\">Illzach<\/p><\/li><li data-start=\"589\" data-end=\"601\"><p data-start=\"591\" data-end=\"601\">Wittenheim<\/p><\/li><li data-start=\"602\" data-end=\"611\"><p data-start=\"604\" data-end=\"611\">Rixheim<\/p><\/li><li data-start=\"612\" data-end=\"625\"><p data-start=\"614\" data-end=\"625\">Kingersheim<\/p><\/li><li data-start=\"626\" data-end=\"638\"><p data-start=\"628\" data-end=\"638\">Riedisheim<\/p><\/li><li data-start=\"639\" data-end=\"675\"><p data-start=\"641\" data-end=\"675\">ve di\u011fer kom\u015fu beldeler<\/p><\/li><\/ul><blockquote data-start=\"677\" data-end=\"776\"><p data-start=\"679\" data-end=\"776\">\ud83d\udccd Sipari\u015finizi onaylarken teslimat b\u00f6lgesinde olup olmad\u0131\u011f\u0131n\u0131z\u0131 kontrol edebilirsiniz.<\/p><\/blockquote>\n\t\t\t\t\t<\/div>\n\t\t\t\t\t\t<\/div>\n\t\t\t\t<\/div>\n\t\t\t\t<div class=\"elementor-element elementor-element-92f77ca elementor-widget elementor-widget-wd_text_block\" data-id=\"92f77ca\" data-element_type=\"widget\" data-e-type=\"widget\" data-widget_type=\"wd_text_block.default\">\n\t\t\t\t<div class=\"elementor-widget-container\">\n\t\t\t\t\t\t\t<div class=\"wd-text-block reset-last-child text-left\">\n\t\t\t\n\t\t\t<h3 data-start=\"46\" data-end=\"83\">\ud83d\udce6 Teslimat s\u00fcreleri ve g\u00fcnleri<\/h3><ul data-start=\"85\" data-end=\"208\"><li data-start=\"85\" data-end=\"146\"><p data-start=\"87\" data-end=\"146\"><strong data-start=\"87\" data-end=\"119\">Saat 16:00'dan \u00f6nce onaylanan sipari\u015fler<\/strong>: Ayn\u0131 g\u00fcn teslimat<\/p><\/li><li data-start=\"147\" data-end=\"208\"><p data-start=\"149\" data-end=\"208\"><strong data-start=\"149\" data-end=\"181\">Saat 16:00'dan sonra onaylanan sipari\u015fler<\/strong>: Ertesi g\u00fcn teslimat<\/p><\/li><\/ul><p data-start=\"210\" data-end=\"287\">\ud83d\udd52 Teslimatlar\u0131m\u0131z Pazartesi\u2019den Cuma\u2019ya kadar saat 17:00 ile 21:00 aras\u0131nda yap\u0131lmaktad\u0131r.<\/p>\n\t\t\t\t\t<\/div>\n\t\t\t\t\t\t<\/div>\n\t\t\t\t<\/div>\n\t\t\t\t<\/div>\n\t\t<div class=\"elementor-element elementor-element-733c9ae e-con-full e-flex e-con e-child\" data-id=\"733c9ae\" data-element_type=\"container\" data-e-type=\"container\" data-settings=\"{&quot;background_background&quot;:&quot;classic&quot;}\">\n\t\t\t\t<div class=\"elementor-element elementor-element-f1a462b wd-width-100 elementor-widget elementor-widget-wd_title\" data-id=\"f1a462b\" data-element_type=\"widget\" data-e-type=\"widget\" data-widget_type=\"wd_title.default\">\n\t\t\t\t<div class=\"elementor-widget-container\">\n\t\t\t\t\t\t\t<div class=\"title-wrapper wd-set-mb reset-last-child wd-title-color-default wd-title-style-default wd-title-size-default text-left\">\n\n\t\t\t\n\t\t\t<div class=\"liner-continer\">\n\t\t\t\t<h4 class=\"woodmart-title-container title wd-fontsize-l\">S\u0131k Sorulan Sorular<\/h4> \n\t\t\t\t\t\t\t<\/div>\n\n\t\t\t\t\t<\/div>\n\t\t\t\t\t\t<\/div>\n\t\t\t\t<\/div>\n\t\t\t\t<div class=\"elementor-element elementor-element-2a77651 elementor-widget elementor-widget-wd_accordion\" data-id=\"2a77651\" data-element_type=\"widget\" data-e-type=\"widget\" data-widget_type=\"wd_accordion.default\">\n\t\t\t\t<div class=\"elementor-widget-container\">\n\t\t\t\t\t\n\t\t<div class=\"wd-accordion wd-style-default wd-border-off wd-titles-left wd-opener-pos-right wd-opener-style-arrow\" data-state=\"first\">\n\t\t\t\t\t\t\t\n\t\t\t\t<div class=\"wd-accordion-item\">\n\t\t\t\t\t<div class=\"wd-accordion-title wd-role-btn wd-active\" data-accordion-index=\"0\" tabindex=\"0\">\n\t\t\t\t\t\t<div class=\"wd-accordion-title-text\">\n\t\t\t\t\t\t\t\t\t\t\t\t\t\t<span>\n\t\t\t\t\t\t\t\t Teslimat \u00fccreti ne kadar?\t\t\t\t\t\t\t<\/span>\n\t\t\t\t\t\t<\/div>\n\t\t\t\t\t\t<span class=\"wd-accordion-opener\"><\/span>\n\t\t\t\t\t<\/div>\n\n\t\t\t\t\t<div class=\"wd-accordion-content wd-entry-content wd-active\" data-accordion-index=\"0\">\n\t\t\t\t\t\t\t\t\t\t\t\t\t\n\t\t\t\t\t\t\t<p data-start=\"649\" data-end=\"677\">Teslimat ba\u015f\u0131na 5\u20ac<\/p>\n\t\t\t\t\t\t\t\t\t\t\t\t\t\t\t\t\t\t<\/div>\n\t\t\t\t<\/div>\n\t\t\t\t\t\t\t\n\t\t\t\t<div class=\"wd-accordion-item\">\n\t\t\t\t\t<div class=\"wd-accordion-title wd-role-btn\" data-accordion-index=\"1\" tabindex=\"0\">\n\t\t\t\t\t\t<div class=\"wd-accordion-title-text\">\n\t\t\t\t\t\t\t\t\t\t\t\t\t\t<span>\n\t\t\t\t\t\t\t\tMinimum al\u0131\u015fveri\u015f tutar\u0131 var m\u0131?\t\t\t\t\t\t\t<\/span>\n\t\t\t\t\t\t<\/div>\n\t\t\t\t\t\t<span class=\"wd-accordion-opener\"><\/span>\n\t\t\t\t\t<\/div>\n\n\t\t\t\t\t<div class=\"wd-accordion-content wd-entry-content\" data-accordion-index=\"1\">\n\t\t\t\t\t\t\t\t\t\t\t\t\t\n\t\t\t\t\t\t\tEvet.\nTeslimat, en az 60 \u20ac al\u0131\u015fveri\u015f tutar\u0131 ile m\u00fcmk\u00fcnd\u00fcr.\nBu tutar\u0131n alt\u0131nda sipari\u015f tamamlanamaz.\n\t\t\t\t\t\t\t\t\t\t\t\t\t\t\t\t\t\t<\/div>\n\t\t\t\t<\/div>\n\t\t\t\t\t\t\t\n\t\t\t\t<div class=\"wd-accordion-item\">\n\t\t\t\t\t<div class=\"wd-accordion-title wd-role-btn\" data-accordion-index=\"2\" tabindex=\"0\">\n\t\t\t\t\t\t<div class=\"wd-accordion-title-text\">\n\t\t\t\t\t\t\t\t\t\t\t\t\t\t<span>\n\t\t\t\t\t\t\t\tSipari\u015fimin al\u0131nd\u0131\u011f\u0131n\u0131 nas\u0131l anlayabilirim?\t\t\t\t\t\t\t<\/span>\n\t\t\t\t\t\t<\/div>\n\t\t\t\t\t\t<span class=\"wd-accordion-opener\"><\/span>\n\t\t\t\t\t<\/div>\n\n\t\t\t\t\t<div class=\"wd-accordion-content wd-entry-content\" data-accordion-index=\"2\">\n\t\t\t\t\t\t\t\t\t\t\t\t\t\n\t\t\t\t\t\t\t<p>Sipari\u015finiz onayland\u0131ktan sonra, \u00fcr\u00fcnlerinizin detaylar\u0131 ve planlanan teslimat tarihi ile birlikte <strong data-start=\"880\" data-end=\"909\">bir onay e-postas\u0131<\/strong> alacaks\u0131n\u0131z.<\/p>\n\t\t\t\t\t\t\t\t\t\t\t\t\t\t\t\t\t\t<\/div>\n\t\t\t\t<\/div>\n\t\t\t\t\t\t\t\n\t\t\t\t<div class=\"wd-accordion-item\">\n\t\t\t\t\t<div class=\"wd-accordion-title wd-role-btn\" data-accordion-index=\"3\" tabindex=\"0\">\n\t\t\t\t\t\t<div class=\"wd-accordion-title-text\">\n\t\t\t\t\t\t\t\t\t\t\t\t\t\t<span>\n\t\t\t\t\t\t\t\tTeslimat s\u0131ras\u0131nda evde de\u011filsem ne olur?\t\t\t\t\t\t\t<\/span>\n\t\t\t\t\t\t<\/div>\n\t\t\t\t\t\t<span class=\"wd-accordion-opener\"><\/span>\n\t\t\t\t\t<\/div>\n\n\t\t\t\t\t<div class=\"wd-accordion-content wd-entry-content\" data-accordion-index=\"3\">\n\t\t\t\t\t\t\t\t\t\t\t\t\t\n\t\t\t\t\t\t\t<p>Kurye sizi telefonla arayacakt\u0131r. Yeni bir teslimat saati belirleyebilir veya kom\u015funuza ya da g\u00fcvenli bir noktaya b\u0131rak\u0131lmas\u0131na izin verebilirsiniz. <\/p>\n\t\t\t\t\t\t\t\t\t\t\t\t\t\t\t\t\t\t<\/div>\n\t\t\t\t<\/div>\n\t\t\t\t\t<\/div>\n\t\t\t\t\t\t<\/div>\n\t\t\t\t<\/div>\n\t\t\t\t<\/div>\n\t\t\t\t\t<\/div>\n\t\t\t\t<\/div>\n\t\t\t\t<\/div>\n\t\t","protected":false},"excerpt":{"rendered":"<p>Hakmar France S\u00fcpermarket Teslimat\u0131 Hakmar France S\u00fcpermarket olarak, sizlere basit, h\u0131zl\u0131 ve pratik bir al\u0131\u015fveri\u015f deneyimi sunmay\u0131 \u00f6nemsiyoruz. Yerel teslimat<\/p>\n","protected":false},"author":1,"featured_media":0,"parent":0,"menu_order":0,"comment_status":"closed","ping_status":"closed","template":"","meta":{"iawp_total_views":2,"footnotes":""},"class_list":["post-17315","page","type-page","status-publish","hentry"],"yoast_head":"<!-- This site is optimized with the Yoast SEO plugin v27.3 - https:\/\/yoast.com\/product\/yoast-seo-wordpress\/ -->\n<title>Teslimat - hakmarfrance.online<\/title>\n<meta name=\"robots\" content=\"index, follow, max-snippet:-1, max-image-preview:large, max-video-preview:-1\" \/>\n<link rel=\"canonical\" href=\"https:\/\/hakmarfrance.online\/tr\/teslimat\/\" \/>\n<meta property=\"og:locale\" content=\"tr_TR\" \/>\n<meta property=\"og:type\" content=\"article\" \/>\n<meta property=\"og:title\" content=\"Teslimat - hakmarfrance.online\" \/>\n<meta property=\"og:description\" content=\"Hakmar France S\u00fcpermarket Teslimat\u0131 Hakmar France S\u00fcpermarket olarak, sizlere basit, h\u0131zl\u0131 ve pratik bir al\u0131\u015fveri\u015f deneyimi sunmay\u0131 \u00f6nemsiyoruz. Yerel teslimat\" \/>\n<meta property=\"og:url\" content=\"https:\/\/hakmarfrance.online\/tr\/teslimat\/\" \/>\n<meta property=\"og:site_name\" content=\"hakmarfrance.online\" \/>\n<meta property=\"article:publisher\" content=\"https:\/\/www.facebook.com\/HakmarFranceSupermarche\/?locale=fr_FR\" \/>\n<meta property=\"article:modified_time\" content=\"2025-11-28T10:29:35+00:00\" \/>\n<meta property=\"og:image\" content=\"https:\/\/hakmarfrance.online\/wp-content\/uploads\/2024\/03\/vg-delivery-img-icon-1.svg\" \/>\n<meta name=\"twitter:card\" content=\"summary_large_image\" \/>\n<meta name=\"twitter:label1\" content=\"Tahmini okuma s\u00fcresi\" \/>\n\t<meta name=\"twitter:data1\" content=\"1 minute\" \/>\n<script type=\"application\/ld+json\" class=\"yoast-schema-graph\">{\"@context\":\"https:\\\/\\\/schema.org\",\"@graph\":[{\"@type\":\"WebPage\",\"@id\":\"https:\\\/\\\/hakmarfrance.online\\\/tr\\\/teslimat\\\/\",\"url\":\"https:\\\/\\\/hakmarfrance.online\\\/tr\\\/teslimat\\\/\",\"name\":\"Teslimat - hakmarfrance.online\",\"isPartOf\":{\"@id\":\"https:\\\/\\\/hakmarfrance.online\\\/tr\\\/#website\"},\"primaryImageOfPage\":{\"@id\":\"https:\\\/\\\/hakmarfrance.online\\\/tr\\\/teslimat\\\/#primaryimage\"},\"image\":{\"@id\":\"https:\\\/\\\/hakmarfrance.online\\\/tr\\\/teslimat\\\/#primaryimage\"},\"thumbnailUrl\":\"https:\\\/\\\/hakmarfrance.online\\\/wp-content\\\/uploads\\\/2024\\\/03\\\/vg-delivery-img-icon-1.svg\",\"datePublished\":\"2024-03-01T12:52:44+00:00\",\"dateModified\":\"2025-11-28T10:29:35+00:00\",\"breadcrumb\":{\"@id\":\"https:\\\/\\\/hakmarfrance.online\\\/tr\\\/teslimat\\\/#breadcrumb\"},\"inLanguage\":\"tr-TR\",\"potentialAction\":[{\"@type\":\"ReadAction\",\"target\":[\"https:\\\/\\\/hakmarfrance.online\\\/tr\\\/teslimat\\\/\"]}]},{\"@type\":\"ImageObject\",\"inLanguage\":\"tr-TR\",\"@id\":\"https:\\\/\\\/hakmarfrance.online\\\/tr\\\/teslimat\\\/#primaryimage\",\"url\":\"https:\\\/\\\/hakmarfrance.online\\\/wp-content\\\/uploads\\\/2024\\\/03\\\/vg-delivery-img-icon-1.svg\",\"contentUrl\":\"https:\\\/\\\/hakmarfrance.online\\\/wp-content\\\/uploads\\\/2024\\\/03\\\/vg-delivery-img-icon-1.svg\"},{\"@type\":\"BreadcrumbList\",\"@id\":\"https:\\\/\\\/hakmarfrance.online\\\/tr\\\/teslimat\\\/#breadcrumb\",\"itemListElement\":[{\"@type\":\"ListItem\",\"position\":1,\"name\":\"Accueil\",\"item\":\"https:\\\/\\\/hakmarfrance.online\\\/tr\\\/\"},{\"@type\":\"ListItem\",\"position\":2,\"name\":\"Teslimat\"}]},{\"@type\":\"WebSite\",\"@id\":\"https:\\\/\\\/hakmarfrance.online\\\/tr\\\/#website\",\"url\":\"https:\\\/\\\/hakmarfrance.online\\\/tr\\\/\",\"name\":\"hakmarfrance.online\",\"description\":\"\",\"publisher\":{\"@id\":\"https:\\\/\\\/hakmarfrance.online\\\/tr\\\/#organization\"},\"potentialAction\":[{\"@type\":\"SearchAction\",\"target\":{\"@type\":\"EntryPoint\",\"urlTemplate\":\"https:\\\/\\\/hakmarfrance.online\\\/tr\\\/?s={search_term_string}\"},\"query-input\":{\"@type\":\"PropertyValueSpecification\",\"valueRequired\":true,\"valueName\":\"search_term_string\"}}],\"inLanguage\":\"tr-TR\"},{\"@type\":\"Organization\",\"@id\":\"https:\\\/\\\/hakmarfrance.online\\\/tr\\\/#organization\",\"name\":\"hakmarfrance.online\",\"url\":\"https:\\\/\\\/hakmarfrance.online\\\/tr\\\/\",\"logo\":{\"@type\":\"ImageObject\",\"inLanguage\":\"tr-TR\",\"@id\":\"https:\\\/\\\/hakmarfrance.online\\\/tr\\\/#\\\/schema\\\/logo\\\/image\\\/\",\"url\":\"https:\\\/\\\/hakmarfrance.online\\\/wp-content\\\/uploads\\\/2025\\\/06\\\/logo-hakmarfrance.png\",\"contentUrl\":\"https:\\\/\\\/hakmarfrance.online\\\/wp-content\\\/uploads\\\/2025\\\/06\\\/logo-hakmarfrance.png\",\"width\":528,\"height\":232,\"caption\":\"hakmarfrance.online\"},\"image\":{\"@id\":\"https:\\\/\\\/hakmarfrance.online\\\/tr\\\/#\\\/schema\\\/logo\\\/image\\\/\"},\"sameAs\":[\"https:\\\/\\\/www.facebook.com\\\/HakmarFranceSupermarche\\\/?locale=fr_FR\",\"https:\\\/\\\/www.instagram.com\\\/hakmarfrancesupermarche\\\/\"]}]}<\/script>\n<!-- \/ Yoast SEO plugin. -->","yoast_head_json":{"title":"Teslimat - hakmarfrance.online","robots":{"index":"index","follow":"follow","max-snippet":"max-snippet:-1","max-image-preview":"max-image-preview:large","max-video-preview":"max-video-preview:-1"},"canonical":"https:\/\/hakmarfrance.online\/tr\/teslimat\/","og_locale":"tr_TR","og_type":"article","og_title":"Teslimat - hakmarfrance.online","og_description":"Hakmar France S\u00fcpermarket Teslimat\u0131 Hakmar France S\u00fcpermarket olarak, sizlere basit, h\u0131zl\u0131 ve pratik bir al\u0131\u015fveri\u015f deneyimi sunmay\u0131 \u00f6nemsiyoruz. Yerel teslimat","og_url":"https:\/\/hakmarfrance.online\/tr\/teslimat\/","og_site_name":"hakmarfrance.online","article_publisher":"https:\/\/www.facebook.com\/HakmarFranceSupermarche\/?locale=fr_FR","article_modified_time":"2025-11-28T10:29:35+00:00","og_image":[{"url":"https:\/\/hakmarfrance.online\/wp-content\/uploads\/2024\/03\/vg-delivery-img-icon-1.svg","type":"","width":"","height":""}],"twitter_card":"summary_large_image","twitter_misc":{"Tahmini okuma s\u00fcresi":"1 minute"},"schema":{"@context":"https:\/\/schema.org","@graph":[{"@type":"WebPage","@id":"https:\/\/hakmarfrance.online\/tr\/teslimat\/","url":"https:\/\/hakmarfrance.online\/tr\/teslimat\/","name":"Teslimat - hakmarfrance.online","isPartOf":{"@id":"https:\/\/hakmarfrance.online\/tr\/#website"},"primaryImageOfPage":{"@id":"https:\/\/hakmarfrance.online\/tr\/teslimat\/#primaryimage"},"image":{"@id":"https:\/\/hakmarfrance.online\/tr\/teslimat\/#primaryimage"},"thumbnailUrl":"https:\/\/hakmarfrance.online\/wp-content\/uploads\/2024\/03\/vg-delivery-img-icon-1.svg","datePublished":"2024-03-01T12:52:44+00:00","dateModified":"2025-11-28T10:29:35+00:00","breadcrumb":{"@id":"https:\/\/hakmarfrance.online\/tr\/teslimat\/#breadcrumb"},"inLanguage":"tr-TR","potentialAction":[{"@type":"ReadAction","target":["https:\/\/hakmarfrance.online\/tr\/teslimat\/"]}]},{"@type":"ImageObject","inLanguage":"tr-TR","@id":"https:\/\/hakmarfrance.online\/tr\/teslimat\/#primaryimage","url":"https:\/\/hakmarfrance.online\/wp-content\/uploads\/2024\/03\/vg-delivery-img-icon-1.svg","contentUrl":"https:\/\/hakmarfrance.online\/wp-content\/uploads\/2024\/03\/vg-delivery-img-icon-1.svg"},{"@type":"BreadcrumbList","@id":"https:\/\/hakmarfrance.online\/tr\/teslimat\/#breadcrumb","itemListElement":[{"@type":"ListItem","position":1,"name":"Accueil","item":"https:\/\/hakmarfrance.online\/tr\/"},{"@type":"ListItem","position":2,"name":"Teslimat"}]},{"@type":"WebSite","@id":"https:\/\/hakmarfrance.online\/tr\/#website","url":"https:\/\/hakmarfrance.online\/tr\/","name":"hakmarfrance.online","description":"","publisher":{"@id":"https:\/\/hakmarfrance.online\/tr\/#organization"},"potentialAction":[{"@type":"SearchAction","target":{"@type":"EntryPoint","urlTemplate":"https:\/\/hakmarfrance.online\/tr\/?s={search_term_string}"},"query-input":{"@type":"PropertyValueSpecification","valueRequired":true,"valueName":"search_term_string"}}],"inLanguage":"tr-TR"},{"@type":"Organization","@id":"https:\/\/hakmarfrance.online\/tr\/#organization","name":"hakmarfrance.online","url":"https:\/\/hakmarfrance.online\/tr\/","logo":{"@type":"ImageObject","inLanguage":"tr-TR","@id":"https:\/\/hakmarfrance.online\/tr\/#\/schema\/logo\/image\/","url":"https:\/\/hakmarfrance.online\/wp-content\/uploads\/2025\/06\/logo-hakmarfrance.png","contentUrl":"https:\/\/hakmarfrance.online\/wp-content\/uploads\/2025\/06\/logo-hakmarfrance.png","width":528,"height":232,"caption":"hakmarfrance.online"},"image":{"@id":"https:\/\/hakmarfrance.online\/tr\/#\/schema\/logo\/image\/"},"sameAs":["https:\/\/www.facebook.com\/HakmarFranceSupermarche\/?locale=fr_FR","https:\/\/www.instagram.com\/hakmarfrancesupermarche\/"]}]}},"_links":{"self":[{"href":"https:\/\/hakmarfrance.online\/tr\/wp-json\/wp\/v2\/pages\/17315","targetHints":{"allow":["GET"]}}],"collection":[{"href":"https:\/\/hakmarfrance.online\/tr\/wp-json\/wp\/v2\/pages"}],"about":[{"href":"https:\/\/hakmarfrance.online\/tr\/wp-json\/wp\/v2\/types\/page"}],"author":[{"embeddable":true,"href":"https:\/\/hakmarfrance.online\/tr\/wp-json\/wp\/v2\/users\/1"}],"replies":[{"embeddable":true,"href":"https:\/\/hakmarfrance.online\/tr\/wp-json\/wp\/v2\/comments?post=17315"}],"version-history":[{"count":3,"href":"https:\/\/hakmarfrance.online\/tr\/wp-json\/wp\/v2\/pages\/17315\/revisions"}],"predecessor-version":[{"id":18610,"href":"https:\/\/hakmarfrance.online\/tr\/wp-json\/wp\/v2\/pages\/17315\/revisions\/18610"}],"wp:attachment":[{"href":"https:\/\/hakmarfrance.online\/tr\/wp-json\/wp\/v2\/media?parent=17315"}],"curies":[{"name":"wp","href":"https:\/\/api.w.org\/{rel}","templated":true}]}}