{"id":17393,"date":"2024-03-01T12:52:12","date_gmt":"2024-03-01T12:52:12","guid":{"rendered":"https:\/\/hakmarfrance.online\/biz-kimiz\/"},"modified":"2025-10-02T12:35:27","modified_gmt":"2025-10-02T12:35:27","slug":"biz-kimiz","status":"publish","type":"page","link":"https:\/\/hakmarfrance.online\/tr\/biz-kimiz\/","title":{"rendered":"Biz Kimiz"},"content":{"rendered":"\t\t<div data-elementor-type=\"wp-page\" data-elementor-id=\"17393\" class=\"elementor elementor-17393 elementor-15\">\n\t\t\t\t<div class=\"wd-negative-gap elementor-element elementor-element-5123e6c e-flex e-con-boxed e-con e-parent\" data-id=\"5123e6c\" data-element_type=\"container\" data-e-type=\"container\">\n\t\t\t\t\t<div class=\"e-con-inner\">\n\t\t<div class=\"elementor-element elementor-element-d96a18c e-con-full e-flex e-con e-child\" data-id=\"d96a18c\" data-element_type=\"container\" data-e-type=\"container\">\n\t\t\t\t<div class=\"elementor-element elementor-element-6b5e06d wd-width-100 elementor-widget elementor-widget-wd_video\" data-id=\"6b5e06d\" data-element_type=\"widget\" data-e-type=\"widget\" data-widget_type=\"wd_video.default\">\n\t\t\t\t<div class=\"elementor-widget-container\">\n\t\t\t\t\t\n\t\t<div class=\"wd-el-video wd-action-without wd-video-hosted\">\n\t\t\t\t\t\t\t<video src=\"https:\/\/hakmarfrance.online\/wp-content\/uploads\/2024\/03\/vg-about-us-vid.mp4\" playsinline loop muted autoplay poster=\"https:\/\/hakmarfrance.online\/wp-content\/uploads\/2024\/03\/vg-about-us-image-opt.jpg\"><\/video>\t\t\t\n\t\t\t\n\t\t\t\n\t\t\t\t\t<\/div>\n\t\t\t\t\t\t<\/div>\n\t\t\t\t<\/div>\n\t\t\t\t<\/div>\n\t\t<div class=\"elementor-element elementor-element-cca9ce8 e-con-full e-flex e-con e-child\" data-id=\"cca9ce8\" data-element_type=\"container\" data-e-type=\"container\">\n\t\t\t\t<div class=\"elementor-element elementor-element-df0c631 wd-width-100 elementor-widget elementor-widget-wd_title\" data-id=\"df0c631\" data-element_type=\"widget\" data-e-type=\"widget\" data-widget_type=\"wd_title.default\">\n\t\t\t\t<div class=\"elementor-widget-container\">\n\t\t\t\t\t\t\t<div class=\"title-wrapper wd-set-mb reset-last-child wd-title-color-default wd-title-style-default wd-title-size-default text-left\">\n\n\t\t\t\n\t\t\t<div class=\"liner-continer\">\n\t\t\t\t<h4 class=\"woodmart-title-container title wd-fontsize-l\">Marketimize ho\u015f geldiniz<\/h4> \n\t\t\t\t\t\t\t<\/div>\n\n\t\t\t\t\t<\/div>\n\t\t\t\t\t\t<\/div>\n\t\t\t\t<\/div>\n\t\t\t\t<div class=\"elementor-element elementor-element-c8aa6fe elementor-widget elementor-widget-wd_text_block\" data-id=\"c8aa6fe\" data-element_type=\"widget\" data-e-type=\"widget\" data-widget_type=\"wd_text_block.default\">\n\t\t\t\t<div class=\"elementor-widget-container\">\n\t\t\t\t\t\t\t<div class=\"wd-text-block reset-last-child text-left\">\n\t\t\t\n\t\t\t<p><strong data-start=\"272\" data-end=\"289\">Hakmar France Market<\/strong> sadece bir online market de\u011fil.<br data-start=\"341\" data-end=\"344\">Alsace'taki g\u00fcnl\u00fck ya\u015fam\u0131n\u0131zla <strong data-start=\"353\" data-end=\"388\">Do\u011fu lezzetleri aras\u0131nda bir k\u00f6pr\u00fc<\/strong>.<\/p><h3 data-start=\"425\" data-end=\"476\">Yerel bir marka, d\u00fcnyadan \u00fcr\u00fcnler<\/h3><p data-start=\"478\" data-end=\"749\"><strong data-start=\"485\" data-end=\"497\">Mulhouse<\/strong> merkezli marketimizde sizin i\u00e7in geni\u015f bir yelpazede <strong data-start=\"547\" data-end=\"610\">T\u00fcrk, Do\u011fu, Akdeniz ve uluslararas\u0131 \u00fcr\u00fcnler<\/strong> se\u00e7iyoruz:<br data-start=\"612\" data-end=\"615\">\ud83e\udd69 helal et, \ud83e\udd6c taze meyve &amp; sebze, \ud83e\uddc0 s\u00fct \u00fcr\u00fcnleri, \ud83e\udd6b gurme g\u0131da, \ud83c\udf6c \u015fekerlemeler, \ud83e\uddc3 i\u00e7ecekler ve \u00e7ok daha fazlas\u0131...<\/p>\n\t\t\t\t\t<\/div>\n\t\t\t\t\t\t<\/div>\n\t\t\t\t<\/div>\n\t\t\t\t<\/div>\n\t\t\t\t\t<\/div>\n\t\t\t\t<\/div>\n\t\t<div class=\"wd-negative-gap elementor-element elementor-element-f722805 e-flex e-con-boxed e-con e-parent\" data-id=\"f722805\" data-element_type=\"container\" data-e-type=\"container\">\n\t\t\t\t\t<div class=\"e-con-inner\">\n\t\t\t\t<div class=\"elementor-element elementor-element-37001e8 elementor-widget elementor-widget-wd_text_block\" data-id=\"37001e8\" data-element_type=\"widget\" data-e-type=\"widget\" data-widget_type=\"wd_text_block.default\">\n\t\t\t\t<div class=\"elementor-widget-container\">\n\t\t\t\t\t\t\t<div class=\"wd-text-block reset-last-child text-left\">\n\t\t\t\n\t\t\t<h2 data-start=\"186\" data-end=\"210\">G\u00fc\u00e7l\u00fc de\u011ferlerimiz<\/h2><p data-start=\"212\" data-end=\"304\"><strong data-start=\"272\" data-end=\"289\">Hakmar France Market<\/strong> olarak insan\u0131 i\u015fimizin merkezine koyuyoruz.<br data-start=\"284\" data-end=\"287\">\u0130nand\u0131\u011f\u0131m\u0131z de\u011ferler:<\/p><p data-start=\"306\" data-end=\"500\">\u2705 M\u00fc\u015fterilerimizle <strong data-start=\"311\" data-end=\"324\">yak\u0131n ili\u015fki<\/strong><br data-start=\"341\" data-end=\"344\">\u2705 Taze ve do\u011fu \u00fcr\u00fcnlerimizde <strong data-start=\"349\" data-end=\"360\">kalite<\/strong><br data-start=\"395\" data-end=\"398\">\u2705 Herkes i\u00e7in <strong data-start=\"402\" data-end=\"428\">uygun fiyatlar<\/strong><br data-start=\"438\" data-end=\"441\">\u2705 <strong data-start=\"446\" data-end=\"500\">G\u0131da ve k\u00fclt\u00fcrel geleneklere sayg\u0131<\/strong><\/p><hr data-start=\"502\" data-end=\"505\"><h2 data-start=\"507\" data-end=\"564\">\ud83d\udc68\u200d\ud83d\udc69\u200d\ud83d\udc67\u200d\ud83d\udc66 Sizin i\u00e7in \u00e7al\u0131\u015fan bir aile \u015firketi<\/h2><p data-start=\"566\" data-end=\"797\"><strong data-start=\"272\" data-end=\"289\">Hakmar France Market<\/strong>, Mulhouse'da do\u011fan ve basit bir misyonu olan bir aile giri\u015fimi:<br data-start=\"655\" data-end=\"658\">size en iyi do\u011fu ve T\u00fcrk \u00fcr\u00fcnlerini, <strong data-start=\"736\" data-end=\"796\">Mulhouse ve \u00e7evresine h\u0131zl\u0131 eve teslimat<\/strong> hizmetiyle sunmak.<\/p><p data-start=\"799\" data-end=\"946\">Her g\u00fcn, beklentilerinizi kar\u015f\u0131layacak <strong data-start=\"887\" data-end=\"915\">h\u0131zl\u0131, g\u00fcvenilir ve samimi<\/strong> bir hizmet sunmak i\u00e7in \u00f6zenle \u00e7al\u0131\u015f\u0131yoruz.<\/p><hr data-start=\"948\" data-end=\"951\"><h2 data-start=\"953\" data-end=\"983\">\ud83d\ude4f G\u00fcveniniz i\u00e7in te\u015fekk\u00fcrler<\/h2><p data-start=\"985\" data-end=\"1169\">Ba\u011fl\u0131l\u0131\u011f\u0131n\u0131z en b\u00fcy\u00fck gururumuz.<br data-start=\"1029\" data-end=\"1032\">Sayenizde <strong data-start=\"272\" data-end=\"289\">Hakmar France Market<\/strong>, <strong data-start=\"1089\" data-end=\"1124\">Mulhouse'da eve teslimat<\/strong> konusunda do\u011fu ve g\u00fcnl\u00fck \u00fcr\u00fcnler i\u00e7in bir referans noktas\u0131 haline geliyor.<\/p><hr data-start=\"1171\" data-end=\"1174\"><h2 data-start=\"1176\" data-end=\"1236\">\ud83d\uded2 Online al\u0131\u015fveri\u015finizi yap\u0131n, evinizde teslim al\u0131n<\/h2><p data-start=\"1237\" data-end=\"1338\"><strong data-start=\"272\" data-end=\"289\">Hakmar France Market<\/strong> ile <strong data-start=\"1264\" data-end=\"1301\">Mulhouse'da eve teslimat<\/strong> kolay, h\u0131zl\u0131 ve pratik.<\/p><p data-start=\"1340\" data-end=\"1377\">\ud83d\udc49 <a class=\"\" href=\"\/\" rel=\"noopener\" data-start=\"1343\" data-end=\"1377\">Hemen al\u0131\u015fveri\u015fe ba\u015fla<\/a><\/p>\n\t\t\t\t\t<\/div>\n\t\t\t\t\t\t<\/div>\n\t\t\t\t<\/div>\n\t\t\t\t\t<\/div>\n\t\t\t\t<\/div>\n\t\t\t\t<\/div>\n\t\t","protected":false},"excerpt":{"rendered":"<p>Marketimize ho\u015f geldiniz Hakmar France Market sadece bir online market de\u011fil.Alsace&#8217;taki g\u00fcnl\u00fck ya\u015fam\u0131n\u0131zla Do\u011fu lezzetleri aras\u0131nda bir k\u00f6pr\u00fc. Yerel bir<\/p>\n","protected":false},"author":1,"featured_media":0,"parent":0,"menu_order":0,"comment_status":"closed","ping_status":"closed","template":"","meta":{"iawp_total_views":5,"footnotes":""},"class_list":["post-17393","page","type-page","status-publish","hentry"],"yoast_head":"<!-- This site is optimized with the Yoast SEO plugin v27.3 - https:\/\/yoast.com\/product\/yoast-seo-wordpress\/ -->\n<title>Biz Kimiz - hakmarfrance.online<\/title>\n<meta name=\"robots\" content=\"index, follow, max-snippet:-1, max-image-preview:large, max-video-preview:-1\" \/>\n<link rel=\"canonical\" href=\"https:\/\/hakmarfrance.online\/tr\/biz-kimiz\/\" \/>\n<meta property=\"og:locale\" content=\"tr_TR\" \/>\n<meta property=\"og:type\" content=\"article\" \/>\n<meta property=\"og:title\" content=\"Biz Kimiz - hakmarfrance.online\" \/>\n<meta property=\"og:description\" content=\"Marketimize ho\u015f geldiniz Hakmar France Market sadece bir online market de\u011fil.Alsace&#8217;taki g\u00fcnl\u00fck ya\u015fam\u0131n\u0131zla Do\u011fu lezzetleri aras\u0131nda bir k\u00f6pr\u00fc. Yerel bir\" \/>\n<meta property=\"og:url\" content=\"https:\/\/hakmarfrance.online\/tr\/biz-kimiz\/\" \/>\n<meta property=\"og:site_name\" content=\"hakmarfrance.online\" \/>\n<meta property=\"article:publisher\" content=\"https:\/\/www.facebook.com\/HakmarFranceSupermarche\/?locale=fr_FR\" \/>\n<meta property=\"article:modified_time\" content=\"2025-10-02T12:35:27+00:00\" \/>\n<meta name=\"twitter:card\" content=\"summary_large_image\" \/>\n<meta name=\"twitter:label1\" content=\"Tahmini okuma s\u00fcresi\" \/>\n\t<meta name=\"twitter:data1\" content=\"1 minute\" \/>\n<script type=\"application\/ld+json\" class=\"yoast-schema-graph\">{\"@context\":\"https:\\\/\\\/schema.org\",\"@graph\":[{\"@type\":\"WebPage\",\"@id\":\"https:\\\/\\\/hakmarfrance.online\\\/tr\\\/biz-kimiz\\\/\",\"url\":\"https:\\\/\\\/hakmarfrance.online\\\/tr\\\/biz-kimiz\\\/\",\"name\":\"Biz Kimiz - hakmarfrance.online\",\"isPartOf\":{\"@id\":\"https:\\\/\\\/hakmarfrance.online\\\/tr\\\/#website\"},\"datePublished\":\"2024-03-01T12:52:12+00:00\",\"dateModified\":\"2025-10-02T12:35:27+00:00\",\"breadcrumb\":{\"@id\":\"https:\\\/\\\/hakmarfrance.online\\\/tr\\\/biz-kimiz\\\/#breadcrumb\"},\"inLanguage\":\"tr-TR\",\"potentialAction\":[{\"@type\":\"ReadAction\",\"target\":[\"https:\\\/\\\/hakmarfrance.online\\\/tr\\\/biz-kimiz\\\/\"]}]},{\"@type\":\"BreadcrumbList\",\"@id\":\"https:\\\/\\\/hakmarfrance.online\\\/tr\\\/biz-kimiz\\\/#breadcrumb\",\"itemListElement\":[{\"@type\":\"ListItem\",\"position\":1,\"name\":\"Accueil\",\"item\":\"https:\\\/\\\/hakmarfrance.online\\\/tr\\\/\"},{\"@type\":\"ListItem\",\"position\":2,\"name\":\"Biz Kimiz\"}]},{\"@type\":\"WebSite\",\"@id\":\"https:\\\/\\\/hakmarfrance.online\\\/tr\\\/#website\",\"url\":\"https:\\\/\\\/hakmarfrance.online\\\/tr\\\/\",\"name\":\"hakmarfrance.online\",\"description\":\"\",\"publisher\":{\"@id\":\"https:\\\/\\\/hakmarfrance.online\\\/tr\\\/#organization\"},\"potentialAction\":[{\"@type\":\"SearchAction\",\"target\":{\"@type\":\"EntryPoint\",\"urlTemplate\":\"https:\\\/\\\/hakmarfrance.online\\\/tr\\\/?s={search_term_string}\"},\"query-input\":{\"@type\":\"PropertyValueSpecification\",\"valueRequired\":true,\"valueName\":\"search_term_string\"}}],\"inLanguage\":\"tr-TR\"},{\"@type\":\"Organization\",\"@id\":\"https:\\\/\\\/hakmarfrance.online\\\/tr\\\/#organization\",\"name\":\"hakmarfrance.online\",\"url\":\"https:\\\/\\\/hakmarfrance.online\\\/tr\\\/\",\"logo\":{\"@type\":\"ImageObject\",\"inLanguage\":\"tr-TR\",\"@id\":\"https:\\\/\\\/hakmarfrance.online\\\/tr\\\/#\\\/schema\\\/logo\\\/image\\\/\",\"url\":\"https:\\\/\\\/hakmarfrance.online\\\/wp-content\\\/uploads\\\/2025\\\/06\\\/logo-hakmarfrance.png\",\"contentUrl\":\"https:\\\/\\\/hakmarfrance.online\\\/wp-content\\\/uploads\\\/2025\\\/06\\\/logo-hakmarfrance.png\",\"width\":528,\"height\":232,\"caption\":\"hakmarfrance.online\"},\"image\":{\"@id\":\"https:\\\/\\\/hakmarfrance.online\\\/tr\\\/#\\\/schema\\\/logo\\\/image\\\/\"},\"sameAs\":[\"https:\\\/\\\/www.facebook.com\\\/HakmarFranceSupermarche\\\/?locale=fr_FR\",\"https:\\\/\\\/www.instagram.com\\\/hakmarfrancesupermarche\\\/\"]}]}<\/script>\n<!-- \/ Yoast SEO plugin. -->","yoast_head_json":{"title":"Biz Kimiz - hakmarfrance.online","robots":{"index":"index","follow":"follow","max-snippet":"max-snippet:-1","max-image-preview":"max-image-preview:large","max-video-preview":"max-video-preview:-1"},"canonical":"https:\/\/hakmarfrance.online\/tr\/biz-kimiz\/","og_locale":"tr_TR","og_type":"article","og_title":"Biz Kimiz - hakmarfrance.online","og_description":"Marketimize ho\u015f geldiniz Hakmar France Market sadece bir online market de\u011fil.Alsace&#8217;taki g\u00fcnl\u00fck ya\u015fam\u0131n\u0131zla Do\u011fu lezzetleri aras\u0131nda bir k\u00f6pr\u00fc. Yerel bir","og_url":"https:\/\/hakmarfrance.online\/tr\/biz-kimiz\/","og_site_name":"hakmarfrance.online","article_publisher":"https:\/\/www.facebook.com\/HakmarFranceSupermarche\/?locale=fr_FR","article_modified_time":"2025-10-02T12:35:27+00:00","twitter_card":"summary_large_image","twitter_misc":{"Tahmini okuma s\u00fcresi":"1 minute"},"schema":{"@context":"https:\/\/schema.org","@graph":[{"@type":"WebPage","@id":"https:\/\/hakmarfrance.online\/tr\/biz-kimiz\/","url":"https:\/\/hakmarfrance.online\/tr\/biz-kimiz\/","name":"Biz Kimiz - hakmarfrance.online","isPartOf":{"@id":"https:\/\/hakmarfrance.online\/tr\/#website"},"datePublished":"2024-03-01T12:52:12+00:00","dateModified":"2025-10-02T12:35:27+00:00","breadcrumb":{"@id":"https:\/\/hakmarfrance.online\/tr\/biz-kimiz\/#breadcrumb"},"inLanguage":"tr-TR","potentialAction":[{"@type":"ReadAction","target":["https:\/\/hakmarfrance.online\/tr\/biz-kimiz\/"]}]},{"@type":"BreadcrumbList","@id":"https:\/\/hakmarfrance.online\/tr\/biz-kimiz\/#breadcrumb","itemListElement":[{"@type":"ListItem","position":1,"name":"Accueil","item":"https:\/\/hakmarfrance.online\/tr\/"},{"@type":"ListItem","position":2,"name":"Biz Kimiz"}]},{"@type":"WebSite","@id":"https:\/\/hakmarfrance.online\/tr\/#website","url":"https:\/\/hakmarfrance.online\/tr\/","name":"hakmarfrance.online","description":"","publisher":{"@id":"https:\/\/hakmarfrance.online\/tr\/#organization"},"potentialAction":[{"@type":"SearchAction","target":{"@type":"EntryPoint","urlTemplate":"https:\/\/hakmarfrance.online\/tr\/?s={search_term_string}"},"query-input":{"@type":"PropertyValueSpecification","valueRequired":true,"valueName":"search_term_string"}}],"inLanguage":"tr-TR"},{"@type":"Organization","@id":"https:\/\/hakmarfrance.online\/tr\/#organization","name":"hakmarfrance.online","url":"https:\/\/hakmarfrance.online\/tr\/","logo":{"@type":"ImageObject","inLanguage":"tr-TR","@id":"https:\/\/hakmarfrance.online\/tr\/#\/schema\/logo\/image\/","url":"https:\/\/hakmarfrance.online\/wp-content\/uploads\/2025\/06\/logo-hakmarfrance.png","contentUrl":"https:\/\/hakmarfrance.online\/wp-content\/uploads\/2025\/06\/logo-hakmarfrance.png","width":528,"height":232,"caption":"hakmarfrance.online"},"image":{"@id":"https:\/\/hakmarfrance.online\/tr\/#\/schema\/logo\/image\/"},"sameAs":["https:\/\/www.facebook.com\/HakmarFranceSupermarche\/?locale=fr_FR","https:\/\/www.instagram.com\/hakmarfrancesupermarche\/"]}]}},"_links":{"self":[{"href":"https:\/\/hakmarfrance.online\/tr\/wp-json\/wp\/v2\/pages\/17393","targetHints":{"allow":["GET"]}}],"collection":[{"href":"https:\/\/hakmarfrance.online\/tr\/wp-json\/wp\/v2\/pages"}],"about":[{"href":"https:\/\/hakmarfrance.online\/tr\/wp-json\/wp\/v2\/types\/page"}],"author":[{"embeddable":true,"href":"https:\/\/hakmarfrance.online\/tr\/wp-json\/wp\/v2\/users\/1"}],"replies":[{"embeddable":true,"href":"https:\/\/hakmarfrance.online\/tr\/wp-json\/wp\/v2\/comments?post=17393"}],"version-history":[{"count":1,"href":"https:\/\/hakmarfrance.online\/tr\/wp-json\/wp\/v2\/pages\/17393\/revisions"}],"predecessor-version":[{"id":17395,"href":"https:\/\/hakmarfrance.online\/tr\/wp-json\/wp\/v2\/pages\/17393\/revisions\/17395"}],"wp:attachment":[{"href":"https:\/\/hakmarfrance.online\/tr\/wp-json\/wp\/v2\/media?parent=17393"}],"curies":[{"name":"wp","href":"https:\/\/api.w.org\/{rel}","templated":true}]}}