{"id":17933,"date":"2025-06-19T08:09:00","date_gmt":"2025-06-19T08:09:00","guid":{"rendered":"https:\/\/hakmarfrance.online\/produit\/sohbet-biberli-hindi-salami-dilimli-helal-150g\/"},"modified":"2025-06-19T08:09:00","modified_gmt":"2025-06-19T08:09:00","slug":"sohbet-biberli-hindi-salami-dilimli-helal-150g","status":"publish","type":"product","link":"https:\/\/hakmarfrance.online\/tr\/produit\/sohbet-biberli-hindi-salami-dilimli-helal-150g\/","title":{"rendered":"Sohbet Biberli Hindi Salam\u0131 \u2013 Dilimli \u2013 Helal \u2013 150g"},"content":{"rendered":"","protected":false},"excerpt":{"rendered":"<p data-start=\"328\" data-end=\"532\">Yemeklerine <strong data-start=\"375\" data-end=\"410\">Sohbet biberli dilimli salam<\/strong> ile baharatl\u0131 bir dokunu\u015f kat. Hindi etinden haz\u0131rlanm\u0131\u015f ve k\u0131rm\u0131z\u0131 biber par\u00e7alar\u0131yla baharatland\u0131r\u0131lm\u0131\u015f, yumu\u015fakl\u0131k ve karakter aras\u0131nda dengeli bir tat sunuyor. <\/p>\n<p data-start=\"534\" data-end=\"692\">\u2714\ufe0f Sertifikal\u0131 helal \u015fark\u00fcteri<br data-start=\"564\" data-end=\"567\">\u2714\ufe0f K\u0131rm\u0131z\u0131 biberli ince hindi dilimleri<br data-start=\"613\" data-end=\"616\">\u2714\ufe0f Sandvi\u00e7ler, salatalar veya aperitifler i\u00e7in m\u00fckemmel<br data-start=\"664\" data-end=\"667\">\u2714\ufe0f Pratik paket \u2013 150g<\/p>\n<p data-start=\"694\" data-end=\"788\">G\u00fcn\u00fcn her an\u0131nda tad\u0131lmaya haz\u0131r Akdeniz lezzetlerinin patlamas\u0131!<\/p>\n","protected":false},"featured_media":17936,"comment_status":"open","ping_status":"closed","template":"","meta":{"iawp_total_views":0},"product_brand":[193],"product_cat":[286,283,227,285,225],"product_tag":[],"class_list":{"0":"post-17933","1":"product","2":"type-product","3":"status-publish","4":"has-post-thumbnail","6":"product_brand-sohbet","7":"product_cat-dogu-marketi","8":"product_cat-et-balik-sarkuteri","9":"product_cat-geleneksel-turk-urunleri","10":"product_cat-sarkuteri-urunleri-sucuk-pastirma","11":"product_cat-tum-urunlerimiz","13":"first","14":"instock","15":"shipping-taxable","16":"purchasable","17":"product-type-simple"},"yoast_head":"<!-- This site is optimized with the Yoast SEO plugin v27.3 - https:\/\/yoast.com\/product\/yoast-seo-wordpress\/ -->\n<title>Sohbet Biberli Hindi Salam\u0131 \u2013 Dilimli \u2013 Helal \u2013 150g - hakmarfrance.online<\/title>\n<meta name=\"robots\" content=\"index, follow, max-snippet:-1, max-image-preview:large, max-video-preview:-1\" \/>\n<link rel=\"canonical\" href=\"https:\/\/hakmarfrance.online\/tr\/produit\/sohbet-biberli-hindi-salami-dilimli-helal-150g\/\" \/>\n<meta property=\"og:locale\" content=\"tr_TR\" \/>\n<meta property=\"og:type\" content=\"article\" \/>\n<meta property=\"og:title\" content=\"Sohbet Biberli Hindi Salam\u0131 \u2013 Dilimli \u2013 Helal \u2013 150g - hakmarfrance.online\" \/>\n<meta property=\"og:description\" content=\"Yemeklerine Sohbet biberli dilimli salam ile baharatl\u0131 bir dokunu\u015f kat. Hindi etinden haz\u0131rlanm\u0131\u015f ve k\u0131rm\u0131z\u0131 biber par\u00e7alar\u0131yla baharatland\u0131r\u0131lm\u0131\u015f, yumu\u015fakl\u0131k ve karakter aras\u0131nda dengeli bir tat sunuyor. \u2714\ufe0f Sertifikal\u0131 helal \u015fark\u00fcteri\u2714\ufe0f K\u0131rm\u0131z\u0131 biberli ince hindi dilimleri\u2714\ufe0f Sandvi\u00e7ler, salatalar veya aperitifler i\u00e7in m\u00fckemmel\u2714\ufe0f Pratik paket \u2013 150g G\u00fcn\u00fcn her an\u0131nda tad\u0131lmaya haz\u0131r Akdeniz lezzetlerinin patlamas\u0131!\" \/>\n<meta property=\"og:url\" content=\"https:\/\/hakmarfrance.online\/tr\/produit\/sohbet-biberli-hindi-salami-dilimli-helal-150g\/\" \/>\n<meta property=\"og:site_name\" content=\"hakmarfrance.online\" \/>\n<meta property=\"article:publisher\" content=\"https:\/\/www.facebook.com\/HakmarFranceSupermarche\/?locale=fr_FR\" \/>\n<meta property=\"og:image\" content=\"https:\/\/hakmarfrance.online\/wp-content\/uploads\/2025\/06\/salam-dinde-tranche-sohbet-piment-biberli-halal.png\" \/>\n\t<meta property=\"og:image:width\" content=\"1000\" \/>\n\t<meta property=\"og:image:height\" content=\"800\" \/>\n\t<meta property=\"og:image:type\" content=\"image\/png\" \/>\n<meta name=\"twitter:card\" content=\"summary_large_image\" \/>\n<script type=\"application\/ld+json\" class=\"yoast-schema-graph\">{\"@context\":\"https:\\\/\\\/schema.org\",\"@graph\":[{\"@type\":\"WebPage\",\"@id\":\"https:\\\/\\\/hakmarfrance.online\\\/tr\\\/produit\\\/sohbet-biberli-hindi-salami-dilimli-helal-150g\\\/\",\"url\":\"https:\\\/\\\/hakmarfrance.online\\\/tr\\\/produit\\\/sohbet-biberli-hindi-salami-dilimli-helal-150g\\\/\",\"name\":\"Sohbet Biberli Hindi Salam\u0131 \u2013 Dilimli \u2013 Helal \u2013 150g - hakmarfrance.online\",\"isPartOf\":{\"@id\":\"https:\\\/\\\/hakmarfrance.online\\\/tr\\\/#website\"},\"primaryImageOfPage\":{\"@id\":\"https:\\\/\\\/hakmarfrance.online\\\/tr\\\/produit\\\/sohbet-biberli-hindi-salami-dilimli-helal-150g\\\/#primaryimage\"},\"image\":{\"@id\":\"https:\\\/\\\/hakmarfrance.online\\\/tr\\\/produit\\\/sohbet-biberli-hindi-salami-dilimli-helal-150g\\\/#primaryimage\"},\"thumbnailUrl\":\"https:\\\/\\\/hakmarfrance.online\\\/wp-content\\\/uploads\\\/2025\\\/06\\\/salam-dinde-tranche-sohbet-piment-biberli-halal.png\",\"datePublished\":\"2025-06-19T08:09:00+00:00\",\"breadcrumb\":{\"@id\":\"https:\\\/\\\/hakmarfrance.online\\\/tr\\\/produit\\\/sohbet-biberli-hindi-salami-dilimli-helal-150g\\\/#breadcrumb\"},\"inLanguage\":\"tr-TR\",\"potentialAction\":[{\"@type\":\"ReadAction\",\"target\":[\"https:\\\/\\\/hakmarfrance.online\\\/tr\\\/produit\\\/sohbet-biberli-hindi-salami-dilimli-helal-150g\\\/\"]}]},{\"@type\":\"ImageObject\",\"inLanguage\":\"tr-TR\",\"@id\":\"https:\\\/\\\/hakmarfrance.online\\\/tr\\\/produit\\\/sohbet-biberli-hindi-salami-dilimli-helal-150g\\\/#primaryimage\",\"url\":\"https:\\\/\\\/hakmarfrance.online\\\/wp-content\\\/uploads\\\/2025\\\/06\\\/salam-dinde-tranche-sohbet-piment-biberli-halal.png\",\"contentUrl\":\"https:\\\/\\\/hakmarfrance.online\\\/wp-content\\\/uploads\\\/2025\\\/06\\\/salam-dinde-tranche-sohbet-piment-biberli-halal.png\",\"width\":1000,\"height\":800},{\"@type\":\"BreadcrumbList\",\"@id\":\"https:\\\/\\\/hakmarfrance.online\\\/tr\\\/produit\\\/sohbet-biberli-hindi-salami-dilimli-helal-150g\\\/#breadcrumb\",\"itemListElement\":[{\"@type\":\"ListItem\",\"position\":1,\"name\":\"Accueil\",\"item\":\"https:\\\/\\\/hakmarfrance.online\\\/tr\\\/\"},{\"@type\":\"ListItem\",\"position\":2,\"name\":\"Ma\u011faza\",\"item\":\"https:\\\/\\\/hakmarfrance.online\\\/tr\\\/magaza\\\/\"},{\"@type\":\"ListItem\",\"position\":3,\"name\":\"Sohbet Biberli Hindi Salam\u0131 \u2013 Dilimli \u2013 Helal \u2013 150g\"}]},{\"@type\":\"WebSite\",\"@id\":\"https:\\\/\\\/hakmarfrance.online\\\/tr\\\/#website\",\"url\":\"https:\\\/\\\/hakmarfrance.online\\\/tr\\\/\",\"name\":\"hakmarfrance.online\",\"description\":\"\",\"publisher\":{\"@id\":\"https:\\\/\\\/hakmarfrance.online\\\/tr\\\/#organization\"},\"potentialAction\":[{\"@type\":\"SearchAction\",\"target\":{\"@type\":\"EntryPoint\",\"urlTemplate\":\"https:\\\/\\\/hakmarfrance.online\\\/tr\\\/?s={search_term_string}\"},\"query-input\":{\"@type\":\"PropertyValueSpecification\",\"valueRequired\":true,\"valueName\":\"search_term_string\"}}],\"inLanguage\":\"tr-TR\"},{\"@type\":\"Organization\",\"@id\":\"https:\\\/\\\/hakmarfrance.online\\\/tr\\\/#organization\",\"name\":\"hakmarfrance.online\",\"url\":\"https:\\\/\\\/hakmarfrance.online\\\/tr\\\/\",\"logo\":{\"@type\":\"ImageObject\",\"inLanguage\":\"tr-TR\",\"@id\":\"https:\\\/\\\/hakmarfrance.online\\\/tr\\\/#\\\/schema\\\/logo\\\/image\\\/\",\"url\":\"https:\\\/\\\/hakmarfrance.online\\\/wp-content\\\/uploads\\\/2025\\\/06\\\/logo-hakmarfrance.png\",\"contentUrl\":\"https:\\\/\\\/hakmarfrance.online\\\/wp-content\\\/uploads\\\/2025\\\/06\\\/logo-hakmarfrance.png\",\"width\":528,\"height\":232,\"caption\":\"hakmarfrance.online\"},\"image\":{\"@id\":\"https:\\\/\\\/hakmarfrance.online\\\/tr\\\/#\\\/schema\\\/logo\\\/image\\\/\"},\"sameAs\":[\"https:\\\/\\\/www.facebook.com\\\/HakmarFranceSupermarche\\\/?locale=fr_FR\",\"https:\\\/\\\/www.instagram.com\\\/hakmarfrancesupermarche\\\/\"]}]}<\/script>\n<!-- \/ Yoast SEO plugin. -->","yoast_head_json":{"title":"Sohbet Biberli Hindi Salam\u0131 \u2013 Dilimli \u2013 Helal \u2013 150g - hakmarfrance.online","robots":{"index":"index","follow":"follow","max-snippet":"max-snippet:-1","max-image-preview":"max-image-preview:large","max-video-preview":"max-video-preview:-1"},"canonical":"https:\/\/hakmarfrance.online\/tr\/produit\/sohbet-biberli-hindi-salami-dilimli-helal-150g\/","og_locale":"tr_TR","og_type":"article","og_title":"Sohbet Biberli Hindi Salam\u0131 \u2013 Dilimli \u2013 Helal \u2013 150g - hakmarfrance.online","og_description":"Yemeklerine Sohbet biberli dilimli salam ile baharatl\u0131 bir dokunu\u015f kat. Hindi etinden haz\u0131rlanm\u0131\u015f ve k\u0131rm\u0131z\u0131 biber par\u00e7alar\u0131yla baharatland\u0131r\u0131lm\u0131\u015f, yumu\u015fakl\u0131k ve karakter aras\u0131nda dengeli bir tat sunuyor. \u2714\ufe0f Sertifikal\u0131 helal \u015fark\u00fcteri\u2714\ufe0f K\u0131rm\u0131z\u0131 biberli ince hindi dilimleri\u2714\ufe0f Sandvi\u00e7ler, salatalar veya aperitifler i\u00e7in m\u00fckemmel\u2714\ufe0f Pratik paket \u2013 150g G\u00fcn\u00fcn her an\u0131nda tad\u0131lmaya haz\u0131r Akdeniz lezzetlerinin patlamas\u0131!","og_url":"https:\/\/hakmarfrance.online\/tr\/produit\/sohbet-biberli-hindi-salami-dilimli-helal-150g\/","og_site_name":"hakmarfrance.online","article_publisher":"https:\/\/www.facebook.com\/HakmarFranceSupermarche\/?locale=fr_FR","og_image":[{"width":1000,"height":800,"url":"https:\/\/hakmarfrance.online\/wp-content\/uploads\/2025\/06\/salam-dinde-tranche-sohbet-piment-biberli-halal.png","type":"image\/png"}],"twitter_card":"summary_large_image","schema":{"@context":"https:\/\/schema.org","@graph":[{"@type":"WebPage","@id":"https:\/\/hakmarfrance.online\/tr\/produit\/sohbet-biberli-hindi-salami-dilimli-helal-150g\/","url":"https:\/\/hakmarfrance.online\/tr\/produit\/sohbet-biberli-hindi-salami-dilimli-helal-150g\/","name":"Sohbet Biberli Hindi Salam\u0131 \u2013 Dilimli \u2013 Helal \u2013 150g - hakmarfrance.online","isPartOf":{"@id":"https:\/\/hakmarfrance.online\/tr\/#website"},"primaryImageOfPage":{"@id":"https:\/\/hakmarfrance.online\/tr\/produit\/sohbet-biberli-hindi-salami-dilimli-helal-150g\/#primaryimage"},"image":{"@id":"https:\/\/hakmarfrance.online\/tr\/produit\/sohbet-biberli-hindi-salami-dilimli-helal-150g\/#primaryimage"},"thumbnailUrl":"https:\/\/hakmarfrance.online\/wp-content\/uploads\/2025\/06\/salam-dinde-tranche-sohbet-piment-biberli-halal.png","datePublished":"2025-06-19T08:09:00+00:00","breadcrumb":{"@id":"https:\/\/hakmarfrance.online\/tr\/produit\/sohbet-biberli-hindi-salami-dilimli-helal-150g\/#breadcrumb"},"inLanguage":"tr-TR","potentialAction":[{"@type":"ReadAction","target":["https:\/\/hakmarfrance.online\/tr\/produit\/sohbet-biberli-hindi-salami-dilimli-helal-150g\/"]}]},{"@type":"ImageObject","inLanguage":"tr-TR","@id":"https:\/\/hakmarfrance.online\/tr\/produit\/sohbet-biberli-hindi-salami-dilimli-helal-150g\/#primaryimage","url":"https:\/\/hakmarfrance.online\/wp-content\/uploads\/2025\/06\/salam-dinde-tranche-sohbet-piment-biberli-halal.png","contentUrl":"https:\/\/hakmarfrance.online\/wp-content\/uploads\/2025\/06\/salam-dinde-tranche-sohbet-piment-biberli-halal.png","width":1000,"height":800},{"@type":"BreadcrumbList","@id":"https:\/\/hakmarfrance.online\/tr\/produit\/sohbet-biberli-hindi-salami-dilimli-helal-150g\/#breadcrumb","itemListElement":[{"@type":"ListItem","position":1,"name":"Accueil","item":"https:\/\/hakmarfrance.online\/tr\/"},{"@type":"ListItem","position":2,"name":"Ma\u011faza","item":"https:\/\/hakmarfrance.online\/tr\/magaza\/"},{"@type":"ListItem","position":3,"name":"Sohbet Biberli Hindi Salam\u0131 \u2013 Dilimli \u2013 Helal \u2013 150g"}]},{"@type":"WebSite","@id":"https:\/\/hakmarfrance.online\/tr\/#website","url":"https:\/\/hakmarfrance.online\/tr\/","name":"hakmarfrance.online","description":"","publisher":{"@id":"https:\/\/hakmarfrance.online\/tr\/#organization"},"potentialAction":[{"@type":"SearchAction","target":{"@type":"EntryPoint","urlTemplate":"https:\/\/hakmarfrance.online\/tr\/?s={search_term_string}"},"query-input":{"@type":"PropertyValueSpecification","valueRequired":true,"valueName":"search_term_string"}}],"inLanguage":"tr-TR"},{"@type":"Organization","@id":"https:\/\/hakmarfrance.online\/tr\/#organization","name":"hakmarfrance.online","url":"https:\/\/hakmarfrance.online\/tr\/","logo":{"@type":"ImageObject","inLanguage":"tr-TR","@id":"https:\/\/hakmarfrance.online\/tr\/#\/schema\/logo\/image\/","url":"https:\/\/hakmarfrance.online\/wp-content\/uploads\/2025\/06\/logo-hakmarfrance.png","contentUrl":"https:\/\/hakmarfrance.online\/wp-content\/uploads\/2025\/06\/logo-hakmarfrance.png","width":528,"height":232,"caption":"hakmarfrance.online"},"image":{"@id":"https:\/\/hakmarfrance.online\/tr\/#\/schema\/logo\/image\/"},"sameAs":["https:\/\/www.facebook.com\/HakmarFranceSupermarche\/?locale=fr_FR","https:\/\/www.instagram.com\/hakmarfrancesupermarche\/"]}]}},"_links":{"self":[{"href":"https:\/\/hakmarfrance.online\/tr\/wp-json\/wp\/v2\/product\/17933","targetHints":{"allow":["GET"]}}],"collection":[{"href":"https:\/\/hakmarfrance.online\/tr\/wp-json\/wp\/v2\/product"}],"about":[{"href":"https:\/\/hakmarfrance.online\/tr\/wp-json\/wp\/v2\/types\/product"}],"replies":[{"embeddable":true,"href":"https:\/\/hakmarfrance.online\/tr\/wp-json\/wp\/v2\/comments?post=17933"}],"version-history":[{"count":0,"href":"https:\/\/hakmarfrance.online\/tr\/wp-json\/wp\/v2\/product\/17933\/revisions"}],"wp:featuredmedia":[{"embeddable":true,"href":"https:\/\/hakmarfrance.online\/tr\/wp-json\/wp\/v2\/media\/17936"}],"wp:attachment":[{"href":"https:\/\/hakmarfrance.online\/tr\/wp-json\/wp\/v2\/media?parent=17933"}],"wp:term":[{"taxonomy":"product_brand","embeddable":true,"href":"https:\/\/hakmarfrance.online\/tr\/wp-json\/wp\/v2\/product_brand?post=17933"},{"taxonomy":"product_cat","embeddable":true,"href":"https:\/\/hakmarfrance.online\/tr\/wp-json\/wp\/v2\/product_cat?post=17933"},{"taxonomy":"product_tag","embeddable":true,"href":"https:\/\/hakmarfrance.online\/tr\/wp-json\/wp\/v2\/product_tag?post=17933"}],"curies":[{"name":"wp","href":"https:\/\/api.w.org\/{rel}","templated":true}]}}