{"id":17934,"date":"2025-07-04T20:56:11","date_gmt":"2025-07-04T20:56:11","guid":{"rendered":"https:\/\/hakmarfrance.online\/produit\/destop-express-kalin-soda-jeli-1-l-guclu-boru-acici\/"},"modified":"2025-07-04T20:56:11","modified_gmt":"2025-07-04T20:56:11","slug":"destop-express-kalin-soda-jeli-1-l-guclu-boru-acici","status":"publish","type":"product","link":"https:\/\/hakmarfrance.online\/tr\/produit\/destop-express-kalin-soda-jeli-1-l-guclu-boru-acici\/","title":{"rendered":"Destop Express \u2013 Kal\u0131n Soda Jeli 1 L \u2013 G\u00fc\u00e7l\u00fc Boru A\u00e7\u0131c\u0131"},"content":{"rendered":"","protected":false},"excerpt":{"rendered":"<p data-start=\"350\" data-end=\"607\"><strong data-start=\"353\" data-end=\"392\">Destop Express Kal\u0131n Soda Jeli<\/strong>, inat\u00e7\u0131 t\u0131kan\u0131kl\u0131klara kar\u015f\u0131 1 numaral\u0131 m\u00fcttefikiniz!<br data-start=\"442\" data-end=\"445\">Yo\u011fun <strong data-start=\"448\" data-end=\"470\">form\u00fcl\u00fc<\/strong>, <strong data-start=\"507\" data-end=\"524\">durgun su<\/strong> olsa bile h\u0131zla etkisini g\u00f6sterir ve t\u00fcm borular\u0131n\u0131z\u0131 a\u00e7ar: evyeler, lavabolar, du\u015flar, k\u00fcvetler&#8230;<\/p>\n<p data-start=\"609\" data-end=\"873\">\ud83d\udcaa <strong data-start=\"612\" data-end=\"670\">Ya\u011f, sa\u00e7 ve g\u0131da kal\u0131nt\u0131lar\u0131na kar\u015f\u0131 g\u00fc\u00e7l\u00fc<\/strong><br data-start=\"670\" data-end=\"673\">\ud83d\udca7 <strong data-start=\"676\" data-end=\"730\">Durgun su ve inat\u00e7\u0131 t\u0131kan\u0131kl\u0131klar i\u00e7in ideal<\/strong><br data-start=\"730\" data-end=\"733\">\ud83e\uddea <strong data-start=\"736\" data-end=\"777\">Duvarlara yap\u0131\u015fan kal\u0131n form\u00fcl<\/strong><br data-start=\"777\" data-end=\"780\">\ud83d\udec1 <strong data-start=\"783\" data-end=\"827\">Her t\u00fcrl\u00fc boru sistemiyle uyumlu<\/strong><br data-start=\"827\" data-end=\"830\">\u267b\ufe0f <strong data-start=\"833\" data-end=\"873\">\u015ei\u015fe ba\u015f\u0131na 5 kullan\u0131ma kadar<\/strong><\/p>\n<p data-start=\"875\" data-end=\"962\"><strong data-start=\"875\" data-end=\"913\">Frans\u0131zlar\u0131n en sevdi\u011fi boru a\u00e7\u0131c\u0131<\/strong>, sa\u011fl\u0131kl\u0131 ve k\u00f6t\u00fc kokusuz bir i\u00e7 mekan i\u00e7in.<\/p>\n","protected":false},"featured_media":17935,"comment_status":"open","ping_status":"closed","template":"","meta":{"iawp_total_views":0},"product_brand":[],"product_cat":[284,225],"product_tag":[],"class_list":{"0":"post-17934","1":"product","2":"type-product","3":"status-publish","4":"has-post-thumbnail","6":"product_cat-hijyen-bakim","7":"product_cat-tum-urunlerimiz","9":"first","10":"instock","11":"shipping-taxable","12":"purchasable","13":"product-type-simple"},"yoast_head":"<!-- This site is optimized with the Yoast SEO plugin v27.3 - https:\/\/yoast.com\/product\/yoast-seo-wordpress\/ -->\n<title>Destop Express \u2013 Kal\u0131n Soda Jeli 1 L \u2013 G\u00fc\u00e7l\u00fc Boru A\u00e7\u0131c\u0131 - hakmarfrance.online<\/title>\n<meta name=\"robots\" content=\"index, follow, max-snippet:-1, max-image-preview:large, max-video-preview:-1\" \/>\n<link rel=\"canonical\" href=\"https:\/\/hakmarfrance.online\/tr\/produit\/destop-express-kalin-soda-jeli-1-l-guclu-boru-acici\/\" \/>\n<meta property=\"og:locale\" content=\"tr_TR\" \/>\n<meta property=\"og:type\" content=\"article\" \/>\n<meta property=\"og:title\" content=\"Destop Express \u2013 Kal\u0131n Soda Jeli 1 L \u2013 G\u00fc\u00e7l\u00fc Boru A\u00e7\u0131c\u0131 - hakmarfrance.online\" \/>\n<meta property=\"og:description\" content=\"Destop Express Kal\u0131n Soda Jeli, inat\u00e7\u0131 t\u0131kan\u0131kl\u0131klara kar\u015f\u0131 1 numaral\u0131 m\u00fcttefikiniz!Yo\u011fun form\u00fcl\u00fc, durgun su olsa bile h\u0131zla etkisini g\u00f6sterir ve t\u00fcm borular\u0131n\u0131z\u0131 a\u00e7ar: evyeler, lavabolar, du\u015flar, k\u00fcvetler... \ud83d\udcaa Ya\u011f, sa\u00e7 ve g\u0131da kal\u0131nt\u0131lar\u0131na kar\u015f\u0131 g\u00fc\u00e7l\u00fc\ud83d\udca7 Durgun su ve inat\u00e7\u0131 t\u0131kan\u0131kl\u0131klar i\u00e7in ideal\ud83e\uddea Duvarlara yap\u0131\u015fan kal\u0131n form\u00fcl\ud83d\udec1 Her t\u00fcrl\u00fc boru sistemiyle uyumlu\u267b\ufe0f \u015ei\u015fe ba\u015f\u0131na 5 kullan\u0131ma kadar Frans\u0131zlar\u0131n en sevdi\u011fi boru a\u00e7\u0131c\u0131, sa\u011fl\u0131kl\u0131 ve k\u00f6t\u00fc kokusuz bir i\u00e7 mekan i\u00e7in.\" \/>\n<meta property=\"og:url\" content=\"https:\/\/hakmarfrance.online\/tr\/produit\/destop-express-kalin-soda-jeli-1-l-guclu-boru-acici\/\" \/>\n<meta property=\"og:site_name\" content=\"hakmarfrance.online\" \/>\n<meta property=\"article:publisher\" content=\"https:\/\/www.facebook.com\/HakmarFranceSupermarche\/?locale=fr_FR\" \/>\n<meta property=\"og:image\" content=\"https:\/\/hakmarfrance.online\/wp-content\/uploads\/2025\/07\/destop-express-gel-epaix-soude.avif\" \/>\n\t<meta property=\"og:image:width\" content=\"1000\" \/>\n\t<meta property=\"og:image:height\" content=\"800\" \/>\n\t<meta property=\"og:image:type\" content=\"image\/png\" \/>\n<meta name=\"twitter:card\" content=\"summary_large_image\" \/>\n<script type=\"application\/ld+json\" class=\"yoast-schema-graph\">{\"@context\":\"https:\\\/\\\/schema.org\",\"@graph\":[{\"@type\":\"WebPage\",\"@id\":\"https:\\\/\\\/hakmarfrance.online\\\/tr\\\/produit\\\/destop-express-kalin-soda-jeli-1-l-guclu-boru-acici\\\/\",\"url\":\"https:\\\/\\\/hakmarfrance.online\\\/tr\\\/produit\\\/destop-express-kalin-soda-jeli-1-l-guclu-boru-acici\\\/\",\"name\":\"Destop Express \u2013 Kal\u0131n Soda Jeli 1 L \u2013 G\u00fc\u00e7l\u00fc Boru A\u00e7\u0131c\u0131 - hakmarfrance.online\",\"isPartOf\":{\"@id\":\"https:\\\/\\\/hakmarfrance.online\\\/tr\\\/#website\"},\"primaryImageOfPage\":{\"@id\":\"https:\\\/\\\/hakmarfrance.online\\\/tr\\\/produit\\\/destop-express-kalin-soda-jeli-1-l-guclu-boru-acici\\\/#primaryimage\"},\"image\":{\"@id\":\"https:\\\/\\\/hakmarfrance.online\\\/tr\\\/produit\\\/destop-express-kalin-soda-jeli-1-l-guclu-boru-acici\\\/#primaryimage\"},\"thumbnailUrl\":\"https:\\\/\\\/hakmarfrance.online\\\/wp-content\\\/uploads\\\/2025\\\/07\\\/destop-express-gel-epaix-soude.avif\",\"datePublished\":\"2025-07-04T20:56:11+00:00\",\"breadcrumb\":{\"@id\":\"https:\\\/\\\/hakmarfrance.online\\\/tr\\\/produit\\\/destop-express-kalin-soda-jeli-1-l-guclu-boru-acici\\\/#breadcrumb\"},\"inLanguage\":\"tr-TR\",\"potentialAction\":[{\"@type\":\"ReadAction\",\"target\":[\"https:\\\/\\\/hakmarfrance.online\\\/tr\\\/produit\\\/destop-express-kalin-soda-jeli-1-l-guclu-boru-acici\\\/\"]}]},{\"@type\":\"ImageObject\",\"inLanguage\":\"tr-TR\",\"@id\":\"https:\\\/\\\/hakmarfrance.online\\\/tr\\\/produit\\\/destop-express-kalin-soda-jeli-1-l-guclu-boru-acici\\\/#primaryimage\",\"url\":\"https:\\\/\\\/hakmarfrance.online\\\/wp-content\\\/uploads\\\/2025\\\/07\\\/destop-express-gel-epaix-soude.avif\",\"contentUrl\":\"https:\\\/\\\/hakmarfrance.online\\\/wp-content\\\/uploads\\\/2025\\\/07\\\/destop-express-gel-epaix-soude.avif\",\"width\":1000,\"height\":800,\"caption\":\"Destop Express Kal\u0131n Jel \u2013 Soda ile etkili boru a\u00e7\u0131c\u0131, durgun su i\u00e7in ideal\"},{\"@type\":\"BreadcrumbList\",\"@id\":\"https:\\\/\\\/hakmarfrance.online\\\/tr\\\/produit\\\/destop-express-kalin-soda-jeli-1-l-guclu-boru-acici\\\/#breadcrumb\",\"itemListElement\":[{\"@type\":\"ListItem\",\"position\":1,\"name\":\"Accueil\",\"item\":\"https:\\\/\\\/hakmarfrance.online\\\/tr\\\/\"},{\"@type\":\"ListItem\",\"position\":2,\"name\":\"Ma\u011faza\",\"item\":\"https:\\\/\\\/hakmarfrance.online\\\/tr\\\/magaza\\\/\"},{\"@type\":\"ListItem\",\"position\":3,\"name\":\"Destop Express \u2013 Kal\u0131n Soda Jeli 1 L \u2013 G\u00fc\u00e7l\u00fc Boru A\u00e7\u0131c\u0131\"}]},{\"@type\":\"WebSite\",\"@id\":\"https:\\\/\\\/hakmarfrance.online\\\/tr\\\/#website\",\"url\":\"https:\\\/\\\/hakmarfrance.online\\\/tr\\\/\",\"name\":\"hakmarfrance.online\",\"description\":\"\",\"publisher\":{\"@id\":\"https:\\\/\\\/hakmarfrance.online\\\/tr\\\/#organization\"},\"potentialAction\":[{\"@type\":\"SearchAction\",\"target\":{\"@type\":\"EntryPoint\",\"urlTemplate\":\"https:\\\/\\\/hakmarfrance.online\\\/tr\\\/?s={search_term_string}\"},\"query-input\":{\"@type\":\"PropertyValueSpecification\",\"valueRequired\":true,\"valueName\":\"search_term_string\"}}],\"inLanguage\":\"tr-TR\"},{\"@type\":\"Organization\",\"@id\":\"https:\\\/\\\/hakmarfrance.online\\\/tr\\\/#organization\",\"name\":\"hakmarfrance.online\",\"url\":\"https:\\\/\\\/hakmarfrance.online\\\/tr\\\/\",\"logo\":{\"@type\":\"ImageObject\",\"inLanguage\":\"tr-TR\",\"@id\":\"https:\\\/\\\/hakmarfrance.online\\\/tr\\\/#\\\/schema\\\/logo\\\/image\\\/\",\"url\":\"https:\\\/\\\/hakmarfrance.online\\\/wp-content\\\/uploads\\\/2025\\\/06\\\/logo-hakmarfrance.png\",\"contentUrl\":\"https:\\\/\\\/hakmarfrance.online\\\/wp-content\\\/uploads\\\/2025\\\/06\\\/logo-hakmarfrance.png\",\"width\":528,\"height\":232,\"caption\":\"hakmarfrance.online\"},\"image\":{\"@id\":\"https:\\\/\\\/hakmarfrance.online\\\/tr\\\/#\\\/schema\\\/logo\\\/image\\\/\"},\"sameAs\":[\"https:\\\/\\\/www.facebook.com\\\/HakmarFranceSupermarche\\\/?locale=fr_FR\",\"https:\\\/\\\/www.instagram.com\\\/hakmarfrancesupermarche\\\/\"]}]}<\/script>\n<!-- \/ Yoast SEO plugin. -->","yoast_head_json":{"title":"Destop Express \u2013 Kal\u0131n Soda Jeli 1 L \u2013 G\u00fc\u00e7l\u00fc Boru A\u00e7\u0131c\u0131 - hakmarfrance.online","robots":{"index":"index","follow":"follow","max-snippet":"max-snippet:-1","max-image-preview":"max-image-preview:large","max-video-preview":"max-video-preview:-1"},"canonical":"https:\/\/hakmarfrance.online\/tr\/produit\/destop-express-kalin-soda-jeli-1-l-guclu-boru-acici\/","og_locale":"tr_TR","og_type":"article","og_title":"Destop Express \u2013 Kal\u0131n Soda Jeli 1 L \u2013 G\u00fc\u00e7l\u00fc Boru A\u00e7\u0131c\u0131 - hakmarfrance.online","og_description":"Destop Express Kal\u0131n Soda Jeli, inat\u00e7\u0131 t\u0131kan\u0131kl\u0131klara kar\u015f\u0131 1 numaral\u0131 m\u00fcttefikiniz!Yo\u011fun form\u00fcl\u00fc, durgun su olsa bile h\u0131zla etkisini g\u00f6sterir ve t\u00fcm borular\u0131n\u0131z\u0131 a\u00e7ar: evyeler, lavabolar, du\u015flar, k\u00fcvetler... \ud83d\udcaa Ya\u011f, sa\u00e7 ve g\u0131da kal\u0131nt\u0131lar\u0131na kar\u015f\u0131 g\u00fc\u00e7l\u00fc\ud83d\udca7 Durgun su ve inat\u00e7\u0131 t\u0131kan\u0131kl\u0131klar i\u00e7in ideal\ud83e\uddea Duvarlara yap\u0131\u015fan kal\u0131n form\u00fcl\ud83d\udec1 Her t\u00fcrl\u00fc boru sistemiyle uyumlu\u267b\ufe0f \u015ei\u015fe ba\u015f\u0131na 5 kullan\u0131ma kadar Frans\u0131zlar\u0131n en sevdi\u011fi boru a\u00e7\u0131c\u0131, sa\u011fl\u0131kl\u0131 ve k\u00f6t\u00fc kokusuz bir i\u00e7 mekan i\u00e7in.","og_url":"https:\/\/hakmarfrance.online\/tr\/produit\/destop-express-kalin-soda-jeli-1-l-guclu-boru-acici\/","og_site_name":"hakmarfrance.online","article_publisher":"https:\/\/www.facebook.com\/HakmarFranceSupermarche\/?locale=fr_FR","og_image":[{"width":1000,"height":800,"url":"https:\/\/hakmarfrance.online\/wp-content\/uploads\/2025\/07\/destop-express-gel-epaix-soude.avif","type":"image\/png"}],"twitter_card":"summary_large_image","schema":{"@context":"https:\/\/schema.org","@graph":[{"@type":"WebPage","@id":"https:\/\/hakmarfrance.online\/tr\/produit\/destop-express-kalin-soda-jeli-1-l-guclu-boru-acici\/","url":"https:\/\/hakmarfrance.online\/tr\/produit\/destop-express-kalin-soda-jeli-1-l-guclu-boru-acici\/","name":"Destop Express \u2013 Kal\u0131n Soda Jeli 1 L \u2013 G\u00fc\u00e7l\u00fc Boru A\u00e7\u0131c\u0131 - hakmarfrance.online","isPartOf":{"@id":"https:\/\/hakmarfrance.online\/tr\/#website"},"primaryImageOfPage":{"@id":"https:\/\/hakmarfrance.online\/tr\/produit\/destop-express-kalin-soda-jeli-1-l-guclu-boru-acici\/#primaryimage"},"image":{"@id":"https:\/\/hakmarfrance.online\/tr\/produit\/destop-express-kalin-soda-jeli-1-l-guclu-boru-acici\/#primaryimage"},"thumbnailUrl":"https:\/\/hakmarfrance.online\/wp-content\/uploads\/2025\/07\/destop-express-gel-epaix-soude.avif","datePublished":"2025-07-04T20:56:11+00:00","breadcrumb":{"@id":"https:\/\/hakmarfrance.online\/tr\/produit\/destop-express-kalin-soda-jeli-1-l-guclu-boru-acici\/#breadcrumb"},"inLanguage":"tr-TR","potentialAction":[{"@type":"ReadAction","target":["https:\/\/hakmarfrance.online\/tr\/produit\/destop-express-kalin-soda-jeli-1-l-guclu-boru-acici\/"]}]},{"@type":"ImageObject","inLanguage":"tr-TR","@id":"https:\/\/hakmarfrance.online\/tr\/produit\/destop-express-kalin-soda-jeli-1-l-guclu-boru-acici\/#primaryimage","url":"https:\/\/hakmarfrance.online\/wp-content\/uploads\/2025\/07\/destop-express-gel-epaix-soude.avif","contentUrl":"https:\/\/hakmarfrance.online\/wp-content\/uploads\/2025\/07\/destop-express-gel-epaix-soude.avif","width":1000,"height":800,"caption":"Destop Express Kal\u0131n Jel \u2013 Soda ile etkili boru a\u00e7\u0131c\u0131, durgun su i\u00e7in ideal"},{"@type":"BreadcrumbList","@id":"https:\/\/hakmarfrance.online\/tr\/produit\/destop-express-kalin-soda-jeli-1-l-guclu-boru-acici\/#breadcrumb","itemListElement":[{"@type":"ListItem","position":1,"name":"Accueil","item":"https:\/\/hakmarfrance.online\/tr\/"},{"@type":"ListItem","position":2,"name":"Ma\u011faza","item":"https:\/\/hakmarfrance.online\/tr\/magaza\/"},{"@type":"ListItem","position":3,"name":"Destop Express \u2013 Kal\u0131n Soda Jeli 1 L \u2013 G\u00fc\u00e7l\u00fc Boru A\u00e7\u0131c\u0131"}]},{"@type":"WebSite","@id":"https:\/\/hakmarfrance.online\/tr\/#website","url":"https:\/\/hakmarfrance.online\/tr\/","name":"hakmarfrance.online","description":"","publisher":{"@id":"https:\/\/hakmarfrance.online\/tr\/#organization"},"potentialAction":[{"@type":"SearchAction","target":{"@type":"EntryPoint","urlTemplate":"https:\/\/hakmarfrance.online\/tr\/?s={search_term_string}"},"query-input":{"@type":"PropertyValueSpecification","valueRequired":true,"valueName":"search_term_string"}}],"inLanguage":"tr-TR"},{"@type":"Organization","@id":"https:\/\/hakmarfrance.online\/tr\/#organization","name":"hakmarfrance.online","url":"https:\/\/hakmarfrance.online\/tr\/","logo":{"@type":"ImageObject","inLanguage":"tr-TR","@id":"https:\/\/hakmarfrance.online\/tr\/#\/schema\/logo\/image\/","url":"https:\/\/hakmarfrance.online\/wp-content\/uploads\/2025\/06\/logo-hakmarfrance.png","contentUrl":"https:\/\/hakmarfrance.online\/wp-content\/uploads\/2025\/06\/logo-hakmarfrance.png","width":528,"height":232,"caption":"hakmarfrance.online"},"image":{"@id":"https:\/\/hakmarfrance.online\/tr\/#\/schema\/logo\/image\/"},"sameAs":["https:\/\/www.facebook.com\/HakmarFranceSupermarche\/?locale=fr_FR","https:\/\/www.instagram.com\/hakmarfrancesupermarche\/"]}]}},"_links":{"self":[{"href":"https:\/\/hakmarfrance.online\/tr\/wp-json\/wp\/v2\/product\/17934","targetHints":{"allow":["GET"]}}],"collection":[{"href":"https:\/\/hakmarfrance.online\/tr\/wp-json\/wp\/v2\/product"}],"about":[{"href":"https:\/\/hakmarfrance.online\/tr\/wp-json\/wp\/v2\/types\/product"}],"replies":[{"embeddable":true,"href":"https:\/\/hakmarfrance.online\/tr\/wp-json\/wp\/v2\/comments?post=17934"}],"version-history":[{"count":0,"href":"https:\/\/hakmarfrance.online\/tr\/wp-json\/wp\/v2\/product\/17934\/revisions"}],"wp:featuredmedia":[{"embeddable":true,"href":"https:\/\/hakmarfrance.online\/tr\/wp-json\/wp\/v2\/media\/17935"}],"wp:attachment":[{"href":"https:\/\/hakmarfrance.online\/tr\/wp-json\/wp\/v2\/media?parent=17934"}],"wp:term":[{"taxonomy":"product_brand","embeddable":true,"href":"https:\/\/hakmarfrance.online\/tr\/wp-json\/wp\/v2\/product_brand?post=17934"},{"taxonomy":"product_cat","embeddable":true,"href":"https:\/\/hakmarfrance.online\/tr\/wp-json\/wp\/v2\/product_cat?post=17934"},{"taxonomy":"product_tag","embeddable":true,"href":"https:\/\/hakmarfrance.online\/tr\/wp-json\/wp\/v2\/product_tag?post=17934"}],"curies":[{"name":"wp","href":"https:\/\/api.w.org\/{rel}","templated":true}]}}