{"id":17937,"date":"2025-07-04T20:56:11","date_gmt":"2025-07-04T20:56:11","guid":{"rendered":"https:\/\/hakmarfrance.online\/produit\/yumos-sprey-tekstil-ev-amber-amber-oda-spreyi-500-ml\/"},"modified":"2025-07-04T20:56:11","modified_gmt":"2025-07-04T20:56:11","slug":"yumos-sprey-tekstil-ev-amber-amber-oda-spreyi-500-ml","status":"publish","type":"product","link":"https:\/\/hakmarfrance.online\/tr\/produit\/yumos-sprey-tekstil-ev-amber-amber-oda-spreyi-500-ml\/","title":{"rendered":"Yumo\u015f Sprey Tekstil &amp; Ev Amber &#8211; Amber Oda Spreyi 500 ml"},"content":{"rendered":"","protected":false},"excerpt":{"rendered":"<p data-start=\"320\" data-end=\"483\"><strong data-start=\"390\" data-end=\"419\">Yumo\u015f Amber tekstil spreyi<\/strong> ile evinize s\u0131cak ve \u015f\u0131k bir atmosfer kat\u0131n. Yo\u011fun ve odunsu amber kokusuyla zenginle\u015ftirilmi\u015f bir oda spreyi.<\/p>\n<p data-start=\"485\" data-end=\"621\">G\u00fcnl\u00fck kuma\u015flar\u0131n\u0131z\u0131 \u0131slatmadan veya lekelemeden tazelemek i\u00e7in tasarlanm\u0131\u015ft\u0131r:<br data-start=\"564\" data-end=\"567\">koltuklar, hal\u0131lar, perdeler, giysiler, ev tekstili&#8230;<\/p>\n<p data-start=\"623\" data-end=\"782\">\ud83d\udd25 <strong data-start=\"626\" data-end=\"667\">Derin ve sarmalay\u0131c\u0131 amber kokusu<\/strong><br data-start=\"667\" data-end=\"670\">\ud83e\uddfa <strong data-start=\"673\" data-end=\"719\">Y\u0131kamas\u0131 zor kuma\u015flar i\u00e7in ideal<\/strong><br data-start=\"719\" data-end=\"722\">\ud83d\udca8 <strong data-start=\"725\" data-end=\"754\">\u0130z b\u0131rakmadan h\u0131zl\u0131 kuruma<\/strong><br data-start=\"754\" data-end=\"757\">\u23f3 <strong data-start=\"759\" data-end=\"782\">Uzun s\u00fcre kal\u0131c\u0131 koku<\/strong><\/p>\n<p data-start=\"784\" data-end=\"852\"><strong data-start=\"784\" data-end=\"852\">Her oday\u0131 konforlu ve karakterli bir yuvaya d\u00f6n\u00fc\u015ft\u00fcr\u00fcn.<\/strong><\/p>\n","protected":false},"featured_media":17939,"comment_status":"open","ping_status":"closed","template":"","meta":{"iawp_total_views":0},"product_brand":[203],"product_cat":[284,225],"product_tag":[],"class_list":{"0":"post-17937","1":"product","2":"type-product","3":"status-publish","4":"has-post-thumbnail","6":"product_brand-yumos","7":"product_cat-hijyen-bakim","8":"product_cat-tum-urunlerimiz","10":"first","11":"instock","12":"shipping-taxable","13":"purchasable","14":"product-type-simple"},"yoast_head":"<!-- This site is optimized with the Yoast SEO plugin v27.3 - https:\/\/yoast.com\/product\/yoast-seo-wordpress\/ -->\n<title>Yumo\u015f Sprey Tekstil &amp; Ev Amber - Amber Oda Spreyi 500 ml - hakmarfrance.online<\/title>\n<meta name=\"robots\" content=\"index, follow, max-snippet:-1, max-image-preview:large, max-video-preview:-1\" \/>\n<link rel=\"canonical\" href=\"https:\/\/hakmarfrance.online\/tr\/produit\/yumos-sprey-tekstil-ev-amber-amber-oda-spreyi-500-ml\/\" \/>\n<meta property=\"og:locale\" content=\"tr_TR\" \/>\n<meta property=\"og:type\" content=\"article\" \/>\n<meta property=\"og:title\" content=\"Yumo\u015f Sprey Tekstil &amp; Ev Amber - Amber Oda Spreyi 500 ml - hakmarfrance.online\" \/>\n<meta property=\"og:description\" content=\"Yumo\u015f Amber tekstil spreyi ile evinize s\u0131cak ve \u015f\u0131k bir atmosfer kat\u0131n. Yo\u011fun ve odunsu amber kokusuyla zenginle\u015ftirilmi\u015f bir oda spreyi. G\u00fcnl\u00fck kuma\u015flar\u0131n\u0131z\u0131 \u0131slatmadan veya lekelemeden tazelemek i\u00e7in tasarlanm\u0131\u015ft\u0131r:koltuklar, hal\u0131lar, perdeler, giysiler, ev tekstili... \ud83d\udd25 Derin ve sarmalay\u0131c\u0131 amber kokusu\ud83e\uddfa Y\u0131kamas\u0131 zor kuma\u015flar i\u00e7in ideal\ud83d\udca8 \u0130z b\u0131rakmadan h\u0131zl\u0131 kuruma\u23f3 Uzun s\u00fcre kal\u0131c\u0131 koku Her oday\u0131 konforlu ve karakterli bir yuvaya d\u00f6n\u00fc\u015ft\u00fcr\u00fcn.\" \/>\n<meta property=\"og:url\" content=\"https:\/\/hakmarfrance.online\/tr\/produit\/yumos-sprey-tekstil-ev-amber-amber-oda-spreyi-500-ml\/\" \/>\n<meta property=\"og:site_name\" content=\"hakmarfrance.online\" \/>\n<meta property=\"article:publisher\" content=\"https:\/\/www.facebook.com\/HakmarFranceSupermarche\/?locale=fr_FR\" \/>\n<meta property=\"og:image\" content=\"https:\/\/hakmarfrance.online\/wp-content\/uploads\/2025\/07\/yumos-spray-textile-amber.avif\" \/>\n\t<meta property=\"og:image:width\" content=\"1000\" \/>\n\t<meta property=\"og:image:height\" content=\"800\" \/>\n\t<meta property=\"og:image:type\" content=\"image\/png\" \/>\n<meta name=\"twitter:card\" content=\"summary_large_image\" \/>\n<script type=\"application\/ld+json\" class=\"yoast-schema-graph\">{\"@context\":\"https:\\\/\\\/schema.org\",\"@graph\":[{\"@type\":\"WebPage\",\"@id\":\"https:\\\/\\\/hakmarfrance.online\\\/tr\\\/produit\\\/yumos-sprey-tekstil-ev-amber-amber-oda-spreyi-500-ml\\\/\",\"url\":\"https:\\\/\\\/hakmarfrance.online\\\/tr\\\/produit\\\/yumos-sprey-tekstil-ev-amber-amber-oda-spreyi-500-ml\\\/\",\"name\":\"Yumo\u015f Sprey Tekstil &amp; Ev Amber - Amber Oda Spreyi 500 ml - hakmarfrance.online\",\"isPartOf\":{\"@id\":\"https:\\\/\\\/hakmarfrance.online\\\/tr\\\/#website\"},\"primaryImageOfPage\":{\"@id\":\"https:\\\/\\\/hakmarfrance.online\\\/tr\\\/produit\\\/yumos-sprey-tekstil-ev-amber-amber-oda-spreyi-500-ml\\\/#primaryimage\"},\"image\":{\"@id\":\"https:\\\/\\\/hakmarfrance.online\\\/tr\\\/produit\\\/yumos-sprey-tekstil-ev-amber-amber-oda-spreyi-500-ml\\\/#primaryimage\"},\"thumbnailUrl\":\"https:\\\/\\\/hakmarfrance.online\\\/wp-content\\\/uploads\\\/2025\\\/07\\\/yumos-spray-textile-amber.avif\",\"datePublished\":\"2025-07-04T20:56:11+00:00\",\"breadcrumb\":{\"@id\":\"https:\\\/\\\/hakmarfrance.online\\\/tr\\\/produit\\\/yumos-sprey-tekstil-ev-amber-amber-oda-spreyi-500-ml\\\/#breadcrumb\"},\"inLanguage\":\"tr-TR\",\"potentialAction\":[{\"@type\":\"ReadAction\",\"target\":[\"https:\\\/\\\/hakmarfrance.online\\\/tr\\\/produit\\\/yumos-sprey-tekstil-ev-amber-amber-oda-spreyi-500-ml\\\/\"]}]},{\"@type\":\"ImageObject\",\"inLanguage\":\"tr-TR\",\"@id\":\"https:\\\/\\\/hakmarfrance.online\\\/tr\\\/produit\\\/yumos-sprey-tekstil-ev-amber-amber-oda-spreyi-500-ml\\\/#primaryimage\",\"url\":\"https:\\\/\\\/hakmarfrance.online\\\/wp-content\\\/uploads\\\/2025\\\/07\\\/yumos-spray-textile-amber.avif\",\"contentUrl\":\"https:\\\/\\\/hakmarfrance.online\\\/wp-content\\\/uploads\\\/2025\\\/07\\\/yumos-spray-textile-amber.avif\",\"width\":1000,\"height\":800,\"caption\":\"Yumo\u015f Amber Tekstil Spreyi - \u015e\u0131k ve kal\u0131c\u0131 tazelik i\u00e7in s\u0131cak amber kokusu\"},{\"@type\":\"BreadcrumbList\",\"@id\":\"https:\\\/\\\/hakmarfrance.online\\\/tr\\\/produit\\\/yumos-sprey-tekstil-ev-amber-amber-oda-spreyi-500-ml\\\/#breadcrumb\",\"itemListElement\":[{\"@type\":\"ListItem\",\"position\":1,\"name\":\"Accueil\",\"item\":\"https:\\\/\\\/hakmarfrance.online\\\/tr\\\/\"},{\"@type\":\"ListItem\",\"position\":2,\"name\":\"Ma\u011faza\",\"item\":\"https:\\\/\\\/hakmarfrance.online\\\/tr\\\/magaza\\\/\"},{\"@type\":\"ListItem\",\"position\":3,\"name\":\"Yumo\u015f Sprey Tekstil &amp; Ev Amber &#8211; Amber Oda Spreyi 500 ml\"}]},{\"@type\":\"WebSite\",\"@id\":\"https:\\\/\\\/hakmarfrance.online\\\/tr\\\/#website\",\"url\":\"https:\\\/\\\/hakmarfrance.online\\\/tr\\\/\",\"name\":\"hakmarfrance.online\",\"description\":\"\",\"publisher\":{\"@id\":\"https:\\\/\\\/hakmarfrance.online\\\/tr\\\/#organization\"},\"potentialAction\":[{\"@type\":\"SearchAction\",\"target\":{\"@type\":\"EntryPoint\",\"urlTemplate\":\"https:\\\/\\\/hakmarfrance.online\\\/tr\\\/?s={search_term_string}\"},\"query-input\":{\"@type\":\"PropertyValueSpecification\",\"valueRequired\":true,\"valueName\":\"search_term_string\"}}],\"inLanguage\":\"tr-TR\"},{\"@type\":\"Organization\",\"@id\":\"https:\\\/\\\/hakmarfrance.online\\\/tr\\\/#organization\",\"name\":\"hakmarfrance.online\",\"url\":\"https:\\\/\\\/hakmarfrance.online\\\/tr\\\/\",\"logo\":{\"@type\":\"ImageObject\",\"inLanguage\":\"tr-TR\",\"@id\":\"https:\\\/\\\/hakmarfrance.online\\\/tr\\\/#\\\/schema\\\/logo\\\/image\\\/\",\"url\":\"https:\\\/\\\/hakmarfrance.online\\\/wp-content\\\/uploads\\\/2025\\\/06\\\/logo-hakmarfrance.png\",\"contentUrl\":\"https:\\\/\\\/hakmarfrance.online\\\/wp-content\\\/uploads\\\/2025\\\/06\\\/logo-hakmarfrance.png\",\"width\":528,\"height\":232,\"caption\":\"hakmarfrance.online\"},\"image\":{\"@id\":\"https:\\\/\\\/hakmarfrance.online\\\/tr\\\/#\\\/schema\\\/logo\\\/image\\\/\"},\"sameAs\":[\"https:\\\/\\\/www.facebook.com\\\/HakmarFranceSupermarche\\\/?locale=fr_FR\",\"https:\\\/\\\/www.instagram.com\\\/hakmarfrancesupermarche\\\/\"]}]}<\/script>\n<!-- \/ Yoast SEO plugin. -->","yoast_head_json":{"title":"Yumo\u015f Sprey Tekstil &amp; Ev Amber - Amber Oda Spreyi 500 ml - hakmarfrance.online","robots":{"index":"index","follow":"follow","max-snippet":"max-snippet:-1","max-image-preview":"max-image-preview:large","max-video-preview":"max-video-preview:-1"},"canonical":"https:\/\/hakmarfrance.online\/tr\/produit\/yumos-sprey-tekstil-ev-amber-amber-oda-spreyi-500-ml\/","og_locale":"tr_TR","og_type":"article","og_title":"Yumo\u015f Sprey Tekstil &amp; Ev Amber - Amber Oda Spreyi 500 ml - hakmarfrance.online","og_description":"Yumo\u015f Amber tekstil spreyi ile evinize s\u0131cak ve \u015f\u0131k bir atmosfer kat\u0131n. Yo\u011fun ve odunsu amber kokusuyla zenginle\u015ftirilmi\u015f bir oda spreyi. G\u00fcnl\u00fck kuma\u015flar\u0131n\u0131z\u0131 \u0131slatmadan veya lekelemeden tazelemek i\u00e7in tasarlanm\u0131\u015ft\u0131r:koltuklar, hal\u0131lar, perdeler, giysiler, ev tekstili... \ud83d\udd25 Derin ve sarmalay\u0131c\u0131 amber kokusu\ud83e\uddfa Y\u0131kamas\u0131 zor kuma\u015flar i\u00e7in ideal\ud83d\udca8 \u0130z b\u0131rakmadan h\u0131zl\u0131 kuruma\u23f3 Uzun s\u00fcre kal\u0131c\u0131 koku Her oday\u0131 konforlu ve karakterli bir yuvaya d\u00f6n\u00fc\u015ft\u00fcr\u00fcn.","og_url":"https:\/\/hakmarfrance.online\/tr\/produit\/yumos-sprey-tekstil-ev-amber-amber-oda-spreyi-500-ml\/","og_site_name":"hakmarfrance.online","article_publisher":"https:\/\/www.facebook.com\/HakmarFranceSupermarche\/?locale=fr_FR","og_image":[{"width":1000,"height":800,"url":"https:\/\/hakmarfrance.online\/wp-content\/uploads\/2025\/07\/yumos-spray-textile-amber.avif","type":"image\/png"}],"twitter_card":"summary_large_image","schema":{"@context":"https:\/\/schema.org","@graph":[{"@type":"WebPage","@id":"https:\/\/hakmarfrance.online\/tr\/produit\/yumos-sprey-tekstil-ev-amber-amber-oda-spreyi-500-ml\/","url":"https:\/\/hakmarfrance.online\/tr\/produit\/yumos-sprey-tekstil-ev-amber-amber-oda-spreyi-500-ml\/","name":"Yumo\u015f Sprey Tekstil &amp; Ev Amber - Amber Oda Spreyi 500 ml - hakmarfrance.online","isPartOf":{"@id":"https:\/\/hakmarfrance.online\/tr\/#website"},"primaryImageOfPage":{"@id":"https:\/\/hakmarfrance.online\/tr\/produit\/yumos-sprey-tekstil-ev-amber-amber-oda-spreyi-500-ml\/#primaryimage"},"image":{"@id":"https:\/\/hakmarfrance.online\/tr\/produit\/yumos-sprey-tekstil-ev-amber-amber-oda-spreyi-500-ml\/#primaryimage"},"thumbnailUrl":"https:\/\/hakmarfrance.online\/wp-content\/uploads\/2025\/07\/yumos-spray-textile-amber.avif","datePublished":"2025-07-04T20:56:11+00:00","breadcrumb":{"@id":"https:\/\/hakmarfrance.online\/tr\/produit\/yumos-sprey-tekstil-ev-amber-amber-oda-spreyi-500-ml\/#breadcrumb"},"inLanguage":"tr-TR","potentialAction":[{"@type":"ReadAction","target":["https:\/\/hakmarfrance.online\/tr\/produit\/yumos-sprey-tekstil-ev-amber-amber-oda-spreyi-500-ml\/"]}]},{"@type":"ImageObject","inLanguage":"tr-TR","@id":"https:\/\/hakmarfrance.online\/tr\/produit\/yumos-sprey-tekstil-ev-amber-amber-oda-spreyi-500-ml\/#primaryimage","url":"https:\/\/hakmarfrance.online\/wp-content\/uploads\/2025\/07\/yumos-spray-textile-amber.avif","contentUrl":"https:\/\/hakmarfrance.online\/wp-content\/uploads\/2025\/07\/yumos-spray-textile-amber.avif","width":1000,"height":800,"caption":"Yumo\u015f Amber Tekstil Spreyi - \u015e\u0131k ve kal\u0131c\u0131 tazelik i\u00e7in s\u0131cak amber kokusu"},{"@type":"BreadcrumbList","@id":"https:\/\/hakmarfrance.online\/tr\/produit\/yumos-sprey-tekstil-ev-amber-amber-oda-spreyi-500-ml\/#breadcrumb","itemListElement":[{"@type":"ListItem","position":1,"name":"Accueil","item":"https:\/\/hakmarfrance.online\/tr\/"},{"@type":"ListItem","position":2,"name":"Ma\u011faza","item":"https:\/\/hakmarfrance.online\/tr\/magaza\/"},{"@type":"ListItem","position":3,"name":"Yumo\u015f Sprey Tekstil &amp; Ev Amber &#8211; Amber Oda Spreyi 500 ml"}]},{"@type":"WebSite","@id":"https:\/\/hakmarfrance.online\/tr\/#website","url":"https:\/\/hakmarfrance.online\/tr\/","name":"hakmarfrance.online","description":"","publisher":{"@id":"https:\/\/hakmarfrance.online\/tr\/#organization"},"potentialAction":[{"@type":"SearchAction","target":{"@type":"EntryPoint","urlTemplate":"https:\/\/hakmarfrance.online\/tr\/?s={search_term_string}"},"query-input":{"@type":"PropertyValueSpecification","valueRequired":true,"valueName":"search_term_string"}}],"inLanguage":"tr-TR"},{"@type":"Organization","@id":"https:\/\/hakmarfrance.online\/tr\/#organization","name":"hakmarfrance.online","url":"https:\/\/hakmarfrance.online\/tr\/","logo":{"@type":"ImageObject","inLanguage":"tr-TR","@id":"https:\/\/hakmarfrance.online\/tr\/#\/schema\/logo\/image\/","url":"https:\/\/hakmarfrance.online\/wp-content\/uploads\/2025\/06\/logo-hakmarfrance.png","contentUrl":"https:\/\/hakmarfrance.online\/wp-content\/uploads\/2025\/06\/logo-hakmarfrance.png","width":528,"height":232,"caption":"hakmarfrance.online"},"image":{"@id":"https:\/\/hakmarfrance.online\/tr\/#\/schema\/logo\/image\/"},"sameAs":["https:\/\/www.facebook.com\/HakmarFranceSupermarche\/?locale=fr_FR","https:\/\/www.instagram.com\/hakmarfrancesupermarche\/"]}]}},"_links":{"self":[{"href":"https:\/\/hakmarfrance.online\/tr\/wp-json\/wp\/v2\/product\/17937","targetHints":{"allow":["GET"]}}],"collection":[{"href":"https:\/\/hakmarfrance.online\/tr\/wp-json\/wp\/v2\/product"}],"about":[{"href":"https:\/\/hakmarfrance.online\/tr\/wp-json\/wp\/v2\/types\/product"}],"replies":[{"embeddable":true,"href":"https:\/\/hakmarfrance.online\/tr\/wp-json\/wp\/v2\/comments?post=17937"}],"version-history":[{"count":0,"href":"https:\/\/hakmarfrance.online\/tr\/wp-json\/wp\/v2\/product\/17937\/revisions"}],"wp:featuredmedia":[{"embeddable":true,"href":"https:\/\/hakmarfrance.online\/tr\/wp-json\/wp\/v2\/media\/17939"}],"wp:attachment":[{"href":"https:\/\/hakmarfrance.online\/tr\/wp-json\/wp\/v2\/media?parent=17937"}],"wp:term":[{"taxonomy":"product_brand","embeddable":true,"href":"https:\/\/hakmarfrance.online\/tr\/wp-json\/wp\/v2\/product_brand?post=17937"},{"taxonomy":"product_cat","embeddable":true,"href":"https:\/\/hakmarfrance.online\/tr\/wp-json\/wp\/v2\/product_cat?post=17937"},{"taxonomy":"product_tag","embeddable":true,"href":"https:\/\/hakmarfrance.online\/tr\/wp-json\/wp\/v2\/product_tag?post=17937"}],"curies":[{"name":"wp","href":"https:\/\/api.w.org\/{rel}","templated":true}]}}