{"id":17938,"date":"2025-06-19T08:13:38","date_gmt":"2025-06-19T08:13:38","guid":{"rendered":"https:\/\/hakmarfrance.online\/produit\/gazi-sade-yogurt-35-yagli\/"},"modified":"2025-06-19T08:13:38","modified_gmt":"2025-06-19T08:13:38","slug":"gazi-sade-yogurt-35-yagli","status":"publish","type":"product","link":"https:\/\/hakmarfrance.online\/tr\/produit\/gazi-sade-yogurt-35-yagli\/","title":{"rendered":"GAZ\u0130 Sade Yo\u011furt &#8211; %3,5 Ya\u011fl\u0131"},"content":{"rendered":"<div class=\"elementor-element elementor-element-bccdace wd-single-title text-left elementor-widget elementor-widget-wd_single_product_title\" data-id=\"bccdace\" data-element_type=\"widget\" data-widget_type=\"wd_single_product_title.default\">\n<div class=\"elementor-widget-container\">\n<h1 class=\"product_title entry-title wd-entities-title\">GAZ\u0130 Sade Yo\u011furt &#8211; %3,5 Ya\u011fl\u0131<\/h1>\n<\/div>\n<\/div>\n<div class=\"elementor-element elementor-element-c066a78 wd-single-short-desc text-left elementor-widget elementor-widget-wd_single_product_short_description\" data-id=\"c066a78\" data-element_type=\"widget\" data-widget_type=\"wd_single_product_short_description.default\">\n<div class=\"elementor-widget-container\">\n<div class=\"woocommerce-product-details__short-description\">\n<p data-start=\"305\" data-end=\"501\"><strong data-start=\"330\" data-end=\"352\">GAZ\u0130 sade yo\u011furdun<\/strong> kremsi dokusunun tad\u0131n\u0131 \u00e7\u0131kar\u0131n, \u00e7ok ama\u00e7l\u0131 bir klasik. Yemeklerin yan\u0131nda, yemek yap\u0131m\u0131nda veya sade olarak t\u00fcketim i\u00e7in ideal, yumu\u015fak dokusu ve taze lezzetiyle size muhte\u015fem bir deneyim sunuyor. <\/p>\n<p data-start=\"503\" data-end=\"659\">\u2714\ufe0f Past\u00f6rize inek s\u00fct\u00fcnden yap\u0131lm\u0131\u015f sade yo\u011furt<br data-start=\"547\" data-end=\"550\">\u2714\ufe0f %3,5 ya\u011f oran\u0131 \u2013 kremsi doku<br data-start=\"595\" data-end=\"598\">\u2714\ufe0f 1kg&#8217;l\u0131k b\u00fcy\u00fck boy ambalaj<br data-start=\"620\" data-end=\"623\">\u2714\ufe0f Katk\u0131 maddesi ve koruyucu i\u00e7ermez<\/p>\n<p data-start=\"661\" data-end=\"775\">T\u00fcrk yemeklerinin yan\u0131nda, sos yap\u0131m\u0131nda veya kahvalt\u0131da bal ile t\u00fcketmek i\u00e7in m\u00fckemmel.<\/p>\n<\/div>\n<\/div>\n<\/div>\n","protected":false},"excerpt":{"rendered":"<p data-start=\"305\" data-end=\"501\"><strong data-start=\"330\" data-end=\"352\">GAZ\u0130 sade yo\u011furdun<\/strong> kremsi dokusunun tad\u0131n\u0131 \u00e7\u0131kar\u0131n, \u00e7ok ama\u00e7l\u0131 bir klasik. Yemeklerin yan\u0131nda, yemek yap\u0131m\u0131nda veya sade olarak t\u00fcketim i\u00e7in ideal, yumu\u015fak dokusu ve taze lezzetiyle size muhte\u015fem bir deneyim sunuyor. <\/p>\n<p data-start=\"503\" data-end=\"659\">\u2714\ufe0f Past\u00f6rize inek s\u00fct\u00fcnden yap\u0131lm\u0131\u015f sade yo\u011furt<br data-start=\"547\" data-end=\"550\">\u2714\ufe0f %3,5 ya\u011f oran\u0131 \u2013 kremsi doku<br data-start=\"595\" data-end=\"598\">\u2714\ufe0f 1kg&#8217;l\u0131k b\u00fcy\u00fck boy ambalaj<br data-start=\"620\" data-end=\"623\">\u2714\ufe0f Katk\u0131 maddesi ve koruyucu i\u00e7ermez<\/p>\n<p data-start=\"661\" data-end=\"775\">T\u00fcrk yemeklerinin yan\u0131nda, sos yap\u0131m\u0131nda veya kahvalt\u0131da bal ile t\u00fcketmek i\u00e7in m\u00fckemmel.<\/p>\n","protected":false},"featured_media":17940,"comment_status":"open","ping_status":"closed","template":"","meta":{"iawp_total_views":0},"product_brand":[174],"product_cat":[286,283,227,287,225],"product_tag":[],"class_list":{"0":"post-17938","1":"product","2":"type-product","3":"status-publish","4":"has-post-thumbnail","6":"product_brand-gazi","7":"product_cat-dogu-marketi","8":"product_cat-et-balik-sarkuteri","9":"product_cat-geleneksel-turk-urunleri","10":"product_cat-taze-urunler-sut-urunleri-mandira","11":"product_cat-tum-urunlerimiz","13":"first","14":"instock","15":"shipping-taxable","16":"purchasable","17":"product-type-simple"},"yoast_head":"<!-- This site is optimized with the Yoast SEO plugin v27.3 - https:\/\/yoast.com\/product\/yoast-seo-wordpress\/ -->\n<title>GAZ\u0130 Sade Yo\u011furt - %3,5 Ya\u011fl\u0131 - hakmarfrance.online<\/title>\n<meta name=\"robots\" content=\"index, follow, max-snippet:-1, max-image-preview:large, max-video-preview:-1\" \/>\n<link rel=\"canonical\" href=\"https:\/\/hakmarfrance.online\/tr\/produit\/gazi-sade-yogurt-35-yagli\/\" \/>\n<meta property=\"og:locale\" content=\"tr_TR\" \/>\n<meta property=\"og:type\" content=\"article\" \/>\n<meta property=\"og:title\" content=\"GAZ\u0130 Sade Yo\u011furt - %3,5 Ya\u011fl\u0131 - hakmarfrance.online\" \/>\n<meta property=\"og:description\" content=\"GAZ\u0130 sade yo\u011furdun kremsi dokusunun tad\u0131n\u0131 \u00e7\u0131kar\u0131n, \u00e7ok ama\u00e7l\u0131 bir klasik. Yemeklerin yan\u0131nda, yemek yap\u0131m\u0131nda veya sade olarak t\u00fcketim i\u00e7in ideal, yumu\u015fak dokusu ve taze lezzetiyle size muhte\u015fem bir deneyim sunuyor. \u2714\ufe0f Past\u00f6rize inek s\u00fct\u00fcnden yap\u0131lm\u0131\u015f sade yo\u011furt\u2714\ufe0f %3,5 ya\u011f oran\u0131 \u2013 kremsi doku\u2714\ufe0f 1kg&#039;l\u0131k b\u00fcy\u00fck boy ambalaj\u2714\ufe0f Katk\u0131 maddesi ve koruyucu i\u00e7ermez T\u00fcrk yemeklerinin yan\u0131nda, sos yap\u0131m\u0131nda veya kahvalt\u0131da bal ile t\u00fcketmek i\u00e7in m\u00fckemmel.\" \/>\n<meta property=\"og:url\" content=\"https:\/\/hakmarfrance.online\/tr\/produit\/gazi-sade-yogurt-35-yagli\/\" \/>\n<meta property=\"og:site_name\" content=\"hakmarfrance.online\" \/>\n<meta property=\"article:publisher\" content=\"https:\/\/www.facebook.com\/HakmarFranceSupermarche\/?locale=fr_FR\" \/>\n<meta property=\"og:image\" content=\"https:\/\/hakmarfrance.online\/wp-content\/uploads\/2025\/06\/Gazi_yaourt.avif\" \/>\n\t<meta property=\"og:image:width\" content=\"1000\" \/>\n\t<meta property=\"og:image:height\" content=\"800\" \/>\n\t<meta property=\"og:image:type\" content=\"image\/png\" \/>\n<meta name=\"twitter:card\" content=\"summary_large_image\" \/>\n<script type=\"application\/ld+json\" class=\"yoast-schema-graph\">{\"@context\":\"https:\\\/\\\/schema.org\",\"@graph\":[{\"@type\":\"WebPage\",\"@id\":\"https:\\\/\\\/hakmarfrance.online\\\/tr\\\/produit\\\/gazi-sade-yogurt-35-yagli\\\/\",\"url\":\"https:\\\/\\\/hakmarfrance.online\\\/tr\\\/produit\\\/gazi-sade-yogurt-35-yagli\\\/\",\"name\":\"GAZ\u0130 Sade Yo\u011furt - %3,5 Ya\u011fl\u0131 - hakmarfrance.online\",\"isPartOf\":{\"@id\":\"https:\\\/\\\/hakmarfrance.online\\\/tr\\\/#website\"},\"primaryImageOfPage\":{\"@id\":\"https:\\\/\\\/hakmarfrance.online\\\/tr\\\/produit\\\/gazi-sade-yogurt-35-yagli\\\/#primaryimage\"},\"image\":{\"@id\":\"https:\\\/\\\/hakmarfrance.online\\\/tr\\\/produit\\\/gazi-sade-yogurt-35-yagli\\\/#primaryimage\"},\"thumbnailUrl\":\"https:\\\/\\\/hakmarfrance.online\\\/wp-content\\\/uploads\\\/2025\\\/06\\\/Gazi_yaourt.avif\",\"datePublished\":\"2025-06-19T08:13:38+00:00\",\"breadcrumb\":{\"@id\":\"https:\\\/\\\/hakmarfrance.online\\\/tr\\\/produit\\\/gazi-sade-yogurt-35-yagli\\\/#breadcrumb\"},\"inLanguage\":\"tr-TR\",\"potentialAction\":[{\"@type\":\"ReadAction\",\"target\":[\"https:\\\/\\\/hakmarfrance.online\\\/tr\\\/produit\\\/gazi-sade-yogurt-35-yagli\\\/\"]}]},{\"@type\":\"ImageObject\",\"inLanguage\":\"tr-TR\",\"@id\":\"https:\\\/\\\/hakmarfrance.online\\\/tr\\\/produit\\\/gazi-sade-yogurt-35-yagli\\\/#primaryimage\",\"url\":\"https:\\\/\\\/hakmarfrance.online\\\/wp-content\\\/uploads\\\/2025\\\/06\\\/Gazi_yaourt.avif\",\"contentUrl\":\"https:\\\/\\\/hakmarfrance.online\\\/wp-content\\\/uploads\\\/2025\\\/06\\\/Gazi_yaourt.avif\",\"width\":1000,\"height\":800},{\"@type\":\"BreadcrumbList\",\"@id\":\"https:\\\/\\\/hakmarfrance.online\\\/tr\\\/produit\\\/gazi-sade-yogurt-35-yagli\\\/#breadcrumb\",\"itemListElement\":[{\"@type\":\"ListItem\",\"position\":1,\"name\":\"Accueil\",\"item\":\"https:\\\/\\\/hakmarfrance.online\\\/tr\\\/\"},{\"@type\":\"ListItem\",\"position\":2,\"name\":\"Ma\u011faza\",\"item\":\"https:\\\/\\\/hakmarfrance.online\\\/tr\\\/magaza\\\/\"},{\"@type\":\"ListItem\",\"position\":3,\"name\":\"GAZ\u0130 Sade Yo\u011furt &#8211; %3,5 Ya\u011fl\u0131\"}]},{\"@type\":\"WebSite\",\"@id\":\"https:\\\/\\\/hakmarfrance.online\\\/tr\\\/#website\",\"url\":\"https:\\\/\\\/hakmarfrance.online\\\/tr\\\/\",\"name\":\"hakmarfrance.online\",\"description\":\"\",\"publisher\":{\"@id\":\"https:\\\/\\\/hakmarfrance.online\\\/tr\\\/#organization\"},\"potentialAction\":[{\"@type\":\"SearchAction\",\"target\":{\"@type\":\"EntryPoint\",\"urlTemplate\":\"https:\\\/\\\/hakmarfrance.online\\\/tr\\\/?s={search_term_string}\"},\"query-input\":{\"@type\":\"PropertyValueSpecification\",\"valueRequired\":true,\"valueName\":\"search_term_string\"}}],\"inLanguage\":\"tr-TR\"},{\"@type\":\"Organization\",\"@id\":\"https:\\\/\\\/hakmarfrance.online\\\/tr\\\/#organization\",\"name\":\"hakmarfrance.online\",\"url\":\"https:\\\/\\\/hakmarfrance.online\\\/tr\\\/\",\"logo\":{\"@type\":\"ImageObject\",\"inLanguage\":\"tr-TR\",\"@id\":\"https:\\\/\\\/hakmarfrance.online\\\/tr\\\/#\\\/schema\\\/logo\\\/image\\\/\",\"url\":\"https:\\\/\\\/hakmarfrance.online\\\/wp-content\\\/uploads\\\/2025\\\/06\\\/logo-hakmarfrance.png\",\"contentUrl\":\"https:\\\/\\\/hakmarfrance.online\\\/wp-content\\\/uploads\\\/2025\\\/06\\\/logo-hakmarfrance.png\",\"width\":528,\"height\":232,\"caption\":\"hakmarfrance.online\"},\"image\":{\"@id\":\"https:\\\/\\\/hakmarfrance.online\\\/tr\\\/#\\\/schema\\\/logo\\\/image\\\/\"},\"sameAs\":[\"https:\\\/\\\/www.facebook.com\\\/HakmarFranceSupermarche\\\/?locale=fr_FR\",\"https:\\\/\\\/www.instagram.com\\\/hakmarfrancesupermarche\\\/\"]}]}<\/script>\n<!-- \/ Yoast SEO plugin. -->","yoast_head_json":{"title":"GAZ\u0130 Sade Yo\u011furt - %3,5 Ya\u011fl\u0131 - hakmarfrance.online","robots":{"index":"index","follow":"follow","max-snippet":"max-snippet:-1","max-image-preview":"max-image-preview:large","max-video-preview":"max-video-preview:-1"},"canonical":"https:\/\/hakmarfrance.online\/tr\/produit\/gazi-sade-yogurt-35-yagli\/","og_locale":"tr_TR","og_type":"article","og_title":"GAZ\u0130 Sade Yo\u011furt - %3,5 Ya\u011fl\u0131 - hakmarfrance.online","og_description":"GAZ\u0130 sade yo\u011furdun kremsi dokusunun tad\u0131n\u0131 \u00e7\u0131kar\u0131n, \u00e7ok ama\u00e7l\u0131 bir klasik. Yemeklerin yan\u0131nda, yemek yap\u0131m\u0131nda veya sade olarak t\u00fcketim i\u00e7in ideal, yumu\u015fak dokusu ve taze lezzetiyle size muhte\u015fem bir deneyim sunuyor. \u2714\ufe0f Past\u00f6rize inek s\u00fct\u00fcnden yap\u0131lm\u0131\u015f sade yo\u011furt\u2714\ufe0f %3,5 ya\u011f oran\u0131 \u2013 kremsi doku\u2714\ufe0f 1kg'l\u0131k b\u00fcy\u00fck boy ambalaj\u2714\ufe0f Katk\u0131 maddesi ve koruyucu i\u00e7ermez T\u00fcrk yemeklerinin yan\u0131nda, sos yap\u0131m\u0131nda veya kahvalt\u0131da bal ile t\u00fcketmek i\u00e7in m\u00fckemmel.","og_url":"https:\/\/hakmarfrance.online\/tr\/produit\/gazi-sade-yogurt-35-yagli\/","og_site_name":"hakmarfrance.online","article_publisher":"https:\/\/www.facebook.com\/HakmarFranceSupermarche\/?locale=fr_FR","og_image":[{"width":1000,"height":800,"url":"https:\/\/hakmarfrance.online\/wp-content\/uploads\/2025\/06\/Gazi_yaourt.avif","type":"image\/png"}],"twitter_card":"summary_large_image","schema":{"@context":"https:\/\/schema.org","@graph":[{"@type":"WebPage","@id":"https:\/\/hakmarfrance.online\/tr\/produit\/gazi-sade-yogurt-35-yagli\/","url":"https:\/\/hakmarfrance.online\/tr\/produit\/gazi-sade-yogurt-35-yagli\/","name":"GAZ\u0130 Sade Yo\u011furt - %3,5 Ya\u011fl\u0131 - hakmarfrance.online","isPartOf":{"@id":"https:\/\/hakmarfrance.online\/tr\/#website"},"primaryImageOfPage":{"@id":"https:\/\/hakmarfrance.online\/tr\/produit\/gazi-sade-yogurt-35-yagli\/#primaryimage"},"image":{"@id":"https:\/\/hakmarfrance.online\/tr\/produit\/gazi-sade-yogurt-35-yagli\/#primaryimage"},"thumbnailUrl":"https:\/\/hakmarfrance.online\/wp-content\/uploads\/2025\/06\/Gazi_yaourt.avif","datePublished":"2025-06-19T08:13:38+00:00","breadcrumb":{"@id":"https:\/\/hakmarfrance.online\/tr\/produit\/gazi-sade-yogurt-35-yagli\/#breadcrumb"},"inLanguage":"tr-TR","potentialAction":[{"@type":"ReadAction","target":["https:\/\/hakmarfrance.online\/tr\/produit\/gazi-sade-yogurt-35-yagli\/"]}]},{"@type":"ImageObject","inLanguage":"tr-TR","@id":"https:\/\/hakmarfrance.online\/tr\/produit\/gazi-sade-yogurt-35-yagli\/#primaryimage","url":"https:\/\/hakmarfrance.online\/wp-content\/uploads\/2025\/06\/Gazi_yaourt.avif","contentUrl":"https:\/\/hakmarfrance.online\/wp-content\/uploads\/2025\/06\/Gazi_yaourt.avif","width":1000,"height":800},{"@type":"BreadcrumbList","@id":"https:\/\/hakmarfrance.online\/tr\/produit\/gazi-sade-yogurt-35-yagli\/#breadcrumb","itemListElement":[{"@type":"ListItem","position":1,"name":"Accueil","item":"https:\/\/hakmarfrance.online\/tr\/"},{"@type":"ListItem","position":2,"name":"Ma\u011faza","item":"https:\/\/hakmarfrance.online\/tr\/magaza\/"},{"@type":"ListItem","position":3,"name":"GAZ\u0130 Sade Yo\u011furt &#8211; %3,5 Ya\u011fl\u0131"}]},{"@type":"WebSite","@id":"https:\/\/hakmarfrance.online\/tr\/#website","url":"https:\/\/hakmarfrance.online\/tr\/","name":"hakmarfrance.online","description":"","publisher":{"@id":"https:\/\/hakmarfrance.online\/tr\/#organization"},"potentialAction":[{"@type":"SearchAction","target":{"@type":"EntryPoint","urlTemplate":"https:\/\/hakmarfrance.online\/tr\/?s={search_term_string}"},"query-input":{"@type":"PropertyValueSpecification","valueRequired":true,"valueName":"search_term_string"}}],"inLanguage":"tr-TR"},{"@type":"Organization","@id":"https:\/\/hakmarfrance.online\/tr\/#organization","name":"hakmarfrance.online","url":"https:\/\/hakmarfrance.online\/tr\/","logo":{"@type":"ImageObject","inLanguage":"tr-TR","@id":"https:\/\/hakmarfrance.online\/tr\/#\/schema\/logo\/image\/","url":"https:\/\/hakmarfrance.online\/wp-content\/uploads\/2025\/06\/logo-hakmarfrance.png","contentUrl":"https:\/\/hakmarfrance.online\/wp-content\/uploads\/2025\/06\/logo-hakmarfrance.png","width":528,"height":232,"caption":"hakmarfrance.online"},"image":{"@id":"https:\/\/hakmarfrance.online\/tr\/#\/schema\/logo\/image\/"},"sameAs":["https:\/\/www.facebook.com\/HakmarFranceSupermarche\/?locale=fr_FR","https:\/\/www.instagram.com\/hakmarfrancesupermarche\/"]}]}},"_links":{"self":[{"href":"https:\/\/hakmarfrance.online\/tr\/wp-json\/wp\/v2\/product\/17938","targetHints":{"allow":["GET"]}}],"collection":[{"href":"https:\/\/hakmarfrance.online\/tr\/wp-json\/wp\/v2\/product"}],"about":[{"href":"https:\/\/hakmarfrance.online\/tr\/wp-json\/wp\/v2\/types\/product"}],"replies":[{"embeddable":true,"href":"https:\/\/hakmarfrance.online\/tr\/wp-json\/wp\/v2\/comments?post=17938"}],"version-history":[{"count":0,"href":"https:\/\/hakmarfrance.online\/tr\/wp-json\/wp\/v2\/product\/17938\/revisions"}],"wp:featuredmedia":[{"embeddable":true,"href":"https:\/\/hakmarfrance.online\/tr\/wp-json\/wp\/v2\/media\/17940"}],"wp:attachment":[{"href":"https:\/\/hakmarfrance.online\/tr\/wp-json\/wp\/v2\/media?parent=17938"}],"wp:term":[{"taxonomy":"product_brand","embeddable":true,"href":"https:\/\/hakmarfrance.online\/tr\/wp-json\/wp\/v2\/product_brand?post=17938"},{"taxonomy":"product_cat","embeddable":true,"href":"https:\/\/hakmarfrance.online\/tr\/wp-json\/wp\/v2\/product_cat?post=17938"},{"taxonomy":"product_tag","embeddable":true,"href":"https:\/\/hakmarfrance.online\/tr\/wp-json\/wp\/v2\/product_tag?post=17938"}],"curies":[{"name":"wp","href":"https:\/\/api.w.org\/{rel}","templated":true}]}}