{"id":17941,"date":"2025-07-04T20:56:11","date_gmt":"2025-07-04T20:56:11","guid":{"rendered":"https:\/\/hakmarfrance.online\/produit\/yumos-ev-tekstil-spreyi-sakura-kiraz-cicegi-kokulu-500-ml\/"},"modified":"2025-07-04T20:56:11","modified_gmt":"2025-07-04T20:56:11","slug":"yumos-ev-tekstil-spreyi-sakura-kiraz-cicegi-kokulu-500-ml","status":"publish","type":"product","link":"https:\/\/hakmarfrance.online\/tr\/produit\/yumos-ev-tekstil-spreyi-sakura-kiraz-cicegi-kokulu-500-ml\/","title":{"rendered":"Yumo\u015f Ev &amp; Tekstil Spreyi Sakura \u2013 Kiraz \u00c7i\u00e7e\u011fi Kokulu 500 ml"},"content":{"rendered":"","protected":false},"excerpt":{"rendered":"<p data-start=\"338\" data-end=\"476\">Zarif kiraz \u00e7i\u00e7e\u011fi kokusuna sahip <strong data-start=\"405\" data-end=\"435\">Yumo\u015f Sakura kuma\u015f spreyi<\/strong> ile evinin havas\u0131n\u0131 yumu\u015fac\u0131k, \u00e7i\u00e7eksi bir atmosfere d\u00f6n\u00fc\u015ft\u00fcr.<\/p>\n<p data-start=\"478\" data-end=\"629\">Bu kuma\u015f koku giderici kokular\u0131 n\u00f6tralize eder ve t\u00fcm kuma\u015flar\u0131na <strong data-start=\"537\" data-end=\"562\">an\u0131nda ferahl\u0131k<\/strong> sunar:<br data-start=\"582\" data-end=\"585\">perdeler, k\u0131yafetler, hal\u0131lar, kanepeler veya \u00e7ar\u015faflar.<\/p>\n<p data-start=\"631\" data-end=\"789\">\ud83c\udf38 <strong data-start=\"634\" data-end=\"669\">Rahatlat\u0131c\u0131 Japon esintili \u00e7i\u00e7eksi koku<\/strong><br data-start=\"669\" data-end=\"672\">\ud83e\uddfa <strong data-start=\"675\" data-end=\"723\">Y\u0131kanmas\u0131 zor tekstiller i\u00e7in ideal<\/strong><br data-start=\"723\" data-end=\"726\">\ud83d\udca8 <strong data-start=\"729\" data-end=\"760\">H\u0131zl\u0131 kuruma, kal\u0131nt\u0131 b\u0131rakmaz<\/strong><br data-start=\"760\" data-end=\"763\">\ud83d\udcc6 <strong data-start=\"766\" data-end=\"789\">Uzun s\u00fcre kal\u0131c\u0131 koku<\/strong><\/p>\n<p data-start=\"791\" data-end=\"850\"><strong data-start=\"791\" data-end=\"850\">Her odada ferahl\u0131k ve zarafet esintisi.<\/strong><\/p>\n","protected":false},"featured_media":17942,"comment_status":"open","ping_status":"closed","template":"","meta":{"iawp_total_views":0},"product_brand":[203],"product_cat":[284,225],"product_tag":[],"class_list":{"0":"post-17941","1":"product","2":"type-product","3":"status-publish","4":"has-post-thumbnail","6":"product_brand-yumos","7":"product_cat-hijyen-bakim","8":"product_cat-tum-urunlerimiz","10":"first","11":"instock","12":"shipping-taxable","13":"purchasable","14":"product-type-simple"},"yoast_head":"<!-- This site is optimized with the Yoast SEO plugin v27.3 - https:\/\/yoast.com\/product\/yoast-seo-wordpress\/ -->\n<title>Yumo\u015f Ev &amp; Tekstil Spreyi Sakura \u2013 Kiraz \u00c7i\u00e7e\u011fi Kokulu 500 ml - hakmarfrance.online<\/title>\n<meta name=\"robots\" content=\"index, follow, max-snippet:-1, max-image-preview:large, max-video-preview:-1\" \/>\n<link rel=\"canonical\" href=\"https:\/\/hakmarfrance.online\/tr\/produit\/yumos-ev-tekstil-spreyi-sakura-kiraz-cicegi-kokulu-500-ml\/\" \/>\n<meta property=\"og:locale\" content=\"tr_TR\" \/>\n<meta property=\"og:type\" content=\"article\" \/>\n<meta property=\"og:title\" content=\"Yumo\u015f Ev &amp; Tekstil Spreyi Sakura \u2013 Kiraz \u00c7i\u00e7e\u011fi Kokulu 500 ml - hakmarfrance.online\" \/>\n<meta property=\"og:description\" content=\"Zarif kiraz \u00e7i\u00e7e\u011fi kokusuna sahip Yumo\u015f Sakura kuma\u015f spreyi ile evinin havas\u0131n\u0131 yumu\u015fac\u0131k, \u00e7i\u00e7eksi bir atmosfere d\u00f6n\u00fc\u015ft\u00fcr. Bu kuma\u015f koku giderici kokular\u0131 n\u00f6tralize eder ve t\u00fcm kuma\u015flar\u0131na an\u0131nda ferahl\u0131k sunar:perdeler, k\u0131yafetler, hal\u0131lar, kanepeler veya \u00e7ar\u015faflar. \ud83c\udf38 Rahatlat\u0131c\u0131 Japon esintili \u00e7i\u00e7eksi koku\ud83e\uddfa Y\u0131kanmas\u0131 zor tekstiller i\u00e7in ideal\ud83d\udca8 H\u0131zl\u0131 kuruma, kal\u0131nt\u0131 b\u0131rakmaz\ud83d\udcc6 Uzun s\u00fcre kal\u0131c\u0131 koku Her odada ferahl\u0131k ve zarafet esintisi.\" \/>\n<meta property=\"og:url\" content=\"https:\/\/hakmarfrance.online\/tr\/produit\/yumos-ev-tekstil-spreyi-sakura-kiraz-cicegi-kokulu-500-ml\/\" \/>\n<meta property=\"og:site_name\" content=\"hakmarfrance.online\" \/>\n<meta property=\"article:publisher\" content=\"https:\/\/www.facebook.com\/HakmarFranceSupermarche\/?locale=fr_FR\" \/>\n<meta property=\"og:image\" content=\"https:\/\/hakmarfrance.online\/wp-content\/uploads\/2025\/07\/yumos-spray-textile-sakura.avif\" \/>\n\t<meta property=\"og:image:width\" content=\"1000\" \/>\n\t<meta property=\"og:image:height\" content=\"800\" \/>\n\t<meta property=\"og:image:type\" content=\"image\/png\" \/>\n<meta name=\"twitter:card\" content=\"summary_large_image\" \/>\n<script type=\"application\/ld+json\" class=\"yoast-schema-graph\">{\"@context\":\"https:\\\/\\\/schema.org\",\"@graph\":[{\"@type\":\"WebPage\",\"@id\":\"https:\\\/\\\/hakmarfrance.online\\\/tr\\\/produit\\\/yumos-ev-tekstil-spreyi-sakura-kiraz-cicegi-kokulu-500-ml\\\/\",\"url\":\"https:\\\/\\\/hakmarfrance.online\\\/tr\\\/produit\\\/yumos-ev-tekstil-spreyi-sakura-kiraz-cicegi-kokulu-500-ml\\\/\",\"name\":\"Yumo\u015f Ev &amp; Tekstil Spreyi Sakura \u2013 Kiraz \u00c7i\u00e7e\u011fi Kokulu 500 ml - hakmarfrance.online\",\"isPartOf\":{\"@id\":\"https:\\\/\\\/hakmarfrance.online\\\/tr\\\/#website\"},\"primaryImageOfPage\":{\"@id\":\"https:\\\/\\\/hakmarfrance.online\\\/tr\\\/produit\\\/yumos-ev-tekstil-spreyi-sakura-kiraz-cicegi-kokulu-500-ml\\\/#primaryimage\"},\"image\":{\"@id\":\"https:\\\/\\\/hakmarfrance.online\\\/tr\\\/produit\\\/yumos-ev-tekstil-spreyi-sakura-kiraz-cicegi-kokulu-500-ml\\\/#primaryimage\"},\"thumbnailUrl\":\"https:\\\/\\\/hakmarfrance.online\\\/wp-content\\\/uploads\\\/2025\\\/07\\\/yumos-spray-textile-sakura.avif\",\"datePublished\":\"2025-07-04T20:56:11+00:00\",\"breadcrumb\":{\"@id\":\"https:\\\/\\\/hakmarfrance.online\\\/tr\\\/produit\\\/yumos-ev-tekstil-spreyi-sakura-kiraz-cicegi-kokulu-500-ml\\\/#breadcrumb\"},\"inLanguage\":\"tr-TR\",\"potentialAction\":[{\"@type\":\"ReadAction\",\"target\":[\"https:\\\/\\\/hakmarfrance.online\\\/tr\\\/produit\\\/yumos-ev-tekstil-spreyi-sakura-kiraz-cicegi-kokulu-500-ml\\\/\"]}]},{\"@type\":\"ImageObject\",\"inLanguage\":\"tr-TR\",\"@id\":\"https:\\\/\\\/hakmarfrance.online\\\/tr\\\/produit\\\/yumos-ev-tekstil-spreyi-sakura-kiraz-cicegi-kokulu-500-ml\\\/#primaryimage\",\"url\":\"https:\\\/\\\/hakmarfrance.online\\\/wp-content\\\/uploads\\\/2025\\\/07\\\/yumos-spray-textile-sakura.avif\",\"contentUrl\":\"https:\\\/\\\/hakmarfrance.online\\\/wp-content\\\/uploads\\\/2025\\\/07\\\/yumos-spray-textile-sakura.avif\",\"width\":1000,\"height\":800,\"caption\":\"Yumo\u015f Sakura Ev ve Tekstil Spreyi \u2013 Kiraz \u00c7i\u00e7e\u011fi, uzun s\u00fcreli \u00e7i\u00e7eksi ferahl\u0131k i\u00e7in\"},{\"@type\":\"BreadcrumbList\",\"@id\":\"https:\\\/\\\/hakmarfrance.online\\\/tr\\\/produit\\\/yumos-ev-tekstil-spreyi-sakura-kiraz-cicegi-kokulu-500-ml\\\/#breadcrumb\",\"itemListElement\":[{\"@type\":\"ListItem\",\"position\":1,\"name\":\"Accueil\",\"item\":\"https:\\\/\\\/hakmarfrance.online\\\/tr\\\/\"},{\"@type\":\"ListItem\",\"position\":2,\"name\":\"Ma\u011faza\",\"item\":\"https:\\\/\\\/hakmarfrance.online\\\/tr\\\/magaza\\\/\"},{\"@type\":\"ListItem\",\"position\":3,\"name\":\"Yumo\u015f Ev &amp; Tekstil Spreyi Sakura \u2013 Kiraz \u00c7i\u00e7e\u011fi Kokulu 500 ml\"}]},{\"@type\":\"WebSite\",\"@id\":\"https:\\\/\\\/hakmarfrance.online\\\/tr\\\/#website\",\"url\":\"https:\\\/\\\/hakmarfrance.online\\\/tr\\\/\",\"name\":\"hakmarfrance.online\",\"description\":\"\",\"publisher\":{\"@id\":\"https:\\\/\\\/hakmarfrance.online\\\/tr\\\/#organization\"},\"potentialAction\":[{\"@type\":\"SearchAction\",\"target\":{\"@type\":\"EntryPoint\",\"urlTemplate\":\"https:\\\/\\\/hakmarfrance.online\\\/tr\\\/?s={search_term_string}\"},\"query-input\":{\"@type\":\"PropertyValueSpecification\",\"valueRequired\":true,\"valueName\":\"search_term_string\"}}],\"inLanguage\":\"tr-TR\"},{\"@type\":\"Organization\",\"@id\":\"https:\\\/\\\/hakmarfrance.online\\\/tr\\\/#organization\",\"name\":\"hakmarfrance.online\",\"url\":\"https:\\\/\\\/hakmarfrance.online\\\/tr\\\/\",\"logo\":{\"@type\":\"ImageObject\",\"inLanguage\":\"tr-TR\",\"@id\":\"https:\\\/\\\/hakmarfrance.online\\\/tr\\\/#\\\/schema\\\/logo\\\/image\\\/\",\"url\":\"https:\\\/\\\/hakmarfrance.online\\\/wp-content\\\/uploads\\\/2025\\\/06\\\/logo-hakmarfrance.png\",\"contentUrl\":\"https:\\\/\\\/hakmarfrance.online\\\/wp-content\\\/uploads\\\/2025\\\/06\\\/logo-hakmarfrance.png\",\"width\":528,\"height\":232,\"caption\":\"hakmarfrance.online\"},\"image\":{\"@id\":\"https:\\\/\\\/hakmarfrance.online\\\/tr\\\/#\\\/schema\\\/logo\\\/image\\\/\"},\"sameAs\":[\"https:\\\/\\\/www.facebook.com\\\/HakmarFranceSupermarche\\\/?locale=fr_FR\",\"https:\\\/\\\/www.instagram.com\\\/hakmarfrancesupermarche\\\/\"]}]}<\/script>\n<!-- \/ Yoast SEO plugin. -->","yoast_head_json":{"title":"Yumo\u015f Ev &amp; Tekstil Spreyi Sakura \u2013 Kiraz \u00c7i\u00e7e\u011fi Kokulu 500 ml - hakmarfrance.online","robots":{"index":"index","follow":"follow","max-snippet":"max-snippet:-1","max-image-preview":"max-image-preview:large","max-video-preview":"max-video-preview:-1"},"canonical":"https:\/\/hakmarfrance.online\/tr\/produit\/yumos-ev-tekstil-spreyi-sakura-kiraz-cicegi-kokulu-500-ml\/","og_locale":"tr_TR","og_type":"article","og_title":"Yumo\u015f Ev &amp; Tekstil Spreyi Sakura \u2013 Kiraz \u00c7i\u00e7e\u011fi Kokulu 500 ml - hakmarfrance.online","og_description":"Zarif kiraz \u00e7i\u00e7e\u011fi kokusuna sahip Yumo\u015f Sakura kuma\u015f spreyi ile evinin havas\u0131n\u0131 yumu\u015fac\u0131k, \u00e7i\u00e7eksi bir atmosfere d\u00f6n\u00fc\u015ft\u00fcr. Bu kuma\u015f koku giderici kokular\u0131 n\u00f6tralize eder ve t\u00fcm kuma\u015flar\u0131na an\u0131nda ferahl\u0131k sunar:perdeler, k\u0131yafetler, hal\u0131lar, kanepeler veya \u00e7ar\u015faflar. \ud83c\udf38 Rahatlat\u0131c\u0131 Japon esintili \u00e7i\u00e7eksi koku\ud83e\uddfa Y\u0131kanmas\u0131 zor tekstiller i\u00e7in ideal\ud83d\udca8 H\u0131zl\u0131 kuruma, kal\u0131nt\u0131 b\u0131rakmaz\ud83d\udcc6 Uzun s\u00fcre kal\u0131c\u0131 koku Her odada ferahl\u0131k ve zarafet esintisi.","og_url":"https:\/\/hakmarfrance.online\/tr\/produit\/yumos-ev-tekstil-spreyi-sakura-kiraz-cicegi-kokulu-500-ml\/","og_site_name":"hakmarfrance.online","article_publisher":"https:\/\/www.facebook.com\/HakmarFranceSupermarche\/?locale=fr_FR","og_image":[{"width":1000,"height":800,"url":"https:\/\/hakmarfrance.online\/wp-content\/uploads\/2025\/07\/yumos-spray-textile-sakura.avif","type":"image\/png"}],"twitter_card":"summary_large_image","schema":{"@context":"https:\/\/schema.org","@graph":[{"@type":"WebPage","@id":"https:\/\/hakmarfrance.online\/tr\/produit\/yumos-ev-tekstil-spreyi-sakura-kiraz-cicegi-kokulu-500-ml\/","url":"https:\/\/hakmarfrance.online\/tr\/produit\/yumos-ev-tekstil-spreyi-sakura-kiraz-cicegi-kokulu-500-ml\/","name":"Yumo\u015f Ev &amp; Tekstil Spreyi Sakura \u2013 Kiraz \u00c7i\u00e7e\u011fi Kokulu 500 ml - hakmarfrance.online","isPartOf":{"@id":"https:\/\/hakmarfrance.online\/tr\/#website"},"primaryImageOfPage":{"@id":"https:\/\/hakmarfrance.online\/tr\/produit\/yumos-ev-tekstil-spreyi-sakura-kiraz-cicegi-kokulu-500-ml\/#primaryimage"},"image":{"@id":"https:\/\/hakmarfrance.online\/tr\/produit\/yumos-ev-tekstil-spreyi-sakura-kiraz-cicegi-kokulu-500-ml\/#primaryimage"},"thumbnailUrl":"https:\/\/hakmarfrance.online\/wp-content\/uploads\/2025\/07\/yumos-spray-textile-sakura.avif","datePublished":"2025-07-04T20:56:11+00:00","breadcrumb":{"@id":"https:\/\/hakmarfrance.online\/tr\/produit\/yumos-ev-tekstil-spreyi-sakura-kiraz-cicegi-kokulu-500-ml\/#breadcrumb"},"inLanguage":"tr-TR","potentialAction":[{"@type":"ReadAction","target":["https:\/\/hakmarfrance.online\/tr\/produit\/yumos-ev-tekstil-spreyi-sakura-kiraz-cicegi-kokulu-500-ml\/"]}]},{"@type":"ImageObject","inLanguage":"tr-TR","@id":"https:\/\/hakmarfrance.online\/tr\/produit\/yumos-ev-tekstil-spreyi-sakura-kiraz-cicegi-kokulu-500-ml\/#primaryimage","url":"https:\/\/hakmarfrance.online\/wp-content\/uploads\/2025\/07\/yumos-spray-textile-sakura.avif","contentUrl":"https:\/\/hakmarfrance.online\/wp-content\/uploads\/2025\/07\/yumos-spray-textile-sakura.avif","width":1000,"height":800,"caption":"Yumo\u015f Sakura Ev ve Tekstil Spreyi \u2013 Kiraz \u00c7i\u00e7e\u011fi, uzun s\u00fcreli \u00e7i\u00e7eksi ferahl\u0131k i\u00e7in"},{"@type":"BreadcrumbList","@id":"https:\/\/hakmarfrance.online\/tr\/produit\/yumos-ev-tekstil-spreyi-sakura-kiraz-cicegi-kokulu-500-ml\/#breadcrumb","itemListElement":[{"@type":"ListItem","position":1,"name":"Accueil","item":"https:\/\/hakmarfrance.online\/tr\/"},{"@type":"ListItem","position":2,"name":"Ma\u011faza","item":"https:\/\/hakmarfrance.online\/tr\/magaza\/"},{"@type":"ListItem","position":3,"name":"Yumo\u015f Ev &amp; Tekstil Spreyi Sakura \u2013 Kiraz \u00c7i\u00e7e\u011fi Kokulu 500 ml"}]},{"@type":"WebSite","@id":"https:\/\/hakmarfrance.online\/tr\/#website","url":"https:\/\/hakmarfrance.online\/tr\/","name":"hakmarfrance.online","description":"","publisher":{"@id":"https:\/\/hakmarfrance.online\/tr\/#organization"},"potentialAction":[{"@type":"SearchAction","target":{"@type":"EntryPoint","urlTemplate":"https:\/\/hakmarfrance.online\/tr\/?s={search_term_string}"},"query-input":{"@type":"PropertyValueSpecification","valueRequired":true,"valueName":"search_term_string"}}],"inLanguage":"tr-TR"},{"@type":"Organization","@id":"https:\/\/hakmarfrance.online\/tr\/#organization","name":"hakmarfrance.online","url":"https:\/\/hakmarfrance.online\/tr\/","logo":{"@type":"ImageObject","inLanguage":"tr-TR","@id":"https:\/\/hakmarfrance.online\/tr\/#\/schema\/logo\/image\/","url":"https:\/\/hakmarfrance.online\/wp-content\/uploads\/2025\/06\/logo-hakmarfrance.png","contentUrl":"https:\/\/hakmarfrance.online\/wp-content\/uploads\/2025\/06\/logo-hakmarfrance.png","width":528,"height":232,"caption":"hakmarfrance.online"},"image":{"@id":"https:\/\/hakmarfrance.online\/tr\/#\/schema\/logo\/image\/"},"sameAs":["https:\/\/www.facebook.com\/HakmarFranceSupermarche\/?locale=fr_FR","https:\/\/www.instagram.com\/hakmarfrancesupermarche\/"]}]}},"_links":{"self":[{"href":"https:\/\/hakmarfrance.online\/tr\/wp-json\/wp\/v2\/product\/17941","targetHints":{"allow":["GET"]}}],"collection":[{"href":"https:\/\/hakmarfrance.online\/tr\/wp-json\/wp\/v2\/product"}],"about":[{"href":"https:\/\/hakmarfrance.online\/tr\/wp-json\/wp\/v2\/types\/product"}],"replies":[{"embeddable":true,"href":"https:\/\/hakmarfrance.online\/tr\/wp-json\/wp\/v2\/comments?post=17941"}],"version-history":[{"count":0,"href":"https:\/\/hakmarfrance.online\/tr\/wp-json\/wp\/v2\/product\/17941\/revisions"}],"wp:featuredmedia":[{"embeddable":true,"href":"https:\/\/hakmarfrance.online\/tr\/wp-json\/wp\/v2\/media\/17942"}],"wp:attachment":[{"href":"https:\/\/hakmarfrance.online\/tr\/wp-json\/wp\/v2\/media?parent=17941"}],"wp:term":[{"taxonomy":"product_brand","embeddable":true,"href":"https:\/\/hakmarfrance.online\/tr\/wp-json\/wp\/v2\/product_brand?post=17941"},{"taxonomy":"product_cat","embeddable":true,"href":"https:\/\/hakmarfrance.online\/tr\/wp-json\/wp\/v2\/product_cat?post=17941"},{"taxonomy":"product_tag","embeddable":true,"href":"https:\/\/hakmarfrance.online\/tr\/wp-json\/wp\/v2\/product_tag?post=17941"}],"curies":[{"name":"wp","href":"https:\/\/api.w.org\/{rel}","templated":true}]}}