{"id":17943,"date":"2025-07-04T13:03:27","date_gmt":"2025-07-04T13:03:27","guid":{"rendered":"https:\/\/hakmarfrance.online\/produit\/monster-juiced-aussie-lemonade-enerji-icecegi-500ml\/"},"modified":"2025-07-04T13:03:27","modified_gmt":"2025-07-04T13:03:27","slug":"monster-juiced-aussie-lemonade-enerji-icecegi-500ml","status":"publish","type":"product","link":"https:\/\/hakmarfrance.online\/tr\/produit\/monster-juiced-aussie-lemonade-enerji-icecegi-500ml\/","title":{"rendered":"Monster Juiced Aussie Lemonade \u2013 Enerji \u0130\u00e7ece\u011fi 500ml"},"content":{"rendered":"","protected":false},"excerpt":{"rendered":"<p data-start=\"357\" data-end=\"595\"><strong data-start=\"382\" data-end=\"416\">Monster Juiced Aussie Lemonade<\/strong>&#8216;in yo\u011funlu\u011funu ke\u015ffedin, <strong data-start=\"464\" data-end=\"517\">Avustralya limonatas\u0131<\/strong>n\u0131n ferahlat\u0131c\u0131 tad\u0131n\u0131 Monster&#8217;\u0131n g\u00fcc\u00fcyle birle\u015ftiren e\u015fsiz bir enerji i\u00e7ece\u011fi. Her yudumda enerji ve e\u011flence dolu bir konsantre. <\/p>\n<p data-start=\"597\" data-end=\"808\">\u2714\ufe0f Tropikal limonata lezzeti<br data-start=\"627\" data-end=\"630\">\u2714\ufe0f Enerji + meyve suyu kar\u0131\u015f\u0131m\u0131<br data-start=\"664\" data-end=\"667\">\u2714\ufe0f Gazl\u0131 enerji i\u00e7ece\u011fi \u2013 500 ml<br data-start=\"706\" data-end=\"709\">\u2714\ufe0f G\u00fcn\u00fcn\u00fcz\u00fc veya antrenmanlar\u0131n\u0131z\u0131 g\u00fc\u00e7lendirmek i\u00e7in ideal<br data-start=\"766\" data-end=\"769\">\u2714\ufe0f Koleksiyonluk tasar\u0131m ve \u00e7arp\u0131c\u0131 g\u00f6rsel<\/p>\n<p data-start=\"810\" data-end=\"909\">Kendini a\u015fmaktan korkmayanlara pratik bir format ve meyveli bir enerji patlamas\u0131!<\/p>\n","protected":false},"featured_media":17944,"comment_status":"open","ping_status":"closed","template":"","meta":{"iawp_total_views":0},"product_brand":[201],"product_cat":[228,229,225],"product_tag":[],"class_list":{"0":"post-17943","1":"product","2":"type-product","3":"status-publish","4":"has-post-thumbnail","6":"product_brand-monster","7":"product_cat-icecekler","8":"product_cat-soguk-icecek","9":"product_cat-tum-urunlerimiz","11":"first","12":"instock","13":"shipping-taxable","14":"purchasable","15":"product-type-simple"},"yoast_head":"<!-- This site is optimized with the Yoast SEO plugin v27.3 - https:\/\/yoast.com\/product\/yoast-seo-wordpress\/ -->\n<title>Monster Juiced Aussie Lemonade \u2013 Enerji \u0130\u00e7ece\u011fi 500ml - hakmarfrance.online<\/title>\n<meta name=\"robots\" content=\"index, follow, max-snippet:-1, max-image-preview:large, max-video-preview:-1\" \/>\n<link rel=\"canonical\" href=\"https:\/\/hakmarfrance.online\/tr\/produit\/monster-juiced-aussie-lemonade-enerji-icecegi-500ml\/\" \/>\n<meta property=\"og:locale\" content=\"tr_TR\" \/>\n<meta property=\"og:type\" content=\"article\" \/>\n<meta property=\"og:title\" content=\"Monster Juiced Aussie Lemonade \u2013 Enerji \u0130\u00e7ece\u011fi 500ml - hakmarfrance.online\" \/>\n<meta property=\"og:description\" content=\"Monster Juiced Aussie Lemonade&#039;in yo\u011funlu\u011funu ke\u015ffedin, Avustralya limonatas\u0131n\u0131n ferahlat\u0131c\u0131 tad\u0131n\u0131 Monster&#039;\u0131n g\u00fcc\u00fcyle birle\u015ftiren e\u015fsiz bir enerji i\u00e7ece\u011fi. Her yudumda enerji ve e\u011flence dolu bir konsantre. \u2714\ufe0f Tropikal limonata lezzeti\u2714\ufe0f Enerji + meyve suyu kar\u0131\u015f\u0131m\u0131\u2714\ufe0f Gazl\u0131 enerji i\u00e7ece\u011fi \u2013 500 ml\u2714\ufe0f G\u00fcn\u00fcn\u00fcz\u00fc veya antrenmanlar\u0131n\u0131z\u0131 g\u00fc\u00e7lendirmek i\u00e7in ideal\u2714\ufe0f Koleksiyonluk tasar\u0131m ve \u00e7arp\u0131c\u0131 g\u00f6rsel Kendini a\u015fmaktan korkmayanlara pratik bir format ve meyveli bir enerji patlamas\u0131!\" \/>\n<meta property=\"og:url\" content=\"https:\/\/hakmarfrance.online\/tr\/produit\/monster-juiced-aussie-lemonade-enerji-icecegi-500ml\/\" \/>\n<meta property=\"og:site_name\" content=\"hakmarfrance.online\" \/>\n<meta property=\"article:publisher\" content=\"https:\/\/www.facebook.com\/HakmarFranceSupermarche\/?locale=fr_FR\" \/>\n<meta property=\"og:image\" content=\"https:\/\/hakmarfrance.online\/wp-content\/uploads\/2025\/07\/monster-energy-juiced-aussie-lemonade-boisson-500ml.avif\" \/>\n\t<meta property=\"og:image:width\" content=\"1000\" \/>\n\t<meta property=\"og:image:height\" content=\"800\" \/>\n\t<meta property=\"og:image:type\" content=\"image\/png\" \/>\n<meta name=\"twitter:card\" content=\"summary_large_image\" \/>\n<script type=\"application\/ld+json\" class=\"yoast-schema-graph\">{\"@context\":\"https:\\\/\\\/schema.org\",\"@graph\":[{\"@type\":\"WebPage\",\"@id\":\"https:\\\/\\\/hakmarfrance.online\\\/tr\\\/produit\\\/monster-juiced-aussie-lemonade-enerji-icecegi-500ml\\\/\",\"url\":\"https:\\\/\\\/hakmarfrance.online\\\/tr\\\/produit\\\/monster-juiced-aussie-lemonade-enerji-icecegi-500ml\\\/\",\"name\":\"Monster Juiced Aussie Lemonade \u2013 Enerji \u0130\u00e7ece\u011fi 500ml - hakmarfrance.online\",\"isPartOf\":{\"@id\":\"https:\\\/\\\/hakmarfrance.online\\\/tr\\\/#website\"},\"primaryImageOfPage\":{\"@id\":\"https:\\\/\\\/hakmarfrance.online\\\/tr\\\/produit\\\/monster-juiced-aussie-lemonade-enerji-icecegi-500ml\\\/#primaryimage\"},\"image\":{\"@id\":\"https:\\\/\\\/hakmarfrance.online\\\/tr\\\/produit\\\/monster-juiced-aussie-lemonade-enerji-icecegi-500ml\\\/#primaryimage\"},\"thumbnailUrl\":\"https:\\\/\\\/hakmarfrance.online\\\/wp-content\\\/uploads\\\/2025\\\/07\\\/monster-energy-juiced-aussie-lemonade-boisson-500ml.avif\",\"datePublished\":\"2025-07-04T13:03:27+00:00\",\"breadcrumb\":{\"@id\":\"https:\\\/\\\/hakmarfrance.online\\\/tr\\\/produit\\\/monster-juiced-aussie-lemonade-enerji-icecegi-500ml\\\/#breadcrumb\"},\"inLanguage\":\"tr-TR\",\"potentialAction\":[{\"@type\":\"ReadAction\",\"target\":[\"https:\\\/\\\/hakmarfrance.online\\\/tr\\\/produit\\\/monster-juiced-aussie-lemonade-enerji-icecegi-500ml\\\/\"]}]},{\"@type\":\"ImageObject\",\"inLanguage\":\"tr-TR\",\"@id\":\"https:\\\/\\\/hakmarfrance.online\\\/tr\\\/produit\\\/monster-juiced-aussie-lemonade-enerji-icecegi-500ml\\\/#primaryimage\",\"url\":\"https:\\\/\\\/hakmarfrance.online\\\/wp-content\\\/uploads\\\/2025\\\/07\\\/monster-energy-juiced-aussie-lemonade-boisson-500ml.avif\",\"contentUrl\":\"https:\\\/\\\/hakmarfrance.online\\\/wp-content\\\/uploads\\\/2025\\\/07\\\/monster-energy-juiced-aussie-lemonade-boisson-500ml.avif\",\"width\":1000,\"height\":800,\"caption\":\"Monster Juiced Aussie Lemonade \u2013 500 ml, meyve suyu i\u00e7eren limonlu enerji i\u00e7ece\u011fi\"},{\"@type\":\"BreadcrumbList\",\"@id\":\"https:\\\/\\\/hakmarfrance.online\\\/tr\\\/produit\\\/monster-juiced-aussie-lemonade-enerji-icecegi-500ml\\\/#breadcrumb\",\"itemListElement\":[{\"@type\":\"ListItem\",\"position\":1,\"name\":\"Accueil\",\"item\":\"https:\\\/\\\/hakmarfrance.online\\\/tr\\\/\"},{\"@type\":\"ListItem\",\"position\":2,\"name\":\"Ma\u011faza\",\"item\":\"https:\\\/\\\/hakmarfrance.online\\\/tr\\\/magaza\\\/\"},{\"@type\":\"ListItem\",\"position\":3,\"name\":\"Monster Juiced Aussie Lemonade \u2013 Enerji \u0130\u00e7ece\u011fi 500ml\"}]},{\"@type\":\"WebSite\",\"@id\":\"https:\\\/\\\/hakmarfrance.online\\\/tr\\\/#website\",\"url\":\"https:\\\/\\\/hakmarfrance.online\\\/tr\\\/\",\"name\":\"hakmarfrance.online\",\"description\":\"\",\"publisher\":{\"@id\":\"https:\\\/\\\/hakmarfrance.online\\\/tr\\\/#organization\"},\"potentialAction\":[{\"@type\":\"SearchAction\",\"target\":{\"@type\":\"EntryPoint\",\"urlTemplate\":\"https:\\\/\\\/hakmarfrance.online\\\/tr\\\/?s={search_term_string}\"},\"query-input\":{\"@type\":\"PropertyValueSpecification\",\"valueRequired\":true,\"valueName\":\"search_term_string\"}}],\"inLanguage\":\"tr-TR\"},{\"@type\":\"Organization\",\"@id\":\"https:\\\/\\\/hakmarfrance.online\\\/tr\\\/#organization\",\"name\":\"hakmarfrance.online\",\"url\":\"https:\\\/\\\/hakmarfrance.online\\\/tr\\\/\",\"logo\":{\"@type\":\"ImageObject\",\"inLanguage\":\"tr-TR\",\"@id\":\"https:\\\/\\\/hakmarfrance.online\\\/tr\\\/#\\\/schema\\\/logo\\\/image\\\/\",\"url\":\"https:\\\/\\\/hakmarfrance.online\\\/wp-content\\\/uploads\\\/2025\\\/06\\\/logo-hakmarfrance.png\",\"contentUrl\":\"https:\\\/\\\/hakmarfrance.online\\\/wp-content\\\/uploads\\\/2025\\\/06\\\/logo-hakmarfrance.png\",\"width\":528,\"height\":232,\"caption\":\"hakmarfrance.online\"},\"image\":{\"@id\":\"https:\\\/\\\/hakmarfrance.online\\\/tr\\\/#\\\/schema\\\/logo\\\/image\\\/\"},\"sameAs\":[\"https:\\\/\\\/www.facebook.com\\\/HakmarFranceSupermarche\\\/?locale=fr_FR\",\"https:\\\/\\\/www.instagram.com\\\/hakmarfrancesupermarche\\\/\"]}]}<\/script>\n<!-- \/ Yoast SEO plugin. -->","yoast_head_json":{"title":"Monster Juiced Aussie Lemonade \u2013 Enerji \u0130\u00e7ece\u011fi 500ml - hakmarfrance.online","robots":{"index":"index","follow":"follow","max-snippet":"max-snippet:-1","max-image-preview":"max-image-preview:large","max-video-preview":"max-video-preview:-1"},"canonical":"https:\/\/hakmarfrance.online\/tr\/produit\/monster-juiced-aussie-lemonade-enerji-icecegi-500ml\/","og_locale":"tr_TR","og_type":"article","og_title":"Monster Juiced Aussie Lemonade \u2013 Enerji \u0130\u00e7ece\u011fi 500ml - hakmarfrance.online","og_description":"Monster Juiced Aussie Lemonade'in yo\u011funlu\u011funu ke\u015ffedin, Avustralya limonatas\u0131n\u0131n ferahlat\u0131c\u0131 tad\u0131n\u0131 Monster'\u0131n g\u00fcc\u00fcyle birle\u015ftiren e\u015fsiz bir enerji i\u00e7ece\u011fi. Her yudumda enerji ve e\u011flence dolu bir konsantre. \u2714\ufe0f Tropikal limonata lezzeti\u2714\ufe0f Enerji + meyve suyu kar\u0131\u015f\u0131m\u0131\u2714\ufe0f Gazl\u0131 enerji i\u00e7ece\u011fi \u2013 500 ml\u2714\ufe0f G\u00fcn\u00fcn\u00fcz\u00fc veya antrenmanlar\u0131n\u0131z\u0131 g\u00fc\u00e7lendirmek i\u00e7in ideal\u2714\ufe0f Koleksiyonluk tasar\u0131m ve \u00e7arp\u0131c\u0131 g\u00f6rsel Kendini a\u015fmaktan korkmayanlara pratik bir format ve meyveli bir enerji patlamas\u0131!","og_url":"https:\/\/hakmarfrance.online\/tr\/produit\/monster-juiced-aussie-lemonade-enerji-icecegi-500ml\/","og_site_name":"hakmarfrance.online","article_publisher":"https:\/\/www.facebook.com\/HakmarFranceSupermarche\/?locale=fr_FR","og_image":[{"width":1000,"height":800,"url":"https:\/\/hakmarfrance.online\/wp-content\/uploads\/2025\/07\/monster-energy-juiced-aussie-lemonade-boisson-500ml.avif","type":"image\/png"}],"twitter_card":"summary_large_image","schema":{"@context":"https:\/\/schema.org","@graph":[{"@type":"WebPage","@id":"https:\/\/hakmarfrance.online\/tr\/produit\/monster-juiced-aussie-lemonade-enerji-icecegi-500ml\/","url":"https:\/\/hakmarfrance.online\/tr\/produit\/monster-juiced-aussie-lemonade-enerji-icecegi-500ml\/","name":"Monster Juiced Aussie Lemonade \u2013 Enerji \u0130\u00e7ece\u011fi 500ml - hakmarfrance.online","isPartOf":{"@id":"https:\/\/hakmarfrance.online\/tr\/#website"},"primaryImageOfPage":{"@id":"https:\/\/hakmarfrance.online\/tr\/produit\/monster-juiced-aussie-lemonade-enerji-icecegi-500ml\/#primaryimage"},"image":{"@id":"https:\/\/hakmarfrance.online\/tr\/produit\/monster-juiced-aussie-lemonade-enerji-icecegi-500ml\/#primaryimage"},"thumbnailUrl":"https:\/\/hakmarfrance.online\/wp-content\/uploads\/2025\/07\/monster-energy-juiced-aussie-lemonade-boisson-500ml.avif","datePublished":"2025-07-04T13:03:27+00:00","breadcrumb":{"@id":"https:\/\/hakmarfrance.online\/tr\/produit\/monster-juiced-aussie-lemonade-enerji-icecegi-500ml\/#breadcrumb"},"inLanguage":"tr-TR","potentialAction":[{"@type":"ReadAction","target":["https:\/\/hakmarfrance.online\/tr\/produit\/monster-juiced-aussie-lemonade-enerji-icecegi-500ml\/"]}]},{"@type":"ImageObject","inLanguage":"tr-TR","@id":"https:\/\/hakmarfrance.online\/tr\/produit\/monster-juiced-aussie-lemonade-enerji-icecegi-500ml\/#primaryimage","url":"https:\/\/hakmarfrance.online\/wp-content\/uploads\/2025\/07\/monster-energy-juiced-aussie-lemonade-boisson-500ml.avif","contentUrl":"https:\/\/hakmarfrance.online\/wp-content\/uploads\/2025\/07\/monster-energy-juiced-aussie-lemonade-boisson-500ml.avif","width":1000,"height":800,"caption":"Monster Juiced Aussie Lemonade \u2013 500 ml, meyve suyu i\u00e7eren limonlu enerji i\u00e7ece\u011fi"},{"@type":"BreadcrumbList","@id":"https:\/\/hakmarfrance.online\/tr\/produit\/monster-juiced-aussie-lemonade-enerji-icecegi-500ml\/#breadcrumb","itemListElement":[{"@type":"ListItem","position":1,"name":"Accueil","item":"https:\/\/hakmarfrance.online\/tr\/"},{"@type":"ListItem","position":2,"name":"Ma\u011faza","item":"https:\/\/hakmarfrance.online\/tr\/magaza\/"},{"@type":"ListItem","position":3,"name":"Monster Juiced Aussie Lemonade \u2013 Enerji \u0130\u00e7ece\u011fi 500ml"}]},{"@type":"WebSite","@id":"https:\/\/hakmarfrance.online\/tr\/#website","url":"https:\/\/hakmarfrance.online\/tr\/","name":"hakmarfrance.online","description":"","publisher":{"@id":"https:\/\/hakmarfrance.online\/tr\/#organization"},"potentialAction":[{"@type":"SearchAction","target":{"@type":"EntryPoint","urlTemplate":"https:\/\/hakmarfrance.online\/tr\/?s={search_term_string}"},"query-input":{"@type":"PropertyValueSpecification","valueRequired":true,"valueName":"search_term_string"}}],"inLanguage":"tr-TR"},{"@type":"Organization","@id":"https:\/\/hakmarfrance.online\/tr\/#organization","name":"hakmarfrance.online","url":"https:\/\/hakmarfrance.online\/tr\/","logo":{"@type":"ImageObject","inLanguage":"tr-TR","@id":"https:\/\/hakmarfrance.online\/tr\/#\/schema\/logo\/image\/","url":"https:\/\/hakmarfrance.online\/wp-content\/uploads\/2025\/06\/logo-hakmarfrance.png","contentUrl":"https:\/\/hakmarfrance.online\/wp-content\/uploads\/2025\/06\/logo-hakmarfrance.png","width":528,"height":232,"caption":"hakmarfrance.online"},"image":{"@id":"https:\/\/hakmarfrance.online\/tr\/#\/schema\/logo\/image\/"},"sameAs":["https:\/\/www.facebook.com\/HakmarFranceSupermarche\/?locale=fr_FR","https:\/\/www.instagram.com\/hakmarfrancesupermarche\/"]}]}},"_links":{"self":[{"href":"https:\/\/hakmarfrance.online\/tr\/wp-json\/wp\/v2\/product\/17943","targetHints":{"allow":["GET"]}}],"collection":[{"href":"https:\/\/hakmarfrance.online\/tr\/wp-json\/wp\/v2\/product"}],"about":[{"href":"https:\/\/hakmarfrance.online\/tr\/wp-json\/wp\/v2\/types\/product"}],"replies":[{"embeddable":true,"href":"https:\/\/hakmarfrance.online\/tr\/wp-json\/wp\/v2\/comments?post=17943"}],"version-history":[{"count":0,"href":"https:\/\/hakmarfrance.online\/tr\/wp-json\/wp\/v2\/product\/17943\/revisions"}],"wp:featuredmedia":[{"embeddable":true,"href":"https:\/\/hakmarfrance.online\/tr\/wp-json\/wp\/v2\/media\/17944"}],"wp:attachment":[{"href":"https:\/\/hakmarfrance.online\/tr\/wp-json\/wp\/v2\/media?parent=17943"}],"wp:term":[{"taxonomy":"product_brand","embeddable":true,"href":"https:\/\/hakmarfrance.online\/tr\/wp-json\/wp\/v2\/product_brand?post=17943"},{"taxonomy":"product_cat","embeddable":true,"href":"https:\/\/hakmarfrance.online\/tr\/wp-json\/wp\/v2\/product_cat?post=17943"},{"taxonomy":"product_tag","embeddable":true,"href":"https:\/\/hakmarfrance.online\/tr\/wp-json\/wp\/v2\/product_tag?post=17943"}],"curies":[{"name":"wp","href":"https:\/\/api.w.org\/{rel}","templated":true}]}}