{"id":17948,"date":"2025-07-09T07:06:16","date_gmt":"2025-07-09T07:06:16","guid":{"rendered":"https:\/\/hakmarfrance.online\/produit\/freez-mix-elma-uzum-gazli-icecek-275ml\/"},"modified":"2025-07-09T07:06:16","modified_gmt":"2025-07-09T07:06:16","slug":"freez-mix-elma-uzum-gazli-icecek-275ml","status":"publish","type":"product","link":"https:\/\/hakmarfrance.online\/tr\/produit\/freez-mix-elma-uzum-gazli-icecek-275ml\/","title":{"rendered":"Freez Mix Elma &amp; \u00dcz\u00fcm &#8211; Gazl\u0131 \u0130\u00e7ecek &#8211; 275ml"},"content":{"rendered":"","protected":false},"excerpt":{"rendered":"<p data-start=\"339\" data-end=\"515\"><strong data-start=\"388\" data-end=\"416\">Freez Mix Elma &amp; \u00dcz\u00fcm<\/strong>&#8216;\u00fcn ferahlat\u0131c\u0131 ve meyveli tad\u0131n\u0131 ke\u015ffedin. Do\u011fal renklendirilmi\u015f, <strong data-start=\"422\" data-end=\"453\">alkols\u00fcz gazl\u0131 i\u00e7ecek<\/strong> g\u00fcn\u00fcn her saatinde ideal.<\/p>\n<p data-start=\"517\" data-end=\"733\">\u2714\ufe0f Yo\u011fun elma ve \u00fcz\u00fcm aromas\u0131<br data-start=\"555\" data-end=\"558\">\u2714\ufe0f Alkols\u00fcz &#8211; her ya\u015fa uygun<br data-start=\"601\" data-end=\"604\">\u2714\ufe0f Do\u011fal aromalar ve do\u011fal renklendirme<br data-start=\"646\" data-end=\"649\">\u2714\ufe0f 275 ml cam \u015fi\u015fe<br data-start=\"680\" data-end=\"683\">\u2714\ufe0f En iyi lezzet i\u00e7in so\u011fuk servis edilir<\/p>\n<p data-start=\"735\" data-end=\"814\">E\u011flenceli tasar\u0131m, \u00f6zg\u00fcn i\u00e7ecek ve payla\u015fmak i\u00e7in harika bir k\u00f6p\u00fckl\u00fc keyif!<\/p>\n","protected":false},"featured_media":17951,"comment_status":"open","ping_status":"closed","template":"","meta":{"iawp_total_views":0},"product_brand":[200],"product_cat":[228,229,225],"product_tag":[],"class_list":{"0":"post-17948","1":"product","2":"type-product","3":"status-publish","4":"has-post-thumbnail","6":"product_brand-freez","7":"product_cat-icecekler","8":"product_cat-soguk-icecek","9":"product_cat-tum-urunlerimiz","11":"first","12":"instock","13":"shipping-taxable","14":"purchasable","15":"product-type-simple"},"yoast_head":"<!-- This site is optimized with the Yoast SEO plugin v27.3 - https:\/\/yoast.com\/product\/yoast-seo-wordpress\/ -->\n<title>Freez Mix Elma &amp; \u00dcz\u00fcm - Gazl\u0131 \u0130\u00e7ecek - 275ml - hakmarfrance.online<\/title>\n<meta name=\"robots\" content=\"index, follow, max-snippet:-1, max-image-preview:large, max-video-preview:-1\" \/>\n<link rel=\"canonical\" href=\"https:\/\/hakmarfrance.online\/tr\/produit\/freez-mix-elma-uzum-gazli-icecek-275ml\/\" \/>\n<meta property=\"og:locale\" content=\"tr_TR\" \/>\n<meta property=\"og:type\" content=\"article\" \/>\n<meta property=\"og:title\" content=\"Freez Mix Elma &amp; \u00dcz\u00fcm - Gazl\u0131 \u0130\u00e7ecek - 275ml - hakmarfrance.online\" \/>\n<meta property=\"og:description\" content=\"Freez Mix Elma &amp; \u00dcz\u00fcm&#039;\u00fcn ferahlat\u0131c\u0131 ve meyveli tad\u0131n\u0131 ke\u015ffedin. Do\u011fal renklendirilmi\u015f, alkols\u00fcz gazl\u0131 i\u00e7ecek g\u00fcn\u00fcn her saatinde ideal. \u2714\ufe0f Yo\u011fun elma ve \u00fcz\u00fcm aromas\u0131\u2714\ufe0f Alkols\u00fcz - her ya\u015fa uygun\u2714\ufe0f Do\u011fal aromalar ve do\u011fal renklendirme\u2714\ufe0f 275 ml cam \u015fi\u015fe\u2714\ufe0f En iyi lezzet i\u00e7in so\u011fuk servis edilir E\u011flenceli tasar\u0131m, \u00f6zg\u00fcn i\u00e7ecek ve payla\u015fmak i\u00e7in harika bir k\u00f6p\u00fckl\u00fc keyif!\" \/>\n<meta property=\"og:url\" content=\"https:\/\/hakmarfrance.online\/tr\/produit\/freez-mix-elma-uzum-gazli-icecek-275ml\/\" \/>\n<meta property=\"og:site_name\" content=\"hakmarfrance.online\" \/>\n<meta property=\"article:publisher\" content=\"https:\/\/www.facebook.com\/HakmarFranceSupermarche\/?locale=fr_FR\" \/>\n<meta property=\"og:image\" content=\"https:\/\/hakmarfrance.online\/wp-content\/uploads\/2025\/07\/freez-mix-pomme-raisin-boisson-gazeuse-275ml.avif\" \/>\n\t<meta property=\"og:image:width\" content=\"1000\" \/>\n\t<meta property=\"og:image:height\" content=\"800\" \/>\n\t<meta property=\"og:image:type\" content=\"image\/png\" \/>\n<meta name=\"twitter:card\" content=\"summary_large_image\" \/>\n<script type=\"application\/ld+json\" class=\"yoast-schema-graph\">{\"@context\":\"https:\\\/\\\/schema.org\",\"@graph\":[{\"@type\":\"WebPage\",\"@id\":\"https:\\\/\\\/hakmarfrance.online\\\/tr\\\/produit\\\/freez-mix-elma-uzum-gazli-icecek-275ml\\\/\",\"url\":\"https:\\\/\\\/hakmarfrance.online\\\/tr\\\/produit\\\/freez-mix-elma-uzum-gazli-icecek-275ml\\\/\",\"name\":\"Freez Mix Elma &amp; \u00dcz\u00fcm - Gazl\u0131 \u0130\u00e7ecek - 275ml - hakmarfrance.online\",\"isPartOf\":{\"@id\":\"https:\\\/\\\/hakmarfrance.online\\\/tr\\\/#website\"},\"primaryImageOfPage\":{\"@id\":\"https:\\\/\\\/hakmarfrance.online\\\/tr\\\/produit\\\/freez-mix-elma-uzum-gazli-icecek-275ml\\\/#primaryimage\"},\"image\":{\"@id\":\"https:\\\/\\\/hakmarfrance.online\\\/tr\\\/produit\\\/freez-mix-elma-uzum-gazli-icecek-275ml\\\/#primaryimage\"},\"thumbnailUrl\":\"https:\\\/\\\/hakmarfrance.online\\\/wp-content\\\/uploads\\\/2025\\\/07\\\/freez-mix-pomme-raisin-boisson-gazeuse-275ml.avif\",\"datePublished\":\"2025-07-09T07:06:16+00:00\",\"breadcrumb\":{\"@id\":\"https:\\\/\\\/hakmarfrance.online\\\/tr\\\/produit\\\/freez-mix-elma-uzum-gazli-icecek-275ml\\\/#breadcrumb\"},\"inLanguage\":\"tr-TR\",\"potentialAction\":[{\"@type\":\"ReadAction\",\"target\":[\"https:\\\/\\\/hakmarfrance.online\\\/tr\\\/produit\\\/freez-mix-elma-uzum-gazli-icecek-275ml\\\/\"]}]},{\"@type\":\"ImageObject\",\"inLanguage\":\"tr-TR\",\"@id\":\"https:\\\/\\\/hakmarfrance.online\\\/tr\\\/produit\\\/freez-mix-elma-uzum-gazli-icecek-275ml\\\/#primaryimage\",\"url\":\"https:\\\/\\\/hakmarfrance.online\\\/wp-content\\\/uploads\\\/2025\\\/07\\\/freez-mix-pomme-raisin-boisson-gazeuse-275ml.avif\",\"contentUrl\":\"https:\\\/\\\/hakmarfrance.online\\\/wp-content\\\/uploads\\\/2025\\\/07\\\/freez-mix-pomme-raisin-boisson-gazeuse-275ml.avif\",\"width\":1000,\"height\":800,\"caption\":\"Freez Mix elma &amp; \u00fcz\u00fcm - 275 ml, alkols\u00fcz meyveli gazl\u0131 i\u00e7ecek\"},{\"@type\":\"BreadcrumbList\",\"@id\":\"https:\\\/\\\/hakmarfrance.online\\\/tr\\\/produit\\\/freez-mix-elma-uzum-gazli-icecek-275ml\\\/#breadcrumb\",\"itemListElement\":[{\"@type\":\"ListItem\",\"position\":1,\"name\":\"Accueil\",\"item\":\"https:\\\/\\\/hakmarfrance.online\\\/tr\\\/\"},{\"@type\":\"ListItem\",\"position\":2,\"name\":\"Ma\u011faza\",\"item\":\"https:\\\/\\\/hakmarfrance.online\\\/tr\\\/magaza\\\/\"},{\"@type\":\"ListItem\",\"position\":3,\"name\":\"Freez Mix Elma &amp; \u00dcz\u00fcm &#8211; Gazl\u0131 \u0130\u00e7ecek &#8211; 275ml\"}]},{\"@type\":\"WebSite\",\"@id\":\"https:\\\/\\\/hakmarfrance.online\\\/tr\\\/#website\",\"url\":\"https:\\\/\\\/hakmarfrance.online\\\/tr\\\/\",\"name\":\"hakmarfrance.online\",\"description\":\"\",\"publisher\":{\"@id\":\"https:\\\/\\\/hakmarfrance.online\\\/tr\\\/#organization\"},\"potentialAction\":[{\"@type\":\"SearchAction\",\"target\":{\"@type\":\"EntryPoint\",\"urlTemplate\":\"https:\\\/\\\/hakmarfrance.online\\\/tr\\\/?s={search_term_string}\"},\"query-input\":{\"@type\":\"PropertyValueSpecification\",\"valueRequired\":true,\"valueName\":\"search_term_string\"}}],\"inLanguage\":\"tr-TR\"},{\"@type\":\"Organization\",\"@id\":\"https:\\\/\\\/hakmarfrance.online\\\/tr\\\/#organization\",\"name\":\"hakmarfrance.online\",\"url\":\"https:\\\/\\\/hakmarfrance.online\\\/tr\\\/\",\"logo\":{\"@type\":\"ImageObject\",\"inLanguage\":\"tr-TR\",\"@id\":\"https:\\\/\\\/hakmarfrance.online\\\/tr\\\/#\\\/schema\\\/logo\\\/image\\\/\",\"url\":\"https:\\\/\\\/hakmarfrance.online\\\/wp-content\\\/uploads\\\/2025\\\/06\\\/logo-hakmarfrance.png\",\"contentUrl\":\"https:\\\/\\\/hakmarfrance.online\\\/wp-content\\\/uploads\\\/2025\\\/06\\\/logo-hakmarfrance.png\",\"width\":528,\"height\":232,\"caption\":\"hakmarfrance.online\"},\"image\":{\"@id\":\"https:\\\/\\\/hakmarfrance.online\\\/tr\\\/#\\\/schema\\\/logo\\\/image\\\/\"},\"sameAs\":[\"https:\\\/\\\/www.facebook.com\\\/HakmarFranceSupermarche\\\/?locale=fr_FR\",\"https:\\\/\\\/www.instagram.com\\\/hakmarfrancesupermarche\\\/\"]}]}<\/script>\n<!-- \/ Yoast SEO plugin. -->","yoast_head_json":{"title":"Freez Mix Elma &amp; \u00dcz\u00fcm - Gazl\u0131 \u0130\u00e7ecek - 275ml - hakmarfrance.online","robots":{"index":"index","follow":"follow","max-snippet":"max-snippet:-1","max-image-preview":"max-image-preview:large","max-video-preview":"max-video-preview:-1"},"canonical":"https:\/\/hakmarfrance.online\/tr\/produit\/freez-mix-elma-uzum-gazli-icecek-275ml\/","og_locale":"tr_TR","og_type":"article","og_title":"Freez Mix Elma &amp; \u00dcz\u00fcm - Gazl\u0131 \u0130\u00e7ecek - 275ml - hakmarfrance.online","og_description":"Freez Mix Elma &amp; \u00dcz\u00fcm'\u00fcn ferahlat\u0131c\u0131 ve meyveli tad\u0131n\u0131 ke\u015ffedin. Do\u011fal renklendirilmi\u015f, alkols\u00fcz gazl\u0131 i\u00e7ecek g\u00fcn\u00fcn her saatinde ideal. \u2714\ufe0f Yo\u011fun elma ve \u00fcz\u00fcm aromas\u0131\u2714\ufe0f Alkols\u00fcz - her ya\u015fa uygun\u2714\ufe0f Do\u011fal aromalar ve do\u011fal renklendirme\u2714\ufe0f 275 ml cam \u015fi\u015fe\u2714\ufe0f En iyi lezzet i\u00e7in so\u011fuk servis edilir E\u011flenceli tasar\u0131m, \u00f6zg\u00fcn i\u00e7ecek ve payla\u015fmak i\u00e7in harika bir k\u00f6p\u00fckl\u00fc keyif!","og_url":"https:\/\/hakmarfrance.online\/tr\/produit\/freez-mix-elma-uzum-gazli-icecek-275ml\/","og_site_name":"hakmarfrance.online","article_publisher":"https:\/\/www.facebook.com\/HakmarFranceSupermarche\/?locale=fr_FR","og_image":[{"width":1000,"height":800,"url":"https:\/\/hakmarfrance.online\/wp-content\/uploads\/2025\/07\/freez-mix-pomme-raisin-boisson-gazeuse-275ml.avif","type":"image\/png"}],"twitter_card":"summary_large_image","schema":{"@context":"https:\/\/schema.org","@graph":[{"@type":"WebPage","@id":"https:\/\/hakmarfrance.online\/tr\/produit\/freez-mix-elma-uzum-gazli-icecek-275ml\/","url":"https:\/\/hakmarfrance.online\/tr\/produit\/freez-mix-elma-uzum-gazli-icecek-275ml\/","name":"Freez Mix Elma &amp; \u00dcz\u00fcm - Gazl\u0131 \u0130\u00e7ecek - 275ml - hakmarfrance.online","isPartOf":{"@id":"https:\/\/hakmarfrance.online\/tr\/#website"},"primaryImageOfPage":{"@id":"https:\/\/hakmarfrance.online\/tr\/produit\/freez-mix-elma-uzum-gazli-icecek-275ml\/#primaryimage"},"image":{"@id":"https:\/\/hakmarfrance.online\/tr\/produit\/freez-mix-elma-uzum-gazli-icecek-275ml\/#primaryimage"},"thumbnailUrl":"https:\/\/hakmarfrance.online\/wp-content\/uploads\/2025\/07\/freez-mix-pomme-raisin-boisson-gazeuse-275ml.avif","datePublished":"2025-07-09T07:06:16+00:00","breadcrumb":{"@id":"https:\/\/hakmarfrance.online\/tr\/produit\/freez-mix-elma-uzum-gazli-icecek-275ml\/#breadcrumb"},"inLanguage":"tr-TR","potentialAction":[{"@type":"ReadAction","target":["https:\/\/hakmarfrance.online\/tr\/produit\/freez-mix-elma-uzum-gazli-icecek-275ml\/"]}]},{"@type":"ImageObject","inLanguage":"tr-TR","@id":"https:\/\/hakmarfrance.online\/tr\/produit\/freez-mix-elma-uzum-gazli-icecek-275ml\/#primaryimage","url":"https:\/\/hakmarfrance.online\/wp-content\/uploads\/2025\/07\/freez-mix-pomme-raisin-boisson-gazeuse-275ml.avif","contentUrl":"https:\/\/hakmarfrance.online\/wp-content\/uploads\/2025\/07\/freez-mix-pomme-raisin-boisson-gazeuse-275ml.avif","width":1000,"height":800,"caption":"Freez Mix elma &amp; \u00fcz\u00fcm - 275 ml, alkols\u00fcz meyveli gazl\u0131 i\u00e7ecek"},{"@type":"BreadcrumbList","@id":"https:\/\/hakmarfrance.online\/tr\/produit\/freez-mix-elma-uzum-gazli-icecek-275ml\/#breadcrumb","itemListElement":[{"@type":"ListItem","position":1,"name":"Accueil","item":"https:\/\/hakmarfrance.online\/tr\/"},{"@type":"ListItem","position":2,"name":"Ma\u011faza","item":"https:\/\/hakmarfrance.online\/tr\/magaza\/"},{"@type":"ListItem","position":3,"name":"Freez Mix Elma &amp; \u00dcz\u00fcm &#8211; Gazl\u0131 \u0130\u00e7ecek &#8211; 275ml"}]},{"@type":"WebSite","@id":"https:\/\/hakmarfrance.online\/tr\/#website","url":"https:\/\/hakmarfrance.online\/tr\/","name":"hakmarfrance.online","description":"","publisher":{"@id":"https:\/\/hakmarfrance.online\/tr\/#organization"},"potentialAction":[{"@type":"SearchAction","target":{"@type":"EntryPoint","urlTemplate":"https:\/\/hakmarfrance.online\/tr\/?s={search_term_string}"},"query-input":{"@type":"PropertyValueSpecification","valueRequired":true,"valueName":"search_term_string"}}],"inLanguage":"tr-TR"},{"@type":"Organization","@id":"https:\/\/hakmarfrance.online\/tr\/#organization","name":"hakmarfrance.online","url":"https:\/\/hakmarfrance.online\/tr\/","logo":{"@type":"ImageObject","inLanguage":"tr-TR","@id":"https:\/\/hakmarfrance.online\/tr\/#\/schema\/logo\/image\/","url":"https:\/\/hakmarfrance.online\/wp-content\/uploads\/2025\/06\/logo-hakmarfrance.png","contentUrl":"https:\/\/hakmarfrance.online\/wp-content\/uploads\/2025\/06\/logo-hakmarfrance.png","width":528,"height":232,"caption":"hakmarfrance.online"},"image":{"@id":"https:\/\/hakmarfrance.online\/tr\/#\/schema\/logo\/image\/"},"sameAs":["https:\/\/www.facebook.com\/HakmarFranceSupermarche\/?locale=fr_FR","https:\/\/www.instagram.com\/hakmarfrancesupermarche\/"]}]}},"_links":{"self":[{"href":"https:\/\/hakmarfrance.online\/tr\/wp-json\/wp\/v2\/product\/17948","targetHints":{"allow":["GET"]}}],"collection":[{"href":"https:\/\/hakmarfrance.online\/tr\/wp-json\/wp\/v2\/product"}],"about":[{"href":"https:\/\/hakmarfrance.online\/tr\/wp-json\/wp\/v2\/types\/product"}],"replies":[{"embeddable":true,"href":"https:\/\/hakmarfrance.online\/tr\/wp-json\/wp\/v2\/comments?post=17948"}],"version-history":[{"count":0,"href":"https:\/\/hakmarfrance.online\/tr\/wp-json\/wp\/v2\/product\/17948\/revisions"}],"wp:featuredmedia":[{"embeddable":true,"href":"https:\/\/hakmarfrance.online\/tr\/wp-json\/wp\/v2\/media\/17951"}],"wp:attachment":[{"href":"https:\/\/hakmarfrance.online\/tr\/wp-json\/wp\/v2\/media?parent=17948"}],"wp:term":[{"taxonomy":"product_brand","embeddable":true,"href":"https:\/\/hakmarfrance.online\/tr\/wp-json\/wp\/v2\/product_brand?post=17948"},{"taxonomy":"product_cat","embeddable":true,"href":"https:\/\/hakmarfrance.online\/tr\/wp-json\/wp\/v2\/product_cat?post=17948"},{"taxonomy":"product_tag","embeddable":true,"href":"https:\/\/hakmarfrance.online\/tr\/wp-json\/wp\/v2\/product_tag?post=17948"}],"curies":[{"name":"wp","href":"https:\/\/api.w.org\/{rel}","templated":true}]}}