{"id":17950,"date":"2025-07-04T20:56:10","date_gmt":"2025-07-04T20:56:10","guid":{"rendered":"https:\/\/hakmarfrance.online\/produit\/nutella-findik-ve-kakao-surulebilir-krema-1-kg\/"},"modified":"2025-07-04T20:56:10","modified_gmt":"2025-07-04T20:56:10","slug":"nutella-findik-ve-kakao-surulebilir-krema-1-kg","status":"publish","type":"product","link":"https:\/\/hakmarfrance.online\/tr\/produit\/nutella-findik-ve-kakao-surulebilir-krema-1-kg\/","title":{"rendered":"Nutella \u2013 F\u0131nd\u0131k ve Kakao S\u00fcr\u00fclebilir Krema \u2013 1 kg"},"content":{"rendered":"","protected":false},"excerpt":{"rendered":"<p data-start=\"334\" data-end=\"567\"><strong data-start=\"337\" data-end=\"366\">B\u00fcy\u00fck boy Nutella 1 kg<\/strong>, benzersiz f\u0131nd\u0131k tad\u0131n\u0131n ger\u00e7ek severleri i\u00e7in!<br data-start=\"422\" data-end=\"425\">Aileler ve tatl\u0131 severler i\u00e7in tasarlanan bu s\u00fcr\u00fclebilir krema, <strong data-start=\"511\" data-end=\"529\">kremsi kakao<\/strong> ile <strong data-start=\"533\" data-end=\"566\">ince kavrulmu\u015f f\u0131nd\u0131klar\u0131<\/strong> m\u00fckemmel bir uyumla birle\u015ftiriyor.<\/p>\n<p data-start=\"569\" data-end=\"755\">\ud83e\udd5e Ekmek, krep \u00fczerinde veya ev yap\u0131m\u0131 pastalar\u0131n\u0131zda m\u00fckemmel.<br data-start=\"636\" data-end=\"639\">\ud83c\udf30 Otantik lezzet, renklendirici ve koruyucu i\u00e7ermez.<br data-start=\"692\" data-end=\"695\">\ud83c\uddee\ud83c\uddf9 D\u00fcnya \u00e7ap\u0131nda referans olan Ferrero taraf\u0131ndan \u0130talya&#8217;da \u00fcretilmi\u015ftir.<\/p>\n<hr data-start=\"757\" data-end=\"760\">\n<p data-start=\"762\" data-end=\"800\">\u2705 <strong data-start=\"764\" data-end=\"796\">Ana \u00f6zellikler<\/strong>:<\/p>\n<ul data-start=\"801\" data-end=\"1024\">\n<li data-start=\"801\" data-end=\"825\">\n<p data-start=\"803\" data-end=\"825\"><strong data-start=\"803\" data-end=\"823\">Net a\u011f\u0131rl\u0131k: 1 kg<\/strong><\/p>\n<\/li>\n<li data-start=\"826\" data-end=\"928\">\n<p data-start=\"828\" data-end=\"928\"><strong data-start=\"828\" data-end=\"850\">Ana malzemeler:<\/strong> \u015feker, palm ya\u011f\u0131, f\u0131nd\u0131k (%13), ya\u011fs\u0131z kakao, ya\u011fs\u0131z s\u00fct tozu<\/p>\n<\/li>\n<li data-start=\"929\" data-end=\"972\">\n<p data-start=\"931\" data-end=\"972\"><strong data-start=\"939\" data-end=\"970\">Kremsi ve kolay s\u00fcr\u00fclebilir<\/strong> doku<\/p>\n<\/li>\n<li data-start=\"973\" data-end=\"1024\">\n<p data-start=\"975\" data-end=\"1024\"><strong data-start=\"999\" data-end=\"1024\">Optimal saklama<\/strong> i\u00e7in tekrar kapat\u0131labilir kavanoz<\/p>\n<\/li>\n<\/ul>\n","protected":false},"featured_media":17952,"comment_status":"open","ping_status":"closed","template":"","meta":{"iawp_total_views":0},"product_brand":[],"product_cat":[289,290,225,288],"product_tag":[],"class_list":{"0":"post-17950","1":"product","2":"type-product","3":"status-publish","4":"has-post-thumbnail","6":"product_cat-cikolatalar-lokumlar-tatli-barlar","7":"product_cat-tatli-market-urunleri","8":"product_cat-tum-urunlerimiz","9":"product_cat-tuzlu-gidalar","11":"first","12":"instock","13":"shipping-taxable","14":"purchasable","15":"product-type-simple"},"yoast_head":"<!-- This site is optimized with the Yoast SEO plugin v27.3 - https:\/\/yoast.com\/product\/yoast-seo-wordpress\/ -->\n<title>Nutella \u2013 F\u0131nd\u0131k ve Kakao S\u00fcr\u00fclebilir Krema \u2013 1 kg - hakmarfrance.online<\/title>\n<meta name=\"robots\" content=\"index, follow, max-snippet:-1, max-image-preview:large, max-video-preview:-1\" \/>\n<link rel=\"canonical\" href=\"https:\/\/hakmarfrance.online\/tr\/produit\/nutella-findik-ve-kakao-surulebilir-krema-1-kg\/\" \/>\n<meta property=\"og:locale\" content=\"tr_TR\" \/>\n<meta property=\"og:type\" content=\"article\" \/>\n<meta property=\"og:title\" content=\"Nutella \u2013 F\u0131nd\u0131k ve Kakao S\u00fcr\u00fclebilir Krema \u2013 1 kg - hakmarfrance.online\" \/>\n<meta property=\"og:description\" content=\"B\u00fcy\u00fck boy Nutella 1 kg, benzersiz f\u0131nd\u0131k tad\u0131n\u0131n ger\u00e7ek severleri i\u00e7in!Aileler ve tatl\u0131 severler i\u00e7in tasarlanan bu s\u00fcr\u00fclebilir krema, kremsi kakao ile ince kavrulmu\u015f f\u0131nd\u0131klar\u0131 m\u00fckemmel bir uyumla birle\u015ftiriyor. \ud83e\udd5e Ekmek, krep \u00fczerinde veya ev yap\u0131m\u0131 pastalar\u0131n\u0131zda m\u00fckemmel.\ud83c\udf30 Otantik lezzet, renklendirici ve koruyucu i\u00e7ermez.\ud83c\uddee\ud83c\uddf9 D\u00fcnya \u00e7ap\u0131nda referans olan Ferrero taraf\u0131ndan \u0130talya&#039;da \u00fcretilmi\u015ftir.  \u2705 Ana \u00f6zellikler:   Net a\u011f\u0131rl\u0131k: 1 kg   Ana malzemeler: \u015feker, palm ya\u011f\u0131, f\u0131nd\u0131k (%13), ya\u011fs\u0131z kakao, ya\u011fs\u0131z s\u00fct tozu   Kremsi ve kolay s\u00fcr\u00fclebilir doku   Optimal saklama i\u00e7in tekrar kapat\u0131labilir kavanoz\" \/>\n<meta property=\"og:url\" content=\"https:\/\/hakmarfrance.online\/tr\/produit\/nutella-findik-ve-kakao-surulebilir-krema-1-kg\/\" \/>\n<meta property=\"og:site_name\" content=\"hakmarfrance.online\" \/>\n<meta property=\"article:publisher\" content=\"https:\/\/www.facebook.com\/HakmarFranceSupermarche\/?locale=fr_FR\" \/>\n<meta property=\"og:image\" content=\"https:\/\/hakmarfrance.online\/wp-content\/uploads\/2025\/07\/nutella-pate-a-tartiner-noisette-1kg.avif\" \/>\n\t<meta property=\"og:image:width\" content=\"1000\" \/>\n\t<meta property=\"og:image:height\" content=\"800\" \/>\n\t<meta property=\"og:image:type\" content=\"image\/png\" \/>\n<meta name=\"twitter:card\" content=\"summary_large_image\" \/>\n<script type=\"application\/ld+json\" class=\"yoast-schema-graph\">{\"@context\":\"https:\\\/\\\/schema.org\",\"@graph\":[{\"@type\":\"WebPage\",\"@id\":\"https:\\\/\\\/hakmarfrance.online\\\/tr\\\/produit\\\/nutella-findik-ve-kakao-surulebilir-krema-1-kg\\\/\",\"url\":\"https:\\\/\\\/hakmarfrance.online\\\/tr\\\/produit\\\/nutella-findik-ve-kakao-surulebilir-krema-1-kg\\\/\",\"name\":\"Nutella \u2013 F\u0131nd\u0131k ve Kakao S\u00fcr\u00fclebilir Krema \u2013 1 kg - hakmarfrance.online\",\"isPartOf\":{\"@id\":\"https:\\\/\\\/hakmarfrance.online\\\/tr\\\/#website\"},\"primaryImageOfPage\":{\"@id\":\"https:\\\/\\\/hakmarfrance.online\\\/tr\\\/produit\\\/nutella-findik-ve-kakao-surulebilir-krema-1-kg\\\/#primaryimage\"},\"image\":{\"@id\":\"https:\\\/\\\/hakmarfrance.online\\\/tr\\\/produit\\\/nutella-findik-ve-kakao-surulebilir-krema-1-kg\\\/#primaryimage\"},\"thumbnailUrl\":\"https:\\\/\\\/hakmarfrance.online\\\/wp-content\\\/uploads\\\/2025\\\/07\\\/nutella-pate-a-tartiner-noisette-1kg.avif\",\"datePublished\":\"2025-07-04T20:56:10+00:00\",\"breadcrumb\":{\"@id\":\"https:\\\/\\\/hakmarfrance.online\\\/tr\\\/produit\\\/nutella-findik-ve-kakao-surulebilir-krema-1-kg\\\/#breadcrumb\"},\"inLanguage\":\"tr-TR\",\"potentialAction\":[{\"@type\":\"ReadAction\",\"target\":[\"https:\\\/\\\/hakmarfrance.online\\\/tr\\\/produit\\\/nutella-findik-ve-kakao-surulebilir-krema-1-kg\\\/\"]}]},{\"@type\":\"ImageObject\",\"inLanguage\":\"tr-TR\",\"@id\":\"https:\\\/\\\/hakmarfrance.online\\\/tr\\\/produit\\\/nutella-findik-ve-kakao-surulebilir-krema-1-kg\\\/#primaryimage\",\"url\":\"https:\\\/\\\/hakmarfrance.online\\\/wp-content\\\/uploads\\\/2025\\\/07\\\/nutella-pate-a-tartiner-noisette-1kg.avif\",\"contentUrl\":\"https:\\\/\\\/hakmarfrance.online\\\/wp-content\\\/uploads\\\/2025\\\/07\\\/nutella-pate-a-tartiner-noisette-1kg.avif\",\"width\":1000,\"height\":800,\"caption\":\"Nutella \u2013 1 kg f\u0131nd\u0131k ve kakao s\u00fcr\u00fclebilir krema kavanozu\"},{\"@type\":\"BreadcrumbList\",\"@id\":\"https:\\\/\\\/hakmarfrance.online\\\/tr\\\/produit\\\/nutella-findik-ve-kakao-surulebilir-krema-1-kg\\\/#breadcrumb\",\"itemListElement\":[{\"@type\":\"ListItem\",\"position\":1,\"name\":\"Accueil\",\"item\":\"https:\\\/\\\/hakmarfrance.online\\\/tr\\\/\"},{\"@type\":\"ListItem\",\"position\":2,\"name\":\"Ma\u011faza\",\"item\":\"https:\\\/\\\/hakmarfrance.online\\\/tr\\\/magaza\\\/\"},{\"@type\":\"ListItem\",\"position\":3,\"name\":\"Nutella \u2013 F\u0131nd\u0131k ve Kakao S\u00fcr\u00fclebilir Krema \u2013 1 kg\"}]},{\"@type\":\"WebSite\",\"@id\":\"https:\\\/\\\/hakmarfrance.online\\\/tr\\\/#website\",\"url\":\"https:\\\/\\\/hakmarfrance.online\\\/tr\\\/\",\"name\":\"hakmarfrance.online\",\"description\":\"\",\"publisher\":{\"@id\":\"https:\\\/\\\/hakmarfrance.online\\\/tr\\\/#organization\"},\"potentialAction\":[{\"@type\":\"SearchAction\",\"target\":{\"@type\":\"EntryPoint\",\"urlTemplate\":\"https:\\\/\\\/hakmarfrance.online\\\/tr\\\/?s={search_term_string}\"},\"query-input\":{\"@type\":\"PropertyValueSpecification\",\"valueRequired\":true,\"valueName\":\"search_term_string\"}}],\"inLanguage\":\"tr-TR\"},{\"@type\":\"Organization\",\"@id\":\"https:\\\/\\\/hakmarfrance.online\\\/tr\\\/#organization\",\"name\":\"hakmarfrance.online\",\"url\":\"https:\\\/\\\/hakmarfrance.online\\\/tr\\\/\",\"logo\":{\"@type\":\"ImageObject\",\"inLanguage\":\"tr-TR\",\"@id\":\"https:\\\/\\\/hakmarfrance.online\\\/tr\\\/#\\\/schema\\\/logo\\\/image\\\/\",\"url\":\"https:\\\/\\\/hakmarfrance.online\\\/wp-content\\\/uploads\\\/2025\\\/06\\\/logo-hakmarfrance.png\",\"contentUrl\":\"https:\\\/\\\/hakmarfrance.online\\\/wp-content\\\/uploads\\\/2025\\\/06\\\/logo-hakmarfrance.png\",\"width\":528,\"height\":232,\"caption\":\"hakmarfrance.online\"},\"image\":{\"@id\":\"https:\\\/\\\/hakmarfrance.online\\\/tr\\\/#\\\/schema\\\/logo\\\/image\\\/\"},\"sameAs\":[\"https:\\\/\\\/www.facebook.com\\\/HakmarFranceSupermarche\\\/?locale=fr_FR\",\"https:\\\/\\\/www.instagram.com\\\/hakmarfrancesupermarche\\\/\"]}]}<\/script>\n<!-- \/ Yoast SEO plugin. -->","yoast_head_json":{"title":"Nutella \u2013 F\u0131nd\u0131k ve Kakao S\u00fcr\u00fclebilir Krema \u2013 1 kg - hakmarfrance.online","robots":{"index":"index","follow":"follow","max-snippet":"max-snippet:-1","max-image-preview":"max-image-preview:large","max-video-preview":"max-video-preview:-1"},"canonical":"https:\/\/hakmarfrance.online\/tr\/produit\/nutella-findik-ve-kakao-surulebilir-krema-1-kg\/","og_locale":"tr_TR","og_type":"article","og_title":"Nutella \u2013 F\u0131nd\u0131k ve Kakao S\u00fcr\u00fclebilir Krema \u2013 1 kg - hakmarfrance.online","og_description":"B\u00fcy\u00fck boy Nutella 1 kg, benzersiz f\u0131nd\u0131k tad\u0131n\u0131n ger\u00e7ek severleri i\u00e7in!Aileler ve tatl\u0131 severler i\u00e7in tasarlanan bu s\u00fcr\u00fclebilir krema, kremsi kakao ile ince kavrulmu\u015f f\u0131nd\u0131klar\u0131 m\u00fckemmel bir uyumla birle\u015ftiriyor. \ud83e\udd5e Ekmek, krep \u00fczerinde veya ev yap\u0131m\u0131 pastalar\u0131n\u0131zda m\u00fckemmel.\ud83c\udf30 Otantik lezzet, renklendirici ve koruyucu i\u00e7ermez.\ud83c\uddee\ud83c\uddf9 D\u00fcnya \u00e7ap\u0131nda referans olan Ferrero taraf\u0131ndan \u0130talya'da \u00fcretilmi\u015ftir.  \u2705 Ana \u00f6zellikler:   Net a\u011f\u0131rl\u0131k: 1 kg   Ana malzemeler: \u015feker, palm ya\u011f\u0131, f\u0131nd\u0131k (%13), ya\u011fs\u0131z kakao, ya\u011fs\u0131z s\u00fct tozu   Kremsi ve kolay s\u00fcr\u00fclebilir doku   Optimal saklama i\u00e7in tekrar kapat\u0131labilir kavanoz","og_url":"https:\/\/hakmarfrance.online\/tr\/produit\/nutella-findik-ve-kakao-surulebilir-krema-1-kg\/","og_site_name":"hakmarfrance.online","article_publisher":"https:\/\/www.facebook.com\/HakmarFranceSupermarche\/?locale=fr_FR","og_image":[{"width":1000,"height":800,"url":"https:\/\/hakmarfrance.online\/wp-content\/uploads\/2025\/07\/nutella-pate-a-tartiner-noisette-1kg.avif","type":"image\/png"}],"twitter_card":"summary_large_image","schema":{"@context":"https:\/\/schema.org","@graph":[{"@type":"WebPage","@id":"https:\/\/hakmarfrance.online\/tr\/produit\/nutella-findik-ve-kakao-surulebilir-krema-1-kg\/","url":"https:\/\/hakmarfrance.online\/tr\/produit\/nutella-findik-ve-kakao-surulebilir-krema-1-kg\/","name":"Nutella \u2013 F\u0131nd\u0131k ve Kakao S\u00fcr\u00fclebilir Krema \u2013 1 kg - hakmarfrance.online","isPartOf":{"@id":"https:\/\/hakmarfrance.online\/tr\/#website"},"primaryImageOfPage":{"@id":"https:\/\/hakmarfrance.online\/tr\/produit\/nutella-findik-ve-kakao-surulebilir-krema-1-kg\/#primaryimage"},"image":{"@id":"https:\/\/hakmarfrance.online\/tr\/produit\/nutella-findik-ve-kakao-surulebilir-krema-1-kg\/#primaryimage"},"thumbnailUrl":"https:\/\/hakmarfrance.online\/wp-content\/uploads\/2025\/07\/nutella-pate-a-tartiner-noisette-1kg.avif","datePublished":"2025-07-04T20:56:10+00:00","breadcrumb":{"@id":"https:\/\/hakmarfrance.online\/tr\/produit\/nutella-findik-ve-kakao-surulebilir-krema-1-kg\/#breadcrumb"},"inLanguage":"tr-TR","potentialAction":[{"@type":"ReadAction","target":["https:\/\/hakmarfrance.online\/tr\/produit\/nutella-findik-ve-kakao-surulebilir-krema-1-kg\/"]}]},{"@type":"ImageObject","inLanguage":"tr-TR","@id":"https:\/\/hakmarfrance.online\/tr\/produit\/nutella-findik-ve-kakao-surulebilir-krema-1-kg\/#primaryimage","url":"https:\/\/hakmarfrance.online\/wp-content\/uploads\/2025\/07\/nutella-pate-a-tartiner-noisette-1kg.avif","contentUrl":"https:\/\/hakmarfrance.online\/wp-content\/uploads\/2025\/07\/nutella-pate-a-tartiner-noisette-1kg.avif","width":1000,"height":800,"caption":"Nutella \u2013 1 kg f\u0131nd\u0131k ve kakao s\u00fcr\u00fclebilir krema kavanozu"},{"@type":"BreadcrumbList","@id":"https:\/\/hakmarfrance.online\/tr\/produit\/nutella-findik-ve-kakao-surulebilir-krema-1-kg\/#breadcrumb","itemListElement":[{"@type":"ListItem","position":1,"name":"Accueil","item":"https:\/\/hakmarfrance.online\/tr\/"},{"@type":"ListItem","position":2,"name":"Ma\u011faza","item":"https:\/\/hakmarfrance.online\/tr\/magaza\/"},{"@type":"ListItem","position":3,"name":"Nutella \u2013 F\u0131nd\u0131k ve Kakao S\u00fcr\u00fclebilir Krema \u2013 1 kg"}]},{"@type":"WebSite","@id":"https:\/\/hakmarfrance.online\/tr\/#website","url":"https:\/\/hakmarfrance.online\/tr\/","name":"hakmarfrance.online","description":"","publisher":{"@id":"https:\/\/hakmarfrance.online\/tr\/#organization"},"potentialAction":[{"@type":"SearchAction","target":{"@type":"EntryPoint","urlTemplate":"https:\/\/hakmarfrance.online\/tr\/?s={search_term_string}"},"query-input":{"@type":"PropertyValueSpecification","valueRequired":true,"valueName":"search_term_string"}}],"inLanguage":"tr-TR"},{"@type":"Organization","@id":"https:\/\/hakmarfrance.online\/tr\/#organization","name":"hakmarfrance.online","url":"https:\/\/hakmarfrance.online\/tr\/","logo":{"@type":"ImageObject","inLanguage":"tr-TR","@id":"https:\/\/hakmarfrance.online\/tr\/#\/schema\/logo\/image\/","url":"https:\/\/hakmarfrance.online\/wp-content\/uploads\/2025\/06\/logo-hakmarfrance.png","contentUrl":"https:\/\/hakmarfrance.online\/wp-content\/uploads\/2025\/06\/logo-hakmarfrance.png","width":528,"height":232,"caption":"hakmarfrance.online"},"image":{"@id":"https:\/\/hakmarfrance.online\/tr\/#\/schema\/logo\/image\/"},"sameAs":["https:\/\/www.facebook.com\/HakmarFranceSupermarche\/?locale=fr_FR","https:\/\/www.instagram.com\/hakmarfrancesupermarche\/"]}]}},"_links":{"self":[{"href":"https:\/\/hakmarfrance.online\/tr\/wp-json\/wp\/v2\/product\/17950","targetHints":{"allow":["GET"]}}],"collection":[{"href":"https:\/\/hakmarfrance.online\/tr\/wp-json\/wp\/v2\/product"}],"about":[{"href":"https:\/\/hakmarfrance.online\/tr\/wp-json\/wp\/v2\/types\/product"}],"replies":[{"embeddable":true,"href":"https:\/\/hakmarfrance.online\/tr\/wp-json\/wp\/v2\/comments?post=17950"}],"version-history":[{"count":0,"href":"https:\/\/hakmarfrance.online\/tr\/wp-json\/wp\/v2\/product\/17950\/revisions"}],"wp:featuredmedia":[{"embeddable":true,"href":"https:\/\/hakmarfrance.online\/tr\/wp-json\/wp\/v2\/media\/17952"}],"wp:attachment":[{"href":"https:\/\/hakmarfrance.online\/tr\/wp-json\/wp\/v2\/media?parent=17950"}],"wp:term":[{"taxonomy":"product_brand","embeddable":true,"href":"https:\/\/hakmarfrance.online\/tr\/wp-json\/wp\/v2\/product_brand?post=17950"},{"taxonomy":"product_cat","embeddable":true,"href":"https:\/\/hakmarfrance.online\/tr\/wp-json\/wp\/v2\/product_cat?post=17950"},{"taxonomy":"product_tag","embeddable":true,"href":"https:\/\/hakmarfrance.online\/tr\/wp-json\/wp\/v2\/product_tag?post=17950"}],"curies":[{"name":"wp","href":"https:\/\/api.w.org\/{rel}","templated":true}]}}