{"id":17953,"date":"2025-07-09T07:54:37","date_gmt":"2025-07-09T07:54:37","guid":{"rendered":"https:\/\/hakmarfrance.online\/produit\/marmarabirlik-premium-siyah-zeytin-800g-2xl-koruyucusuz\/"},"modified":"2025-07-09T07:54:37","modified_gmt":"2025-07-09T07:54:37","slug":"marmarabirlik-premium-siyah-zeytin-800g-2xl-koruyucusuz","status":"publish","type":"product","link":"https:\/\/hakmarfrance.online\/tr\/produit\/marmarabirlik-premium-siyah-zeytin-800g-2xl-koruyucusuz\/","title":{"rendered":"Marmarabirlik Premium Siyah Zeytin 800g \u2013 2XL \u2013 Koruyucusuz"},"content":{"rendered":"<p data-start=\"311\" data-end=\"779\">Marmara b\u00f6lgesinde \u00f6zenle toplanan <strong data-start=\"421\" data-end=\"460\">Marmarabirlik Premium siyah zeytinler<\/strong> ile yemeklerinize ayr\u0131cal\u0131kl\u0131 bir dokunu\u015f kat\u0131n. 2XL kalibrede (181\u2013200 zeytin\/kg) olan bu \u00fcst\u00fcn kaliteli zeytinler, Akdeniz kahvalt\u0131s\u0131 veya sa\u011fl\u0131kl\u0131 bir at\u0131\u015ft\u0131rmal\u0131k i\u00e7in idealdir. %100 do\u011fal, koruyucu ve katk\u0131 maddesi i\u00e7ermeyen bu zeytinler, bilgi birikimiyle tan\u0131nan bir tar\u0131m kooperatifinden gelmektedir.  <\/p>\n<p data-start=\"781\" data-end=\"817\">\u2705 <strong data-start=\"783\" data-end=\"815\">Ana \u00f6zellikler<\/strong>:<\/p>\n<ul data-start=\"819\" data-end=\"988\">\n<li data-start=\"819\" data-end=\"854\">\n<p data-start=\"821\" data-end=\"854\">Kalibre 2XL (181\u2013200 adet\/kg)<\/p>\n<\/li>\n<li data-start=\"855\" data-end=\"883\">\n<p data-start=\"857\" data-end=\"883\">Salamura siyah zeytin<\/p>\n<\/li>\n<li data-start=\"884\" data-end=\"914\">\n<p data-start=\"886\" data-end=\"914\">\u0130lave koruyucu madde i\u00e7ermez<\/p>\n<\/li>\n<li data-start=\"915\" data-end=\"946\">\n<p data-start=\"917\" data-end=\"946\">Sertifikal\u0131 kooperatif \u00fcr\u00fcn\u00fc<\/p>\n<\/li>\n<li data-start=\"947\" data-end=\"968\">\n<p data-start=\"949\" data-end=\"968\">Net a\u011f\u0131rl\u0131k: 800 g<\/p>\n<\/li>\n<li data-start=\"969\" data-end=\"988\">\n<p data-start=\"971\" data-end=\"988\">Men\u015fei: T\u00fcrkiye<\/p>\n<\/li>\n<\/ul>\n","protected":false},"excerpt":{"rendered":"<p>C\u00f6mert kalibreli ve yo\u011fun lezzetli, koruyucusuz <strong data-start=\"1403\" data-end=\"1439\">Marmarabirlik Premium 2XL Zeytinleri<\/strong>, her lokmada %100 do\u011fal bir deneyim sunar.<\/p>\n","protected":false},"featured_media":17955,"comment_status":"open","ping_status":"closed","template":"","meta":{"iawp_total_views":0},"product_brand":[],"product_cat":[286,291,225,288],"product_tag":[],"class_list":{"0":"post-17953","1":"product","2":"type-product","3":"status-publish","4":"has-post-thumbnail","6":"product_cat-dogu-marketi","7":"product_cat-konserveler-ve-kavanozlar","8":"product_cat-tum-urunlerimiz","9":"product_cat-tuzlu-gidalar","11":"first","12":"instock","13":"shipping-taxable","14":"purchasable","15":"product-type-simple"},"yoast_head":"<!-- This site is optimized with the Yoast SEO plugin v27.3 - https:\/\/yoast.com\/product\/yoast-seo-wordpress\/ -->\n<title>Marmarabirlik Premium Siyah Zeytin 800g \u2013 2XL \u2013 Koruyucusuz - hakmarfrance.online<\/title>\n<meta name=\"robots\" content=\"index, follow, max-snippet:-1, max-image-preview:large, max-video-preview:-1\" \/>\n<link rel=\"canonical\" href=\"https:\/\/hakmarfrance.online\/tr\/produit\/marmarabirlik-premium-siyah-zeytin-800g-2xl-koruyucusuz\/\" \/>\n<meta property=\"og:locale\" content=\"tr_TR\" \/>\n<meta property=\"og:type\" content=\"article\" \/>\n<meta property=\"og:title\" content=\"Marmarabirlik Premium Siyah Zeytin 800g \u2013 2XL \u2013 Koruyucusuz - hakmarfrance.online\" \/>\n<meta property=\"og:description\" content=\"C\u00f6mert kalibreli ve yo\u011fun lezzetli, koruyucusuz Marmarabirlik Premium 2XL Zeytinleri, her lokmada %100 do\u011fal bir deneyim sunar.\" \/>\n<meta property=\"og:url\" content=\"https:\/\/hakmarfrance.online\/tr\/produit\/marmarabirlik-premium-siyah-zeytin-800g-2xl-koruyucusuz\/\" \/>\n<meta property=\"og:site_name\" content=\"hakmarfrance.online\" \/>\n<meta property=\"article:publisher\" content=\"https:\/\/www.facebook.com\/HakmarFranceSupermarche\/?locale=fr_FR\" \/>\n<meta property=\"og:image\" content=\"https:\/\/hakmarfrance.online\/wp-content\/uploads\/2025\/07\/olives-noires-marmarabirlik-premium-2xl-181-200-800g.avif\" \/>\n\t<meta property=\"og:image:width\" content=\"1000\" \/>\n\t<meta property=\"og:image:height\" content=\"800\" \/>\n\t<meta property=\"og:image:type\" content=\"image\/png\" \/>\n<meta name=\"twitter:card\" content=\"summary_large_image\" \/>\n<script type=\"application\/ld+json\" class=\"yoast-schema-graph\">{\"@context\":\"https:\\\/\\\/schema.org\",\"@graph\":[{\"@type\":\"WebPage\",\"@id\":\"https:\\\/\\\/hakmarfrance.online\\\/tr\\\/produit\\\/marmarabirlik-premium-siyah-zeytin-800g-2xl-koruyucusuz\\\/\",\"url\":\"https:\\\/\\\/hakmarfrance.online\\\/tr\\\/produit\\\/marmarabirlik-premium-siyah-zeytin-800g-2xl-koruyucusuz\\\/\",\"name\":\"Marmarabirlik Premium Siyah Zeytin 800g \u2013 2XL \u2013 Koruyucusuz - hakmarfrance.online\",\"isPartOf\":{\"@id\":\"https:\\\/\\\/hakmarfrance.online\\\/tr\\\/#website\"},\"primaryImageOfPage\":{\"@id\":\"https:\\\/\\\/hakmarfrance.online\\\/tr\\\/produit\\\/marmarabirlik-premium-siyah-zeytin-800g-2xl-koruyucusuz\\\/#primaryimage\"},\"image\":{\"@id\":\"https:\\\/\\\/hakmarfrance.online\\\/tr\\\/produit\\\/marmarabirlik-premium-siyah-zeytin-800g-2xl-koruyucusuz\\\/#primaryimage\"},\"thumbnailUrl\":\"https:\\\/\\\/hakmarfrance.online\\\/wp-content\\\/uploads\\\/2025\\\/07\\\/olives-noires-marmarabirlik-premium-2xl-181-200-800g.avif\",\"datePublished\":\"2025-07-09T07:54:37+00:00\",\"breadcrumb\":{\"@id\":\"https:\\\/\\\/hakmarfrance.online\\\/tr\\\/produit\\\/marmarabirlik-premium-siyah-zeytin-800g-2xl-koruyucusuz\\\/#breadcrumb\"},\"inLanguage\":\"tr-TR\",\"potentialAction\":[{\"@type\":\"ReadAction\",\"target\":[\"https:\\\/\\\/hakmarfrance.online\\\/tr\\\/produit\\\/marmarabirlik-premium-siyah-zeytin-800g-2xl-koruyucusuz\\\/\"]}]},{\"@type\":\"ImageObject\",\"inLanguage\":\"tr-TR\",\"@id\":\"https:\\\/\\\/hakmarfrance.online\\\/tr\\\/produit\\\/marmarabirlik-premium-siyah-zeytin-800g-2xl-koruyucusuz\\\/#primaryimage\",\"url\":\"https:\\\/\\\/hakmarfrance.online\\\/wp-content\\\/uploads\\\/2025\\\/07\\\/olives-noires-marmarabirlik-premium-2xl-181-200-800g.avif\",\"contentUrl\":\"https:\\\/\\\/hakmarfrance.online\\\/wp-content\\\/uploads\\\/2025\\\/07\\\/olives-noires-marmarabirlik-premium-2xl-181-200-800g.avif\",\"width\":1000,\"height\":800,\"caption\":\"Marmarabirlik Premium Zeytinleri \u2013 Marmara'n\u0131n otantik lezzeti\"},{\"@type\":\"BreadcrumbList\",\"@id\":\"https:\\\/\\\/hakmarfrance.online\\\/tr\\\/produit\\\/marmarabirlik-premium-siyah-zeytin-800g-2xl-koruyucusuz\\\/#breadcrumb\",\"itemListElement\":[{\"@type\":\"ListItem\",\"position\":1,\"name\":\"Accueil\",\"item\":\"https:\\\/\\\/hakmarfrance.online\\\/tr\\\/\"},{\"@type\":\"ListItem\",\"position\":2,\"name\":\"Ma\u011faza\",\"item\":\"https:\\\/\\\/hakmarfrance.online\\\/tr\\\/magaza\\\/\"},{\"@type\":\"ListItem\",\"position\":3,\"name\":\"Marmarabirlik Premium Siyah Zeytin 800g \u2013 2XL \u2013 Koruyucusuz\"}]},{\"@type\":\"WebSite\",\"@id\":\"https:\\\/\\\/hakmarfrance.online\\\/tr\\\/#website\",\"url\":\"https:\\\/\\\/hakmarfrance.online\\\/tr\\\/\",\"name\":\"hakmarfrance.online\",\"description\":\"\",\"publisher\":{\"@id\":\"https:\\\/\\\/hakmarfrance.online\\\/tr\\\/#organization\"},\"potentialAction\":[{\"@type\":\"SearchAction\",\"target\":{\"@type\":\"EntryPoint\",\"urlTemplate\":\"https:\\\/\\\/hakmarfrance.online\\\/tr\\\/?s={search_term_string}\"},\"query-input\":{\"@type\":\"PropertyValueSpecification\",\"valueRequired\":true,\"valueName\":\"search_term_string\"}}],\"inLanguage\":\"tr-TR\"},{\"@type\":\"Organization\",\"@id\":\"https:\\\/\\\/hakmarfrance.online\\\/tr\\\/#organization\",\"name\":\"hakmarfrance.online\",\"url\":\"https:\\\/\\\/hakmarfrance.online\\\/tr\\\/\",\"logo\":{\"@type\":\"ImageObject\",\"inLanguage\":\"tr-TR\",\"@id\":\"https:\\\/\\\/hakmarfrance.online\\\/tr\\\/#\\\/schema\\\/logo\\\/image\\\/\",\"url\":\"https:\\\/\\\/hakmarfrance.online\\\/wp-content\\\/uploads\\\/2025\\\/06\\\/logo-hakmarfrance.png\",\"contentUrl\":\"https:\\\/\\\/hakmarfrance.online\\\/wp-content\\\/uploads\\\/2025\\\/06\\\/logo-hakmarfrance.png\",\"width\":528,\"height\":232,\"caption\":\"hakmarfrance.online\"},\"image\":{\"@id\":\"https:\\\/\\\/hakmarfrance.online\\\/tr\\\/#\\\/schema\\\/logo\\\/image\\\/\"},\"sameAs\":[\"https:\\\/\\\/www.facebook.com\\\/HakmarFranceSupermarche\\\/?locale=fr_FR\",\"https:\\\/\\\/www.instagram.com\\\/hakmarfrancesupermarche\\\/\"]}]}<\/script>\n<!-- \/ Yoast SEO plugin. -->","yoast_head_json":{"title":"Marmarabirlik Premium Siyah Zeytin 800g \u2013 2XL \u2013 Koruyucusuz - hakmarfrance.online","robots":{"index":"index","follow":"follow","max-snippet":"max-snippet:-1","max-image-preview":"max-image-preview:large","max-video-preview":"max-video-preview:-1"},"canonical":"https:\/\/hakmarfrance.online\/tr\/produit\/marmarabirlik-premium-siyah-zeytin-800g-2xl-koruyucusuz\/","og_locale":"tr_TR","og_type":"article","og_title":"Marmarabirlik Premium Siyah Zeytin 800g \u2013 2XL \u2013 Koruyucusuz - hakmarfrance.online","og_description":"C\u00f6mert kalibreli ve yo\u011fun lezzetli, koruyucusuz Marmarabirlik Premium 2XL Zeytinleri, her lokmada %100 do\u011fal bir deneyim sunar.","og_url":"https:\/\/hakmarfrance.online\/tr\/produit\/marmarabirlik-premium-siyah-zeytin-800g-2xl-koruyucusuz\/","og_site_name":"hakmarfrance.online","article_publisher":"https:\/\/www.facebook.com\/HakmarFranceSupermarche\/?locale=fr_FR","og_image":[{"width":1000,"height":800,"url":"https:\/\/hakmarfrance.online\/wp-content\/uploads\/2025\/07\/olives-noires-marmarabirlik-premium-2xl-181-200-800g.avif","type":"image\/png"}],"twitter_card":"summary_large_image","schema":{"@context":"https:\/\/schema.org","@graph":[{"@type":"WebPage","@id":"https:\/\/hakmarfrance.online\/tr\/produit\/marmarabirlik-premium-siyah-zeytin-800g-2xl-koruyucusuz\/","url":"https:\/\/hakmarfrance.online\/tr\/produit\/marmarabirlik-premium-siyah-zeytin-800g-2xl-koruyucusuz\/","name":"Marmarabirlik Premium Siyah Zeytin 800g \u2013 2XL \u2013 Koruyucusuz - hakmarfrance.online","isPartOf":{"@id":"https:\/\/hakmarfrance.online\/tr\/#website"},"primaryImageOfPage":{"@id":"https:\/\/hakmarfrance.online\/tr\/produit\/marmarabirlik-premium-siyah-zeytin-800g-2xl-koruyucusuz\/#primaryimage"},"image":{"@id":"https:\/\/hakmarfrance.online\/tr\/produit\/marmarabirlik-premium-siyah-zeytin-800g-2xl-koruyucusuz\/#primaryimage"},"thumbnailUrl":"https:\/\/hakmarfrance.online\/wp-content\/uploads\/2025\/07\/olives-noires-marmarabirlik-premium-2xl-181-200-800g.avif","datePublished":"2025-07-09T07:54:37+00:00","breadcrumb":{"@id":"https:\/\/hakmarfrance.online\/tr\/produit\/marmarabirlik-premium-siyah-zeytin-800g-2xl-koruyucusuz\/#breadcrumb"},"inLanguage":"tr-TR","potentialAction":[{"@type":"ReadAction","target":["https:\/\/hakmarfrance.online\/tr\/produit\/marmarabirlik-premium-siyah-zeytin-800g-2xl-koruyucusuz\/"]}]},{"@type":"ImageObject","inLanguage":"tr-TR","@id":"https:\/\/hakmarfrance.online\/tr\/produit\/marmarabirlik-premium-siyah-zeytin-800g-2xl-koruyucusuz\/#primaryimage","url":"https:\/\/hakmarfrance.online\/wp-content\/uploads\/2025\/07\/olives-noires-marmarabirlik-premium-2xl-181-200-800g.avif","contentUrl":"https:\/\/hakmarfrance.online\/wp-content\/uploads\/2025\/07\/olives-noires-marmarabirlik-premium-2xl-181-200-800g.avif","width":1000,"height":800,"caption":"Marmarabirlik Premium Zeytinleri \u2013 Marmara'n\u0131n otantik lezzeti"},{"@type":"BreadcrumbList","@id":"https:\/\/hakmarfrance.online\/tr\/produit\/marmarabirlik-premium-siyah-zeytin-800g-2xl-koruyucusuz\/#breadcrumb","itemListElement":[{"@type":"ListItem","position":1,"name":"Accueil","item":"https:\/\/hakmarfrance.online\/tr\/"},{"@type":"ListItem","position":2,"name":"Ma\u011faza","item":"https:\/\/hakmarfrance.online\/tr\/magaza\/"},{"@type":"ListItem","position":3,"name":"Marmarabirlik Premium Siyah Zeytin 800g \u2013 2XL \u2013 Koruyucusuz"}]},{"@type":"WebSite","@id":"https:\/\/hakmarfrance.online\/tr\/#website","url":"https:\/\/hakmarfrance.online\/tr\/","name":"hakmarfrance.online","description":"","publisher":{"@id":"https:\/\/hakmarfrance.online\/tr\/#organization"},"potentialAction":[{"@type":"SearchAction","target":{"@type":"EntryPoint","urlTemplate":"https:\/\/hakmarfrance.online\/tr\/?s={search_term_string}"},"query-input":{"@type":"PropertyValueSpecification","valueRequired":true,"valueName":"search_term_string"}}],"inLanguage":"tr-TR"},{"@type":"Organization","@id":"https:\/\/hakmarfrance.online\/tr\/#organization","name":"hakmarfrance.online","url":"https:\/\/hakmarfrance.online\/tr\/","logo":{"@type":"ImageObject","inLanguage":"tr-TR","@id":"https:\/\/hakmarfrance.online\/tr\/#\/schema\/logo\/image\/","url":"https:\/\/hakmarfrance.online\/wp-content\/uploads\/2025\/06\/logo-hakmarfrance.png","contentUrl":"https:\/\/hakmarfrance.online\/wp-content\/uploads\/2025\/06\/logo-hakmarfrance.png","width":528,"height":232,"caption":"hakmarfrance.online"},"image":{"@id":"https:\/\/hakmarfrance.online\/tr\/#\/schema\/logo\/image\/"},"sameAs":["https:\/\/www.facebook.com\/HakmarFranceSupermarche\/?locale=fr_FR","https:\/\/www.instagram.com\/hakmarfrancesupermarche\/"]}]}},"_links":{"self":[{"href":"https:\/\/hakmarfrance.online\/tr\/wp-json\/wp\/v2\/product\/17953","targetHints":{"allow":["GET"]}}],"collection":[{"href":"https:\/\/hakmarfrance.online\/tr\/wp-json\/wp\/v2\/product"}],"about":[{"href":"https:\/\/hakmarfrance.online\/tr\/wp-json\/wp\/v2\/types\/product"}],"replies":[{"embeddable":true,"href":"https:\/\/hakmarfrance.online\/tr\/wp-json\/wp\/v2\/comments?post=17953"}],"version-history":[{"count":0,"href":"https:\/\/hakmarfrance.online\/tr\/wp-json\/wp\/v2\/product\/17953\/revisions"}],"wp:featuredmedia":[{"embeddable":true,"href":"https:\/\/hakmarfrance.online\/tr\/wp-json\/wp\/v2\/media\/17955"}],"wp:attachment":[{"href":"https:\/\/hakmarfrance.online\/tr\/wp-json\/wp\/v2\/media?parent=17953"}],"wp:term":[{"taxonomy":"product_brand","embeddable":true,"href":"https:\/\/hakmarfrance.online\/tr\/wp-json\/wp\/v2\/product_brand?post=17953"},{"taxonomy":"product_cat","embeddable":true,"href":"https:\/\/hakmarfrance.online\/tr\/wp-json\/wp\/v2\/product_cat?post=17953"},{"taxonomy":"product_tag","embeddable":true,"href":"https:\/\/hakmarfrance.online\/tr\/wp-json\/wp\/v2\/product_tag?post=17953"}],"curies":[{"name":"wp","href":"https:\/\/api.w.org\/{rel}","templated":true}]}}