{"id":17968,"date":"2025-07-09T07:50:52","date_gmt":"2025-07-09T07:50:52","guid":{"rendered":"https:\/\/hakmarfrance.online\/produit\/oncu-gold-xl-siyah-zeytinler-az-tuzlu-800g\/"},"modified":"2025-07-09T07:50:52","modified_gmt":"2025-07-09T07:50:52","slug":"oncu-gold-xl-siyah-zeytinler-az-tuzlu-800g","status":"publish","type":"product","link":"https:\/\/hakmarfrance.online\/tr\/produit\/oncu-gold-xl-siyah-zeytinler-az-tuzlu-800g\/","title":{"rendered":"\u00d6nc\u00fc Gold XL Siyah Zeytinler \u2013 Az Tuzlu \u2013 800g"},"content":{"rendered":"<p data-start=\"266\" data-end=\"649\"><strong data-start=\"352\" data-end=\"379\">\u00d6nc\u00fc Gold siyah zeytinlerin<\/strong> m\u00fckemmelli\u011fini ke\u015ffet, hafif tuzlu suda do\u011fal olarak muhafaza edilen c\u00f6mert kalibreli (201\u2013260 adet\/kg) \u00fcst segment bir se\u00e7im. Dengeli beslenme i\u00e7in ideal olan bu koruyucusuz zeytinler kahvalt\u0131, salatalar veya Akdeniz mezeleriniz i\u00e7in m\u00fckemmel. <\/p>\n<p data-start=\"651\" data-end=\"687\">\u2705 <strong data-start=\"653\" data-end=\"685\">Ana \u00f6zellikler<\/strong>:<\/p>\n<ul data-start=\"689\" data-end=\"864\">\n<li data-start=\"689\" data-end=\"722\">\n<p data-start=\"691\" data-end=\"722\">Do\u011fal XL\/L siyah zeytinler<\/p>\n<\/li>\n<li data-start=\"723\" data-end=\"753\">\n<p data-start=\"725\" data-end=\"753\">D\u00fc\u015f\u00fck tuz oran\u0131 (%5)<\/p>\n<\/li>\n<li data-start=\"754\" data-end=\"785\">\n<p data-start=\"756\" data-end=\"785\">Kalibr: 201\u2013260 adet\/kg<\/p>\n<\/li>\n<li data-start=\"786\" data-end=\"808\">\n<p data-start=\"788\" data-end=\"808\">Koruyucusuz<\/p>\n<\/li>\n<li data-start=\"809\" data-end=\"844\">\n<p data-start=\"811\" data-end=\"844\">Men\u015fei: T\u00fcrkiye \u2013 \u00d6nc\u00fc Markas\u0131<\/p>\n<\/li>\n<li data-start=\"845\" data-end=\"864\">\n<p data-start=\"847\" data-end=\"864\">Net a\u011f\u0131rl\u0131k: 800 g<\/p>\n<\/li>\n<\/ul>\n","protected":false},"excerpt":{"rendered":"<p><strong data-start=\"1314\" data-end=\"1346\">\u00d6nc\u00fc Gold siyah zeytinler 800g<\/strong> \u2013 Hafif tuzlu suda do\u011fal T\u00fcrk XL zeytinleri, zengin lezzet, koruyucusuz, sa\u011fl\u0131kl\u0131 mutfak i\u00e7in m\u00fckemmel.<\/p>\n","protected":false},"featured_media":17969,"comment_status":"open","ping_status":"closed","template":"","meta":{"iawp_total_views":0},"product_brand":[],"product_cat":[286,227,291,225,288],"product_tag":[],"class_list":{"0":"post-17968","1":"product","2":"type-product","3":"status-publish","4":"has-post-thumbnail","6":"product_cat-dogu-marketi","7":"product_cat-geleneksel-turk-urunleri","8":"product_cat-konserveler-ve-kavanozlar","9":"product_cat-tum-urunlerimiz","10":"product_cat-tuzlu-gidalar","12":"first","13":"instock","14":"shipping-taxable","15":"purchasable","16":"product-type-simple"},"yoast_head":"<!-- This site is optimized with the Yoast SEO plugin v27.3 - https:\/\/yoast.com\/product\/yoast-seo-wordpress\/ -->\n<title>\u00d6nc\u00fc Gold XL Siyah Zeytinler \u2013 Az Tuzlu \u2013 800g - hakmarfrance.online<\/title>\n<meta name=\"robots\" content=\"index, follow, max-snippet:-1, max-image-preview:large, max-video-preview:-1\" \/>\n<link rel=\"canonical\" href=\"https:\/\/hakmarfrance.online\/tr\/produit\/oncu-gold-xl-siyah-zeytinler-az-tuzlu-800g\/\" \/>\n<meta property=\"og:locale\" content=\"tr_TR\" \/>\n<meta property=\"og:type\" content=\"article\" \/>\n<meta property=\"og:title\" content=\"\u00d6nc\u00fc Gold XL Siyah Zeytinler \u2013 Az Tuzlu \u2013 800g - hakmarfrance.online\" \/>\n<meta property=\"og:description\" content=\"\u00d6nc\u00fc Gold siyah zeytinler 800g \u2013 Hafif tuzlu suda do\u011fal T\u00fcrk XL zeytinleri, zengin lezzet, koruyucusuz, sa\u011fl\u0131kl\u0131 mutfak i\u00e7in m\u00fckemmel.\" \/>\n<meta property=\"og:url\" content=\"https:\/\/hakmarfrance.online\/tr\/produit\/oncu-gold-xl-siyah-zeytinler-az-tuzlu-800g\/\" \/>\n<meta property=\"og:site_name\" content=\"hakmarfrance.online\" \/>\n<meta property=\"article:publisher\" content=\"https:\/\/www.facebook.com\/HakmarFranceSupermarche\/?locale=fr_FR\" \/>\n<meta property=\"og:image\" content=\"https:\/\/hakmarfrance.online\/wp-content\/uploads\/2025\/07\/olives-noires-oncu-gold-faible-sel-800g.avif\" \/>\n\t<meta property=\"og:image:width\" content=\"1000\" \/>\n\t<meta property=\"og:image:height\" content=\"800\" \/>\n\t<meta property=\"og:image:type\" content=\"image\/png\" \/>\n<meta name=\"twitter:card\" content=\"summary_large_image\" \/>\n<script type=\"application\/ld+json\" class=\"yoast-schema-graph\">{\"@context\":\"https:\\\/\\\/schema.org\",\"@graph\":[{\"@type\":\"WebPage\",\"@id\":\"https:\\\/\\\/hakmarfrance.online\\\/tr\\\/produit\\\/oncu-gold-xl-siyah-zeytinler-az-tuzlu-800g\\\/\",\"url\":\"https:\\\/\\\/hakmarfrance.online\\\/tr\\\/produit\\\/oncu-gold-xl-siyah-zeytinler-az-tuzlu-800g\\\/\",\"name\":\"\u00d6nc\u00fc Gold XL Siyah Zeytinler \u2013 Az Tuzlu \u2013 800g - hakmarfrance.online\",\"isPartOf\":{\"@id\":\"https:\\\/\\\/hakmarfrance.online\\\/tr\\\/#website\"},\"primaryImageOfPage\":{\"@id\":\"https:\\\/\\\/hakmarfrance.online\\\/tr\\\/produit\\\/oncu-gold-xl-siyah-zeytinler-az-tuzlu-800g\\\/#primaryimage\"},\"image\":{\"@id\":\"https:\\\/\\\/hakmarfrance.online\\\/tr\\\/produit\\\/oncu-gold-xl-siyah-zeytinler-az-tuzlu-800g\\\/#primaryimage\"},\"thumbnailUrl\":\"https:\\\/\\\/hakmarfrance.online\\\/wp-content\\\/uploads\\\/2025\\\/07\\\/olives-noires-oncu-gold-faible-sel-800g.avif\",\"datePublished\":\"2025-07-09T07:50:52+00:00\",\"breadcrumb\":{\"@id\":\"https:\\\/\\\/hakmarfrance.online\\\/tr\\\/produit\\\/oncu-gold-xl-siyah-zeytinler-az-tuzlu-800g\\\/#breadcrumb\"},\"inLanguage\":\"tr-TR\",\"potentialAction\":[{\"@type\":\"ReadAction\",\"target\":[\"https:\\\/\\\/hakmarfrance.online\\\/tr\\\/produit\\\/oncu-gold-xl-siyah-zeytinler-az-tuzlu-800g\\\/\"]}]},{\"@type\":\"ImageObject\",\"inLanguage\":\"tr-TR\",\"@id\":\"https:\\\/\\\/hakmarfrance.online\\\/tr\\\/produit\\\/oncu-gold-xl-siyah-zeytinler-az-tuzlu-800g\\\/#primaryimage\",\"url\":\"https:\\\/\\\/hakmarfrance.online\\\/wp-content\\\/uploads\\\/2025\\\/07\\\/olives-noires-oncu-gold-faible-sel-800g.avif\",\"contentUrl\":\"https:\\\/\\\/hakmarfrance.online\\\/wp-content\\\/uploads\\\/2025\\\/07\\\/olives-noires-oncu-gold-faible-sel-800g.avif\",\"width\":1000,\"height\":800,\"caption\":\"\u00d6nc\u00fc XL siyah zeytinler \u2013 yo\u011fun lezzet, hafif tuzlu su\"},{\"@type\":\"BreadcrumbList\",\"@id\":\"https:\\\/\\\/hakmarfrance.online\\\/tr\\\/produit\\\/oncu-gold-xl-siyah-zeytinler-az-tuzlu-800g\\\/#breadcrumb\",\"itemListElement\":[{\"@type\":\"ListItem\",\"position\":1,\"name\":\"Accueil\",\"item\":\"https:\\\/\\\/hakmarfrance.online\\\/tr\\\/\"},{\"@type\":\"ListItem\",\"position\":2,\"name\":\"Ma\u011faza\",\"item\":\"https:\\\/\\\/hakmarfrance.online\\\/tr\\\/magaza\\\/\"},{\"@type\":\"ListItem\",\"position\":3,\"name\":\"\u00d6nc\u00fc Gold XL Siyah Zeytinler \u2013 Az Tuzlu \u2013 800g\"}]},{\"@type\":\"WebSite\",\"@id\":\"https:\\\/\\\/hakmarfrance.online\\\/tr\\\/#website\",\"url\":\"https:\\\/\\\/hakmarfrance.online\\\/tr\\\/\",\"name\":\"hakmarfrance.online\",\"description\":\"\",\"publisher\":{\"@id\":\"https:\\\/\\\/hakmarfrance.online\\\/tr\\\/#organization\"},\"potentialAction\":[{\"@type\":\"SearchAction\",\"target\":{\"@type\":\"EntryPoint\",\"urlTemplate\":\"https:\\\/\\\/hakmarfrance.online\\\/tr\\\/?s={search_term_string}\"},\"query-input\":{\"@type\":\"PropertyValueSpecification\",\"valueRequired\":true,\"valueName\":\"search_term_string\"}}],\"inLanguage\":\"tr-TR\"},{\"@type\":\"Organization\",\"@id\":\"https:\\\/\\\/hakmarfrance.online\\\/tr\\\/#organization\",\"name\":\"hakmarfrance.online\",\"url\":\"https:\\\/\\\/hakmarfrance.online\\\/tr\\\/\",\"logo\":{\"@type\":\"ImageObject\",\"inLanguage\":\"tr-TR\",\"@id\":\"https:\\\/\\\/hakmarfrance.online\\\/tr\\\/#\\\/schema\\\/logo\\\/image\\\/\",\"url\":\"https:\\\/\\\/hakmarfrance.online\\\/wp-content\\\/uploads\\\/2025\\\/06\\\/logo-hakmarfrance.png\",\"contentUrl\":\"https:\\\/\\\/hakmarfrance.online\\\/wp-content\\\/uploads\\\/2025\\\/06\\\/logo-hakmarfrance.png\",\"width\":528,\"height\":232,\"caption\":\"hakmarfrance.online\"},\"image\":{\"@id\":\"https:\\\/\\\/hakmarfrance.online\\\/tr\\\/#\\\/schema\\\/logo\\\/image\\\/\"},\"sameAs\":[\"https:\\\/\\\/www.facebook.com\\\/HakmarFranceSupermarche\\\/?locale=fr_FR\",\"https:\\\/\\\/www.instagram.com\\\/hakmarfrancesupermarche\\\/\"]}]}<\/script>\n<!-- \/ Yoast SEO plugin. -->","yoast_head_json":{"title":"\u00d6nc\u00fc Gold XL Siyah Zeytinler \u2013 Az Tuzlu \u2013 800g - hakmarfrance.online","robots":{"index":"index","follow":"follow","max-snippet":"max-snippet:-1","max-image-preview":"max-image-preview:large","max-video-preview":"max-video-preview:-1"},"canonical":"https:\/\/hakmarfrance.online\/tr\/produit\/oncu-gold-xl-siyah-zeytinler-az-tuzlu-800g\/","og_locale":"tr_TR","og_type":"article","og_title":"\u00d6nc\u00fc Gold XL Siyah Zeytinler \u2013 Az Tuzlu \u2013 800g - hakmarfrance.online","og_description":"\u00d6nc\u00fc Gold siyah zeytinler 800g \u2013 Hafif tuzlu suda do\u011fal T\u00fcrk XL zeytinleri, zengin lezzet, koruyucusuz, sa\u011fl\u0131kl\u0131 mutfak i\u00e7in m\u00fckemmel.","og_url":"https:\/\/hakmarfrance.online\/tr\/produit\/oncu-gold-xl-siyah-zeytinler-az-tuzlu-800g\/","og_site_name":"hakmarfrance.online","article_publisher":"https:\/\/www.facebook.com\/HakmarFranceSupermarche\/?locale=fr_FR","og_image":[{"width":1000,"height":800,"url":"https:\/\/hakmarfrance.online\/wp-content\/uploads\/2025\/07\/olives-noires-oncu-gold-faible-sel-800g.avif","type":"image\/png"}],"twitter_card":"summary_large_image","schema":{"@context":"https:\/\/schema.org","@graph":[{"@type":"WebPage","@id":"https:\/\/hakmarfrance.online\/tr\/produit\/oncu-gold-xl-siyah-zeytinler-az-tuzlu-800g\/","url":"https:\/\/hakmarfrance.online\/tr\/produit\/oncu-gold-xl-siyah-zeytinler-az-tuzlu-800g\/","name":"\u00d6nc\u00fc Gold XL Siyah Zeytinler \u2013 Az Tuzlu \u2013 800g - hakmarfrance.online","isPartOf":{"@id":"https:\/\/hakmarfrance.online\/tr\/#website"},"primaryImageOfPage":{"@id":"https:\/\/hakmarfrance.online\/tr\/produit\/oncu-gold-xl-siyah-zeytinler-az-tuzlu-800g\/#primaryimage"},"image":{"@id":"https:\/\/hakmarfrance.online\/tr\/produit\/oncu-gold-xl-siyah-zeytinler-az-tuzlu-800g\/#primaryimage"},"thumbnailUrl":"https:\/\/hakmarfrance.online\/wp-content\/uploads\/2025\/07\/olives-noires-oncu-gold-faible-sel-800g.avif","datePublished":"2025-07-09T07:50:52+00:00","breadcrumb":{"@id":"https:\/\/hakmarfrance.online\/tr\/produit\/oncu-gold-xl-siyah-zeytinler-az-tuzlu-800g\/#breadcrumb"},"inLanguage":"tr-TR","potentialAction":[{"@type":"ReadAction","target":["https:\/\/hakmarfrance.online\/tr\/produit\/oncu-gold-xl-siyah-zeytinler-az-tuzlu-800g\/"]}]},{"@type":"ImageObject","inLanguage":"tr-TR","@id":"https:\/\/hakmarfrance.online\/tr\/produit\/oncu-gold-xl-siyah-zeytinler-az-tuzlu-800g\/#primaryimage","url":"https:\/\/hakmarfrance.online\/wp-content\/uploads\/2025\/07\/olives-noires-oncu-gold-faible-sel-800g.avif","contentUrl":"https:\/\/hakmarfrance.online\/wp-content\/uploads\/2025\/07\/olives-noires-oncu-gold-faible-sel-800g.avif","width":1000,"height":800,"caption":"\u00d6nc\u00fc XL siyah zeytinler \u2013 yo\u011fun lezzet, hafif tuzlu su"},{"@type":"BreadcrumbList","@id":"https:\/\/hakmarfrance.online\/tr\/produit\/oncu-gold-xl-siyah-zeytinler-az-tuzlu-800g\/#breadcrumb","itemListElement":[{"@type":"ListItem","position":1,"name":"Accueil","item":"https:\/\/hakmarfrance.online\/tr\/"},{"@type":"ListItem","position":2,"name":"Ma\u011faza","item":"https:\/\/hakmarfrance.online\/tr\/magaza\/"},{"@type":"ListItem","position":3,"name":"\u00d6nc\u00fc Gold XL Siyah Zeytinler \u2013 Az Tuzlu \u2013 800g"}]},{"@type":"WebSite","@id":"https:\/\/hakmarfrance.online\/tr\/#website","url":"https:\/\/hakmarfrance.online\/tr\/","name":"hakmarfrance.online","description":"","publisher":{"@id":"https:\/\/hakmarfrance.online\/tr\/#organization"},"potentialAction":[{"@type":"SearchAction","target":{"@type":"EntryPoint","urlTemplate":"https:\/\/hakmarfrance.online\/tr\/?s={search_term_string}"},"query-input":{"@type":"PropertyValueSpecification","valueRequired":true,"valueName":"search_term_string"}}],"inLanguage":"tr-TR"},{"@type":"Organization","@id":"https:\/\/hakmarfrance.online\/tr\/#organization","name":"hakmarfrance.online","url":"https:\/\/hakmarfrance.online\/tr\/","logo":{"@type":"ImageObject","inLanguage":"tr-TR","@id":"https:\/\/hakmarfrance.online\/tr\/#\/schema\/logo\/image\/","url":"https:\/\/hakmarfrance.online\/wp-content\/uploads\/2025\/06\/logo-hakmarfrance.png","contentUrl":"https:\/\/hakmarfrance.online\/wp-content\/uploads\/2025\/06\/logo-hakmarfrance.png","width":528,"height":232,"caption":"hakmarfrance.online"},"image":{"@id":"https:\/\/hakmarfrance.online\/tr\/#\/schema\/logo\/image\/"},"sameAs":["https:\/\/www.facebook.com\/HakmarFranceSupermarche\/?locale=fr_FR","https:\/\/www.instagram.com\/hakmarfrancesupermarche\/"]}]}},"_links":{"self":[{"href":"https:\/\/hakmarfrance.online\/tr\/wp-json\/wp\/v2\/product\/17968","targetHints":{"allow":["GET"]}}],"collection":[{"href":"https:\/\/hakmarfrance.online\/tr\/wp-json\/wp\/v2\/product"}],"about":[{"href":"https:\/\/hakmarfrance.online\/tr\/wp-json\/wp\/v2\/types\/product"}],"replies":[{"embeddable":true,"href":"https:\/\/hakmarfrance.online\/tr\/wp-json\/wp\/v2\/comments?post=17968"}],"version-history":[{"count":0,"href":"https:\/\/hakmarfrance.online\/tr\/wp-json\/wp\/v2\/product\/17968\/revisions"}],"wp:featuredmedia":[{"embeddable":true,"href":"https:\/\/hakmarfrance.online\/tr\/wp-json\/wp\/v2\/media\/17969"}],"wp:attachment":[{"href":"https:\/\/hakmarfrance.online\/tr\/wp-json\/wp\/v2\/media?parent=17968"}],"wp:term":[{"taxonomy":"product_brand","embeddable":true,"href":"https:\/\/hakmarfrance.online\/tr\/wp-json\/wp\/v2\/product_brand?post=17968"},{"taxonomy":"product_cat","embeddable":true,"href":"https:\/\/hakmarfrance.online\/tr\/wp-json\/wp\/v2\/product_cat?post=17968"},{"taxonomy":"product_tag","embeddable":true,"href":"https:\/\/hakmarfrance.online\/tr\/wp-json\/wp\/v2\/product_tag?post=17968"}],"curies":[{"name":"wp","href":"https:\/\/api.w.org\/{rel}","templated":true}]}}